{"id":190456,"date":"2020-05-10T11:15:16","date_gmt":"2020-05-10T11:15:16","guid":{"rendered":"https:\/\/insektenliebe.com\/shop\/produkt\/desmoxytes-planata-piede-di-drago-rosa\/"},"modified":"2020-05-10T11:15:16","modified_gmt":"2020-05-10T09:15:16","slug":"desmoxytes-planata-piede-di-drago-rosa","status":"publish","type":"product","link":"https:\/\/insektenliebe.com\/it\/shop\/prodotto\/desmoxytes-planata-piede-di-drago-rosa\/","title":{"rendered":"Desmoxytes planata \"Piede di drago rosa"},"content":{"rendered":"<h3 class=\"p1\"><span style=\"color: #99cc33\"><strong><span class=\"s1\">Desmoxytes planata - La zampa di drago rosa per il tuo terrario<\/span><\/strong><\/span><\/h3>\n<p class=\"p1\"><span class=\"s1\">Se sei alla ricerca di un abitante insolito per il tuo terrario di invertebrati, allora ti innamorerai di <\/span><strong><span class=\"s2\">Desmoxytes planata<\/span><\/strong><span class=\"s1\">conosciuta anche come <\/span><span class=\"s2\">\"piede di drago rosa\"<\/span><span class=\"s1\">  chiamato, non pu\u00f2 essere perso. Questa coloratissima specie di millepiedi proveniente dal Sud-Est asiatico \u00e8 una vera attrazione per tutti gli amanti degli invertebrati esotici e attirer\u00e0 sicuramente l&#8217;attenzione con il suo aspetto sorprendente. <\/span><\/p>\n<p class=\"p1\"><span class=\"s1\">Il corpo della <strong>Desmoxytes planata \"Pink Dragonfoot\"<\/strong> \u00e8 di un colore che va dal rosa acceso al rosa brillante: una colorazione assolutamente unica nel mondo dei diplopodi. Le appendici dragoneggianti lungo i segmenti del corpo, che portano il nome, ricordano le placche dorsali di una creatura mitica e le conferiscono non solo un aspetto spettacolare, ma anche il soprannome. Con una lunghezza di circa 3  <\/span> <span class=\"s2\"> fino a 4 cm<\/span><span class=\"s1\"> gli animali rimangono relativamente piccoli, ma sono molto pi\u00f9 attivi e si possono osservare spesso durante le loro incursioni notturne.<\/span><\/p>\n<p class=\"p1\"><span class=\"s1\">La zampa di drago rosa \u00e8 robusta se tenuta in casa, a patto che vengano rispettati alcuni parametri. Preferisce un terrario piuttosto tropicale e umido con una buona ventilazione.  Temperature tra  <\/span><span class=\"s2\">22 e 26 \u00b0C<\/span><span class=\"s1\"> e un <\/span><span class=\"s2\">umidit\u00e0 intorno al 75-85 %<\/span><span class=\"s1\">  creare l&#8217;ambiente giusto. Un substrato adatto \u00e8 una miscela di   <\/span><span class=\"s2\">humus di foglie, legno bianco marcio e foglie<\/span><span class=\"s1\">che viene sempre mantenuto leggermente umido.<\/span><\/p>\n<p class=\"p1\"><span class=\"s1\">Come la maggior parte dei millepiedi, la <strong>Desmoxytes planata \"piede di drago rosa\"<\/strong> si nutre di materiale organico. La loro dieta \u00e8 integrata da verdure, cibo per pesci o erbe essiccate. Grazie alla loro attivit\u00e0 e colorazione, sono animali da esposizione ideali per gli allestimenti pi\u00f9 piccoli, caldi e umidi, anche se tenuti in gruppo, a patto che ci siano spazio e nascondigli sufficienti.  <\/span><\/p>\n<p class=\"p1\"><span class=\"s1\">Gli animali sono attivi soprattutto al crepuscolo e di notte. Particolare interessante: quando sono minacciati, possono secernere una sostanza bianca e lattiginosa, che in natura funge da deterrente per i predatori. Sono assolutamente innocui per l&#8217;uomo, ma vanno toccati solo con cautela e con le mani pulite.  <\/span><\/p>\n<p class=\"p1\"><span class=\"s1\">Con il loro aspetto stravagante, il comportamento pacifico e l&#8217;allevamento relativamente semplice, le <strong>Desmoxytes planata \"pink dragonfoot\"<\/strong> sono<\/span><span class=\"s1\">  Sono gli animali da terrario ideali per chi cerca qualcosa di diverso dal solito. Uniscono la biologia all&#8217;estetica e danno vita a qualsiasi terrario di invertebrati. <\/span><\/p>\n","protected":false},"excerpt":{"rendered":"<p>Desmoxytes planata - La zampa di drago rosa per il tuo terrario Se sei alla ricerca di un abitante insolito per il tuo terrario di invertebrati, allora ti innamorerai di Desmoxytes planataconosciuta anche come \"piede di drago rosa\" chiamato, non pu\u00f2 essere perso. Questa coloratissima specie di millepiedi proveniente dal Sud-Est asiatico \u00e8 una vera [&hellip;]<\/p>\n","protected":false},"featured_media":190458,"template":"","meta":{"_acf_changed":false},"product-supplier":[],"product_brand":[],"product_cat":[2870],"product_tag":[],"lce-checkout-addons":[2746],"class_list":{"0":"post-190456","1":"product","2":"type-product","3":"status-publish","4":"has-post-thumbnail","6":"product_cat-millipede","7":"product_shipping_class-spedizione-di-animali","8":"pa_herkunft-thailandia","9":"pa_kontinent-asia","10":"lce-checkout-addons-imballaggio-invernale","12":"first","13":"outofstock","14":"taxable","15":"shipping-taxable","16":"purchasable","17":"product-type-simple"},"acf":[],"yoast_head":"<!-- This site is optimized with the Yoast SEO plugin v27.3 - https:\/\/yoast.com\/product\/yoast-seo-wordpress\/ -->\n<title>Desmoxytes planata &quot;Piede di drago rosa - Insektenliebe<\/title>\n<meta name=\"description\" content=\"Acquista online la Desmoxytes planata &quot;Piede di drago rosa&quot; a basso costo. Animali dai colori bellissimi che puoi acquistare direttamente dall&#039;allevatore.\" \/>\n<meta name=\"robots\" content=\"index, follow, max-snippet:-1, max-image-preview:large, max-video-preview:-1\" \/>\n<link rel=\"canonical\" href=\"https:\/\/insektenliebe.com\/it\/shop\/prodotto\/desmoxytes-planata-piede-di-drago-rosa\/\" \/>\n<meta property=\"og:locale\" content=\"it_IT\" \/>\n<meta property=\"og:type\" content=\"article\" \/>\n<meta property=\"og:title\" content=\"Desmoxytes planata &quot;Piede di drago rosa - Insektenliebe\" \/>\n<meta property=\"og:description\" content=\"Acquista online la Desmoxytes planata &quot;Piede di drago rosa&quot; a basso costo. Animali dai colori bellissimi che puoi acquistare direttamente dall&#039;allevatore.\" \/>\n<meta property=\"og:url\" content=\"https:\/\/insektenliebe.com\/it\/shop\/prodotto\/desmoxytes-planata-piede-di-drago-rosa\/\" \/>\n<meta property=\"og:site_name\" content=\"Insektenliebe\" \/>\n<meta property=\"og:image\" content=\"https:\/\/insektenliebe.com\/wp-content\/uploads\/2025\/05\/Desmoxytes-planata-_Rosa-Drachenfuesser_-scaled-3.jpg\" \/>\n\t<meta property=\"og:image:width\" content=\"2560\" \/>\n\t<meta property=\"og:image:height\" content=\"1706\" \/>\n\t<meta property=\"og:image:type\" content=\"image\/jpeg\" \/>\n<meta name=\"twitter:card\" content=\"summary_large_image\" \/>\n<meta name=\"twitter:label1\" content=\"Tempo di lettura stimato\" \/>\n\t<meta name=\"twitter:data1\" content=\"2 minuto\" \/>\n<script type=\"application\/ld+json\" class=\"yoast-schema-graph\">{\"@context\":\"https:\\\/\\\/schema.org\",\"@graph\":[{\"@type\":\"WebPage\",\"@id\":\"https:\\\/\\\/insektenliebe.com\\\/it\\\/shop\\\/prodotto\\\/desmoxytes-planata-piede-di-drago-rosa\\\/\",\"url\":\"https:\\\/\\\/insektenliebe.com\\\/it\\\/shop\\\/prodotto\\\/desmoxytes-planata-piede-di-drago-rosa\\\/\",\"name\":\"Desmoxytes planata \\\"Piede di drago rosa - Insektenliebe\",\"isPartOf\":{\"@id\":\"https:\\\/\\\/insektenliebe.com\\\/it\\\/#website\"},\"primaryImageOfPage\":{\"@id\":\"https:\\\/\\\/insektenliebe.com\\\/it\\\/shop\\\/prodotto\\\/desmoxytes-planata-piede-di-drago-rosa\\\/#primaryimage\"},\"image\":{\"@id\":\"https:\\\/\\\/insektenliebe.com\\\/it\\\/shop\\\/prodotto\\\/desmoxytes-planata-piede-di-drago-rosa\\\/#primaryimage\"},\"thumbnailUrl\":\"https:\\\/\\\/insektenliebe.com\\\/wp-content\\\/uploads\\\/2025\\\/05\\\/Desmoxytes-planata-_Rosa-Drachenfuesser_-scaled-3.jpg\",\"datePublished\":\"2020-05-10T11:15:16+00:00\",\"description\":\"Acquista online la Desmoxytes planata \\\"Piede di drago rosa\\\" a basso costo. Animali dai colori bellissimi che puoi acquistare direttamente dall'allevatore.\",\"breadcrumb\":{\"@id\":\"https:\\\/\\\/insektenliebe.com\\\/it\\\/shop\\\/prodotto\\\/desmoxytes-planata-piede-di-drago-rosa\\\/#breadcrumb\"},\"inLanguage\":\"it-IT\",\"potentialAction\":[{\"@type\":\"ReadAction\",\"target\":[\"https:\\\/\\\/insektenliebe.com\\\/it\\\/shop\\\/prodotto\\\/desmoxytes-planata-piede-di-drago-rosa\\\/\"]}]},{\"@type\":\"ImageObject\",\"inLanguage\":\"it-IT\",\"@id\":\"https:\\\/\\\/insektenliebe.com\\\/it\\\/shop\\\/prodotto\\\/desmoxytes-planata-piede-di-drago-rosa\\\/#primaryimage\",\"url\":\"https:\\\/\\\/insektenliebe.com\\\/wp-content\\\/uploads\\\/2025\\\/05\\\/Desmoxytes-planata-_Rosa-Drachenfuesser_-scaled-3.jpg\",\"contentUrl\":\"https:\\\/\\\/insektenliebe.com\\\/wp-content\\\/uploads\\\/2025\\\/05\\\/Desmoxytes-planata-_Rosa-Drachenfuesser_-scaled-3.jpg\",\"width\":2560,\"height\":1706,\"caption\":\"Desmoxytes-planata-_pink-dragonfoot_-scaled-3.jpg\"},{\"@type\":\"BreadcrumbList\",\"@id\":\"https:\\\/\\\/insektenliebe.com\\\/it\\\/shop\\\/prodotto\\\/desmoxytes-planata-piede-di-drago-rosa\\\/#breadcrumb\",\"itemListElement\":[{\"@type\":\"ListItem\",\"position\":1,\"name\":\"Startseite\",\"item\":\"https:\\\/\\\/insektenliebe.com\\\/it\\\/\"},{\"@type\":\"ListItem\",\"position\":2,\"name\":\"Negozio\",\"item\":\"https:\\\/\\\/insektenliebe.com\\\/it\\\/negozio\\\/\"},{\"@type\":\"ListItem\",\"position\":3,\"name\":\"Desmoxytes planata &#8220;Piede di drago rosa\"}]},{\"@type\":\"WebSite\",\"@id\":\"https:\\\/\\\/insektenliebe.com\\\/it\\\/#website\",\"url\":\"https:\\\/\\\/insektenliebe.com\\\/it\\\/\",\"name\":\"Insektenliebe\",\"description\":\"Dein Zuhause f\u00fcr die kleinen Lebewesen\",\"publisher\":{\"@id\":\"https:\\\/\\\/insektenliebe.com\\\/it\\\/#organization\"},\"potentialAction\":[{\"@type\":\"SearchAction\",\"target\":{\"@type\":\"EntryPoint\",\"urlTemplate\":\"https:\\\/\\\/insektenliebe.com\\\/it\\\/?s={search_term_string}\"},\"query-input\":{\"@type\":\"PropertyValueSpecification\",\"valueRequired\":true,\"valueName\":\"search_term_string\"}}],\"inLanguage\":\"it-IT\"},{\"@type\":\"Organization\",\"@id\":\"https:\\\/\\\/insektenliebe.com\\\/it\\\/#organization\",\"name\":\"Insektenliebe\",\"url\":\"https:\\\/\\\/insektenliebe.com\\\/it\\\/\",\"logo\":{\"@type\":\"ImageObject\",\"inLanguage\":\"it-IT\",\"@id\":\"https:\\\/\\\/insektenliebe.com\\\/it\\\/#\\\/schema\\\/logo\\\/image\\\/\",\"url\":\"https:\\\/\\\/insektenliebe.com\\\/wp-content\\\/uploads\\\/2025\\\/03\\\/logo-white.png\",\"contentUrl\":\"https:\\\/\\\/insektenliebe.com\\\/wp-content\\\/uploads\\\/2025\\\/03\\\/logo-white.png\",\"width\":288,\"height\":188,\"caption\":\"Insektenliebe\"},\"image\":{\"@id\":\"https:\\\/\\\/insektenliebe.com\\\/it\\\/#\\\/schema\\\/logo\\\/image\\\/\"}}]}<\/script>\n<!-- \/ Yoast SEO plugin. -->","yoast_head_json":{"title":"Desmoxytes planata \"Piede di drago rosa - Insektenliebe","description":"Acquista online la Desmoxytes planata \"Piede di drago rosa\" a basso costo. Animali dai colori bellissimi che puoi acquistare direttamente dall'allevatore.","robots":{"index":"index","follow":"follow","max-snippet":"max-snippet:-1","max-image-preview":"max-image-preview:large","max-video-preview":"max-video-preview:-1"},"canonical":"https:\/\/insektenliebe.com\/it\/shop\/prodotto\/desmoxytes-planata-piede-di-drago-rosa\/","og_locale":"it_IT","og_type":"article","og_title":"Desmoxytes planata \"Piede di drago rosa - Insektenliebe","og_description":"Acquista online la Desmoxytes planata \"Piede di drago rosa\" a basso costo. Animali dai colori bellissimi che puoi acquistare direttamente dall'allevatore.","og_url":"https:\/\/insektenliebe.com\/it\/shop\/prodotto\/desmoxytes-planata-piede-di-drago-rosa\/","og_site_name":"Insektenliebe","og_image":[{"width":2560,"height":1706,"url":"https:\/\/insektenliebe.com\/wp-content\/uploads\/2025\/05\/Desmoxytes-planata-_Rosa-Drachenfuesser_-scaled-3.jpg","type":"image\/jpeg"}],"twitter_card":"summary_large_image","twitter_misc":{"Tempo di lettura stimato":"2 minuto"},"schema":{"@context":"https:\/\/schema.org","@graph":[{"@type":"WebPage","@id":"https:\/\/insektenliebe.com\/it\/shop\/prodotto\/desmoxytes-planata-piede-di-drago-rosa\/","url":"https:\/\/insektenliebe.com\/it\/shop\/prodotto\/desmoxytes-planata-piede-di-drago-rosa\/","name":"Desmoxytes planata \"Piede di drago rosa - Insektenliebe","isPartOf":{"@id":"https:\/\/insektenliebe.com\/it\/#website"},"primaryImageOfPage":{"@id":"https:\/\/insektenliebe.com\/it\/shop\/prodotto\/desmoxytes-planata-piede-di-drago-rosa\/#primaryimage"},"image":{"@id":"https:\/\/insektenliebe.com\/it\/shop\/prodotto\/desmoxytes-planata-piede-di-drago-rosa\/#primaryimage"},"thumbnailUrl":"https:\/\/insektenliebe.com\/wp-content\/uploads\/2025\/05\/Desmoxytes-planata-_Rosa-Drachenfuesser_-scaled-3.jpg","datePublished":"2020-05-10T11:15:16+00:00","description":"Acquista online la Desmoxytes planata \"Piede di drago rosa\" a basso costo. Animali dai colori bellissimi che puoi acquistare direttamente dall'allevatore.","breadcrumb":{"@id":"https:\/\/insektenliebe.com\/it\/shop\/prodotto\/desmoxytes-planata-piede-di-drago-rosa\/#breadcrumb"},"inLanguage":"it-IT","potentialAction":[{"@type":"ReadAction","target":["https:\/\/insektenliebe.com\/it\/shop\/prodotto\/desmoxytes-planata-piede-di-drago-rosa\/"]}]},{"@type":"ImageObject","inLanguage":"it-IT","@id":"https:\/\/insektenliebe.com\/it\/shop\/prodotto\/desmoxytes-planata-piede-di-drago-rosa\/#primaryimage","url":"https:\/\/insektenliebe.com\/wp-content\/uploads\/2025\/05\/Desmoxytes-planata-_Rosa-Drachenfuesser_-scaled-3.jpg","contentUrl":"https:\/\/insektenliebe.com\/wp-content\/uploads\/2025\/05\/Desmoxytes-planata-_Rosa-Drachenfuesser_-scaled-3.jpg","width":2560,"height":1706,"caption":"Desmoxytes-planata-_pink-dragonfoot_-scaled-3.jpg"},{"@type":"BreadcrumbList","@id":"https:\/\/insektenliebe.com\/it\/shop\/prodotto\/desmoxytes-planata-piede-di-drago-rosa\/#breadcrumb","itemListElement":[{"@type":"ListItem","position":1,"name":"Startseite","item":"https:\/\/insektenliebe.com\/it\/"},{"@type":"ListItem","position":2,"name":"Negozio","item":"https:\/\/insektenliebe.com\/it\/negozio\/"},{"@type":"ListItem","position":3,"name":"Desmoxytes planata &#8220;Piede di drago rosa"}]},{"@type":"WebSite","@id":"https:\/\/insektenliebe.com\/it\/#website","url":"https:\/\/insektenliebe.com\/it\/","name":"Insektenliebe","description":"Dein Zuhause f\u00fcr die kleinen Lebewesen","publisher":{"@id":"https:\/\/insektenliebe.com\/it\/#organization"},"potentialAction":[{"@type":"SearchAction","target":{"@type":"EntryPoint","urlTemplate":"https:\/\/insektenliebe.com\/it\/?s={search_term_string}"},"query-input":{"@type":"PropertyValueSpecification","valueRequired":true,"valueName":"search_term_string"}}],"inLanguage":"it-IT"},{"@type":"Organization","@id":"https:\/\/insektenliebe.com\/it\/#organization","name":"Insektenliebe","url":"https:\/\/insektenliebe.com\/it\/","logo":{"@type":"ImageObject","inLanguage":"it-IT","@id":"https:\/\/insektenliebe.com\/it\/#\/schema\/logo\/image\/","url":"https:\/\/insektenliebe.com\/wp-content\/uploads\/2025\/03\/logo-white.png","contentUrl":"https:\/\/insektenliebe.com\/wp-content\/uploads\/2025\/03\/logo-white.png","width":288,"height":188,"caption":"Insektenliebe"},"image":{"@id":"https:\/\/insektenliebe.com\/it\/#\/schema\/logo\/image\/"}}]}},"_links":{"self":[{"href":"https:\/\/insektenliebe.com\/it\/wp-json\/wp\/v2\/product\/190456","targetHints":{"allow":["GET"]}}],"collection":[{"href":"https:\/\/insektenliebe.com\/it\/wp-json\/wp\/v2\/product"}],"about":[{"href":"https:\/\/insektenliebe.com\/it\/wp-json\/wp\/v2\/types\/product"}],"wp:featuredmedia":[{"embeddable":true,"href":"https:\/\/insektenliebe.com\/it\/wp-json\/wp\/v2\/media\/190458"}],"wp:attachment":[{"href":"https:\/\/insektenliebe.com\/it\/wp-json\/wp\/v2\/media?parent=190456"}],"wp:term":[{"taxonomy":"product-supplier","embeddable":true,"href":"https:\/\/insektenliebe.com\/it\/wp-json\/wp\/v2\/product-supplier?post=190456"},{"taxonomy":"product_brand","embeddable":true,"href":"https:\/\/insektenliebe.com\/it\/wp-json\/wp\/v2\/product_brand?post=190456"},{"taxonomy":"product_cat","embeddable":true,"href":"https:\/\/insektenliebe.com\/it\/wp-json\/wp\/v2\/product_cat?post=190456"},{"taxonomy":"product_tag","embeddable":true,"href":"https:\/\/insektenliebe.com\/it\/wp-json\/wp\/v2\/product_tag?post=190456"},{"taxonomy":"lce-checkout-addons","embeddable":true,"href":"https:\/\/insektenliebe.com\/it\/wp-json\/wp\/v2\/lce-checkout-addons?post=190456"}],"curies":[{"name":"wp","href":"https:\/\/api.w.org\/{rel}","templated":true}]}}