{"id":190453,"date":"2020-05-15T12:34:00","date_gmt":"2020-05-15T10:34:00","guid":{"rendered":"https:\/\/insektenliebe.com\/shop\/produkt\/aqualighter-nano-soft-led-con-supporto-magnetico\/"},"modified":"2026-03-07T13:31:43","modified_gmt":"2026-03-07T12:31:43","slug":"aqualighter-nano-soft-led-con-supporto-magnetico","status":"publish","type":"product","link":"https:\/\/insektenliebe.com\/it\/shop\/prodotto\/aqualighter-nano-soft-led-con-supporto-magnetico\/","title":{"rendered":"AquaLighter Nano Soft LED con supporto magnetico"},"content":{"rendered":"<h3><span class=\"s1\" style=\"color: #99cc33;\">AquaLighter Nano Soft LED - Illuminazione compatta per terrari con magnete<\/span><\/h3>\n<p class=\"p1\"><span class=\"s1\">L&#8217;AquaLighter Nano Soft LED <\/span><strong><span class=\"s2\">AquaLighter Nano Soft LED con supporto magnetico<\/span><\/strong><span class=\"s1\">  \u00e8 una lampada compatta e potente per piccoli terrari, barattoli BraPlast e contenitori per piante. Questa lampada \u00e8 stata originariamente sviluppata per i nano acquari. Tuttavia, \u00e8 ideale anche per molte applicazioni in terrario.  <\/span><\/p>\n<p class=\"p1\"><span class=\"s1\">Abbiamo subito riconosciuto il grande potenziale di questa lampada. Poich\u00e9 il   <\/span><span class=\"s2\">AquaLighter Nano Soft LED<\/span><span class=\"s1\">  combina una potente emissione luminosa con un consumo energetico estremamente ridotto. Questo lo rende perfetto per gli allestimenti pi\u00f9 piccoli che richiedono un&#8217;illuminazione compatta ed efficiente. <\/span><\/p>\n<p class=\"p1\"><span class=\"s1\">La sorgente luminosa \u00e8 costituita da <\/span><span class=\"s2\">cinque LED OSRAM di alta qualit\u00e0<\/span><span class=\"s1\">che producono una piacevole luce diurna. Questa luce fornisce un&#8217;illuminazione uniforme e allo stesso tempo favorisce la crescita delle piante nel terrario. <\/span><\/p>\n<p class=\"p1\"><span class=\"s1\">Un vantaggio particolare di questa lampada \u00e8 il <\/span><span class=\"s2\">pratico supporto magnetico<\/span><span class=\"s1\">. Ci\u00f2 significa che l&#8217;illuminazione pu\u00f2 essere fissata in modo facile e veloce. La lampada viene semplicemente attaccata all&#8217;esterno, mentre il magnete all&#8217;interno garantisce una presa sicura. <\/span><\/p>\n<p class=\"p1\"><span class=\"s1\">Il supporto \u00e8 adatto per <\/span><span class=\"s2\">Contenitori con pareti di spessore fino a 6 mm<\/span><span class=\"s1\">. Questo significa che puoi facilmente collegare il LED a  <\/span><span class=\"s2\">terrari, contenitori di vetro, vasi o lattine BraPlast.<\/span><span class=\"s1\"> lattine.<\/span><\/p>\n<p class=\"p1\"><span class=\"s1\">Anche l&#8217;alimentazione \u00e8 particolarmente semplice. La lampada viene alimentata tramite un   <\/span><span class=\"s2\">Connessione USB<\/span><span class=\"s1\">  e pu\u00f2 quindi essere collegato in modo flessibile. Ad esempio, puoi collegarlo a un   <\/span><span class=\"s2\">alimentatore USB da 5 V, un power bank o una porta USB.<\/span><span class=\"s1\"> funziona.<\/span><\/p>\n<p class=\"p1\"><span class=\"s1\">L&#8217;alimentazione necessaria <\/span><span class=\"s2\">alimentazione USB (5V)<\/span><span class=\"s1\"> non \u00e8 incluso nella fornitura e pu\u00f2 essere utilizzato separatamente.<\/span><\/p>\n<p class=\"p1\"><span class=\"s1\">Specialmente per i terrari di piccole dimensioni, le vasche di riproduzione o gli allestimenti di piante, l&#8217; <\/span><strong><span class=\"s2\">AquaLighter Nano Soft LED con supporto magnetico<\/span><\/strong><span class=\"s1\">  una soluzione di illuminazione pratica ed elegante. Combina una potente emissione luminosa, dimensioni ridotte e flessibilit\u00e0 di montaggio. <\/span><\/p>\n<p class=\"p1\"><span class=\"s1\">Con il <\/span><span class=\"s2\">AquaLighter Nano Soft LED<\/span><span class=\"s1\"> avrai una lampada LED di alta qualit\u00e0, efficiente dal punto di vista energetico e versatile, che illumina il tuo terrario in modo affidabile ed elegante.<\/span><\/p>\n","protected":false},"excerpt":{"rendered":"<p>Lampada LED flessibile che pu\u00f2 essere utilizzata praticamente ovunque.<\/p>\n","protected":false},"featured_media":190454,"template":"","meta":{"_acf_changed":false},"product-supplier":[],"product_brand":[],"product_cat":[2741],"product_tag":[],"lce-checkout-addons":[],"class_list":{"0":"post-190453","1":"product","2":"type-product","3":"status-publish","4":"has-post-thumbnail","6":"product_cat-illuminazione-e-clima","7":"product_shipping_class-equipment-shipping","9":"first","10":"instock","11":"taxable","12":"shipping-taxable","13":"purchasable","14":"product-type-simple"},"acf":[],"yoast_head":"<!-- This site is optimized with the Yoast SEO plugin v27.3 - https:\/\/yoast.com\/product\/yoast-seo-wordpress\/ -->\n<title>AquaLighter Nano Soft LED con supporto magnetico - Insektenliebe<\/title>\n<meta name=\"description\" content=\"AquaLighter Nano Soft LED con supporto magnetico - LED USB compatto per terrari e box BraPlast. Luce diurna brillante, economico e facile da installare.\" \/>\n<meta name=\"robots\" content=\"index, follow, max-snippet:-1, max-image-preview:large, max-video-preview:-1\" \/>\n<link rel=\"canonical\" href=\"https:\/\/insektenliebe.com\/it\/shop\/prodotto\/aqualighter-nano-soft-led-con-supporto-magnetico\/\" \/>\n<meta property=\"og:locale\" content=\"it_IT\" \/>\n<meta property=\"og:type\" content=\"article\" \/>\n<meta property=\"og:title\" content=\"AquaLighter Nano Soft LED con supporto magnetico - Insektenliebe\" \/>\n<meta property=\"og:description\" content=\"AquaLighter Nano Soft LED con supporto magnetico - LED USB compatto per terrari e box BraPlast. Luce diurna brillante, economico e facile da installare.\" \/>\n<meta property=\"og:url\" content=\"https:\/\/insektenliebe.com\/it\/shop\/prodotto\/aqualighter-nano-soft-led-con-supporto-magnetico\/\" \/>\n<meta property=\"og:site_name\" content=\"Insektenliebe\" \/>\n<meta property=\"article:modified_time\" content=\"2026-03-07T12:31:43+00:00\" \/>\n<meta property=\"og:image\" content=\"https:\/\/insektenliebe.com\/wp-content\/uploads\/2025\/05\/AquaLighter-Nano-Soft-LED-mit-Magnethalterung-1-2.jpg\" \/>\n\t<meta property=\"og:image:width\" content=\"820\" \/>\n\t<meta property=\"og:image:height\" content=\"820\" \/>\n\t<meta property=\"og:image:type\" content=\"image\/jpeg\" \/>\n<meta name=\"twitter:card\" content=\"summary_large_image\" \/>\n<meta name=\"twitter:label1\" content=\"Tempo di lettura stimato\" \/>\n\t<meta name=\"twitter:data1\" content=\"2 minuto\" \/>\n<script type=\"application\/ld+json\" class=\"yoast-schema-graph\">{\"@context\":\"https:\\\/\\\/schema.org\",\"@graph\":[{\"@type\":\"WebPage\",\"@id\":\"https:\\\/\\\/insektenliebe.com\\\/it\\\/shop\\\/prodotto\\\/aqualighter-nano-soft-led-con-supporto-magnetico\\\/\",\"url\":\"https:\\\/\\\/insektenliebe.com\\\/it\\\/shop\\\/prodotto\\\/aqualighter-nano-soft-led-con-supporto-magnetico\\\/\",\"name\":\"AquaLighter Nano Soft LED con supporto magnetico - Insektenliebe\",\"isPartOf\":{\"@id\":\"https:\\\/\\\/insektenliebe.com\\\/it\\\/#website\"},\"primaryImageOfPage\":{\"@id\":\"https:\\\/\\\/insektenliebe.com\\\/it\\\/shop\\\/prodotto\\\/aqualighter-nano-soft-led-con-supporto-magnetico\\\/#primaryimage\"},\"image\":{\"@id\":\"https:\\\/\\\/insektenliebe.com\\\/it\\\/shop\\\/prodotto\\\/aqualighter-nano-soft-led-con-supporto-magnetico\\\/#primaryimage\"},\"thumbnailUrl\":\"https:\\\/\\\/insektenliebe.com\\\/wp-content\\\/uploads\\\/2025\\\/05\\\/AquaLighter-Nano-Soft-LED-mit-Magnethalterung-1-2.jpg\",\"datePublished\":\"2020-05-15T10:34:00+00:00\",\"dateModified\":\"2026-03-07T12:31:43+00:00\",\"description\":\"AquaLighter Nano Soft LED con supporto magnetico - LED USB compatto per terrari e box BraPlast. Luce diurna brillante, economico e facile da installare.\",\"breadcrumb\":{\"@id\":\"https:\\\/\\\/insektenliebe.com\\\/it\\\/shop\\\/prodotto\\\/aqualighter-nano-soft-led-con-supporto-magnetico\\\/#breadcrumb\"},\"inLanguage\":\"it-IT\",\"potentialAction\":[{\"@type\":\"ReadAction\",\"target\":[\"https:\\\/\\\/insektenliebe.com\\\/it\\\/shop\\\/prodotto\\\/aqualighter-nano-soft-led-con-supporto-magnetico\\\/\"]}]},{\"@type\":\"ImageObject\",\"inLanguage\":\"it-IT\",\"@id\":\"https:\\\/\\\/insektenliebe.com\\\/it\\\/shop\\\/prodotto\\\/aqualighter-nano-soft-led-con-supporto-magnetico\\\/#primaryimage\",\"url\":\"https:\\\/\\\/insektenliebe.com\\\/wp-content\\\/uploads\\\/2025\\\/05\\\/AquaLighter-Nano-Soft-LED-mit-Magnethalterung-1-2.jpg\",\"contentUrl\":\"https:\\\/\\\/insektenliebe.com\\\/wp-content\\\/uploads\\\/2025\\\/05\\\/AquaLighter-Nano-Soft-LED-mit-Magnethalterung-1-2.jpg\",\"width\":820,\"height\":820,\"caption\":\"AquaLighter-Nano-Soft-LED-con-supporto-magnetico-1-2.jpg\"},{\"@type\":\"BreadcrumbList\",\"@id\":\"https:\\\/\\\/insektenliebe.com\\\/it\\\/shop\\\/prodotto\\\/aqualighter-nano-soft-led-con-supporto-magnetico\\\/#breadcrumb\",\"itemListElement\":[{\"@type\":\"ListItem\",\"position\":1,\"name\":\"Startseite\",\"item\":\"https:\\\/\\\/insektenliebe.com\\\/it\\\/\"},{\"@type\":\"ListItem\",\"position\":2,\"name\":\"Negozio\",\"item\":\"https:\\\/\\\/insektenliebe.com\\\/it\\\/negozio\\\/\"},{\"@type\":\"ListItem\",\"position\":3,\"name\":\"AquaLighter Nano Soft LED con supporto magnetico\"}]},{\"@type\":\"WebSite\",\"@id\":\"https:\\\/\\\/insektenliebe.com\\\/it\\\/#website\",\"url\":\"https:\\\/\\\/insektenliebe.com\\\/it\\\/\",\"name\":\"Insektenliebe\",\"description\":\"Dein Zuhause f\u00fcr die kleinen Lebewesen\",\"publisher\":{\"@id\":\"https:\\\/\\\/insektenliebe.com\\\/it\\\/#organization\"},\"potentialAction\":[{\"@type\":\"SearchAction\",\"target\":{\"@type\":\"EntryPoint\",\"urlTemplate\":\"https:\\\/\\\/insektenliebe.com\\\/it\\\/?s={search_term_string}\"},\"query-input\":{\"@type\":\"PropertyValueSpecification\",\"valueRequired\":true,\"valueName\":\"search_term_string\"}}],\"inLanguage\":\"it-IT\"},{\"@type\":\"Organization\",\"@id\":\"https:\\\/\\\/insektenliebe.com\\\/it\\\/#organization\",\"name\":\"Insektenliebe\",\"url\":\"https:\\\/\\\/insektenliebe.com\\\/it\\\/\",\"logo\":{\"@type\":\"ImageObject\",\"inLanguage\":\"it-IT\",\"@id\":\"https:\\\/\\\/insektenliebe.com\\\/it\\\/#\\\/schema\\\/logo\\\/image\\\/\",\"url\":\"https:\\\/\\\/insektenliebe.com\\\/wp-content\\\/uploads\\\/2025\\\/03\\\/logo-white.png\",\"contentUrl\":\"https:\\\/\\\/insektenliebe.com\\\/wp-content\\\/uploads\\\/2025\\\/03\\\/logo-white.png\",\"width\":288,\"height\":188,\"caption\":\"Insektenliebe\"},\"image\":{\"@id\":\"https:\\\/\\\/insektenliebe.com\\\/it\\\/#\\\/schema\\\/logo\\\/image\\\/\"}}]}<\/script>\n<!-- \/ Yoast SEO plugin. -->","yoast_head_json":{"title":"AquaLighter Nano Soft LED con supporto magnetico - Insektenliebe","description":"AquaLighter Nano Soft LED con supporto magnetico - LED USB compatto per terrari e box BraPlast. Luce diurna brillante, economico e facile da installare.","robots":{"index":"index","follow":"follow","max-snippet":"max-snippet:-1","max-image-preview":"max-image-preview:large","max-video-preview":"max-video-preview:-1"},"canonical":"https:\/\/insektenliebe.com\/it\/shop\/prodotto\/aqualighter-nano-soft-led-con-supporto-magnetico\/","og_locale":"it_IT","og_type":"article","og_title":"AquaLighter Nano Soft LED con supporto magnetico - Insektenliebe","og_description":"AquaLighter Nano Soft LED con supporto magnetico - LED USB compatto per terrari e box BraPlast. Luce diurna brillante, economico e facile da installare.","og_url":"https:\/\/insektenliebe.com\/it\/shop\/prodotto\/aqualighter-nano-soft-led-con-supporto-magnetico\/","og_site_name":"Insektenliebe","article_modified_time":"2026-03-07T12:31:43+00:00","og_image":[{"width":820,"height":820,"url":"https:\/\/insektenliebe.com\/wp-content\/uploads\/2025\/05\/AquaLighter-Nano-Soft-LED-mit-Magnethalterung-1-2.jpg","type":"image\/jpeg"}],"twitter_card":"summary_large_image","twitter_misc":{"Tempo di lettura stimato":"2 minuto"},"schema":{"@context":"https:\/\/schema.org","@graph":[{"@type":"WebPage","@id":"https:\/\/insektenliebe.com\/it\/shop\/prodotto\/aqualighter-nano-soft-led-con-supporto-magnetico\/","url":"https:\/\/insektenliebe.com\/it\/shop\/prodotto\/aqualighter-nano-soft-led-con-supporto-magnetico\/","name":"AquaLighter Nano Soft LED con supporto magnetico - Insektenliebe","isPartOf":{"@id":"https:\/\/insektenliebe.com\/it\/#website"},"primaryImageOfPage":{"@id":"https:\/\/insektenliebe.com\/it\/shop\/prodotto\/aqualighter-nano-soft-led-con-supporto-magnetico\/#primaryimage"},"image":{"@id":"https:\/\/insektenliebe.com\/it\/shop\/prodotto\/aqualighter-nano-soft-led-con-supporto-magnetico\/#primaryimage"},"thumbnailUrl":"https:\/\/insektenliebe.com\/wp-content\/uploads\/2025\/05\/AquaLighter-Nano-Soft-LED-mit-Magnethalterung-1-2.jpg","datePublished":"2020-05-15T10:34:00+00:00","dateModified":"2026-03-07T12:31:43+00:00","description":"AquaLighter Nano Soft LED con supporto magnetico - LED USB compatto per terrari e box BraPlast. Luce diurna brillante, economico e facile da installare.","breadcrumb":{"@id":"https:\/\/insektenliebe.com\/it\/shop\/prodotto\/aqualighter-nano-soft-led-con-supporto-magnetico\/#breadcrumb"},"inLanguage":"it-IT","potentialAction":[{"@type":"ReadAction","target":["https:\/\/insektenliebe.com\/it\/shop\/prodotto\/aqualighter-nano-soft-led-con-supporto-magnetico\/"]}]},{"@type":"ImageObject","inLanguage":"it-IT","@id":"https:\/\/insektenliebe.com\/it\/shop\/prodotto\/aqualighter-nano-soft-led-con-supporto-magnetico\/#primaryimage","url":"https:\/\/insektenliebe.com\/wp-content\/uploads\/2025\/05\/AquaLighter-Nano-Soft-LED-mit-Magnethalterung-1-2.jpg","contentUrl":"https:\/\/insektenliebe.com\/wp-content\/uploads\/2025\/05\/AquaLighter-Nano-Soft-LED-mit-Magnethalterung-1-2.jpg","width":820,"height":820,"caption":"AquaLighter-Nano-Soft-LED-con-supporto-magnetico-1-2.jpg"},{"@type":"BreadcrumbList","@id":"https:\/\/insektenliebe.com\/it\/shop\/prodotto\/aqualighter-nano-soft-led-con-supporto-magnetico\/#breadcrumb","itemListElement":[{"@type":"ListItem","position":1,"name":"Startseite","item":"https:\/\/insektenliebe.com\/it\/"},{"@type":"ListItem","position":2,"name":"Negozio","item":"https:\/\/insektenliebe.com\/it\/negozio\/"},{"@type":"ListItem","position":3,"name":"AquaLighter Nano Soft LED con supporto magnetico"}]},{"@type":"WebSite","@id":"https:\/\/insektenliebe.com\/it\/#website","url":"https:\/\/insektenliebe.com\/it\/","name":"Insektenliebe","description":"Dein Zuhause f\u00fcr die kleinen Lebewesen","publisher":{"@id":"https:\/\/insektenliebe.com\/it\/#organization"},"potentialAction":[{"@type":"SearchAction","target":{"@type":"EntryPoint","urlTemplate":"https:\/\/insektenliebe.com\/it\/?s={search_term_string}"},"query-input":{"@type":"PropertyValueSpecification","valueRequired":true,"valueName":"search_term_string"}}],"inLanguage":"it-IT"},{"@type":"Organization","@id":"https:\/\/insektenliebe.com\/it\/#organization","name":"Insektenliebe","url":"https:\/\/insektenliebe.com\/it\/","logo":{"@type":"ImageObject","inLanguage":"it-IT","@id":"https:\/\/insektenliebe.com\/it\/#\/schema\/logo\/image\/","url":"https:\/\/insektenliebe.com\/wp-content\/uploads\/2025\/03\/logo-white.png","contentUrl":"https:\/\/insektenliebe.com\/wp-content\/uploads\/2025\/03\/logo-white.png","width":288,"height":188,"caption":"Insektenliebe"},"image":{"@id":"https:\/\/insektenliebe.com\/it\/#\/schema\/logo\/image\/"}}]}},"_links":{"self":[{"href":"https:\/\/insektenliebe.com\/it\/wp-json\/wp\/v2\/product\/190453","targetHints":{"allow":["GET"]}}],"collection":[{"href":"https:\/\/insektenliebe.com\/it\/wp-json\/wp\/v2\/product"}],"about":[{"href":"https:\/\/insektenliebe.com\/it\/wp-json\/wp\/v2\/types\/product"}],"wp:featuredmedia":[{"embeddable":true,"href":"https:\/\/insektenliebe.com\/it\/wp-json\/wp\/v2\/media\/190454"}],"wp:attachment":[{"href":"https:\/\/insektenliebe.com\/it\/wp-json\/wp\/v2\/media?parent=190453"}],"wp:term":[{"taxonomy":"product-supplier","embeddable":true,"href":"https:\/\/insektenliebe.com\/it\/wp-json\/wp\/v2\/product-supplier?post=190453"},{"taxonomy":"product_brand","embeddable":true,"href":"https:\/\/insektenliebe.com\/it\/wp-json\/wp\/v2\/product_brand?post=190453"},{"taxonomy":"product_cat","embeddable":true,"href":"https:\/\/insektenliebe.com\/it\/wp-json\/wp\/v2\/product_cat?post=190453"},{"taxonomy":"product_tag","embeddable":true,"href":"https:\/\/insektenliebe.com\/it\/wp-json\/wp\/v2\/product_tag?post=190453"},{"taxonomy":"lce-checkout-addons","embeddable":true,"href":"https:\/\/insektenliebe.com\/it\/wp-json\/wp\/v2\/lce-checkout-addons?post=190453"}],"curies":[{"name":"wp","href":"https:\/\/api.w.org\/{rel}","templated":true}]}}