{"id":190438,"date":"2022-11-28T14:13:56","date_gmt":"2022-11-28T12:13:56","guid":{"rendered":"https:\/\/insektenliebe.com\/shop\/produkt\/skylight-mid-30-intense\/"},"modified":"2022-11-28T14:13:56","modified_gmt":"2022-11-28T13:13:56","slug":"skylight-mid-30-intense","status":"publish","type":"product","link":"https:\/\/insektenliebe.com\/it\/shop\/prodotto\/skylight-mid-30-intense\/","title":{"rendered":"Skylight MID-30 Intense"},"content":{"rendered":"<p>La lampada <strong>Skylight MID-30 Intense<\/strong> \u00e8 stata progettata in modo diverso da altri prodotti per l&#8217;illuminazione dei terrari. La maggior parte delle lampade per terrari disponibili sono progettate per ottenere un&#8217;elevata luminosit\u00e0. Con altre lampade pi\u00f9 avanzate, la luminosit\u00e0 viene in qualche modo compromessa per ottenere un&#8217;elevata resa cromatica (CRI). Con <strong>Skylight MID-30 Intense<\/strong>, entrambi i parametri sopra citati vengono compromessi per raggiungere un unico obiettivo: colori vividi e intensi. Gran parte della luce rossa profonda dello spettro attiva i fitocromi delle piante per produrre pigmenti protettivi colorati. Lo spettro RGB della lampada permette all&#8217;utente di vedere il terrario piantato con una colorazione pi\u00f9 intensa e profonda. Inoltre, l&#8217;abbagliamento laterale \u00e8 stato ridotto al minimo in questo prodotto, rendendo la visione del terrario un puro piacere!      <\/p>\n<p><strong>Versione Skylight MID-30 Intense: supporti inclusi<\/strong><\/p>\n<p>I parametri mostrano i dati tecnici di <strong>Skylight MID-30 Intense<\/strong> e le dimensioni della lampada. Lo spettro dei colori mostra il potenziale della lampada. <\/p>\n<p>Per spiegarti meglio, le piante hanno bisogno principalmente di luce blu con una lunghezza d&#8217;onda compresa tra 400 e 490 nm e di luce rossa con una lunghezza d&#8217;onda compresa tra 640 e 700 nm per la fotosintesi e per generare energia. Questo spettro di colori \u00e8 perfettamente coperto e lo noterai subito nella crescita e nell&#8217;aspetto delle tue piante e dei tuoi animali. <\/p>\n","protected":false},"excerpt":{"rendered":"<p>La lampada Skylight MID-30 Intense \u00e8 stata progettata in modo diverso da altri prodotti per l&#8217;illuminazione dei terrari. La maggior parte delle lampade per terrari disponibili sono progettate per ottenere un&#8217;elevata luminosit\u00e0. Con altre lampade pi\u00f9 avanzate, la luminosit\u00e0 viene in qualche modo compromessa per ottenere un&#8217;elevata resa cromatica (CRI). Con Skylight MID-30 Intense, entrambi [&hellip;]<\/p>\n","protected":false},"featured_media":186091,"template":"","meta":{"_acf_changed":false},"product-supplier":[],"product_brand":[3176],"product_cat":[2741],"product_tag":[],"lce-checkout-addons":[],"class_list":{"0":"post-190438","1":"product","2":"type-product","3":"status-publish","4":"has-post-thumbnail","6":"product_brand-lucernario","7":"product_cat-illuminazione-e-clima","8":"product_shipping_class-equipment-shipping","10":"first","11":"instock","12":"taxable","13":"shipping-taxable","14":"purchasable","15":"product-type-variable"},"acf":[],"yoast_head":"<!-- This site is optimized with the Yoast SEO plugin v27.3 - https:\/\/yoast.com\/product\/yoast-seo-wordpress\/ -->\n<title>Skylight MID-30 Intense - Insektenliebe<\/title>\n<meta name=\"description\" content=\"Acquista online la lampada Skylight MID-30 Intense. La lampada per terrari perfetta per le tue piante e i tuoi animali, disponibile in diversi set.\" \/>\n<meta name=\"robots\" content=\"index, follow, max-snippet:-1, max-image-preview:large, max-video-preview:-1\" \/>\n<link rel=\"canonical\" href=\"https:\/\/insektenliebe.com\/it\/shop\/prodotto\/skylight-mid-30-intense\/\" \/>\n<meta property=\"og:locale\" content=\"it_IT\" \/>\n<meta property=\"og:type\" content=\"article\" \/>\n<meta property=\"og:title\" content=\"Skylight MID-30 Intense - Insektenliebe\" \/>\n<meta property=\"og:description\" content=\"Acquista online la lampada Skylight MID-30 Intense. La lampada per terrari perfetta per le tue piante e i tuoi animali, disponibile in diversi set.\" \/>\n<meta property=\"og:url\" content=\"https:\/\/insektenliebe.com\/it\/shop\/prodotto\/skylight-mid-30-intense\/\" \/>\n<meta property=\"og:site_name\" content=\"Insektenliebe\" \/>\n<meta property=\"article:modified_time\" content=\"2022-11-28T13:13:56+00:00\" \/>\n<meta property=\"og:image\" content=\"https:\/\/insektenliebe.com\/wp-content\/uploads\/2025\/05\/Skylight-MID-30-Intense-2.jpg\" \/>\n\t<meta property=\"og:image:width\" content=\"820\" \/>\n\t<meta property=\"og:image:height\" content=\"820\" \/>\n\t<meta property=\"og:image:type\" content=\"image\/jpeg\" \/>\n<meta name=\"twitter:card\" content=\"summary_large_image\" \/>\n<meta name=\"twitter:label1\" content=\"Tempo di lettura stimato\" \/>\n\t<meta name=\"twitter:data1\" content=\"1 minuto\" \/>\n<script type=\"application\/ld+json\" class=\"yoast-schema-graph\">{\"@context\":\"https:\\\/\\\/schema.org\",\"@graph\":[{\"@type\":\"WebPage\",\"@id\":\"https:\\\/\\\/insektenliebe.com\\\/it\\\/shop\\\/prodotto\\\/skylight-mid-30-intense\\\/\",\"url\":\"https:\\\/\\\/insektenliebe.com\\\/it\\\/shop\\\/prodotto\\\/skylight-mid-30-intense\\\/\",\"name\":\"Skylight MID-30 Intense - Insektenliebe\",\"isPartOf\":{\"@id\":\"https:\\\/\\\/insektenliebe.com\\\/it\\\/#website\"},\"primaryImageOfPage\":{\"@id\":\"https:\\\/\\\/insektenliebe.com\\\/it\\\/shop\\\/prodotto\\\/skylight-mid-30-intense\\\/#primaryimage\"},\"image\":{\"@id\":\"https:\\\/\\\/insektenliebe.com\\\/it\\\/shop\\\/prodotto\\\/skylight-mid-30-intense\\\/#primaryimage\"},\"thumbnailUrl\":\"https:\\\/\\\/insektenliebe.com\\\/wp-content\\\/uploads\\\/2025\\\/05\\\/Skylight-MID-30-Intense-2.jpg\",\"datePublished\":\"2022-11-28T12:13:56+00:00\",\"dateModified\":\"2022-11-28T13:13:56+00:00\",\"description\":\"Acquista online la lampada Skylight MID-30 Intense. La lampada per terrari perfetta per le tue piante e i tuoi animali, disponibile in diversi set.\",\"breadcrumb\":{\"@id\":\"https:\\\/\\\/insektenliebe.com\\\/it\\\/shop\\\/prodotto\\\/skylight-mid-30-intense\\\/#breadcrumb\"},\"inLanguage\":\"it-IT\",\"potentialAction\":[{\"@type\":\"ReadAction\",\"target\":[\"https:\\\/\\\/insektenliebe.com\\\/it\\\/shop\\\/prodotto\\\/skylight-mid-30-intense\\\/\"]}]},{\"@type\":\"ImageObject\",\"inLanguage\":\"it-IT\",\"@id\":\"https:\\\/\\\/insektenliebe.com\\\/it\\\/shop\\\/prodotto\\\/skylight-mid-30-intense\\\/#primaryimage\",\"url\":\"https:\\\/\\\/insektenliebe.com\\\/wp-content\\\/uploads\\\/2025\\\/05\\\/Skylight-MID-30-Intense-2.jpg\",\"contentUrl\":\"https:\\\/\\\/insektenliebe.com\\\/wp-content\\\/uploads\\\/2025\\\/05\\\/Skylight-MID-30-Intense-2.jpg\",\"width\":820,\"height\":820,\"caption\":\"Lucernario-MID-30-Intenso-2.jpg\"},{\"@type\":\"BreadcrumbList\",\"@id\":\"https:\\\/\\\/insektenliebe.com\\\/it\\\/shop\\\/prodotto\\\/skylight-mid-30-intense\\\/#breadcrumb\",\"itemListElement\":[{\"@type\":\"ListItem\",\"position\":1,\"name\":\"Startseite\",\"item\":\"https:\\\/\\\/insektenliebe.com\\\/it\\\/\"},{\"@type\":\"ListItem\",\"position\":2,\"name\":\"Negozio\",\"item\":\"https:\\\/\\\/insektenliebe.com\\\/it\\\/negozio\\\/\"},{\"@type\":\"ListItem\",\"position\":3,\"name\":\"Skylight MID-30 Intense\"}]},{\"@type\":\"WebSite\",\"@id\":\"https:\\\/\\\/insektenliebe.com\\\/it\\\/#website\",\"url\":\"https:\\\/\\\/insektenliebe.com\\\/it\\\/\",\"name\":\"Insektenliebe\",\"description\":\"Dein Zuhause f\u00fcr die kleinen Lebewesen\",\"publisher\":{\"@id\":\"https:\\\/\\\/insektenliebe.com\\\/it\\\/#organization\"},\"potentialAction\":[{\"@type\":\"SearchAction\",\"target\":{\"@type\":\"EntryPoint\",\"urlTemplate\":\"https:\\\/\\\/insektenliebe.com\\\/it\\\/?s={search_term_string}\"},\"query-input\":{\"@type\":\"PropertyValueSpecification\",\"valueRequired\":true,\"valueName\":\"search_term_string\"}}],\"inLanguage\":\"it-IT\"},{\"@type\":\"Organization\",\"@id\":\"https:\\\/\\\/insektenliebe.com\\\/it\\\/#organization\",\"name\":\"Insektenliebe\",\"url\":\"https:\\\/\\\/insektenliebe.com\\\/it\\\/\",\"logo\":{\"@type\":\"ImageObject\",\"inLanguage\":\"it-IT\",\"@id\":\"https:\\\/\\\/insektenliebe.com\\\/it\\\/#\\\/schema\\\/logo\\\/image\\\/\",\"url\":\"https:\\\/\\\/insektenliebe.com\\\/wp-content\\\/uploads\\\/2025\\\/03\\\/logo-white.png\",\"contentUrl\":\"https:\\\/\\\/insektenliebe.com\\\/wp-content\\\/uploads\\\/2025\\\/03\\\/logo-white.png\",\"width\":288,\"height\":188,\"caption\":\"Insektenliebe\"},\"image\":{\"@id\":\"https:\\\/\\\/insektenliebe.com\\\/it\\\/#\\\/schema\\\/logo\\\/image\\\/\"}}]}<\/script>\n<!-- \/ Yoast SEO plugin. -->","yoast_head_json":{"title":"Skylight MID-30 Intense - Insektenliebe","description":"Acquista online la lampada Skylight MID-30 Intense. La lampada per terrari perfetta per le tue piante e i tuoi animali, disponibile in diversi set.","robots":{"index":"index","follow":"follow","max-snippet":"max-snippet:-1","max-image-preview":"max-image-preview:large","max-video-preview":"max-video-preview:-1"},"canonical":"https:\/\/insektenliebe.com\/it\/shop\/prodotto\/skylight-mid-30-intense\/","og_locale":"it_IT","og_type":"article","og_title":"Skylight MID-30 Intense - Insektenliebe","og_description":"Acquista online la lampada Skylight MID-30 Intense. La lampada per terrari perfetta per le tue piante e i tuoi animali, disponibile in diversi set.","og_url":"https:\/\/insektenliebe.com\/it\/shop\/prodotto\/skylight-mid-30-intense\/","og_site_name":"Insektenliebe","article_modified_time":"2022-11-28T13:13:56+00:00","og_image":[{"width":820,"height":820,"url":"https:\/\/insektenliebe.com\/wp-content\/uploads\/2025\/05\/Skylight-MID-30-Intense-2.jpg","type":"image\/jpeg"}],"twitter_card":"summary_large_image","twitter_misc":{"Tempo di lettura stimato":"1 minuto"},"schema":{"@context":"https:\/\/schema.org","@graph":[{"@type":"WebPage","@id":"https:\/\/insektenliebe.com\/it\/shop\/prodotto\/skylight-mid-30-intense\/","url":"https:\/\/insektenliebe.com\/it\/shop\/prodotto\/skylight-mid-30-intense\/","name":"Skylight MID-30 Intense - Insektenliebe","isPartOf":{"@id":"https:\/\/insektenliebe.com\/it\/#website"},"primaryImageOfPage":{"@id":"https:\/\/insektenliebe.com\/it\/shop\/prodotto\/skylight-mid-30-intense\/#primaryimage"},"image":{"@id":"https:\/\/insektenliebe.com\/it\/shop\/prodotto\/skylight-mid-30-intense\/#primaryimage"},"thumbnailUrl":"https:\/\/insektenliebe.com\/wp-content\/uploads\/2025\/05\/Skylight-MID-30-Intense-2.jpg","datePublished":"2022-11-28T12:13:56+00:00","dateModified":"2022-11-28T13:13:56+00:00","description":"Acquista online la lampada Skylight MID-30 Intense. La lampada per terrari perfetta per le tue piante e i tuoi animali, disponibile in diversi set.","breadcrumb":{"@id":"https:\/\/insektenliebe.com\/it\/shop\/prodotto\/skylight-mid-30-intense\/#breadcrumb"},"inLanguage":"it-IT","potentialAction":[{"@type":"ReadAction","target":["https:\/\/insektenliebe.com\/it\/shop\/prodotto\/skylight-mid-30-intense\/"]}]},{"@type":"ImageObject","inLanguage":"it-IT","@id":"https:\/\/insektenliebe.com\/it\/shop\/prodotto\/skylight-mid-30-intense\/#primaryimage","url":"https:\/\/insektenliebe.com\/wp-content\/uploads\/2025\/05\/Skylight-MID-30-Intense-2.jpg","contentUrl":"https:\/\/insektenliebe.com\/wp-content\/uploads\/2025\/05\/Skylight-MID-30-Intense-2.jpg","width":820,"height":820,"caption":"Lucernario-MID-30-Intenso-2.jpg"},{"@type":"BreadcrumbList","@id":"https:\/\/insektenliebe.com\/it\/shop\/prodotto\/skylight-mid-30-intense\/#breadcrumb","itemListElement":[{"@type":"ListItem","position":1,"name":"Startseite","item":"https:\/\/insektenliebe.com\/it\/"},{"@type":"ListItem","position":2,"name":"Negozio","item":"https:\/\/insektenliebe.com\/it\/negozio\/"},{"@type":"ListItem","position":3,"name":"Skylight MID-30 Intense"}]},{"@type":"WebSite","@id":"https:\/\/insektenliebe.com\/it\/#website","url":"https:\/\/insektenliebe.com\/it\/","name":"Insektenliebe","description":"Dein Zuhause f\u00fcr die kleinen Lebewesen","publisher":{"@id":"https:\/\/insektenliebe.com\/it\/#organization"},"potentialAction":[{"@type":"SearchAction","target":{"@type":"EntryPoint","urlTemplate":"https:\/\/insektenliebe.com\/it\/?s={search_term_string}"},"query-input":{"@type":"PropertyValueSpecification","valueRequired":true,"valueName":"search_term_string"}}],"inLanguage":"it-IT"},{"@type":"Organization","@id":"https:\/\/insektenliebe.com\/it\/#organization","name":"Insektenliebe","url":"https:\/\/insektenliebe.com\/it\/","logo":{"@type":"ImageObject","inLanguage":"it-IT","@id":"https:\/\/insektenliebe.com\/it\/#\/schema\/logo\/image\/","url":"https:\/\/insektenliebe.com\/wp-content\/uploads\/2025\/03\/logo-white.png","contentUrl":"https:\/\/insektenliebe.com\/wp-content\/uploads\/2025\/03\/logo-white.png","width":288,"height":188,"caption":"Insektenliebe"},"image":{"@id":"https:\/\/insektenliebe.com\/it\/#\/schema\/logo\/image\/"}}]}},"_links":{"self":[{"href":"https:\/\/insektenliebe.com\/it\/wp-json\/wp\/v2\/product\/190438","targetHints":{"allow":["GET"]}}],"collection":[{"href":"https:\/\/insektenliebe.com\/it\/wp-json\/wp\/v2\/product"}],"about":[{"href":"https:\/\/insektenliebe.com\/it\/wp-json\/wp\/v2\/types\/product"}],"wp:featuredmedia":[{"embeddable":true,"href":"https:\/\/insektenliebe.com\/it\/wp-json\/wp\/v2\/media\/186091"}],"wp:attachment":[{"href":"https:\/\/insektenliebe.com\/it\/wp-json\/wp\/v2\/media?parent=190438"}],"wp:term":[{"taxonomy":"product-supplier","embeddable":true,"href":"https:\/\/insektenliebe.com\/it\/wp-json\/wp\/v2\/product-supplier?post=190438"},{"taxonomy":"product_brand","embeddable":true,"href":"https:\/\/insektenliebe.com\/it\/wp-json\/wp\/v2\/product_brand?post=190438"},{"taxonomy":"product_cat","embeddable":true,"href":"https:\/\/insektenliebe.com\/it\/wp-json\/wp\/v2\/product_cat?post=190438"},{"taxonomy":"product_tag","embeddable":true,"href":"https:\/\/insektenliebe.com\/it\/wp-json\/wp\/v2\/product_tag?post=190438"},{"taxonomy":"lce-checkout-addons","embeddable":true,"href":"https:\/\/insektenliebe.com\/it\/wp-json\/wp\/v2\/lce-checkout-addons?post=190438"}],"curies":[{"name":"wp","href":"https:\/\/api.w.org\/{rel}","templated":true}]}}