{"id":190436,"date":"2020-05-02T09:43:37","date_gmt":"2020-05-02T09:43:37","guid":{"rendered":"https:\/\/insektenliebe.com\/shop\/produkt\/shelfordella-lateralis-scarafaggi-del-cioccolato\/"},"modified":"2020-05-02T09:43:37","modified_gmt":"2020-05-02T07:43:37","slug":"shelfordella-lateralis-scarafaggi-del-cioccolato","status":"publish","type":"product","link":"https:\/\/insektenliebe.com\/it\/shop\/prodotto\/shelfordella-lateralis-scarafaggi-del-cioccolato\/","title":{"rendered":"Shelfordella lateralis \"Scarafaggi del cioccolato"},"content":{"rendered":"<h3><span style=\"color: #99cc33\">Breve descrizione Shelfordella lateralis \"Scarafaggi del cioccolato\":<\/span><\/h3>\n<p><strong>Le Shelfordella lateralis \"scarafaggi del cioccolato\"<\/strong> hanno un guscio morbido e chitinoso. Per questo motivo questa specie \u00e8 molto apprezzata come alimento per molti rettili, ragni e anfibi. Rispetto ad altre fonti di cibo come i grilli, contiene una percentuale maggiore di proteine, \u00e8 pi\u00f9 facile da allevare e non produce quasi nessun odore. Per questo motivo stanno diventando sempre pi\u00f9 popolari tra gli amanti degli anfibi e dei rettili. Tuttavia, devono essere maneggiati con cura! <strong>Le Shelfordella lateralis \"scarafaggi del cioccolato\"<\/strong> si riproducono anche in casa.    <\/p>\n<p><strong>Un bocconcino sano per tutti gli insettivori:<\/strong><\/p>\n<p>Proteine 28,7 %<br \/>\nGrassi 10,9 %<br \/>\nCeneri grezze 2,4<\/p>\n<div class=\"vc_row wpb_row vc_row-fluid prrow\">\n<div class=\"wpb_column vc_column_container vc_col-sm-3\">\n<div class=\"vc_column-inner \">\n<div class=\"wpb_wrapper\">\n<div class=\"wpb_text_column wpb_content_element \">\n<div class=\"wpb_wrapper\">\n<p>L&#8217;allevamento \u00e8 molto semplice e pu\u00f2 essere facilmente realizzato con un contenitore con coperchio e ventilazione, cartoni per le uova, cibo proteico e un abbeveratoio. <strong>Le Shelfordella lateralis \"scarafaggi del cioccolato\"<\/strong> si riproducono rapidamente. Le femmine depongono un pacchetto di uova sotto forma di ooteca ogni 2-3 settimane. Le circa 30 uova sono ben protette nell&#8217;ooteca. Le ninfe misurano circa 3 mm e si schiudono dopo 2-4 settimane. A seconda della temperatura, le ninfe diventano sessualmente mature dopo 4 mesi.    <\/p>\n<p>Puoi trovare maggiori informazioni sull&#8217;allevamento nel nostro set completo Insektenliebe per l&#8217;alimentazione degli scarafaggi.<\/p>\n<\/div>\n<\/div>\n<\/div>\n<\/div>\n<\/div>\n<\/div>\n","protected":false},"excerpt":{"rendered":"<p>Breve descrizione Shelfordella lateralis \"Scarafaggi del cioccolato\": Le Shelfordella lateralis \"scarafaggi del cioccolato\" hanno un guscio morbido e chitinoso. Per questo motivo questa specie \u00e8 molto apprezzata come alimento per molti rettili, ragni e anfibi. Rispetto ad altre fonti di cibo come i grilli, contiene una percentuale maggiore di proteine, \u00e8 pi\u00f9 facile da allevare [&hellip;]<\/p>\n","protected":false},"featured_media":190437,"template":"","meta":{"_acf_changed":false},"product-supplier":[],"product_brand":[],"product_cat":[2817,2785],"product_tag":[],"lce-checkout-addons":[2746],"class_list":{"0":"post-190436","1":"product","2":"type-product","3":"status-publish","4":"has-post-thumbnail","6":"product_cat-animali-da-mangiare","7":"product_cat-scarafaggi","8":"product_shipping_class-spedizione-di-animali","9":"pa_herkunft-cosmopolitan","10":"pa_kontinent-asia","11":"pa_kontinent-europa","12":"lce-checkout-addons-imballaggio-invernale","14":"first","15":"outofstock","16":"taxable","17":"shipping-taxable","18":"product-type-variable"},"acf":[],"yoast_head":"<!-- This site is optimized with the Yoast SEO plugin v27.3 - https:\/\/yoast.com\/product\/yoast-seo-wordpress\/ -->\n<title>Shelfordella lateralis &quot;Scarafaggi del cioccolato - Insektenliebe<\/title>\n<meta name=\"description\" content=\"Acquista online a basso costo la Shelfordella lateralis &quot;Scarafaggi del cioccolato&quot;. Questo popolare animale da mangiare pu\u00f2 essere acquistato qui direttamente dall&#039;allevatore.\" \/>\n<meta name=\"robots\" content=\"index, follow, max-snippet:-1, max-image-preview:large, max-video-preview:-1\" \/>\n<link rel=\"canonical\" href=\"https:\/\/insektenliebe.com\/it\/shop\/prodotto\/shelfordella-lateralis-scarafaggi-del-cioccolato\/\" \/>\n<meta property=\"og:locale\" content=\"it_IT\" \/>\n<meta property=\"og:type\" content=\"article\" \/>\n<meta property=\"og:title\" content=\"Shelfordella lateralis &quot;Scarafaggi del cioccolato - Insektenliebe\" \/>\n<meta property=\"og:description\" content=\"Acquista online a basso costo la Shelfordella lateralis &quot;Scarafaggi del cioccolato&quot;. Questo popolare animale da mangiare pu\u00f2 essere acquistato qui direttamente dall&#039;allevatore.\" \/>\n<meta property=\"og:url\" content=\"https:\/\/insektenliebe.com\/it\/shop\/prodotto\/shelfordella-lateralis-scarafaggi-del-cioccolato\/\" \/>\n<meta property=\"og:site_name\" content=\"Insektenliebe\" \/>\n<meta property=\"og:image\" content=\"https:\/\/insektenliebe.com\/wp-content\/uploads\/2025\/05\/Shelfordella-lateralis-22Schokoschaben22-2.jpg\" \/>\n\t<meta property=\"og:image:width\" content=\"2560\" \/>\n\t<meta property=\"og:image:height\" content=\"2560\" \/>\n\t<meta property=\"og:image:type\" content=\"image\/jpeg\" \/>\n<meta name=\"twitter:card\" content=\"summary_large_image\" \/>\n<meta name=\"twitter:label1\" content=\"Tempo di lettura stimato\" \/>\n\t<meta name=\"twitter:data1\" content=\"1 minuto\" \/>\n<script type=\"application\/ld+json\" class=\"yoast-schema-graph\">{\"@context\":\"https:\\\/\\\/schema.org\",\"@graph\":[{\"@type\":\"WebPage\",\"@id\":\"https:\\\/\\\/insektenliebe.com\\\/it\\\/shop\\\/prodotto\\\/shelfordella-lateralis-scarafaggi-del-cioccolato\\\/\",\"url\":\"https:\\\/\\\/insektenliebe.com\\\/it\\\/shop\\\/prodotto\\\/shelfordella-lateralis-scarafaggi-del-cioccolato\\\/\",\"name\":\"Shelfordella lateralis \\\"Scarafaggi del cioccolato - Insektenliebe\",\"isPartOf\":{\"@id\":\"https:\\\/\\\/insektenliebe.com\\\/it\\\/#website\"},\"primaryImageOfPage\":{\"@id\":\"https:\\\/\\\/insektenliebe.com\\\/it\\\/shop\\\/prodotto\\\/shelfordella-lateralis-scarafaggi-del-cioccolato\\\/#primaryimage\"},\"image\":{\"@id\":\"https:\\\/\\\/insektenliebe.com\\\/it\\\/shop\\\/prodotto\\\/shelfordella-lateralis-scarafaggi-del-cioccolato\\\/#primaryimage\"},\"thumbnailUrl\":\"https:\\\/\\\/insektenliebe.com\\\/wp-content\\\/uploads\\\/2025\\\/05\\\/Shelfordella-lateralis-22Schokoschaben22-2.jpg\",\"datePublished\":\"2020-05-02T09:43:37+00:00\",\"description\":\"Acquista online a basso costo la Shelfordella lateralis \\\"Scarafaggi del cioccolato\\\". Questo popolare animale da mangiare pu\u00f2 essere acquistato qui direttamente dall'allevatore.\",\"breadcrumb\":{\"@id\":\"https:\\\/\\\/insektenliebe.com\\\/it\\\/shop\\\/prodotto\\\/shelfordella-lateralis-scarafaggi-del-cioccolato\\\/#breadcrumb\"},\"inLanguage\":\"it-IT\",\"potentialAction\":[{\"@type\":\"ReadAction\",\"target\":[\"https:\\\/\\\/insektenliebe.com\\\/it\\\/shop\\\/prodotto\\\/shelfordella-lateralis-scarafaggi-del-cioccolato\\\/\"]}]},{\"@type\":\"ImageObject\",\"inLanguage\":\"it-IT\",\"@id\":\"https:\\\/\\\/insektenliebe.com\\\/it\\\/shop\\\/prodotto\\\/shelfordella-lateralis-scarafaggi-del-cioccolato\\\/#primaryimage\",\"url\":\"https:\\\/\\\/insektenliebe.com\\\/wp-content\\\/uploads\\\/2025\\\/05\\\/Shelfordella-lateralis-22Schokoschaben22-2.jpg\",\"contentUrl\":\"https:\\\/\\\/insektenliebe.com\\\/wp-content\\\/uploads\\\/2025\\\/05\\\/Shelfordella-lateralis-22Schokoschaben22-2.jpg\",\"width\":2560,\"height\":2560,\"caption\":\"Shelfordella-lateralis-22Scarafaggi del cioccolato22-2.jpg\"},{\"@type\":\"BreadcrumbList\",\"@id\":\"https:\\\/\\\/insektenliebe.com\\\/it\\\/shop\\\/prodotto\\\/shelfordella-lateralis-scarafaggi-del-cioccolato\\\/#breadcrumb\",\"itemListElement\":[{\"@type\":\"ListItem\",\"position\":1,\"name\":\"Startseite\",\"item\":\"https:\\\/\\\/insektenliebe.com\\\/it\\\/\"},{\"@type\":\"ListItem\",\"position\":2,\"name\":\"Negozio\",\"item\":\"https:\\\/\\\/insektenliebe.com\\\/it\\\/negozio\\\/\"},{\"@type\":\"ListItem\",\"position\":3,\"name\":\"Shelfordella lateralis &#8220;Scarafaggi del cioccolato\"}]},{\"@type\":\"WebSite\",\"@id\":\"https:\\\/\\\/insektenliebe.com\\\/it\\\/#website\",\"url\":\"https:\\\/\\\/insektenliebe.com\\\/it\\\/\",\"name\":\"Insektenliebe\",\"description\":\"Dein Zuhause f\u00fcr die kleinen Lebewesen\",\"publisher\":{\"@id\":\"https:\\\/\\\/insektenliebe.com\\\/it\\\/#organization\"},\"potentialAction\":[{\"@type\":\"SearchAction\",\"target\":{\"@type\":\"EntryPoint\",\"urlTemplate\":\"https:\\\/\\\/insektenliebe.com\\\/it\\\/?s={search_term_string}\"},\"query-input\":{\"@type\":\"PropertyValueSpecification\",\"valueRequired\":true,\"valueName\":\"search_term_string\"}}],\"inLanguage\":\"it-IT\"},{\"@type\":\"Organization\",\"@id\":\"https:\\\/\\\/insektenliebe.com\\\/it\\\/#organization\",\"name\":\"Insektenliebe\",\"url\":\"https:\\\/\\\/insektenliebe.com\\\/it\\\/\",\"logo\":{\"@type\":\"ImageObject\",\"inLanguage\":\"it-IT\",\"@id\":\"https:\\\/\\\/insektenliebe.com\\\/it\\\/#\\\/schema\\\/logo\\\/image\\\/\",\"url\":\"https:\\\/\\\/insektenliebe.com\\\/wp-content\\\/uploads\\\/2025\\\/03\\\/logo-white.png\",\"contentUrl\":\"https:\\\/\\\/insektenliebe.com\\\/wp-content\\\/uploads\\\/2025\\\/03\\\/logo-white.png\",\"width\":288,\"height\":188,\"caption\":\"Insektenliebe\"},\"image\":{\"@id\":\"https:\\\/\\\/insektenliebe.com\\\/it\\\/#\\\/schema\\\/logo\\\/image\\\/\"}}]}<\/script>\n<!-- \/ Yoast SEO plugin. -->","yoast_head_json":{"title":"Shelfordella lateralis \"Scarafaggi del cioccolato - Insektenliebe","description":"Acquista online a basso costo la Shelfordella lateralis \"Scarafaggi del cioccolato\". Questo popolare animale da mangiare pu\u00f2 essere acquistato qui direttamente dall'allevatore.","robots":{"index":"index","follow":"follow","max-snippet":"max-snippet:-1","max-image-preview":"max-image-preview:large","max-video-preview":"max-video-preview:-1"},"canonical":"https:\/\/insektenliebe.com\/it\/shop\/prodotto\/shelfordella-lateralis-scarafaggi-del-cioccolato\/","og_locale":"it_IT","og_type":"article","og_title":"Shelfordella lateralis \"Scarafaggi del cioccolato - Insektenliebe","og_description":"Acquista online a basso costo la Shelfordella lateralis \"Scarafaggi del cioccolato\". Questo popolare animale da mangiare pu\u00f2 essere acquistato qui direttamente dall'allevatore.","og_url":"https:\/\/insektenliebe.com\/it\/shop\/prodotto\/shelfordella-lateralis-scarafaggi-del-cioccolato\/","og_site_name":"Insektenliebe","og_image":[{"width":2560,"height":2560,"url":"https:\/\/insektenliebe.com\/wp-content\/uploads\/2025\/05\/Shelfordella-lateralis-22Schokoschaben22-2.jpg","type":"image\/jpeg"}],"twitter_card":"summary_large_image","twitter_misc":{"Tempo di lettura stimato":"1 minuto"},"schema":{"@context":"https:\/\/schema.org","@graph":[{"@type":"WebPage","@id":"https:\/\/insektenliebe.com\/it\/shop\/prodotto\/shelfordella-lateralis-scarafaggi-del-cioccolato\/","url":"https:\/\/insektenliebe.com\/it\/shop\/prodotto\/shelfordella-lateralis-scarafaggi-del-cioccolato\/","name":"Shelfordella lateralis \"Scarafaggi del cioccolato - Insektenliebe","isPartOf":{"@id":"https:\/\/insektenliebe.com\/it\/#website"},"primaryImageOfPage":{"@id":"https:\/\/insektenliebe.com\/it\/shop\/prodotto\/shelfordella-lateralis-scarafaggi-del-cioccolato\/#primaryimage"},"image":{"@id":"https:\/\/insektenliebe.com\/it\/shop\/prodotto\/shelfordella-lateralis-scarafaggi-del-cioccolato\/#primaryimage"},"thumbnailUrl":"https:\/\/insektenliebe.com\/wp-content\/uploads\/2025\/05\/Shelfordella-lateralis-22Schokoschaben22-2.jpg","datePublished":"2020-05-02T09:43:37+00:00","description":"Acquista online a basso costo la Shelfordella lateralis \"Scarafaggi del cioccolato\". Questo popolare animale da mangiare pu\u00f2 essere acquistato qui direttamente dall'allevatore.","breadcrumb":{"@id":"https:\/\/insektenliebe.com\/it\/shop\/prodotto\/shelfordella-lateralis-scarafaggi-del-cioccolato\/#breadcrumb"},"inLanguage":"it-IT","potentialAction":[{"@type":"ReadAction","target":["https:\/\/insektenliebe.com\/it\/shop\/prodotto\/shelfordella-lateralis-scarafaggi-del-cioccolato\/"]}]},{"@type":"ImageObject","inLanguage":"it-IT","@id":"https:\/\/insektenliebe.com\/it\/shop\/prodotto\/shelfordella-lateralis-scarafaggi-del-cioccolato\/#primaryimage","url":"https:\/\/insektenliebe.com\/wp-content\/uploads\/2025\/05\/Shelfordella-lateralis-22Schokoschaben22-2.jpg","contentUrl":"https:\/\/insektenliebe.com\/wp-content\/uploads\/2025\/05\/Shelfordella-lateralis-22Schokoschaben22-2.jpg","width":2560,"height":2560,"caption":"Shelfordella-lateralis-22Scarafaggi del cioccolato22-2.jpg"},{"@type":"BreadcrumbList","@id":"https:\/\/insektenliebe.com\/it\/shop\/prodotto\/shelfordella-lateralis-scarafaggi-del-cioccolato\/#breadcrumb","itemListElement":[{"@type":"ListItem","position":1,"name":"Startseite","item":"https:\/\/insektenliebe.com\/it\/"},{"@type":"ListItem","position":2,"name":"Negozio","item":"https:\/\/insektenliebe.com\/it\/negozio\/"},{"@type":"ListItem","position":3,"name":"Shelfordella lateralis &#8220;Scarafaggi del cioccolato"}]},{"@type":"WebSite","@id":"https:\/\/insektenliebe.com\/it\/#website","url":"https:\/\/insektenliebe.com\/it\/","name":"Insektenliebe","description":"Dein Zuhause f\u00fcr die kleinen Lebewesen","publisher":{"@id":"https:\/\/insektenliebe.com\/it\/#organization"},"potentialAction":[{"@type":"SearchAction","target":{"@type":"EntryPoint","urlTemplate":"https:\/\/insektenliebe.com\/it\/?s={search_term_string}"},"query-input":{"@type":"PropertyValueSpecification","valueRequired":true,"valueName":"search_term_string"}}],"inLanguage":"it-IT"},{"@type":"Organization","@id":"https:\/\/insektenliebe.com\/it\/#organization","name":"Insektenliebe","url":"https:\/\/insektenliebe.com\/it\/","logo":{"@type":"ImageObject","inLanguage":"it-IT","@id":"https:\/\/insektenliebe.com\/it\/#\/schema\/logo\/image\/","url":"https:\/\/insektenliebe.com\/wp-content\/uploads\/2025\/03\/logo-white.png","contentUrl":"https:\/\/insektenliebe.com\/wp-content\/uploads\/2025\/03\/logo-white.png","width":288,"height":188,"caption":"Insektenliebe"},"image":{"@id":"https:\/\/insektenliebe.com\/it\/#\/schema\/logo\/image\/"}}]}},"_links":{"self":[{"href":"https:\/\/insektenliebe.com\/it\/wp-json\/wp\/v2\/product\/190436","targetHints":{"allow":["GET"]}}],"collection":[{"href":"https:\/\/insektenliebe.com\/it\/wp-json\/wp\/v2\/product"}],"about":[{"href":"https:\/\/insektenliebe.com\/it\/wp-json\/wp\/v2\/types\/product"}],"wp:featuredmedia":[{"embeddable":true,"href":"https:\/\/insektenliebe.com\/it\/wp-json\/wp\/v2\/media\/190437"}],"wp:attachment":[{"href":"https:\/\/insektenliebe.com\/it\/wp-json\/wp\/v2\/media?parent=190436"}],"wp:term":[{"taxonomy":"product-supplier","embeddable":true,"href":"https:\/\/insektenliebe.com\/it\/wp-json\/wp\/v2\/product-supplier?post=190436"},{"taxonomy":"product_brand","embeddable":true,"href":"https:\/\/insektenliebe.com\/it\/wp-json\/wp\/v2\/product_brand?post=190436"},{"taxonomy":"product_cat","embeddable":true,"href":"https:\/\/insektenliebe.com\/it\/wp-json\/wp\/v2\/product_cat?post=190436"},{"taxonomy":"product_tag","embeddable":true,"href":"https:\/\/insektenliebe.com\/it\/wp-json\/wp\/v2\/product_tag?post=190436"},{"taxonomy":"lce-checkout-addons","embeddable":true,"href":"https:\/\/insektenliebe.com\/it\/wp-json\/wp\/v2\/lce-checkout-addons?post=190436"}],"curies":[{"name":"wp","href":"https:\/\/api.w.org\/{rel}","templated":true}]}}