{"id":190398,"date":"2019-08-28T10:08:56","date_gmt":"2019-08-28T10:08:56","guid":{"rendered":"https:\/\/insektenliebe.com\/shop\/produkt\/archispirostreptus-gigas-millipede-gigante\/"},"modified":"2019-08-28T10:08:56","modified_gmt":"2019-08-28T08:08:56","slug":"archispirostreptus-gigas-millipede-gigante","status":"publish","type":"product","link":"https:\/\/insektenliebe.com\/it\/shop\/prodotto\/archispirostreptus-gigas-millipede-gigante\/","title":{"rendered":"Archispirostreptus gigas \"Millipede gigante"},"content":{"rendered":"<h3><span style=\"color: #99cc33\"><strong><span class=\"s1\">Archispirostreptus gigas - Il millepiedi gigante africano per il tuo terrario<\/span><\/strong><\/span><\/h3>\n<p class=\"p1\"><span class=\"s1\">L<strong>&#8216;Archispirostreptus gigas<\/strong>, noto anche come millepiedi gigante africano, \u00e8 una delle specie pi\u00f9 imponenti nell&#8217;hobby del terrario e colpisce per le sue dimensioni impressionanti, la sua natura tranquilla e il suo comportamento affascinante. Con una lunghezza che raggiunge i 30 cm, \u00e8 uno dei diplopodi pi\u00f9 grandi al mondo: un vero gigante tra gli invertebrati! <\/span><\/p>\n<p class=\"p1\"><span class=\"s1\">Il suo corpo lucido, di colore marrone scuro o nero, \u00e8 composto da oltre 250 singoli segmenti che si muovono dolcemente a onde ad ogni movimento. Il suo movimento appare calmo e quasi maestoso. I suoi colori semplici ma eleganti e il suo aspetto massiccio rendono l&#8217;<strong>Archispirostreptus gigas \"millepiedi gigante\"<\/strong> un vero e proprio richiamo visivo in qualsiasi terrario.  <\/span><\/p>\n<p class=\"p1\"><span class=\"s1\">Nonostante le sue dimensioni, questo millepiedi \u00e8 pacifico e facile da tenere. Un terrario di 60 \u00d7 40 \u00d7 40 cm \u00e8 sufficiente per una coppia o un piccolo gruppo. \u00c8 particolarmente importante un substrato profondo e sciolto di almeno 15-20 cm composto da humus forestale, legno bianco marcio, kinshi e foglie morte. Questo substrato non serve solo come fonte di cibo, ma anche come rifugio per la tana e la muta.   <\/span><\/p>\n<p class=\"p1\"><span class=\"s1\">La temperatura ideale \u00e8 di 24-27 \u00b0C durante il giorno, mentre di notte pu\u00f2 scendere fino a circa 20 \u00b0C. Un&#8217;umidit\u00e0 costante del 75-85% \u00e8 importante per garantire uno sviluppo sano. Una nebulizzazione regolare e la creazione di un&#8217;area pi\u00f9 umida nel substrato saranno d&#8217;aiuto.  <\/span><\/p>\n<p class=\"p1\"><span class=\"s1\">L<strong>&#8216;Archispirostreptus gigas \"millepiedi gigante\"<\/strong> si nutre principalmente di materiale vegetale in decomposizione, foglie e legno. Mangia volentieri anche verdure come cetrioli, patate dolci o zucca. Le proteine animali in piccole quantit\u00e0, ad esempio sotto forma di cibo per millepiedi, aiutano soprattutto gli animali giovani a crescere.<\/span><\/p>\n<p class=\"p1\"><span class=\"s1\">La sua natura pacifica le permette anche di socializzare con code a molla, isopodi o altri invertebrati che vivono sul fondo: l&#8217;ideale per i terrari bioattivi. La riproduzione \u00e8 possibile anche nel terrario, ma le femmine depongono le uova in profondit\u00e0 nel substrato, quindi \u00e8 necessario avere pazienza. <\/span><\/p>\n<p class=\"p1\"><span class=\"s1\">L<strong>&#8216;Archispirostreptus gigas \"millepiedi gigante\"<\/strong> non \u00e8 solo un affascinante animale domestico, ma anche un esempio impressionante della diversit\u00e0 e dell&#8217;eleganza degli invertebrati. Chiunque abbia visto dal vivo questo gigante gentile non lo dimenticher\u00e0 in fretta. <\/span><\/p>\n<div style=\"width: 1920px;\" class=\"wp-video\"><video class=\"wp-video-shortcode\" id=\"video-190398-1\" width=\"1920\" height=\"1080\" preload=\"metadata\" controls=\"controls\"><source type=\"video\/mp4\" src=\"https:\/\/insektenliebe.com\/wp-content\/uploads\/2019\/08\/Archispirostreptus-gigas.mp4?_=1\" \/><a href=\"https:\/\/insektenliebe.com\/wp-content\/uploads\/2019\/08\/Archispirostreptus-gigas.mp4\">https:\/\/insektenliebe.com\/wp-content\/uploads\/2019\/08\/Archispirostreptus-gigas.mp4<\/a><\/video><\/div>\n","protected":false},"excerpt":{"rendered":"<p>Archispirostreptus gigas - Il millepiedi gigante africano per il tuo terrario L&#8216;Archispirostreptus gigas, noto anche come millepiedi gigante africano, \u00e8 una delle specie pi\u00f9 imponenti nell&#8217;hobby del terrario e colpisce per le sue dimensioni impressionanti, la sua natura tranquilla e il suo comportamento affascinante. Con una lunghezza che raggiunge i 30 cm, \u00e8 uno dei [&hellip;]<\/p>\n","protected":false},"featured_media":186375,"template":"","meta":{"_acf_changed":false},"product-supplier":[],"product_brand":[],"product_cat":[2870],"product_tag":[],"lce-checkout-addons":[2746],"class_list":{"0":"post-190398","1":"product","2":"type-product","3":"status-publish","4":"has-post-thumbnail","6":"product_cat-millipede","7":"product_shipping_class-spedizione-di-animali","8":"pa_geschlecht-donna","9":"pa_geschlecht-indeterminato","10":"pa_geschlecht-uomo","11":"pa_herkunft-nigeria","12":"pa_kontinent-africa","13":"lce-checkout-addons-imballaggio-invernale","15":"first","16":"instock","17":"taxable","18":"shipping-taxable","19":"purchasable","20":"product-type-variable"},"acf":[],"yoast_head":"<!-- This site is optimized with the Yoast SEO plugin v27.3 - https:\/\/yoast.com\/product\/yoast-seo-wordpress\/ -->\n<title>Archispirostreptus gigas &quot;Millipede gigante - Insektenliebe<\/title>\n<meta name=\"description\" content=\"Acquista online l&#039;Archispirostreptus gigas. Il millepiedi gigante non colpisce solo per le sue dimensioni, ma anche per il suo aspetto.\" \/>\n<meta name=\"robots\" content=\"index, follow, max-snippet:-1, max-image-preview:large, max-video-preview:-1\" \/>\n<link rel=\"canonical\" href=\"https:\/\/insektenliebe.com\/it\/shop\/prodotto\/archispirostreptus-gigas-millipede-gigante\/\" \/>\n<meta property=\"og:locale\" content=\"it_IT\" \/>\n<meta property=\"og:type\" content=\"article\" \/>\n<meta property=\"og:title\" content=\"Archispirostreptus gigas &quot;Millipede gigante - Insektenliebe\" \/>\n<meta property=\"og:description\" content=\"Acquista online l&#039;Archispirostreptus gigas. Il millepiedi gigante non colpisce solo per le sue dimensioni, ma anche per il suo aspetto.\" \/>\n<meta property=\"og:url\" content=\"https:\/\/insektenliebe.com\/it\/shop\/prodotto\/archispirostreptus-gigas-millipede-gigante\/\" \/>\n<meta property=\"og:site_name\" content=\"Insektenliebe\" \/>\n<meta property=\"og:image\" content=\"https:\/\/insektenliebe.com\/wp-content\/uploads\/2025\/05\/Archispirostreptus-gigas-2.jpg\" \/>\n\t<meta property=\"og:image:width\" content=\"820\" \/>\n\t<meta property=\"og:image:height\" content=\"820\" \/>\n\t<meta property=\"og:image:type\" content=\"image\/jpeg\" \/>\n<meta name=\"twitter:card\" content=\"summary_large_image\" \/>\n<meta name=\"twitter:label1\" content=\"Tempo di lettura stimato\" \/>\n\t<meta name=\"twitter:data1\" content=\"2 minuto\" \/>\n<script type=\"application\/ld+json\" class=\"yoast-schema-graph\">{\"@context\":\"https:\\\/\\\/schema.org\",\"@graph\":[{\"@type\":\"WebPage\",\"@id\":\"https:\\\/\\\/insektenliebe.com\\\/it\\\/shop\\\/prodotto\\\/archispirostreptus-gigas-millipede-gigante\\\/\",\"url\":\"https:\\\/\\\/insektenliebe.com\\\/it\\\/shop\\\/prodotto\\\/archispirostreptus-gigas-millipede-gigante\\\/\",\"name\":\"Archispirostreptus gigas \\\"Millipede gigante - Insektenliebe\",\"isPartOf\":{\"@id\":\"https:\\\/\\\/insektenliebe.com\\\/it\\\/#website\"},\"primaryImageOfPage\":{\"@id\":\"https:\\\/\\\/insektenliebe.com\\\/it\\\/shop\\\/prodotto\\\/archispirostreptus-gigas-millipede-gigante\\\/#primaryimage\"},\"image\":{\"@id\":\"https:\\\/\\\/insektenliebe.com\\\/it\\\/shop\\\/prodotto\\\/archispirostreptus-gigas-millipede-gigante\\\/#primaryimage\"},\"thumbnailUrl\":\"https:\\\/\\\/insektenliebe.com\\\/wp-content\\\/uploads\\\/2025\\\/05\\\/Archispirostreptus-gigas-2.jpg\",\"datePublished\":\"2019-08-28T10:08:56+00:00\",\"description\":\"Acquista online l'Archispirostreptus gigas. Il millepiedi gigante non colpisce solo per le sue dimensioni, ma anche per il suo aspetto.\",\"breadcrumb\":{\"@id\":\"https:\\\/\\\/insektenliebe.com\\\/it\\\/shop\\\/prodotto\\\/archispirostreptus-gigas-millipede-gigante\\\/#breadcrumb\"},\"inLanguage\":\"it-IT\",\"potentialAction\":[{\"@type\":\"ReadAction\",\"target\":[\"https:\\\/\\\/insektenliebe.com\\\/it\\\/shop\\\/prodotto\\\/archispirostreptus-gigas-millipede-gigante\\\/\"]}]},{\"@type\":\"ImageObject\",\"inLanguage\":\"it-IT\",\"@id\":\"https:\\\/\\\/insektenliebe.com\\\/it\\\/shop\\\/prodotto\\\/archispirostreptus-gigas-millipede-gigante\\\/#primaryimage\",\"url\":\"https:\\\/\\\/insektenliebe.com\\\/wp-content\\\/uploads\\\/2025\\\/05\\\/Archispirostreptus-gigas-2.jpg\",\"contentUrl\":\"https:\\\/\\\/insektenliebe.com\\\/wp-content\\\/uploads\\\/2025\\\/05\\\/Archispirostreptus-gigas-2.jpg\",\"width\":820,\"height\":820,\"caption\":\"Archispirostreptus-gigas-2.jpg\"},{\"@type\":\"BreadcrumbList\",\"@id\":\"https:\\\/\\\/insektenliebe.com\\\/it\\\/shop\\\/prodotto\\\/archispirostreptus-gigas-millipede-gigante\\\/#breadcrumb\",\"itemListElement\":[{\"@type\":\"ListItem\",\"position\":1,\"name\":\"Startseite\",\"item\":\"https:\\\/\\\/insektenliebe.com\\\/it\\\/\"},{\"@type\":\"ListItem\",\"position\":2,\"name\":\"Negozio\",\"item\":\"https:\\\/\\\/insektenliebe.com\\\/it\\\/negozio\\\/\"},{\"@type\":\"ListItem\",\"position\":3,\"name\":\"Archispirostreptus gigas &#8220;Millipede gigante\"}]},{\"@type\":\"WebSite\",\"@id\":\"https:\\\/\\\/insektenliebe.com\\\/it\\\/#website\",\"url\":\"https:\\\/\\\/insektenliebe.com\\\/it\\\/\",\"name\":\"Insektenliebe\",\"description\":\"Dein Zuhause f\u00fcr die kleinen Lebewesen\",\"publisher\":{\"@id\":\"https:\\\/\\\/insektenliebe.com\\\/it\\\/#organization\"},\"potentialAction\":[{\"@type\":\"SearchAction\",\"target\":{\"@type\":\"EntryPoint\",\"urlTemplate\":\"https:\\\/\\\/insektenliebe.com\\\/it\\\/?s={search_term_string}\"},\"query-input\":{\"@type\":\"PropertyValueSpecification\",\"valueRequired\":true,\"valueName\":\"search_term_string\"}}],\"inLanguage\":\"it-IT\"},{\"@type\":\"Organization\",\"@id\":\"https:\\\/\\\/insektenliebe.com\\\/it\\\/#organization\",\"name\":\"Insektenliebe\",\"url\":\"https:\\\/\\\/insektenliebe.com\\\/it\\\/\",\"logo\":{\"@type\":\"ImageObject\",\"inLanguage\":\"it-IT\",\"@id\":\"https:\\\/\\\/insektenliebe.com\\\/it\\\/#\\\/schema\\\/logo\\\/image\\\/\",\"url\":\"https:\\\/\\\/insektenliebe.com\\\/wp-content\\\/uploads\\\/2025\\\/03\\\/logo-white.png\",\"contentUrl\":\"https:\\\/\\\/insektenliebe.com\\\/wp-content\\\/uploads\\\/2025\\\/03\\\/logo-white.png\",\"width\":288,\"height\":188,\"caption\":\"Insektenliebe\"},\"image\":{\"@id\":\"https:\\\/\\\/insektenliebe.com\\\/it\\\/#\\\/schema\\\/logo\\\/image\\\/\"}}]}<\/script>\n<!-- \/ Yoast SEO plugin. -->","yoast_head_json":{"title":"Archispirostreptus gigas \"Millipede gigante - Insektenliebe","description":"Acquista online l'Archispirostreptus gigas. Il millepiedi gigante non colpisce solo per le sue dimensioni, ma anche per il suo aspetto.","robots":{"index":"index","follow":"follow","max-snippet":"max-snippet:-1","max-image-preview":"max-image-preview:large","max-video-preview":"max-video-preview:-1"},"canonical":"https:\/\/insektenliebe.com\/it\/shop\/prodotto\/archispirostreptus-gigas-millipede-gigante\/","og_locale":"it_IT","og_type":"article","og_title":"Archispirostreptus gigas \"Millipede gigante - Insektenliebe","og_description":"Acquista online l'Archispirostreptus gigas. Il millepiedi gigante non colpisce solo per le sue dimensioni, ma anche per il suo aspetto.","og_url":"https:\/\/insektenliebe.com\/it\/shop\/prodotto\/archispirostreptus-gigas-millipede-gigante\/","og_site_name":"Insektenliebe","og_image":[{"width":820,"height":820,"url":"https:\/\/insektenliebe.com\/wp-content\/uploads\/2025\/05\/Archispirostreptus-gigas-2.jpg","type":"image\/jpeg"}],"twitter_card":"summary_large_image","twitter_misc":{"Tempo di lettura stimato":"2 minuto"},"schema":{"@context":"https:\/\/schema.org","@graph":[{"@type":"WebPage","@id":"https:\/\/insektenliebe.com\/it\/shop\/prodotto\/archispirostreptus-gigas-millipede-gigante\/","url":"https:\/\/insektenliebe.com\/it\/shop\/prodotto\/archispirostreptus-gigas-millipede-gigante\/","name":"Archispirostreptus gigas \"Millipede gigante - Insektenliebe","isPartOf":{"@id":"https:\/\/insektenliebe.com\/it\/#website"},"primaryImageOfPage":{"@id":"https:\/\/insektenliebe.com\/it\/shop\/prodotto\/archispirostreptus-gigas-millipede-gigante\/#primaryimage"},"image":{"@id":"https:\/\/insektenliebe.com\/it\/shop\/prodotto\/archispirostreptus-gigas-millipede-gigante\/#primaryimage"},"thumbnailUrl":"https:\/\/insektenliebe.com\/wp-content\/uploads\/2025\/05\/Archispirostreptus-gigas-2.jpg","datePublished":"2019-08-28T10:08:56+00:00","description":"Acquista online l'Archispirostreptus gigas. Il millepiedi gigante non colpisce solo per le sue dimensioni, ma anche per il suo aspetto.","breadcrumb":{"@id":"https:\/\/insektenliebe.com\/it\/shop\/prodotto\/archispirostreptus-gigas-millipede-gigante\/#breadcrumb"},"inLanguage":"it-IT","potentialAction":[{"@type":"ReadAction","target":["https:\/\/insektenliebe.com\/it\/shop\/prodotto\/archispirostreptus-gigas-millipede-gigante\/"]}]},{"@type":"ImageObject","inLanguage":"it-IT","@id":"https:\/\/insektenliebe.com\/it\/shop\/prodotto\/archispirostreptus-gigas-millipede-gigante\/#primaryimage","url":"https:\/\/insektenliebe.com\/wp-content\/uploads\/2025\/05\/Archispirostreptus-gigas-2.jpg","contentUrl":"https:\/\/insektenliebe.com\/wp-content\/uploads\/2025\/05\/Archispirostreptus-gigas-2.jpg","width":820,"height":820,"caption":"Archispirostreptus-gigas-2.jpg"},{"@type":"BreadcrumbList","@id":"https:\/\/insektenliebe.com\/it\/shop\/prodotto\/archispirostreptus-gigas-millipede-gigante\/#breadcrumb","itemListElement":[{"@type":"ListItem","position":1,"name":"Startseite","item":"https:\/\/insektenliebe.com\/it\/"},{"@type":"ListItem","position":2,"name":"Negozio","item":"https:\/\/insektenliebe.com\/it\/negozio\/"},{"@type":"ListItem","position":3,"name":"Archispirostreptus gigas &#8220;Millipede gigante"}]},{"@type":"WebSite","@id":"https:\/\/insektenliebe.com\/it\/#website","url":"https:\/\/insektenliebe.com\/it\/","name":"Insektenliebe","description":"Dein Zuhause f\u00fcr die kleinen Lebewesen","publisher":{"@id":"https:\/\/insektenliebe.com\/it\/#organization"},"potentialAction":[{"@type":"SearchAction","target":{"@type":"EntryPoint","urlTemplate":"https:\/\/insektenliebe.com\/it\/?s={search_term_string}"},"query-input":{"@type":"PropertyValueSpecification","valueRequired":true,"valueName":"search_term_string"}}],"inLanguage":"it-IT"},{"@type":"Organization","@id":"https:\/\/insektenliebe.com\/it\/#organization","name":"Insektenliebe","url":"https:\/\/insektenliebe.com\/it\/","logo":{"@type":"ImageObject","inLanguage":"it-IT","@id":"https:\/\/insektenliebe.com\/it\/#\/schema\/logo\/image\/","url":"https:\/\/insektenliebe.com\/wp-content\/uploads\/2025\/03\/logo-white.png","contentUrl":"https:\/\/insektenliebe.com\/wp-content\/uploads\/2025\/03\/logo-white.png","width":288,"height":188,"caption":"Insektenliebe"},"image":{"@id":"https:\/\/insektenliebe.com\/it\/#\/schema\/logo\/image\/"}}]}},"_links":{"self":[{"href":"https:\/\/insektenliebe.com\/it\/wp-json\/wp\/v2\/product\/190398","targetHints":{"allow":["GET"]}}],"collection":[{"href":"https:\/\/insektenliebe.com\/it\/wp-json\/wp\/v2\/product"}],"about":[{"href":"https:\/\/insektenliebe.com\/it\/wp-json\/wp\/v2\/types\/product"}],"wp:featuredmedia":[{"embeddable":true,"href":"https:\/\/insektenliebe.com\/it\/wp-json\/wp\/v2\/media\/186375"}],"wp:attachment":[{"href":"https:\/\/insektenliebe.com\/it\/wp-json\/wp\/v2\/media?parent=190398"}],"wp:term":[{"taxonomy":"product-supplier","embeddable":true,"href":"https:\/\/insektenliebe.com\/it\/wp-json\/wp\/v2\/product-supplier?post=190398"},{"taxonomy":"product_brand","embeddable":true,"href":"https:\/\/insektenliebe.com\/it\/wp-json\/wp\/v2\/product_brand?post=190398"},{"taxonomy":"product_cat","embeddable":true,"href":"https:\/\/insektenliebe.com\/it\/wp-json\/wp\/v2\/product_cat?post=190398"},{"taxonomy":"product_tag","embeddable":true,"href":"https:\/\/insektenliebe.com\/it\/wp-json\/wp\/v2\/product_tag?post=190398"},{"taxonomy":"lce-checkout-addons","embeddable":true,"href":"https:\/\/insektenliebe.com\/it\/wp-json\/wp\/v2\/lce-checkout-addons?post=190398"}],"curies":[{"name":"wp","href":"https:\/\/api.w.org\/{rel}","templated":true}]}}