{"id":190393,"date":"2020-07-10T11:00:37","date_gmt":"2020-07-10T11:00:37","guid":{"rendered":"https:\/\/insektenliebe.com\/shop\/produkt\/acanthoscurria-geniculata\/"},"modified":"2026-04-09T07:03:19","modified_gmt":"2026-04-09T05:03:19","slug":"acanthoscurria-geniculata","status":"publish","type":"product","link":"https:\/\/insektenliebe.com\/it\/shop\/prodotto\/acanthoscurria-geniculata\/","title":{"rendered":"Acanthoscurria geniculata"},"content":{"rendered":"<h3><span style=\"color: #99cc33\">Acanthoscurria geniculata <strong><span class=\"s1\">- <\/span><\/strong><\/span><span class=\"s1\" style=\"color: #99cc33\">La tarantola dal collare bianco del Brasile<\/span><\/h3>\n<p class=\"p1\"><span class=\"s1\">L<strong>&#8216;Acanthoscurria geniculata<\/strong> \u00e8 una delle specie di tarantola pi\u00f9 popolari nell&#8217;hobby del terrario. Il suo aspetto ad alto contrasto, con le sue vistose ginocchiere bianche, la rende un vero e proprio richiamo visivo. \u00c8 originaria della foresta pluviale brasiliana, dove vive vicino al suolo. Nonostante le sue dimensioni imponenti e l&#8217;aspetto possente, di solito \u00e8 calmo e bonario. Fa parte dei cosiddetti ragni bombardieri, che possono emettere peli urticanti quando vengono minacciati. Nella vita di tutti i giorni, tuttavia, il suo comportamento \u00e8 piuttosto tranquillo ed \u00e8 facile da osservare.     <\/span><\/p>\n<p class=\"p1\"><span class=\"s1\">Questa specie \u00e8 semplice da tenere. Un terrario di 30 \u00d7 30 \u00d7 30 cm \u00e8 sufficiente per gli animali adulti. Come substrato si consiglia l&#8217;humus di bosco con un&#8217;altezza di circa 15 cm. Il ragno ama scavare e utilizza nascondigli naturali. Tubi di sughero o grandi pezzi di corteccia offrono rifugi e garantiscono sicurezza. Una piccola ciotola d&#8217;acqua dovrebbe essere sempre a disposizione, poich\u00e9 assorbe regolarmente acqua anche in un ambiente piuttosto secco. L&#8217;umidit\u00e0 dovrebbe essere intorno al 70%. Sono sufficienti spruzzi occasionali: il substrato non deve mai essere permanentemente bagnato. Una buona ventilazione \u00e8 importante per evitare la formazione di muffa.        <\/span><\/p>\n<p class=\"p1\"><span class=\"s1\">Il loro comportamento alimentare \u00e8 particolarmente interessante. L <strong>&#8216;Acanthoscurria geniculata<\/strong> \u00e8 molto vorace e accetta prontamente prede come grilli, grillini, scarafaggi e cavallette. I giovani animali vanno nutriti circa una volta a settimana, gli adulti ogni due o tre settimane. \u00c8 importante non sovralimentarli, perch\u00e9 questo pu\u00f2 portare a letargia e obesit\u00e0. Le prede devono essere adeguate alle dimensioni del corpo. Dopo il pasto, il ragno deve essere lasciato in pace perch\u00e9 altrimenti potrebbe sentirsi disturbato.    <\/span><\/p>\n<p class=\"p1\"><span class=\"s1\">La tarantola dal collare bianco si mostra spesso e non passa il tempo a nascondersi. Questo la rende una specie particolarmente interessante da osservare nel terrario di casa. Grazie alla sua natura pacifica e alla facilit\u00e0 di allevamento, \u00e8 ideale per i principianti. Allo stesso tempo, affascina anche i detentori esperti con il suo stile di vita attivo e il suo aspetto sorprendente. Chi cerca un animale forte ma gentile e di carattere si divertir\u00e0 molto con l&#8217;<strong>Acanthoscurria geniculata<\/strong>.    <\/span><\/p>\n","protected":false},"excerpt":{"rendered":"<p>Acanthoscurria geniculata - La tarantola dal collare bianco del Brasile L&#8216;Acanthoscurria geniculata \u00e8 una delle specie di tarantola pi\u00f9 popolari nell&#8217;hobby del terrario. Il suo aspetto ad alto contrasto, con le sue vistose ginocchiere bianche, la rende un vero e proprio richiamo visivo. \u00c8 originaria della foresta pluviale brasiliana, dove vive vicino al suolo. Nonostante [&hellip;]<\/p>\n","protected":false},"featured_media":186355,"template":"","meta":{"_acf_changed":false},"product-supplier":[],"product_brand":[],"product_cat":[2809,3004],"product_tag":[],"lce-checkout-addons":[2746],"class_list":{"0":"post-190393","1":"product","2":"type-product","3":"status-publish","4":"has-post-thumbnail","6":"product_cat-ragni","7":"product_cat-tarantole","8":"product_shipping_class-spedizione-di-animali","9":"pa_geschlecht-donna","10":"pa_geschlecht-indeterminato","11":"pa_geschlecht-uomo","12":"pa_herkunft-brasile","13":"pa_kontinent-sud-america","14":"lce-checkout-addons-imballaggio-invernale","16":"first","17":"instock","18":"sale","19":"taxable","20":"shipping-taxable","21":"purchasable","22":"product-type-variable"},"acf":[],"yoast_head":"<!-- This site is optimized with the Yoast SEO plugin v27.3 - https:\/\/yoast.com\/product\/yoast-seo-wordpress\/ -->\n<title>Acanthoscurria geniculata - Insektenliebe<\/title>\n<meta name=\"description\" content=\"Acquista a buon mercato l&#039;Acanthoscurria geniculata direttamente online. La famosa tarantola pu\u00f2 essere acquistata qui direttamente dall&#039;allevatore. Adatta anche ai principianti!\" \/>\n<meta name=\"robots\" content=\"index, follow, max-snippet:-1, max-image-preview:large, max-video-preview:-1\" \/>\n<link rel=\"canonical\" href=\"https:\/\/insektenliebe.com\/it\/shop\/prodotto\/acanthoscurria-geniculata\/\" \/>\n<meta property=\"og:locale\" content=\"it_IT\" \/>\n<meta property=\"og:type\" content=\"article\" \/>\n<meta property=\"og:title\" content=\"Acanthoscurria geniculata - Insektenliebe\" \/>\n<meta property=\"og:description\" content=\"Acquista a buon mercato l&#039;Acanthoscurria geniculata direttamente online. La famosa tarantola pu\u00f2 essere acquistata qui direttamente dall&#039;allevatore. Adatta anche ai principianti!\" \/>\n<meta property=\"og:url\" content=\"https:\/\/insektenliebe.com\/it\/shop\/prodotto\/acanthoscurria-geniculata\/\" \/>\n<meta property=\"og:site_name\" content=\"Insektenliebe\" \/>\n<meta property=\"article:modified_time\" content=\"2026-04-09T05:03:19+00:00\" \/>\n<meta property=\"og:image\" content=\"https:\/\/insektenliebe.com\/wp-content\/uploads\/2020\/07\/Acanthoscurria-geniculata-Seite.jpg\" \/>\n\t<meta property=\"og:image:width\" content=\"820\" \/>\n\t<meta property=\"og:image:height\" content=\"820\" \/>\n\t<meta property=\"og:image:type\" content=\"image\/jpeg\" \/>\n<meta name=\"twitter:card\" content=\"summary_large_image\" \/>\n<meta name=\"twitter:label1\" content=\"Tempo di lettura stimato\" \/>\n\t<meta name=\"twitter:data1\" content=\"2 minuto\" \/>\n<script type=\"application\/ld+json\" class=\"yoast-schema-graph\">{\"@context\":\"https:\\\/\\\/schema.org\",\"@graph\":[{\"@type\":\"WebPage\",\"@id\":\"https:\\\/\\\/insektenliebe.com\\\/it\\\/shop\\\/prodotto\\\/acanthoscurria-geniculata\\\/\",\"url\":\"https:\\\/\\\/insektenliebe.com\\\/it\\\/shop\\\/prodotto\\\/acanthoscurria-geniculata\\\/\",\"name\":\"Acanthoscurria geniculata - Insektenliebe\",\"isPartOf\":{\"@id\":\"https:\\\/\\\/insektenliebe.com\\\/it\\\/#website\"},\"primaryImageOfPage\":{\"@id\":\"https:\\\/\\\/insektenliebe.com\\\/it\\\/shop\\\/prodotto\\\/acanthoscurria-geniculata\\\/#primaryimage\"},\"image\":{\"@id\":\"https:\\\/\\\/insektenliebe.com\\\/it\\\/shop\\\/prodotto\\\/acanthoscurria-geniculata\\\/#primaryimage\"},\"thumbnailUrl\":\"https:\\\/\\\/insektenliebe.com\\\/wp-content\\\/uploads\\\/2020\\\/07\\\/Acanthoscurria-geniculata-Seite.jpg\",\"datePublished\":\"2020-07-10T11:00:37+00:00\",\"dateModified\":\"2026-04-09T05:03:19+00:00\",\"description\":\"Acquista a buon mercato l'Acanthoscurria geniculata direttamente online. La famosa tarantola pu\u00f2 essere acquistata qui direttamente dall'allevatore. Adatta anche ai principianti!\",\"breadcrumb\":{\"@id\":\"https:\\\/\\\/insektenliebe.com\\\/it\\\/shop\\\/prodotto\\\/acanthoscurria-geniculata\\\/#breadcrumb\"},\"inLanguage\":\"it-IT\",\"potentialAction\":[{\"@type\":\"ReadAction\",\"target\":[\"https:\\\/\\\/insektenliebe.com\\\/it\\\/shop\\\/prodotto\\\/acanthoscurria-geniculata\\\/\"]}]},{\"@type\":\"ImageObject\",\"inLanguage\":\"it-IT\",\"@id\":\"https:\\\/\\\/insektenliebe.com\\\/it\\\/shop\\\/prodotto\\\/acanthoscurria-geniculata\\\/#primaryimage\",\"url\":\"https:\\\/\\\/insektenliebe.com\\\/wp-content\\\/uploads\\\/2020\\\/07\\\/Acanthoscurria-geniculata-Seite.jpg\",\"contentUrl\":\"https:\\\/\\\/insektenliebe.com\\\/wp-content\\\/uploads\\\/2020\\\/07\\\/Acanthoscurria-geniculata-Seite.jpg\",\"width\":820,\"height\":820,\"caption\":\"Acanthoscurria geniculata- Pagina\"},{\"@type\":\"BreadcrumbList\",\"@id\":\"https:\\\/\\\/insektenliebe.com\\\/it\\\/shop\\\/prodotto\\\/acanthoscurria-geniculata\\\/#breadcrumb\",\"itemListElement\":[{\"@type\":\"ListItem\",\"position\":1,\"name\":\"Startseite\",\"item\":\"https:\\\/\\\/insektenliebe.com\\\/it\\\/\"},{\"@type\":\"ListItem\",\"position\":2,\"name\":\"Negozio\",\"item\":\"https:\\\/\\\/insektenliebe.com\\\/it\\\/negozio\\\/\"},{\"@type\":\"ListItem\",\"position\":3,\"name\":\"Acanthoscurria geniculata\"}]},{\"@type\":\"WebSite\",\"@id\":\"https:\\\/\\\/insektenliebe.com\\\/it\\\/#website\",\"url\":\"https:\\\/\\\/insektenliebe.com\\\/it\\\/\",\"name\":\"Insektenliebe\",\"description\":\"Dein Zuhause f\u00fcr die kleinen Lebewesen\",\"publisher\":{\"@id\":\"https:\\\/\\\/insektenliebe.com\\\/it\\\/#organization\"},\"potentialAction\":[{\"@type\":\"SearchAction\",\"target\":{\"@type\":\"EntryPoint\",\"urlTemplate\":\"https:\\\/\\\/insektenliebe.com\\\/it\\\/?s={search_term_string}\"},\"query-input\":{\"@type\":\"PropertyValueSpecification\",\"valueRequired\":true,\"valueName\":\"search_term_string\"}}],\"inLanguage\":\"it-IT\"},{\"@type\":\"Organization\",\"@id\":\"https:\\\/\\\/insektenliebe.com\\\/it\\\/#organization\",\"name\":\"Insektenliebe\",\"url\":\"https:\\\/\\\/insektenliebe.com\\\/it\\\/\",\"logo\":{\"@type\":\"ImageObject\",\"inLanguage\":\"it-IT\",\"@id\":\"https:\\\/\\\/insektenliebe.com\\\/it\\\/#\\\/schema\\\/logo\\\/image\\\/\",\"url\":\"https:\\\/\\\/insektenliebe.com\\\/wp-content\\\/uploads\\\/2025\\\/03\\\/logo-white.png\",\"contentUrl\":\"https:\\\/\\\/insektenliebe.com\\\/wp-content\\\/uploads\\\/2025\\\/03\\\/logo-white.png\",\"width\":288,\"height\":188,\"caption\":\"Insektenliebe\"},\"image\":{\"@id\":\"https:\\\/\\\/insektenliebe.com\\\/it\\\/#\\\/schema\\\/logo\\\/image\\\/\"}}]}<\/script>\n<!-- \/ Yoast SEO plugin. -->","yoast_head_json":{"title":"Acanthoscurria geniculata - Insektenliebe","description":"Acquista a buon mercato l'Acanthoscurria geniculata direttamente online. La famosa tarantola pu\u00f2 essere acquistata qui direttamente dall'allevatore. Adatta anche ai principianti!","robots":{"index":"index","follow":"follow","max-snippet":"max-snippet:-1","max-image-preview":"max-image-preview:large","max-video-preview":"max-video-preview:-1"},"canonical":"https:\/\/insektenliebe.com\/it\/shop\/prodotto\/acanthoscurria-geniculata\/","og_locale":"it_IT","og_type":"article","og_title":"Acanthoscurria geniculata - Insektenliebe","og_description":"Acquista a buon mercato l'Acanthoscurria geniculata direttamente online. La famosa tarantola pu\u00f2 essere acquistata qui direttamente dall'allevatore. Adatta anche ai principianti!","og_url":"https:\/\/insektenliebe.com\/it\/shop\/prodotto\/acanthoscurria-geniculata\/","og_site_name":"Insektenliebe","article_modified_time":"2026-04-09T05:03:19+00:00","og_image":[{"width":820,"height":820,"url":"https:\/\/insektenliebe.com\/wp-content\/uploads\/2020\/07\/Acanthoscurria-geniculata-Seite.jpg","type":"image\/jpeg"}],"twitter_card":"summary_large_image","twitter_misc":{"Tempo di lettura stimato":"2 minuto"},"schema":{"@context":"https:\/\/schema.org","@graph":[{"@type":"WebPage","@id":"https:\/\/insektenliebe.com\/it\/shop\/prodotto\/acanthoscurria-geniculata\/","url":"https:\/\/insektenliebe.com\/it\/shop\/prodotto\/acanthoscurria-geniculata\/","name":"Acanthoscurria geniculata - Insektenliebe","isPartOf":{"@id":"https:\/\/insektenliebe.com\/it\/#website"},"primaryImageOfPage":{"@id":"https:\/\/insektenliebe.com\/it\/shop\/prodotto\/acanthoscurria-geniculata\/#primaryimage"},"image":{"@id":"https:\/\/insektenliebe.com\/it\/shop\/prodotto\/acanthoscurria-geniculata\/#primaryimage"},"thumbnailUrl":"https:\/\/insektenliebe.com\/wp-content\/uploads\/2020\/07\/Acanthoscurria-geniculata-Seite.jpg","datePublished":"2020-07-10T11:00:37+00:00","dateModified":"2026-04-09T05:03:19+00:00","description":"Acquista a buon mercato l'Acanthoscurria geniculata direttamente online. La famosa tarantola pu\u00f2 essere acquistata qui direttamente dall'allevatore. Adatta anche ai principianti!","breadcrumb":{"@id":"https:\/\/insektenliebe.com\/it\/shop\/prodotto\/acanthoscurria-geniculata\/#breadcrumb"},"inLanguage":"it-IT","potentialAction":[{"@type":"ReadAction","target":["https:\/\/insektenliebe.com\/it\/shop\/prodotto\/acanthoscurria-geniculata\/"]}]},{"@type":"ImageObject","inLanguage":"it-IT","@id":"https:\/\/insektenliebe.com\/it\/shop\/prodotto\/acanthoscurria-geniculata\/#primaryimage","url":"https:\/\/insektenliebe.com\/wp-content\/uploads\/2020\/07\/Acanthoscurria-geniculata-Seite.jpg","contentUrl":"https:\/\/insektenliebe.com\/wp-content\/uploads\/2020\/07\/Acanthoscurria-geniculata-Seite.jpg","width":820,"height":820,"caption":"Acanthoscurria geniculata- Pagina"},{"@type":"BreadcrumbList","@id":"https:\/\/insektenliebe.com\/it\/shop\/prodotto\/acanthoscurria-geniculata\/#breadcrumb","itemListElement":[{"@type":"ListItem","position":1,"name":"Startseite","item":"https:\/\/insektenliebe.com\/it\/"},{"@type":"ListItem","position":2,"name":"Negozio","item":"https:\/\/insektenliebe.com\/it\/negozio\/"},{"@type":"ListItem","position":3,"name":"Acanthoscurria geniculata"}]},{"@type":"WebSite","@id":"https:\/\/insektenliebe.com\/it\/#website","url":"https:\/\/insektenliebe.com\/it\/","name":"Insektenliebe","description":"Dein Zuhause f\u00fcr die kleinen Lebewesen","publisher":{"@id":"https:\/\/insektenliebe.com\/it\/#organization"},"potentialAction":[{"@type":"SearchAction","target":{"@type":"EntryPoint","urlTemplate":"https:\/\/insektenliebe.com\/it\/?s={search_term_string}"},"query-input":{"@type":"PropertyValueSpecification","valueRequired":true,"valueName":"search_term_string"}}],"inLanguage":"it-IT"},{"@type":"Organization","@id":"https:\/\/insektenliebe.com\/it\/#organization","name":"Insektenliebe","url":"https:\/\/insektenliebe.com\/it\/","logo":{"@type":"ImageObject","inLanguage":"it-IT","@id":"https:\/\/insektenliebe.com\/it\/#\/schema\/logo\/image\/","url":"https:\/\/insektenliebe.com\/wp-content\/uploads\/2025\/03\/logo-white.png","contentUrl":"https:\/\/insektenliebe.com\/wp-content\/uploads\/2025\/03\/logo-white.png","width":288,"height":188,"caption":"Insektenliebe"},"image":{"@id":"https:\/\/insektenliebe.com\/it\/#\/schema\/logo\/image\/"}}]}},"_links":{"self":[{"href":"https:\/\/insektenliebe.com\/it\/wp-json\/wp\/v2\/product\/190393","targetHints":{"allow":["GET"]}}],"collection":[{"href":"https:\/\/insektenliebe.com\/it\/wp-json\/wp\/v2\/product"}],"about":[{"href":"https:\/\/insektenliebe.com\/it\/wp-json\/wp\/v2\/types\/product"}],"wp:featuredmedia":[{"embeddable":true,"href":"https:\/\/insektenliebe.com\/it\/wp-json\/wp\/v2\/media\/186355"}],"wp:attachment":[{"href":"https:\/\/insektenliebe.com\/it\/wp-json\/wp\/v2\/media?parent=190393"}],"wp:term":[{"taxonomy":"product-supplier","embeddable":true,"href":"https:\/\/insektenliebe.com\/it\/wp-json\/wp\/v2\/product-supplier?post=190393"},{"taxonomy":"product_brand","embeddable":true,"href":"https:\/\/insektenliebe.com\/it\/wp-json\/wp\/v2\/product_brand?post=190393"},{"taxonomy":"product_cat","embeddable":true,"href":"https:\/\/insektenliebe.com\/it\/wp-json\/wp\/v2\/product_cat?post=190393"},{"taxonomy":"product_tag","embeddable":true,"href":"https:\/\/insektenliebe.com\/it\/wp-json\/wp\/v2\/product_tag?post=190393"},{"taxonomy":"lce-checkout-addons","embeddable":true,"href":"https:\/\/insektenliebe.com\/it\/wp-json\/wp\/v2\/lce-checkout-addons?post=190393"}],"curies":[{"name":"wp","href":"https:\/\/api.w.org\/{rel}","templated":true}]}}