{"id":190377,"date":"2022-01-29T15:01:00","date_gmt":"2022-01-29T14:01:00","guid":{"rendered":"https:\/\/insektenliebe.com\/shop\/produkt\/set-di-prolunghe-per-ugelli-monsonici-exo-terra\/"},"modified":"2026-03-02T18:54:42","modified_gmt":"2026-03-02T17:54:42","slug":"set-di-prolunghe-per-ugelli-monsonici-exo-terra","status":"publish","type":"product","link":"https:\/\/insektenliebe.com\/it\/shop\/prodotto\/set-di-prolunghe-per-ugelli-monsonici-exo-terra\/","title":{"rendered":"Set di prolunghe per ugelli monsonici Exo Terra"},"content":{"rendered":"<h3><span class=\"s1\" style=\"color: #99cc33;\">Set di prolunghe per ugelli Exo Terra Monsoon - Espandibile fino a 6 ugelli<\/span><\/h3>\n<p class=\"p1\"><span class=\"s1\">Il <\/span><strong><span class=\"s2\">Set di prolunghe per ugelli a spruzzo Exo Terra Monsoon<\/span><\/strong><span class=\"s1\">  espande il tuo sistema di irrigazione Monsoon esistente in modo semplice e veloce. Grazie all&#8217;ugello aggiuntivo, puoi fornire umidit\u00e0 ai terrari pi\u00f9 grandi in modo pi\u00f9 uniforme o collegare diverse vasche a un sistema centrale. In questo modo potrai creare le condizioni climatiche stabili di cui hanno bisogno soprattutto gli animali e le piante tropicali.  <\/span><\/p>\n<p class=\"p1\"><span class=\"s1\">L&#8217;installazione \u00e8 semplice e non richiede strumenti speciali. Puoi integrare l&#8217;ugello aggiuntivo direttamente nel sistema di tubi esistente e posizionarlo nel punto in cui \u00e8 necessaria una nebulizzazione aggiuntiva. In questo modo potrai raggiungere le aree pi\u00f9 alte o le zone pi\u00f9 difficili da raggiungere del terrario.  <\/span><\/p>\n<p class=\"p1\"><span class=\"s1\">Il sistema di irrigazione Exo Terra Monsoon SOLO II pu\u00f2 essere ampliato fino a due ugelli con questo set. Il pi\u00f9 potente Monsoon MULTI II supporta addirittura fino a sei ugelli. Questo ti permette di adattare in modo flessibile il sistema alle dimensioni e alla struttura del tuo terrario.  <\/span><\/p>\n<p class=\"p1\"><span class=\"s1\">La nebbia prodotta \u00e8 fine e uniforme. In questo modo aumenta l&#8217;umidit\u00e0 in modo controllato senza creare gocce grossolane. Le piante beneficiano di una delicata bagnatura, mentre rettili e anfibi godono di un microclima naturale. Soprattutto per le specie con un elevato fabbisogno di umidit\u00e0, l&#8217;irrigazione uniforme migliora notevolmente il loro benessere.   <\/span><\/p>\n<p class=\"p1\"><span class=\"s1\">Se il tuo sistema cresce o se colleghi altri terrari, questo set di prolunghe ti offre la massima flessibilit\u00e0. In combinazione con i connettori a Y e i tubi di prolunga, crea un sistema modulare che puoi personalizzare in qualsiasi momento. <\/span><\/p>\n<p class=\"p1\"><span class=\"s1\">Il <\/span><strong><span class=\"s2\">Set di prolunghe per ugelli a spruzzo Exo Terra Monsoon<\/span><\/strong><span class=\"s1\">  \u00e8 la soluzione ideale per chi vuole aggiornare il proprio impianto di irrigazione professionale. Garantisce una maggiore portata, una distribuzione uniforme della nebbia e livelli di umidit\u00e0 stabili nel terrario. <\/span><\/p>\n","protected":false},"excerpt":{"rendered":"<p>Set di prolunghe per ugelli Exo Terra Monsoon - Espandibile fino a 6 ugelli Il Set di prolunghe per ugelli a spruzzo Exo Terra Monsoon espande il tuo sistema di irrigazione Monsoon esistente in modo semplice e veloce. Grazie all&#8217;ugello aggiuntivo, puoi fornire umidit\u00e0 ai terrari pi\u00f9 grandi in modo pi\u00f9 uniforme o collegare diverse [&hellip;]<\/p>\n","protected":false},"featured_media":190378,"template":"","meta":{"_acf_changed":false},"product-supplier":[2554],"product_brand":[3027],"product_cat":[2741],"product_tag":[],"lce-checkout-addons":[],"class_list":{"0":"post-190377","1":"product","2":"type-product","3":"status-publish","4":"has-post-thumbnail","6":"product_brand-exo-terra","7":"product_cat-illuminazione-e-clima","8":"product_shipping_class-equipment-shipping","10":"first","11":"instock","12":"sale","13":"taxable","14":"shipping-taxable","15":"purchasable","16":"product-type-simple"},"acf":[],"yoast_head":"<!-- This site is optimized with the Yoast SEO plugin v27.3 - https:\/\/yoast.com\/product\/yoast-seo-wordpress\/ -->\n<title>Set di prolunghe per ugelli monsonici Exo Terra - Insektenliebe<\/title>\n<meta name=\"description\" content=\"Set di prolunghe per ugelli Exo Terra Monsoon - ugello aggiuntivo per SOLO II e MULTI II. Maggiore portata e flessibilit\u00e0 di irrigazione.\" \/>\n<meta name=\"robots\" content=\"index, follow, max-snippet:-1, max-image-preview:large, max-video-preview:-1\" \/>\n<link rel=\"canonical\" href=\"https:\/\/insektenliebe.com\/it\/shop\/prodotto\/set-di-prolunghe-per-ugelli-monsonici-exo-terra\/\" \/>\n<meta property=\"og:locale\" content=\"it_IT\" \/>\n<meta property=\"og:type\" content=\"article\" \/>\n<meta property=\"og:title\" content=\"Set di prolunghe per ugelli monsonici Exo Terra - Insektenliebe\" \/>\n<meta property=\"og:description\" content=\"Set di prolunghe per ugelli Exo Terra Monsoon - ugello aggiuntivo per SOLO II e MULTI II. Maggiore portata e flessibilit\u00e0 di irrigazione.\" \/>\n<meta property=\"og:url\" content=\"https:\/\/insektenliebe.com\/it\/shop\/prodotto\/set-di-prolunghe-per-ugelli-monsonici-exo-terra\/\" \/>\n<meta property=\"og:site_name\" content=\"Insektenliebe\" \/>\n<meta property=\"article:modified_time\" content=\"2026-03-02T17:54:42+00:00\" \/>\n<meta property=\"og:image\" content=\"https:\/\/insektenliebe.com\/wp-content\/uploads\/2025\/05\/Exo-Terra-Monsoon-Spruehduesen-Erweiterungsset-2.jpg\" \/>\n\t<meta property=\"og:image:width\" content=\"820\" \/>\n\t<meta property=\"og:image:height\" content=\"820\" \/>\n\t<meta property=\"og:image:type\" content=\"image\/jpeg\" \/>\n<meta name=\"twitter:card\" content=\"summary_large_image\" \/>\n<meta name=\"twitter:label1\" content=\"Tempo di lettura stimato\" \/>\n\t<meta name=\"twitter:data1\" content=\"2 minuto\" \/>\n<script type=\"application\/ld+json\" class=\"yoast-schema-graph\">{\"@context\":\"https:\\\/\\\/schema.org\",\"@graph\":[{\"@type\":\"WebPage\",\"@id\":\"https:\\\/\\\/insektenliebe.com\\\/it\\\/shop\\\/prodotto\\\/set-di-prolunghe-per-ugelli-monsonici-exo-terra\\\/\",\"url\":\"https:\\\/\\\/insektenliebe.com\\\/it\\\/shop\\\/prodotto\\\/set-di-prolunghe-per-ugelli-monsonici-exo-terra\\\/\",\"name\":\"Set di prolunghe per ugelli monsonici Exo Terra - Insektenliebe\",\"isPartOf\":{\"@id\":\"https:\\\/\\\/insektenliebe.com\\\/it\\\/#website\"},\"primaryImageOfPage\":{\"@id\":\"https:\\\/\\\/insektenliebe.com\\\/it\\\/shop\\\/prodotto\\\/set-di-prolunghe-per-ugelli-monsonici-exo-terra\\\/#primaryimage\"},\"image\":{\"@id\":\"https:\\\/\\\/insektenliebe.com\\\/it\\\/shop\\\/prodotto\\\/set-di-prolunghe-per-ugelli-monsonici-exo-terra\\\/#primaryimage\"},\"thumbnailUrl\":\"https:\\\/\\\/insektenliebe.com\\\/wp-content\\\/uploads\\\/2025\\\/05\\\/Exo-Terra-Monsoon-Spruehduesen-Erweiterungsset-2.jpg\",\"datePublished\":\"2022-01-29T14:01:00+00:00\",\"dateModified\":\"2026-03-02T17:54:42+00:00\",\"description\":\"Set di prolunghe per ugelli Exo Terra Monsoon - ugello aggiuntivo per SOLO II e MULTI II. Maggiore portata e flessibilit\u00e0 di irrigazione.\",\"breadcrumb\":{\"@id\":\"https:\\\/\\\/insektenliebe.com\\\/it\\\/shop\\\/prodotto\\\/set-di-prolunghe-per-ugelli-monsonici-exo-terra\\\/#breadcrumb\"},\"inLanguage\":\"it-IT\",\"potentialAction\":[{\"@type\":\"ReadAction\",\"target\":[\"https:\\\/\\\/insektenliebe.com\\\/it\\\/shop\\\/prodotto\\\/set-di-prolunghe-per-ugelli-monsonici-exo-terra\\\/\"]}]},{\"@type\":\"ImageObject\",\"inLanguage\":\"it-IT\",\"@id\":\"https:\\\/\\\/insektenliebe.com\\\/it\\\/shop\\\/prodotto\\\/set-di-prolunghe-per-ugelli-monsonici-exo-terra\\\/#primaryimage\",\"url\":\"https:\\\/\\\/insektenliebe.com\\\/wp-content\\\/uploads\\\/2025\\\/05\\\/Exo-Terra-Monsoon-Spruehduesen-Erweiterungsset-2.jpg\",\"contentUrl\":\"https:\\\/\\\/insektenliebe.com\\\/wp-content\\\/uploads\\\/2025\\\/05\\\/Exo-Terra-Monsoon-Spruehduesen-Erweiterungsset-2.jpg\",\"width\":820,\"height\":820,\"caption\":\"Exo-Terra-Monsoon-Spruehduesen-Erweiterungsset-2.jpg\"},{\"@type\":\"BreadcrumbList\",\"@id\":\"https:\\\/\\\/insektenliebe.com\\\/it\\\/shop\\\/prodotto\\\/set-di-prolunghe-per-ugelli-monsonici-exo-terra\\\/#breadcrumb\",\"itemListElement\":[{\"@type\":\"ListItem\",\"position\":1,\"name\":\"Startseite\",\"item\":\"https:\\\/\\\/insektenliebe.com\\\/it\\\/\"},{\"@type\":\"ListItem\",\"position\":2,\"name\":\"Negozio\",\"item\":\"https:\\\/\\\/insektenliebe.com\\\/it\\\/negozio\\\/\"},{\"@type\":\"ListItem\",\"position\":3,\"name\":\"Set di prolunghe per ugelli monsonici Exo Terra\"}]},{\"@type\":\"WebSite\",\"@id\":\"https:\\\/\\\/insektenliebe.com\\\/it\\\/#website\",\"url\":\"https:\\\/\\\/insektenliebe.com\\\/it\\\/\",\"name\":\"Insektenliebe\",\"description\":\"Dein Zuhause f\u00fcr die kleinen Lebewesen\",\"publisher\":{\"@id\":\"https:\\\/\\\/insektenliebe.com\\\/it\\\/#organization\"},\"potentialAction\":[{\"@type\":\"SearchAction\",\"target\":{\"@type\":\"EntryPoint\",\"urlTemplate\":\"https:\\\/\\\/insektenliebe.com\\\/it\\\/?s={search_term_string}\"},\"query-input\":{\"@type\":\"PropertyValueSpecification\",\"valueRequired\":true,\"valueName\":\"search_term_string\"}}],\"inLanguage\":\"it-IT\"},{\"@type\":\"Organization\",\"@id\":\"https:\\\/\\\/insektenliebe.com\\\/it\\\/#organization\",\"name\":\"Insektenliebe\",\"url\":\"https:\\\/\\\/insektenliebe.com\\\/it\\\/\",\"logo\":{\"@type\":\"ImageObject\",\"inLanguage\":\"it-IT\",\"@id\":\"https:\\\/\\\/insektenliebe.com\\\/it\\\/#\\\/schema\\\/logo\\\/image\\\/\",\"url\":\"https:\\\/\\\/insektenliebe.com\\\/wp-content\\\/uploads\\\/2025\\\/03\\\/logo-white.png\",\"contentUrl\":\"https:\\\/\\\/insektenliebe.com\\\/wp-content\\\/uploads\\\/2025\\\/03\\\/logo-white.png\",\"width\":288,\"height\":188,\"caption\":\"Insektenliebe\"},\"image\":{\"@id\":\"https:\\\/\\\/insektenliebe.com\\\/it\\\/#\\\/schema\\\/logo\\\/image\\\/\"}}]}<\/script>\n<!-- \/ Yoast SEO plugin. -->","yoast_head_json":{"title":"Set di prolunghe per ugelli monsonici Exo Terra - Insektenliebe","description":"Set di prolunghe per ugelli Exo Terra Monsoon - ugello aggiuntivo per SOLO II e MULTI II. Maggiore portata e flessibilit\u00e0 di irrigazione.","robots":{"index":"index","follow":"follow","max-snippet":"max-snippet:-1","max-image-preview":"max-image-preview:large","max-video-preview":"max-video-preview:-1"},"canonical":"https:\/\/insektenliebe.com\/it\/shop\/prodotto\/set-di-prolunghe-per-ugelli-monsonici-exo-terra\/","og_locale":"it_IT","og_type":"article","og_title":"Set di prolunghe per ugelli monsonici Exo Terra - Insektenliebe","og_description":"Set di prolunghe per ugelli Exo Terra Monsoon - ugello aggiuntivo per SOLO II e MULTI II. Maggiore portata e flessibilit\u00e0 di irrigazione.","og_url":"https:\/\/insektenliebe.com\/it\/shop\/prodotto\/set-di-prolunghe-per-ugelli-monsonici-exo-terra\/","og_site_name":"Insektenliebe","article_modified_time":"2026-03-02T17:54:42+00:00","og_image":[{"width":820,"height":820,"url":"https:\/\/insektenliebe.com\/wp-content\/uploads\/2025\/05\/Exo-Terra-Monsoon-Spruehduesen-Erweiterungsset-2.jpg","type":"image\/jpeg"}],"twitter_card":"summary_large_image","twitter_misc":{"Tempo di lettura stimato":"2 minuto"},"schema":{"@context":"https:\/\/schema.org","@graph":[{"@type":"WebPage","@id":"https:\/\/insektenliebe.com\/it\/shop\/prodotto\/set-di-prolunghe-per-ugelli-monsonici-exo-terra\/","url":"https:\/\/insektenliebe.com\/it\/shop\/prodotto\/set-di-prolunghe-per-ugelli-monsonici-exo-terra\/","name":"Set di prolunghe per ugelli monsonici Exo Terra - Insektenliebe","isPartOf":{"@id":"https:\/\/insektenliebe.com\/it\/#website"},"primaryImageOfPage":{"@id":"https:\/\/insektenliebe.com\/it\/shop\/prodotto\/set-di-prolunghe-per-ugelli-monsonici-exo-terra\/#primaryimage"},"image":{"@id":"https:\/\/insektenliebe.com\/it\/shop\/prodotto\/set-di-prolunghe-per-ugelli-monsonici-exo-terra\/#primaryimage"},"thumbnailUrl":"https:\/\/insektenliebe.com\/wp-content\/uploads\/2025\/05\/Exo-Terra-Monsoon-Spruehduesen-Erweiterungsset-2.jpg","datePublished":"2022-01-29T14:01:00+00:00","dateModified":"2026-03-02T17:54:42+00:00","description":"Set di prolunghe per ugelli Exo Terra Monsoon - ugello aggiuntivo per SOLO II e MULTI II. Maggiore portata e flessibilit\u00e0 di irrigazione.","breadcrumb":{"@id":"https:\/\/insektenliebe.com\/it\/shop\/prodotto\/set-di-prolunghe-per-ugelli-monsonici-exo-terra\/#breadcrumb"},"inLanguage":"it-IT","potentialAction":[{"@type":"ReadAction","target":["https:\/\/insektenliebe.com\/it\/shop\/prodotto\/set-di-prolunghe-per-ugelli-monsonici-exo-terra\/"]}]},{"@type":"ImageObject","inLanguage":"it-IT","@id":"https:\/\/insektenliebe.com\/it\/shop\/prodotto\/set-di-prolunghe-per-ugelli-monsonici-exo-terra\/#primaryimage","url":"https:\/\/insektenliebe.com\/wp-content\/uploads\/2025\/05\/Exo-Terra-Monsoon-Spruehduesen-Erweiterungsset-2.jpg","contentUrl":"https:\/\/insektenliebe.com\/wp-content\/uploads\/2025\/05\/Exo-Terra-Monsoon-Spruehduesen-Erweiterungsset-2.jpg","width":820,"height":820,"caption":"Exo-Terra-Monsoon-Spruehduesen-Erweiterungsset-2.jpg"},{"@type":"BreadcrumbList","@id":"https:\/\/insektenliebe.com\/it\/shop\/prodotto\/set-di-prolunghe-per-ugelli-monsonici-exo-terra\/#breadcrumb","itemListElement":[{"@type":"ListItem","position":1,"name":"Startseite","item":"https:\/\/insektenliebe.com\/it\/"},{"@type":"ListItem","position":2,"name":"Negozio","item":"https:\/\/insektenliebe.com\/it\/negozio\/"},{"@type":"ListItem","position":3,"name":"Set di prolunghe per ugelli monsonici Exo Terra"}]},{"@type":"WebSite","@id":"https:\/\/insektenliebe.com\/it\/#website","url":"https:\/\/insektenliebe.com\/it\/","name":"Insektenliebe","description":"Dein Zuhause f\u00fcr die kleinen Lebewesen","publisher":{"@id":"https:\/\/insektenliebe.com\/it\/#organization"},"potentialAction":[{"@type":"SearchAction","target":{"@type":"EntryPoint","urlTemplate":"https:\/\/insektenliebe.com\/it\/?s={search_term_string}"},"query-input":{"@type":"PropertyValueSpecification","valueRequired":true,"valueName":"search_term_string"}}],"inLanguage":"it-IT"},{"@type":"Organization","@id":"https:\/\/insektenliebe.com\/it\/#organization","name":"Insektenliebe","url":"https:\/\/insektenliebe.com\/it\/","logo":{"@type":"ImageObject","inLanguage":"it-IT","@id":"https:\/\/insektenliebe.com\/it\/#\/schema\/logo\/image\/","url":"https:\/\/insektenliebe.com\/wp-content\/uploads\/2025\/03\/logo-white.png","contentUrl":"https:\/\/insektenliebe.com\/wp-content\/uploads\/2025\/03\/logo-white.png","width":288,"height":188,"caption":"Insektenliebe"},"image":{"@id":"https:\/\/insektenliebe.com\/it\/#\/schema\/logo\/image\/"}}]}},"_links":{"self":[{"href":"https:\/\/insektenliebe.com\/it\/wp-json\/wp\/v2\/product\/190377","targetHints":{"allow":["GET"]}}],"collection":[{"href":"https:\/\/insektenliebe.com\/it\/wp-json\/wp\/v2\/product"}],"about":[{"href":"https:\/\/insektenliebe.com\/it\/wp-json\/wp\/v2\/types\/product"}],"wp:featuredmedia":[{"embeddable":true,"href":"https:\/\/insektenliebe.com\/it\/wp-json\/wp\/v2\/media\/190378"}],"wp:attachment":[{"href":"https:\/\/insektenliebe.com\/it\/wp-json\/wp\/v2\/media?parent=190377"}],"wp:term":[{"taxonomy":"product-supplier","embeddable":true,"href":"https:\/\/insektenliebe.com\/it\/wp-json\/wp\/v2\/product-supplier?post=190377"},{"taxonomy":"product_brand","embeddable":true,"href":"https:\/\/insektenliebe.com\/it\/wp-json\/wp\/v2\/product_brand?post=190377"},{"taxonomy":"product_cat","embeddable":true,"href":"https:\/\/insektenliebe.com\/it\/wp-json\/wp\/v2\/product_cat?post=190377"},{"taxonomy":"product_tag","embeddable":true,"href":"https:\/\/insektenliebe.com\/it\/wp-json\/wp\/v2\/product_tag?post=190377"},{"taxonomy":"lce-checkout-addons","embeddable":true,"href":"https:\/\/insektenliebe.com\/it\/wp-json\/wp\/v2\/lce-checkout-addons?post=190377"}],"curies":[{"name":"wp","href":"https:\/\/api.w.org\/{rel}","templated":true}]}}