{"id":190370,"date":"2020-08-13T11:04:19","date_gmt":"2020-08-13T11:04:19","guid":{"rendered":"https:\/\/insektenliebe.com\/shop\/produkt\/crusca-di-grano\/"},"modified":"2026-03-24T10:48:19","modified_gmt":"2026-03-24T09:48:19","slug":"crusca-di-grano","status":"publish","type":"product","link":"https:\/\/insektenliebe.com\/it\/shop\/prodotto\/crusca-di-grano\/","title":{"rendered":"Crusca di grano"},"content":{"rendered":"<div class=\"widget-inner col-xl-7 widget-prop-xl-2-1 col-lg-7 widget-prop-lg-2-1 col-md-6 widget-prop-md-3-1 col-sm-12 widget-prop-sm-3-1 widget-stacked-mobile col-12 widget-prop-3-1 widget-stacked-mobile\">\n<div class=\"widget widget-item-image widget-primary \">\n<div id=\"thumb-carousel\" class=\"owl-thumbs owl-carousel owl-theme owl-single-item owl-loaded\">\n<div class=\"owl-stage-outer owl-height\">\n<div class=\"owl-stage\">\n<div class=\"owl-item active\">\n<div class=\"prop-1-1\">\n<div class=\"image-container\">\n<h3 class=\"p1\"><span style=\"color: #99cc33;\"><strong><span class=\"s1\">Crusca di frumento: la base comprovata per animali sani da mangiare<\/span><\/strong><\/span><\/h3>\n<p class=\"p1\"><span class=\"s1\">La <strong>crusca di grano<\/strong> \u00e8 un vero e proprio classico della terraristica. Costituisce la base ideale per nutrire molti insetti da pasto. Tra questi ci sono grilli, grillini, scarafaggi e cavallette. La <strong>crusca di grano<\/strong> \u00e8 facile da offrire grazie alla sua struttura fine. Allo stesso tempo, gli animali la accettano molto bene.    <\/span><\/p>\n<p class=\"p1\"><span class=\"s1\">La crusca \u00e8 costituita dagli strati esterni del chicco di grano. Contiene fibre, proteine vegetali e preziosi minerali. Questi nutrienti forniscono energia agli animali. Inoltre, favoriscono la digestione e la crescita. Soprattutto negli allevamenti, la <strong>crusca di grano<\/strong> assicura popolazioni stabili e attive.    <\/span><\/p>\n<p class=\"p1\"><span class=\"s1\">La <strong>crusca di frumento<\/strong> \u00e8 un eccellente mangime di base. Puoi offrirla da sola. Tuttavia, puoi anche combinarla con altri mangimi per isopodi, verdure o componenti proteici. In questo modo si crea un&#8217;alimentazione equilibrata. Questa combinazione favorisce la vitalit\u00e0 e la riproduzione, soprattutto di scarafaggi e grilli.    <\/span><\/p>\n<p class=\"p1\"><span class=\"s1\">Anche alle cocciniglie piace utilizzare la <strong>crusca di grano<\/strong>. Ne grattugiano le particelle sottili. Allo stesso tempo, la crusca funge da struttura aggiuntiva nel substrato. In un ambiente leggermente umido, inoltre, viene colonizzata da microrganismi. Questa microfauna migliora ulteriormente il valore nutrizionale. In questo modo si crea un ciclo naturale di alimentazione nel terrario.     <\/span><\/p>\n<p class=\"p1\"><span class=\"s1\">L&#8217;applicazione \u00e8 molto semplice. Cospargi una piccola quantit\u00e0 di <strong>crusca di grano<\/strong> nella ciotola del cibo o direttamente su un punto asciutto del substrato. Assicurati di aggiungere piccole quantit\u00e0 regolarmente. In questo modo si evita la formazione di muffe e si mantiene il cibo fresco.   <\/span><\/p>\n<p class=\"p1\"><span class=\"s1\">La <strong>crusca di grano<\/strong> ha una lunga durata di conservazione. \u00c8 facile da conservare. Inoltre \u00e8 molto economica. Per questo motivo \u00e8 adatta sia alle piccole aziende agricole che agli allevamenti pi\u00f9 grandi.   <\/span><\/p>\n<p class=\"p1\"><span class=\"s1\">La <strong>crusca di frumento<\/strong> \u00e8 un mangime di base versatile e collaudato. Supporta in modo affidabile i tuoi animali da reddito. E costituisce la base perfetta per un allevamento e una riproduzione di successo.  <\/span><\/p>\n<\/div>\n<div><\/div>\n<div><strong>Ingredienti:<\/strong><\/div>\n<div class=\"image-container\">Fibra grezza: 12,5%<br \/>\nAcqua: max. 14,5%<\/div>\n<\/div>\n<\/div>\n<\/div>\n<\/div>\n<\/div>\n<\/div>\n<\/div>\n","protected":false},"excerpt":{"rendered":"<p>1250 ml. Crusca di grano, una fonte economica di proteine con un alto contenuto di fibre! <\/p>\n","protected":false},"featured_media":190372,"template":"","meta":{"_acf_changed":false},"product-supplier":[],"product_brand":[],"product_cat":[2815],"product_tag":[],"lce-checkout-addons":[],"class_list":{"0":"post-190370","1":"product","2":"type-product","3":"status-publish","4":"has-post-thumbnail","6":"product_cat-cibo-e-calcio","7":"product_shipping_class-equipment-shipping","9":"first","10":"instock","11":"taxable","12":"shipping-taxable","13":"purchasable","14":"product-type-simple"},"acf":[],"yoast_head":"<!-- This site is optimized with the Yoast SEO plugin v27.3 - https:\/\/yoast.com\/product\/yoast-seo-wordpress\/ -->\n<title>Crusca di grano - Insektenliebe<\/title>\n<meta name=\"description\" content=\"Crusca di grano - alimento di base comprovato per isopodi, scarafaggi e insetti nutrici. Ideale come alimento di base e per favorire la riproduzione.\" \/>\n<meta name=\"robots\" content=\"index, follow, max-snippet:-1, max-image-preview:large, max-video-preview:-1\" \/>\n<link rel=\"canonical\" href=\"https:\/\/insektenliebe.com\/it\/shop\/prodotto\/crusca-di-grano\/\" \/>\n<meta property=\"og:locale\" content=\"it_IT\" \/>\n<meta property=\"og:type\" content=\"article\" \/>\n<meta property=\"og:title\" content=\"Crusca di grano - Insektenliebe\" \/>\n<meta property=\"og:description\" content=\"Crusca di grano - alimento di base comprovato per isopodi, scarafaggi e insetti nutrici. Ideale come alimento di base e per favorire la riproduzione.\" \/>\n<meta property=\"og:url\" content=\"https:\/\/insektenliebe.com\/it\/shop\/prodotto\/crusca-di-grano\/\" \/>\n<meta property=\"og:site_name\" content=\"Insektenliebe\" \/>\n<meta property=\"article:modified_time\" content=\"2026-03-24T09:48:19+00:00\" \/>\n<meta property=\"og:image\" content=\"https:\/\/insektenliebe.com\/wp-content\/uploads\/2020\/08\/Weizenkleie-2.jpg\" \/>\n\t<meta property=\"og:image:width\" content=\"820\" \/>\n\t<meta property=\"og:image:height\" content=\"820\" \/>\n\t<meta property=\"og:image:type\" content=\"image\/jpeg\" \/>\n<meta name=\"twitter:card\" content=\"summary_large_image\" \/>\n<meta name=\"twitter:label1\" content=\"Tempo di lettura stimato\" \/>\n\t<meta name=\"twitter:data1\" content=\"2 minuto\" \/>\n<script type=\"application\/ld+json\" class=\"yoast-schema-graph\">{\"@context\":\"https:\\\/\\\/schema.org\",\"@graph\":[{\"@type\":\"WebPage\",\"@id\":\"https:\\\/\\\/insektenliebe.com\\\/it\\\/shop\\\/prodotto\\\/crusca-di-grano\\\/\",\"url\":\"https:\\\/\\\/insektenliebe.com\\\/it\\\/shop\\\/prodotto\\\/crusca-di-grano\\\/\",\"name\":\"Crusca di grano - Insektenliebe\",\"isPartOf\":{\"@id\":\"https:\\\/\\\/insektenliebe.com\\\/it\\\/#website\"},\"primaryImageOfPage\":{\"@id\":\"https:\\\/\\\/insektenliebe.com\\\/it\\\/shop\\\/prodotto\\\/crusca-di-grano\\\/#primaryimage\"},\"image\":{\"@id\":\"https:\\\/\\\/insektenliebe.com\\\/it\\\/shop\\\/prodotto\\\/crusca-di-grano\\\/#primaryimage\"},\"thumbnailUrl\":\"https:\\\/\\\/insektenliebe.com\\\/wp-content\\\/uploads\\\/2020\\\/08\\\/Weizenkleie-2.jpg\",\"datePublished\":\"2020-08-13T11:04:19+00:00\",\"dateModified\":\"2026-03-24T09:48:19+00:00\",\"description\":\"Crusca di grano - alimento di base comprovato per isopodi, scarafaggi e insetti nutrici. Ideale come alimento di base e per favorire la riproduzione.\",\"breadcrumb\":{\"@id\":\"https:\\\/\\\/insektenliebe.com\\\/it\\\/shop\\\/prodotto\\\/crusca-di-grano\\\/#breadcrumb\"},\"inLanguage\":\"it-IT\",\"potentialAction\":[{\"@type\":\"ReadAction\",\"target\":[\"https:\\\/\\\/insektenliebe.com\\\/it\\\/shop\\\/prodotto\\\/crusca-di-grano\\\/\"]}]},{\"@type\":\"ImageObject\",\"inLanguage\":\"it-IT\",\"@id\":\"https:\\\/\\\/insektenliebe.com\\\/it\\\/shop\\\/prodotto\\\/crusca-di-grano\\\/#primaryimage\",\"url\":\"https:\\\/\\\/insektenliebe.com\\\/wp-content\\\/uploads\\\/2020\\\/08\\\/Weizenkleie-2.jpg\",\"contentUrl\":\"https:\\\/\\\/insektenliebe.com\\\/wp-content\\\/uploads\\\/2020\\\/08\\\/Weizenkleie-2.jpg\",\"width\":820,\"height\":820,\"caption\":\"Crusca di grano\"},{\"@type\":\"BreadcrumbList\",\"@id\":\"https:\\\/\\\/insektenliebe.com\\\/it\\\/shop\\\/prodotto\\\/crusca-di-grano\\\/#breadcrumb\",\"itemListElement\":[{\"@type\":\"ListItem\",\"position\":1,\"name\":\"Startseite\",\"item\":\"https:\\\/\\\/insektenliebe.com\\\/it\\\/\"},{\"@type\":\"ListItem\",\"position\":2,\"name\":\"Negozio\",\"item\":\"https:\\\/\\\/insektenliebe.com\\\/it\\\/negozio\\\/\"},{\"@type\":\"ListItem\",\"position\":3,\"name\":\"Crusca di grano\"}]},{\"@type\":\"WebSite\",\"@id\":\"https:\\\/\\\/insektenliebe.com\\\/it\\\/#website\",\"url\":\"https:\\\/\\\/insektenliebe.com\\\/it\\\/\",\"name\":\"Insektenliebe\",\"description\":\"Dein Zuhause f\u00fcr die kleinen Lebewesen\",\"publisher\":{\"@id\":\"https:\\\/\\\/insektenliebe.com\\\/it\\\/#organization\"},\"potentialAction\":[{\"@type\":\"SearchAction\",\"target\":{\"@type\":\"EntryPoint\",\"urlTemplate\":\"https:\\\/\\\/insektenliebe.com\\\/it\\\/?s={search_term_string}\"},\"query-input\":{\"@type\":\"PropertyValueSpecification\",\"valueRequired\":true,\"valueName\":\"search_term_string\"}}],\"inLanguage\":\"it-IT\"},{\"@type\":\"Organization\",\"@id\":\"https:\\\/\\\/insektenliebe.com\\\/it\\\/#organization\",\"name\":\"Insektenliebe\",\"url\":\"https:\\\/\\\/insektenliebe.com\\\/it\\\/\",\"logo\":{\"@type\":\"ImageObject\",\"inLanguage\":\"it-IT\",\"@id\":\"https:\\\/\\\/insektenliebe.com\\\/it\\\/#\\\/schema\\\/logo\\\/image\\\/\",\"url\":\"https:\\\/\\\/insektenliebe.com\\\/wp-content\\\/uploads\\\/2025\\\/03\\\/logo-white.png\",\"contentUrl\":\"https:\\\/\\\/insektenliebe.com\\\/wp-content\\\/uploads\\\/2025\\\/03\\\/logo-white.png\",\"width\":288,\"height\":188,\"caption\":\"Insektenliebe\"},\"image\":{\"@id\":\"https:\\\/\\\/insektenliebe.com\\\/it\\\/#\\\/schema\\\/logo\\\/image\\\/\"}}]}<\/script>\n<!-- \/ Yoast SEO plugin. -->","yoast_head_json":{"title":"Crusca di grano - Insektenliebe","description":"Crusca di grano - alimento di base comprovato per isopodi, scarafaggi e insetti nutrici. Ideale come alimento di base e per favorire la riproduzione.","robots":{"index":"index","follow":"follow","max-snippet":"max-snippet:-1","max-image-preview":"max-image-preview:large","max-video-preview":"max-video-preview:-1"},"canonical":"https:\/\/insektenliebe.com\/it\/shop\/prodotto\/crusca-di-grano\/","og_locale":"it_IT","og_type":"article","og_title":"Crusca di grano - Insektenliebe","og_description":"Crusca di grano - alimento di base comprovato per isopodi, scarafaggi e insetti nutrici. Ideale come alimento di base e per favorire la riproduzione.","og_url":"https:\/\/insektenliebe.com\/it\/shop\/prodotto\/crusca-di-grano\/","og_site_name":"Insektenliebe","article_modified_time":"2026-03-24T09:48:19+00:00","og_image":[{"width":820,"height":820,"url":"https:\/\/insektenliebe.com\/wp-content\/uploads\/2020\/08\/Weizenkleie-2.jpg","type":"image\/jpeg"}],"twitter_card":"summary_large_image","twitter_misc":{"Tempo di lettura stimato":"2 minuto"},"schema":{"@context":"https:\/\/schema.org","@graph":[{"@type":"WebPage","@id":"https:\/\/insektenliebe.com\/it\/shop\/prodotto\/crusca-di-grano\/","url":"https:\/\/insektenliebe.com\/it\/shop\/prodotto\/crusca-di-grano\/","name":"Crusca di grano - Insektenliebe","isPartOf":{"@id":"https:\/\/insektenliebe.com\/it\/#website"},"primaryImageOfPage":{"@id":"https:\/\/insektenliebe.com\/it\/shop\/prodotto\/crusca-di-grano\/#primaryimage"},"image":{"@id":"https:\/\/insektenliebe.com\/it\/shop\/prodotto\/crusca-di-grano\/#primaryimage"},"thumbnailUrl":"https:\/\/insektenliebe.com\/wp-content\/uploads\/2020\/08\/Weizenkleie-2.jpg","datePublished":"2020-08-13T11:04:19+00:00","dateModified":"2026-03-24T09:48:19+00:00","description":"Crusca di grano - alimento di base comprovato per isopodi, scarafaggi e insetti nutrici. Ideale come alimento di base e per favorire la riproduzione.","breadcrumb":{"@id":"https:\/\/insektenliebe.com\/it\/shop\/prodotto\/crusca-di-grano\/#breadcrumb"},"inLanguage":"it-IT","potentialAction":[{"@type":"ReadAction","target":["https:\/\/insektenliebe.com\/it\/shop\/prodotto\/crusca-di-grano\/"]}]},{"@type":"ImageObject","inLanguage":"it-IT","@id":"https:\/\/insektenliebe.com\/it\/shop\/prodotto\/crusca-di-grano\/#primaryimage","url":"https:\/\/insektenliebe.com\/wp-content\/uploads\/2020\/08\/Weizenkleie-2.jpg","contentUrl":"https:\/\/insektenliebe.com\/wp-content\/uploads\/2020\/08\/Weizenkleie-2.jpg","width":820,"height":820,"caption":"Crusca di grano"},{"@type":"BreadcrumbList","@id":"https:\/\/insektenliebe.com\/it\/shop\/prodotto\/crusca-di-grano\/#breadcrumb","itemListElement":[{"@type":"ListItem","position":1,"name":"Startseite","item":"https:\/\/insektenliebe.com\/it\/"},{"@type":"ListItem","position":2,"name":"Negozio","item":"https:\/\/insektenliebe.com\/it\/negozio\/"},{"@type":"ListItem","position":3,"name":"Crusca di grano"}]},{"@type":"WebSite","@id":"https:\/\/insektenliebe.com\/it\/#website","url":"https:\/\/insektenliebe.com\/it\/","name":"Insektenliebe","description":"Dein Zuhause f\u00fcr die kleinen Lebewesen","publisher":{"@id":"https:\/\/insektenliebe.com\/it\/#organization"},"potentialAction":[{"@type":"SearchAction","target":{"@type":"EntryPoint","urlTemplate":"https:\/\/insektenliebe.com\/it\/?s={search_term_string}"},"query-input":{"@type":"PropertyValueSpecification","valueRequired":true,"valueName":"search_term_string"}}],"inLanguage":"it-IT"},{"@type":"Organization","@id":"https:\/\/insektenliebe.com\/it\/#organization","name":"Insektenliebe","url":"https:\/\/insektenliebe.com\/it\/","logo":{"@type":"ImageObject","inLanguage":"it-IT","@id":"https:\/\/insektenliebe.com\/it\/#\/schema\/logo\/image\/","url":"https:\/\/insektenliebe.com\/wp-content\/uploads\/2025\/03\/logo-white.png","contentUrl":"https:\/\/insektenliebe.com\/wp-content\/uploads\/2025\/03\/logo-white.png","width":288,"height":188,"caption":"Insektenliebe"},"image":{"@id":"https:\/\/insektenliebe.com\/it\/#\/schema\/logo\/image\/"}}]}},"_links":{"self":[{"href":"https:\/\/insektenliebe.com\/it\/wp-json\/wp\/v2\/product\/190370","targetHints":{"allow":["GET"]}}],"collection":[{"href":"https:\/\/insektenliebe.com\/it\/wp-json\/wp\/v2\/product"}],"about":[{"href":"https:\/\/insektenliebe.com\/it\/wp-json\/wp\/v2\/types\/product"}],"wp:featuredmedia":[{"embeddable":true,"href":"https:\/\/insektenliebe.com\/it\/wp-json\/wp\/v2\/media\/190372"}],"wp:attachment":[{"href":"https:\/\/insektenliebe.com\/it\/wp-json\/wp\/v2\/media?parent=190370"}],"wp:term":[{"taxonomy":"product-supplier","embeddable":true,"href":"https:\/\/insektenliebe.com\/it\/wp-json\/wp\/v2\/product-supplier?post=190370"},{"taxonomy":"product_brand","embeddable":true,"href":"https:\/\/insektenliebe.com\/it\/wp-json\/wp\/v2\/product_brand?post=190370"},{"taxonomy":"product_cat","embeddable":true,"href":"https:\/\/insektenliebe.com\/it\/wp-json\/wp\/v2\/product_cat?post=190370"},{"taxonomy":"product_tag","embeddable":true,"href":"https:\/\/insektenliebe.com\/it\/wp-json\/wp\/v2\/product_tag?post=190370"},{"taxonomy":"lce-checkout-addons","embeddable":true,"href":"https:\/\/insektenliebe.com\/it\/wp-json\/wp\/v2\/lce-checkout-addons?post=190370"}],"curies":[{"name":"wp","href":"https:\/\/api.w.org\/{rel}","templated":true}]}}