{"id":190349,"date":"2022-05-20T11:20:00","date_gmt":"2022-05-20T09:20:00","guid":{"rendered":"https:\/\/insektenliebe.com\/shop\/produkt\/piccolo-moscerino-della-frutta-formica\/"},"modified":"2026-04-06T12:24:48","modified_gmt":"2026-04-06T10:24:48","slug":"piccolo-moscerino-della-frutta-formica","status":"publish","type":"product","link":"https:\/\/insektenliebe.com\/it\/shop\/prodotto\/piccolo-moscerino-della-frutta-formica\/","title":{"rendered":"Piccolo moscerino della frutta \"formica\""},"content":{"rendered":"<h3 class=\"p1\"><span style=\"color: #99cc33;\"><strong><span class=\"s1\">Perfetto per l&#8217;allevamento di giovani animali<\/span><\/strong><\/span><\/h3>\n<p class=\"p1\"><span class=\"s1\">Il <strong>piccolo moscerino della frutta <\/strong><\/span><strong><span class=\"s2\">\"Formica\"<\/span><\/strong><span class=\"s1\"> (<\/span><span class=\"s2\">Drosophila melanogaster<\/span><span class=\"s1\">) \u00e8 una forma riproduttiva senza volo, ideale come animale da pasto per una variet\u00e0 di invertebrati, rettili e anfibi. Grazie alle sue dimensioni molto ridotte, \u00e8 ideale per allevare animali giovani o per specie con uno spettro di prede particolarmente ridotto, come ragni saltatori, giovani mantidi, piccoli gechi o piccole rane velenose. <\/span><\/p>\n<p class=\"p1\"><span class=\"s1\">La particolarit\u00e0 della forma riproduttiva \"formica\" \u00e8 che non ha ali e si muove saltellando. Questo insolito modello di movimento incoraggia molti animali a cacciare e garantisce un comportamento attivo nell&#8217;alimentazione. <\/span><\/p>\n<p class=\"p1\"><span class=\"s1\">Questi moscerini della frutta sono estremamente semplici da allevare. Possono essere facilmente propagati in miscele di riproduzione disponibili in commercio con un terreno ricco di sostanze nutritive. A temperatura ambiente, di solito le uova impiegano solo 10-14 giorni per schiudersi in mosche adulte pronte per il cibo. Questo significa che il cibo fresco e vivo \u00e8 sempre disponibile.   <\/span><\/p>\n<p class=\"p1\"><span class=\"s1\">Grazie alla loro natura senza ali, i piccoli moscerini della frutta \"formica\" sono molto facili da maneggiare e non possono semplicemente volare via: un chiaro vantaggio quando si nutrono in contenitori pi\u00f9 piccoli o con cacciatori veloci. Il loro comportamento vivace e saltellante crea inoltre una situazione di caccia naturale che incoraggia gli istinti dei tuoi animali. <\/span><\/p>\n<p class=\"p1\"><span class=\"s1\">Sia per l&#8217;allevamento di giovani animali sensibili che come fonte di cibo vario, la <strong>piccola mosca della frutta \"formica\"<\/strong> \u00e8 una scelta nutriente, facile da mantenere ed estremamente popolare tra molti animali.<\/span><\/p>\n","protected":false},"excerpt":{"rendered":"<p>Perfetto per l&#8217;allevamento di giovani animali Il piccolo moscerino della frutta \"Formica\" (Drosophila melanogaster) \u00e8 una forma riproduttiva senza volo, ideale come animale da pasto per una variet\u00e0 di invertebrati, rettili e anfibi. Grazie alle sue dimensioni molto ridotte, \u00e8 ideale per allevare animali giovani o per specie con uno spettro di prede particolarmente ridotto, [&hellip;]<\/p>\n","protected":false},"featured_media":190352,"template":"","meta":{"_acf_changed":false},"product-supplier":[],"product_brand":[],"product_cat":[2817],"product_tag":[],"lce-checkout-addons":[2746],"class_list":{"0":"post-190349","1":"product","2":"type-product","3":"status-publish","4":"has-post-thumbnail","6":"product_cat-animali-da-mangiare","7":"product_shipping_class-equipment-shipping","8":"lce-checkout-addons-imballaggio-invernale","10":"first","11":"instock","12":"taxable","13":"shipping-taxable","14":"purchasable","15":"product-type-simple"},"acf":[],"yoast_head":"<!-- This site is optimized with the Yoast SEO plugin v27.3 - https:\/\/yoast.com\/product\/yoast-seo-wordpress\/ -->\n<title>Piccolo moscerino della frutta &quot;formica&quot; - Insektenliebe<\/title>\n<meta name=\"description\" content=\"Acquista online la piccola mosca della frutta &quot;Formica&quot;. L&#039;animale senza volo ideale per anfibi, mantidi, ragni e rettili.\" \/>\n<meta name=\"robots\" content=\"index, follow, max-snippet:-1, max-image-preview:large, max-video-preview:-1\" \/>\n<link rel=\"canonical\" href=\"https:\/\/insektenliebe.com\/it\/shop\/prodotto\/piccolo-moscerino-della-frutta-formica\/\" \/>\n<meta property=\"og:locale\" content=\"it_IT\" \/>\n<meta property=\"og:type\" content=\"article\" \/>\n<meta property=\"og:title\" content=\"Piccolo moscerino della frutta &quot;formica&quot; - Insektenliebe\" \/>\n<meta property=\"og:description\" content=\"Acquista online la piccola mosca della frutta &quot;Formica&quot;. L&#039;animale senza volo ideale per anfibi, mantidi, ragni e rettili.\" \/>\n<meta property=\"og:url\" content=\"https:\/\/insektenliebe.com\/it\/shop\/prodotto\/piccolo-moscerino-della-frutta-formica\/\" \/>\n<meta property=\"og:site_name\" content=\"Insektenliebe\" \/>\n<meta property=\"article:modified_time\" content=\"2026-04-06T10:24:48+00:00\" \/>\n<meta property=\"og:image\" content=\"https:\/\/insektenliebe.com\/wp-content\/uploads\/2022\/05\/Kleine-Fruchtfliege-22Ameise22.jpg\" \/>\n\t<meta property=\"og:image:width\" content=\"820\" \/>\n\t<meta property=\"og:image:height\" content=\"820\" \/>\n\t<meta property=\"og:image:type\" content=\"image\/jpeg\" \/>\n<meta name=\"twitter:card\" content=\"summary_large_image\" \/>\n<meta name=\"twitter:label1\" content=\"Tempo di lettura stimato\" \/>\n\t<meta name=\"twitter:data1\" content=\"1 minuto\" \/>\n<script type=\"application\/ld+json\" class=\"yoast-schema-graph\">{\"@context\":\"https:\\\/\\\/schema.org\",\"@graph\":[{\"@type\":\"WebPage\",\"@id\":\"https:\\\/\\\/insektenliebe.com\\\/it\\\/shop\\\/prodotto\\\/piccolo-moscerino-della-frutta-formica\\\/\",\"url\":\"https:\\\/\\\/insektenliebe.com\\\/it\\\/shop\\\/prodotto\\\/piccolo-moscerino-della-frutta-formica\\\/\",\"name\":\"Piccolo moscerino della frutta \\\"formica\\\" - Insektenliebe\",\"isPartOf\":{\"@id\":\"https:\\\/\\\/insektenliebe.com\\\/it\\\/#website\"},\"primaryImageOfPage\":{\"@id\":\"https:\\\/\\\/insektenliebe.com\\\/it\\\/shop\\\/prodotto\\\/piccolo-moscerino-della-frutta-formica\\\/#primaryimage\"},\"image\":{\"@id\":\"https:\\\/\\\/insektenliebe.com\\\/it\\\/shop\\\/prodotto\\\/piccolo-moscerino-della-frutta-formica\\\/#primaryimage\"},\"thumbnailUrl\":\"https:\\\/\\\/insektenliebe.com\\\/wp-content\\\/uploads\\\/2022\\\/05\\\/Kleine-Fruchtfliege-22Ameise22.jpg\",\"datePublished\":\"2022-05-20T09:20:00+00:00\",\"dateModified\":\"2026-04-06T10:24:48+00:00\",\"description\":\"Acquista online la piccola mosca della frutta \\\"Formica\\\". L'animale senza volo ideale per anfibi, mantidi, ragni e rettili.\",\"breadcrumb\":{\"@id\":\"https:\\\/\\\/insektenliebe.com\\\/it\\\/shop\\\/prodotto\\\/piccolo-moscerino-della-frutta-formica\\\/#breadcrumb\"},\"inLanguage\":\"it-IT\",\"potentialAction\":[{\"@type\":\"ReadAction\",\"target\":[\"https:\\\/\\\/insektenliebe.com\\\/it\\\/shop\\\/prodotto\\\/piccolo-moscerino-della-frutta-formica\\\/\"]}]},{\"@type\":\"ImageObject\",\"inLanguage\":\"it-IT\",\"@id\":\"https:\\\/\\\/insektenliebe.com\\\/it\\\/shop\\\/prodotto\\\/piccolo-moscerino-della-frutta-formica\\\/#primaryimage\",\"url\":\"https:\\\/\\\/insektenliebe.com\\\/wp-content\\\/uploads\\\/2022\\\/05\\\/Kleine-Fruchtfliege-22Ameise22.jpg\",\"contentUrl\":\"https:\\\/\\\/insektenliebe.com\\\/wp-content\\\/uploads\\\/2022\\\/05\\\/Kleine-Fruchtfliege-22Ameise22.jpg\",\"width\":820,\"height\":820,\"caption\":\"Piccolo moscerino della frutta \\\"formica\\\"\"},{\"@type\":\"BreadcrumbList\",\"@id\":\"https:\\\/\\\/insektenliebe.com\\\/it\\\/shop\\\/prodotto\\\/piccolo-moscerino-della-frutta-formica\\\/#breadcrumb\",\"itemListElement\":[{\"@type\":\"ListItem\",\"position\":1,\"name\":\"Startseite\",\"item\":\"https:\\\/\\\/insektenliebe.com\\\/it\\\/\"},{\"@type\":\"ListItem\",\"position\":2,\"name\":\"Negozio\",\"item\":\"https:\\\/\\\/insektenliebe.com\\\/it\\\/negozio\\\/\"},{\"@type\":\"ListItem\",\"position\":3,\"name\":\"Piccolo moscerino della frutta \\\"formica\\\"\"}]},{\"@type\":\"WebSite\",\"@id\":\"https:\\\/\\\/insektenliebe.com\\\/it\\\/#website\",\"url\":\"https:\\\/\\\/insektenliebe.com\\\/it\\\/\",\"name\":\"Insektenliebe\",\"description\":\"Dein Zuhause f\u00fcr die kleinen Lebewesen\",\"publisher\":{\"@id\":\"https:\\\/\\\/insektenliebe.com\\\/it\\\/#organization\"},\"potentialAction\":[{\"@type\":\"SearchAction\",\"target\":{\"@type\":\"EntryPoint\",\"urlTemplate\":\"https:\\\/\\\/insektenliebe.com\\\/it\\\/?s={search_term_string}\"},\"query-input\":{\"@type\":\"PropertyValueSpecification\",\"valueRequired\":true,\"valueName\":\"search_term_string\"}}],\"inLanguage\":\"it-IT\"},{\"@type\":\"Organization\",\"@id\":\"https:\\\/\\\/insektenliebe.com\\\/it\\\/#organization\",\"name\":\"Insektenliebe\",\"url\":\"https:\\\/\\\/insektenliebe.com\\\/it\\\/\",\"logo\":{\"@type\":\"ImageObject\",\"inLanguage\":\"it-IT\",\"@id\":\"https:\\\/\\\/insektenliebe.com\\\/it\\\/#\\\/schema\\\/logo\\\/image\\\/\",\"url\":\"https:\\\/\\\/insektenliebe.com\\\/wp-content\\\/uploads\\\/2025\\\/03\\\/logo-white.png\",\"contentUrl\":\"https:\\\/\\\/insektenliebe.com\\\/wp-content\\\/uploads\\\/2025\\\/03\\\/logo-white.png\",\"width\":288,\"height\":188,\"caption\":\"Insektenliebe\"},\"image\":{\"@id\":\"https:\\\/\\\/insektenliebe.com\\\/it\\\/#\\\/schema\\\/logo\\\/image\\\/\"}}]}<\/script>\n<!-- \/ Yoast SEO plugin. -->","yoast_head_json":{"title":"Piccolo moscerino della frutta \"formica\" - Insektenliebe","description":"Acquista online la piccola mosca della frutta \"Formica\". L'animale senza volo ideale per anfibi, mantidi, ragni e rettili.","robots":{"index":"index","follow":"follow","max-snippet":"max-snippet:-1","max-image-preview":"max-image-preview:large","max-video-preview":"max-video-preview:-1"},"canonical":"https:\/\/insektenliebe.com\/it\/shop\/prodotto\/piccolo-moscerino-della-frutta-formica\/","og_locale":"it_IT","og_type":"article","og_title":"Piccolo moscerino della frutta \"formica\" - Insektenliebe","og_description":"Acquista online la piccola mosca della frutta \"Formica\". L'animale senza volo ideale per anfibi, mantidi, ragni e rettili.","og_url":"https:\/\/insektenliebe.com\/it\/shop\/prodotto\/piccolo-moscerino-della-frutta-formica\/","og_site_name":"Insektenliebe","article_modified_time":"2026-04-06T10:24:48+00:00","og_image":[{"width":820,"height":820,"url":"https:\/\/insektenliebe.com\/wp-content\/uploads\/2022\/05\/Kleine-Fruchtfliege-22Ameise22.jpg","type":"image\/jpeg"}],"twitter_card":"summary_large_image","twitter_misc":{"Tempo di lettura stimato":"1 minuto"},"schema":{"@context":"https:\/\/schema.org","@graph":[{"@type":"WebPage","@id":"https:\/\/insektenliebe.com\/it\/shop\/prodotto\/piccolo-moscerino-della-frutta-formica\/","url":"https:\/\/insektenliebe.com\/it\/shop\/prodotto\/piccolo-moscerino-della-frutta-formica\/","name":"Piccolo moscerino della frutta \"formica\" - Insektenliebe","isPartOf":{"@id":"https:\/\/insektenliebe.com\/it\/#website"},"primaryImageOfPage":{"@id":"https:\/\/insektenliebe.com\/it\/shop\/prodotto\/piccolo-moscerino-della-frutta-formica\/#primaryimage"},"image":{"@id":"https:\/\/insektenliebe.com\/it\/shop\/prodotto\/piccolo-moscerino-della-frutta-formica\/#primaryimage"},"thumbnailUrl":"https:\/\/insektenliebe.com\/wp-content\/uploads\/2022\/05\/Kleine-Fruchtfliege-22Ameise22.jpg","datePublished":"2022-05-20T09:20:00+00:00","dateModified":"2026-04-06T10:24:48+00:00","description":"Acquista online la piccola mosca della frutta \"Formica\". L'animale senza volo ideale per anfibi, mantidi, ragni e rettili.","breadcrumb":{"@id":"https:\/\/insektenliebe.com\/it\/shop\/prodotto\/piccolo-moscerino-della-frutta-formica\/#breadcrumb"},"inLanguage":"it-IT","potentialAction":[{"@type":"ReadAction","target":["https:\/\/insektenliebe.com\/it\/shop\/prodotto\/piccolo-moscerino-della-frutta-formica\/"]}]},{"@type":"ImageObject","inLanguage":"it-IT","@id":"https:\/\/insektenliebe.com\/it\/shop\/prodotto\/piccolo-moscerino-della-frutta-formica\/#primaryimage","url":"https:\/\/insektenliebe.com\/wp-content\/uploads\/2022\/05\/Kleine-Fruchtfliege-22Ameise22.jpg","contentUrl":"https:\/\/insektenliebe.com\/wp-content\/uploads\/2022\/05\/Kleine-Fruchtfliege-22Ameise22.jpg","width":820,"height":820,"caption":"Piccolo moscerino della frutta \"formica\""},{"@type":"BreadcrumbList","@id":"https:\/\/insektenliebe.com\/it\/shop\/prodotto\/piccolo-moscerino-della-frutta-formica\/#breadcrumb","itemListElement":[{"@type":"ListItem","position":1,"name":"Startseite","item":"https:\/\/insektenliebe.com\/it\/"},{"@type":"ListItem","position":2,"name":"Negozio","item":"https:\/\/insektenliebe.com\/it\/negozio\/"},{"@type":"ListItem","position":3,"name":"Piccolo moscerino della frutta \"formica\""}]},{"@type":"WebSite","@id":"https:\/\/insektenliebe.com\/it\/#website","url":"https:\/\/insektenliebe.com\/it\/","name":"Insektenliebe","description":"Dein Zuhause f\u00fcr die kleinen Lebewesen","publisher":{"@id":"https:\/\/insektenliebe.com\/it\/#organization"},"potentialAction":[{"@type":"SearchAction","target":{"@type":"EntryPoint","urlTemplate":"https:\/\/insektenliebe.com\/it\/?s={search_term_string}"},"query-input":{"@type":"PropertyValueSpecification","valueRequired":true,"valueName":"search_term_string"}}],"inLanguage":"it-IT"},{"@type":"Organization","@id":"https:\/\/insektenliebe.com\/it\/#organization","name":"Insektenliebe","url":"https:\/\/insektenliebe.com\/it\/","logo":{"@type":"ImageObject","inLanguage":"it-IT","@id":"https:\/\/insektenliebe.com\/it\/#\/schema\/logo\/image\/","url":"https:\/\/insektenliebe.com\/wp-content\/uploads\/2025\/03\/logo-white.png","contentUrl":"https:\/\/insektenliebe.com\/wp-content\/uploads\/2025\/03\/logo-white.png","width":288,"height":188,"caption":"Insektenliebe"},"image":{"@id":"https:\/\/insektenliebe.com\/it\/#\/schema\/logo\/image\/"}}]}},"_links":{"self":[{"href":"https:\/\/insektenliebe.com\/it\/wp-json\/wp\/v2\/product\/190349","targetHints":{"allow":["GET"]}}],"collection":[{"href":"https:\/\/insektenliebe.com\/it\/wp-json\/wp\/v2\/product"}],"about":[{"href":"https:\/\/insektenliebe.com\/it\/wp-json\/wp\/v2\/types\/product"}],"wp:featuredmedia":[{"embeddable":true,"href":"https:\/\/insektenliebe.com\/it\/wp-json\/wp\/v2\/media\/190352"}],"wp:attachment":[{"href":"https:\/\/insektenliebe.com\/it\/wp-json\/wp\/v2\/media?parent=190349"}],"wp:term":[{"taxonomy":"product-supplier","embeddable":true,"href":"https:\/\/insektenliebe.com\/it\/wp-json\/wp\/v2\/product-supplier?post=190349"},{"taxonomy":"product_brand","embeddable":true,"href":"https:\/\/insektenliebe.com\/it\/wp-json\/wp\/v2\/product_brand?post=190349"},{"taxonomy":"product_cat","embeddable":true,"href":"https:\/\/insektenliebe.com\/it\/wp-json\/wp\/v2\/product_cat?post=190349"},{"taxonomy":"product_tag","embeddable":true,"href":"https:\/\/insektenliebe.com\/it\/wp-json\/wp\/v2\/product_tag?post=190349"},{"taxonomy":"lce-checkout-addons","embeddable":true,"href":"https:\/\/insektenliebe.com\/it\/wp-json\/wp\/v2\/lce-checkout-addons?post=190349"}],"curies":[{"name":"wp","href":"https:\/\/api.w.org\/{rel}","templated":true}]}}