{"id":190341,"date":"2022-06-19T11:28:00","date_gmt":"2022-06-19T09:28:00","guid":{"rendered":"https:\/\/insektenliebe.com\/shop\/produkt\/hobby-del-bonsai\/"},"modified":"2026-03-10T16:02:51","modified_gmt":"2026-03-10T15:02:51","slug":"hobby-del-bonsai","status":"publish","type":"product","link":"https:\/\/insektenliebe.com\/it\/shop\/prodotto\/hobby-del-bonsai\/","title":{"rendered":"Hobby del bonsai"},"content":{"rendered":"<h3><span class=\"s1\" style=\"color: #99cc33\">Pezzo unico realizzato a mano con radici vere<\/span><\/h3>\n<p class=\"p1\"><span class=\"s1\">Il <\/span><strong><span class=\"s2\">L&#8217;hobby del bonsai<\/span><\/strong><span class=\"s1\">  porta l&#8217;atmosfera di un&#8217;antica foresta primordiale direttamente nel tuo terrario. Questa replica dettagliata ha un aspetto cos\u00ec naturale che ti sembrer\u00e0 di guardare un paesaggio in miniatura di altri tempi. Allo stesso tempo, conferisce al tuo allestimento una profondit\u00e0 e una struttura speciali.  <\/span><\/p>\n<p class=\"p1\"><span class=\"s1\">Ogni bonsai \u00e8 accuratamente realizzato a mano. Vengono utilizzate radici naturali che conferiscono a ogni pezzo la sua forma e le sue caratteristiche. Questo significa che non si ottiene un prodotto di massa, ma un pezzo davvero unico con un aspetto individuale.  <\/span><\/p>\n<p class=\"p1\"><span class=\"s1\">Il legno utilizzato rimane non trattato e naturale. Questo conferisce alla decorazione un aspetto autentico e si integra armoniosamente in diversi tipi di terrario. Che si tratti di un terrario della foresta pluviale, di un allestimento nel deserto o di una vasca per invertebrati quasi naturale, il bonsai offre un accento suggestivo e naturale.  <\/span><\/p>\n<p class=\"p1\"><span class=\"s1\">Oltre all&#8217;effetto visivo, la struttura offre anche vantaggi funzionali. Gli animali amano utilizzare gli elementi ramificati come luogo per arrampicarsi o riposare. Allo stesso tempo, tra le radici si creano dei piccoli rifugi. L&#8217;<strong>Hobby Bonsai<\/strong> combina in modo elegante decorazione e utilit\u00e0.   <\/span><\/p>\n<p class=\"p1\"><span class=\"s1\">Il suo portamento unico rende ogni bonsai un&#8217;attrazione per gli occhi. Crea dislivelli, allenta la disposizione e d\u00e0 al tuo terrario un effetto tridimensionale. Crea un paesaggio impressionante, soprattutto in combinazione con muschi, piccole piante o pietre laviche.  <\/span><\/p>\n<p class=\"p1\"><span class=\"s1\">Nota bene: trattandosi di un prodotto naturale, non esistono due pezzi uguali. \u00c8 proprio questo che rende il prodotto   <\/span><strong><span class=\"s2\">Bonsai per hobby<\/span><\/strong><span class=\"s1\"> cos\u00ec speciale: ogni esemplare racconta la sua storia e rende il tuo terrario unico.<\/span><\/p>\n","protected":false},"excerpt":{"rendered":"<p>Pezzo unico realizzato a mano con radici vere Il L&#8217;hobby del bonsai porta l&#8217;atmosfera di un&#8217;antica foresta primordiale direttamente nel tuo terrario. Questa replica dettagliata ha un aspetto cos\u00ec naturale che ti sembrer\u00e0 di guardare un paesaggio in miniatura di altri tempi. Allo stesso tempo, conferisce al tuo allestimento una profondit\u00e0 e una struttura speciali. [&hellip;]<\/p>\n","protected":false},"featured_media":190347,"template":"","meta":{"_acf_changed":false},"product-supplier":[2555],"product_brand":[2739],"product_cat":[2740],"product_tag":[],"lce-checkout-addons":[],"class_list":{"0":"post-190341","1":"product","2":"type-product","3":"status-publish","4":"has-post-thumbnail","6":"product_brand-hobby-terraristica","7":"product_cat-arredamento-e-decorazione","8":"product_shipping_class-equipment-shipping","10":"first","11":"instock","12":"sale","13":"taxable","14":"shipping-taxable","15":"purchasable","16":"product-type-simple"},"acf":[],"yoast_head":"<!-- This site is optimized with the Yoast SEO plugin v27.3 - https:\/\/yoast.com\/product\/yoast-seo-wordpress\/ -->\n<title>Hobby del bonsai - Insektenliebe<\/title>\n<meta name=\"description\" content=\"Compra bonsai per hobby a basso costo direttamente online. La decorazione in legno naturale non trattato \u00e8 composta da singoli pezzi fatti a mano.\" \/>\n<meta name=\"robots\" content=\"index, follow, max-snippet:-1, max-image-preview:large, max-video-preview:-1\" \/>\n<link rel=\"canonical\" href=\"https:\/\/insektenliebe.com\/it\/shop\/prodotto\/hobby-del-bonsai\/\" \/>\n<meta property=\"og:locale\" content=\"it_IT\" \/>\n<meta property=\"og:type\" content=\"article\" \/>\n<meta property=\"og:title\" content=\"Hobby del bonsai - Insektenliebe\" \/>\n<meta property=\"og:description\" content=\"Compra bonsai per hobby a basso costo direttamente online. La decorazione in legno naturale non trattato \u00e8 composta da singoli pezzi fatti a mano.\" \/>\n<meta property=\"og:url\" content=\"https:\/\/insektenliebe.com\/it\/shop\/prodotto\/hobby-del-bonsai\/\" \/>\n<meta property=\"og:site_name\" content=\"Insektenliebe\" \/>\n<meta property=\"article:modified_time\" content=\"2026-03-10T15:02:51+00:00\" \/>\n<meta property=\"og:image\" content=\"https:\/\/insektenliebe.com\/wp-content\/uploads\/2025\/05\/Hobby-Bonsai-2.jpg\" \/>\n\t<meta property=\"og:image:width\" content=\"820\" \/>\n\t<meta property=\"og:image:height\" content=\"820\" \/>\n\t<meta property=\"og:image:type\" content=\"image\/jpeg\" \/>\n<meta name=\"twitter:card\" content=\"summary_large_image\" \/>\n<meta name=\"twitter:label1\" content=\"Tempo di lettura stimato\" \/>\n\t<meta name=\"twitter:data1\" content=\"1 minuto\" \/>\n<script type=\"application\/ld+json\" class=\"yoast-schema-graph\">{\"@context\":\"https:\\\/\\\/schema.org\",\"@graph\":[{\"@type\":\"WebPage\",\"@id\":\"https:\\\/\\\/insektenliebe.com\\\/it\\\/shop\\\/prodotto\\\/hobby-del-bonsai\\\/\",\"url\":\"https:\\\/\\\/insektenliebe.com\\\/it\\\/shop\\\/prodotto\\\/hobby-del-bonsai\\\/\",\"name\":\"Hobby del bonsai - Insektenliebe\",\"isPartOf\":{\"@id\":\"https:\\\/\\\/insektenliebe.com\\\/it\\\/#website\"},\"primaryImageOfPage\":{\"@id\":\"https:\\\/\\\/insektenliebe.com\\\/it\\\/shop\\\/prodotto\\\/hobby-del-bonsai\\\/#primaryimage\"},\"image\":{\"@id\":\"https:\\\/\\\/insektenliebe.com\\\/it\\\/shop\\\/prodotto\\\/hobby-del-bonsai\\\/#primaryimage\"},\"thumbnailUrl\":\"https:\\\/\\\/insektenliebe.com\\\/wp-content\\\/uploads\\\/2025\\\/05\\\/Hobby-Bonsai-2.jpg\",\"datePublished\":\"2022-06-19T09:28:00+00:00\",\"dateModified\":\"2026-03-10T15:02:51+00:00\",\"description\":\"Compra bonsai per hobby a basso costo direttamente online. La decorazione in legno naturale non trattato \u00e8 composta da singoli pezzi fatti a mano.\",\"breadcrumb\":{\"@id\":\"https:\\\/\\\/insektenliebe.com\\\/it\\\/shop\\\/prodotto\\\/hobby-del-bonsai\\\/#breadcrumb\"},\"inLanguage\":\"it-IT\",\"potentialAction\":[{\"@type\":\"ReadAction\",\"target\":[\"https:\\\/\\\/insektenliebe.com\\\/it\\\/shop\\\/prodotto\\\/hobby-del-bonsai\\\/\"]}]},{\"@type\":\"ImageObject\",\"inLanguage\":\"it-IT\",\"@id\":\"https:\\\/\\\/insektenliebe.com\\\/it\\\/shop\\\/prodotto\\\/hobby-del-bonsai\\\/#primaryimage\",\"url\":\"https:\\\/\\\/insektenliebe.com\\\/wp-content\\\/uploads\\\/2025\\\/05\\\/Hobby-Bonsai-2.jpg\",\"contentUrl\":\"https:\\\/\\\/insektenliebe.com\\\/wp-content\\\/uploads\\\/2025\\\/05\\\/Hobby-Bonsai-2.jpg\",\"width\":820,\"height\":820,\"caption\":\"Hobby-Bonsai-2.jpg\"},{\"@type\":\"BreadcrumbList\",\"@id\":\"https:\\\/\\\/insektenliebe.com\\\/it\\\/shop\\\/prodotto\\\/hobby-del-bonsai\\\/#breadcrumb\",\"itemListElement\":[{\"@type\":\"ListItem\",\"position\":1,\"name\":\"Startseite\",\"item\":\"https:\\\/\\\/insektenliebe.com\\\/it\\\/\"},{\"@type\":\"ListItem\",\"position\":2,\"name\":\"Negozio\",\"item\":\"https:\\\/\\\/insektenliebe.com\\\/it\\\/negozio\\\/\"},{\"@type\":\"ListItem\",\"position\":3,\"name\":\"Hobby del bonsai\"}]},{\"@type\":\"WebSite\",\"@id\":\"https:\\\/\\\/insektenliebe.com\\\/it\\\/#website\",\"url\":\"https:\\\/\\\/insektenliebe.com\\\/it\\\/\",\"name\":\"Insektenliebe\",\"description\":\"Dein Zuhause f\u00fcr die kleinen Lebewesen\",\"publisher\":{\"@id\":\"https:\\\/\\\/insektenliebe.com\\\/it\\\/#organization\"},\"potentialAction\":[{\"@type\":\"SearchAction\",\"target\":{\"@type\":\"EntryPoint\",\"urlTemplate\":\"https:\\\/\\\/insektenliebe.com\\\/it\\\/?s={search_term_string}\"},\"query-input\":{\"@type\":\"PropertyValueSpecification\",\"valueRequired\":true,\"valueName\":\"search_term_string\"}}],\"inLanguage\":\"it-IT\"},{\"@type\":\"Organization\",\"@id\":\"https:\\\/\\\/insektenliebe.com\\\/it\\\/#organization\",\"name\":\"Insektenliebe\",\"url\":\"https:\\\/\\\/insektenliebe.com\\\/it\\\/\",\"logo\":{\"@type\":\"ImageObject\",\"inLanguage\":\"it-IT\",\"@id\":\"https:\\\/\\\/insektenliebe.com\\\/it\\\/#\\\/schema\\\/logo\\\/image\\\/\",\"url\":\"https:\\\/\\\/insektenliebe.com\\\/wp-content\\\/uploads\\\/2025\\\/03\\\/logo-white.png\",\"contentUrl\":\"https:\\\/\\\/insektenliebe.com\\\/wp-content\\\/uploads\\\/2025\\\/03\\\/logo-white.png\",\"width\":288,\"height\":188,\"caption\":\"Insektenliebe\"},\"image\":{\"@id\":\"https:\\\/\\\/insektenliebe.com\\\/it\\\/#\\\/schema\\\/logo\\\/image\\\/\"}}]}<\/script>\n<!-- \/ Yoast SEO plugin. -->","yoast_head_json":{"title":"Hobby del bonsai - Insektenliebe","description":"Compra bonsai per hobby a basso costo direttamente online. La decorazione in legno naturale non trattato \u00e8 composta da singoli pezzi fatti a mano.","robots":{"index":"index","follow":"follow","max-snippet":"max-snippet:-1","max-image-preview":"max-image-preview:large","max-video-preview":"max-video-preview:-1"},"canonical":"https:\/\/insektenliebe.com\/it\/shop\/prodotto\/hobby-del-bonsai\/","og_locale":"it_IT","og_type":"article","og_title":"Hobby del bonsai - Insektenliebe","og_description":"Compra bonsai per hobby a basso costo direttamente online. La decorazione in legno naturale non trattato \u00e8 composta da singoli pezzi fatti a mano.","og_url":"https:\/\/insektenliebe.com\/it\/shop\/prodotto\/hobby-del-bonsai\/","og_site_name":"Insektenliebe","article_modified_time":"2026-03-10T15:02:51+00:00","og_image":[{"width":820,"height":820,"url":"https:\/\/insektenliebe.com\/wp-content\/uploads\/2025\/05\/Hobby-Bonsai-2.jpg","type":"image\/jpeg"}],"twitter_card":"summary_large_image","twitter_misc":{"Tempo di lettura stimato":"1 minuto"},"schema":{"@context":"https:\/\/schema.org","@graph":[{"@type":"WebPage","@id":"https:\/\/insektenliebe.com\/it\/shop\/prodotto\/hobby-del-bonsai\/","url":"https:\/\/insektenliebe.com\/it\/shop\/prodotto\/hobby-del-bonsai\/","name":"Hobby del bonsai - Insektenliebe","isPartOf":{"@id":"https:\/\/insektenliebe.com\/it\/#website"},"primaryImageOfPage":{"@id":"https:\/\/insektenliebe.com\/it\/shop\/prodotto\/hobby-del-bonsai\/#primaryimage"},"image":{"@id":"https:\/\/insektenliebe.com\/it\/shop\/prodotto\/hobby-del-bonsai\/#primaryimage"},"thumbnailUrl":"https:\/\/insektenliebe.com\/wp-content\/uploads\/2025\/05\/Hobby-Bonsai-2.jpg","datePublished":"2022-06-19T09:28:00+00:00","dateModified":"2026-03-10T15:02:51+00:00","description":"Compra bonsai per hobby a basso costo direttamente online. La decorazione in legno naturale non trattato \u00e8 composta da singoli pezzi fatti a mano.","breadcrumb":{"@id":"https:\/\/insektenliebe.com\/it\/shop\/prodotto\/hobby-del-bonsai\/#breadcrumb"},"inLanguage":"it-IT","potentialAction":[{"@type":"ReadAction","target":["https:\/\/insektenliebe.com\/it\/shop\/prodotto\/hobby-del-bonsai\/"]}]},{"@type":"ImageObject","inLanguage":"it-IT","@id":"https:\/\/insektenliebe.com\/it\/shop\/prodotto\/hobby-del-bonsai\/#primaryimage","url":"https:\/\/insektenliebe.com\/wp-content\/uploads\/2025\/05\/Hobby-Bonsai-2.jpg","contentUrl":"https:\/\/insektenliebe.com\/wp-content\/uploads\/2025\/05\/Hobby-Bonsai-2.jpg","width":820,"height":820,"caption":"Hobby-Bonsai-2.jpg"},{"@type":"BreadcrumbList","@id":"https:\/\/insektenliebe.com\/it\/shop\/prodotto\/hobby-del-bonsai\/#breadcrumb","itemListElement":[{"@type":"ListItem","position":1,"name":"Startseite","item":"https:\/\/insektenliebe.com\/it\/"},{"@type":"ListItem","position":2,"name":"Negozio","item":"https:\/\/insektenliebe.com\/it\/negozio\/"},{"@type":"ListItem","position":3,"name":"Hobby del bonsai"}]},{"@type":"WebSite","@id":"https:\/\/insektenliebe.com\/it\/#website","url":"https:\/\/insektenliebe.com\/it\/","name":"Insektenliebe","description":"Dein Zuhause f\u00fcr die kleinen Lebewesen","publisher":{"@id":"https:\/\/insektenliebe.com\/it\/#organization"},"potentialAction":[{"@type":"SearchAction","target":{"@type":"EntryPoint","urlTemplate":"https:\/\/insektenliebe.com\/it\/?s={search_term_string}"},"query-input":{"@type":"PropertyValueSpecification","valueRequired":true,"valueName":"search_term_string"}}],"inLanguage":"it-IT"},{"@type":"Organization","@id":"https:\/\/insektenliebe.com\/it\/#organization","name":"Insektenliebe","url":"https:\/\/insektenliebe.com\/it\/","logo":{"@type":"ImageObject","inLanguage":"it-IT","@id":"https:\/\/insektenliebe.com\/it\/#\/schema\/logo\/image\/","url":"https:\/\/insektenliebe.com\/wp-content\/uploads\/2025\/03\/logo-white.png","contentUrl":"https:\/\/insektenliebe.com\/wp-content\/uploads\/2025\/03\/logo-white.png","width":288,"height":188,"caption":"Insektenliebe"},"image":{"@id":"https:\/\/insektenliebe.com\/it\/#\/schema\/logo\/image\/"}}]}},"_links":{"self":[{"href":"https:\/\/insektenliebe.com\/it\/wp-json\/wp\/v2\/product\/190341","targetHints":{"allow":["GET"]}}],"collection":[{"href":"https:\/\/insektenliebe.com\/it\/wp-json\/wp\/v2\/product"}],"about":[{"href":"https:\/\/insektenliebe.com\/it\/wp-json\/wp\/v2\/types\/product"}],"wp:featuredmedia":[{"embeddable":true,"href":"https:\/\/insektenliebe.com\/it\/wp-json\/wp\/v2\/media\/190347"}],"wp:attachment":[{"href":"https:\/\/insektenliebe.com\/it\/wp-json\/wp\/v2\/media?parent=190341"}],"wp:term":[{"taxonomy":"product-supplier","embeddable":true,"href":"https:\/\/insektenliebe.com\/it\/wp-json\/wp\/v2\/product-supplier?post=190341"},{"taxonomy":"product_brand","embeddable":true,"href":"https:\/\/insektenliebe.com\/it\/wp-json\/wp\/v2\/product_brand?post=190341"},{"taxonomy":"product_cat","embeddable":true,"href":"https:\/\/insektenliebe.com\/it\/wp-json\/wp\/v2\/product_cat?post=190341"},{"taxonomy":"product_tag","embeddable":true,"href":"https:\/\/insektenliebe.com\/it\/wp-json\/wp\/v2\/product_tag?post=190341"},{"taxonomy":"lce-checkout-addons","embeddable":true,"href":"https:\/\/insektenliebe.com\/it\/wp-json\/wp\/v2\/lce-checkout-addons?post=190341"}],"curies":[{"name":"wp","href":"https:\/\/api.w.org\/{rel}","templated":true}]}}