{"id":190337,"date":"2022-02-23T13:57:00","date_gmt":"2022-02-23T12:57:00","guid":{"rendered":"https:\/\/insektenliebe.com\/shop\/produkt\/sandinista-lanceolatum\/"},"modified":"2026-03-06T18:42:54","modified_gmt":"2026-03-06T17:42:54","slug":"sandinista-lanceolatum","status":"publish","type":"product","link":"https:\/\/insektenliebe.com\/it\/shop\/prodotto\/sandinista-lanceolatum\/","title":{"rendered":"Sandinista lanceolatum"},"content":{"rendered":"<h3 class=\"p1\"><span style=\"color: #99cc33;\"><strong><span class=\"s1\">Sandinista lanceolatum - Rara tarantola terrestre dell&#8217;America centrale<\/span><\/strong><\/span><\/h3>\n<p class=\"p1\"><span class=\"s1\"><strong>La Sandinista lanceolatum<\/strong> \u00e8 un&#8217;affascinante e piuttosto rara specie di tarantola originaria dell&#8217;America Centrale, pi\u00f9 precisamente delle regioni del Nicaragua e delle zone limitrofe. Abita principalmente habitat secchi o semi-secchi, dove si ritira in tane scavate da s\u00e9 o sotto pietre e radici. La sua struttura corporea \u00e8 robusta e la sua colorazione \u00e8 per lo pi\u00f9 marrone-terra o grigio-marrone, il che le permette di mimetizzarsi in modo eccellente nel suo habitat naturale.  <\/span><\/p>\n<p class=\"p1\"><span class=\"s1\">Questa specie \u00e8 una tarantola che vive al suolo e mostra un comportamento piuttosto tranquillo, a volte solitario. Se disturbata, si ritira generalmente nella sua tana, ma pu\u00f2 reagire in modo difensivo se necessario. Le sue potenti capacit\u00e0 di scavare la tana la rendono un&#8217;eccitante abitante del terrario, in quanto modella attivamente il suo ambiente.  <\/span><\/p>\n<p class=\"p1\"><span class=\"s1\">Si consiglia un terrario con una superficie di base di almeno 30 \u00d7 30 cm e un&#8217;altezza del substrato di 15-20 cm per offrire sufficienti opportunit\u00e0 di tana. L&#8217;ideale \u00e8 un substrato adatto alla tana composto da humus di cocco, argilla e terra di bosco. L&#8217;umidit\u00e0 deve essere moderata, intorno al 60-70%, con una temperatura tra i 24 e i 27 \u00b0C durante il giorno e un leggero calo durante la notte.  <\/span><\/p>\n<p class=\"p1\"><span class=\"s1\">L&#8217;alimentazione \u00e8 semplice. <strong>La Sandinista lanceolatum<\/strong> accetta vari tipi di insetti come grilli, scarafaggi e cavallette. Gli animali giovani possono essere nutriti regolarmente con cibo di piccole dimensioni, mentre gli adulti devono essere alimentati a intervalli pi\u00f9 lunghi per evitare una sovralimentazione. <\/span><\/p>\n<p class=\"p1\"><span class=\"s1\">Per gli allevatori esperti, questa specie rappresenta un&#8217;interessante aggiunta alla collezione, soprattutto grazie al suo comportamento naturale e al suo aspetto accattivante. Chi ama tenere animali con un comportamento attivo di scavo e un gioco di colori piuttosto naturale e discreto, trover\u00e0 <strong>Sandinista lanceolatum<\/strong> molto attraente. <\/span><\/p>\n","protected":false},"excerpt":{"rendered":"<p>Sandinista lanceolatum - Rara tarantola terrestre dell&#8217;America centrale La Sandinista lanceolatum \u00e8 un&#8217;affascinante e piuttosto rara specie di tarantola originaria dell&#8217;America Centrale, pi\u00f9 precisamente delle regioni del Nicaragua e delle zone limitrofe. Abita principalmente habitat secchi o semi-secchi, dove si ritira in tane scavate da s\u00e9 o sotto pietre e radici. La sua struttura corporea [&hellip;]<\/p>\n","protected":false},"featured_media":186344,"template":"","meta":{"_acf_changed":false},"product-supplier":[],"product_brand":[],"product_cat":[2809,3004],"product_tag":[],"lce-checkout-addons":[2746],"class_list":{"0":"post-190337","1":"product","2":"type-product","3":"status-publish","4":"has-post-thumbnail","6":"product_cat-ragni","7":"product_cat-tarantole","8":"product_shipping_class-spedizione-di-animali","9":"pa_geschlecht-donna","10":"pa_herkunft-costa-rica","11":"pa_kontinent-nord-america","12":"lce-checkout-addons-imballaggio-invernale","14":"first","15":"instock","16":"sale","17":"taxable","18":"shipping-taxable","19":"purchasable","20":"product-type-variable"},"acf":[],"yoast_head":"<!-- This site is optimized with the Yoast SEO plugin v27.3 - https:\/\/yoast.com\/product\/yoast-seo-wordpress\/ -->\n<title>Sandinista lanceolatum - Insektenliebe<\/title>\n<meta name=\"description\" content=\"Acquista a basso costo Sandinista lanceolatum direttamente online! Una delle tarantole pi\u00f9 belle del mondo! Compra direttamente dall&#039;allevatore!\" \/>\n<meta name=\"robots\" content=\"index, follow, max-snippet:-1, max-image-preview:large, max-video-preview:-1\" \/>\n<link rel=\"canonical\" href=\"https:\/\/insektenliebe.com\/it\/shop\/prodotto\/sandinista-lanceolatum\/\" \/>\n<meta property=\"og:locale\" content=\"it_IT\" \/>\n<meta property=\"og:type\" content=\"article\" \/>\n<meta property=\"og:title\" content=\"Sandinista lanceolatum - Insektenliebe\" \/>\n<meta property=\"og:description\" content=\"Acquista a basso costo Sandinista lanceolatum direttamente online! Una delle tarantole pi\u00f9 belle del mondo! Compra direttamente dall&#039;allevatore!\" \/>\n<meta property=\"og:url\" content=\"https:\/\/insektenliebe.com\/it\/shop\/prodotto\/sandinista-lanceolatum\/\" \/>\n<meta property=\"og:site_name\" content=\"Insektenliebe\" \/>\n<meta property=\"article:modified_time\" content=\"2026-03-06T17:42:54+00:00\" \/>\n<meta property=\"og:image\" content=\"https:\/\/insektenliebe.com\/wp-content\/uploads\/2025\/05\/Sandinista-lanceolatum-2.jpg\" \/>\n\t<meta property=\"og:image:width\" content=\"820\" \/>\n\t<meta property=\"og:image:height\" content=\"820\" \/>\n\t<meta property=\"og:image:type\" content=\"image\/jpeg\" \/>\n<meta name=\"twitter:card\" content=\"summary_large_image\" \/>\n<meta name=\"twitter:label1\" content=\"Tempo di lettura stimato\" \/>\n\t<meta name=\"twitter:data1\" content=\"1 minuto\" \/>\n<script type=\"application\/ld+json\" class=\"yoast-schema-graph\">{\"@context\":\"https:\\\/\\\/schema.org\",\"@graph\":[{\"@type\":\"WebPage\",\"@id\":\"https:\\\/\\\/insektenliebe.com\\\/it\\\/shop\\\/prodotto\\\/sandinista-lanceolatum\\\/\",\"url\":\"https:\\\/\\\/insektenliebe.com\\\/it\\\/shop\\\/prodotto\\\/sandinista-lanceolatum\\\/\",\"name\":\"Sandinista lanceolatum - Insektenliebe\",\"isPartOf\":{\"@id\":\"https:\\\/\\\/insektenliebe.com\\\/it\\\/#website\"},\"primaryImageOfPage\":{\"@id\":\"https:\\\/\\\/insektenliebe.com\\\/it\\\/shop\\\/prodotto\\\/sandinista-lanceolatum\\\/#primaryimage\"},\"image\":{\"@id\":\"https:\\\/\\\/insektenliebe.com\\\/it\\\/shop\\\/prodotto\\\/sandinista-lanceolatum\\\/#primaryimage\"},\"thumbnailUrl\":\"https:\\\/\\\/insektenliebe.com\\\/wp-content\\\/uploads\\\/2025\\\/05\\\/Sandinista-lanceolatum-2.jpg\",\"datePublished\":\"2022-02-23T12:57:00+00:00\",\"dateModified\":\"2026-03-06T17:42:54+00:00\",\"description\":\"Acquista a basso costo Sandinista lanceolatum direttamente online! Una delle tarantole pi\u00f9 belle del mondo! Compra direttamente dall'allevatore!\",\"breadcrumb\":{\"@id\":\"https:\\\/\\\/insektenliebe.com\\\/it\\\/shop\\\/prodotto\\\/sandinista-lanceolatum\\\/#breadcrumb\"},\"inLanguage\":\"it-IT\",\"potentialAction\":[{\"@type\":\"ReadAction\",\"target\":[\"https:\\\/\\\/insektenliebe.com\\\/it\\\/shop\\\/prodotto\\\/sandinista-lanceolatum\\\/\"]}]},{\"@type\":\"ImageObject\",\"inLanguage\":\"it-IT\",\"@id\":\"https:\\\/\\\/insektenliebe.com\\\/it\\\/shop\\\/prodotto\\\/sandinista-lanceolatum\\\/#primaryimage\",\"url\":\"https:\\\/\\\/insektenliebe.com\\\/wp-content\\\/uploads\\\/2025\\\/05\\\/Sandinista-lanceolatum-2.jpg\",\"contentUrl\":\"https:\\\/\\\/insektenliebe.com\\\/wp-content\\\/uploads\\\/2025\\\/05\\\/Sandinista-lanceolatum-2.jpg\",\"width\":820,\"height\":820,\"caption\":\"Sandinista-lanceolatum-2.jpg\"},{\"@type\":\"BreadcrumbList\",\"@id\":\"https:\\\/\\\/insektenliebe.com\\\/it\\\/shop\\\/prodotto\\\/sandinista-lanceolatum\\\/#breadcrumb\",\"itemListElement\":[{\"@type\":\"ListItem\",\"position\":1,\"name\":\"Startseite\",\"item\":\"https:\\\/\\\/insektenliebe.com\\\/it\\\/\"},{\"@type\":\"ListItem\",\"position\":2,\"name\":\"Negozio\",\"item\":\"https:\\\/\\\/insektenliebe.com\\\/it\\\/negozio\\\/\"},{\"@type\":\"ListItem\",\"position\":3,\"name\":\"Sandinista lanceolatum\"}]},{\"@type\":\"WebSite\",\"@id\":\"https:\\\/\\\/insektenliebe.com\\\/it\\\/#website\",\"url\":\"https:\\\/\\\/insektenliebe.com\\\/it\\\/\",\"name\":\"Insektenliebe\",\"description\":\"Dein Zuhause f\u00fcr die kleinen Lebewesen\",\"publisher\":{\"@id\":\"https:\\\/\\\/insektenliebe.com\\\/it\\\/#organization\"},\"potentialAction\":[{\"@type\":\"SearchAction\",\"target\":{\"@type\":\"EntryPoint\",\"urlTemplate\":\"https:\\\/\\\/insektenliebe.com\\\/it\\\/?s={search_term_string}\"},\"query-input\":{\"@type\":\"PropertyValueSpecification\",\"valueRequired\":true,\"valueName\":\"search_term_string\"}}],\"inLanguage\":\"it-IT\"},{\"@type\":\"Organization\",\"@id\":\"https:\\\/\\\/insektenliebe.com\\\/it\\\/#organization\",\"name\":\"Insektenliebe\",\"url\":\"https:\\\/\\\/insektenliebe.com\\\/it\\\/\",\"logo\":{\"@type\":\"ImageObject\",\"inLanguage\":\"it-IT\",\"@id\":\"https:\\\/\\\/insektenliebe.com\\\/it\\\/#\\\/schema\\\/logo\\\/image\\\/\",\"url\":\"https:\\\/\\\/insektenliebe.com\\\/wp-content\\\/uploads\\\/2025\\\/03\\\/logo-white.png\",\"contentUrl\":\"https:\\\/\\\/insektenliebe.com\\\/wp-content\\\/uploads\\\/2025\\\/03\\\/logo-white.png\",\"width\":288,\"height\":188,\"caption\":\"Insektenliebe\"},\"image\":{\"@id\":\"https:\\\/\\\/insektenliebe.com\\\/it\\\/#\\\/schema\\\/logo\\\/image\\\/\"}}]}<\/script>\n<!-- \/ Yoast SEO plugin. -->","yoast_head_json":{"title":"Sandinista lanceolatum - Insektenliebe","description":"Acquista a basso costo Sandinista lanceolatum direttamente online! Una delle tarantole pi\u00f9 belle del mondo! Compra direttamente dall'allevatore!","robots":{"index":"index","follow":"follow","max-snippet":"max-snippet:-1","max-image-preview":"max-image-preview:large","max-video-preview":"max-video-preview:-1"},"canonical":"https:\/\/insektenliebe.com\/it\/shop\/prodotto\/sandinista-lanceolatum\/","og_locale":"it_IT","og_type":"article","og_title":"Sandinista lanceolatum - Insektenliebe","og_description":"Acquista a basso costo Sandinista lanceolatum direttamente online! Una delle tarantole pi\u00f9 belle del mondo! Compra direttamente dall'allevatore!","og_url":"https:\/\/insektenliebe.com\/it\/shop\/prodotto\/sandinista-lanceolatum\/","og_site_name":"Insektenliebe","article_modified_time":"2026-03-06T17:42:54+00:00","og_image":[{"width":820,"height":820,"url":"https:\/\/insektenliebe.com\/wp-content\/uploads\/2025\/05\/Sandinista-lanceolatum-2.jpg","type":"image\/jpeg"}],"twitter_card":"summary_large_image","twitter_misc":{"Tempo di lettura stimato":"1 minuto"},"schema":{"@context":"https:\/\/schema.org","@graph":[{"@type":"WebPage","@id":"https:\/\/insektenliebe.com\/it\/shop\/prodotto\/sandinista-lanceolatum\/","url":"https:\/\/insektenliebe.com\/it\/shop\/prodotto\/sandinista-lanceolatum\/","name":"Sandinista lanceolatum - Insektenliebe","isPartOf":{"@id":"https:\/\/insektenliebe.com\/it\/#website"},"primaryImageOfPage":{"@id":"https:\/\/insektenliebe.com\/it\/shop\/prodotto\/sandinista-lanceolatum\/#primaryimage"},"image":{"@id":"https:\/\/insektenliebe.com\/it\/shop\/prodotto\/sandinista-lanceolatum\/#primaryimage"},"thumbnailUrl":"https:\/\/insektenliebe.com\/wp-content\/uploads\/2025\/05\/Sandinista-lanceolatum-2.jpg","datePublished":"2022-02-23T12:57:00+00:00","dateModified":"2026-03-06T17:42:54+00:00","description":"Acquista a basso costo Sandinista lanceolatum direttamente online! Una delle tarantole pi\u00f9 belle del mondo! Compra direttamente dall'allevatore!","breadcrumb":{"@id":"https:\/\/insektenliebe.com\/it\/shop\/prodotto\/sandinista-lanceolatum\/#breadcrumb"},"inLanguage":"it-IT","potentialAction":[{"@type":"ReadAction","target":["https:\/\/insektenliebe.com\/it\/shop\/prodotto\/sandinista-lanceolatum\/"]}]},{"@type":"ImageObject","inLanguage":"it-IT","@id":"https:\/\/insektenliebe.com\/it\/shop\/prodotto\/sandinista-lanceolatum\/#primaryimage","url":"https:\/\/insektenliebe.com\/wp-content\/uploads\/2025\/05\/Sandinista-lanceolatum-2.jpg","contentUrl":"https:\/\/insektenliebe.com\/wp-content\/uploads\/2025\/05\/Sandinista-lanceolatum-2.jpg","width":820,"height":820,"caption":"Sandinista-lanceolatum-2.jpg"},{"@type":"BreadcrumbList","@id":"https:\/\/insektenliebe.com\/it\/shop\/prodotto\/sandinista-lanceolatum\/#breadcrumb","itemListElement":[{"@type":"ListItem","position":1,"name":"Startseite","item":"https:\/\/insektenliebe.com\/it\/"},{"@type":"ListItem","position":2,"name":"Negozio","item":"https:\/\/insektenliebe.com\/it\/negozio\/"},{"@type":"ListItem","position":3,"name":"Sandinista lanceolatum"}]},{"@type":"WebSite","@id":"https:\/\/insektenliebe.com\/it\/#website","url":"https:\/\/insektenliebe.com\/it\/","name":"Insektenliebe","description":"Dein Zuhause f\u00fcr die kleinen Lebewesen","publisher":{"@id":"https:\/\/insektenliebe.com\/it\/#organization"},"potentialAction":[{"@type":"SearchAction","target":{"@type":"EntryPoint","urlTemplate":"https:\/\/insektenliebe.com\/it\/?s={search_term_string}"},"query-input":{"@type":"PropertyValueSpecification","valueRequired":true,"valueName":"search_term_string"}}],"inLanguage":"it-IT"},{"@type":"Organization","@id":"https:\/\/insektenliebe.com\/it\/#organization","name":"Insektenliebe","url":"https:\/\/insektenliebe.com\/it\/","logo":{"@type":"ImageObject","inLanguage":"it-IT","@id":"https:\/\/insektenliebe.com\/it\/#\/schema\/logo\/image\/","url":"https:\/\/insektenliebe.com\/wp-content\/uploads\/2025\/03\/logo-white.png","contentUrl":"https:\/\/insektenliebe.com\/wp-content\/uploads\/2025\/03\/logo-white.png","width":288,"height":188,"caption":"Insektenliebe"},"image":{"@id":"https:\/\/insektenliebe.com\/it\/#\/schema\/logo\/image\/"}}]}},"_links":{"self":[{"href":"https:\/\/insektenliebe.com\/it\/wp-json\/wp\/v2\/product\/190337","targetHints":{"allow":["GET"]}}],"collection":[{"href":"https:\/\/insektenliebe.com\/it\/wp-json\/wp\/v2\/product"}],"about":[{"href":"https:\/\/insektenliebe.com\/it\/wp-json\/wp\/v2\/types\/product"}],"wp:featuredmedia":[{"embeddable":true,"href":"https:\/\/insektenliebe.com\/it\/wp-json\/wp\/v2\/media\/186344"}],"wp:attachment":[{"href":"https:\/\/insektenliebe.com\/it\/wp-json\/wp\/v2\/media?parent=190337"}],"wp:term":[{"taxonomy":"product-supplier","embeddable":true,"href":"https:\/\/insektenliebe.com\/it\/wp-json\/wp\/v2\/product-supplier?post=190337"},{"taxonomy":"product_brand","embeddable":true,"href":"https:\/\/insektenliebe.com\/it\/wp-json\/wp\/v2\/product_brand?post=190337"},{"taxonomy":"product_cat","embeddable":true,"href":"https:\/\/insektenliebe.com\/it\/wp-json\/wp\/v2\/product_cat?post=190337"},{"taxonomy":"product_tag","embeddable":true,"href":"https:\/\/insektenliebe.com\/it\/wp-json\/wp\/v2\/product_tag?post=190337"},{"taxonomy":"lce-checkout-addons","embeddable":true,"href":"https:\/\/insektenliebe.com\/it\/wp-json\/wp\/v2\/lce-checkout-addons?post=190337"}],"curies":[{"name":"wp","href":"https:\/\/api.w.org\/{rel}","templated":true}]}}