{"id":190333,"date":"2022-02-24T20:14:30","date_gmt":"2022-02-24T18:14:30","guid":{"rendered":"https:\/\/insektenliebe.com\/shop\/produkt\/damon-diadema-ragno-del-flagello\/"},"modified":"2022-02-24T20:14:30","modified_gmt":"2022-02-24T19:14:30","slug":"damon-diadema-ragno-del-flagello","status":"publish","type":"product","link":"https:\/\/insektenliebe.com\/it\/shop\/prodotto\/damon-diadema-ragno-del-flagello\/","title":{"rendered":"Damon diadema \"ragno del flagello\""},"content":{"rendered":"<h3>Luce<\/h3>\n<h3>Tanzania, Kenya<\/h3>\n<h3>4-5 CM<\/h3>\n<h3>25-30 \u00b0C<\/h3>\n<h3><span style=\"color: #99cc33\">Breve descrizione Damon diadema \"ragno flagello\":<\/span><\/h3>\n<p><strong>Il Damon diadema \"ragno flagello\"<\/strong> \u00e8 sociale e pu\u00f2 essere tenuto in gruppo, ma questa specie pu\u00f2 portare a lotte territoriali tra maschi e femmine. \u00c8 quindi necessario fornire loro spazio e nascondigli a sufficienza. Tipico dei ragni flagellati, il <strong>Damon diadema \"ragno flagellato\"<\/strong> ha anche un corpo relativamente piatto. Questo gli permette di infilarsi in qualsiasi fessura ed \u00e8 proprio quello che gli piace fare. \u00c8 affascinante vedere questa specie notturna di ragno flagellato che scruta l&#8217;ambiente circostante con i suoi flagelli e si muove lateralmente. Dovresti anche assicurarti che abbiano abbastanza spazio nel terrario in modo da potersi muovere liberamente. La superficie di calpestio pu\u00f2 essere aumentata con strati di corteccia di sughero o pietre laviche ammassate. Queste ultime, inoltre, immagazzinano bene l&#8217;umidit\u00e0 e la rilasciano lentamente nell&#8217;ambiente. Gli animali devono essere tenuti a 25-30 \u00b0C e a un&#8217;umidit\u00e0 costantemente elevata (80-95%). \u00c8 anche opportuno offrire un piatto d&#8217;acqua poco profondo con delle pietre, poich\u00e9 abbiamo spesso osservato che gli animali le accettano e bevono.         <\/p>\n<p>Come substrato utilizziamo una miscela di humus forestale, legno bianco marcio e foglie. L&#8217;abbiamo inoculata con code di primavera e abbiamo utilizzato Porcellionides pruinosus (isopodi cubani) come polizia del suolo e fonte di cibo allo stesso tempo. Questa specie di isopodi dal guscio molle \u00e8 accettata molto bene dal <strong>\"ragno flagello\" Damon diadema<\/strong> e si \u00e8 creata una sorta di simbiosi autosufficiente nel terrario.  <\/p>\n<p><strong style=\"color: #99cc33;font-size: 20.16px\">Prodotti per Damon diadema \"ragno flagello\"!<\/strong><\/p>\n","protected":false},"excerpt":{"rendered":"<p>Luce Tanzania, Kenya 4-5 CM 25-30 \u00b0C Breve descrizione Damon diadema \"ragno flagello\": Il Damon diadema \"ragno flagello\" \u00e8 sociale e pu\u00f2 essere tenuto in gruppo, ma questa specie pu\u00f2 portare a lotte territoriali tra maschi e femmine. \u00c8 quindi necessario fornire loro spazio e nascondigli a sufficienza. Tipico dei ragni flagellati, il Damon diadema [&hellip;]<\/p>\n","protected":false},"featured_media":190335,"template":"","meta":{"_acf_changed":false},"product-supplier":[],"product_brand":[],"product_cat":[2999,2809],"product_tag":[],"lce-checkout-addons":[2746],"class_list":{"0":"post-190333","1":"product","2":"type-product","3":"status-publish","4":"has-post-thumbnail","6":"product_cat-altri-ragni","7":"product_cat-ragni","8":"product_shipping_class-spedizione-di-animali","9":"lce-checkout-addons-imballaggio-invernale","11":"first","12":"outofstock","13":"taxable","14":"shipping-taxable","15":"purchasable","16":"product-type-simple"},"acf":[],"yoast_head":"<!-- This site is optimized with the Yoast SEO plugin v27.3 - https:\/\/yoast.com\/product\/yoast-seo-wordpress\/ -->\n<title>Damon diadema &quot;ragno del flagello&quot; - Insektenliebe<\/title>\n<meta name=\"description\" content=\"Acquista la prole di Damon diadema &quot;Scourge Spider&quot; direttamente online! Con descrizione dettagliata dell&#039;allevamento!\" \/>\n<meta name=\"robots\" content=\"index, follow, max-snippet:-1, max-image-preview:large, max-video-preview:-1\" \/>\n<link rel=\"canonical\" href=\"https:\/\/insektenliebe.com\/it\/shop\/prodotto\/damon-diadema-ragno-del-flagello\/\" \/>\n<meta property=\"og:locale\" content=\"it_IT\" \/>\n<meta property=\"og:type\" content=\"article\" \/>\n<meta property=\"og:title\" content=\"Damon diadema &quot;ragno del flagello&quot; - Insektenliebe\" \/>\n<meta property=\"og:description\" content=\"Acquista la prole di Damon diadema &quot;Scourge Spider&quot; direttamente online! Con descrizione dettagliata dell&#039;allevamento!\" \/>\n<meta property=\"og:url\" content=\"https:\/\/insektenliebe.com\/it\/shop\/prodotto\/damon-diadema-ragno-del-flagello\/\" \/>\n<meta property=\"og:site_name\" content=\"Insektenliebe\" \/>\n<meta property=\"article:modified_time\" content=\"2022-02-24T19:14:30+00:00\" \/>\n<meta property=\"og:image\" content=\"https:\/\/insektenliebe.com\/wp-content\/uploads\/2025\/05\/Damon-diadema-22Geisselspinne22-2.jpg\" \/>\n\t<meta property=\"og:image:width\" content=\"820\" \/>\n\t<meta property=\"og:image:height\" content=\"820\" \/>\n\t<meta property=\"og:image:type\" content=\"image\/jpeg\" \/>\n<meta name=\"twitter:card\" content=\"summary_large_image\" \/>\n<meta name=\"twitter:label1\" content=\"Tempo di lettura stimato\" \/>\n\t<meta name=\"twitter:data1\" content=\"1 minuto\" \/>\n<script type=\"application\/ld+json\" class=\"yoast-schema-graph\">{\"@context\":\"https:\\\/\\\/schema.org\",\"@graph\":[{\"@type\":\"WebPage\",\"@id\":\"https:\\\/\\\/insektenliebe.com\\\/it\\\/shop\\\/prodotto\\\/damon-diadema-ragno-del-flagello\\\/\",\"url\":\"https:\\\/\\\/insektenliebe.com\\\/it\\\/shop\\\/prodotto\\\/damon-diadema-ragno-del-flagello\\\/\",\"name\":\"Damon diadema \\\"ragno del flagello\\\" - Insektenliebe\",\"isPartOf\":{\"@id\":\"https:\\\/\\\/insektenliebe.com\\\/it\\\/#website\"},\"primaryImageOfPage\":{\"@id\":\"https:\\\/\\\/insektenliebe.com\\\/it\\\/shop\\\/prodotto\\\/damon-diadema-ragno-del-flagello\\\/#primaryimage\"},\"image\":{\"@id\":\"https:\\\/\\\/insektenliebe.com\\\/it\\\/shop\\\/prodotto\\\/damon-diadema-ragno-del-flagello\\\/#primaryimage\"},\"thumbnailUrl\":\"https:\\\/\\\/insektenliebe.com\\\/wp-content\\\/uploads\\\/2025\\\/05\\\/Damon-diadema-22Geisselspinne22-2.jpg\",\"datePublished\":\"2022-02-24T18:14:30+00:00\",\"dateModified\":\"2022-02-24T19:14:30+00:00\",\"description\":\"Acquista la prole di Damon diadema \\\"Scourge Spider\\\" direttamente online! Con descrizione dettagliata dell'allevamento!\",\"breadcrumb\":{\"@id\":\"https:\\\/\\\/insektenliebe.com\\\/it\\\/shop\\\/prodotto\\\/damon-diadema-ragno-del-flagello\\\/#breadcrumb\"},\"inLanguage\":\"it-IT\",\"potentialAction\":[{\"@type\":\"ReadAction\",\"target\":[\"https:\\\/\\\/insektenliebe.com\\\/it\\\/shop\\\/prodotto\\\/damon-diadema-ragno-del-flagello\\\/\"]}]},{\"@type\":\"ImageObject\",\"inLanguage\":\"it-IT\",\"@id\":\"https:\\\/\\\/insektenliebe.com\\\/it\\\/shop\\\/prodotto\\\/damon-diadema-ragno-del-flagello\\\/#primaryimage\",\"url\":\"https:\\\/\\\/insektenliebe.com\\\/wp-content\\\/uploads\\\/2025\\\/05\\\/Damon-diadema-22Geisselspinne22-2.jpg\",\"contentUrl\":\"https:\\\/\\\/insektenliebe.com\\\/wp-content\\\/uploads\\\/2025\\\/05\\\/Damon-diadema-22Geisselspinne22-2.jpg\",\"width\":820,\"height\":820,\"caption\":\"Damon-diadema-22Geisselspinne22-2.jpg\"},{\"@type\":\"BreadcrumbList\",\"@id\":\"https:\\\/\\\/insektenliebe.com\\\/it\\\/shop\\\/prodotto\\\/damon-diadema-ragno-del-flagello\\\/#breadcrumb\",\"itemListElement\":[{\"@type\":\"ListItem\",\"position\":1,\"name\":\"Startseite\",\"item\":\"https:\\\/\\\/insektenliebe.com\\\/it\\\/\"},{\"@type\":\"ListItem\",\"position\":2,\"name\":\"Negozio\",\"item\":\"https:\\\/\\\/insektenliebe.com\\\/it\\\/negozio\\\/\"},{\"@type\":\"ListItem\",\"position\":3,\"name\":\"Damon diadema &#8220;ragno del flagello&#8221;\"}]},{\"@type\":\"WebSite\",\"@id\":\"https:\\\/\\\/insektenliebe.com\\\/it\\\/#website\",\"url\":\"https:\\\/\\\/insektenliebe.com\\\/it\\\/\",\"name\":\"Insektenliebe\",\"description\":\"Dein Zuhause f\u00fcr die kleinen Lebewesen\",\"publisher\":{\"@id\":\"https:\\\/\\\/insektenliebe.com\\\/it\\\/#organization\"},\"potentialAction\":[{\"@type\":\"SearchAction\",\"target\":{\"@type\":\"EntryPoint\",\"urlTemplate\":\"https:\\\/\\\/insektenliebe.com\\\/it\\\/?s={search_term_string}\"},\"query-input\":{\"@type\":\"PropertyValueSpecification\",\"valueRequired\":true,\"valueName\":\"search_term_string\"}}],\"inLanguage\":\"it-IT\"},{\"@type\":\"Organization\",\"@id\":\"https:\\\/\\\/insektenliebe.com\\\/it\\\/#organization\",\"name\":\"Insektenliebe\",\"url\":\"https:\\\/\\\/insektenliebe.com\\\/it\\\/\",\"logo\":{\"@type\":\"ImageObject\",\"inLanguage\":\"it-IT\",\"@id\":\"https:\\\/\\\/insektenliebe.com\\\/it\\\/#\\\/schema\\\/logo\\\/image\\\/\",\"url\":\"https:\\\/\\\/insektenliebe.com\\\/wp-content\\\/uploads\\\/2025\\\/03\\\/logo-white.png\",\"contentUrl\":\"https:\\\/\\\/insektenliebe.com\\\/wp-content\\\/uploads\\\/2025\\\/03\\\/logo-white.png\",\"width\":288,\"height\":188,\"caption\":\"Insektenliebe\"},\"image\":{\"@id\":\"https:\\\/\\\/insektenliebe.com\\\/it\\\/#\\\/schema\\\/logo\\\/image\\\/\"}}]}<\/script>\n<!-- \/ Yoast SEO plugin. -->","yoast_head_json":{"title":"Damon diadema \"ragno del flagello\" - Insektenliebe","description":"Acquista la prole di Damon diadema \"Scourge Spider\" direttamente online! Con descrizione dettagliata dell'allevamento!","robots":{"index":"index","follow":"follow","max-snippet":"max-snippet:-1","max-image-preview":"max-image-preview:large","max-video-preview":"max-video-preview:-1"},"canonical":"https:\/\/insektenliebe.com\/it\/shop\/prodotto\/damon-diadema-ragno-del-flagello\/","og_locale":"it_IT","og_type":"article","og_title":"Damon diadema \"ragno del flagello\" - Insektenliebe","og_description":"Acquista la prole di Damon diadema \"Scourge Spider\" direttamente online! Con descrizione dettagliata dell'allevamento!","og_url":"https:\/\/insektenliebe.com\/it\/shop\/prodotto\/damon-diadema-ragno-del-flagello\/","og_site_name":"Insektenliebe","article_modified_time":"2022-02-24T19:14:30+00:00","og_image":[{"width":820,"height":820,"url":"https:\/\/insektenliebe.com\/wp-content\/uploads\/2025\/05\/Damon-diadema-22Geisselspinne22-2.jpg","type":"image\/jpeg"}],"twitter_card":"summary_large_image","twitter_misc":{"Tempo di lettura stimato":"1 minuto"},"schema":{"@context":"https:\/\/schema.org","@graph":[{"@type":"WebPage","@id":"https:\/\/insektenliebe.com\/it\/shop\/prodotto\/damon-diadema-ragno-del-flagello\/","url":"https:\/\/insektenliebe.com\/it\/shop\/prodotto\/damon-diadema-ragno-del-flagello\/","name":"Damon diadema \"ragno del flagello\" - Insektenliebe","isPartOf":{"@id":"https:\/\/insektenliebe.com\/it\/#website"},"primaryImageOfPage":{"@id":"https:\/\/insektenliebe.com\/it\/shop\/prodotto\/damon-diadema-ragno-del-flagello\/#primaryimage"},"image":{"@id":"https:\/\/insektenliebe.com\/it\/shop\/prodotto\/damon-diadema-ragno-del-flagello\/#primaryimage"},"thumbnailUrl":"https:\/\/insektenliebe.com\/wp-content\/uploads\/2025\/05\/Damon-diadema-22Geisselspinne22-2.jpg","datePublished":"2022-02-24T18:14:30+00:00","dateModified":"2022-02-24T19:14:30+00:00","description":"Acquista la prole di Damon diadema \"Scourge Spider\" direttamente online! Con descrizione dettagliata dell'allevamento!","breadcrumb":{"@id":"https:\/\/insektenliebe.com\/it\/shop\/prodotto\/damon-diadema-ragno-del-flagello\/#breadcrumb"},"inLanguage":"it-IT","potentialAction":[{"@type":"ReadAction","target":["https:\/\/insektenliebe.com\/it\/shop\/prodotto\/damon-diadema-ragno-del-flagello\/"]}]},{"@type":"ImageObject","inLanguage":"it-IT","@id":"https:\/\/insektenliebe.com\/it\/shop\/prodotto\/damon-diadema-ragno-del-flagello\/#primaryimage","url":"https:\/\/insektenliebe.com\/wp-content\/uploads\/2025\/05\/Damon-diadema-22Geisselspinne22-2.jpg","contentUrl":"https:\/\/insektenliebe.com\/wp-content\/uploads\/2025\/05\/Damon-diadema-22Geisselspinne22-2.jpg","width":820,"height":820,"caption":"Damon-diadema-22Geisselspinne22-2.jpg"},{"@type":"BreadcrumbList","@id":"https:\/\/insektenliebe.com\/it\/shop\/prodotto\/damon-diadema-ragno-del-flagello\/#breadcrumb","itemListElement":[{"@type":"ListItem","position":1,"name":"Startseite","item":"https:\/\/insektenliebe.com\/it\/"},{"@type":"ListItem","position":2,"name":"Negozio","item":"https:\/\/insektenliebe.com\/it\/negozio\/"},{"@type":"ListItem","position":3,"name":"Damon diadema &#8220;ragno del flagello&#8221;"}]},{"@type":"WebSite","@id":"https:\/\/insektenliebe.com\/it\/#website","url":"https:\/\/insektenliebe.com\/it\/","name":"Insektenliebe","description":"Dein Zuhause f\u00fcr die kleinen Lebewesen","publisher":{"@id":"https:\/\/insektenliebe.com\/it\/#organization"},"potentialAction":[{"@type":"SearchAction","target":{"@type":"EntryPoint","urlTemplate":"https:\/\/insektenliebe.com\/it\/?s={search_term_string}"},"query-input":{"@type":"PropertyValueSpecification","valueRequired":true,"valueName":"search_term_string"}}],"inLanguage":"it-IT"},{"@type":"Organization","@id":"https:\/\/insektenliebe.com\/it\/#organization","name":"Insektenliebe","url":"https:\/\/insektenliebe.com\/it\/","logo":{"@type":"ImageObject","inLanguage":"it-IT","@id":"https:\/\/insektenliebe.com\/it\/#\/schema\/logo\/image\/","url":"https:\/\/insektenliebe.com\/wp-content\/uploads\/2025\/03\/logo-white.png","contentUrl":"https:\/\/insektenliebe.com\/wp-content\/uploads\/2025\/03\/logo-white.png","width":288,"height":188,"caption":"Insektenliebe"},"image":{"@id":"https:\/\/insektenliebe.com\/it\/#\/schema\/logo\/image\/"}}]}},"_links":{"self":[{"href":"https:\/\/insektenliebe.com\/it\/wp-json\/wp\/v2\/product\/190333","targetHints":{"allow":["GET"]}}],"collection":[{"href":"https:\/\/insektenliebe.com\/it\/wp-json\/wp\/v2\/product"}],"about":[{"href":"https:\/\/insektenliebe.com\/it\/wp-json\/wp\/v2\/types\/product"}],"wp:featuredmedia":[{"embeddable":true,"href":"https:\/\/insektenliebe.com\/it\/wp-json\/wp\/v2\/media\/190335"}],"wp:attachment":[{"href":"https:\/\/insektenliebe.com\/it\/wp-json\/wp\/v2\/media?parent=190333"}],"wp:term":[{"taxonomy":"product-supplier","embeddable":true,"href":"https:\/\/insektenliebe.com\/it\/wp-json\/wp\/v2\/product-supplier?post=190333"},{"taxonomy":"product_brand","embeddable":true,"href":"https:\/\/insektenliebe.com\/it\/wp-json\/wp\/v2\/product_brand?post=190333"},{"taxonomy":"product_cat","embeddable":true,"href":"https:\/\/insektenliebe.com\/it\/wp-json\/wp\/v2\/product_cat?post=190333"},{"taxonomy":"product_tag","embeddable":true,"href":"https:\/\/insektenliebe.com\/it\/wp-json\/wp\/v2\/product_tag?post=190333"},{"taxonomy":"lce-checkout-addons","embeddable":true,"href":"https:\/\/insektenliebe.com\/it\/wp-json\/wp\/v2\/lce-checkout-addons?post=190333"}],"curies":[{"name":"wp","href":"https:\/\/api.w.org\/{rel}","templated":true}]}}