{"id":190294,"date":"2022-07-06T17:13:12","date_gmt":"2022-07-06T15:13:12","guid":{"rendered":"https:\/\/insektenliebe.com\/shop\/produkt\/copertura-hobby-terra-fix-easy\/"},"modified":"2026-04-09T11:13:13","modified_gmt":"2026-04-09T09:13:13","slug":"copertura-hobby-terra-fix-easy","status":"publish","type":"product","link":"https:\/\/insektenliebe.com\/it\/shop\/prodotto\/copertura-hobby-terra-fix-easy\/","title":{"rendered":"Copertura Hobby Terra Fix &amp; Easy"},"content":{"rendered":"<h3><span class=\"s1\" style=\"color: #99cc33;\">Easy Cover - Una soluzione pulita per la tua installazione<\/span><\/h3>\n<p class=\"p1\"><span class=\"s1\">Il <\/span><strong><span class=\"s2\">Copertura Hobby Terra Fix &amp; Easy<\/span><\/strong><span class=\"s1\">  ti offre un modo semplice ma efficace per migliorare il tuo terrario. Non solo migliora il clima, ma aumenta anche la sicurezza e dona un aspetto pulito. <\/span><\/p>\n<p class=\"p1\"><span class=\"s1\">Le coperture aperte in garza spesso lasciano fuoriuscire molta umidit\u00e0, rendendo rapidamente il clima instabile. \u00c8 proprio qui che entra in gioco la copertura, che riduce notevolmente l&#8217;evaporazione e mantiene l&#8217;umidit\u00e0 nel terrario pi\u00f9 a lungo. Questo significa che dovrai spruzzare meno acqua e allo stesso tempo creare condizioni pi\u00f9 stabili.  <\/span><\/p>\n<p class=\"p1\"><span class=\"s1\">Soprattutto in <\/span><span class=\"s2\">terrari tropicali<\/span><span class=\"s1\">  Questo vantaggio \u00e8 particolarmente evidente: le piante crescono in modo pi\u00f9 uniforme e gli animali beneficiano di valori costanti. Allo stesso tempo, si crea un microclima equilibrato che mantiene stabile l&#8217;intero impianto a lungo termine. <\/span><\/p>\n<p class=\"p1\"><span class=\"s1\">Oltre al clima, la copertura migliora anche la sicurezza perch\u00e9 si appoggia saldamente al terrario e non scivola. Tuttavia, puoi rimuoverla rapidamente in qualsiasi momento se vuoi pulire o personalizzare la tua pianta. <\/span><\/p>\n<p class=\"p1\"><span class=\"s1\">Inoltre, la copertura protegge il terrario dalle influenze esterne, in quanto la polvere entra meno nella vasca e gli animali domestici curiosi non entrano in contatto diretto con la garza. Allo stesso tempo, la circolazione dell&#8217;aria viene mantenuta perch\u00e9 il sistema non blocca completamente la ventilazione, ma la integra. <\/span><\/p>\n<p class=\"p1\"><span class=\"s1\">Un altro vantaggio \u00e8 l&#8217;aspetto estetico, perch\u00e9 con i pannelli in acrilico nascondi <\/span><span class=\"s2\">Cavi, illuminazione e tecnologia<\/span><span class=\"s1\">e questo fa s\u00ec che il tuo terrario abbia un aspetto molto pi\u00f9 ordinato. Allo stesso tempo, si integra meglio con l&#8217;ambiente in cui vivi e ha un aspetto pi\u00f9 raffinato. <\/span><\/p>\n<p class=\"p1\"><span class=\"s1\">L&#8217;assemblaggio \u00e8 particolarmente semplice, in quanto \u00e8 possibile inserire gli elementi <\/span><span class=\"s2\">nei binari in dotazione senza bisogno di attrezzi<\/span><span class=\"s1\">. Questo ti fa risparmiare tempo e ti permette di essere flessibile se vuoi cambiare qualcosa in un secondo momento.<\/span><\/p>\n<p class=\"p1\"><span class=\"s1\">La copertura garantisce inoltre che il terrario abbia l&#8217;aspetto di un vero e proprio pezzo d&#8217;arredamento. <\/span><span class=\"s2\">un vero e proprio pezzo d&#8217;arredamento<\/span><span class=\"s1\">pur rimanendo funzionale e completando il tuo allestimento.<\/span><\/p>\n<p class=\"p1\"><strong><span class=\"s2\">Importante:<\/span><span class=\"s1\"> Per montare i pannelli in acrilico, \u00e8 necessario il set di prolunghe <\/span><span class=\"s2\">Set di prolunghe Hobby Terra Fix &amp; Easy<\/span><span class=\"s1\">.<\/span><\/strong><\/p>\n<p class=\"p1\"><span class=\"s2\">Taglie disponibili:<\/span><\/p>\n<ul>\n<li>\n<p class=\"p1\"><span class=\"s1\">Coperchio 30<\/span><span class=\"s2\"> - per 30 \u00d7 30 \u00d7 32 cm e 30 \u00d7 30 \u00d7 45 cm<\/span><\/p>\n<\/li>\n<li>\n<p class=\"p1\"><span class=\"s1\">Coperchio 45<\/span><span class=\"s2\"> - per 45 \u00d7 45 \u00d7 32 cm &amp; 45 \u00d7 45 \u00d7 60 cm<\/span><\/p>\n<\/li>\n<li>\n<p class=\"p1\"><span class=\"s1\">Coperchio 60<\/span><span class=\"s2\"> - per 60 \u00d7 45 \u00d7 45 cm<\/span><\/p>\n<\/li>\n<li>\n<p class=\"p1\"><span class=\"s1\">Coperchio 90<\/span><span class=\"s2\"> - per 91,4 \u00d7 45,7 \u00d7 45,7 cm<\/span><\/p>\n<\/li>\n<\/ul>\n<p class=\"p1\"><span class=\"s1\">Con il <\/span><strong><span class=\"s2\">Hobby Terra Fix &amp; Easy Cover<\/span><\/strong><span class=\"s1\"> ottieni un&#8217;estensione ben studiata che non \u00e8 solo funzionale, ma anche visivamente attraente e che valorizza in modo significativo il tuo terrario.<\/span><\/p>\n","protected":false},"excerpt":{"rendered":"<p>Easy Cover - Una soluzione pulita per la tua installazione Il Copertura Hobby Terra Fix &amp; Easy ti offre un modo semplice ma efficace per migliorare il tuo terrario. Non solo migliora il clima, ma aumenta anche la sicurezza e dona un aspetto pulito. Le coperture aperte in garza spesso lasciano fuoriuscire molta umidit\u00e0, rendendo [&hellip;]<\/p>\n","protected":false},"featured_media":186182,"template":"","meta":{"_acf_changed":false},"product-supplier":[],"product_brand":[2739],"product_cat":[2760],"product_tag":[],"lce-checkout-addons":[],"class_list":{"0":"post-190294","1":"product","2":"type-product","3":"status-publish","4":"has-post-thumbnail","6":"product_brand-hobby-terraristica","7":"product_cat-terrari-e-contenitori","8":"product_shipping_class-equipment-shipping","10":"first","11":"instock","12":"sale","13":"taxable","14":"shipping-taxable","15":"purchasable","16":"product-type-variable"},"acf":[],"yoast_head":"<!-- This site is optimized with the Yoast SEO plugin v27.3 - https:\/\/yoast.com\/product\/yoast-seo-wordpress\/ -->\n<title>Copertura Hobby Terra Fix &amp; Easy - Insektenliebe<\/title>\n<meta name=\"description\" content=\"Hobby Terra Fix &amp; Easy Cover - Copertura acrilica per terrari. Riduce l&#039;evaporazione, aumenta la sicurezza e garantisce un allestimento pulito.\" \/>\n<meta name=\"robots\" content=\"index, follow, max-snippet:-1, max-image-preview:large, max-video-preview:-1\" \/>\n<link rel=\"canonical\" href=\"https:\/\/insektenliebe.com\/it\/shop\/prodotto\/copertura-hobby-terra-fix-easy\/\" \/>\n<meta property=\"og:locale\" content=\"it_IT\" \/>\n<meta property=\"og:type\" content=\"article\" \/>\n<meta property=\"og:title\" content=\"Copertura Hobby Terra Fix &amp; Easy - Insektenliebe\" \/>\n<meta property=\"og:description\" content=\"Hobby Terra Fix &amp; Easy Cover - Copertura acrilica per terrari. Riduce l&#039;evaporazione, aumenta la sicurezza e garantisce un allestimento pulito.\" \/>\n<meta property=\"og:url\" content=\"https:\/\/insektenliebe.com\/it\/shop\/prodotto\/copertura-hobby-terra-fix-easy\/\" \/>\n<meta property=\"og:site_name\" content=\"Insektenliebe\" \/>\n<meta property=\"article:modified_time\" content=\"2026-04-09T09:13:13+00:00\" \/>\n<meta property=\"og:image\" content=\"https:\/\/insektenliebe.com\/wp-content\/uploads\/2025\/05\/Hobby-Terra-Fix-Easy-Cover-2.jpg\" \/>\n\t<meta property=\"og:image:width\" content=\"820\" \/>\n\t<meta property=\"og:image:height\" content=\"820\" \/>\n\t<meta property=\"og:image:type\" content=\"image\/jpeg\" \/>\n<meta name=\"twitter:card\" content=\"summary_large_image\" \/>\n<meta name=\"twitter:label1\" content=\"Tempo di lettura stimato\" \/>\n\t<meta name=\"twitter:data1\" content=\"2 minuto\" \/>\n<script type=\"application\/ld+json\" class=\"yoast-schema-graph\">{\"@context\":\"https:\\\/\\\/schema.org\",\"@graph\":[{\"@type\":\"WebPage\",\"@id\":\"https:\\\/\\\/insektenliebe.com\\\/it\\\/shop\\\/prodotto\\\/copertura-hobby-terra-fix-easy\\\/\",\"url\":\"https:\\\/\\\/insektenliebe.com\\\/it\\\/shop\\\/prodotto\\\/copertura-hobby-terra-fix-easy\\\/\",\"name\":\"Copertura Hobby Terra Fix &amp; Easy - Insektenliebe\",\"isPartOf\":{\"@id\":\"https:\\\/\\\/insektenliebe.com\\\/it\\\/#website\"},\"primaryImageOfPage\":{\"@id\":\"https:\\\/\\\/insektenliebe.com\\\/it\\\/shop\\\/prodotto\\\/copertura-hobby-terra-fix-easy\\\/#primaryimage\"},\"image\":{\"@id\":\"https:\\\/\\\/insektenliebe.com\\\/it\\\/shop\\\/prodotto\\\/copertura-hobby-terra-fix-easy\\\/#primaryimage\"},\"thumbnailUrl\":\"https:\\\/\\\/insektenliebe.com\\\/wp-content\\\/uploads\\\/2025\\\/05\\\/Hobby-Terra-Fix-Easy-Cover-2.jpg\",\"datePublished\":\"2022-07-06T15:13:12+00:00\",\"dateModified\":\"2026-04-09T09:13:13+00:00\",\"description\":\"Hobby Terra Fix & Easy Cover - Copertura acrilica per terrari. Riduce l'evaporazione, aumenta la sicurezza e garantisce un allestimento pulito.\",\"breadcrumb\":{\"@id\":\"https:\\\/\\\/insektenliebe.com\\\/it\\\/shop\\\/prodotto\\\/copertura-hobby-terra-fix-easy\\\/#breadcrumb\"},\"inLanguage\":\"it-IT\",\"potentialAction\":[{\"@type\":\"ReadAction\",\"target\":[\"https:\\\/\\\/insektenliebe.com\\\/it\\\/shop\\\/prodotto\\\/copertura-hobby-terra-fix-easy\\\/\"]}]},{\"@type\":\"ImageObject\",\"inLanguage\":\"it-IT\",\"@id\":\"https:\\\/\\\/insektenliebe.com\\\/it\\\/shop\\\/prodotto\\\/copertura-hobby-terra-fix-easy\\\/#primaryimage\",\"url\":\"https:\\\/\\\/insektenliebe.com\\\/wp-content\\\/uploads\\\/2025\\\/05\\\/Hobby-Terra-Fix-Easy-Cover-2.jpg\",\"contentUrl\":\"https:\\\/\\\/insektenliebe.com\\\/wp-content\\\/uploads\\\/2025\\\/05\\\/Hobby-Terra-Fix-Easy-Cover-2.jpg\",\"width\":820,\"height\":820,\"caption\":\"Hobby-Terra-Fix-Easy-Cover-2.jpg\"},{\"@type\":\"BreadcrumbList\",\"@id\":\"https:\\\/\\\/insektenliebe.com\\\/it\\\/shop\\\/prodotto\\\/copertura-hobby-terra-fix-easy\\\/#breadcrumb\",\"itemListElement\":[{\"@type\":\"ListItem\",\"position\":1,\"name\":\"Startseite\",\"item\":\"https:\\\/\\\/insektenliebe.com\\\/it\\\/\"},{\"@type\":\"ListItem\",\"position\":2,\"name\":\"Negozio\",\"item\":\"https:\\\/\\\/insektenliebe.com\\\/it\\\/negozio\\\/\"},{\"@type\":\"ListItem\",\"position\":3,\"name\":\"Copertura Hobby Terra Fix &amp; Easy\"}]},{\"@type\":\"WebSite\",\"@id\":\"https:\\\/\\\/insektenliebe.com\\\/it\\\/#website\",\"url\":\"https:\\\/\\\/insektenliebe.com\\\/it\\\/\",\"name\":\"Insektenliebe\",\"description\":\"Dein Zuhause f\u00fcr die kleinen Lebewesen\",\"publisher\":{\"@id\":\"https:\\\/\\\/insektenliebe.com\\\/it\\\/#organization\"},\"potentialAction\":[{\"@type\":\"SearchAction\",\"target\":{\"@type\":\"EntryPoint\",\"urlTemplate\":\"https:\\\/\\\/insektenliebe.com\\\/it\\\/?s={search_term_string}\"},\"query-input\":{\"@type\":\"PropertyValueSpecification\",\"valueRequired\":true,\"valueName\":\"search_term_string\"}}],\"inLanguage\":\"it-IT\"},{\"@type\":\"Organization\",\"@id\":\"https:\\\/\\\/insektenliebe.com\\\/it\\\/#organization\",\"name\":\"Insektenliebe\",\"url\":\"https:\\\/\\\/insektenliebe.com\\\/it\\\/\",\"logo\":{\"@type\":\"ImageObject\",\"inLanguage\":\"it-IT\",\"@id\":\"https:\\\/\\\/insektenliebe.com\\\/it\\\/#\\\/schema\\\/logo\\\/image\\\/\",\"url\":\"https:\\\/\\\/insektenliebe.com\\\/wp-content\\\/uploads\\\/2025\\\/03\\\/logo-white.png\",\"contentUrl\":\"https:\\\/\\\/insektenliebe.com\\\/wp-content\\\/uploads\\\/2025\\\/03\\\/logo-white.png\",\"width\":288,\"height\":188,\"caption\":\"Insektenliebe\"},\"image\":{\"@id\":\"https:\\\/\\\/insektenliebe.com\\\/it\\\/#\\\/schema\\\/logo\\\/image\\\/\"}}]}<\/script>\n<!-- \/ Yoast SEO plugin. -->","yoast_head_json":{"title":"Copertura Hobby Terra Fix &amp; Easy - Insektenliebe","description":"Hobby Terra Fix & Easy Cover - Copertura acrilica per terrari. Riduce l'evaporazione, aumenta la sicurezza e garantisce un allestimento pulito.","robots":{"index":"index","follow":"follow","max-snippet":"max-snippet:-1","max-image-preview":"max-image-preview:large","max-video-preview":"max-video-preview:-1"},"canonical":"https:\/\/insektenliebe.com\/it\/shop\/prodotto\/copertura-hobby-terra-fix-easy\/","og_locale":"it_IT","og_type":"article","og_title":"Copertura Hobby Terra Fix &amp; Easy - Insektenliebe","og_description":"Hobby Terra Fix & Easy Cover - Copertura acrilica per terrari. Riduce l'evaporazione, aumenta la sicurezza e garantisce un allestimento pulito.","og_url":"https:\/\/insektenliebe.com\/it\/shop\/prodotto\/copertura-hobby-terra-fix-easy\/","og_site_name":"Insektenliebe","article_modified_time":"2026-04-09T09:13:13+00:00","og_image":[{"width":820,"height":820,"url":"https:\/\/insektenliebe.com\/wp-content\/uploads\/2025\/05\/Hobby-Terra-Fix-Easy-Cover-2.jpg","type":"image\/jpeg"}],"twitter_card":"summary_large_image","twitter_misc":{"Tempo di lettura stimato":"2 minuto"},"schema":{"@context":"https:\/\/schema.org","@graph":[{"@type":"WebPage","@id":"https:\/\/insektenliebe.com\/it\/shop\/prodotto\/copertura-hobby-terra-fix-easy\/","url":"https:\/\/insektenliebe.com\/it\/shop\/prodotto\/copertura-hobby-terra-fix-easy\/","name":"Copertura Hobby Terra Fix &amp; Easy - Insektenliebe","isPartOf":{"@id":"https:\/\/insektenliebe.com\/it\/#website"},"primaryImageOfPage":{"@id":"https:\/\/insektenliebe.com\/it\/shop\/prodotto\/copertura-hobby-terra-fix-easy\/#primaryimage"},"image":{"@id":"https:\/\/insektenliebe.com\/it\/shop\/prodotto\/copertura-hobby-terra-fix-easy\/#primaryimage"},"thumbnailUrl":"https:\/\/insektenliebe.com\/wp-content\/uploads\/2025\/05\/Hobby-Terra-Fix-Easy-Cover-2.jpg","datePublished":"2022-07-06T15:13:12+00:00","dateModified":"2026-04-09T09:13:13+00:00","description":"Hobby Terra Fix & Easy Cover - Copertura acrilica per terrari. Riduce l'evaporazione, aumenta la sicurezza e garantisce un allestimento pulito.","breadcrumb":{"@id":"https:\/\/insektenliebe.com\/it\/shop\/prodotto\/copertura-hobby-terra-fix-easy\/#breadcrumb"},"inLanguage":"it-IT","potentialAction":[{"@type":"ReadAction","target":["https:\/\/insektenliebe.com\/it\/shop\/prodotto\/copertura-hobby-terra-fix-easy\/"]}]},{"@type":"ImageObject","inLanguage":"it-IT","@id":"https:\/\/insektenliebe.com\/it\/shop\/prodotto\/copertura-hobby-terra-fix-easy\/#primaryimage","url":"https:\/\/insektenliebe.com\/wp-content\/uploads\/2025\/05\/Hobby-Terra-Fix-Easy-Cover-2.jpg","contentUrl":"https:\/\/insektenliebe.com\/wp-content\/uploads\/2025\/05\/Hobby-Terra-Fix-Easy-Cover-2.jpg","width":820,"height":820,"caption":"Hobby-Terra-Fix-Easy-Cover-2.jpg"},{"@type":"BreadcrumbList","@id":"https:\/\/insektenliebe.com\/it\/shop\/prodotto\/copertura-hobby-terra-fix-easy\/#breadcrumb","itemListElement":[{"@type":"ListItem","position":1,"name":"Startseite","item":"https:\/\/insektenliebe.com\/it\/"},{"@type":"ListItem","position":2,"name":"Negozio","item":"https:\/\/insektenliebe.com\/it\/negozio\/"},{"@type":"ListItem","position":3,"name":"Copertura Hobby Terra Fix &amp; Easy"}]},{"@type":"WebSite","@id":"https:\/\/insektenliebe.com\/it\/#website","url":"https:\/\/insektenliebe.com\/it\/","name":"Insektenliebe","description":"Dein Zuhause f\u00fcr die kleinen Lebewesen","publisher":{"@id":"https:\/\/insektenliebe.com\/it\/#organization"},"potentialAction":[{"@type":"SearchAction","target":{"@type":"EntryPoint","urlTemplate":"https:\/\/insektenliebe.com\/it\/?s={search_term_string}"},"query-input":{"@type":"PropertyValueSpecification","valueRequired":true,"valueName":"search_term_string"}}],"inLanguage":"it-IT"},{"@type":"Organization","@id":"https:\/\/insektenliebe.com\/it\/#organization","name":"Insektenliebe","url":"https:\/\/insektenliebe.com\/it\/","logo":{"@type":"ImageObject","inLanguage":"it-IT","@id":"https:\/\/insektenliebe.com\/it\/#\/schema\/logo\/image\/","url":"https:\/\/insektenliebe.com\/wp-content\/uploads\/2025\/03\/logo-white.png","contentUrl":"https:\/\/insektenliebe.com\/wp-content\/uploads\/2025\/03\/logo-white.png","width":288,"height":188,"caption":"Insektenliebe"},"image":{"@id":"https:\/\/insektenliebe.com\/it\/#\/schema\/logo\/image\/"}}]}},"_links":{"self":[{"href":"https:\/\/insektenliebe.com\/it\/wp-json\/wp\/v2\/product\/190294","targetHints":{"allow":["GET"]}}],"collection":[{"href":"https:\/\/insektenliebe.com\/it\/wp-json\/wp\/v2\/product"}],"about":[{"href":"https:\/\/insektenliebe.com\/it\/wp-json\/wp\/v2\/types\/product"}],"wp:featuredmedia":[{"embeddable":true,"href":"https:\/\/insektenliebe.com\/it\/wp-json\/wp\/v2\/media\/186182"}],"wp:attachment":[{"href":"https:\/\/insektenliebe.com\/it\/wp-json\/wp\/v2\/media?parent=190294"}],"wp:term":[{"taxonomy":"product-supplier","embeddable":true,"href":"https:\/\/insektenliebe.com\/it\/wp-json\/wp\/v2\/product-supplier?post=190294"},{"taxonomy":"product_brand","embeddable":true,"href":"https:\/\/insektenliebe.com\/it\/wp-json\/wp\/v2\/product_brand?post=190294"},{"taxonomy":"product_cat","embeddable":true,"href":"https:\/\/insektenliebe.com\/it\/wp-json\/wp\/v2\/product_cat?post=190294"},{"taxonomy":"product_tag","embeddable":true,"href":"https:\/\/insektenliebe.com\/it\/wp-json\/wp\/v2\/product_tag?post=190294"},{"taxonomy":"lce-checkout-addons","embeddable":true,"href":"https:\/\/insektenliebe.com\/it\/wp-json\/wp\/v2\/lce-checkout-addons?post=190294"}],"curies":[{"name":"wp","href":"https:\/\/api.w.org\/{rel}","templated":true}]}}