{"id":190293,"date":"2022-06-24T04:14:05","date_gmt":"2022-06-24T02:14:05","guid":{"rendered":"https:\/\/insektenliebe.com\/shop\/produkt\/scatola-per-rettili-lucky\/"},"modified":"2026-02-26T12:25:50","modified_gmt":"2026-02-26T11:25:50","slug":"scatola-per-rettili-lucky","status":"publish","type":"product","link":"https:\/\/insektenliebe.com\/it\/shop\/prodotto\/scatola-per-rettili-lucky\/","title":{"rendered":"Scatola per rettili Lucky"},"content":{"rendered":"<p><strong>Lucky Reptile Critter Box: <\/strong>11 cm di altezza, \u00d8 6 cm<br \/>\n<strong>Lucky Reptile Critter Box XL: <\/strong>19 cm di altezza, \u00d8 11 cm<\/p>\n<p>Un problema ricorrente: \u00e8 necessario allevare numerosi piccoli animali, ma per motivi di cannibalismo \u00e8 possibile farli stare solo singolarmente. Il Lucky Reptile Critter Box \u00e8 stato progettato proprio per questo scopo ed \u00e8 ideale per allevare tarantole, ragni saltatori e mantidi. Grazie allo speciale sportello di alimentazione, \u00e8 possibile nutrire anche grandi quantit\u00e0 di questi piccoli terrari in poco tempo e le ragnatele delle tarantole arboricole e dei ragni saltatori non vengono distrutte quando la scatola viene aperta. La funzione twist and lock ti permette di lavorare velocemente e di chiudere il contenitore in modo sicuro. Allo stesso tempo, la ventilazione pu\u00f2 essere regolata di conseguenza. La parte superiore alta e a forma di scatola riduce notevolmente il rischio di fuga degli animali, poich\u00e9 mantidi, ragni arboricoli e ragni saltatori tendono a fuggire verso l&#8217;alto. Questo riduce notevolmente lo stress degli animali.      <\/p>\n<ul>\n<li>Tappo in gomma per una cura facile e semplice degli animali<\/li>\n<li>Ventilazione regolabile<\/li>\n<li>Molto apprezzato dai coltivatori<\/li>\n<li>Vista assolutamente chiara e senza ostacoli<\/li>\n<li>un punto di forza nella scena dei ragni saltatori, delle mantidi e delle tarantole<\/li>\n<\/ul>\n<p><strong>Consegna:<\/strong><\/p>\n<p>Le scatole Lucky Reptile Critter sono fornite senza imballaggio esterno.<\/p>\n","protected":false},"excerpt":{"rendered":"<p>Lucky Reptile Critter Box: 11 cm di altezza, \u00d8 6 cm Lucky Reptile Critter Box XL: 19 cm di altezza, \u00d8 11 cm Un problema ricorrente: \u00e8 necessario allevare numerosi piccoli animali, ma per motivi di cannibalismo \u00e8 possibile farli stare solo singolarmente. Il Lucky Reptile Critter Box \u00e8 stato progettato proprio per questo scopo [&hellip;]<\/p>\n","protected":false},"featured_media":190295,"template":"","meta":{"_acf_changed":false},"product-supplier":[],"product_brand":[3672],"product_cat":[2760],"product_tag":[],"lce-checkout-addons":[],"class_list":{"0":"post-190293","1":"product","2":"type-product","3":"status-publish","4":"has-post-thumbnail","6":"product_brand-rettile-fortunato","7":"product_cat-terrari-e-contenitori","8":"product_shipping_class-equipment-shipping","10":"first","11":"instock","12":"taxable","13":"shipping-taxable","14":"purchasable","15":"product-type-variable"},"acf":[],"yoast_head":"<!-- This site is optimized with the Yoast SEO plugin v27.3 - https:\/\/yoast.com\/product\/yoast-seo-wordpress\/ -->\n<title>Scatola per rettili Lucky - Insektenliebe<\/title>\n<meta name=\"description\" content=\"Acquista a buon mercato Lucky Reptile Critter Box direttamente online. Perfetto per allevare molti invertebrati e piccoli esotici.\" \/>\n<meta name=\"robots\" content=\"index, follow, max-snippet:-1, max-image-preview:large, max-video-preview:-1\" \/>\n<link rel=\"canonical\" href=\"https:\/\/insektenliebe.com\/it\/shop\/prodotto\/scatola-per-rettili-lucky\/\" \/>\n<meta property=\"og:locale\" content=\"it_IT\" \/>\n<meta property=\"og:type\" content=\"article\" \/>\n<meta property=\"og:title\" content=\"Scatola per rettili Lucky - Insektenliebe\" \/>\n<meta property=\"og:description\" content=\"Acquista a buon mercato Lucky Reptile Critter Box direttamente online. Perfetto per allevare molti invertebrati e piccoli esotici.\" \/>\n<meta property=\"og:url\" content=\"https:\/\/insektenliebe.com\/it\/shop\/prodotto\/scatola-per-rettili-lucky\/\" \/>\n<meta property=\"og:site_name\" content=\"Insektenliebe\" \/>\n<meta property=\"article:modified_time\" content=\"2026-02-26T11:25:50+00:00\" \/>\n<meta property=\"og:image\" content=\"https:\/\/insektenliebe.com\/wp-content\/uploads\/2025\/05\/Lucky-Reptile-Critter-Box-2.jpg\" \/>\n\t<meta property=\"og:image:width\" content=\"820\" \/>\n\t<meta property=\"og:image:height\" content=\"820\" \/>\n\t<meta property=\"og:image:type\" content=\"image\/jpeg\" \/>\n<meta name=\"twitter:card\" content=\"summary_large_image\" \/>\n<meta name=\"twitter:label1\" content=\"Tempo di lettura stimato\" \/>\n\t<meta name=\"twitter:data1\" content=\"1 minuto\" \/>\n<script type=\"application\/ld+json\" class=\"yoast-schema-graph\">{\"@context\":\"https:\\\/\\\/schema.org\",\"@graph\":[{\"@type\":\"WebPage\",\"@id\":\"https:\\\/\\\/insektenliebe.com\\\/it\\\/shop\\\/prodotto\\\/scatola-per-rettili-lucky\\\/\",\"url\":\"https:\\\/\\\/insektenliebe.com\\\/it\\\/shop\\\/prodotto\\\/scatola-per-rettili-lucky\\\/\",\"name\":\"Scatola per rettili Lucky - Insektenliebe\",\"isPartOf\":{\"@id\":\"https:\\\/\\\/insektenliebe.com\\\/it\\\/#website\"},\"primaryImageOfPage\":{\"@id\":\"https:\\\/\\\/insektenliebe.com\\\/it\\\/shop\\\/prodotto\\\/scatola-per-rettili-lucky\\\/#primaryimage\"},\"image\":{\"@id\":\"https:\\\/\\\/insektenliebe.com\\\/it\\\/shop\\\/prodotto\\\/scatola-per-rettili-lucky\\\/#primaryimage\"},\"thumbnailUrl\":\"https:\\\/\\\/insektenliebe.com\\\/wp-content\\\/uploads\\\/2025\\\/05\\\/Lucky-Reptile-Critter-Box-2.jpg\",\"datePublished\":\"2022-06-24T02:14:05+00:00\",\"dateModified\":\"2026-02-26T11:25:50+00:00\",\"description\":\"Acquista a buon mercato Lucky Reptile Critter Box direttamente online. Perfetto per allevare molti invertebrati e piccoli esotici.\",\"breadcrumb\":{\"@id\":\"https:\\\/\\\/insektenliebe.com\\\/it\\\/shop\\\/prodotto\\\/scatola-per-rettili-lucky\\\/#breadcrumb\"},\"inLanguage\":\"it-IT\",\"potentialAction\":[{\"@type\":\"ReadAction\",\"target\":[\"https:\\\/\\\/insektenliebe.com\\\/it\\\/shop\\\/prodotto\\\/scatola-per-rettili-lucky\\\/\"]}]},{\"@type\":\"ImageObject\",\"inLanguage\":\"it-IT\",\"@id\":\"https:\\\/\\\/insektenliebe.com\\\/it\\\/shop\\\/prodotto\\\/scatola-per-rettili-lucky\\\/#primaryimage\",\"url\":\"https:\\\/\\\/insektenliebe.com\\\/wp-content\\\/uploads\\\/2025\\\/05\\\/Lucky-Reptile-Critter-Box-2.jpg\",\"contentUrl\":\"https:\\\/\\\/insektenliebe.com\\\/wp-content\\\/uploads\\\/2025\\\/05\\\/Lucky-Reptile-Critter-Box-2.jpg\",\"width\":820,\"height\":820,\"caption\":\"Lucky-Rettile-Critter-Box-2.jpg\"},{\"@type\":\"BreadcrumbList\",\"@id\":\"https:\\\/\\\/insektenliebe.com\\\/it\\\/shop\\\/prodotto\\\/scatola-per-rettili-lucky\\\/#breadcrumb\",\"itemListElement\":[{\"@type\":\"ListItem\",\"position\":1,\"name\":\"Startseite\",\"item\":\"https:\\\/\\\/insektenliebe.com\\\/it\\\/\"},{\"@type\":\"ListItem\",\"position\":2,\"name\":\"Negozio\",\"item\":\"https:\\\/\\\/insektenliebe.com\\\/it\\\/negozio\\\/\"},{\"@type\":\"ListItem\",\"position\":3,\"name\":\"Scatola per rettili Lucky\"}]},{\"@type\":\"WebSite\",\"@id\":\"https:\\\/\\\/insektenliebe.com\\\/it\\\/#website\",\"url\":\"https:\\\/\\\/insektenliebe.com\\\/it\\\/\",\"name\":\"Insektenliebe\",\"description\":\"Dein Zuhause f\u00fcr die kleinen Lebewesen\",\"publisher\":{\"@id\":\"https:\\\/\\\/insektenliebe.com\\\/it\\\/#organization\"},\"potentialAction\":[{\"@type\":\"SearchAction\",\"target\":{\"@type\":\"EntryPoint\",\"urlTemplate\":\"https:\\\/\\\/insektenliebe.com\\\/it\\\/?s={search_term_string}\"},\"query-input\":{\"@type\":\"PropertyValueSpecification\",\"valueRequired\":true,\"valueName\":\"search_term_string\"}}],\"inLanguage\":\"it-IT\"},{\"@type\":\"Organization\",\"@id\":\"https:\\\/\\\/insektenliebe.com\\\/it\\\/#organization\",\"name\":\"Insektenliebe\",\"url\":\"https:\\\/\\\/insektenliebe.com\\\/it\\\/\",\"logo\":{\"@type\":\"ImageObject\",\"inLanguage\":\"it-IT\",\"@id\":\"https:\\\/\\\/insektenliebe.com\\\/it\\\/#\\\/schema\\\/logo\\\/image\\\/\",\"url\":\"https:\\\/\\\/insektenliebe.com\\\/wp-content\\\/uploads\\\/2025\\\/03\\\/logo-white.png\",\"contentUrl\":\"https:\\\/\\\/insektenliebe.com\\\/wp-content\\\/uploads\\\/2025\\\/03\\\/logo-white.png\",\"width\":288,\"height\":188,\"caption\":\"Insektenliebe\"},\"image\":{\"@id\":\"https:\\\/\\\/insektenliebe.com\\\/it\\\/#\\\/schema\\\/logo\\\/image\\\/\"}}]}<\/script>\n<!-- \/ Yoast SEO plugin. -->","yoast_head_json":{"title":"Scatola per rettili Lucky - Insektenliebe","description":"Acquista a buon mercato Lucky Reptile Critter Box direttamente online. Perfetto per allevare molti invertebrati e piccoli esotici.","robots":{"index":"index","follow":"follow","max-snippet":"max-snippet:-1","max-image-preview":"max-image-preview:large","max-video-preview":"max-video-preview:-1"},"canonical":"https:\/\/insektenliebe.com\/it\/shop\/prodotto\/scatola-per-rettili-lucky\/","og_locale":"it_IT","og_type":"article","og_title":"Scatola per rettili Lucky - Insektenliebe","og_description":"Acquista a buon mercato Lucky Reptile Critter Box direttamente online. Perfetto per allevare molti invertebrati e piccoli esotici.","og_url":"https:\/\/insektenliebe.com\/it\/shop\/prodotto\/scatola-per-rettili-lucky\/","og_site_name":"Insektenliebe","article_modified_time":"2026-02-26T11:25:50+00:00","og_image":[{"width":820,"height":820,"url":"https:\/\/insektenliebe.com\/wp-content\/uploads\/2025\/05\/Lucky-Reptile-Critter-Box-2.jpg","type":"image\/jpeg"}],"twitter_card":"summary_large_image","twitter_misc":{"Tempo di lettura stimato":"1 minuto"},"schema":{"@context":"https:\/\/schema.org","@graph":[{"@type":"WebPage","@id":"https:\/\/insektenliebe.com\/it\/shop\/prodotto\/scatola-per-rettili-lucky\/","url":"https:\/\/insektenliebe.com\/it\/shop\/prodotto\/scatola-per-rettili-lucky\/","name":"Scatola per rettili Lucky - Insektenliebe","isPartOf":{"@id":"https:\/\/insektenliebe.com\/it\/#website"},"primaryImageOfPage":{"@id":"https:\/\/insektenliebe.com\/it\/shop\/prodotto\/scatola-per-rettili-lucky\/#primaryimage"},"image":{"@id":"https:\/\/insektenliebe.com\/it\/shop\/prodotto\/scatola-per-rettili-lucky\/#primaryimage"},"thumbnailUrl":"https:\/\/insektenliebe.com\/wp-content\/uploads\/2025\/05\/Lucky-Reptile-Critter-Box-2.jpg","datePublished":"2022-06-24T02:14:05+00:00","dateModified":"2026-02-26T11:25:50+00:00","description":"Acquista a buon mercato Lucky Reptile Critter Box direttamente online. Perfetto per allevare molti invertebrati e piccoli esotici.","breadcrumb":{"@id":"https:\/\/insektenliebe.com\/it\/shop\/prodotto\/scatola-per-rettili-lucky\/#breadcrumb"},"inLanguage":"it-IT","potentialAction":[{"@type":"ReadAction","target":["https:\/\/insektenliebe.com\/it\/shop\/prodotto\/scatola-per-rettili-lucky\/"]}]},{"@type":"ImageObject","inLanguage":"it-IT","@id":"https:\/\/insektenliebe.com\/it\/shop\/prodotto\/scatola-per-rettili-lucky\/#primaryimage","url":"https:\/\/insektenliebe.com\/wp-content\/uploads\/2025\/05\/Lucky-Reptile-Critter-Box-2.jpg","contentUrl":"https:\/\/insektenliebe.com\/wp-content\/uploads\/2025\/05\/Lucky-Reptile-Critter-Box-2.jpg","width":820,"height":820,"caption":"Lucky-Rettile-Critter-Box-2.jpg"},{"@type":"BreadcrumbList","@id":"https:\/\/insektenliebe.com\/it\/shop\/prodotto\/scatola-per-rettili-lucky\/#breadcrumb","itemListElement":[{"@type":"ListItem","position":1,"name":"Startseite","item":"https:\/\/insektenliebe.com\/it\/"},{"@type":"ListItem","position":2,"name":"Negozio","item":"https:\/\/insektenliebe.com\/it\/negozio\/"},{"@type":"ListItem","position":3,"name":"Scatola per rettili Lucky"}]},{"@type":"WebSite","@id":"https:\/\/insektenliebe.com\/it\/#website","url":"https:\/\/insektenliebe.com\/it\/","name":"Insektenliebe","description":"Dein Zuhause f\u00fcr die kleinen Lebewesen","publisher":{"@id":"https:\/\/insektenliebe.com\/it\/#organization"},"potentialAction":[{"@type":"SearchAction","target":{"@type":"EntryPoint","urlTemplate":"https:\/\/insektenliebe.com\/it\/?s={search_term_string}"},"query-input":{"@type":"PropertyValueSpecification","valueRequired":true,"valueName":"search_term_string"}}],"inLanguage":"it-IT"},{"@type":"Organization","@id":"https:\/\/insektenliebe.com\/it\/#organization","name":"Insektenliebe","url":"https:\/\/insektenliebe.com\/it\/","logo":{"@type":"ImageObject","inLanguage":"it-IT","@id":"https:\/\/insektenliebe.com\/it\/#\/schema\/logo\/image\/","url":"https:\/\/insektenliebe.com\/wp-content\/uploads\/2025\/03\/logo-white.png","contentUrl":"https:\/\/insektenliebe.com\/wp-content\/uploads\/2025\/03\/logo-white.png","width":288,"height":188,"caption":"Insektenliebe"},"image":{"@id":"https:\/\/insektenliebe.com\/it\/#\/schema\/logo\/image\/"}}]}},"_links":{"self":[{"href":"https:\/\/insektenliebe.com\/it\/wp-json\/wp\/v2\/product\/190293","targetHints":{"allow":["GET"]}}],"collection":[{"href":"https:\/\/insektenliebe.com\/it\/wp-json\/wp\/v2\/product"}],"about":[{"href":"https:\/\/insektenliebe.com\/it\/wp-json\/wp\/v2\/types\/product"}],"wp:featuredmedia":[{"embeddable":true,"href":"https:\/\/insektenliebe.com\/it\/wp-json\/wp\/v2\/media\/190295"}],"wp:attachment":[{"href":"https:\/\/insektenliebe.com\/it\/wp-json\/wp\/v2\/media?parent=190293"}],"wp:term":[{"taxonomy":"product-supplier","embeddable":true,"href":"https:\/\/insektenliebe.com\/it\/wp-json\/wp\/v2\/product-supplier?post=190293"},{"taxonomy":"product_brand","embeddable":true,"href":"https:\/\/insektenliebe.com\/it\/wp-json\/wp\/v2\/product_brand?post=190293"},{"taxonomy":"product_cat","embeddable":true,"href":"https:\/\/insektenliebe.com\/it\/wp-json\/wp\/v2\/product_cat?post=190293"},{"taxonomy":"product_tag","embeddable":true,"href":"https:\/\/insektenliebe.com\/it\/wp-json\/wp\/v2\/product_tag?post=190293"},{"taxonomy":"lce-checkout-addons","embeddable":true,"href":"https:\/\/insektenliebe.com\/it\/wp-json\/wp\/v2\/lce-checkout-addons?post=190293"}],"curies":[{"name":"wp","href":"https:\/\/api.w.org\/{rel}","templated":true}]}}