{"id":190281,"date":"2022-07-28T08:38:17","date_gmt":"2022-07-28T06:38:17","guid":{"rendered":"https:\/\/insektenliebe.com\/shop\/produkt\/hobby-easy-rain\/"},"modified":"2026-03-03T20:04:24","modified_gmt":"2026-03-03T19:04:24","slug":"hobby-easy-rain","status":"publish","type":"product","link":"https:\/\/insektenliebe.com\/it\/shop\/prodotto\/hobby-easy-rain\/","title":{"rendered":"Hobby Easy Rain"},"content":{"rendered":"<h3><span class=\"s1\" style=\"color: #99cc33;\">Hobby Easy Rain - Irrigazione precisa per il tuo terrario<\/span><\/h3>\n<p class=\"p1\"><span class=\"s1\">Il <\/span><strong><span class=\"s2\">Hobby Easy Rain<\/span><\/strong><span class=\"s1\">  \u00e8 un sistema di irrigazione potente e moderno che fornisce al tuo terrario l&#8217;umidit\u00e0 necessaria in modo affidabile. L&#8217;umidit\u00e0 costante gioca un ruolo fondamentale soprattutto nei terrari tropicali. Con questo sistema ad alte prestazioni puoi creare condizioni stabili e quasi naturali.  <\/span><\/p>\n<p class=\"p1\"><span class=\"s1\">Il generoso serbatoio d&#8217;acqua da 9 litri consente un funzionamento continuo per diversi giorni. Questo rende l&#8217;Easy Rain adatto non solo ai terrari pi\u00f9 grandi, ma anche alle serre pi\u00f9 piccole. Allo stesso tempo, i costi di manutenzione rimangono bassi perch\u00e9 non dovrai rabboccare spesso. Particolarmente pratico: puoi riempire facilmente il serbatoio dall&#8217;alto senza dover aprire l&#8217;intero sistema.   <\/span><\/p>\n<p class=\"p1\"><span class=\"s1\">La durata e gli intervalli di irrorazione possono essere impostati individualmente. Questo ti permette di regolare l&#8217;irrigazione in base alle esigenze dei tuoi animali e delle tue piante. Per i terrari pi\u00f9 piccoli, puoi anche regolare l&#8217;intensit\u00e0 dell&#8217;irrigazione. In questo modo si evita un&#8217;eccessiva umidit\u00e0 e si mantiene un clima equilibrato.   <\/span><\/p>\n<p class=\"p1\"><span class=\"s1\">Gli ugelli inclusi producono una nebbia particolarmente fine. Questa viene distribuita uniformemente nel terrario e simula la pioggia naturale. Questo ti permette di raggiungere rapidamente l&#8217;umidit\u00e0 desiderata. Allo stesso tempo, rettili, anfibi e invertebrati tropicali beneficiano di condizioni quasi naturali. Molte specie mostrano una maggiore attivit\u00e0 e un comportamento riproduttivo pi\u00f9 marcato con l&#8217;irrigazione regolare.    <\/span><\/p>\n<p class=\"p1\"><span class=\"s1\">Anche le piante traggono notevoli benefici dalla nebulizzazione fine. Muschi, bromelie e orchidee hanno bisogno di un&#8217;umidit\u00e0 costante per crescere in modo sano. Con <strong>Hobby Easy Rain<\/strong> puoi favorire il loro sviluppo a lungo termine.  <\/span><\/p>\n<p class=\"p1\"><span class=\"s1\">Se necessario, puoi espandere il sistema fino a sei ugelli. In questo modo potrai alimentare pi\u00f9 terrari contemporaneamente o creare diverse zone di umidit\u00e0 all&#8217;interno di una vasca. <\/span><\/p>\n<p class=\"p1\"><span class=\"s1\">Con il <\/span><strong><span class=\"s2\">Hobby Easy Rain<\/span><\/strong><span class=\"s1\">  puoi controllare il clima in modo preciso, comodo e affidabile. Combina prestazioni elevate e facilit\u00e0 d&#8217;uso e garantisce condizioni ottimali nel tuo terrario. <\/span><\/p>\n<ul>\n<li>Sistema di irrigazione affidabile e ad alte prestazioni per terrari e serre di piccole dimensioni<\/li>\n<li>Grande serbatoio dell&#8217;acqua con una capacit\u00e0 di 9 litri<\/li>\n<li>Riempimento dall&#8217;alto senza dover aprire l&#8217;impianto di irrigazione<\/li>\n<li>Funzionamento semplice: la durata, gli intervalli e l&#8217;intensit\u00e0 della nebulizzazione possono essere regolati individualmente in base alle esigenze degli animali.<\/li>\n<li>Installazione facile grazie al semplice sistema ad incastro<\/li>\n<li>Include 2 ugelli flessibili e di alta qualit\u00e0 <\/li>\n<li>Pu\u00f2 essere ampliato fino a 6 ugelli di spruzzatura (disponibile come opzione)<\/li>\n<li>incl. tubo flessibile a pressione da 5,5 m (4\/6 mm) per l&#8217;installazione individuale degli ugelli di spruzzo <\/li>\n<li>Incluso il tagliagomma per un&#8217;installazione immediata <\/li>\n<\/ul>\n<p><iframe loading=\"lazy\" title=\"HOBBY  Easy Rain -Regelbare Beregnungsanlage f\u00fcr Terrarien\" width=\"500\" height=\"281\" src=\"https:\/\/www.youtube.com\/embed\/2U3c7fyZ3NQ?feature=oembed\" frameborder=\"0\" allow=\"accelerometer; autoplay; clipboard-write; encrypted-media; gyroscope; picture-in-picture; web-share\" referrerpolicy=\"strict-origin-when-cross-origin\" allowfullscreen><\/iframe><\/p>\n<p>Il contenuto del sistema di irrigazione <strong>Hobby Easy Rain<\/strong> \u00e8 quindi sufficiente per attrezzare e far funzionare 1 terrario con 2 ugelli di irrigazione. Per collegare altri terrari sono necessari altri accessori. <\/p>\n","protected":false},"excerpt":{"rendered":"<p>Hobby Easy Rain - Irrigazione precisa per il tuo terrario Il Hobby Easy Rain \u00e8 un sistema di irrigazione potente e moderno che fornisce al tuo terrario l&#8217;umidit\u00e0 necessaria in modo affidabile. L&#8217;umidit\u00e0 costante gioca un ruolo fondamentale soprattutto nei terrari tropicali. Con questo sistema ad alte prestazioni puoi creare condizioni stabili e quasi naturali. [&hellip;]<\/p>\n","protected":false},"featured_media":190287,"template":"","meta":{"_acf_changed":false},"product-supplier":[2555],"product_brand":[2739],"product_cat":[2741],"product_tag":[],"lce-checkout-addons":[],"class_list":{"0":"post-190281","1":"product","2":"type-product","3":"status-publish","4":"has-post-thumbnail","6":"product_brand-hobby-terraristica","7":"product_cat-illuminazione-e-clima","8":"product_shipping_class-equipment-shipping","10":"first","11":"instock","12":"sale","13":"taxable","14":"shipping-taxable","15":"purchasable","16":"product-type-simple"},"acf":[],"yoast_head":"<!-- This site is optimized with the Yoast SEO plugin v27.3 - https:\/\/yoast.com\/product\/yoast-seo-wordpress\/ -->\n<title>Hobby Easy Rain - Insektenliebe<\/title>\n<meta name=\"description\" content=\"Acquista a buon mercato Hobby Easy Rain direttamente online. Ordina gratuitamente una pratica e perfetta umidit\u00e0 e un&#039;affidabile fornitura d&#039;acqua.\" \/>\n<meta name=\"robots\" content=\"index, follow, max-snippet:-1, max-image-preview:large, max-video-preview:-1\" \/>\n<link rel=\"canonical\" href=\"https:\/\/insektenliebe.com\/it\/shop\/prodotto\/hobby-easy-rain\/\" \/>\n<meta property=\"og:locale\" content=\"it_IT\" \/>\n<meta property=\"og:type\" content=\"article\" \/>\n<meta property=\"og:title\" content=\"Hobby Easy Rain - Insektenliebe\" \/>\n<meta property=\"og:description\" content=\"Acquista a buon mercato Hobby Easy Rain direttamente online. Ordina gratuitamente una pratica e perfetta umidit\u00e0 e un&#039;affidabile fornitura d&#039;acqua.\" \/>\n<meta property=\"og:url\" content=\"https:\/\/insektenliebe.com\/it\/shop\/prodotto\/hobby-easy-rain\/\" \/>\n<meta property=\"og:site_name\" content=\"Insektenliebe\" \/>\n<meta property=\"article:modified_time\" content=\"2026-03-03T19:04:24+00:00\" \/>\n<meta property=\"og:image\" content=\"https:\/\/insektenliebe.com\/wp-content\/uploads\/2025\/05\/Hobby-Easy-Rain-2.jpg\" \/>\n\t<meta property=\"og:image:width\" content=\"820\" \/>\n\t<meta property=\"og:image:height\" content=\"820\" \/>\n\t<meta property=\"og:image:type\" content=\"image\/jpeg\" \/>\n<meta name=\"twitter:card\" content=\"summary_large_image\" \/>\n<meta name=\"twitter:label1\" content=\"Tempo di lettura stimato\" \/>\n\t<meta name=\"twitter:data1\" content=\"2 minuto\" \/>\n<script type=\"application\/ld+json\" class=\"yoast-schema-graph\">{\"@context\":\"https:\\\/\\\/schema.org\",\"@graph\":[{\"@type\":\"WebPage\",\"@id\":\"https:\\\/\\\/insektenliebe.com\\\/it\\\/shop\\\/prodotto\\\/hobby-easy-rain\\\/\",\"url\":\"https:\\\/\\\/insektenliebe.com\\\/it\\\/shop\\\/prodotto\\\/hobby-easy-rain\\\/\",\"name\":\"Hobby Easy Rain - Insektenliebe\",\"isPartOf\":{\"@id\":\"https:\\\/\\\/insektenliebe.com\\\/it\\\/#website\"},\"primaryImageOfPage\":{\"@id\":\"https:\\\/\\\/insektenliebe.com\\\/it\\\/shop\\\/prodotto\\\/hobby-easy-rain\\\/#primaryimage\"},\"image\":{\"@id\":\"https:\\\/\\\/insektenliebe.com\\\/it\\\/shop\\\/prodotto\\\/hobby-easy-rain\\\/#primaryimage\"},\"thumbnailUrl\":\"https:\\\/\\\/insektenliebe.com\\\/wp-content\\\/uploads\\\/2025\\\/05\\\/Hobby-Easy-Rain-2.jpg\",\"datePublished\":\"2022-07-28T06:38:17+00:00\",\"dateModified\":\"2026-03-03T19:04:24+00:00\",\"description\":\"Acquista a buon mercato Hobby Easy Rain direttamente online. Ordina gratuitamente una pratica e perfetta umidit\u00e0 e un'affidabile fornitura d'acqua.\",\"breadcrumb\":{\"@id\":\"https:\\\/\\\/insektenliebe.com\\\/it\\\/shop\\\/prodotto\\\/hobby-easy-rain\\\/#breadcrumb\"},\"inLanguage\":\"it-IT\",\"potentialAction\":[{\"@type\":\"ReadAction\",\"target\":[\"https:\\\/\\\/insektenliebe.com\\\/it\\\/shop\\\/prodotto\\\/hobby-easy-rain\\\/\"]}]},{\"@type\":\"ImageObject\",\"inLanguage\":\"it-IT\",\"@id\":\"https:\\\/\\\/insektenliebe.com\\\/it\\\/shop\\\/prodotto\\\/hobby-easy-rain\\\/#primaryimage\",\"url\":\"https:\\\/\\\/insektenliebe.com\\\/wp-content\\\/uploads\\\/2025\\\/05\\\/Hobby-Easy-Rain-2.jpg\",\"contentUrl\":\"https:\\\/\\\/insektenliebe.com\\\/wp-content\\\/uploads\\\/2025\\\/05\\\/Hobby-Easy-Rain-2.jpg\",\"width\":820,\"height\":820,\"caption\":\"Hobby-Facile-Pioggia-2.jpg\"},{\"@type\":\"BreadcrumbList\",\"@id\":\"https:\\\/\\\/insektenliebe.com\\\/it\\\/shop\\\/prodotto\\\/hobby-easy-rain\\\/#breadcrumb\",\"itemListElement\":[{\"@type\":\"ListItem\",\"position\":1,\"name\":\"Startseite\",\"item\":\"https:\\\/\\\/insektenliebe.com\\\/it\\\/\"},{\"@type\":\"ListItem\",\"position\":2,\"name\":\"Negozio\",\"item\":\"https:\\\/\\\/insektenliebe.com\\\/it\\\/negozio\\\/\"},{\"@type\":\"ListItem\",\"position\":3,\"name\":\"Hobby Easy Rain\"}]},{\"@type\":\"WebSite\",\"@id\":\"https:\\\/\\\/insektenliebe.com\\\/it\\\/#website\",\"url\":\"https:\\\/\\\/insektenliebe.com\\\/it\\\/\",\"name\":\"Insektenliebe\",\"description\":\"Dein Zuhause f\u00fcr die kleinen Lebewesen\",\"publisher\":{\"@id\":\"https:\\\/\\\/insektenliebe.com\\\/it\\\/#organization\"},\"potentialAction\":[{\"@type\":\"SearchAction\",\"target\":{\"@type\":\"EntryPoint\",\"urlTemplate\":\"https:\\\/\\\/insektenliebe.com\\\/it\\\/?s={search_term_string}\"},\"query-input\":{\"@type\":\"PropertyValueSpecification\",\"valueRequired\":true,\"valueName\":\"search_term_string\"}}],\"inLanguage\":\"it-IT\"},{\"@type\":\"Organization\",\"@id\":\"https:\\\/\\\/insektenliebe.com\\\/it\\\/#organization\",\"name\":\"Insektenliebe\",\"url\":\"https:\\\/\\\/insektenliebe.com\\\/it\\\/\",\"logo\":{\"@type\":\"ImageObject\",\"inLanguage\":\"it-IT\",\"@id\":\"https:\\\/\\\/insektenliebe.com\\\/it\\\/#\\\/schema\\\/logo\\\/image\\\/\",\"url\":\"https:\\\/\\\/insektenliebe.com\\\/wp-content\\\/uploads\\\/2025\\\/03\\\/logo-white.png\",\"contentUrl\":\"https:\\\/\\\/insektenliebe.com\\\/wp-content\\\/uploads\\\/2025\\\/03\\\/logo-white.png\",\"width\":288,\"height\":188,\"caption\":\"Insektenliebe\"},\"image\":{\"@id\":\"https:\\\/\\\/insektenliebe.com\\\/it\\\/#\\\/schema\\\/logo\\\/image\\\/\"}}]}<\/script>\n<!-- \/ Yoast SEO plugin. -->","yoast_head_json":{"title":"Hobby Easy Rain - Insektenliebe","description":"Acquista a buon mercato Hobby Easy Rain direttamente online. Ordina gratuitamente una pratica e perfetta umidit\u00e0 e un'affidabile fornitura d'acqua.","robots":{"index":"index","follow":"follow","max-snippet":"max-snippet:-1","max-image-preview":"max-image-preview:large","max-video-preview":"max-video-preview:-1"},"canonical":"https:\/\/insektenliebe.com\/it\/shop\/prodotto\/hobby-easy-rain\/","og_locale":"it_IT","og_type":"article","og_title":"Hobby Easy Rain - Insektenliebe","og_description":"Acquista a buon mercato Hobby Easy Rain direttamente online. Ordina gratuitamente una pratica e perfetta umidit\u00e0 e un'affidabile fornitura d'acqua.","og_url":"https:\/\/insektenliebe.com\/it\/shop\/prodotto\/hobby-easy-rain\/","og_site_name":"Insektenliebe","article_modified_time":"2026-03-03T19:04:24+00:00","og_image":[{"width":820,"height":820,"url":"https:\/\/insektenliebe.com\/wp-content\/uploads\/2025\/05\/Hobby-Easy-Rain-2.jpg","type":"image\/jpeg"}],"twitter_card":"summary_large_image","twitter_misc":{"Tempo di lettura stimato":"2 minuto"},"schema":{"@context":"https:\/\/schema.org","@graph":[{"@type":"WebPage","@id":"https:\/\/insektenliebe.com\/it\/shop\/prodotto\/hobby-easy-rain\/","url":"https:\/\/insektenliebe.com\/it\/shop\/prodotto\/hobby-easy-rain\/","name":"Hobby Easy Rain - Insektenliebe","isPartOf":{"@id":"https:\/\/insektenliebe.com\/it\/#website"},"primaryImageOfPage":{"@id":"https:\/\/insektenliebe.com\/it\/shop\/prodotto\/hobby-easy-rain\/#primaryimage"},"image":{"@id":"https:\/\/insektenliebe.com\/it\/shop\/prodotto\/hobby-easy-rain\/#primaryimage"},"thumbnailUrl":"https:\/\/insektenliebe.com\/wp-content\/uploads\/2025\/05\/Hobby-Easy-Rain-2.jpg","datePublished":"2022-07-28T06:38:17+00:00","dateModified":"2026-03-03T19:04:24+00:00","description":"Acquista a buon mercato Hobby Easy Rain direttamente online. Ordina gratuitamente una pratica e perfetta umidit\u00e0 e un'affidabile fornitura d'acqua.","breadcrumb":{"@id":"https:\/\/insektenliebe.com\/it\/shop\/prodotto\/hobby-easy-rain\/#breadcrumb"},"inLanguage":"it-IT","potentialAction":[{"@type":"ReadAction","target":["https:\/\/insektenliebe.com\/it\/shop\/prodotto\/hobby-easy-rain\/"]}]},{"@type":"ImageObject","inLanguage":"it-IT","@id":"https:\/\/insektenliebe.com\/it\/shop\/prodotto\/hobby-easy-rain\/#primaryimage","url":"https:\/\/insektenliebe.com\/wp-content\/uploads\/2025\/05\/Hobby-Easy-Rain-2.jpg","contentUrl":"https:\/\/insektenliebe.com\/wp-content\/uploads\/2025\/05\/Hobby-Easy-Rain-2.jpg","width":820,"height":820,"caption":"Hobby-Facile-Pioggia-2.jpg"},{"@type":"BreadcrumbList","@id":"https:\/\/insektenliebe.com\/it\/shop\/prodotto\/hobby-easy-rain\/#breadcrumb","itemListElement":[{"@type":"ListItem","position":1,"name":"Startseite","item":"https:\/\/insektenliebe.com\/it\/"},{"@type":"ListItem","position":2,"name":"Negozio","item":"https:\/\/insektenliebe.com\/it\/negozio\/"},{"@type":"ListItem","position":3,"name":"Hobby Easy Rain"}]},{"@type":"WebSite","@id":"https:\/\/insektenliebe.com\/it\/#website","url":"https:\/\/insektenliebe.com\/it\/","name":"Insektenliebe","description":"Dein Zuhause f\u00fcr die kleinen Lebewesen","publisher":{"@id":"https:\/\/insektenliebe.com\/it\/#organization"},"potentialAction":[{"@type":"SearchAction","target":{"@type":"EntryPoint","urlTemplate":"https:\/\/insektenliebe.com\/it\/?s={search_term_string}"},"query-input":{"@type":"PropertyValueSpecification","valueRequired":true,"valueName":"search_term_string"}}],"inLanguage":"it-IT"},{"@type":"Organization","@id":"https:\/\/insektenliebe.com\/it\/#organization","name":"Insektenliebe","url":"https:\/\/insektenliebe.com\/it\/","logo":{"@type":"ImageObject","inLanguage":"it-IT","@id":"https:\/\/insektenliebe.com\/it\/#\/schema\/logo\/image\/","url":"https:\/\/insektenliebe.com\/wp-content\/uploads\/2025\/03\/logo-white.png","contentUrl":"https:\/\/insektenliebe.com\/wp-content\/uploads\/2025\/03\/logo-white.png","width":288,"height":188,"caption":"Insektenliebe"},"image":{"@id":"https:\/\/insektenliebe.com\/it\/#\/schema\/logo\/image\/"}}]}},"_links":{"self":[{"href":"https:\/\/insektenliebe.com\/it\/wp-json\/wp\/v2\/product\/190281","targetHints":{"allow":["GET"]}}],"collection":[{"href":"https:\/\/insektenliebe.com\/it\/wp-json\/wp\/v2\/product"}],"about":[{"href":"https:\/\/insektenliebe.com\/it\/wp-json\/wp\/v2\/types\/product"}],"wp:featuredmedia":[{"embeddable":true,"href":"https:\/\/insektenliebe.com\/it\/wp-json\/wp\/v2\/media\/190287"}],"wp:attachment":[{"href":"https:\/\/insektenliebe.com\/it\/wp-json\/wp\/v2\/media?parent=190281"}],"wp:term":[{"taxonomy":"product-supplier","embeddable":true,"href":"https:\/\/insektenliebe.com\/it\/wp-json\/wp\/v2\/product-supplier?post=190281"},{"taxonomy":"product_brand","embeddable":true,"href":"https:\/\/insektenliebe.com\/it\/wp-json\/wp\/v2\/product_brand?post=190281"},{"taxonomy":"product_cat","embeddable":true,"href":"https:\/\/insektenliebe.com\/it\/wp-json\/wp\/v2\/product_cat?post=190281"},{"taxonomy":"product_tag","embeddable":true,"href":"https:\/\/insektenliebe.com\/it\/wp-json\/wp\/v2\/product_tag?post=190281"},{"taxonomy":"lce-checkout-addons","embeddable":true,"href":"https:\/\/insektenliebe.com\/it\/wp-json\/wp\/v2\/lce-checkout-addons?post=190281"}],"curies":[{"name":"wp","href":"https:\/\/api.w.org\/{rel}","templated":true}]}}