{"id":190278,"date":"2022-07-02T13:29:17","date_gmt":"2022-07-02T11:29:17","guid":{"rendered":"https:\/\/insektenliebe.com\/shop\/produkt\/lampada-riscaldante-notturna-exo-terra\/"},"modified":"2026-02-27T15:10:10","modified_gmt":"2026-02-27T14:10:10","slug":"lampada-riscaldante-notturna-exo-terra","status":"publish","type":"product","link":"https:\/\/insektenliebe.com\/it\/shop\/prodotto\/lampada-riscaldante-notturna-exo-terra\/","title":{"rendered":"Lampada riscaldante notturna Exo Terra"},"content":{"rendered":"<h3><span class=\"s1\" style=\"color: #99cc33;\">Lampada termica notturna Exo Terra - Curva di temperatura stabile al buio<\/span><\/h3>\n<p class=\"p1\"><span class=\"s1\">La <\/span><strong><span class=\"s2\">Lampada riscaldante notturna Exo Terra<\/span><\/strong><span class=\"s1\">  \u00e8 stato sviluppato appositamente per riscaldare i terrari durante la notte. Genera calore a infrarossi senza emettere luce visibile intensa. In questo modo si mantiene il ritmo naturale giorno-notte dei tuoi animali, garantendo una temperatura notturna stabile.  <\/span><\/p>\n<p class=\"p1\"><span class=\"s1\">Molti rettili, anfibi e anche alcuni invertebrati hanno bisogno di un leggero calo di temperatura durante la notte, ma non devono raffreddarsi troppo. \u00c8 proprio qui che entra in gioco questa lampada termica. Fornisce un calore radiante mirato che riscalda direttamente le superfici e gli animali, mentre l&#8217;aria circostante \u00e8 meno influenzata. Questo crea un effetto di riscaldamento naturale, simile al calore solare accumulato dopo il tramonto.   <\/span><\/p>\n<p class=\"p1\"><span class=\"s1\">La lampada termica notturna \u00e8 particolarmente indicata per le specie tropicali e subtropicali che richiedono temperature minime costanti. Allo stesso tempo, gli animali notturni ne traggono vantaggio perch\u00e9 possono continuare a orientarsi senza essere disturbati dalla luce intensa. In combinazione con una lampada diurna, crea un ciclo di temperatura realistico.  <\/span><\/p>\n<p class=\"p1\"><span class=\"s1\">Molti proprietari amano la <\/span><strong><span class=\"s2\">Lampada riscaldante notturna Exo Terra<\/span><\/strong><span class=\"s1\">  Crea una morbida atmosfera crepuscolare che agisce come una piccola luna nel terrario. La luce rimane cos\u00ec discreta da non \"disturbare\" il ritmo giorno-notte, ma puoi comunque osservare i tuoi animali. Le specie notturne, in particolare, ne traggono vantaggio, poich\u00e9 spesso mostrano i loro comportamenti pi\u00f9 eccitanti durante questa fase. I gechi diventano pi\u00f9 curiosi e vanno alla ricerca di cibo, gli scorpioni e i ragni escono dai loro nascondigli e molti rettili iniziano la loro tipica \"ronda notturna\". In questo modo il terrario appare vivo di sera e ti offre spunti che difficilmente vedresti alla luce del giorno. Allo stesso tempo, gli animali possono continuare la loro termoregolazione senza lo stress causato dalla luce intensa.     <\/span><\/p>\n<p class=\"p1\"><span class=\"s1\">Si installano con una classica base E27. Per la massima sicurezza, ti consigliamo un attacco in ceramica resistente al calore e, se necessario, una gabbia di protezione. L&#8217;ideale sarebbe abbinare la lampada a un termostato, in modo da evitare il surriscaldamento e controllare con precisione la temperatura.  <\/span><\/p>\n<p class=\"p1\"><span class=\"s1\">La <\/span><strong><span class=\"s2\">Lampada riscaldante notturna Exo Terra<\/span><\/strong><span class=\"s1\">  \u00e8 adatto sia come unica fonte di calore notturno che come integrazione ai sistemi di riscaldamento esistenti. Favorisce un clima stabile e assicura ai tuoi animali condizioni ottimali anche durante la fase di buio. <\/span><\/p>\n","protected":false},"excerpt":{"rendered":"<p>Lampada termica notturna Exo Terra - Curva di temperatura stabile al buio La Lampada riscaldante notturna Exo Terra \u00e8 stato sviluppato appositamente per riscaldare i terrari durante la notte. Genera calore a infrarossi senza emettere luce visibile intensa. In questo modo si mantiene il ritmo naturale giorno-notte dei tuoi animali, garantendo una temperatura notturna stabile. [&hellip;]<\/p>\n","protected":false},"featured_media":186448,"template":"","meta":{"_acf_changed":false},"product-supplier":[2554],"product_brand":[3027],"product_cat":[2741],"product_tag":[],"lce-checkout-addons":[],"class_list":{"0":"post-190278","1":"product","2":"type-product","3":"status-publish","4":"has-post-thumbnail","6":"product_brand-exo-terra","7":"product_cat-illuminazione-e-clima","8":"product_shipping_class-equipment-shipping","10":"first","11":"instock","12":"sale","13":"taxable","14":"shipping-taxable","15":"purchasable","16":"product-type-variable"},"acf":[],"yoast_head":"<!-- This site is optimized with the Yoast SEO plugin v27.3 - https:\/\/yoast.com\/product\/yoast-seo-wordpress\/ -->\n<title>Lampada riscaldante notturna Exo Terra - Insektenliebe<\/title>\n<meta name=\"description\" content=\"Exo Terra Night Heat Lamp - fonte di calore notturna per rettili e invertebrati. La luce a infrarossi non disturba il ritmo giorno-notte.\" \/>\n<meta name=\"robots\" content=\"index, follow, max-snippet:-1, max-image-preview:large, max-video-preview:-1\" \/>\n<link rel=\"canonical\" href=\"https:\/\/insektenliebe.com\/it\/shop\/prodotto\/lampada-riscaldante-notturna-exo-terra\/\" \/>\n<meta property=\"og:locale\" content=\"it_IT\" \/>\n<meta property=\"og:type\" content=\"article\" \/>\n<meta property=\"og:title\" content=\"Lampada riscaldante notturna Exo Terra - Insektenliebe\" \/>\n<meta property=\"og:description\" content=\"Exo Terra Night Heat Lamp - fonte di calore notturna per rettili e invertebrati. La luce a infrarossi non disturba il ritmo giorno-notte.\" \/>\n<meta property=\"og:url\" content=\"https:\/\/insektenliebe.com\/it\/shop\/prodotto\/lampada-riscaldante-notturna-exo-terra\/\" \/>\n<meta property=\"og:site_name\" content=\"Insektenliebe\" \/>\n<meta property=\"article:modified_time\" content=\"2026-02-27T14:10:10+00:00\" \/>\n<meta property=\"og:image\" content=\"https:\/\/insektenliebe.com\/wp-content\/uploads\/2025\/05\/Exo-Terra-Night-Heat-Lamp-15W-2.jpg\" \/>\n\t<meta property=\"og:image:width\" content=\"820\" \/>\n\t<meta property=\"og:image:height\" content=\"820\" \/>\n\t<meta property=\"og:image:type\" content=\"image\/jpeg\" \/>\n<meta name=\"twitter:card\" content=\"summary_large_image\" \/>\n<meta name=\"twitter:label1\" content=\"Tempo di lettura stimato\" \/>\n\t<meta name=\"twitter:data1\" content=\"2 minuto\" \/>\n<script type=\"application\/ld+json\" class=\"yoast-schema-graph\">{\"@context\":\"https:\\\/\\\/schema.org\",\"@graph\":[{\"@type\":\"WebPage\",\"@id\":\"https:\\\/\\\/insektenliebe.com\\\/it\\\/shop\\\/prodotto\\\/lampada-riscaldante-notturna-exo-terra\\\/\",\"url\":\"https:\\\/\\\/insektenliebe.com\\\/it\\\/shop\\\/prodotto\\\/lampada-riscaldante-notturna-exo-terra\\\/\",\"name\":\"Lampada riscaldante notturna Exo Terra - Insektenliebe\",\"isPartOf\":{\"@id\":\"https:\\\/\\\/insektenliebe.com\\\/it\\\/#website\"},\"primaryImageOfPage\":{\"@id\":\"https:\\\/\\\/insektenliebe.com\\\/it\\\/shop\\\/prodotto\\\/lampada-riscaldante-notturna-exo-terra\\\/#primaryimage\"},\"image\":{\"@id\":\"https:\\\/\\\/insektenliebe.com\\\/it\\\/shop\\\/prodotto\\\/lampada-riscaldante-notturna-exo-terra\\\/#primaryimage\"},\"thumbnailUrl\":\"https:\\\/\\\/insektenliebe.com\\\/wp-content\\\/uploads\\\/2025\\\/05\\\/Exo-Terra-Night-Heat-Lamp-15W-2.jpg\",\"datePublished\":\"2022-07-02T11:29:17+00:00\",\"dateModified\":\"2026-02-27T14:10:10+00:00\",\"description\":\"Exo Terra Night Heat Lamp - fonte di calore notturna per rettili e invertebrati. La luce a infrarossi non disturba il ritmo giorno-notte.\",\"breadcrumb\":{\"@id\":\"https:\\\/\\\/insektenliebe.com\\\/it\\\/shop\\\/prodotto\\\/lampada-riscaldante-notturna-exo-terra\\\/#breadcrumb\"},\"inLanguage\":\"it-IT\",\"potentialAction\":[{\"@type\":\"ReadAction\",\"target\":[\"https:\\\/\\\/insektenliebe.com\\\/it\\\/shop\\\/prodotto\\\/lampada-riscaldante-notturna-exo-terra\\\/\"]}]},{\"@type\":\"ImageObject\",\"inLanguage\":\"it-IT\",\"@id\":\"https:\\\/\\\/insektenliebe.com\\\/it\\\/shop\\\/prodotto\\\/lampada-riscaldante-notturna-exo-terra\\\/#primaryimage\",\"url\":\"https:\\\/\\\/insektenliebe.com\\\/wp-content\\\/uploads\\\/2025\\\/05\\\/Exo-Terra-Night-Heat-Lamp-15W-2.jpg\",\"contentUrl\":\"https:\\\/\\\/insektenliebe.com\\\/wp-content\\\/uploads\\\/2025\\\/05\\\/Exo-Terra-Night-Heat-Lamp-15W-2.jpg\",\"width\":820,\"height\":820,\"caption\":\"Exo-Terra-Lampada a calore notturno-15W-2.jpg\"},{\"@type\":\"BreadcrumbList\",\"@id\":\"https:\\\/\\\/insektenliebe.com\\\/it\\\/shop\\\/prodotto\\\/lampada-riscaldante-notturna-exo-terra\\\/#breadcrumb\",\"itemListElement\":[{\"@type\":\"ListItem\",\"position\":1,\"name\":\"Startseite\",\"item\":\"https:\\\/\\\/insektenliebe.com\\\/it\\\/\"},{\"@type\":\"ListItem\",\"position\":2,\"name\":\"Negozio\",\"item\":\"https:\\\/\\\/insektenliebe.com\\\/it\\\/negozio\\\/\"},{\"@type\":\"ListItem\",\"position\":3,\"name\":\"Lampada riscaldante notturna Exo Terra\"}]},{\"@type\":\"WebSite\",\"@id\":\"https:\\\/\\\/insektenliebe.com\\\/it\\\/#website\",\"url\":\"https:\\\/\\\/insektenliebe.com\\\/it\\\/\",\"name\":\"Insektenliebe\",\"description\":\"Dein Zuhause f\u00fcr die kleinen Lebewesen\",\"publisher\":{\"@id\":\"https:\\\/\\\/insektenliebe.com\\\/it\\\/#organization\"},\"potentialAction\":[{\"@type\":\"SearchAction\",\"target\":{\"@type\":\"EntryPoint\",\"urlTemplate\":\"https:\\\/\\\/insektenliebe.com\\\/it\\\/?s={search_term_string}\"},\"query-input\":{\"@type\":\"PropertyValueSpecification\",\"valueRequired\":true,\"valueName\":\"search_term_string\"}}],\"inLanguage\":\"it-IT\"},{\"@type\":\"Organization\",\"@id\":\"https:\\\/\\\/insektenliebe.com\\\/it\\\/#organization\",\"name\":\"Insektenliebe\",\"url\":\"https:\\\/\\\/insektenliebe.com\\\/it\\\/\",\"logo\":{\"@type\":\"ImageObject\",\"inLanguage\":\"it-IT\",\"@id\":\"https:\\\/\\\/insektenliebe.com\\\/it\\\/#\\\/schema\\\/logo\\\/image\\\/\",\"url\":\"https:\\\/\\\/insektenliebe.com\\\/wp-content\\\/uploads\\\/2025\\\/03\\\/logo-white.png\",\"contentUrl\":\"https:\\\/\\\/insektenliebe.com\\\/wp-content\\\/uploads\\\/2025\\\/03\\\/logo-white.png\",\"width\":288,\"height\":188,\"caption\":\"Insektenliebe\"},\"image\":{\"@id\":\"https:\\\/\\\/insektenliebe.com\\\/it\\\/#\\\/schema\\\/logo\\\/image\\\/\"}}]}<\/script>\n<!-- \/ Yoast SEO plugin. -->","yoast_head_json":{"title":"Lampada riscaldante notturna Exo Terra - Insektenliebe","description":"Exo Terra Night Heat Lamp - fonte di calore notturna per rettili e invertebrati. La luce a infrarossi non disturba il ritmo giorno-notte.","robots":{"index":"index","follow":"follow","max-snippet":"max-snippet:-1","max-image-preview":"max-image-preview:large","max-video-preview":"max-video-preview:-1"},"canonical":"https:\/\/insektenliebe.com\/it\/shop\/prodotto\/lampada-riscaldante-notturna-exo-terra\/","og_locale":"it_IT","og_type":"article","og_title":"Lampada riscaldante notturna Exo Terra - Insektenliebe","og_description":"Exo Terra Night Heat Lamp - fonte di calore notturna per rettili e invertebrati. La luce a infrarossi non disturba il ritmo giorno-notte.","og_url":"https:\/\/insektenliebe.com\/it\/shop\/prodotto\/lampada-riscaldante-notturna-exo-terra\/","og_site_name":"Insektenliebe","article_modified_time":"2026-02-27T14:10:10+00:00","og_image":[{"width":820,"height":820,"url":"https:\/\/insektenliebe.com\/wp-content\/uploads\/2025\/05\/Exo-Terra-Night-Heat-Lamp-15W-2.jpg","type":"image\/jpeg"}],"twitter_card":"summary_large_image","twitter_misc":{"Tempo di lettura stimato":"2 minuto"},"schema":{"@context":"https:\/\/schema.org","@graph":[{"@type":"WebPage","@id":"https:\/\/insektenliebe.com\/it\/shop\/prodotto\/lampada-riscaldante-notturna-exo-terra\/","url":"https:\/\/insektenliebe.com\/it\/shop\/prodotto\/lampada-riscaldante-notturna-exo-terra\/","name":"Lampada riscaldante notturna Exo Terra - Insektenliebe","isPartOf":{"@id":"https:\/\/insektenliebe.com\/it\/#website"},"primaryImageOfPage":{"@id":"https:\/\/insektenliebe.com\/it\/shop\/prodotto\/lampada-riscaldante-notturna-exo-terra\/#primaryimage"},"image":{"@id":"https:\/\/insektenliebe.com\/it\/shop\/prodotto\/lampada-riscaldante-notturna-exo-terra\/#primaryimage"},"thumbnailUrl":"https:\/\/insektenliebe.com\/wp-content\/uploads\/2025\/05\/Exo-Terra-Night-Heat-Lamp-15W-2.jpg","datePublished":"2022-07-02T11:29:17+00:00","dateModified":"2026-02-27T14:10:10+00:00","description":"Exo Terra Night Heat Lamp - fonte di calore notturna per rettili e invertebrati. La luce a infrarossi non disturba il ritmo giorno-notte.","breadcrumb":{"@id":"https:\/\/insektenliebe.com\/it\/shop\/prodotto\/lampada-riscaldante-notturna-exo-terra\/#breadcrumb"},"inLanguage":"it-IT","potentialAction":[{"@type":"ReadAction","target":["https:\/\/insektenliebe.com\/it\/shop\/prodotto\/lampada-riscaldante-notturna-exo-terra\/"]}]},{"@type":"ImageObject","inLanguage":"it-IT","@id":"https:\/\/insektenliebe.com\/it\/shop\/prodotto\/lampada-riscaldante-notturna-exo-terra\/#primaryimage","url":"https:\/\/insektenliebe.com\/wp-content\/uploads\/2025\/05\/Exo-Terra-Night-Heat-Lamp-15W-2.jpg","contentUrl":"https:\/\/insektenliebe.com\/wp-content\/uploads\/2025\/05\/Exo-Terra-Night-Heat-Lamp-15W-2.jpg","width":820,"height":820,"caption":"Exo-Terra-Lampada a calore notturno-15W-2.jpg"},{"@type":"BreadcrumbList","@id":"https:\/\/insektenliebe.com\/it\/shop\/prodotto\/lampada-riscaldante-notturna-exo-terra\/#breadcrumb","itemListElement":[{"@type":"ListItem","position":1,"name":"Startseite","item":"https:\/\/insektenliebe.com\/it\/"},{"@type":"ListItem","position":2,"name":"Negozio","item":"https:\/\/insektenliebe.com\/it\/negozio\/"},{"@type":"ListItem","position":3,"name":"Lampada riscaldante notturna Exo Terra"}]},{"@type":"WebSite","@id":"https:\/\/insektenliebe.com\/it\/#website","url":"https:\/\/insektenliebe.com\/it\/","name":"Insektenliebe","description":"Dein Zuhause f\u00fcr die kleinen Lebewesen","publisher":{"@id":"https:\/\/insektenliebe.com\/it\/#organization"},"potentialAction":[{"@type":"SearchAction","target":{"@type":"EntryPoint","urlTemplate":"https:\/\/insektenliebe.com\/it\/?s={search_term_string}"},"query-input":{"@type":"PropertyValueSpecification","valueRequired":true,"valueName":"search_term_string"}}],"inLanguage":"it-IT"},{"@type":"Organization","@id":"https:\/\/insektenliebe.com\/it\/#organization","name":"Insektenliebe","url":"https:\/\/insektenliebe.com\/it\/","logo":{"@type":"ImageObject","inLanguage":"it-IT","@id":"https:\/\/insektenliebe.com\/it\/#\/schema\/logo\/image\/","url":"https:\/\/insektenliebe.com\/wp-content\/uploads\/2025\/03\/logo-white.png","contentUrl":"https:\/\/insektenliebe.com\/wp-content\/uploads\/2025\/03\/logo-white.png","width":288,"height":188,"caption":"Insektenliebe"},"image":{"@id":"https:\/\/insektenliebe.com\/it\/#\/schema\/logo\/image\/"}}]}},"_links":{"self":[{"href":"https:\/\/insektenliebe.com\/it\/wp-json\/wp\/v2\/product\/190278","targetHints":{"allow":["GET"]}}],"collection":[{"href":"https:\/\/insektenliebe.com\/it\/wp-json\/wp\/v2\/product"}],"about":[{"href":"https:\/\/insektenliebe.com\/it\/wp-json\/wp\/v2\/types\/product"}],"wp:featuredmedia":[{"embeddable":true,"href":"https:\/\/insektenliebe.com\/it\/wp-json\/wp\/v2\/media\/186448"}],"wp:attachment":[{"href":"https:\/\/insektenliebe.com\/it\/wp-json\/wp\/v2\/media?parent=190278"}],"wp:term":[{"taxonomy":"product-supplier","embeddable":true,"href":"https:\/\/insektenliebe.com\/it\/wp-json\/wp\/v2\/product-supplier?post=190278"},{"taxonomy":"product_brand","embeddable":true,"href":"https:\/\/insektenliebe.com\/it\/wp-json\/wp\/v2\/product_brand?post=190278"},{"taxonomy":"product_cat","embeddable":true,"href":"https:\/\/insektenliebe.com\/it\/wp-json\/wp\/v2\/product_cat?post=190278"},{"taxonomy":"product_tag","embeddable":true,"href":"https:\/\/insektenliebe.com\/it\/wp-json\/wp\/v2\/product_tag?post=190278"},{"taxonomy":"lce-checkout-addons","embeddable":true,"href":"https:\/\/insektenliebe.com\/it\/wp-json\/wp\/v2\/lce-checkout-addons?post=190278"}],"curies":[{"name":"wp","href":"https:\/\/api.w.org\/{rel}","templated":true}]}}