{"id":190240,"date":"2022-07-06T16:37:00","date_gmt":"2022-07-06T14:37:00","guid":{"rendered":"https:\/\/insektenliebe.com\/shop\/produkt\/hobby-terra-fix-easy-wheelys\/"},"modified":"2026-03-03T20:47:23","modified_gmt":"2026-03-03T19:47:23","slug":"hobby-terra-fix-easy-wheelys","status":"publish","type":"product","link":"https:\/\/insektenliebe.com\/it\/shop\/prodotto\/hobby-terra-fix-easy-wheelys\/","title":{"rendered":"Hobby Terra Fix &amp; Easy Wheelys"},"content":{"rendered":"<h3><span style=\"color: #99cc33;\"><span class=\"s1\">Un&#8217;aggiunta perfetta per i sistemi Fix &amp; Easy<\/span><\/span><\/h3>\n<p class=\"p1\"><span class=\"s1\">Con il <\/span><strong><span class=\"s2\">Hobby Terra Fix &amp; Easy Wheelys<\/span><\/strong><span class=\"s1\">  rendi mobile il tuo terrario. Le rotelle appositamente sviluppate ti permettono di spostare i terrari Hobby Fix &amp; Easy in modo flessibile in qualsiasi momento. Questo ti permette di reagire rapidamente ai cambiamenti della stanza o di ottimizzare la tua posizione se necessario.  <\/span><\/p>\n<p class=\"p1\"><span class=\"s1\">Il montaggio \u00e8 particolarmente semplice. Non hai bisogno di attrezzi o viti. \u00c8 sufficiente posizionare le Wheelys direttamente sotto il terrario. Questo ti fa risparmiare tempo e ti permette di regolare immediatamente l&#8217;allestimento.   <\/span><\/p>\n<p class=\"p1\"><span class=\"s1\">Le rotelle convincono per la loro robusta lavorazione. Allo stesso tempo, possono sostenere un peso fino a 100 kg. Sono quindi adatte anche per diversi terrari impilati l&#8217;uno sull&#8217;altro. Questo aumenta notevolmente la praticit\u00e0, soprattutto per i sistemi di allevamento o per i sistemi pi\u00f9 grandi.   <\/span><\/p>\n<p class=\"p1\"><span class=\"s1\">Due delle ruote posteriori sono dotate di freni integrati. In questo modo il terrario rimane in piedi in modo sicuro e stabile non appena lo hai posizionato. In questo modo unisci la maneggevolezza a un appoggio stabile.  <\/span><\/p>\n<p class=\"p1\"><span class=\"s1\">I Wheely ti facilitano molte attivit\u00e0 quotidiane. Puoi pulire pi\u00f9 rapidamente l&#8217;area sotto il terrario. Puoi anche raggiungere pi\u00f9 facilmente i cavi o le attrezzature. Allo stesso tempo, proteggi i pavimenti pi\u00f9 delicati perch\u00e9 non dovrai pi\u00f9 sollevare vasche pesanti.   <\/span><\/p>\n<p class=\"p1\"><span class=\"s1\">Il <\/span><strong><span class=\"s2\">Hobby Terra Fix &amp; Easy Wheelys<\/span><\/strong><span class=\"s1\">  sono l&#8217;estensione ideale per tutti i terrari Hobby Fix &amp; Easy. Uniscono stabilit\u00e0, sicurezza e flessibilit\u00e0 in una soluzione pratica per la vita quotidiana del terrario. <\/span><\/p>\n","protected":false},"excerpt":{"rendered":"<p>Un&#8217;aggiunta perfetta per i sistemi Fix &amp; Easy Con il Hobby Terra Fix &amp; Easy Wheelys rendi mobile il tuo terrario. Le rotelle appositamente sviluppate ti permettono di spostare i terrari Hobby Fix &amp; Easy in modo flessibile in qualsiasi momento. Questo ti permette di reagire rapidamente ai cambiamenti della stanza o di ottimizzare la [&hellip;]<\/p>\n","protected":false},"featured_media":190242,"template":"","meta":{"_acf_changed":false},"product-supplier":[2555],"product_brand":[2739],"product_cat":[2760],"product_tag":[],"lce-checkout-addons":[],"class_list":{"0":"post-190240","1":"product","2":"type-product","3":"status-publish","4":"has-post-thumbnail","6":"product_brand-hobby-terraristica","7":"product_cat-terrari-e-contenitori","8":"product_shipping_class-equipment-shipping","10":"first","11":"instock","12":"sale","13":"taxable","14":"shipping-taxable","15":"purchasable","16":"product-type-simple"},"acf":[],"yoast_head":"<!-- This site is optimized with the Yoast SEO plugin v27.3 - https:\/\/yoast.com\/product\/yoast-seo-wordpress\/ -->\n<title>Hobby Terra Fix &amp; Easy Wheelys - Insektenliebe<\/title>\n<meta name=\"description\" content=\"Acquista a buon mercato Hobby Terra Fix &amp; Easy Wheelys direttamente online. Si possono riordinare velocemente per pulire o riorganizzare il tuo terrario!\" \/>\n<meta name=\"robots\" content=\"index, follow, max-snippet:-1, max-image-preview:large, max-video-preview:-1\" \/>\n<link rel=\"canonical\" href=\"https:\/\/insektenliebe.com\/it\/shop\/prodotto\/hobby-terra-fix-easy-wheelys\/\" \/>\n<meta property=\"og:locale\" content=\"it_IT\" \/>\n<meta property=\"og:type\" content=\"article\" \/>\n<meta property=\"og:title\" content=\"Hobby Terra Fix &amp; Easy Wheelys - Insektenliebe\" \/>\n<meta property=\"og:description\" content=\"Acquista a buon mercato Hobby Terra Fix &amp; Easy Wheelys direttamente online. Si possono riordinare velocemente per pulire o riorganizzare il tuo terrario!\" \/>\n<meta property=\"og:url\" content=\"https:\/\/insektenliebe.com\/it\/shop\/prodotto\/hobby-terra-fix-easy-wheelys\/\" \/>\n<meta property=\"og:site_name\" content=\"Insektenliebe\" \/>\n<meta property=\"article:modified_time\" content=\"2026-03-03T19:47:23+00:00\" \/>\n<meta property=\"og:image\" content=\"https:\/\/insektenliebe.com\/wp-content\/uploads\/2025\/05\/Hobby-Terra-Fix-Easy-Wheelys-2.jpg\" \/>\n\t<meta property=\"og:image:width\" content=\"820\" \/>\n\t<meta property=\"og:image:height\" content=\"820\" \/>\n\t<meta property=\"og:image:type\" content=\"image\/jpeg\" \/>\n<meta name=\"twitter:card\" content=\"summary_large_image\" \/>\n<meta name=\"twitter:label1\" content=\"Tempo di lettura stimato\" \/>\n\t<meta name=\"twitter:data1\" content=\"1 minuto\" \/>\n<script type=\"application\/ld+json\" class=\"yoast-schema-graph\">{\"@context\":\"https:\\\/\\\/schema.org\",\"@graph\":[{\"@type\":\"WebPage\",\"@id\":\"https:\\\/\\\/insektenliebe.com\\\/it\\\/shop\\\/prodotto\\\/hobby-terra-fix-easy-wheelys\\\/\",\"url\":\"https:\\\/\\\/insektenliebe.com\\\/it\\\/shop\\\/prodotto\\\/hobby-terra-fix-easy-wheelys\\\/\",\"name\":\"Hobby Terra Fix &amp; Easy Wheelys - Insektenliebe\",\"isPartOf\":{\"@id\":\"https:\\\/\\\/insektenliebe.com\\\/it\\\/#website\"},\"primaryImageOfPage\":{\"@id\":\"https:\\\/\\\/insektenliebe.com\\\/it\\\/shop\\\/prodotto\\\/hobby-terra-fix-easy-wheelys\\\/#primaryimage\"},\"image\":{\"@id\":\"https:\\\/\\\/insektenliebe.com\\\/it\\\/shop\\\/prodotto\\\/hobby-terra-fix-easy-wheelys\\\/#primaryimage\"},\"thumbnailUrl\":\"https:\\\/\\\/insektenliebe.com\\\/wp-content\\\/uploads\\\/2025\\\/05\\\/Hobby-Terra-Fix-Easy-Wheelys-2.jpg\",\"datePublished\":\"2022-07-06T14:37:00+00:00\",\"dateModified\":\"2026-03-03T19:47:23+00:00\",\"description\":\"Acquista a buon mercato Hobby Terra Fix & Easy Wheelys direttamente online. Si possono riordinare velocemente per pulire o riorganizzare il tuo terrario!\",\"breadcrumb\":{\"@id\":\"https:\\\/\\\/insektenliebe.com\\\/it\\\/shop\\\/prodotto\\\/hobby-terra-fix-easy-wheelys\\\/#breadcrumb\"},\"inLanguage\":\"it-IT\",\"potentialAction\":[{\"@type\":\"ReadAction\",\"target\":[\"https:\\\/\\\/insektenliebe.com\\\/it\\\/shop\\\/prodotto\\\/hobby-terra-fix-easy-wheelys\\\/\"]}]},{\"@type\":\"ImageObject\",\"inLanguage\":\"it-IT\",\"@id\":\"https:\\\/\\\/insektenliebe.com\\\/it\\\/shop\\\/prodotto\\\/hobby-terra-fix-easy-wheelys\\\/#primaryimage\",\"url\":\"https:\\\/\\\/insektenliebe.com\\\/wp-content\\\/uploads\\\/2025\\\/05\\\/Hobby-Terra-Fix-Easy-Wheelys-2.jpg\",\"contentUrl\":\"https:\\\/\\\/insektenliebe.com\\\/wp-content\\\/uploads\\\/2025\\\/05\\\/Hobby-Terra-Fix-Easy-Wheelys-2.jpg\",\"width\":820,\"height\":820,\"caption\":\"Hobby-Terra-Fix-Easy-Wheelys-2.jpg\"},{\"@type\":\"BreadcrumbList\",\"@id\":\"https:\\\/\\\/insektenliebe.com\\\/it\\\/shop\\\/prodotto\\\/hobby-terra-fix-easy-wheelys\\\/#breadcrumb\",\"itemListElement\":[{\"@type\":\"ListItem\",\"position\":1,\"name\":\"Startseite\",\"item\":\"https:\\\/\\\/insektenliebe.com\\\/it\\\/\"},{\"@type\":\"ListItem\",\"position\":2,\"name\":\"Negozio\",\"item\":\"https:\\\/\\\/insektenliebe.com\\\/it\\\/negozio\\\/\"},{\"@type\":\"ListItem\",\"position\":3,\"name\":\"Hobby Terra Fix &amp; Easy Wheelys\"}]},{\"@type\":\"WebSite\",\"@id\":\"https:\\\/\\\/insektenliebe.com\\\/it\\\/#website\",\"url\":\"https:\\\/\\\/insektenliebe.com\\\/it\\\/\",\"name\":\"Insektenliebe\",\"description\":\"Dein Zuhause f\u00fcr die kleinen Lebewesen\",\"publisher\":{\"@id\":\"https:\\\/\\\/insektenliebe.com\\\/it\\\/#organization\"},\"potentialAction\":[{\"@type\":\"SearchAction\",\"target\":{\"@type\":\"EntryPoint\",\"urlTemplate\":\"https:\\\/\\\/insektenliebe.com\\\/it\\\/?s={search_term_string}\"},\"query-input\":{\"@type\":\"PropertyValueSpecification\",\"valueRequired\":true,\"valueName\":\"search_term_string\"}}],\"inLanguage\":\"it-IT\"},{\"@type\":\"Organization\",\"@id\":\"https:\\\/\\\/insektenliebe.com\\\/it\\\/#organization\",\"name\":\"Insektenliebe\",\"url\":\"https:\\\/\\\/insektenliebe.com\\\/it\\\/\",\"logo\":{\"@type\":\"ImageObject\",\"inLanguage\":\"it-IT\",\"@id\":\"https:\\\/\\\/insektenliebe.com\\\/it\\\/#\\\/schema\\\/logo\\\/image\\\/\",\"url\":\"https:\\\/\\\/insektenliebe.com\\\/wp-content\\\/uploads\\\/2025\\\/03\\\/logo-white.png\",\"contentUrl\":\"https:\\\/\\\/insektenliebe.com\\\/wp-content\\\/uploads\\\/2025\\\/03\\\/logo-white.png\",\"width\":288,\"height\":188,\"caption\":\"Insektenliebe\"},\"image\":{\"@id\":\"https:\\\/\\\/insektenliebe.com\\\/it\\\/#\\\/schema\\\/logo\\\/image\\\/\"}}]}<\/script>\n<!-- \/ Yoast SEO plugin. -->","yoast_head_json":{"title":"Hobby Terra Fix &amp; Easy Wheelys - Insektenliebe","description":"Acquista a buon mercato Hobby Terra Fix & Easy Wheelys direttamente online. Si possono riordinare velocemente per pulire o riorganizzare il tuo terrario!","robots":{"index":"index","follow":"follow","max-snippet":"max-snippet:-1","max-image-preview":"max-image-preview:large","max-video-preview":"max-video-preview:-1"},"canonical":"https:\/\/insektenliebe.com\/it\/shop\/prodotto\/hobby-terra-fix-easy-wheelys\/","og_locale":"it_IT","og_type":"article","og_title":"Hobby Terra Fix &amp; Easy Wheelys - Insektenliebe","og_description":"Acquista a buon mercato Hobby Terra Fix & Easy Wheelys direttamente online. Si possono riordinare velocemente per pulire o riorganizzare il tuo terrario!","og_url":"https:\/\/insektenliebe.com\/it\/shop\/prodotto\/hobby-terra-fix-easy-wheelys\/","og_site_name":"Insektenliebe","article_modified_time":"2026-03-03T19:47:23+00:00","og_image":[{"width":820,"height":820,"url":"https:\/\/insektenliebe.com\/wp-content\/uploads\/2025\/05\/Hobby-Terra-Fix-Easy-Wheelys-2.jpg","type":"image\/jpeg"}],"twitter_card":"summary_large_image","twitter_misc":{"Tempo di lettura stimato":"1 minuto"},"schema":{"@context":"https:\/\/schema.org","@graph":[{"@type":"WebPage","@id":"https:\/\/insektenliebe.com\/it\/shop\/prodotto\/hobby-terra-fix-easy-wheelys\/","url":"https:\/\/insektenliebe.com\/it\/shop\/prodotto\/hobby-terra-fix-easy-wheelys\/","name":"Hobby Terra Fix &amp; Easy Wheelys - Insektenliebe","isPartOf":{"@id":"https:\/\/insektenliebe.com\/it\/#website"},"primaryImageOfPage":{"@id":"https:\/\/insektenliebe.com\/it\/shop\/prodotto\/hobby-terra-fix-easy-wheelys\/#primaryimage"},"image":{"@id":"https:\/\/insektenliebe.com\/it\/shop\/prodotto\/hobby-terra-fix-easy-wheelys\/#primaryimage"},"thumbnailUrl":"https:\/\/insektenliebe.com\/wp-content\/uploads\/2025\/05\/Hobby-Terra-Fix-Easy-Wheelys-2.jpg","datePublished":"2022-07-06T14:37:00+00:00","dateModified":"2026-03-03T19:47:23+00:00","description":"Acquista a buon mercato Hobby Terra Fix & Easy Wheelys direttamente online. Si possono riordinare velocemente per pulire o riorganizzare il tuo terrario!","breadcrumb":{"@id":"https:\/\/insektenliebe.com\/it\/shop\/prodotto\/hobby-terra-fix-easy-wheelys\/#breadcrumb"},"inLanguage":"it-IT","potentialAction":[{"@type":"ReadAction","target":["https:\/\/insektenliebe.com\/it\/shop\/prodotto\/hobby-terra-fix-easy-wheelys\/"]}]},{"@type":"ImageObject","inLanguage":"it-IT","@id":"https:\/\/insektenliebe.com\/it\/shop\/prodotto\/hobby-terra-fix-easy-wheelys\/#primaryimage","url":"https:\/\/insektenliebe.com\/wp-content\/uploads\/2025\/05\/Hobby-Terra-Fix-Easy-Wheelys-2.jpg","contentUrl":"https:\/\/insektenliebe.com\/wp-content\/uploads\/2025\/05\/Hobby-Terra-Fix-Easy-Wheelys-2.jpg","width":820,"height":820,"caption":"Hobby-Terra-Fix-Easy-Wheelys-2.jpg"},{"@type":"BreadcrumbList","@id":"https:\/\/insektenliebe.com\/it\/shop\/prodotto\/hobby-terra-fix-easy-wheelys\/#breadcrumb","itemListElement":[{"@type":"ListItem","position":1,"name":"Startseite","item":"https:\/\/insektenliebe.com\/it\/"},{"@type":"ListItem","position":2,"name":"Negozio","item":"https:\/\/insektenliebe.com\/it\/negozio\/"},{"@type":"ListItem","position":3,"name":"Hobby Terra Fix &amp; Easy Wheelys"}]},{"@type":"WebSite","@id":"https:\/\/insektenliebe.com\/it\/#website","url":"https:\/\/insektenliebe.com\/it\/","name":"Insektenliebe","description":"Dein Zuhause f\u00fcr die kleinen Lebewesen","publisher":{"@id":"https:\/\/insektenliebe.com\/it\/#organization"},"potentialAction":[{"@type":"SearchAction","target":{"@type":"EntryPoint","urlTemplate":"https:\/\/insektenliebe.com\/it\/?s={search_term_string}"},"query-input":{"@type":"PropertyValueSpecification","valueRequired":true,"valueName":"search_term_string"}}],"inLanguage":"it-IT"},{"@type":"Organization","@id":"https:\/\/insektenliebe.com\/it\/#organization","name":"Insektenliebe","url":"https:\/\/insektenliebe.com\/it\/","logo":{"@type":"ImageObject","inLanguage":"it-IT","@id":"https:\/\/insektenliebe.com\/it\/#\/schema\/logo\/image\/","url":"https:\/\/insektenliebe.com\/wp-content\/uploads\/2025\/03\/logo-white.png","contentUrl":"https:\/\/insektenliebe.com\/wp-content\/uploads\/2025\/03\/logo-white.png","width":288,"height":188,"caption":"Insektenliebe"},"image":{"@id":"https:\/\/insektenliebe.com\/it\/#\/schema\/logo\/image\/"}}]}},"_links":{"self":[{"href":"https:\/\/insektenliebe.com\/it\/wp-json\/wp\/v2\/product\/190240","targetHints":{"allow":["GET"]}}],"collection":[{"href":"https:\/\/insektenliebe.com\/it\/wp-json\/wp\/v2\/product"}],"about":[{"href":"https:\/\/insektenliebe.com\/it\/wp-json\/wp\/v2\/types\/product"}],"wp:featuredmedia":[{"embeddable":true,"href":"https:\/\/insektenliebe.com\/it\/wp-json\/wp\/v2\/media\/190242"}],"wp:attachment":[{"href":"https:\/\/insektenliebe.com\/it\/wp-json\/wp\/v2\/media?parent=190240"}],"wp:term":[{"taxonomy":"product-supplier","embeddable":true,"href":"https:\/\/insektenliebe.com\/it\/wp-json\/wp\/v2\/product-supplier?post=190240"},{"taxonomy":"product_brand","embeddable":true,"href":"https:\/\/insektenliebe.com\/it\/wp-json\/wp\/v2\/product_brand?post=190240"},{"taxonomy":"product_cat","embeddable":true,"href":"https:\/\/insektenliebe.com\/it\/wp-json\/wp\/v2\/product_cat?post=190240"},{"taxonomy":"product_tag","embeddable":true,"href":"https:\/\/insektenliebe.com\/it\/wp-json\/wp\/v2\/product_tag?post=190240"},{"taxonomy":"lce-checkout-addons","embeddable":true,"href":"https:\/\/insektenliebe.com\/it\/wp-json\/wp\/v2\/lce-checkout-addons?post=190240"}],"curies":[{"name":"wp","href":"https:\/\/api.w.org\/{rel}","templated":true}]}}