{"id":190238,"date":"2020-11-20T14:31:00","date_gmt":"2020-11-20T13:31:00","guid":{"rendered":"https:\/\/insektenliebe.com\/shop\/produkt\/porcellio-echinatus\/"},"modified":"2020-11-20T14:31:00","modified_gmt":"2020-11-20T13:31:00","slug":"porcellio-echinatus","status":"publish","type":"product","link":"https:\/\/insektenliebe.com\/it\/shop\/prodotto\/porcellio-echinatus\/","title":{"rendered":"Porcellio echinatus"},"content":{"rendered":"<h3 class=\"p1\"><span style=\"color: #99cc33\"><strong><span class=\"s1\">Porcellio echinatus - la scelta perfetta per principianti e utenti esperti<\/span><\/strong><\/span><\/h3>\n<p class=\"p1\"><span class=\"s1\"><strong>Il Porcellio echinatus<\/strong> \u00e8 una delle specie che salta subito all&#8217;occhio. La sua superficie corporea \u00e8 molto pi\u00f9 strutturata e \"appuntita\" rispetto a quella di molte altre specie di Porcellio, il che le conferisce un aspetto molto caratteristico, quasi primordiale. Questa particolare forma del corpo non \u00e8 solo visivamente eccitante, ma serve anche come protezione aggiuntiva in natura, in quanto le superfici irregolari rendono pi\u00f9 difficile la presa da parte dei predatori. La sua origine naturale \u00e8 negli habitat caldi e pi\u00f9 secchi dell&#8217;Europa meridionale, dove si nasconde tra pietre, lastre di corteccia e materiale terroso sciolto.   <\/span><\/p>\n<p class=\"p1\"><span class=\"s1\">Il <strong>Porcellio echinatus<\/strong> ha uno stile di vita curioso, ma piuttosto tranquillo nel terrario. \u00c8 spesso visibile, soprattutto se gli viene offerto un habitat strutturato. Gli animali fanno un uso intensivo di pietre, pezzi di corteccia e piccole cavit\u00e0 e mostrano un comportamento attivo di ricerca ed esplorazione. A differenza di molte altre specie, il <strong>Porcellio echinatus<\/strong> \u00e8 meno timido e pu\u00f2 essere visto anche di giorno: perfetto per chi ama gli isopodi facili da osservare.   <\/span><\/p>\n<p class=\"p1\"><span class=\"s1\">Questa specie si dimostra robusta e semplice da mantenere, purch\u00e9 si rispetti la sua esigenza di zone pi\u00f9 secche. Un ambiente da semi-umido a secco con humus forestale, sabbia e molte foglie offre le condizioni ottimali. \u00c8 importante una buona ventilazione, poich\u00e9 gli animali non tollerano bene l&#8217;umidit\u00e0 stagnante. Allo stesso tempo, apprezzano una piccola area di ritiro leggermente umida, che pu\u00f2 essere creata con muschio o legno bianco marcio. Questa zona li aiuta durante la muta e supporta la microfauna, che funge da area di alimentazione naturale.    <\/span><\/p>\n<p class=\"p1\"><span class=\"s1\">La loro dieta \u00e8 semplice e varia. <strong>Il Porcellio echinatus<\/strong> mangia avidamente foglie, legno bianco marcio e verdure come zucchine o carote. Occasionalmente mangiano anche proteine come cibo per pesci o gammarus essiccati, particolarmente importanti per i giovani animali in crescita. Grazie al loro buon comportamento alimentare, contribuiscono attivamente alla decomposizione dei materiali organici nel terrario e promuovono un sistema bioattivo stabile.  <\/span><\/p>\n<p class=\"p1\"><span class=\"s1\">La loro resistenza agli sbalzi di temperatura \u00e8 particolarmente impressionante. Il <strong>Porcellio echinatus<\/strong>\u00e8 adattabile e adatto sia ai terrari bioattivi che ai box di allevamento professionali. La loro struttura corporea attraente, il temperamento calmo e la buona visibilit\u00e0 li rendono una scelta popolare per chi vuole tenere gli isopodi non solo come animali da allevamento ma anche come abitanti decorativi. <\/span><\/p>\n<p class=\"p1\"><span class=\"s1\">Se sei alla ricerca di una specie robusta, di grande impatto visivo e allo stesso tempo facile da curare, il <strong>Porcellio echinatus<\/strong> ti offre proprio questo: un isopode pieno di carattere che arricchisce qualsiasi allestimento con il suo aspetto sorprendente.<\/span><\/p>\n","protected":false},"excerpt":{"rendered":"<p>Arte del Porcellio appuntito!<\/p>\n","protected":false},"featured_media":190239,"template":"","meta":{"_acf_changed":false},"product-supplier":[],"product_brand":[],"product_cat":[2787,2788],"product_tag":[],"lce-checkout-addons":[2746],"class_list":{"0":"post-190238","1":"product","2":"type-product","3":"status-publish","4":"has-post-thumbnail","6":"product_cat-porcellino-di-legno-porcellio","7":"product_cat-woodlice","8":"product_shipping_class-spedizione-di-animali","9":"pa_herkunft-portogallo","10":"pa_kontinent-europa","11":"lce-checkout-addons-imballaggio-invernale","13":"first","14":"outofstock","15":"taxable","16":"shipping-taxable","17":"purchasable","18":"product-type-simple"},"acf":[],"yoast_head":"<!-- This site is optimized with the Yoast SEO plugin v27.3 - https:\/\/yoast.com\/product\/yoast-seo-wordpress\/ -->\n<title>Porcellio echinatus - Insektenliebe<\/title>\n<meta name=\"description\" content=\"Acquista online il Porcellio echinatus. Una specie di Assle molto spinosa che puoi acquistare qui direttamente dall&#039;allevatore!\" \/>\n<meta name=\"robots\" content=\"index, follow, max-snippet:-1, max-image-preview:large, max-video-preview:-1\" \/>\n<link rel=\"canonical\" href=\"https:\/\/insektenliebe.com\/it\/shop\/prodotto\/porcellio-echinatus\/\" \/>\n<meta property=\"og:locale\" content=\"it_IT\" \/>\n<meta property=\"og:type\" content=\"article\" \/>\n<meta property=\"og:title\" content=\"Porcellio echinatus - Insektenliebe\" \/>\n<meta property=\"og:description\" content=\"Acquista online il Porcellio echinatus. Una specie di Assle molto spinosa che puoi acquistare qui direttamente dall&#039;allevatore!\" \/>\n<meta property=\"og:url\" content=\"https:\/\/insektenliebe.com\/it\/shop\/prodotto\/porcellio-echinatus\/\" \/>\n<meta property=\"og:site_name\" content=\"Insektenliebe\" \/>\n<meta property=\"og:image\" content=\"https:\/\/insektenliebe.com\/wp-content\/uploads\/2025\/05\/Porcellio-echinatus-2.jpg\" \/>\n\t<meta property=\"og:image:width\" content=\"820\" \/>\n\t<meta property=\"og:image:height\" content=\"820\" \/>\n\t<meta property=\"og:image:type\" content=\"image\/jpeg\" \/>\n<meta name=\"twitter:card\" content=\"summary_large_image\" \/>\n<meta name=\"twitter:label1\" content=\"Tempo di lettura stimato\" \/>\n\t<meta name=\"twitter:data1\" content=\"2 minuto\" \/>\n<script type=\"application\/ld+json\" class=\"yoast-schema-graph\">{\"@context\":\"https:\\\/\\\/schema.org\",\"@graph\":[{\"@type\":\"WebPage\",\"@id\":\"https:\\\/\\\/insektenliebe.com\\\/it\\\/shop\\\/prodotto\\\/porcellio-echinatus\\\/\",\"url\":\"https:\\\/\\\/insektenliebe.com\\\/it\\\/shop\\\/prodotto\\\/porcellio-echinatus\\\/\",\"name\":\"Porcellio echinatus - Insektenliebe\",\"isPartOf\":{\"@id\":\"https:\\\/\\\/insektenliebe.com\\\/it\\\/#website\"},\"primaryImageOfPage\":{\"@id\":\"https:\\\/\\\/insektenliebe.com\\\/it\\\/shop\\\/prodotto\\\/porcellio-echinatus\\\/#primaryimage\"},\"image\":{\"@id\":\"https:\\\/\\\/insektenliebe.com\\\/it\\\/shop\\\/prodotto\\\/porcellio-echinatus\\\/#primaryimage\"},\"thumbnailUrl\":\"https:\\\/\\\/insektenliebe.com\\\/wp-content\\\/uploads\\\/2025\\\/05\\\/Porcellio-echinatus-2.jpg\",\"datePublished\":\"2020-11-20T13:31:00+00:00\",\"description\":\"Acquista online il Porcellio echinatus. Una specie di Assle molto spinosa che puoi acquistare qui direttamente dall'allevatore!\",\"breadcrumb\":{\"@id\":\"https:\\\/\\\/insektenliebe.com\\\/it\\\/shop\\\/prodotto\\\/porcellio-echinatus\\\/#breadcrumb\"},\"inLanguage\":\"it-IT\",\"potentialAction\":[{\"@type\":\"ReadAction\",\"target\":[\"https:\\\/\\\/insektenliebe.com\\\/it\\\/shop\\\/prodotto\\\/porcellio-echinatus\\\/\"]}]},{\"@type\":\"ImageObject\",\"inLanguage\":\"it-IT\",\"@id\":\"https:\\\/\\\/insektenliebe.com\\\/it\\\/shop\\\/prodotto\\\/porcellio-echinatus\\\/#primaryimage\",\"url\":\"https:\\\/\\\/insektenliebe.com\\\/wp-content\\\/uploads\\\/2025\\\/05\\\/Porcellio-echinatus-2.jpg\",\"contentUrl\":\"https:\\\/\\\/insektenliebe.com\\\/wp-content\\\/uploads\\\/2025\\\/05\\\/Porcellio-echinatus-2.jpg\",\"width\":820,\"height\":820,\"caption\":\"Porcellio-echinatus-2.jpg\"},{\"@type\":\"BreadcrumbList\",\"@id\":\"https:\\\/\\\/insektenliebe.com\\\/it\\\/shop\\\/prodotto\\\/porcellio-echinatus\\\/#breadcrumb\",\"itemListElement\":[{\"@type\":\"ListItem\",\"position\":1,\"name\":\"Startseite\",\"item\":\"https:\\\/\\\/insektenliebe.com\\\/it\\\/\"},{\"@type\":\"ListItem\",\"position\":2,\"name\":\"Negozio\",\"item\":\"https:\\\/\\\/insektenliebe.com\\\/it\\\/negozio\\\/\"},{\"@type\":\"ListItem\",\"position\":3,\"name\":\"Porcellio echinatus\"}]},{\"@type\":\"WebSite\",\"@id\":\"https:\\\/\\\/insektenliebe.com\\\/it\\\/#website\",\"url\":\"https:\\\/\\\/insektenliebe.com\\\/it\\\/\",\"name\":\"Insektenliebe\",\"description\":\"Dein Zuhause f\u00fcr die kleinen Lebewesen\",\"publisher\":{\"@id\":\"https:\\\/\\\/insektenliebe.com\\\/it\\\/#organization\"},\"potentialAction\":[{\"@type\":\"SearchAction\",\"target\":{\"@type\":\"EntryPoint\",\"urlTemplate\":\"https:\\\/\\\/insektenliebe.com\\\/it\\\/?s={search_term_string}\"},\"query-input\":{\"@type\":\"PropertyValueSpecification\",\"valueRequired\":true,\"valueName\":\"search_term_string\"}}],\"inLanguage\":\"it-IT\"},{\"@type\":\"Organization\",\"@id\":\"https:\\\/\\\/insektenliebe.com\\\/it\\\/#organization\",\"name\":\"Insektenliebe\",\"url\":\"https:\\\/\\\/insektenliebe.com\\\/it\\\/\",\"logo\":{\"@type\":\"ImageObject\",\"inLanguage\":\"it-IT\",\"@id\":\"https:\\\/\\\/insektenliebe.com\\\/it\\\/#\\\/schema\\\/logo\\\/image\\\/\",\"url\":\"https:\\\/\\\/insektenliebe.com\\\/wp-content\\\/uploads\\\/2025\\\/03\\\/logo-white.png\",\"contentUrl\":\"https:\\\/\\\/insektenliebe.com\\\/wp-content\\\/uploads\\\/2025\\\/03\\\/logo-white.png\",\"width\":288,\"height\":188,\"caption\":\"Insektenliebe\"},\"image\":{\"@id\":\"https:\\\/\\\/insektenliebe.com\\\/it\\\/#\\\/schema\\\/logo\\\/image\\\/\"}}]}<\/script>\n<!-- \/ Yoast SEO plugin. -->","yoast_head_json":{"title":"Porcellio echinatus - Insektenliebe","description":"Acquista online il Porcellio echinatus. Una specie di Assle molto spinosa che puoi acquistare qui direttamente dall'allevatore!","robots":{"index":"index","follow":"follow","max-snippet":"max-snippet:-1","max-image-preview":"max-image-preview:large","max-video-preview":"max-video-preview:-1"},"canonical":"https:\/\/insektenliebe.com\/it\/shop\/prodotto\/porcellio-echinatus\/","og_locale":"it_IT","og_type":"article","og_title":"Porcellio echinatus - Insektenliebe","og_description":"Acquista online il Porcellio echinatus. Una specie di Assle molto spinosa che puoi acquistare qui direttamente dall'allevatore!","og_url":"https:\/\/insektenliebe.com\/it\/shop\/prodotto\/porcellio-echinatus\/","og_site_name":"Insektenliebe","og_image":[{"width":820,"height":820,"url":"https:\/\/insektenliebe.com\/wp-content\/uploads\/2025\/05\/Porcellio-echinatus-2.jpg","type":"image\/jpeg"}],"twitter_card":"summary_large_image","twitter_misc":{"Tempo di lettura stimato":"2 minuto"},"schema":{"@context":"https:\/\/schema.org","@graph":[{"@type":"WebPage","@id":"https:\/\/insektenliebe.com\/it\/shop\/prodotto\/porcellio-echinatus\/","url":"https:\/\/insektenliebe.com\/it\/shop\/prodotto\/porcellio-echinatus\/","name":"Porcellio echinatus - Insektenliebe","isPartOf":{"@id":"https:\/\/insektenliebe.com\/it\/#website"},"primaryImageOfPage":{"@id":"https:\/\/insektenliebe.com\/it\/shop\/prodotto\/porcellio-echinatus\/#primaryimage"},"image":{"@id":"https:\/\/insektenliebe.com\/it\/shop\/prodotto\/porcellio-echinatus\/#primaryimage"},"thumbnailUrl":"https:\/\/insektenliebe.com\/wp-content\/uploads\/2025\/05\/Porcellio-echinatus-2.jpg","datePublished":"2020-11-20T13:31:00+00:00","description":"Acquista online il Porcellio echinatus. Una specie di Assle molto spinosa che puoi acquistare qui direttamente dall'allevatore!","breadcrumb":{"@id":"https:\/\/insektenliebe.com\/it\/shop\/prodotto\/porcellio-echinatus\/#breadcrumb"},"inLanguage":"it-IT","potentialAction":[{"@type":"ReadAction","target":["https:\/\/insektenliebe.com\/it\/shop\/prodotto\/porcellio-echinatus\/"]}]},{"@type":"ImageObject","inLanguage":"it-IT","@id":"https:\/\/insektenliebe.com\/it\/shop\/prodotto\/porcellio-echinatus\/#primaryimage","url":"https:\/\/insektenliebe.com\/wp-content\/uploads\/2025\/05\/Porcellio-echinatus-2.jpg","contentUrl":"https:\/\/insektenliebe.com\/wp-content\/uploads\/2025\/05\/Porcellio-echinatus-2.jpg","width":820,"height":820,"caption":"Porcellio-echinatus-2.jpg"},{"@type":"BreadcrumbList","@id":"https:\/\/insektenliebe.com\/it\/shop\/prodotto\/porcellio-echinatus\/#breadcrumb","itemListElement":[{"@type":"ListItem","position":1,"name":"Startseite","item":"https:\/\/insektenliebe.com\/it\/"},{"@type":"ListItem","position":2,"name":"Negozio","item":"https:\/\/insektenliebe.com\/it\/negozio\/"},{"@type":"ListItem","position":3,"name":"Porcellio echinatus"}]},{"@type":"WebSite","@id":"https:\/\/insektenliebe.com\/it\/#website","url":"https:\/\/insektenliebe.com\/it\/","name":"Insektenliebe","description":"Dein Zuhause f\u00fcr die kleinen Lebewesen","publisher":{"@id":"https:\/\/insektenliebe.com\/it\/#organization"},"potentialAction":[{"@type":"SearchAction","target":{"@type":"EntryPoint","urlTemplate":"https:\/\/insektenliebe.com\/it\/?s={search_term_string}"},"query-input":{"@type":"PropertyValueSpecification","valueRequired":true,"valueName":"search_term_string"}}],"inLanguage":"it-IT"},{"@type":"Organization","@id":"https:\/\/insektenliebe.com\/it\/#organization","name":"Insektenliebe","url":"https:\/\/insektenliebe.com\/it\/","logo":{"@type":"ImageObject","inLanguage":"it-IT","@id":"https:\/\/insektenliebe.com\/it\/#\/schema\/logo\/image\/","url":"https:\/\/insektenliebe.com\/wp-content\/uploads\/2025\/03\/logo-white.png","contentUrl":"https:\/\/insektenliebe.com\/wp-content\/uploads\/2025\/03\/logo-white.png","width":288,"height":188,"caption":"Insektenliebe"},"image":{"@id":"https:\/\/insektenliebe.com\/it\/#\/schema\/logo\/image\/"}}]}},"_links":{"self":[{"href":"https:\/\/insektenliebe.com\/it\/wp-json\/wp\/v2\/product\/190238","targetHints":{"allow":["GET"]}}],"collection":[{"href":"https:\/\/insektenliebe.com\/it\/wp-json\/wp\/v2\/product"}],"about":[{"href":"https:\/\/insektenliebe.com\/it\/wp-json\/wp\/v2\/types\/product"}],"wp:featuredmedia":[{"embeddable":true,"href":"https:\/\/insektenliebe.com\/it\/wp-json\/wp\/v2\/media\/190239"}],"wp:attachment":[{"href":"https:\/\/insektenliebe.com\/it\/wp-json\/wp\/v2\/media?parent=190238"}],"wp:term":[{"taxonomy":"product-supplier","embeddable":true,"href":"https:\/\/insektenliebe.com\/it\/wp-json\/wp\/v2\/product-supplier?post=190238"},{"taxonomy":"product_brand","embeddable":true,"href":"https:\/\/insektenliebe.com\/it\/wp-json\/wp\/v2\/product_brand?post=190238"},{"taxonomy":"product_cat","embeddable":true,"href":"https:\/\/insektenliebe.com\/it\/wp-json\/wp\/v2\/product_cat?post=190238"},{"taxonomy":"product_tag","embeddable":true,"href":"https:\/\/insektenliebe.com\/it\/wp-json\/wp\/v2\/product_tag?post=190238"},{"taxonomy":"lce-checkout-addons","embeddable":true,"href":"https:\/\/insektenliebe.com\/it\/wp-json\/wp\/v2\/lce-checkout-addons?post=190238"}],"curies":[{"name":"wp","href":"https:\/\/api.w.org\/{rel}","templated":true}]}}