{"id":190179,"date":"2022-09-08T12:10:53","date_gmt":"2022-09-08T10:10:53","guid":{"rendered":"https:\/\/insektenliebe.com\/shop\/produkt\/lattina-braplast-con-doppia-ventilazione-impilabile\/"},"modified":"2026-03-06T09:54:44","modified_gmt":"2026-03-06T08:54:44","slug":"lattina-braplast-con-doppia-ventilazione-impilabile","status":"publish","type":"product","link":"https:\/\/insektenliebe.com\/it\/shop\/prodotto\/lattina-braplast-con-doppia-ventilazione-impilabile\/","title":{"rendered":"Lattina BraPlast con doppia ventilazione (impilabile)"},"content":{"rendered":"<h3><span class=\"s1\" style=\"color: #99cc33;\">Scatola BraPlast con doppia ventilazione - Scatola impilabile per invertebrati<\/span><\/h3>\n<p class=\"p1\"><span class=\"s1\">Il <strong>barattolo BraPlast con doppia ventilazione (impilabile)<\/strong><\/span><span class=\"s1\">  \u00e8 un contenitore particolarmente pratico per molti animali invertebrati da terrario. Combina un design stabile con una ventilazione ben studiata e per questo \u00e8 ideale per i   <\/span><span class=\"s2\">Allevamento, detenzione e trasporto di piccoli animali<\/span><span class=\"s1\">.<\/span><\/p>\n<p class=\"p1\"><span class=\"s1\">A differenza delle classiche lattine BraPlast, questo modello \u00e8 dotato di una garza di ventilazione saldata <\/span><span class=\"s2\">garza di ventilazione saldata sulla parte anteriore e posteriore<\/span><span class=\"s1\">. In questo modo la circolazione dell&#8217;aria all&#8217;interno del barattolo \u00e8 notevolmente migliorata. L&#8217;aria fresca pu\u00f2 entrare continuamente, mentre l&#8217;aria viziata esce allo stesso tempo. Di conseguenza, il substrato si asciuga pi\u00f9 velocemente e il clima rimane stabile.  <\/span><\/p>\n<p class=\"p1\"><span class=\"s1\">Soprattutto le specie che <\/span><span class=\"s2\">hanno bisogno di pi\u00f9 aria fresca<\/span><span class=\"s1\">beneficiano di questo design. Allo stesso tempo, il miglioramento del movimento dell&#8217;aria riduce il rischio di ristagno dell&#8217;aria o di eccessiva umidit\u00e0 nel contenitore. <\/span><\/p>\n<p class=\"p1\"><span class=\"s1\">Un altro grande vantaggio \u00e8 la <\/span><span class=\"s2\">posizione della ventilazione<\/span><span class=\"s1\">. Poich\u00e9 la garza di ventilazione non si trova nel coperchio ma sui lati, i barattoli possono essere aperti e chiusi facilmente.  <\/span><span class=\"s2\">pila<\/span><span class=\"s1\">. Questo ti permette di ospitare molti animali in uno spazio ridotto senza limitare l&#8217;afflusso d&#8217;aria. Si tratta di un enorme risparmio di spazio, soprattutto per gli allevatori o i detentori di molti animali. <\/span><\/p>\n<p class=\"p1\"><span class=\"s1\">Il <\/span><span class=\"s2\">Il coperchio si chiude in modo sicuro e affidabile<\/span><span class=\"s1\">in modo che i tuoi animali rimangano al sicuro nel contenitore. Allo stesso tempo, la garza a maglie fini impedisce che i piccoli animali da cibo come   <\/span><span class=\"s2\">Mosche della frutta Drosophila<\/span><span class=\"s1\">  pu\u00f2 sfuggire. In questo modo il barattolo rimane affidabile   <\/span><span class=\"s2\">drosophila-safe<\/span><span class=\"s1\">.<\/span><\/p>\n<p class=\"p1\"><span class=\"s1\">La scatola \u00e8 realizzata in <\/span><span class=\"s2\">plastica trasparente<\/span><span class=\"s1\">Questo significa che puoi tenere d&#8217;occhio i tuoi animali in ogni momento. Allo stesso tempo, non dovrai aprire il contenitore cos\u00ec spesso, evitando cos\u00ec di stressare inutilmente gli animali. <\/span><\/p>\n<p class=\"p1\"><span class=\"s1\">La <strong>scatola BraPlast con doppia ventilazione (impilabile)<\/strong> \u00e8 ideale per conservare <\/span><span class=\"s2\">tarantole, mantidi, scorpioni e altri piccoli invertebrati<\/span><span class=\"s1\">. \u00c8 anche molto adatto per gli animali giovani o come contenitore per la quarantena.<\/span><\/p>\n<p class=\"p1\"><span class=\"s1\">Grazie alla sua sofisticata ventilazione, al design impilabile e alla facilit\u00e0 di utilizzo, la <strong>cassetta BraPlast con doppia ventilazione (impilabile)<\/strong><\/span><span class=\"s1\"> \u00e8 una soluzione eccellente per tutti gli allevatori di terrari che vogliono tenere un gran numero di animali in un ambiente ben ventilato e poco ingombrante.<\/span><\/p>\n<p><strong>Nota:<\/strong><br data-start=\"84\" data-end=\"87\"><strong>Tieni presente che il design della ventilazione \u00e8 cambiato. I nuovi barattoli hanno bocchette quadrate. A seconda delle scorte, potresti ricevere barattoli con bocchette rotonde o quadrate.  <\/strong><\/p>\n<p>&nbsp;<\/p>\n<p><strong>Versioni della lattina BraPlast con doppia ventilazione (impilabili):<\/strong><\/p>\n<p>Capacit\u00e0: 5,8 litri<br \/>\nDimensioni: 19,5 cm x 19,5 cm x 19,0 cm<\/p>\n<p>Capacit\u00e0: 4,0 litri<br \/>\nDimensioni: 19,5 cm x 19,5 cm x 15,0 cm<\/p>\n<p>Capacit\u00e0: 3,0 litri<br \/>\nDimensioni: 19,5 cm x 19,5 cm x 11,5 cm<\/p>\n","protected":false},"excerpt":{"rendered":"<p>L&#8217;ingegnoso barattolo BraPlast con doppia ventilazione, ora anche impilabile!<\/p>\n","protected":false},"featured_media":190181,"template":"","meta":{"_acf_changed":false},"product-supplier":[],"product_brand":[],"product_cat":[2760],"product_tag":[],"lce-checkout-addons":[],"class_list":{"0":"post-190179","1":"product","2":"type-product","3":"status-publish","4":"has-post-thumbnail","6":"product_cat-terrari-e-contenitori","7":"product_shipping_class-equipment-shipping","9":"first","10":"instock","11":"taxable","12":"shipping-taxable","13":"purchasable","14":"product-type-variable"},"acf":[],"yoast_head":"<!-- This site is optimized with the Yoast SEO plugin v27.3 - https:\/\/yoast.com\/product\/yoast-seo-wordpress\/ -->\n<title>Lattina BraPlast con doppia ventilazione (impilabile) - Insektenliebe<\/title>\n<meta name=\"description\" content=\"Scatola BraPlast con doppia ventilazione - scatola impilabile per tarantole, ragni saltatori e altri invertebrati. Sicura per le drosofile.\" \/>\n<meta name=\"robots\" content=\"index, follow, max-snippet:-1, max-image-preview:large, max-video-preview:-1\" \/>\n<link rel=\"canonical\" href=\"https:\/\/insektenliebe.com\/it\/shop\/prodotto\/lattina-braplast-con-doppia-ventilazione-impilabile\/\" \/>\n<meta property=\"og:locale\" content=\"it_IT\" \/>\n<meta property=\"og:type\" content=\"article\" \/>\n<meta property=\"og:title\" content=\"Lattina BraPlast con doppia ventilazione (impilabile) - Insektenliebe\" \/>\n<meta property=\"og:description\" content=\"Scatola BraPlast con doppia ventilazione - scatola impilabile per tarantole, ragni saltatori e altri invertebrati. Sicura per le drosofile.\" \/>\n<meta property=\"og:url\" content=\"https:\/\/insektenliebe.com\/it\/shop\/prodotto\/lattina-braplast-con-doppia-ventilazione-impilabile\/\" \/>\n<meta property=\"og:site_name\" content=\"Insektenliebe\" \/>\n<meta property=\"article:modified_time\" content=\"2026-03-06T08:54:44+00:00\" \/>\n<meta property=\"og:image\" content=\"https:\/\/insektenliebe.com\/wp-content\/uploads\/2025\/05\/BraPlast-Dose-mit-Doppelbelueftung-stapelbar-58-Liter-2.jpg\" \/>\n\t<meta property=\"og:image:width\" content=\"1024\" \/>\n\t<meta property=\"og:image:height\" content=\"1024\" \/>\n\t<meta property=\"og:image:type\" content=\"image\/jpeg\" \/>\n<meta name=\"twitter:card\" content=\"summary_large_image\" \/>\n<meta name=\"twitter:label1\" content=\"Tempo di lettura stimato\" \/>\n\t<meta name=\"twitter:data1\" content=\"2 minuto\" \/>\n<script type=\"application\/ld+json\" class=\"yoast-schema-graph\">{\"@context\":\"https:\\\/\\\/schema.org\",\"@graph\":[{\"@type\":\"WebPage\",\"@id\":\"https:\\\/\\\/insektenliebe.com\\\/it\\\/shop\\\/prodotto\\\/lattina-braplast-con-doppia-ventilazione-impilabile\\\/\",\"url\":\"https:\\\/\\\/insektenliebe.com\\\/it\\\/shop\\\/prodotto\\\/lattina-braplast-con-doppia-ventilazione-impilabile\\\/\",\"name\":\"Lattina BraPlast con doppia ventilazione (impilabile) - Insektenliebe\",\"isPartOf\":{\"@id\":\"https:\\\/\\\/insektenliebe.com\\\/it\\\/#website\"},\"primaryImageOfPage\":{\"@id\":\"https:\\\/\\\/insektenliebe.com\\\/it\\\/shop\\\/prodotto\\\/lattina-braplast-con-doppia-ventilazione-impilabile\\\/#primaryimage\"},\"image\":{\"@id\":\"https:\\\/\\\/insektenliebe.com\\\/it\\\/shop\\\/prodotto\\\/lattina-braplast-con-doppia-ventilazione-impilabile\\\/#primaryimage\"},\"thumbnailUrl\":\"https:\\\/\\\/insektenliebe.com\\\/wp-content\\\/uploads\\\/2025\\\/05\\\/BraPlast-Dose-mit-Doppelbelueftung-stapelbar-58-Liter-2.jpg\",\"datePublished\":\"2022-09-08T10:10:53+00:00\",\"dateModified\":\"2026-03-06T08:54:44+00:00\",\"description\":\"Scatola BraPlast con doppia ventilazione - scatola impilabile per tarantole, ragni saltatori e altri invertebrati. Sicura per le drosofile.\",\"breadcrumb\":{\"@id\":\"https:\\\/\\\/insektenliebe.com\\\/it\\\/shop\\\/prodotto\\\/lattina-braplast-con-doppia-ventilazione-impilabile\\\/#breadcrumb\"},\"inLanguage\":\"it-IT\",\"potentialAction\":[{\"@type\":\"ReadAction\",\"target\":[\"https:\\\/\\\/insektenliebe.com\\\/it\\\/shop\\\/prodotto\\\/lattina-braplast-con-doppia-ventilazione-impilabile\\\/\"]}]},{\"@type\":\"ImageObject\",\"inLanguage\":\"it-IT\",\"@id\":\"https:\\\/\\\/insektenliebe.com\\\/it\\\/shop\\\/prodotto\\\/lattina-braplast-con-doppia-ventilazione-impilabile\\\/#primaryimage\",\"url\":\"https:\\\/\\\/insektenliebe.com\\\/wp-content\\\/uploads\\\/2025\\\/05\\\/BraPlast-Dose-mit-Doppelbelueftung-stapelbar-58-Liter-2.jpg\",\"contentUrl\":\"https:\\\/\\\/insektenliebe.com\\\/wp-content\\\/uploads\\\/2025\\\/05\\\/BraPlast-Dose-mit-Doppelbelueftung-stapelbar-58-Liter-2.jpg\",\"width\":1024,\"height\":1024,\"caption\":\"BraPlast-lattina-con-doppia-ventilazione-impilabile-58-litri-2.jpg\"},{\"@type\":\"BreadcrumbList\",\"@id\":\"https:\\\/\\\/insektenliebe.com\\\/it\\\/shop\\\/prodotto\\\/lattina-braplast-con-doppia-ventilazione-impilabile\\\/#breadcrumb\",\"itemListElement\":[{\"@type\":\"ListItem\",\"position\":1,\"name\":\"Startseite\",\"item\":\"https:\\\/\\\/insektenliebe.com\\\/it\\\/\"},{\"@type\":\"ListItem\",\"position\":2,\"name\":\"Negozio\",\"item\":\"https:\\\/\\\/insektenliebe.com\\\/it\\\/negozio\\\/\"},{\"@type\":\"ListItem\",\"position\":3,\"name\":\"Lattina BraPlast con doppia ventilazione (impilabile)\"}]},{\"@type\":\"WebSite\",\"@id\":\"https:\\\/\\\/insektenliebe.com\\\/it\\\/#website\",\"url\":\"https:\\\/\\\/insektenliebe.com\\\/it\\\/\",\"name\":\"Insektenliebe\",\"description\":\"Dein Zuhause f\u00fcr die kleinen Lebewesen\",\"publisher\":{\"@id\":\"https:\\\/\\\/insektenliebe.com\\\/it\\\/#organization\"},\"potentialAction\":[{\"@type\":\"SearchAction\",\"target\":{\"@type\":\"EntryPoint\",\"urlTemplate\":\"https:\\\/\\\/insektenliebe.com\\\/it\\\/?s={search_term_string}\"},\"query-input\":{\"@type\":\"PropertyValueSpecification\",\"valueRequired\":true,\"valueName\":\"search_term_string\"}}],\"inLanguage\":\"it-IT\"},{\"@type\":\"Organization\",\"@id\":\"https:\\\/\\\/insektenliebe.com\\\/it\\\/#organization\",\"name\":\"Insektenliebe\",\"url\":\"https:\\\/\\\/insektenliebe.com\\\/it\\\/\",\"logo\":{\"@type\":\"ImageObject\",\"inLanguage\":\"it-IT\",\"@id\":\"https:\\\/\\\/insektenliebe.com\\\/it\\\/#\\\/schema\\\/logo\\\/image\\\/\",\"url\":\"https:\\\/\\\/insektenliebe.com\\\/wp-content\\\/uploads\\\/2025\\\/03\\\/logo-white.png\",\"contentUrl\":\"https:\\\/\\\/insektenliebe.com\\\/wp-content\\\/uploads\\\/2025\\\/03\\\/logo-white.png\",\"width\":288,\"height\":188,\"caption\":\"Insektenliebe\"},\"image\":{\"@id\":\"https:\\\/\\\/insektenliebe.com\\\/it\\\/#\\\/schema\\\/logo\\\/image\\\/\"}}]}<\/script>\n<!-- \/ Yoast SEO plugin. -->","yoast_head_json":{"title":"Lattina BraPlast con doppia ventilazione (impilabile) - Insektenliebe","description":"Scatola BraPlast con doppia ventilazione - scatola impilabile per tarantole, ragni saltatori e altri invertebrati. Sicura per le drosofile.","robots":{"index":"index","follow":"follow","max-snippet":"max-snippet:-1","max-image-preview":"max-image-preview:large","max-video-preview":"max-video-preview:-1"},"canonical":"https:\/\/insektenliebe.com\/it\/shop\/prodotto\/lattina-braplast-con-doppia-ventilazione-impilabile\/","og_locale":"it_IT","og_type":"article","og_title":"Lattina BraPlast con doppia ventilazione (impilabile) - Insektenliebe","og_description":"Scatola BraPlast con doppia ventilazione - scatola impilabile per tarantole, ragni saltatori e altri invertebrati. Sicura per le drosofile.","og_url":"https:\/\/insektenliebe.com\/it\/shop\/prodotto\/lattina-braplast-con-doppia-ventilazione-impilabile\/","og_site_name":"Insektenliebe","article_modified_time":"2026-03-06T08:54:44+00:00","og_image":[{"width":1024,"height":1024,"url":"https:\/\/insektenliebe.com\/wp-content\/uploads\/2025\/05\/BraPlast-Dose-mit-Doppelbelueftung-stapelbar-58-Liter-2.jpg","type":"image\/jpeg"}],"twitter_card":"summary_large_image","twitter_misc":{"Tempo di lettura stimato":"2 minuto"},"schema":{"@context":"https:\/\/schema.org","@graph":[{"@type":"WebPage","@id":"https:\/\/insektenliebe.com\/it\/shop\/prodotto\/lattina-braplast-con-doppia-ventilazione-impilabile\/","url":"https:\/\/insektenliebe.com\/it\/shop\/prodotto\/lattina-braplast-con-doppia-ventilazione-impilabile\/","name":"Lattina BraPlast con doppia ventilazione (impilabile) - Insektenliebe","isPartOf":{"@id":"https:\/\/insektenliebe.com\/it\/#website"},"primaryImageOfPage":{"@id":"https:\/\/insektenliebe.com\/it\/shop\/prodotto\/lattina-braplast-con-doppia-ventilazione-impilabile\/#primaryimage"},"image":{"@id":"https:\/\/insektenliebe.com\/it\/shop\/prodotto\/lattina-braplast-con-doppia-ventilazione-impilabile\/#primaryimage"},"thumbnailUrl":"https:\/\/insektenliebe.com\/wp-content\/uploads\/2025\/05\/BraPlast-Dose-mit-Doppelbelueftung-stapelbar-58-Liter-2.jpg","datePublished":"2022-09-08T10:10:53+00:00","dateModified":"2026-03-06T08:54:44+00:00","description":"Scatola BraPlast con doppia ventilazione - scatola impilabile per tarantole, ragni saltatori e altri invertebrati. Sicura per le drosofile.","breadcrumb":{"@id":"https:\/\/insektenliebe.com\/it\/shop\/prodotto\/lattina-braplast-con-doppia-ventilazione-impilabile\/#breadcrumb"},"inLanguage":"it-IT","potentialAction":[{"@type":"ReadAction","target":["https:\/\/insektenliebe.com\/it\/shop\/prodotto\/lattina-braplast-con-doppia-ventilazione-impilabile\/"]}]},{"@type":"ImageObject","inLanguage":"it-IT","@id":"https:\/\/insektenliebe.com\/it\/shop\/prodotto\/lattina-braplast-con-doppia-ventilazione-impilabile\/#primaryimage","url":"https:\/\/insektenliebe.com\/wp-content\/uploads\/2025\/05\/BraPlast-Dose-mit-Doppelbelueftung-stapelbar-58-Liter-2.jpg","contentUrl":"https:\/\/insektenliebe.com\/wp-content\/uploads\/2025\/05\/BraPlast-Dose-mit-Doppelbelueftung-stapelbar-58-Liter-2.jpg","width":1024,"height":1024,"caption":"BraPlast-lattina-con-doppia-ventilazione-impilabile-58-litri-2.jpg"},{"@type":"BreadcrumbList","@id":"https:\/\/insektenliebe.com\/it\/shop\/prodotto\/lattina-braplast-con-doppia-ventilazione-impilabile\/#breadcrumb","itemListElement":[{"@type":"ListItem","position":1,"name":"Startseite","item":"https:\/\/insektenliebe.com\/it\/"},{"@type":"ListItem","position":2,"name":"Negozio","item":"https:\/\/insektenliebe.com\/it\/negozio\/"},{"@type":"ListItem","position":3,"name":"Lattina BraPlast con doppia ventilazione (impilabile)"}]},{"@type":"WebSite","@id":"https:\/\/insektenliebe.com\/it\/#website","url":"https:\/\/insektenliebe.com\/it\/","name":"Insektenliebe","description":"Dein Zuhause f\u00fcr die kleinen Lebewesen","publisher":{"@id":"https:\/\/insektenliebe.com\/it\/#organization"},"potentialAction":[{"@type":"SearchAction","target":{"@type":"EntryPoint","urlTemplate":"https:\/\/insektenliebe.com\/it\/?s={search_term_string}"},"query-input":{"@type":"PropertyValueSpecification","valueRequired":true,"valueName":"search_term_string"}}],"inLanguage":"it-IT"},{"@type":"Organization","@id":"https:\/\/insektenliebe.com\/it\/#organization","name":"Insektenliebe","url":"https:\/\/insektenliebe.com\/it\/","logo":{"@type":"ImageObject","inLanguage":"it-IT","@id":"https:\/\/insektenliebe.com\/it\/#\/schema\/logo\/image\/","url":"https:\/\/insektenliebe.com\/wp-content\/uploads\/2025\/03\/logo-white.png","contentUrl":"https:\/\/insektenliebe.com\/wp-content\/uploads\/2025\/03\/logo-white.png","width":288,"height":188,"caption":"Insektenliebe"},"image":{"@id":"https:\/\/insektenliebe.com\/it\/#\/schema\/logo\/image\/"}}]}},"_links":{"self":[{"href":"https:\/\/insektenliebe.com\/it\/wp-json\/wp\/v2\/product\/190179","targetHints":{"allow":["GET"]}}],"collection":[{"href":"https:\/\/insektenliebe.com\/it\/wp-json\/wp\/v2\/product"}],"about":[{"href":"https:\/\/insektenliebe.com\/it\/wp-json\/wp\/v2\/types\/product"}],"wp:featuredmedia":[{"embeddable":true,"href":"https:\/\/insektenliebe.com\/it\/wp-json\/wp\/v2\/media\/190181"}],"wp:attachment":[{"href":"https:\/\/insektenliebe.com\/it\/wp-json\/wp\/v2\/media?parent=190179"}],"wp:term":[{"taxonomy":"product-supplier","embeddable":true,"href":"https:\/\/insektenliebe.com\/it\/wp-json\/wp\/v2\/product-supplier?post=190179"},{"taxonomy":"product_brand","embeddable":true,"href":"https:\/\/insektenliebe.com\/it\/wp-json\/wp\/v2\/product_brand?post=190179"},{"taxonomy":"product_cat","embeddable":true,"href":"https:\/\/insektenliebe.com\/it\/wp-json\/wp\/v2\/product_cat?post=190179"},{"taxonomy":"product_tag","embeddable":true,"href":"https:\/\/insektenliebe.com\/it\/wp-json\/wp\/v2\/product_tag?post=190179"},{"taxonomy":"lce-checkout-addons","embeddable":true,"href":"https:\/\/insektenliebe.com\/it\/wp-json\/wp\/v2\/lce-checkout-addons?post=190179"}],"curies":[{"name":"wp","href":"https:\/\/api.w.org\/{rel}","templated":true}]}}