{"id":190141,"date":"2022-08-13T14:14:41","date_gmt":"2022-08-13T12:14:41","guid":{"rendered":"https:\/\/insektenliebe.com\/shop\/produkt\/pamphobeteus-spec-machala\/"},"modified":"2026-03-17T20:01:09","modified_gmt":"2026-03-17T19:01:09","slug":"pamphobeteus-spec-machala","status":"publish","type":"product","link":"https:\/\/insektenliebe.com\/it\/shop\/prodotto\/pamphobeteus-spec-machala\/","title":{"rendered":"Pamphobeteus spec. \"Machala\""},"content":{"rendered":"<h3><span class=\"s1\" style=\"color: #99cc33;\">Pamphobeteus spec. \"Machala\" - cambiamento di colore da giovane a gigante <\/span><\/h3>\n<p class=\"p1\"><strong><span class=\"s1\">Pamphobeteus spec. \"Machala\" <\/span><\/strong> <span class=\"s2\"> \u00e8 una delle tarantole pi\u00f9 interessanti in assoluto, perch\u00e9 quasi nessun&#8217;altra specie mostra un cambiamento visivo cos\u00ec evidente nel corso della sua vita. <\/span><span class=\"s1\">un cambiamento visivo cos\u00ec evidente nel corso della sua vita<\/span><span class=\"s2\">. Questo \u00e8 ci\u00f2 che li rende cos\u00ec interessanti per molti terrariofili.<\/span><\/p>\n<p class=\"p1\"><span class=\"s2\">Come ragno giovane \u00e8 immediatamente riconoscibile per il suo <\/span><span class=\"s1\">addome nero-arancione con motivo a diamante<\/span><span class=\"s2\">  su. Tuttavia, questo motivo vistoso scompare con l&#8217;avanzare dell&#8217;et\u00e0. Allo stesso tempo, il ragno si sviluppa in modo completamente diverso a seconda del suo sesso. Mentre     <\/span><span class=\"s1\">Le femmine sono di corporatura robusta e di colore piuttosto marrone<\/span><span class=\"s2\"> sono di colore marrone, i maschi <\/span><span class=\"s1\">i maschi mostrano una spettacolare colorazione che va dal viola al porpora<\/span><span class=\"s2\">che risulta particolarmente suggestiva nel terrario.<\/span><\/p>\n<p class=\"p1\"><span class=\"s2\">Per tenere un animale adulto, si consiglia un terrario di almeno <\/span><span class=\"s1\">30 \u00d7 40 \u00d7 30 cm<\/span><span class=\"s2\">. Il  <\/span><span class=\"s1\">L&#8217;area della base \u00e8 pi\u00f9 importante dell&#8217;altezza<\/span><span class=\"s2\">Questa specie, infatti, difficilmente si arrampica, ma vive principalmente a terra. I giovani animali vengono inizialmente tenuti al sicuro in   <\/span><span class=\"s1\">lattine a prova di fuga<\/span><span class=\"s2\">prima del loro utilizzo da circa <\/span><span class=\"s1\">FH5<\/span><span class=\"s2\"> possono passare al terrario definitivo.<\/span><\/p>\n<p class=\"p1\"><strong><span class=\"s1\">Pamphobeteus spec. \"Machala\" <\/span><\/strong><span class=\"s2\">  ama scavare. Il terrario deve quindi avere un   <\/span><span class=\"s1\">Altezza del substrato di almeno 10 cm<\/span><span class=\"s2\">  offerta. Gli animali spesso fanno le loro tane sotto   <\/span><span class=\"s1\">corteccia di sughero o radici<\/span><span class=\"s2\"> che servono anche come decorazione.<\/span><\/p>\n<p class=\"p1\"><span class=\"s2\">Il substrato deve essere <\/span><span class=\"s1\">per met\u00e0 umido e per met\u00e0 asciutto<\/span><span class=\"s2\">  si terr\u00e0. Per fare ci\u00f2, si inumidisce solo un lato del terrario, creando cos\u00ec una  <\/span><span class=\"s1\">Umidit\u00e0 del 60-70% circa<\/span><span class=\"s2\">  risultati. Allo stesso tempo, le piante contribuiscono a creare un clima pi\u00f9 stabile,   <\/span><span class=\"s1\">Evita i ristagni d&#8217;acqua<\/span><span class=\"s2\">.<\/span><\/p>\n<p class=\"p1\"><span class=\"s2\">A <\/span><span class=\"s1\">ciotola per l&#8217;acqua<\/span><span class=\"s2\">  non deve mancare. Gli animali si abbeverano, ma spesso lo usano anche come   <\/span><span class=\"s1\">Spazio di stoccaggio per gli scarti o anche per i residui della scuoiatura<\/span><span class=\"s2\">. Questo comportamento \u00e8 del tutto normale e si verifica in molte tarantole che vivono al suolo.<\/span><\/p>\n<p class=\"p1\"><span class=\"s2\">Il ragno ha un comportamento tipico: <\/span><span class=\"s1\">Durante il giorno rimane solitamente nella sua tana.<\/span><span class=\"s2\">mentre diventa attivo la sera. Poi va alla ricerca di cibo o si rifornisce di acqua. Se l&#8217;animale \u00e8 costantemente irrequieto durante il giorno, vale la pena di controllare il    <\/span><span class=\"s1\">Verifica i parametri di allevamento<\/span><span class=\"s2\">.<\/span><\/p>\n<p class=\"p1\"><span class=\"s2\">L&#8217;alimentazione non \u00e8 complicata perch\u00e9  <\/span><strong><span class=\"s1\">Pamphobeteus spec. \"Machala\" <\/span><\/strong> <span class=\"s2\"> \u00e8 un <\/span><span class=\"s1\">mangiatore ingordo<\/span><span class=\"s2\">  e accetta il cibo in modo molto affidabile. Di conseguenza, cresce rapidamente e si trasforma in una tarantola grande e imponente. <\/span><\/p>\n<p class=\"p1\"><span class=\"s2\">A causa del loro <\/span><span class=\"s1\">rapido sviluppo<\/span><span class=\"s2\">il loro <\/span><span class=\"s1\">forte cambiamento di colore<\/span><span class=\"s2\"> e il loro <\/span><span class=\"s1\">comportamento interessante<\/span><span class=\"s2\"> \u00e8 <\/span> <strong><span class=\"s1\">Pamphobeteus spec. \"Machala\" <\/span><\/strong><span class=\"s2\">  una delle specie pi\u00f9 interessanti per i terrariofili e una vera e propria attrazione nel terrario delle tarantole.  <\/span><\/p>\n","protected":false},"excerpt":{"rendered":"<p>Pamphobeteus spec. \"Machala\" - cambiamento di colore da giovane a gigante Pamphobeteus spec. \"Machala\" \u00e8 una delle tarantole pi\u00f9 interessanti in assoluto, perch\u00e9 quasi nessun&#8217;altra specie mostra un cambiamento visivo cos\u00ec evidente nel corso della sua vita. un cambiamento visivo cos\u00ec evidente nel corso della sua vita. Questo \u00e8 ci\u00f2 che li rende cos\u00ec interessanti [&hellip;]<\/p>\n","protected":false},"featured_media":190143,"template":"","meta":{"_acf_changed":false},"product-supplier":[],"product_brand":[],"product_cat":[2809,3004],"product_tag":[],"lce-checkout-addons":[2746],"class_list":{"0":"post-190141","1":"product","2":"type-product","3":"status-publish","4":"has-post-thumbnail","6":"product_cat-ragni","7":"product_cat-tarantole","8":"product_shipping_class-spedizione-di-animali","9":"pa_geschlecht-donna","10":"pa_geschlecht-indeterminato","11":"pa_geschlecht-uomo","12":"pa_herkunft-ecuador","13":"pa_kontinent-sud-america","14":"lce-checkout-addons-imballaggio-invernale","16":"first","17":"instock","18":"taxable","19":"shipping-taxable","20":"purchasable","21":"product-type-variable"},"acf":[],"yoast_head":"<!-- This site is optimized with the Yoast SEO Premium plugin v26.8 (Yoast SEO v27.3) - https:\/\/yoast.com\/product\/yoast-seo-premium-wordpress\/ -->\n<title>Pamphobeteus spec. &quot;Machala&quot; - Insektenliebe<\/title>\n<meta name=\"description\" content=\"Pamphobeteus spec. &quot;Machala&quot; - tarantola di grandi dimensioni, a crescita rapida e con cambio di colore. Informazioni su allevamento, terrario, comportamento e cura.\" \/>\n<meta name=\"robots\" content=\"index, follow, max-snippet:-1, max-image-preview:large, max-video-preview:-1\" \/>\n<link rel=\"canonical\" href=\"https:\/\/insektenliebe.com\/it\/shop\/prodotto\/pamphobeteus-spec-machala\/\" \/>\n<meta property=\"og:locale\" content=\"it_IT\" \/>\n<meta property=\"og:type\" content=\"article\" \/>\n<meta property=\"og:title\" content=\"Pamphobeteus spec. &quot;Machala&quot;\" \/>\n<meta property=\"og:description\" content=\"Pamphobeteus spec. &quot;Machala&quot; - tarantola di grandi dimensioni, a crescita rapida e con cambio di colore. Informazioni su allevamento, terrario, comportamento e cura.\" \/>\n<meta property=\"og:url\" content=\"https:\/\/insektenliebe.com\/it\/shop\/prodotto\/pamphobeteus-spec-machala\/\" \/>\n<meta property=\"og:site_name\" content=\"Insektenliebe\" \/>\n<meta property=\"article:modified_time\" content=\"2026-03-17T19:01:09+00:00\" \/>\n<meta property=\"og:image\" content=\"https:\/\/insektenliebe.com\/wp-content\/uploads\/2025\/05\/Pamphobeteus-spec.-22Machala22-2.jpg\" \/>\n\t<meta property=\"og:image:width\" content=\"820\" \/>\n\t<meta property=\"og:image:height\" content=\"820\" \/>\n\t<meta property=\"og:image:type\" content=\"image\/jpeg\" \/>\n<meta name=\"twitter:card\" content=\"summary_large_image\" \/>\n<meta name=\"twitter:label1\" content=\"Disponibilit\u00e0\" \/>\n\t<meta name=\"twitter:data1\" content=\"In stock\" \/>\n<script type=\"application\/ld+json\" class=\"yoast-schema-graph\">{\"@context\":\"https:\\\/\\\/schema.org\",\"@graph\":[{\"@type\":\"WebPage\",\"@id\":\"https:\\\/\\\/insektenliebe.com\\\/it\\\/shop\\\/prodotto\\\/pamphobeteus-spec-machala\\\/\",\"url\":\"https:\\\/\\\/insektenliebe.com\\\/it\\\/shop\\\/prodotto\\\/pamphobeteus-spec-machala\\\/\",\"name\":\"Pamphobeteus spec. \\\"Machala\\\" - Insektenliebe\",\"isPartOf\":{\"@id\":\"https:\\\/\\\/insektenliebe.com\\\/it\\\/#website\"},\"primaryImageOfPage\":{\"@id\":\"https:\\\/\\\/insektenliebe.com\\\/it\\\/shop\\\/prodotto\\\/pamphobeteus-spec-machala\\\/#primaryimage\"},\"image\":{\"@id\":\"https:\\\/\\\/insektenliebe.com\\\/it\\\/shop\\\/prodotto\\\/pamphobeteus-spec-machala\\\/#primaryimage\"},\"thumbnailUrl\":\"https:\\\/\\\/insektenliebe.com\\\/wp-content\\\/uploads\\\/2025\\\/05\\\/Pamphobeteus-spec.-22Machala22-2.jpg\",\"datePublished\":\"2022-08-13T12:14:41+00:00\",\"dateModified\":\"2026-03-17T19:01:09+00:00\",\"description\":\"Pamphobeteus spec. \\\"Machala\\\" - tarantola di grandi dimensioni, a crescita rapida e con cambio di colore. Informazioni su allevamento, terrario, comportamento e cura.\",\"breadcrumb\":{\"@id\":\"https:\\\/\\\/insektenliebe.com\\\/it\\\/shop\\\/prodotto\\\/pamphobeteus-spec-machala\\\/#breadcrumb\"},\"inLanguage\":\"it-IT\",\"potentialAction\":[{\"@type\":\"ReadAction\",\"target\":[\"https:\\\/\\\/insektenliebe.com\\\/it\\\/shop\\\/prodotto\\\/pamphobeteus-spec-machala\\\/\"]}]},{\"@type\":\"ImageObject\",\"inLanguage\":\"it-IT\",\"@id\":\"https:\\\/\\\/insektenliebe.com\\\/it\\\/shop\\\/prodotto\\\/pamphobeteus-spec-machala\\\/#primaryimage\",\"url\":\"https:\\\/\\\/insektenliebe.com\\\/wp-content\\\/uploads\\\/2025\\\/05\\\/Pamphobeteus-spec.-22Machala22-2.jpg\",\"contentUrl\":\"https:\\\/\\\/insektenliebe.com\\\/wp-content\\\/uploads\\\/2025\\\/05\\\/Pamphobeteus-spec.-22Machala22-2.jpg\",\"width\":820,\"height\":820,\"caption\":\"Pamphobeteus-spec.-22Machala22-2.jpg\"},{\"@type\":\"BreadcrumbList\",\"@id\":\"https:\\\/\\\/insektenliebe.com\\\/it\\\/shop\\\/prodotto\\\/pamphobeteus-spec-machala\\\/#breadcrumb\",\"itemListElement\":[{\"@type\":\"ListItem\",\"position\":1,\"name\":\"Startseite\",\"item\":\"https:\\\/\\\/insektenliebe.com\\\/it\\\/\"},{\"@type\":\"ListItem\",\"position\":2,\"name\":\"Negozio\",\"item\":\"https:\\\/\\\/insektenliebe.com\\\/it\\\/negozio\\\/\"},{\"@type\":\"ListItem\",\"position\":3,\"name\":\"Pamphobeteus spec. \\\"Machala\\\"\"}]},{\"@type\":\"WebSite\",\"@id\":\"https:\\\/\\\/insektenliebe.com\\\/it\\\/#website\",\"url\":\"https:\\\/\\\/insektenliebe.com\\\/it\\\/\",\"name\":\"Insektenliebe\",\"description\":\"Dein Zuhause f\u00fcr die kleinen Lebewesen\",\"publisher\":{\"@id\":\"https:\\\/\\\/insektenliebe.com\\\/it\\\/#organization\"},\"potentialAction\":[{\"@type\":\"SearchAction\",\"target\":{\"@type\":\"EntryPoint\",\"urlTemplate\":\"https:\\\/\\\/insektenliebe.com\\\/it\\\/?s={search_term_string}\"},\"query-input\":{\"@type\":\"PropertyValueSpecification\",\"valueRequired\":true,\"valueName\":\"search_term_string\"}}],\"inLanguage\":\"it-IT\"},{\"@type\":\"Organization\",\"@id\":\"https:\\\/\\\/insektenliebe.com\\\/it\\\/#organization\",\"name\":\"Insektenliebe\",\"url\":\"https:\\\/\\\/insektenliebe.com\\\/it\\\/\",\"logo\":{\"@type\":\"ImageObject\",\"inLanguage\":\"it-IT\",\"@id\":\"https:\\\/\\\/insektenliebe.com\\\/it\\\/#\\\/schema\\\/logo\\\/image\\\/\",\"url\":\"https:\\\/\\\/insektenliebe.com\\\/wp-content\\\/uploads\\\/2025\\\/03\\\/logo-white.png\",\"contentUrl\":\"https:\\\/\\\/insektenliebe.com\\\/wp-content\\\/uploads\\\/2025\\\/03\\\/logo-white.png\",\"width\":288,\"height\":188,\"caption\":\"Insektenliebe\"},\"image\":{\"@id\":\"https:\\\/\\\/insektenliebe.com\\\/it\\\/#\\\/schema\\\/logo\\\/image\\\/\"}}]}<\/script>\n<meta property=\"og:availability\" content=\"instock\" \/>\n<meta property=\"product:availability\" content=\"instock\" \/>\n<meta property=\"product:retailer_item_id\" content=\"412\" \/>\n<meta property=\"product:condition\" content=\"new\" \/>\n<!-- \/ Yoast SEO Premium plugin. -->","yoast_head_json":{"title":"Pamphobeteus spec. \"Machala\" - Insektenliebe","description":"Pamphobeteus spec. \"Machala\" - tarantola di grandi dimensioni, a crescita rapida e con cambio di colore. Informazioni su allevamento, terrario, comportamento e cura.","robots":{"index":"index","follow":"follow","max-snippet":"max-snippet:-1","max-image-preview":"max-image-preview:large","max-video-preview":"max-video-preview:-1"},"canonical":"https:\/\/insektenliebe.com\/it\/shop\/prodotto\/pamphobeteus-spec-machala\/","og_locale":"it_IT","og_type":"article","og_title":"Pamphobeteus spec. \"Machala\"","og_description":"Pamphobeteus spec. \"Machala\" - tarantola di grandi dimensioni, a crescita rapida e con cambio di colore. Informazioni su allevamento, terrario, comportamento e cura.","og_url":"https:\/\/insektenliebe.com\/it\/shop\/prodotto\/pamphobeteus-spec-machala\/","og_site_name":"Insektenliebe","article_modified_time":"2026-03-17T19:01:09+00:00","og_image":[{"width":820,"height":820,"url":"https:\/\/insektenliebe.com\/wp-content\/uploads\/2025\/05\/Pamphobeteus-spec.-22Machala22-2.jpg","type":"image\/jpeg"}],"twitter_card":"summary_large_image","twitter_misc":{"Disponibilit\u00e0":"In stock"},"schema":{"@context":"https:\/\/schema.org","@graph":[{"@type":"WebPage","@id":"https:\/\/insektenliebe.com\/it\/shop\/prodotto\/pamphobeteus-spec-machala\/","url":"https:\/\/insektenliebe.com\/it\/shop\/prodotto\/pamphobeteus-spec-machala\/","name":"Pamphobeteus spec. \"Machala\" - Insektenliebe","isPartOf":{"@id":"https:\/\/insektenliebe.com\/it\/#website"},"primaryImageOfPage":{"@id":"https:\/\/insektenliebe.com\/it\/shop\/prodotto\/pamphobeteus-spec-machala\/#primaryimage"},"image":{"@id":"https:\/\/insektenliebe.com\/it\/shop\/prodotto\/pamphobeteus-spec-machala\/#primaryimage"},"thumbnailUrl":"https:\/\/insektenliebe.com\/wp-content\/uploads\/2025\/05\/Pamphobeteus-spec.-22Machala22-2.jpg","datePublished":"2022-08-13T12:14:41+00:00","dateModified":"2026-03-17T19:01:09+00:00","description":"Pamphobeteus spec. \"Machala\" - tarantola di grandi dimensioni, a crescita rapida e con cambio di colore. Informazioni su allevamento, terrario, comportamento e cura.","breadcrumb":{"@id":"https:\/\/insektenliebe.com\/it\/shop\/prodotto\/pamphobeteus-spec-machala\/#breadcrumb"},"inLanguage":"it-IT","potentialAction":[{"@type":"ReadAction","target":["https:\/\/insektenliebe.com\/it\/shop\/prodotto\/pamphobeteus-spec-machala\/"]}]},{"@type":"ImageObject","inLanguage":"it-IT","@id":"https:\/\/insektenliebe.com\/it\/shop\/prodotto\/pamphobeteus-spec-machala\/#primaryimage","url":"https:\/\/insektenliebe.com\/wp-content\/uploads\/2025\/05\/Pamphobeteus-spec.-22Machala22-2.jpg","contentUrl":"https:\/\/insektenliebe.com\/wp-content\/uploads\/2025\/05\/Pamphobeteus-spec.-22Machala22-2.jpg","width":820,"height":820,"caption":"Pamphobeteus-spec.-22Machala22-2.jpg"},{"@type":"BreadcrumbList","@id":"https:\/\/insektenliebe.com\/it\/shop\/prodotto\/pamphobeteus-spec-machala\/#breadcrumb","itemListElement":[{"@type":"ListItem","position":1,"name":"Startseite","item":"https:\/\/insektenliebe.com\/it\/"},{"@type":"ListItem","position":2,"name":"Negozio","item":"https:\/\/insektenliebe.com\/it\/negozio\/"},{"@type":"ListItem","position":3,"name":"Pamphobeteus spec. \"Machala\""}]},{"@type":"WebSite","@id":"https:\/\/insektenliebe.com\/it\/#website","url":"https:\/\/insektenliebe.com\/it\/","name":"Insektenliebe","description":"Dein Zuhause f\u00fcr die kleinen Lebewesen","publisher":{"@id":"https:\/\/insektenliebe.com\/it\/#organization"},"potentialAction":[{"@type":"SearchAction","target":{"@type":"EntryPoint","urlTemplate":"https:\/\/insektenliebe.com\/it\/?s={search_term_string}"},"query-input":{"@type":"PropertyValueSpecification","valueRequired":true,"valueName":"search_term_string"}}],"inLanguage":"it-IT"},{"@type":"Organization","@id":"https:\/\/insektenliebe.com\/it\/#organization","name":"Insektenliebe","url":"https:\/\/insektenliebe.com\/it\/","logo":{"@type":"ImageObject","inLanguage":"it-IT","@id":"https:\/\/insektenliebe.com\/it\/#\/schema\/logo\/image\/","url":"https:\/\/insektenliebe.com\/wp-content\/uploads\/2025\/03\/logo-white.png","contentUrl":"https:\/\/insektenliebe.com\/wp-content\/uploads\/2025\/03\/logo-white.png","width":288,"height":188,"caption":"Insektenliebe"},"image":{"@id":"https:\/\/insektenliebe.com\/it\/#\/schema\/logo\/image\/"}}]},"og_availability":"instock","product_availability":"instock","product_retailer_item_id":"412","product_condition":"new"},"_links":{"self":[{"href":"https:\/\/insektenliebe.com\/it\/wp-json\/wp\/v2\/product\/190141","targetHints":{"allow":["GET"]}}],"collection":[{"href":"https:\/\/insektenliebe.com\/it\/wp-json\/wp\/v2\/product"}],"about":[{"href":"https:\/\/insektenliebe.com\/it\/wp-json\/wp\/v2\/types\/product"}],"wp:featuredmedia":[{"embeddable":true,"href":"https:\/\/insektenliebe.com\/it\/wp-json\/wp\/v2\/media\/190143"}],"wp:attachment":[{"href":"https:\/\/insektenliebe.com\/it\/wp-json\/wp\/v2\/media?parent=190141"}],"wp:term":[{"taxonomy":"product-supplier","embeddable":true,"href":"https:\/\/insektenliebe.com\/it\/wp-json\/wp\/v2\/product-supplier?post=190141"},{"taxonomy":"product_brand","embeddable":true,"href":"https:\/\/insektenliebe.com\/it\/wp-json\/wp\/v2\/product_brand?post=190141"},{"taxonomy":"product_cat","embeddable":true,"href":"https:\/\/insektenliebe.com\/it\/wp-json\/wp\/v2\/product_cat?post=190141"},{"taxonomy":"product_tag","embeddable":true,"href":"https:\/\/insektenliebe.com\/it\/wp-json\/wp\/v2\/product_tag?post=190141"},{"taxonomy":"lce-checkout-addons","embeddable":true,"href":"https:\/\/insektenliebe.com\/it\/wp-json\/wp\/v2\/lce-checkout-addons?post=190141"}],"curies":[{"name":"wp","href":"https:\/\/api.w.org\/{rel}","templated":true}]}}