{"id":190139,"date":"2019-02-10T13:26:05","date_gmt":"2019-02-10T13:26:05","guid":{"rendered":"https:\/\/insektenliebe.com\/shop\/produkt\/philosciidae-spec-thailandia-del-nord\/"},"modified":"2026-04-09T12:36:19","modified_gmt":"2026-04-09T10:36:19","slug":"philosciidae-spec-thailandia-del-nord","status":"publish","type":"product","link":"https:\/\/insektenliebe.com\/it\/shop\/prodotto\/philosciidae-spec-thailandia-del-nord\/","title":{"rendered":"Philosciidae spec. \"Thailandia del Nord"},"content":{"rendered":"<h3><span class=\"s1\" style=\"color: #99cc33;\">Philosciidae \"Thailandia del Nord\" - Per l&#8217;umidit\u00e0 elevata<\/span><\/h3>\n<p class=\"p1\"><strong><span class=\"s1\">Philosciidae spec. \"Thailandia del Nord\"<\/span><\/strong> <span class=\"s2\"> sono isopodi tropicali che si caratterizzano per la loro <\/span><span class=\"s1\">elevata attivit\u00e0 e rapida locomozione<\/span><span class=\"s2\">  li caratterizzano. Di conseguenza, portano molta vita nel tuo terrario e allo stesso tempo garantiscono un sistema funzionante. <\/span><\/p>\n<p class=\"p1\"><span class=\"s2\">Rispetto a molte altre specie di isopodi, questi animali sono significativamente <\/span><span class=\"s1\">pi\u00f9 agili e scattanti<\/span><span class=\"s2\">. Vagano attivamente sul substrato e cercano continuamente il cibo. Questo li rende costantemente presenti e garantisce osservazioni emozionanti. <\/span><\/p>\n<p class=\"p1\"><span class=\"s2\">Il loro habitat naturale \u00e8 nelle regioni umide <\/span><span class=\"s1\">regioni umide della Thailandia<\/span><span class=\"s2\">per questo motivo necessitano di <\/span><span class=\"s1\">un&#8217;elevata umidit\u00e0<\/span><span class=\"s2\">  preferiscono. Per questo motivo \u00e8 importante che il substrato sia sempre leggermente umido e che allo stesso tempo siano disponibili aree asciutte. <\/span><\/p>\n<p class=\"p1\"><span class=\"s2\">Con il loro comportamento assumono un compito importante nel terrario. Utilizzano   <\/span><span class=\"s1\">Residui organici, foglie e materiale morto<\/span><span class=\"s2\">il che significa che contribuiscono attivamente alla pulizia del suolo. Allo stesso tempo, favoriscono l&#8217;equilibrio biologico e migliorano la struttura del terreno. <\/span><\/p>\n<p class=\"p1\"><span class=\"s2\">Un substrato adatto \u00e8 una miscela di <\/span><span class=\"s1\">humus forestale, legno bianco marcio e foglie<\/span><span class=\"s2\">poich\u00e9 questi materiali corrispondono al loro habitat naturale. Puoi anche offrire muschio e corteccia in modo che gli animali possano ritirarsi. <\/span><\/p>\n<p class=\"p1\"><span class=\"s2\">L&#8217;alimentazione \u00e8 semplice. Oltre al fogliame, assumono anche   <\/span><span class=\"s1\">Verdure, cibo per isopodi o altri materiali organici<\/span><span class=\"s2\">  a. Di conseguenza, rimangono attivi e si riproducono in modo affidabile.<\/span><\/p>\n<p class=\"p1\"><span class=\"s2\">Grazie alla loro elevata attivit\u00e0  <\/span><span class=\"s1\"><strong>Philosciidae spec. \"Thailandia del Nord\"<\/strong><\/span> <span class=\"s2\"> Particolarmente indicato per <\/span><span class=\"s1\">terrari bioattivi<\/span><span class=\"s2\">in cui lavorano come addetti alle pulizie. Allo stesso tempo, possono essere tenuti e allevati molto bene anche separatamente. <\/span><\/p>\n<p class=\"p1\"><span class=\"s2\">Un altro vantaggio \u00e8 la loro adattabilit\u00e0. Finch\u00e9 le condizioni di base sono adeguate, gli animali si sviluppano in modo stabile e si riproducono bene. Questo si traduce rapidamente in una popolazione funzionante.  <\/span><\/p>\n<p class=\"p1\"><span class=\"s2\">Con  <\/span><strong><span class=\"s1\">Philosciidae spec. \"Thailandia del Nord\"<\/span><\/strong><span class=\"s2\">  avrai nel tuo terrario una specie di isopode vivace, utile e stimolante, che supporta attivamente la tua installazione e garantisce un equilibrio naturale.<\/span><\/p>\n","protected":false},"excerpt":{"rendered":"<p>I maschi e le femmine hanno colorazioni diverse.<\/p>\n","protected":false},"featured_media":198553,"template":"","meta":{"_acf_changed":false},"product-supplier":[],"product_brand":[],"product_cat":[2850,2788],"product_tag":[],"lce-checkout-addons":[2746],"class_list":{"0":"post-190139","1":"product","2":"type-product","3":"status-publish","4":"has-post-thumbnail","6":"product_cat-altri-isopodi-merulanella-ecc","7":"product_cat-woodlice","8":"product_shipping_class-spedizione-di-animali","9":"pa_herkunft-thailandia","10":"pa_kontinent-asia","11":"lce-checkout-addons-imballaggio-invernale","13":"first","14":"outofstock","15":"taxable","16":"shipping-taxable","17":"product-type-simple"},"acf":[],"yoast_head":"<!-- This site is optimized with the Yoast SEO Premium plugin v26.8 (Yoast SEO v27.3) - https:\/\/yoast.com\/product\/yoast-seo-premium-wordpress\/ -->\n<title>Philosciidae spec. &quot;Thailandia del Nord - Insektenliebe<\/title>\n<meta name=\"description\" content=\"Philosciidae spec. &quot;Thailandia del Nord&quot; - isopodi tropicali ad alta attivit\u00e0. Ideale per terrari umidi e allestimenti bioattivi.\" \/>\n<meta name=\"robots\" content=\"index, follow, max-snippet:-1, max-image-preview:large, max-video-preview:-1\" \/>\n<link rel=\"canonical\" href=\"https:\/\/insektenliebe.com\/it\/shop\/prodotto\/philosciidae-spec-thailandia-del-nord\/\" \/>\n<meta property=\"og:locale\" content=\"it_IT\" \/>\n<meta property=\"og:type\" content=\"article\" \/>\n<meta property=\"og:title\" content=\"Philosciidae spec. &quot;Thailandia del Nord\" \/>\n<meta property=\"og:description\" content=\"Philosciidae spec. &quot;Thailandia del Nord&quot; - isopodi tropicali ad alta attivit\u00e0. Ideale per terrari umidi e allestimenti bioattivi.\" \/>\n<meta property=\"og:url\" content=\"https:\/\/insektenliebe.com\/it\/shop\/prodotto\/philosciidae-spec-thailandia-del-nord\/\" \/>\n<meta property=\"og:site_name\" content=\"Insektenliebe\" \/>\n<meta property=\"article:modified_time\" content=\"2026-04-09T10:36:19+00:00\" \/>\n<meta property=\"og:image\" content=\"https:\/\/insektenliebe.com\/wp-content\/uploads\/2025\/05\/IMG_8588-bearbeitet-scaled-3.jpg\" \/>\n\t<meta property=\"og:image:width\" content=\"2560\" \/>\n\t<meta property=\"og:image:height\" content=\"1707\" \/>\n\t<meta property=\"og:image:type\" content=\"image\/jpeg\" \/>\n<meta name=\"twitter:card\" content=\"summary_large_image\" \/>\n<meta name=\"twitter:label1\" content=\"Prezzo\" \/>\n\t<meta name=\"twitter:data1\" content=\"\" \/>\n\t<meta name=\"twitter:label2\" content=\"Disponibilit\u00e0\" \/>\n\t<meta name=\"twitter:data2\" content=\"Esaurito\" \/>\n<script type=\"application\/ld+json\" class=\"yoast-schema-graph\">{\"@context\":\"https:\\\/\\\/schema.org\",\"@graph\":[{\"@type\":\"WebPage\",\"@id\":\"https:\\\/\\\/insektenliebe.com\\\/it\\\/shop\\\/prodotto\\\/philosciidae-spec-thailandia-del-nord\\\/\",\"url\":\"https:\\\/\\\/insektenliebe.com\\\/it\\\/shop\\\/prodotto\\\/philosciidae-spec-thailandia-del-nord\\\/\",\"name\":\"Philosciidae spec. \\\"Thailandia del Nord - Insektenliebe\",\"isPartOf\":{\"@id\":\"https:\\\/\\\/insektenliebe.com\\\/it\\\/#website\"},\"primaryImageOfPage\":{\"@id\":\"https:\\\/\\\/insektenliebe.com\\\/it\\\/shop\\\/prodotto\\\/philosciidae-spec-thailandia-del-nord\\\/#primaryimage\"},\"image\":{\"@id\":\"https:\\\/\\\/insektenliebe.com\\\/it\\\/shop\\\/prodotto\\\/philosciidae-spec-thailandia-del-nord\\\/#primaryimage\"},\"thumbnailUrl\":\"https:\\\/\\\/insektenliebe.com\\\/wp-content\\\/uploads\\\/2019\\\/02\\\/Philosciidae-spec.-22North-Thailand22.jpg\",\"datePublished\":\"2019-02-10T13:26:05+00:00\",\"dateModified\":\"2026-04-09T10:36:19+00:00\",\"description\":\"Philosciidae spec. \\\"Thailandia del Nord\\\" - isopodi tropicali ad alta attivit\u00e0. Ideale per terrari umidi e allestimenti bioattivi.\",\"breadcrumb\":{\"@id\":\"https:\\\/\\\/insektenliebe.com\\\/it\\\/shop\\\/prodotto\\\/philosciidae-spec-thailandia-del-nord\\\/#breadcrumb\"},\"inLanguage\":\"it-IT\",\"potentialAction\":[{\"@type\":\"ReadAction\",\"target\":[\"https:\\\/\\\/insektenliebe.com\\\/it\\\/shop\\\/prodotto\\\/philosciidae-spec-thailandia-del-nord\\\/\"]}]},{\"@type\":\"ImageObject\",\"inLanguage\":\"it-IT\",\"@id\":\"https:\\\/\\\/insektenliebe.com\\\/it\\\/shop\\\/prodotto\\\/philosciidae-spec-thailandia-del-nord\\\/#primaryimage\",\"url\":\"https:\\\/\\\/insektenliebe.com\\\/wp-content\\\/uploads\\\/2019\\\/02\\\/Philosciidae-spec.-22North-Thailand22.jpg\",\"contentUrl\":\"https:\\\/\\\/insektenliebe.com\\\/wp-content\\\/uploads\\\/2019\\\/02\\\/Philosciidae-spec.-22North-Thailand22.jpg\",\"width\":820,\"height\":820,\"caption\":\"Philosciidae spec. \\\"North Thailand\\\"\"},{\"@type\":\"BreadcrumbList\",\"@id\":\"https:\\\/\\\/insektenliebe.com\\\/it\\\/shop\\\/prodotto\\\/philosciidae-spec-thailandia-del-nord\\\/#breadcrumb\",\"itemListElement\":[{\"@type\":\"ListItem\",\"position\":1,\"name\":\"Startseite\",\"item\":\"https:\\\/\\\/insektenliebe.com\\\/it\\\/\"},{\"@type\":\"ListItem\",\"position\":2,\"name\":\"Negozio\",\"item\":\"https:\\\/\\\/insektenliebe.com\\\/it\\\/negozio\\\/\"},{\"@type\":\"ListItem\",\"position\":3,\"name\":\"Philosciidae spec. \\\"Thailandia del Nord\"}]},{\"@type\":\"WebSite\",\"@id\":\"https:\\\/\\\/insektenliebe.com\\\/it\\\/#website\",\"url\":\"https:\\\/\\\/insektenliebe.com\\\/it\\\/\",\"name\":\"Insektenliebe\",\"description\":\"Dein Zuhause f\u00fcr die kleinen Lebewesen\",\"publisher\":{\"@id\":\"https:\\\/\\\/insektenliebe.com\\\/it\\\/#organization\"},\"potentialAction\":[{\"@type\":\"SearchAction\",\"target\":{\"@type\":\"EntryPoint\",\"urlTemplate\":\"https:\\\/\\\/insektenliebe.com\\\/it\\\/?s={search_term_string}\"},\"query-input\":{\"@type\":\"PropertyValueSpecification\",\"valueRequired\":true,\"valueName\":\"search_term_string\"}}],\"inLanguage\":\"it-IT\"},{\"@type\":\"Organization\",\"@id\":\"https:\\\/\\\/insektenliebe.com\\\/it\\\/#organization\",\"name\":\"Insektenliebe\",\"url\":\"https:\\\/\\\/insektenliebe.com\\\/it\\\/\",\"logo\":{\"@type\":\"ImageObject\",\"inLanguage\":\"it-IT\",\"@id\":\"https:\\\/\\\/insektenliebe.com\\\/it\\\/#\\\/schema\\\/logo\\\/image\\\/\",\"url\":\"https:\\\/\\\/insektenliebe.com\\\/wp-content\\\/uploads\\\/2025\\\/03\\\/logo-white.png\",\"contentUrl\":\"https:\\\/\\\/insektenliebe.com\\\/wp-content\\\/uploads\\\/2025\\\/03\\\/logo-white.png\",\"width\":288,\"height\":188,\"caption\":\"Insektenliebe\"},\"image\":{\"@id\":\"https:\\\/\\\/insektenliebe.com\\\/it\\\/#\\\/schema\\\/logo\\\/image\\\/\"}}]}<\/script>\n<meta property=\"product:price:currency\" content=\"EUR\" \/>\n<meta property=\"og:availability\" content=\"out of stock\" \/>\n<meta property=\"product:availability\" content=\"out of stock\" \/>\n<meta property=\"product:retailer_item_id\" content=\"075\" \/>\n<meta property=\"product:condition\" content=\"new\" \/>\n<!-- \/ Yoast SEO Premium plugin. -->","yoast_head_json":{"title":"Philosciidae spec. \"Thailandia del Nord - Insektenliebe","description":"Philosciidae spec. \"Thailandia del Nord\" - isopodi tropicali ad alta attivit\u00e0. Ideale per terrari umidi e allestimenti bioattivi.","robots":{"index":"index","follow":"follow","max-snippet":"max-snippet:-1","max-image-preview":"max-image-preview:large","max-video-preview":"max-video-preview:-1"},"canonical":"https:\/\/insektenliebe.com\/it\/shop\/prodotto\/philosciidae-spec-thailandia-del-nord\/","og_locale":"it_IT","og_type":"article","og_title":"Philosciidae spec. \"Thailandia del Nord","og_description":"Philosciidae spec. \"Thailandia del Nord\" - isopodi tropicali ad alta attivit\u00e0. Ideale per terrari umidi e allestimenti bioattivi.","og_url":"https:\/\/insektenliebe.com\/it\/shop\/prodotto\/philosciidae-spec-thailandia-del-nord\/","og_site_name":"Insektenliebe","article_modified_time":"2026-04-09T10:36:19+00:00","og_image":[{"width":2560,"height":1707,"url":"https:\/\/insektenliebe.com\/wp-content\/uploads\/2025\/05\/IMG_8588-bearbeitet-scaled-3.jpg","type":"image\/jpeg"}],"twitter_card":"summary_large_image","twitter_misc":{"Prezzo":"","Disponibilit\u00e0":"Esaurito"},"schema":{"@context":"https:\/\/schema.org","@graph":[{"@type":"WebPage","@id":"https:\/\/insektenliebe.com\/it\/shop\/prodotto\/philosciidae-spec-thailandia-del-nord\/","url":"https:\/\/insektenliebe.com\/it\/shop\/prodotto\/philosciidae-spec-thailandia-del-nord\/","name":"Philosciidae spec. \"Thailandia del Nord - Insektenliebe","isPartOf":{"@id":"https:\/\/insektenliebe.com\/it\/#website"},"primaryImageOfPage":{"@id":"https:\/\/insektenliebe.com\/it\/shop\/prodotto\/philosciidae-spec-thailandia-del-nord\/#primaryimage"},"image":{"@id":"https:\/\/insektenliebe.com\/it\/shop\/prodotto\/philosciidae-spec-thailandia-del-nord\/#primaryimage"},"thumbnailUrl":"https:\/\/insektenliebe.com\/wp-content\/uploads\/2019\/02\/Philosciidae-spec.-22North-Thailand22.jpg","datePublished":"2019-02-10T13:26:05+00:00","dateModified":"2026-04-09T10:36:19+00:00","description":"Philosciidae spec. \"Thailandia del Nord\" - isopodi tropicali ad alta attivit\u00e0. Ideale per terrari umidi e allestimenti bioattivi.","breadcrumb":{"@id":"https:\/\/insektenliebe.com\/it\/shop\/prodotto\/philosciidae-spec-thailandia-del-nord\/#breadcrumb"},"inLanguage":"it-IT","potentialAction":[{"@type":"ReadAction","target":["https:\/\/insektenliebe.com\/it\/shop\/prodotto\/philosciidae-spec-thailandia-del-nord\/"]}]},{"@type":"ImageObject","inLanguage":"it-IT","@id":"https:\/\/insektenliebe.com\/it\/shop\/prodotto\/philosciidae-spec-thailandia-del-nord\/#primaryimage","url":"https:\/\/insektenliebe.com\/wp-content\/uploads\/2019\/02\/Philosciidae-spec.-22North-Thailand22.jpg","contentUrl":"https:\/\/insektenliebe.com\/wp-content\/uploads\/2019\/02\/Philosciidae-spec.-22North-Thailand22.jpg","width":820,"height":820,"caption":"Philosciidae spec. \"North Thailand\""},{"@type":"BreadcrumbList","@id":"https:\/\/insektenliebe.com\/it\/shop\/prodotto\/philosciidae-spec-thailandia-del-nord\/#breadcrumb","itemListElement":[{"@type":"ListItem","position":1,"name":"Startseite","item":"https:\/\/insektenliebe.com\/it\/"},{"@type":"ListItem","position":2,"name":"Negozio","item":"https:\/\/insektenliebe.com\/it\/negozio\/"},{"@type":"ListItem","position":3,"name":"Philosciidae spec. \"Thailandia del Nord"}]},{"@type":"WebSite","@id":"https:\/\/insektenliebe.com\/it\/#website","url":"https:\/\/insektenliebe.com\/it\/","name":"Insektenliebe","description":"Dein Zuhause f\u00fcr die kleinen Lebewesen","publisher":{"@id":"https:\/\/insektenliebe.com\/it\/#organization"},"potentialAction":[{"@type":"SearchAction","target":{"@type":"EntryPoint","urlTemplate":"https:\/\/insektenliebe.com\/it\/?s={search_term_string}"},"query-input":{"@type":"PropertyValueSpecification","valueRequired":true,"valueName":"search_term_string"}}],"inLanguage":"it-IT"},{"@type":"Organization","@id":"https:\/\/insektenliebe.com\/it\/#organization","name":"Insektenliebe","url":"https:\/\/insektenliebe.com\/it\/","logo":{"@type":"ImageObject","inLanguage":"it-IT","@id":"https:\/\/insektenliebe.com\/it\/#\/schema\/logo\/image\/","url":"https:\/\/insektenliebe.com\/wp-content\/uploads\/2025\/03\/logo-white.png","contentUrl":"https:\/\/insektenliebe.com\/wp-content\/uploads\/2025\/03\/logo-white.png","width":288,"height":188,"caption":"Insektenliebe"},"image":{"@id":"https:\/\/insektenliebe.com\/it\/#\/schema\/logo\/image\/"}}]},"product_price_currency":"EUR","og_availability":"out of stock","product_availability":"out of stock","product_retailer_item_id":"075","product_condition":"new"},"_links":{"self":[{"href":"https:\/\/insektenliebe.com\/it\/wp-json\/wp\/v2\/product\/190139","targetHints":{"allow":["GET"]}}],"collection":[{"href":"https:\/\/insektenliebe.com\/it\/wp-json\/wp\/v2\/product"}],"about":[{"href":"https:\/\/insektenliebe.com\/it\/wp-json\/wp\/v2\/types\/product"}],"wp:featuredmedia":[{"embeddable":true,"href":"https:\/\/insektenliebe.com\/it\/wp-json\/wp\/v2\/media\/198553"}],"wp:attachment":[{"href":"https:\/\/insektenliebe.com\/it\/wp-json\/wp\/v2\/media?parent=190139"}],"wp:term":[{"taxonomy":"product-supplier","embeddable":true,"href":"https:\/\/insektenliebe.com\/it\/wp-json\/wp\/v2\/product-supplier?post=190139"},{"taxonomy":"product_brand","embeddable":true,"href":"https:\/\/insektenliebe.com\/it\/wp-json\/wp\/v2\/product_brand?post=190139"},{"taxonomy":"product_cat","embeddable":true,"href":"https:\/\/insektenliebe.com\/it\/wp-json\/wp\/v2\/product_cat?post=190139"},{"taxonomy":"product_tag","embeddable":true,"href":"https:\/\/insektenliebe.com\/it\/wp-json\/wp\/v2\/product_tag?post=190139"},{"taxonomy":"lce-checkout-addons","embeddable":true,"href":"https:\/\/insektenliebe.com\/it\/wp-json\/wp\/v2\/lce-checkout-addons?post=190139"}],"curies":[{"name":"wp","href":"https:\/\/api.w.org\/{rel}","templated":true}]}}