{"id":190132,"date":"2019-10-18T15:45:00","date_gmt":"2019-10-18T13:45:00","guid":{"rendered":"https:\/\/insektenliebe.com\/shop\/produkt\/telodeinopus-aoutii\/"},"modified":"2019-10-18T15:45:00","modified_gmt":"2019-10-18T13:45:00","slug":"telodeinopus-aoutii","status":"publish","type":"product","link":"https:\/\/insektenliebe.com\/it\/shop\/prodotto\/telodeinopus-aoutii\/","title":{"rendered":"Telodeinopus aoutii"},"content":{"rendered":"<h3><span style=\"color: #99cc33;\">Breve descrizione:<\/span><\/h3>\n<p class=\"font_8\">Il Telodeinopus aoutii \u00e8 una specie di medie dimensioni, che misura fino a 18 cm. Il T. aoutii \u00e8 originario del Togo e del Ghana. Oltre alla colorazione \"normale\" degli animali, esiste anche una variet\u00e0 riproduttiva verde. La specie pu\u00f2 raggiungere un&#8217;et\u00e0 di 5 anni. A 2-3 anni sono adulti e quindi sessualmente maturi. La specie \u00e8 ora regolarmente disponibile in commercio come prole, \u00e8 ideale come specie per principianti e non presenta problemi di allevamento.     <\/p>\n<p class=\"font_8\">Le zampe e il corpo di Telodeinopus aoutii sono striati di marrone chiaro e scuro, a volte con una sfumatura verdastra. Le sue antenne sono di colore marrone scuro, mentre la testa e la valvola anale sono di colore leggermente pi\u00f9 chiaro. Con una lunghezza fino a 18 cm e un corpo snello, la T. aoutii appare molto aggraziata. Le zampe molto lunghe di questa specie sono particolarmente appariscenti.   <\/p>\n<p class=\"font_8\">L&#8217;area di base di un terrario per Telodeinopus aoutii non dovrebbe essere inferiore a 50 cm x 30 cm. Il substrato deve essere alto almeno 10 cm, meglio se di pi\u00f9. Le temperature intorno ai 23\u00b0C si sono dimostrate efficaci per questa specie, cos\u00ec come un&#8217;umidit\u00e0 dell&#8217;80-90%. Come quasi tutte le specie di millepiedi, questi animali sono principalmente crepuscolari e notturni. Non \u00e8 quindi necessaria un&#8217;illuminazione supplementare. Il calore deve essere sempre introdotto nel terrario dall&#8217;alto.     <\/p>\n<p class=\"font_8\">Per mantenere l&#8217;umidit\u00e0 nel substrato, questo pu\u00f2 essere coperto con corteccia, muschio o foglie. Il Telodeinopus aoutii raramente scava. Cerca invece dei nascondigli sotto pezzi di corteccia o in piccole tane. Questa specie \u00e8 una buona arrampicatrice, per cui \u00e8 essenziale disporre di rami adeguati. Come cibo si possono offrire verdure, frutta, pellet, fiori e molto altro ancora, che vengono prontamente accettati.    <\/p>\n<div style=\"width: 1920px;\" class=\"wp-video\"><video class=\"wp-video-shortcode\" id=\"video-190132-1\" width=\"1920\" height=\"1080\" preload=\"metadata\" controls=\"controls\"><source type=\"video\/mp4\" src=\"https:\/\/insektenliebe.com\/wp-content\/uploads\/2019\/10\/Telodeinopus-aoutii-Produktvideo.mp4?_=1\" \/><a href=\"https:\/\/insektenliebe.com\/wp-content\/uploads\/2019\/10\/Telodeinopus-aoutii-Produktvideo.mp4\">https:\/\/insektenliebe.com\/wp-content\/uploads\/2019\/10\/Telodeinopus-aoutii-Produktvideo.mp4<\/a><\/video><\/div>\n","protected":false},"excerpt":{"rendered":"<p>Breve descrizione: Il Telodeinopus aoutii \u00e8 una specie di medie dimensioni, che misura fino a 18 cm. Il T. aoutii \u00e8 originario del Togo e del Ghana. Oltre alla colorazione \"normale\" degli animali, esiste anche una variet\u00e0 riproduttiva verde. La specie pu\u00f2 raggiungere un&#8217;et\u00e0 di 5 anni. A 2-3 anni sono adulti e quindi sessualmente [&hellip;]<\/p>\n","protected":false},"featured_media":190136,"template":"","meta":{"_acf_changed":false},"product-supplier":[],"product_brand":[],"product_cat":[2870],"product_tag":[],"lce-checkout-addons":[2746],"class_list":{"0":"post-190132","1":"product","2":"type-product","3":"status-publish","4":"has-post-thumbnail","6":"product_cat-millipede","7":"product_shipping_class-spedizione-di-animali","8":"pa_herkunft-ghana","9":"pa_kontinent-africa","10":"lce-checkout-addons-imballaggio-invernale","12":"first","13":"instock","14":"taxable","15":"shipping-taxable","16":"purchasable","17":"product-type-simple"},"acf":[],"yoast_head":"<!-- This site is optimized with the Yoast SEO plugin v27.3 - https:\/\/yoast.com\/product\/yoast-seo-wordpress\/ -->\n<title>Telodeinopus aoutii - Insektenliebe<\/title>\n<meta name=\"description\" content=\"Acquista online il Telodeinopus aoutii. Un bellissimo millepiedi a bande molto facile da allevare. Acquista direttamente dall&#039;allevatore\" \/>\n<meta name=\"robots\" content=\"index, follow, max-snippet:-1, max-image-preview:large, max-video-preview:-1\" \/>\n<link rel=\"canonical\" href=\"https:\/\/insektenliebe.com\/it\/shop\/prodotto\/telodeinopus-aoutii\/\" \/>\n<meta property=\"og:locale\" content=\"it_IT\" \/>\n<meta property=\"og:type\" content=\"article\" \/>\n<meta property=\"og:title\" content=\"Telodeinopus aoutii - Insektenliebe\" \/>\n<meta property=\"og:description\" content=\"Acquista online il Telodeinopus aoutii. Un bellissimo millepiedi a bande molto facile da allevare. Acquista direttamente dall&#039;allevatore\" \/>\n<meta property=\"og:url\" content=\"https:\/\/insektenliebe.com\/it\/shop\/prodotto\/telodeinopus-aoutii\/\" \/>\n<meta property=\"og:site_name\" content=\"Insektenliebe\" \/>\n<meta property=\"og:image\" content=\"https:\/\/insektenliebe.com\/wp-content\/uploads\/2019\/10\/Telodeinopus-aoutii-3.jpg\" \/>\n\t<meta property=\"og:image:width\" content=\"820\" \/>\n\t<meta property=\"og:image:height\" content=\"820\" \/>\n\t<meta property=\"og:image:type\" content=\"image\/jpeg\" \/>\n<meta name=\"twitter:card\" content=\"summary_large_image\" \/>\n<meta name=\"twitter:label1\" content=\"Tempo di lettura stimato\" \/>\n\t<meta name=\"twitter:data1\" content=\"1 minuto\" \/>\n<script type=\"application\/ld+json\" class=\"yoast-schema-graph\">{\"@context\":\"https:\\\/\\\/schema.org\",\"@graph\":[{\"@type\":\"WebPage\",\"@id\":\"https:\\\/\\\/insektenliebe.com\\\/it\\\/shop\\\/prodotto\\\/telodeinopus-aoutii\\\/\",\"url\":\"https:\\\/\\\/insektenliebe.com\\\/it\\\/shop\\\/prodotto\\\/telodeinopus-aoutii\\\/\",\"name\":\"Telodeinopus aoutii - Insektenliebe\",\"isPartOf\":{\"@id\":\"https:\\\/\\\/insektenliebe.com\\\/it\\\/#website\"},\"primaryImageOfPage\":{\"@id\":\"https:\\\/\\\/insektenliebe.com\\\/it\\\/shop\\\/prodotto\\\/telodeinopus-aoutii\\\/#primaryimage\"},\"image\":{\"@id\":\"https:\\\/\\\/insektenliebe.com\\\/it\\\/shop\\\/prodotto\\\/telodeinopus-aoutii\\\/#primaryimage\"},\"thumbnailUrl\":\"https:\\\/\\\/insektenliebe.com\\\/wp-content\\\/uploads\\\/2019\\\/10\\\/Telodeinopus-aoutii-3.jpg\",\"datePublished\":\"2019-10-18T13:45:00+00:00\",\"description\":\"Acquista online il Telodeinopus aoutii. Un bellissimo millepiedi a bande molto facile da allevare. Acquista direttamente dall'allevatore\",\"breadcrumb\":{\"@id\":\"https:\\\/\\\/insektenliebe.com\\\/it\\\/shop\\\/prodotto\\\/telodeinopus-aoutii\\\/#breadcrumb\"},\"inLanguage\":\"it-IT\",\"potentialAction\":[{\"@type\":\"ReadAction\",\"target\":[\"https:\\\/\\\/insektenliebe.com\\\/it\\\/shop\\\/prodotto\\\/telodeinopus-aoutii\\\/\"]}]},{\"@type\":\"ImageObject\",\"inLanguage\":\"it-IT\",\"@id\":\"https:\\\/\\\/insektenliebe.com\\\/it\\\/shop\\\/prodotto\\\/telodeinopus-aoutii\\\/#primaryimage\",\"url\":\"https:\\\/\\\/insektenliebe.com\\\/wp-content\\\/uploads\\\/2019\\\/10\\\/Telodeinopus-aoutii-3.jpg\",\"contentUrl\":\"https:\\\/\\\/insektenliebe.com\\\/wp-content\\\/uploads\\\/2019\\\/10\\\/Telodeinopus-aoutii-3.jpg\",\"width\":820,\"height\":820,\"caption\":\"Telodeinopus aoutii\"},{\"@type\":\"BreadcrumbList\",\"@id\":\"https:\\\/\\\/insektenliebe.com\\\/it\\\/shop\\\/prodotto\\\/telodeinopus-aoutii\\\/#breadcrumb\",\"itemListElement\":[{\"@type\":\"ListItem\",\"position\":1,\"name\":\"Startseite\",\"item\":\"https:\\\/\\\/insektenliebe.com\\\/it\\\/\"},{\"@type\":\"ListItem\",\"position\":2,\"name\":\"Negozio\",\"item\":\"https:\\\/\\\/insektenliebe.com\\\/it\\\/negozio\\\/\"},{\"@type\":\"ListItem\",\"position\":3,\"name\":\"Telodeinopus aoutii\"}]},{\"@type\":\"WebSite\",\"@id\":\"https:\\\/\\\/insektenliebe.com\\\/it\\\/#website\",\"url\":\"https:\\\/\\\/insektenliebe.com\\\/it\\\/\",\"name\":\"Insektenliebe\",\"description\":\"Dein Zuhause f\u00fcr die kleinen Lebewesen\",\"publisher\":{\"@id\":\"https:\\\/\\\/insektenliebe.com\\\/it\\\/#organization\"},\"potentialAction\":[{\"@type\":\"SearchAction\",\"target\":{\"@type\":\"EntryPoint\",\"urlTemplate\":\"https:\\\/\\\/insektenliebe.com\\\/it\\\/?s={search_term_string}\"},\"query-input\":{\"@type\":\"PropertyValueSpecification\",\"valueRequired\":true,\"valueName\":\"search_term_string\"}}],\"inLanguage\":\"it-IT\"},{\"@type\":\"Organization\",\"@id\":\"https:\\\/\\\/insektenliebe.com\\\/it\\\/#organization\",\"name\":\"Insektenliebe\",\"url\":\"https:\\\/\\\/insektenliebe.com\\\/it\\\/\",\"logo\":{\"@type\":\"ImageObject\",\"inLanguage\":\"it-IT\",\"@id\":\"https:\\\/\\\/insektenliebe.com\\\/it\\\/#\\\/schema\\\/logo\\\/image\\\/\",\"url\":\"https:\\\/\\\/insektenliebe.com\\\/wp-content\\\/uploads\\\/2025\\\/03\\\/logo-white.png\",\"contentUrl\":\"https:\\\/\\\/insektenliebe.com\\\/wp-content\\\/uploads\\\/2025\\\/03\\\/logo-white.png\",\"width\":288,\"height\":188,\"caption\":\"Insektenliebe\"},\"image\":{\"@id\":\"https:\\\/\\\/insektenliebe.com\\\/it\\\/#\\\/schema\\\/logo\\\/image\\\/\"}}]}<\/script>\n<!-- \/ Yoast SEO plugin. -->","yoast_head_json":{"title":"Telodeinopus aoutii - Insektenliebe","description":"Acquista online il Telodeinopus aoutii. Un bellissimo millepiedi a bande molto facile da allevare. Acquista direttamente dall'allevatore","robots":{"index":"index","follow":"follow","max-snippet":"max-snippet:-1","max-image-preview":"max-image-preview:large","max-video-preview":"max-video-preview:-1"},"canonical":"https:\/\/insektenliebe.com\/it\/shop\/prodotto\/telodeinopus-aoutii\/","og_locale":"it_IT","og_type":"article","og_title":"Telodeinopus aoutii - Insektenliebe","og_description":"Acquista online il Telodeinopus aoutii. Un bellissimo millepiedi a bande molto facile da allevare. Acquista direttamente dall'allevatore","og_url":"https:\/\/insektenliebe.com\/it\/shop\/prodotto\/telodeinopus-aoutii\/","og_site_name":"Insektenliebe","og_image":[{"width":820,"height":820,"url":"https:\/\/insektenliebe.com\/wp-content\/uploads\/2019\/10\/Telodeinopus-aoutii-3.jpg","type":"image\/jpeg"}],"twitter_card":"summary_large_image","twitter_misc":{"Tempo di lettura stimato":"1 minuto"},"schema":{"@context":"https:\/\/schema.org","@graph":[{"@type":"WebPage","@id":"https:\/\/insektenliebe.com\/it\/shop\/prodotto\/telodeinopus-aoutii\/","url":"https:\/\/insektenliebe.com\/it\/shop\/prodotto\/telodeinopus-aoutii\/","name":"Telodeinopus aoutii - Insektenliebe","isPartOf":{"@id":"https:\/\/insektenliebe.com\/it\/#website"},"primaryImageOfPage":{"@id":"https:\/\/insektenliebe.com\/it\/shop\/prodotto\/telodeinopus-aoutii\/#primaryimage"},"image":{"@id":"https:\/\/insektenliebe.com\/it\/shop\/prodotto\/telodeinopus-aoutii\/#primaryimage"},"thumbnailUrl":"https:\/\/insektenliebe.com\/wp-content\/uploads\/2019\/10\/Telodeinopus-aoutii-3.jpg","datePublished":"2019-10-18T13:45:00+00:00","description":"Acquista online il Telodeinopus aoutii. Un bellissimo millepiedi a bande molto facile da allevare. Acquista direttamente dall'allevatore","breadcrumb":{"@id":"https:\/\/insektenliebe.com\/it\/shop\/prodotto\/telodeinopus-aoutii\/#breadcrumb"},"inLanguage":"it-IT","potentialAction":[{"@type":"ReadAction","target":["https:\/\/insektenliebe.com\/it\/shop\/prodotto\/telodeinopus-aoutii\/"]}]},{"@type":"ImageObject","inLanguage":"it-IT","@id":"https:\/\/insektenliebe.com\/it\/shop\/prodotto\/telodeinopus-aoutii\/#primaryimage","url":"https:\/\/insektenliebe.com\/wp-content\/uploads\/2019\/10\/Telodeinopus-aoutii-3.jpg","contentUrl":"https:\/\/insektenliebe.com\/wp-content\/uploads\/2019\/10\/Telodeinopus-aoutii-3.jpg","width":820,"height":820,"caption":"Telodeinopus aoutii"},{"@type":"BreadcrumbList","@id":"https:\/\/insektenliebe.com\/it\/shop\/prodotto\/telodeinopus-aoutii\/#breadcrumb","itemListElement":[{"@type":"ListItem","position":1,"name":"Startseite","item":"https:\/\/insektenliebe.com\/it\/"},{"@type":"ListItem","position":2,"name":"Negozio","item":"https:\/\/insektenliebe.com\/it\/negozio\/"},{"@type":"ListItem","position":3,"name":"Telodeinopus aoutii"}]},{"@type":"WebSite","@id":"https:\/\/insektenliebe.com\/it\/#website","url":"https:\/\/insektenliebe.com\/it\/","name":"Insektenliebe","description":"Dein Zuhause f\u00fcr die kleinen Lebewesen","publisher":{"@id":"https:\/\/insektenliebe.com\/it\/#organization"},"potentialAction":[{"@type":"SearchAction","target":{"@type":"EntryPoint","urlTemplate":"https:\/\/insektenliebe.com\/it\/?s={search_term_string}"},"query-input":{"@type":"PropertyValueSpecification","valueRequired":true,"valueName":"search_term_string"}}],"inLanguage":"it-IT"},{"@type":"Organization","@id":"https:\/\/insektenliebe.com\/it\/#organization","name":"Insektenliebe","url":"https:\/\/insektenliebe.com\/it\/","logo":{"@type":"ImageObject","inLanguage":"it-IT","@id":"https:\/\/insektenliebe.com\/it\/#\/schema\/logo\/image\/","url":"https:\/\/insektenliebe.com\/wp-content\/uploads\/2025\/03\/logo-white.png","contentUrl":"https:\/\/insektenliebe.com\/wp-content\/uploads\/2025\/03\/logo-white.png","width":288,"height":188,"caption":"Insektenliebe"},"image":{"@id":"https:\/\/insektenliebe.com\/it\/#\/schema\/logo\/image\/"}}]}},"_links":{"self":[{"href":"https:\/\/insektenliebe.com\/it\/wp-json\/wp\/v2\/product\/190132","targetHints":{"allow":["GET"]}}],"collection":[{"href":"https:\/\/insektenliebe.com\/it\/wp-json\/wp\/v2\/product"}],"about":[{"href":"https:\/\/insektenliebe.com\/it\/wp-json\/wp\/v2\/types\/product"}],"wp:featuredmedia":[{"embeddable":true,"href":"https:\/\/insektenliebe.com\/it\/wp-json\/wp\/v2\/media\/190136"}],"wp:attachment":[{"href":"https:\/\/insektenliebe.com\/it\/wp-json\/wp\/v2\/media?parent=190132"}],"wp:term":[{"taxonomy":"product-supplier","embeddable":true,"href":"https:\/\/insektenliebe.com\/it\/wp-json\/wp\/v2\/product-supplier?post=190132"},{"taxonomy":"product_brand","embeddable":true,"href":"https:\/\/insektenliebe.com\/it\/wp-json\/wp\/v2\/product_brand?post=190132"},{"taxonomy":"product_cat","embeddable":true,"href":"https:\/\/insektenliebe.com\/it\/wp-json\/wp\/v2\/product_cat?post=190132"},{"taxonomy":"product_tag","embeddable":true,"href":"https:\/\/insektenliebe.com\/it\/wp-json\/wp\/v2\/product_tag?post=190132"},{"taxonomy":"lce-checkout-addons","embeddable":true,"href":"https:\/\/insektenliebe.com\/it\/wp-json\/wp\/v2\/lce-checkout-addons?post=190132"}],"curies":[{"name":"wp","href":"https:\/\/api.w.org\/{rel}","templated":true}]}}