{"id":190127,"date":"2020-02-20T11:07:16","date_gmt":"2020-02-20T11:07:16","guid":{"rendered":"https:\/\/insektenliebe.com\/shop\/produkt\/blaptica-dubia-scarafaggio-delle-foreste-argentine\/"},"modified":"2020-02-20T11:07:16","modified_gmt":"2020-02-20T10:07:16","slug":"blaptica-dubia-scarafaggio-delle-foreste-argentine","status":"publish","type":"product","link":"https:\/\/insektenliebe.com\/it\/shop\/prodotto\/blaptica-dubia-scarafaggio-delle-foreste-argentine\/","title":{"rendered":"Blaptica dubia \"Scarafaggio delle foreste argentine"},"content":{"rendered":"<h3 class=\"p1\"><span style=\"color: #99cc33;\"><strong><span class=\"s1\">Blaptica dubia - Il robusto scarafaggio da alimentazione e riproduzione per animali da terrario<\/span><\/strong><\/span><\/h3>\n<p class=\"p1\"><span class=\"s1\">La <\/span><strong><span class=\"s2\">Blaptica dubia<\/span><\/strong><span class=\"s1\">conosciuto anche come \"scarafaggio argentino\", \u00e8 uno degli insetti alimentari pi\u00f9 popolari in terraristica - e per una buona ragione. \u00c8 silenzioso, praticamente inodore e facile da maneggiare. Inoltre, offre un eccellente profilo nutrizionale per molti animali da terrario come rettili, anfibi, mantidi, scorpioni e tarantole.  <\/span><\/p>\n<p class=\"p1\"><span class=\"s1\">Un vero e proprio vantaggio: con ogni ordine includiamo una scatoletta del nostro cibo Gutload. \u00c8 stato sviluppato appositamente per arricchire gli scarafaggi di vitamine, minerali ed energia prima della somministrazione. Al momento del ricevimento, versa il Gutload direttamente nel contenitore di trasporto o nella tua scatola e dopo poco tempo gli animali saranno ricchi di sostanze nutritive e pronti per essere nutriti. Questo ti permette di migliorare il valore del mangime in modo mirato e di fornire ai tuoi animali un&#8217;alimentazione ottimale.   <\/span><\/p>\n<p class=\"p1\"><span class=\"s1\">Mantenere la <strong>Blaptica dubia, \"scarafaggio della foresta argentina\".<\/strong><\/span><span class=\"s1\">  \u00e8 anche molto semplice. Basta una scatola ben ventilata, alcuni cartoni per le uova o pezzi di sughero e un luogo caldo. Integrati con il Gutload e la Beetle Jelly in dotazione, gli scarafaggi si mantengono in forma e attivi.  <\/span><\/p>\n<p class=\"p1\"><span class=\"s1\">Un altro vantaggio: la <strong>Blaptica dubia \"scarafaggio della foresta argentina\"<\/strong> si riproduce in casa<\/span><span class=\"s1\">  no. Questo perch\u00e9 hanno bisogno di temperature pi\u00f9 elevate per riprodursi. Quindi non devi preoccuparti che si diffondano in modo incontrollato. Inoltre, non possono n\u00e9 arrampicarsi n\u00e9 volare, il che le rende assolutamente sicure da maneggiare. Questo \u00e8 un vero punto a favore, soprattutto per i principianti.    <\/span><\/p>\n<p class=\"p1\"><span class=\"s1\">Le dimensioni medie, la struttura corporea morbida e l&#8217;elevata accettazione da parte di molti animali li rendono estremamente versatili. Sono adatte ad animali giovani, ma anche a specie di grandi dimensioni o a mangiatori schizzinosi. <\/span><\/p>\n<p class=\"p1\"><span class=\"s1\">Con la <strong>Blaptica dubia, \"scarafaggio della foresta argentina\".<\/strong><\/span><span class=\"s1\">  Da Insektenliebe non ottieni solo animali sani e ben curati. Ottieni anche il mangime complementare giusto per aumentare i loro nutrienti in modo mirato - in modo semplice, sicuro ed efficiente. <\/span><\/p>\n<p class=\"p1\"><strong><span class=\"s3\" style=\"color: #99cc33;\">Un bocconcino sano per tutti gli insettivori:<br \/>\n<\/span><\/strong><span class=\"s1\">Umidit\u00e0 62,3<br \/>\n<\/span><span class=\"s1\">proteine 23 %<br \/>\n<\/span><span class=\"s1\">Grassi 12,8<br \/>\n<\/span><span class=\"s1\">Ceneri 1,5<br \/>\n<\/span><span class=\"s1\">Fibra grezza 3,2<\/span><\/p>\n<p><strong><span style=\"color: #99cc33;\">Taglie della selezione:<br \/>\n<\/span><\/strong><strong>S:<\/strong> 9-12 mm<br \/>\n<strong>M:<\/strong>18-22 mm<br \/>\n<strong>L:<\/strong> 23-28 mm<br \/>\n<strong>XL:<\/strong> 30-35 mm<\/p>\n","protected":false},"excerpt":{"rendered":"<p>Blaptica dubia - Il robusto scarafaggio da alimentazione e riproduzione per animali da terrario La Blaptica dubiaconosciuto anche come \"scarafaggio argentino\", \u00e8 uno degli insetti alimentari pi\u00f9 popolari in terraristica - e per una buona ragione. \u00c8 silenzioso, praticamente inodore e facile da maneggiare. Inoltre, offre un eccellente profilo nutrizionale per molti animali da terrario [&hellip;]<\/p>\n","protected":false},"featured_media":186721,"template":"","meta":{"_acf_changed":false},"product-supplier":[],"product_brand":[],"product_cat":[2817,2785],"product_tag":[],"lce-checkout-addons":[2746],"class_list":{"0":"post-190127","1":"product","2":"type-product","3":"status-publish","4":"has-post-thumbnail","6":"product_cat-animali-da-mangiare","7":"product_cat-scarafaggi","8":"product_shipping_class-spedizione-di-animali","9":"pa_herkunft-cosmopolitan","10":"pa_kontinent-sud-america","11":"lce-checkout-addons-imballaggio-invernale","13":"first","14":"instock","15":"sale","16":"taxable","17":"shipping-taxable","18":"purchasable","19":"product-type-variable"},"acf":[],"yoast_head":"<!-- This site is optimized with the Yoast SEO plugin v27.3 - https:\/\/yoast.com\/product\/yoast-seo-wordpress\/ -->\n<title>Blaptica dubia &quot;Scarafaggio delle foreste argentine - Insektenliebe<\/title>\n<meta name=\"description\" content=\"Acquista online la Blaptica dubia &quot;Scarafaggio della foresta argentina&quot;. Ottimo cibo per tutti gli insettivori. Compra direttamente dall&#039;allevatore!\" \/>\n<meta name=\"robots\" content=\"index, follow, max-snippet:-1, max-image-preview:large, max-video-preview:-1\" \/>\n<link rel=\"canonical\" href=\"https:\/\/insektenliebe.com\/it\/shop\/prodotto\/blaptica-dubia-scarafaggio-delle-foreste-argentine\/\" \/>\n<meta property=\"og:locale\" content=\"it_IT\" \/>\n<meta property=\"og:type\" content=\"article\" \/>\n<meta property=\"og:title\" content=\"Blaptica dubia &quot;Scarafaggio delle foreste argentine - Insektenliebe\" \/>\n<meta property=\"og:description\" content=\"Acquista online la Blaptica dubia &quot;Scarafaggio della foresta argentina&quot;. Ottimo cibo per tutti gli insettivori. Compra direttamente dall&#039;allevatore!\" \/>\n<meta property=\"og:url\" content=\"https:\/\/insektenliebe.com\/it\/shop\/prodotto\/blaptica-dubia-scarafaggio-delle-foreste-argentine\/\" \/>\n<meta property=\"og:site_name\" content=\"Insektenliebe\" \/>\n<meta property=\"og:image\" content=\"https:\/\/insektenliebe.com\/wp-content\/uploads\/2025\/11\/Blaptica-dubia-22Argentinische-Waldschabe22-XL.jpg\" \/>\n\t<meta property=\"og:image:width\" content=\"820\" \/>\n\t<meta property=\"og:image:height\" content=\"820\" \/>\n\t<meta property=\"og:image:type\" content=\"image\/jpeg\" \/>\n<meta name=\"twitter:card\" content=\"summary_large_image\" \/>\n<meta name=\"twitter:label1\" content=\"Tempo di lettura stimato\" \/>\n\t<meta name=\"twitter:data1\" content=\"2 minuto\" \/>\n<script type=\"application\/ld+json\" class=\"yoast-schema-graph\">{\"@context\":\"https:\\\/\\\/schema.org\",\"@graph\":[{\"@type\":\"WebPage\",\"@id\":\"https:\\\/\\\/insektenliebe.com\\\/it\\\/shop\\\/prodotto\\\/blaptica-dubia-scarafaggio-delle-foreste-argentine\\\/\",\"url\":\"https:\\\/\\\/insektenliebe.com\\\/it\\\/shop\\\/prodotto\\\/blaptica-dubia-scarafaggio-delle-foreste-argentine\\\/\",\"name\":\"Blaptica dubia \\\"Scarafaggio delle foreste argentine - Insektenliebe\",\"isPartOf\":{\"@id\":\"https:\\\/\\\/insektenliebe.com\\\/it\\\/#website\"},\"primaryImageOfPage\":{\"@id\":\"https:\\\/\\\/insektenliebe.com\\\/it\\\/shop\\\/prodotto\\\/blaptica-dubia-scarafaggio-delle-foreste-argentine\\\/#primaryimage\"},\"image\":{\"@id\":\"https:\\\/\\\/insektenliebe.com\\\/it\\\/shop\\\/prodotto\\\/blaptica-dubia-scarafaggio-delle-foreste-argentine\\\/#primaryimage\"},\"thumbnailUrl\":\"https:\\\/\\\/insektenliebe.com\\\/wp-content\\\/uploads\\\/2025\\\/11\\\/Blaptica-dubia-22Argentinische-Waldschabe22-XL.jpg\",\"datePublished\":\"2020-02-20T11:07:16+00:00\",\"description\":\"Acquista online la Blaptica dubia \\\"Scarafaggio della foresta argentina\\\". Ottimo cibo per tutti gli insettivori. Compra direttamente dall'allevatore!\",\"breadcrumb\":{\"@id\":\"https:\\\/\\\/insektenliebe.com\\\/it\\\/shop\\\/prodotto\\\/blaptica-dubia-scarafaggio-delle-foreste-argentine\\\/#breadcrumb\"},\"inLanguage\":\"it-IT\",\"potentialAction\":[{\"@type\":\"ReadAction\",\"target\":[\"https:\\\/\\\/insektenliebe.com\\\/it\\\/shop\\\/prodotto\\\/blaptica-dubia-scarafaggio-delle-foreste-argentine\\\/\"]}]},{\"@type\":\"ImageObject\",\"inLanguage\":\"it-IT\",\"@id\":\"https:\\\/\\\/insektenliebe.com\\\/it\\\/shop\\\/prodotto\\\/blaptica-dubia-scarafaggio-delle-foreste-argentine\\\/#primaryimage\",\"url\":\"https:\\\/\\\/insektenliebe.com\\\/wp-content\\\/uploads\\\/2025\\\/11\\\/Blaptica-dubia-22Argentinische-Waldschabe22-XL.jpg\",\"contentUrl\":\"https:\\\/\\\/insektenliebe.com\\\/wp-content\\\/uploads\\\/2025\\\/11\\\/Blaptica-dubia-22Argentinische-Waldschabe22-XL.jpg\",\"width\":820,\"height\":820,\"caption\":\"Blaptica dubia Scarafaggio argentino XL\"},{\"@type\":\"BreadcrumbList\",\"@id\":\"https:\\\/\\\/insektenliebe.com\\\/it\\\/shop\\\/prodotto\\\/blaptica-dubia-scarafaggio-delle-foreste-argentine\\\/#breadcrumb\",\"itemListElement\":[{\"@type\":\"ListItem\",\"position\":1,\"name\":\"Startseite\",\"item\":\"https:\\\/\\\/insektenliebe.com\\\/it\\\/\"},{\"@type\":\"ListItem\",\"position\":2,\"name\":\"Negozio\",\"item\":\"https:\\\/\\\/insektenliebe.com\\\/it\\\/negozio\\\/\"},{\"@type\":\"ListItem\",\"position\":3,\"name\":\"Blaptica dubia &#8220;Scarafaggio delle foreste argentine\"}]},{\"@type\":\"WebSite\",\"@id\":\"https:\\\/\\\/insektenliebe.com\\\/it\\\/#website\",\"url\":\"https:\\\/\\\/insektenliebe.com\\\/it\\\/\",\"name\":\"Insektenliebe\",\"description\":\"Dein Zuhause f\u00fcr die kleinen Lebewesen\",\"publisher\":{\"@id\":\"https:\\\/\\\/insektenliebe.com\\\/it\\\/#organization\"},\"potentialAction\":[{\"@type\":\"SearchAction\",\"target\":{\"@type\":\"EntryPoint\",\"urlTemplate\":\"https:\\\/\\\/insektenliebe.com\\\/it\\\/?s={search_term_string}\"},\"query-input\":{\"@type\":\"PropertyValueSpecification\",\"valueRequired\":true,\"valueName\":\"search_term_string\"}}],\"inLanguage\":\"it-IT\"},{\"@type\":\"Organization\",\"@id\":\"https:\\\/\\\/insektenliebe.com\\\/it\\\/#organization\",\"name\":\"Insektenliebe\",\"url\":\"https:\\\/\\\/insektenliebe.com\\\/it\\\/\",\"logo\":{\"@type\":\"ImageObject\",\"inLanguage\":\"it-IT\",\"@id\":\"https:\\\/\\\/insektenliebe.com\\\/it\\\/#\\\/schema\\\/logo\\\/image\\\/\",\"url\":\"https:\\\/\\\/insektenliebe.com\\\/wp-content\\\/uploads\\\/2025\\\/03\\\/logo-white.png\",\"contentUrl\":\"https:\\\/\\\/insektenliebe.com\\\/wp-content\\\/uploads\\\/2025\\\/03\\\/logo-white.png\",\"width\":288,\"height\":188,\"caption\":\"Insektenliebe\"},\"image\":{\"@id\":\"https:\\\/\\\/insektenliebe.com\\\/it\\\/#\\\/schema\\\/logo\\\/image\\\/\"}}]}<\/script>\n<!-- \/ Yoast SEO plugin. -->","yoast_head_json":{"title":"Blaptica dubia \"Scarafaggio delle foreste argentine - Insektenliebe","description":"Acquista online la Blaptica dubia \"Scarafaggio della foresta argentina\". Ottimo cibo per tutti gli insettivori. Compra direttamente dall'allevatore!","robots":{"index":"index","follow":"follow","max-snippet":"max-snippet:-1","max-image-preview":"max-image-preview:large","max-video-preview":"max-video-preview:-1"},"canonical":"https:\/\/insektenliebe.com\/it\/shop\/prodotto\/blaptica-dubia-scarafaggio-delle-foreste-argentine\/","og_locale":"it_IT","og_type":"article","og_title":"Blaptica dubia \"Scarafaggio delle foreste argentine - Insektenliebe","og_description":"Acquista online la Blaptica dubia \"Scarafaggio della foresta argentina\". Ottimo cibo per tutti gli insettivori. Compra direttamente dall'allevatore!","og_url":"https:\/\/insektenliebe.com\/it\/shop\/prodotto\/blaptica-dubia-scarafaggio-delle-foreste-argentine\/","og_site_name":"Insektenliebe","og_image":[{"width":820,"height":820,"url":"https:\/\/insektenliebe.com\/wp-content\/uploads\/2025\/11\/Blaptica-dubia-22Argentinische-Waldschabe22-XL.jpg","type":"image\/jpeg"}],"twitter_card":"summary_large_image","twitter_misc":{"Tempo di lettura stimato":"2 minuto"},"schema":{"@context":"https:\/\/schema.org","@graph":[{"@type":"WebPage","@id":"https:\/\/insektenliebe.com\/it\/shop\/prodotto\/blaptica-dubia-scarafaggio-delle-foreste-argentine\/","url":"https:\/\/insektenliebe.com\/it\/shop\/prodotto\/blaptica-dubia-scarafaggio-delle-foreste-argentine\/","name":"Blaptica dubia \"Scarafaggio delle foreste argentine - Insektenliebe","isPartOf":{"@id":"https:\/\/insektenliebe.com\/it\/#website"},"primaryImageOfPage":{"@id":"https:\/\/insektenliebe.com\/it\/shop\/prodotto\/blaptica-dubia-scarafaggio-delle-foreste-argentine\/#primaryimage"},"image":{"@id":"https:\/\/insektenliebe.com\/it\/shop\/prodotto\/blaptica-dubia-scarafaggio-delle-foreste-argentine\/#primaryimage"},"thumbnailUrl":"https:\/\/insektenliebe.com\/wp-content\/uploads\/2025\/11\/Blaptica-dubia-22Argentinische-Waldschabe22-XL.jpg","datePublished":"2020-02-20T11:07:16+00:00","description":"Acquista online la Blaptica dubia \"Scarafaggio della foresta argentina\". Ottimo cibo per tutti gli insettivori. Compra direttamente dall'allevatore!","breadcrumb":{"@id":"https:\/\/insektenliebe.com\/it\/shop\/prodotto\/blaptica-dubia-scarafaggio-delle-foreste-argentine\/#breadcrumb"},"inLanguage":"it-IT","potentialAction":[{"@type":"ReadAction","target":["https:\/\/insektenliebe.com\/it\/shop\/prodotto\/blaptica-dubia-scarafaggio-delle-foreste-argentine\/"]}]},{"@type":"ImageObject","inLanguage":"it-IT","@id":"https:\/\/insektenliebe.com\/it\/shop\/prodotto\/blaptica-dubia-scarafaggio-delle-foreste-argentine\/#primaryimage","url":"https:\/\/insektenliebe.com\/wp-content\/uploads\/2025\/11\/Blaptica-dubia-22Argentinische-Waldschabe22-XL.jpg","contentUrl":"https:\/\/insektenliebe.com\/wp-content\/uploads\/2025\/11\/Blaptica-dubia-22Argentinische-Waldschabe22-XL.jpg","width":820,"height":820,"caption":"Blaptica dubia Scarafaggio argentino XL"},{"@type":"BreadcrumbList","@id":"https:\/\/insektenliebe.com\/it\/shop\/prodotto\/blaptica-dubia-scarafaggio-delle-foreste-argentine\/#breadcrumb","itemListElement":[{"@type":"ListItem","position":1,"name":"Startseite","item":"https:\/\/insektenliebe.com\/it\/"},{"@type":"ListItem","position":2,"name":"Negozio","item":"https:\/\/insektenliebe.com\/it\/negozio\/"},{"@type":"ListItem","position":3,"name":"Blaptica dubia &#8220;Scarafaggio delle foreste argentine"}]},{"@type":"WebSite","@id":"https:\/\/insektenliebe.com\/it\/#website","url":"https:\/\/insektenliebe.com\/it\/","name":"Insektenliebe","description":"Dein Zuhause f\u00fcr die kleinen Lebewesen","publisher":{"@id":"https:\/\/insektenliebe.com\/it\/#organization"},"potentialAction":[{"@type":"SearchAction","target":{"@type":"EntryPoint","urlTemplate":"https:\/\/insektenliebe.com\/it\/?s={search_term_string}"},"query-input":{"@type":"PropertyValueSpecification","valueRequired":true,"valueName":"search_term_string"}}],"inLanguage":"it-IT"},{"@type":"Organization","@id":"https:\/\/insektenliebe.com\/it\/#organization","name":"Insektenliebe","url":"https:\/\/insektenliebe.com\/it\/","logo":{"@type":"ImageObject","inLanguage":"it-IT","@id":"https:\/\/insektenliebe.com\/it\/#\/schema\/logo\/image\/","url":"https:\/\/insektenliebe.com\/wp-content\/uploads\/2025\/03\/logo-white.png","contentUrl":"https:\/\/insektenliebe.com\/wp-content\/uploads\/2025\/03\/logo-white.png","width":288,"height":188,"caption":"Insektenliebe"},"image":{"@id":"https:\/\/insektenliebe.com\/it\/#\/schema\/logo\/image\/"}}]}},"_links":{"self":[{"href":"https:\/\/insektenliebe.com\/it\/wp-json\/wp\/v2\/product\/190127","targetHints":{"allow":["GET"]}}],"collection":[{"href":"https:\/\/insektenliebe.com\/it\/wp-json\/wp\/v2\/product"}],"about":[{"href":"https:\/\/insektenliebe.com\/it\/wp-json\/wp\/v2\/types\/product"}],"wp:featuredmedia":[{"embeddable":true,"href":"https:\/\/insektenliebe.com\/it\/wp-json\/wp\/v2\/media\/186721"}],"wp:attachment":[{"href":"https:\/\/insektenliebe.com\/it\/wp-json\/wp\/v2\/media?parent=190127"}],"wp:term":[{"taxonomy":"product-supplier","embeddable":true,"href":"https:\/\/insektenliebe.com\/it\/wp-json\/wp\/v2\/product-supplier?post=190127"},{"taxonomy":"product_brand","embeddable":true,"href":"https:\/\/insektenliebe.com\/it\/wp-json\/wp\/v2\/product_brand?post=190127"},{"taxonomy":"product_cat","embeddable":true,"href":"https:\/\/insektenliebe.com\/it\/wp-json\/wp\/v2\/product_cat?post=190127"},{"taxonomy":"product_tag","embeddable":true,"href":"https:\/\/insektenliebe.com\/it\/wp-json\/wp\/v2\/product_tag?post=190127"},{"taxonomy":"lce-checkout-addons","embeddable":true,"href":"https:\/\/insektenliebe.com\/it\/wp-json\/wp\/v2\/lce-checkout-addons?post=190127"}],"curies":[{"name":"wp","href":"https:\/\/api.w.org\/{rel}","templated":true}]}}