{"id":190122,"date":"2018-04-04T14:03:47","date_gmt":"2018-04-04T14:03:47","guid":{"rendered":"https:\/\/insektenliebe.com\/shop\/produkt\/hymenopus-coronatus-mantide-delle-orchidee\/"},"modified":"2026-04-01T18:32:06","modified_gmt":"2026-04-01T16:32:06","slug":"hymenopus-coronatus-mantide-delle-orchidee","status":"publish","type":"product","link":"https:\/\/insektenliebe.com\/it\/shop\/prodotto\/hymenopus-coronatus-mantide-delle-orchidee\/","title":{"rendered":"Hymenopus coronatus \"Mantide delle orchidee"},"content":{"rendered":"<p class=\"p1\"><span class=\"s1\">Il <\/span><strong><span class=\"s2\">Hymenopus coronatus<\/span><\/strong><span class=\"s1\">meglio conosciuto come <\/span><span class=\"s2\">mantide orchidea<\/span><span class=\"s1\">\u00e8 senza dubbio una delle pi\u00f9 spettacolari e belle mantidi in circolazione. La sua colorazione e la sua forma insolita la fanno sembrare parte di un fiore esotico: un perfetto esempio di mimetismo naturale nella sua forma pi\u00f9 sofisticata. Questa specie non solo affascina gli appassionati di terrari con il suo aspetto, ma colpisce anche per la sua natura calma e l&#8217;affascinante tecnica di caccia.  <\/span><\/p>\n<p class=\"p1\"><span class=\"s1\">Originariamente proviene da <strong><span class=\"s2\">Hymenopus coronatus<\/span><\/strong> \u00e8 originario delle regioni tropicali del Sud-Est asiatico, in particolare Malesia, Indonesia e Thailandia. Qui abita le aree a vegetazione medio-bassa delle foreste umide e pi\u00f9 calde. Il suo camuffamento lo aiuta a nascondersi tra i petali e ad aspettare le prede, soprattutto piccoli insetti attratti dal \"fiore\".  <\/span><\/p>\n<p class=\"p1\"><span class=\"s1\">La forma del corpo \u00e8 particolare: ampi \"lobi fiorali\" appiattiti lateralmente sulle zampe e sul torace e colori intensi in bianco, rosa o giallo tenue le conferiscono il tipico aspetto di orchidea. I colori possono variare a seconda della temperatura e della postura. I maschi rimangono significativamente pi\u00f9 piccoli e leggeri delle femmine e raggiungono solo circa 2,5 cm, mentre le femmine crescono fino a 8 cm.  <\/span><\/p>\n<p class=\"p1\"><span class=\"s1\">La postura di <strong><span class=\"s2\">Hymenopus coronatus<\/span><\/strong> \u00e8 relativamente esigente. Un livello di umidit\u00e0 di circa il 70-80% \u00e8 l&#8217;ideale, unito a temperature comprese tra i 25 e i 30\u00b0C. Una buona ventilazione \u00e8 essenziale per evitare la formazione di muffe. Come substrato \u00e8 adatto il muschio di sfagno o l&#8217;humus di cocco fine, preferibilmente integrato con piante vive per stabilizzare il microclima. Gli animali hanno anche bisogno di una struttura sufficiente, ad esempio di rami o foglie disposte in diagonale su cui possano liberare la pelle.    <\/span><\/p>\n<p class=\"p1\"><span class=\"s1\">Non sono particolarmente esigenti in fatto di alimentazione, ma dovrebbero ricevere regolarmente piccoli insetti come mosche della frutta (Drosophila), micro colibr\u00ec o giovani scarafaggi. La mantide orchidea \u00e8 un&#8217;abile cacciatrice di imboscate: attacca alla velocit\u00e0 della luce quando la preda si avvicina. <\/span><\/p>\n<p class=\"p1\"><span class=\"s1\">Chi \u00e8 interessato a <strong><span class=\"s2\">Hymenopus coronatus<\/span><\/strong> avrai un vero e proprio gioiello nel tuo terrario. Il suo aspetto grazioso, il suo comportamento elegante e la sua colorazione insolita ne fanno una delle specie di mantidi pi\u00f9 popolari tra gli appassionati. Si distingue in modo particolare nelle vetrine o nei terrari da esposizione di alta qualit\u00e0.  <\/span><\/p>\n<p><strong>Cibo:  <\/strong><\/p>\n<div class=\"vc_row wpb_row vc_row-fluid prrow\">\n<div class=\"wpb_column vc_column_container vc_col-sm-3\">\n<div class=\"vc_column-inner \">\n<div class=\"wpb_wrapper\">\n<div class=\"wpb_text_column wpb_content_element \">\n<div class=\"wpb_wrapper\">\n<ul>\n<li>L1\/L2: Piccoli moscerini della frutta, grilli XS<\/li>\n<li>L3\/L4: Grossi moscerini della frutta, grilli S<\/li>\n<li>L5\/L6: mosche dorate, vermi da pasto, grilli M<\/li>\n<li>L7\/adulto: mosconi, grilli L<\/li>\n<\/ul>\n<\/div>\n<\/div>\n<\/div>\n<\/div>\n<\/div>\n<\/div>\n","protected":false},"excerpt":{"rendered":"<p><span class=\"st\">Il suo aspetto floreale la rende una delle mantidi pi\u00f9 belle in assoluto.<br \/>\n<\/span><\/p>\n","protected":false},"featured_media":188256,"template":"","meta":{"_acf_changed":false},"product-supplier":[],"product_brand":[],"product_cat":[2754],"product_tag":[],"lce-checkout-addons":[2746],"class_list":{"0":"post-190122","1":"product","2":"type-product","3":"status-publish","4":"has-post-thumbnail","6":"product_cat-mantidi","7":"product_shipping_class-spedizione-di-animali","8":"pa_geschlecht-indeterminato","9":"pa_herkunft-malesia","10":"pa_kontinent-asia","11":"lce-checkout-addons-imballaggio-invernale","13":"first","14":"instock","15":"sale","16":"taxable","17":"shipping-taxable","18":"purchasable","19":"product-type-variable"},"acf":[],"yoast_head":"<!-- This site is optimized with the Yoast SEO plugin v27.3 - https:\/\/yoast.com\/product\/yoast-seo-wordpress\/ -->\n<title>Hymenopus coronatus &quot;Mantide delle orchidee - Insektenliebe<\/title>\n<meta name=\"description\" content=\"Acquista online l&#039;Hymenopus coronatus &quot;Orchid Mantis&quot;. Mantide religiosa dall&#039;aspetto affascinante e bizzarro che puoi acquistare qui direttamente dall&#039;allevatore!\" \/>\n<meta name=\"robots\" content=\"index, follow, max-snippet:-1, max-image-preview:large, max-video-preview:-1\" \/>\n<link rel=\"canonical\" href=\"https:\/\/insektenliebe.com\/it\/shop\/prodotto\/hymenopus-coronatus-mantide-delle-orchidee\/\" \/>\n<meta property=\"og:locale\" content=\"it_IT\" \/>\n<meta property=\"og:type\" content=\"article\" \/>\n<meta property=\"og:title\" content=\"Hymenopus coronatus &quot;Mantide delle orchidee - Insektenliebe\" \/>\n<meta property=\"og:description\" content=\"Acquista online l&#039;Hymenopus coronatus &quot;Orchid Mantis&quot;. Mantide religiosa dall&#039;aspetto affascinante e bizzarro che puoi acquistare qui direttamente dall&#039;allevatore!\" \/>\n<meta property=\"og:url\" content=\"https:\/\/insektenliebe.com\/it\/shop\/prodotto\/hymenopus-coronatus-mantide-delle-orchidee\/\" \/>\n<meta property=\"og:site_name\" content=\"Insektenliebe\" \/>\n<meta property=\"article:modified_time\" content=\"2026-04-01T16:32:06+00:00\" \/>\n<meta property=\"og:image\" content=\"https:\/\/insektenliebe.com\/wp-content\/uploads\/2025\/05\/HYMENOPUS-CORONATUS-frei-2.png\" \/>\n\t<meta property=\"og:image:width\" content=\"640\" \/>\n\t<meta property=\"og:image:height\" content=\"421\" \/>\n\t<meta property=\"og:image:type\" content=\"image\/png\" \/>\n<meta name=\"twitter:card\" content=\"summary_large_image\" \/>\n<meta name=\"twitter:label1\" content=\"Tempo di lettura stimato\" \/>\n\t<meta name=\"twitter:data1\" content=\"2 minuto\" \/>\n<script type=\"application\/ld+json\" class=\"yoast-schema-graph\">{\"@context\":\"https:\\\/\\\/schema.org\",\"@graph\":[{\"@type\":\"WebPage\",\"@id\":\"https:\\\/\\\/insektenliebe.com\\\/it\\\/shop\\\/prodotto\\\/hymenopus-coronatus-mantide-delle-orchidee\\\/\",\"url\":\"https:\\\/\\\/insektenliebe.com\\\/it\\\/shop\\\/prodotto\\\/hymenopus-coronatus-mantide-delle-orchidee\\\/\",\"name\":\"Hymenopus coronatus \\\"Mantide delle orchidee - Insektenliebe\",\"isPartOf\":{\"@id\":\"https:\\\/\\\/insektenliebe.com\\\/it\\\/#website\"},\"primaryImageOfPage\":{\"@id\":\"https:\\\/\\\/insektenliebe.com\\\/it\\\/shop\\\/prodotto\\\/hymenopus-coronatus-mantide-delle-orchidee\\\/#primaryimage\"},\"image\":{\"@id\":\"https:\\\/\\\/insektenliebe.com\\\/it\\\/shop\\\/prodotto\\\/hymenopus-coronatus-mantide-delle-orchidee\\\/#primaryimage\"},\"thumbnailUrl\":\"https:\\\/\\\/insektenliebe.com\\\/wp-content\\\/uploads\\\/2025\\\/05\\\/HYMENOPUS-CORONATUS-frei-2.png\",\"datePublished\":\"2018-04-04T14:03:47+00:00\",\"dateModified\":\"2026-04-01T16:32:06+00:00\",\"description\":\"Acquista online l'Hymenopus coronatus \\\"Orchid Mantis\\\". Mantide religiosa dall'aspetto affascinante e bizzarro che puoi acquistare qui direttamente dall'allevatore!\",\"breadcrumb\":{\"@id\":\"https:\\\/\\\/insektenliebe.com\\\/it\\\/shop\\\/prodotto\\\/hymenopus-coronatus-mantide-delle-orchidee\\\/#breadcrumb\"},\"inLanguage\":\"it-IT\",\"potentialAction\":[{\"@type\":\"ReadAction\",\"target\":[\"https:\\\/\\\/insektenliebe.com\\\/it\\\/shop\\\/prodotto\\\/hymenopus-coronatus-mantide-delle-orchidee\\\/\"]}]},{\"@type\":\"ImageObject\",\"inLanguage\":\"it-IT\",\"@id\":\"https:\\\/\\\/insektenliebe.com\\\/it\\\/shop\\\/prodotto\\\/hymenopus-coronatus-mantide-delle-orchidee\\\/#primaryimage\",\"url\":\"https:\\\/\\\/insektenliebe.com\\\/wp-content\\\/uploads\\\/2025\\\/05\\\/HYMENOPUS-CORONATUS-frei-2.png\",\"contentUrl\":\"https:\\\/\\\/insektenliebe.com\\\/wp-content\\\/uploads\\\/2025\\\/05\\\/HYMENOPUS-CORONATUS-frei-2.png\",\"width\":640,\"height\":421,\"caption\":\"HYMENOPUS-CORONATUS-free-2.png\"},{\"@type\":\"BreadcrumbList\",\"@id\":\"https:\\\/\\\/insektenliebe.com\\\/it\\\/shop\\\/prodotto\\\/hymenopus-coronatus-mantide-delle-orchidee\\\/#breadcrumb\",\"itemListElement\":[{\"@type\":\"ListItem\",\"position\":1,\"name\":\"Startseite\",\"item\":\"https:\\\/\\\/insektenliebe.com\\\/it\\\/\"},{\"@type\":\"ListItem\",\"position\":2,\"name\":\"Negozio\",\"item\":\"https:\\\/\\\/insektenliebe.com\\\/it\\\/negozio\\\/\"},{\"@type\":\"ListItem\",\"position\":3,\"name\":\"Hymenopus coronatus \\\"Mantide delle orchidee\"}]},{\"@type\":\"WebSite\",\"@id\":\"https:\\\/\\\/insektenliebe.com\\\/it\\\/#website\",\"url\":\"https:\\\/\\\/insektenliebe.com\\\/it\\\/\",\"name\":\"Insektenliebe\",\"description\":\"Dein Zuhause f\u00fcr die kleinen Lebewesen\",\"publisher\":{\"@id\":\"https:\\\/\\\/insektenliebe.com\\\/it\\\/#organization\"},\"potentialAction\":[{\"@type\":\"SearchAction\",\"target\":{\"@type\":\"EntryPoint\",\"urlTemplate\":\"https:\\\/\\\/insektenliebe.com\\\/it\\\/?s={search_term_string}\"},\"query-input\":{\"@type\":\"PropertyValueSpecification\",\"valueRequired\":true,\"valueName\":\"search_term_string\"}}],\"inLanguage\":\"it-IT\"},{\"@type\":\"Organization\",\"@id\":\"https:\\\/\\\/insektenliebe.com\\\/it\\\/#organization\",\"name\":\"Insektenliebe\",\"url\":\"https:\\\/\\\/insektenliebe.com\\\/it\\\/\",\"logo\":{\"@type\":\"ImageObject\",\"inLanguage\":\"it-IT\",\"@id\":\"https:\\\/\\\/insektenliebe.com\\\/it\\\/#\\\/schema\\\/logo\\\/image\\\/\",\"url\":\"https:\\\/\\\/insektenliebe.com\\\/wp-content\\\/uploads\\\/2025\\\/03\\\/logo-white.png\",\"contentUrl\":\"https:\\\/\\\/insektenliebe.com\\\/wp-content\\\/uploads\\\/2025\\\/03\\\/logo-white.png\",\"width\":288,\"height\":188,\"caption\":\"Insektenliebe\"},\"image\":{\"@id\":\"https:\\\/\\\/insektenliebe.com\\\/it\\\/#\\\/schema\\\/logo\\\/image\\\/\"}}]}<\/script>\n<!-- \/ Yoast SEO plugin. -->","yoast_head_json":{"title":"Hymenopus coronatus \"Mantide delle orchidee - Insektenliebe","description":"Acquista online l'Hymenopus coronatus \"Orchid Mantis\". Mantide religiosa dall'aspetto affascinante e bizzarro che puoi acquistare qui direttamente dall'allevatore!","robots":{"index":"index","follow":"follow","max-snippet":"max-snippet:-1","max-image-preview":"max-image-preview:large","max-video-preview":"max-video-preview:-1"},"canonical":"https:\/\/insektenliebe.com\/it\/shop\/prodotto\/hymenopus-coronatus-mantide-delle-orchidee\/","og_locale":"it_IT","og_type":"article","og_title":"Hymenopus coronatus \"Mantide delle orchidee - Insektenliebe","og_description":"Acquista online l'Hymenopus coronatus \"Orchid Mantis\". Mantide religiosa dall'aspetto affascinante e bizzarro che puoi acquistare qui direttamente dall'allevatore!","og_url":"https:\/\/insektenliebe.com\/it\/shop\/prodotto\/hymenopus-coronatus-mantide-delle-orchidee\/","og_site_name":"Insektenliebe","article_modified_time":"2026-04-01T16:32:06+00:00","og_image":[{"width":640,"height":421,"url":"https:\/\/insektenliebe.com\/wp-content\/uploads\/2025\/05\/HYMENOPUS-CORONATUS-frei-2.png","type":"image\/png"}],"twitter_card":"summary_large_image","twitter_misc":{"Tempo di lettura stimato":"2 minuto"},"schema":{"@context":"https:\/\/schema.org","@graph":[{"@type":"WebPage","@id":"https:\/\/insektenliebe.com\/it\/shop\/prodotto\/hymenopus-coronatus-mantide-delle-orchidee\/","url":"https:\/\/insektenliebe.com\/it\/shop\/prodotto\/hymenopus-coronatus-mantide-delle-orchidee\/","name":"Hymenopus coronatus \"Mantide delle orchidee - Insektenliebe","isPartOf":{"@id":"https:\/\/insektenliebe.com\/it\/#website"},"primaryImageOfPage":{"@id":"https:\/\/insektenliebe.com\/it\/shop\/prodotto\/hymenopus-coronatus-mantide-delle-orchidee\/#primaryimage"},"image":{"@id":"https:\/\/insektenliebe.com\/it\/shop\/prodotto\/hymenopus-coronatus-mantide-delle-orchidee\/#primaryimage"},"thumbnailUrl":"https:\/\/insektenliebe.com\/wp-content\/uploads\/2025\/05\/HYMENOPUS-CORONATUS-frei-2.png","datePublished":"2018-04-04T14:03:47+00:00","dateModified":"2026-04-01T16:32:06+00:00","description":"Acquista online l'Hymenopus coronatus \"Orchid Mantis\". Mantide religiosa dall'aspetto affascinante e bizzarro che puoi acquistare qui direttamente dall'allevatore!","breadcrumb":{"@id":"https:\/\/insektenliebe.com\/it\/shop\/prodotto\/hymenopus-coronatus-mantide-delle-orchidee\/#breadcrumb"},"inLanguage":"it-IT","potentialAction":[{"@type":"ReadAction","target":["https:\/\/insektenliebe.com\/it\/shop\/prodotto\/hymenopus-coronatus-mantide-delle-orchidee\/"]}]},{"@type":"ImageObject","inLanguage":"it-IT","@id":"https:\/\/insektenliebe.com\/it\/shop\/prodotto\/hymenopus-coronatus-mantide-delle-orchidee\/#primaryimage","url":"https:\/\/insektenliebe.com\/wp-content\/uploads\/2025\/05\/HYMENOPUS-CORONATUS-frei-2.png","contentUrl":"https:\/\/insektenliebe.com\/wp-content\/uploads\/2025\/05\/HYMENOPUS-CORONATUS-frei-2.png","width":640,"height":421,"caption":"HYMENOPUS-CORONATUS-free-2.png"},{"@type":"BreadcrumbList","@id":"https:\/\/insektenliebe.com\/it\/shop\/prodotto\/hymenopus-coronatus-mantide-delle-orchidee\/#breadcrumb","itemListElement":[{"@type":"ListItem","position":1,"name":"Startseite","item":"https:\/\/insektenliebe.com\/it\/"},{"@type":"ListItem","position":2,"name":"Negozio","item":"https:\/\/insektenliebe.com\/it\/negozio\/"},{"@type":"ListItem","position":3,"name":"Hymenopus coronatus \"Mantide delle orchidee"}]},{"@type":"WebSite","@id":"https:\/\/insektenliebe.com\/it\/#website","url":"https:\/\/insektenliebe.com\/it\/","name":"Insektenliebe","description":"Dein Zuhause f\u00fcr die kleinen Lebewesen","publisher":{"@id":"https:\/\/insektenliebe.com\/it\/#organization"},"potentialAction":[{"@type":"SearchAction","target":{"@type":"EntryPoint","urlTemplate":"https:\/\/insektenliebe.com\/it\/?s={search_term_string}"},"query-input":{"@type":"PropertyValueSpecification","valueRequired":true,"valueName":"search_term_string"}}],"inLanguage":"it-IT"},{"@type":"Organization","@id":"https:\/\/insektenliebe.com\/it\/#organization","name":"Insektenliebe","url":"https:\/\/insektenliebe.com\/it\/","logo":{"@type":"ImageObject","inLanguage":"it-IT","@id":"https:\/\/insektenliebe.com\/it\/#\/schema\/logo\/image\/","url":"https:\/\/insektenliebe.com\/wp-content\/uploads\/2025\/03\/logo-white.png","contentUrl":"https:\/\/insektenliebe.com\/wp-content\/uploads\/2025\/03\/logo-white.png","width":288,"height":188,"caption":"Insektenliebe"},"image":{"@id":"https:\/\/insektenliebe.com\/it\/#\/schema\/logo\/image\/"}}]}},"_links":{"self":[{"href":"https:\/\/insektenliebe.com\/it\/wp-json\/wp\/v2\/product\/190122","targetHints":{"allow":["GET"]}}],"collection":[{"href":"https:\/\/insektenliebe.com\/it\/wp-json\/wp\/v2\/product"}],"about":[{"href":"https:\/\/insektenliebe.com\/it\/wp-json\/wp\/v2\/types\/product"}],"wp:featuredmedia":[{"embeddable":true,"href":"https:\/\/insektenliebe.com\/it\/wp-json\/wp\/v2\/media\/188256"}],"wp:attachment":[{"href":"https:\/\/insektenliebe.com\/it\/wp-json\/wp\/v2\/media?parent=190122"}],"wp:term":[{"taxonomy":"product-supplier","embeddable":true,"href":"https:\/\/insektenliebe.com\/it\/wp-json\/wp\/v2\/product-supplier?post=190122"},{"taxonomy":"product_brand","embeddable":true,"href":"https:\/\/insektenliebe.com\/it\/wp-json\/wp\/v2\/product_brand?post=190122"},{"taxonomy":"product_cat","embeddable":true,"href":"https:\/\/insektenliebe.com\/it\/wp-json\/wp\/v2\/product_cat?post=190122"},{"taxonomy":"product_tag","embeddable":true,"href":"https:\/\/insektenliebe.com\/it\/wp-json\/wp\/v2\/product_tag?post=190122"},{"taxonomy":"lce-checkout-addons","embeddable":true,"href":"https:\/\/insektenliebe.com\/it\/wp-json\/wp\/v2\/lce-checkout-addons?post=190122"}],"curies":[{"name":"wp","href":"https:\/\/api.w.org\/{rel}","templated":true}]}}