{"id":190119,"date":"2020-02-27T09:21:00","date_gmt":"2020-02-27T08:21:00","guid":{"rendered":"https:\/\/insektenliebe.com\/shop\/produkt\/pachnoda-flaviventris-coleottero-della-frutta-sudafricano\/"},"modified":"2020-02-27T09:21:00","modified_gmt":"2020-02-27T08:21:00","slug":"pachnoda-flaviventris-coleottero-della-frutta-sudafricano","status":"publish","type":"product","link":"https:\/\/insektenliebe.com\/it\/shop\/prodotto\/pachnoda-flaviventris-coleottero-della-frutta-sudafricano\/","title":{"rendered":"Pachnoda flaviventris (coleottero della frutta sudafricano)"},"content":{"rendered":"<h3><span style=\"color: #99cc33;\"><strong>L&#8217;allevamento della rosa canina \u00e8 semplice: con Pachnoda flaviventris<\/strong><\/span><\/h3>\n<p class=\"\" data-start=\"66\" data-end=\"443\">Il <strong>Pachnoda flaviventris<\/strong>, noto anche come scarabeo delle rose dal ventre giallo, appartiene alla famiglia degli scarabei delle rose (Cetoniidae) e dona vita e colore al tuo terrario grazie alla sua attraente colorazione. Questa specie di coleottero, originaria del Sudafrica, \u00e8 nota per la sua robustezza e la sua semplicit\u00e0 di gestione, che la rendono ideale sia per i principianti del terrario che per gli appassionati di insetti pi\u00f9 esperti. <\/p>\n<p class=\"\" data-start=\"445\" data-end=\"922\">La <strong>Pachnoda flaviventris<\/strong> colpisce per la sua splendida colorazione: il dorso \u00e8 di un marrone caldo e intenso, armoniosamente completato da fianchi gialli a contrasto e da un ventre di un giallo sorprendente.<\/p>\n<p class=\"\" data-start=\"445\" data-end=\"922\">Questa combinazione di colori li rende un vero e proprio richiamo visivo che attira rapidamente l&#8217;attenzione nel terrario. Gli animali adulti raggiungono una lunghezza del corpo di circa 20-25 mm, il che li rende abitanti imponenti ma maneggevoli. <\/p>\n<p class=\"\" data-start=\"924\" data-end=\"1443\">L&#8217;allevamento di questi attraenti coleotteri \u00e8 semplice se si presta attenzione ad alcuni aspetti fondamentali. Il terrario deve avere una dimensione minima di 30 \u00d7 30 \u00d7 30 cm e deve essere dotato di un substrato ricco di nutrienti e di humus. Il terriccio in fiocchi si \u00e8 dimostrato particolarmente efficace in questo caso, poich\u00e9 il suo alto contenuto di nutrienti e la sua struttura sciolta creano le condizioni ideali per una crescita sana e uno sviluppo ottimale delle larve di coleottero. Inoltre, uno strato di foglie secche \u00e8 l&#8217;ideale, in quanto i coleotteri adulti amano nascondersi.   <\/p>\n<p class=\"\" data-start=\"1445\" data-end=\"1757\">La temperatura del terrario deve essere compresa tra 18 e 25 \u00b0C e mantenuta costante. Un livello di umidit\u00e0 compreso tra il 60 e l&#8217;80 % offre le condizioni ideali e favorisce il benessere degli animali. \u00c8 particolarmente importante garantire una ventilazione sufficiente per evitare il ristagno dell&#8217;acqua e la formazione di muffa.  <\/p>\n<p class=\"\" data-start=\"41\" data-end=\"491\">Dovresti controllare regolarmente il substrato di allevamento per verificare la presenza di acari, che si moltiplicano facilmente in ambienti umidi e ricchi di sostanze nutritive. Le code di primavera sono un ottimo supporto in questo caso: utilizzano i residui organici e aiutano a mantenere l&#8217;equilibrio biologico nel substrato. In questo modo il terrario rimane pulito e le condizioni per le larve di coleottero sono ottimali.  <\/p>\n<p class=\"\" data-start=\"1759\" data-end=\"2148\">La dieta della <strong>Pachnoda flaviventris<\/strong> \u00e8 molto semplice: i coleotteri adulti si nutrono principalmente di frutta dolce e matura, gelatina di coleotteri, acqua di miele e gammarus, mentre le larve vivono principalmente nel substrato e si nutrono di terra in scaglie. Questa dieta semplice li rende abitanti del terrario facili da mantenere e che richiedono poco sforzo. <\/p>\n<p class=\"\" data-start=\"2150\" data-end=\"2438\">I <strong>Pachnoda flaviventris<\/strong> sono coleotteri pacifici che possono essere facilmente tenuti in gruppo. Hanno un comportamento attivo e arricchiscono il terrario con la loro presenza e il loro interessante comportamento sociale. La loro attivit\u00e0 durante il giorno li rende anche oggetti ideali per l&#8217;osservazione.  <\/p>\n<p class=\"\" data-start=\"2440\" data-end=\"2582\">Anche l&#8217;allevamento di questi scarabei della rosa \u00e8 piuttosto semplice e di solito ha successo, il che garantisce un ulteriore piacere nel tenerli.<\/p>\n<p class=\"\" data-start=\"2584\" data-end=\"2775\">Porta la coloratissima <strong>Pachnoda flaviventris<\/strong> nel tuo terrario e goditi la vista di questi impressionanti coleotteri, che ti offrono un&#8217;affascinante panoramica sul mondo dei coleotteri della rosa.<\/p>\n","protected":false},"excerpt":{"rendered":"<p>Specie di coleottero facile da tenere che si distingue per la sua colorazione dorsale giallo-nera ad alto contrasto. Ricorda un po&#8217; il test delle macchie d&#8217;inchiostro. <\/p>\n","protected":false},"featured_media":186684,"template":"","meta":{"_acf_changed":false},"product-supplier":[],"product_brand":[],"product_cat":[2829],"product_tag":[],"lce-checkout-addons":[2746],"class_list":{"0":"post-190119","1":"product","2":"type-product","3":"status-publish","4":"has-post-thumbnail","6":"product_cat-altri-invertebrati","7":"product_shipping_class-spedizione-di-animali","8":"pa_herkunft-sudafrica","9":"pa_kontinent-africa","10":"lce-checkout-addons-imballaggio-invernale","12":"first","13":"outofstock","14":"taxable","15":"shipping-taxable","16":"purchasable","17":"product-type-variable","18":"has-default-attributes"},"acf":[],"yoast_head":"<!-- This site is optimized with the Yoast SEO plugin v27.3 - https:\/\/yoast.com\/product\/yoast-seo-wordpress\/ -->\n<title>Pachnoda flaviventris (coleottero della frutta sudafricano) - Insektenliebe<\/title>\n<meta name=\"description\" content=\"Acquista online Pachnoda flaviventris a buon mercato. I nostri coleotteri della frutta sudafricani sono figli nostri e possono essere acquistati direttamente dall&#039;allevatore.\" \/>\n<meta name=\"robots\" content=\"index, follow, max-snippet:-1, max-image-preview:large, max-video-preview:-1\" \/>\n<link rel=\"canonical\" href=\"https:\/\/insektenliebe.com\/it\/shop\/prodotto\/pachnoda-flaviventris-coleottero-della-frutta-sudafricano\/\" \/>\n<meta property=\"og:locale\" content=\"it_IT\" \/>\n<meta property=\"og:type\" content=\"article\" \/>\n<meta property=\"og:title\" content=\"Pachnoda flaviventris (coleottero della frutta sudafricano) - Insektenliebe\" \/>\n<meta property=\"og:description\" content=\"Acquista online Pachnoda flaviventris a buon mercato. I nostri coleotteri della frutta sudafricani sono figli nostri e possono essere acquistati direttamente dall&#039;allevatore.\" \/>\n<meta property=\"og:url\" content=\"https:\/\/insektenliebe.com\/it\/shop\/prodotto\/pachnoda-flaviventris-coleottero-della-frutta-sudafricano\/\" \/>\n<meta property=\"og:site_name\" content=\"Insektenliebe\" \/>\n<meta property=\"og:image\" content=\"https:\/\/insektenliebe.com\/wp-content\/uploads\/2020\/02\/Pachnoda-flaviventris-Suedafrikanische-Fruchtkaefer.jpg\" \/>\n\t<meta property=\"og:image:width\" content=\"820\" \/>\n\t<meta property=\"og:image:height\" content=\"820\" \/>\n\t<meta property=\"og:image:type\" content=\"image\/jpeg\" \/>\n<meta name=\"twitter:card\" content=\"summary_large_image\" \/>\n<meta name=\"twitter:label1\" content=\"Tempo di lettura stimato\" \/>\n\t<meta name=\"twitter:data1\" content=\"2 minuto\" \/>\n<script type=\"application\/ld+json\" class=\"yoast-schema-graph\">{\"@context\":\"https:\\\/\\\/schema.org\",\"@graph\":[{\"@type\":\"WebPage\",\"@id\":\"https:\\\/\\\/insektenliebe.com\\\/it\\\/shop\\\/prodotto\\\/pachnoda-flaviventris-coleottero-della-frutta-sudafricano\\\/\",\"url\":\"https:\\\/\\\/insektenliebe.com\\\/it\\\/shop\\\/prodotto\\\/pachnoda-flaviventris-coleottero-della-frutta-sudafricano\\\/\",\"name\":\"Pachnoda flaviventris (coleottero della frutta sudafricano) - Insektenliebe\",\"isPartOf\":{\"@id\":\"https:\\\/\\\/insektenliebe.com\\\/it\\\/#website\"},\"primaryImageOfPage\":{\"@id\":\"https:\\\/\\\/insektenliebe.com\\\/it\\\/shop\\\/prodotto\\\/pachnoda-flaviventris-coleottero-della-frutta-sudafricano\\\/#primaryimage\"},\"image\":{\"@id\":\"https:\\\/\\\/insektenliebe.com\\\/it\\\/shop\\\/prodotto\\\/pachnoda-flaviventris-coleottero-della-frutta-sudafricano\\\/#primaryimage\"},\"thumbnailUrl\":\"https:\\\/\\\/insektenliebe.com\\\/wp-content\\\/uploads\\\/2020\\\/02\\\/Pachnoda-flaviventris-Suedafrikanische-Fruchtkaefer.jpg\",\"datePublished\":\"2020-02-27T08:21:00+00:00\",\"description\":\"Acquista online Pachnoda flaviventris a buon mercato. I nostri coleotteri della frutta sudafricani sono figli nostri e possono essere acquistati direttamente dall'allevatore.\",\"breadcrumb\":{\"@id\":\"https:\\\/\\\/insektenliebe.com\\\/it\\\/shop\\\/prodotto\\\/pachnoda-flaviventris-coleottero-della-frutta-sudafricano\\\/#breadcrumb\"},\"inLanguage\":\"it-IT\",\"potentialAction\":[{\"@type\":\"ReadAction\",\"target\":[\"https:\\\/\\\/insektenliebe.com\\\/it\\\/shop\\\/prodotto\\\/pachnoda-flaviventris-coleottero-della-frutta-sudafricano\\\/\"]}]},{\"@type\":\"ImageObject\",\"inLanguage\":\"it-IT\",\"@id\":\"https:\\\/\\\/insektenliebe.com\\\/it\\\/shop\\\/prodotto\\\/pachnoda-flaviventris-coleottero-della-frutta-sudafricano\\\/#primaryimage\",\"url\":\"https:\\\/\\\/insektenliebe.com\\\/wp-content\\\/uploads\\\/2020\\\/02\\\/Pachnoda-flaviventris-Suedafrikanische-Fruchtkaefer.jpg\",\"contentUrl\":\"https:\\\/\\\/insektenliebe.com\\\/wp-content\\\/uploads\\\/2020\\\/02\\\/Pachnoda-flaviventris-Suedafrikanische-Fruchtkaefer.jpg\",\"width\":820,\"height\":820,\"caption\":\"Pachnoda flaviventris (coleottero della frutta sudafricano)\"},{\"@type\":\"BreadcrumbList\",\"@id\":\"https:\\\/\\\/insektenliebe.com\\\/it\\\/shop\\\/prodotto\\\/pachnoda-flaviventris-coleottero-della-frutta-sudafricano\\\/#breadcrumb\",\"itemListElement\":[{\"@type\":\"ListItem\",\"position\":1,\"name\":\"Startseite\",\"item\":\"https:\\\/\\\/insektenliebe.com\\\/it\\\/\"},{\"@type\":\"ListItem\",\"position\":2,\"name\":\"Negozio\",\"item\":\"https:\\\/\\\/insektenliebe.com\\\/it\\\/negozio\\\/\"},{\"@type\":\"ListItem\",\"position\":3,\"name\":\"Pachnoda flaviventris (coleottero della frutta sudafricano)\"}]},{\"@type\":\"WebSite\",\"@id\":\"https:\\\/\\\/insektenliebe.com\\\/it\\\/#website\",\"url\":\"https:\\\/\\\/insektenliebe.com\\\/it\\\/\",\"name\":\"Insektenliebe\",\"description\":\"Dein Zuhause f\u00fcr die kleinen Lebewesen\",\"publisher\":{\"@id\":\"https:\\\/\\\/insektenliebe.com\\\/it\\\/#organization\"},\"potentialAction\":[{\"@type\":\"SearchAction\",\"target\":{\"@type\":\"EntryPoint\",\"urlTemplate\":\"https:\\\/\\\/insektenliebe.com\\\/it\\\/?s={search_term_string}\"},\"query-input\":{\"@type\":\"PropertyValueSpecification\",\"valueRequired\":true,\"valueName\":\"search_term_string\"}}],\"inLanguage\":\"it-IT\"},{\"@type\":\"Organization\",\"@id\":\"https:\\\/\\\/insektenliebe.com\\\/it\\\/#organization\",\"name\":\"Insektenliebe\",\"url\":\"https:\\\/\\\/insektenliebe.com\\\/it\\\/\",\"logo\":{\"@type\":\"ImageObject\",\"inLanguage\":\"it-IT\",\"@id\":\"https:\\\/\\\/insektenliebe.com\\\/it\\\/#\\\/schema\\\/logo\\\/image\\\/\",\"url\":\"https:\\\/\\\/insektenliebe.com\\\/wp-content\\\/uploads\\\/2025\\\/03\\\/logo-white.png\",\"contentUrl\":\"https:\\\/\\\/insektenliebe.com\\\/wp-content\\\/uploads\\\/2025\\\/03\\\/logo-white.png\",\"width\":288,\"height\":188,\"caption\":\"Insektenliebe\"},\"image\":{\"@id\":\"https:\\\/\\\/insektenliebe.com\\\/it\\\/#\\\/schema\\\/logo\\\/image\\\/\"}}]}<\/script>\n<!-- \/ Yoast SEO plugin. -->","yoast_head_json":{"title":"Pachnoda flaviventris (coleottero della frutta sudafricano) - Insektenliebe","description":"Acquista online Pachnoda flaviventris a buon mercato. I nostri coleotteri della frutta sudafricani sono figli nostri e possono essere acquistati direttamente dall'allevatore.","robots":{"index":"index","follow":"follow","max-snippet":"max-snippet:-1","max-image-preview":"max-image-preview:large","max-video-preview":"max-video-preview:-1"},"canonical":"https:\/\/insektenliebe.com\/it\/shop\/prodotto\/pachnoda-flaviventris-coleottero-della-frutta-sudafricano\/","og_locale":"it_IT","og_type":"article","og_title":"Pachnoda flaviventris (coleottero della frutta sudafricano) - Insektenliebe","og_description":"Acquista online Pachnoda flaviventris a buon mercato. I nostri coleotteri della frutta sudafricani sono figli nostri e possono essere acquistati direttamente dall'allevatore.","og_url":"https:\/\/insektenliebe.com\/it\/shop\/prodotto\/pachnoda-flaviventris-coleottero-della-frutta-sudafricano\/","og_site_name":"Insektenliebe","og_image":[{"width":820,"height":820,"url":"https:\/\/insektenliebe.com\/wp-content\/uploads\/2020\/02\/Pachnoda-flaviventris-Suedafrikanische-Fruchtkaefer.jpg","type":"image\/jpeg"}],"twitter_card":"summary_large_image","twitter_misc":{"Tempo di lettura stimato":"2 minuto"},"schema":{"@context":"https:\/\/schema.org","@graph":[{"@type":"WebPage","@id":"https:\/\/insektenliebe.com\/it\/shop\/prodotto\/pachnoda-flaviventris-coleottero-della-frutta-sudafricano\/","url":"https:\/\/insektenliebe.com\/it\/shop\/prodotto\/pachnoda-flaviventris-coleottero-della-frutta-sudafricano\/","name":"Pachnoda flaviventris (coleottero della frutta sudafricano) - Insektenliebe","isPartOf":{"@id":"https:\/\/insektenliebe.com\/it\/#website"},"primaryImageOfPage":{"@id":"https:\/\/insektenliebe.com\/it\/shop\/prodotto\/pachnoda-flaviventris-coleottero-della-frutta-sudafricano\/#primaryimage"},"image":{"@id":"https:\/\/insektenliebe.com\/it\/shop\/prodotto\/pachnoda-flaviventris-coleottero-della-frutta-sudafricano\/#primaryimage"},"thumbnailUrl":"https:\/\/insektenliebe.com\/wp-content\/uploads\/2020\/02\/Pachnoda-flaviventris-Suedafrikanische-Fruchtkaefer.jpg","datePublished":"2020-02-27T08:21:00+00:00","description":"Acquista online Pachnoda flaviventris a buon mercato. I nostri coleotteri della frutta sudafricani sono figli nostri e possono essere acquistati direttamente dall'allevatore.","breadcrumb":{"@id":"https:\/\/insektenliebe.com\/it\/shop\/prodotto\/pachnoda-flaviventris-coleottero-della-frutta-sudafricano\/#breadcrumb"},"inLanguage":"it-IT","potentialAction":[{"@type":"ReadAction","target":["https:\/\/insektenliebe.com\/it\/shop\/prodotto\/pachnoda-flaviventris-coleottero-della-frutta-sudafricano\/"]}]},{"@type":"ImageObject","inLanguage":"it-IT","@id":"https:\/\/insektenliebe.com\/it\/shop\/prodotto\/pachnoda-flaviventris-coleottero-della-frutta-sudafricano\/#primaryimage","url":"https:\/\/insektenliebe.com\/wp-content\/uploads\/2020\/02\/Pachnoda-flaviventris-Suedafrikanische-Fruchtkaefer.jpg","contentUrl":"https:\/\/insektenliebe.com\/wp-content\/uploads\/2020\/02\/Pachnoda-flaviventris-Suedafrikanische-Fruchtkaefer.jpg","width":820,"height":820,"caption":"Pachnoda flaviventris (coleottero della frutta sudafricano)"},{"@type":"BreadcrumbList","@id":"https:\/\/insektenliebe.com\/it\/shop\/prodotto\/pachnoda-flaviventris-coleottero-della-frutta-sudafricano\/#breadcrumb","itemListElement":[{"@type":"ListItem","position":1,"name":"Startseite","item":"https:\/\/insektenliebe.com\/it\/"},{"@type":"ListItem","position":2,"name":"Negozio","item":"https:\/\/insektenliebe.com\/it\/negozio\/"},{"@type":"ListItem","position":3,"name":"Pachnoda flaviventris (coleottero della frutta sudafricano)"}]},{"@type":"WebSite","@id":"https:\/\/insektenliebe.com\/it\/#website","url":"https:\/\/insektenliebe.com\/it\/","name":"Insektenliebe","description":"Dein Zuhause f\u00fcr die kleinen Lebewesen","publisher":{"@id":"https:\/\/insektenliebe.com\/it\/#organization"},"potentialAction":[{"@type":"SearchAction","target":{"@type":"EntryPoint","urlTemplate":"https:\/\/insektenliebe.com\/it\/?s={search_term_string}"},"query-input":{"@type":"PropertyValueSpecification","valueRequired":true,"valueName":"search_term_string"}}],"inLanguage":"it-IT"},{"@type":"Organization","@id":"https:\/\/insektenliebe.com\/it\/#organization","name":"Insektenliebe","url":"https:\/\/insektenliebe.com\/it\/","logo":{"@type":"ImageObject","inLanguage":"it-IT","@id":"https:\/\/insektenliebe.com\/it\/#\/schema\/logo\/image\/","url":"https:\/\/insektenliebe.com\/wp-content\/uploads\/2025\/03\/logo-white.png","contentUrl":"https:\/\/insektenliebe.com\/wp-content\/uploads\/2025\/03\/logo-white.png","width":288,"height":188,"caption":"Insektenliebe"},"image":{"@id":"https:\/\/insektenliebe.com\/it\/#\/schema\/logo\/image\/"}}]}},"_links":{"self":[{"href":"https:\/\/insektenliebe.com\/it\/wp-json\/wp\/v2\/product\/190119","targetHints":{"allow":["GET"]}}],"collection":[{"href":"https:\/\/insektenliebe.com\/it\/wp-json\/wp\/v2\/product"}],"about":[{"href":"https:\/\/insektenliebe.com\/it\/wp-json\/wp\/v2\/types\/product"}],"wp:featuredmedia":[{"embeddable":true,"href":"https:\/\/insektenliebe.com\/it\/wp-json\/wp\/v2\/media\/186684"}],"wp:attachment":[{"href":"https:\/\/insektenliebe.com\/it\/wp-json\/wp\/v2\/media?parent=190119"}],"wp:term":[{"taxonomy":"product-supplier","embeddable":true,"href":"https:\/\/insektenliebe.com\/it\/wp-json\/wp\/v2\/product-supplier?post=190119"},{"taxonomy":"product_brand","embeddable":true,"href":"https:\/\/insektenliebe.com\/it\/wp-json\/wp\/v2\/product_brand?post=190119"},{"taxonomy":"product_cat","embeddable":true,"href":"https:\/\/insektenliebe.com\/it\/wp-json\/wp\/v2\/product_cat?post=190119"},{"taxonomy":"product_tag","embeddable":true,"href":"https:\/\/insektenliebe.com\/it\/wp-json\/wp\/v2\/product_tag?post=190119"},{"taxonomy":"lce-checkout-addons","embeddable":true,"href":"https:\/\/insektenliebe.com\/it\/wp-json\/wp\/v2\/lce-checkout-addons?post=190119"}],"curies":[{"name":"wp","href":"https:\/\/api.w.org\/{rel}","templated":true}]}}