{"id":190108,"date":"2023-02-15T18:45:06","date_gmt":"2023-02-15T16:45:06","guid":{"rendered":"https:\/\/insektenliebe.com\/shop\/produkt\/brachypelma-hamorii-tarantola-dalle-ginocchia-rosse\/"},"modified":"2026-03-21T21:44:27","modified_gmt":"2026-03-21T20:44:27","slug":"brachypelma-hamorii-tarantola-dalle-ginocchia-rosse","status":"publish","type":"product","link":"https:\/\/insektenliebe.com\/it\/shop\/prodotto\/brachypelma-hamorii-tarantola-dalle-ginocchia-rosse\/","title":{"rendered":"Brachypelma hamorii \"Tarantola dalle ginocchia rosse"},"content":{"rendered":"<h3 class=\"p1\"><span style=\"color: #99cc33\"><strong><span class=\"s1\">Brachypelma hamorii - Il classico colorato tra le tarantole<\/span><\/strong><\/span><\/h3>\n<p class=\"p1\"><span class=\"s1\">La <strong>Brachypelma hamorii<\/strong>, spesso chiamata tarantola messicana dalle ginocchia rosse, \u00e8 una delle specie di tarantola pi\u00f9 conosciute e popolari nell&#8217;hobby del terrario. Il suo aspetto sorprendente, con le zampe di un nero intenso, le articolazioni delle ginocchia di un rosso arancione brillante e il carapace marrone dorato a contrasto, la rende un vero e proprio richiamo visivo. Questa intensit\u00e0 di colore si mantiene anche negli animali adulti per molti anni e fa s\u00ec che la B. hamorii sia apprezzata in tutto il mondo.  <\/span><\/p>\n<p class=\"p1\"><span class=\"s1\">Questa specie \u00e8 originaria delle regioni aride e cespugliose del Messico, dove vive in tane che ha scavato da sola o che ha sottratto ad altri animali. Trascorre gran parte della sua vita all&#8217;interno o nelle vicinanze della tana e ha un comportamento piuttosto calmo e tranquillo. Grazie al suo carattere equilibrato e alla sua robustezza, \u00e8 considerato da molti allevatori come un ragno ideale per i principianti; tuttavia, deve essere sempre trattato con rispetto poich\u00e9, come molte specie del Nuovo Mondo, utilizza peli urticanti per difendersi.  <\/span><\/p>\n<p class=\"p1\"><span class=\"s1\">Si consiglia di allestire un terrario di dimensioni minime di circa 30 \u00d7 30 \u00d7 30 cm. Un substrato asciutto e scavabile di terriccio sabbioso o di humus di cocco con occasionali inumidimenti leggeri fornisce le condizioni ideali. Un riparo come un tubo di sughero o mezzo guscio di noce di cocco sar\u00e0 accettato con piacere. Una piccola ciotola d&#8217;acqua deve essere sempre disponibile per favorire l&#8217;umidit\u00e0 di base e fornire al ragno acqua potabile. La temperatura del terrario deve essere compresa tra i 24 e i 28 \u00b0C, mentre di notte pu\u00f2 scendere a temperatura ambiente. Un&#8217;umidit\u00e0 del 60-70% \u00e8 l&#8217;ideale.     <\/span><\/p>\n<p class=\"p1\"><span class=\"s1\">Il <strong>Brachypelma hamorii<\/strong> cresce relativamente lentamente e, con una buona cura, pu\u00f2 raggiungere un&#8217;aspettativa di vita di oltre 20 anni, con le femmine che invecchiano notevolmente rispetto ai maschi. La dieta \u00e8 semplice: grilli, grillini, scarafaggi e occasionalmente cavallette pi\u00f9 piccole sono prontamente accettate. Gli animali giovani possono essere nutriti con cibo pi\u00f9 piccolo in base alle loro dimensioni.  <\/span><\/p>\n<p class=\"p1\"><span class=\"s1\">Questa specie non \u00e8 solo un pezzo forte di ogni collezione per la sua bellezza, ma anche per la sua longevit\u00e0 e il suo temperamento tranquillo. Chiunque sia alla ricerca di una tarantola visivamente impressionante, robusta e longeva potr\u00e0 godere della <strong>Brachypelma hamorii<\/strong> per molti anni. <\/span><\/p>\n<p class=\"p1\"><strong>Nota sull&#8217;obbligo di rendicontazione:<\/strong><b><\/b><\/p>\n<p class=\"p1\">Questa specie di tarantola \u00e8 soggetta a registrazione obbligatoria. La legge richiede una prova di origine per questo animale. Se ordini da noi una specie soggetta a registrazione, riceverai automaticamente un link per scaricare il relativo certificato con la conferma dell&#8217;ordine. In questo modo avrai subito a portata di mano tutti i documenti necessari e potrai conservarli in formato digitale o stampato.   <\/p>\n","protected":false},"excerpt":{"rendered":"<p>Brachypelma hamorii - Il classico colorato tra le tarantole La Brachypelma hamorii, spesso chiamata tarantola messicana dalle ginocchia rosse, \u00e8 una delle specie di tarantola pi\u00f9 conosciute e popolari nell&#8217;hobby del terrario. Il suo aspetto sorprendente, con le zampe di un nero intenso, le articolazioni delle ginocchia di un rosso arancione brillante e il carapace [&hellip;]<\/p>\n","protected":false},"featured_media":186662,"template":"","meta":{"_acf_changed":false},"product-supplier":[],"product_brand":[],"product_cat":[2809,3004],"product_tag":[],"lce-checkout-addons":[2746],"class_list":{"0":"post-190108","1":"product","2":"type-product","3":"status-publish","4":"has-post-thumbnail","6":"product_cat-ragni","7":"product_cat-tarantole","8":"product_shipping_class-spedizione-di-animali","9":"pa_geschlecht-donna","10":"pa_geschlecht-indeterminato","11":"pa_geschlecht-uomo","12":"pa_herkunft-messico","13":"pa_kontinent-nord-america","14":"lce-checkout-addons-imballaggio-invernale","16":"first","17":"instock","18":"sale","19":"taxable","20":"shipping-taxable","21":"purchasable","22":"product-type-variable"},"acf":[],"yoast_head":"<!-- This site is optimized with the Yoast SEO plugin v27.3 - https:\/\/yoast.com\/product\/yoast-seo-wordpress\/ -->\n<title>acquista Brachypelma hamorii &quot;Tarantola dalle ginocchia rosse% %<\/title>\n<meta name=\"description\" content=\"Acquista a buon mercato la Brachypelma hamorii direttamente online. La famosa tarantola pu\u00f2 essere acquistata qui direttamente dall&#039;allevatore. Adatta anche ai principianti!\" \/>\n<meta name=\"robots\" content=\"index, follow, max-snippet:-1, max-image-preview:large, max-video-preview:-1\" \/>\n<link rel=\"canonical\" href=\"https:\/\/insektenliebe.com\/it\/shop\/prodotto\/brachypelma-hamorii-tarantola-dalle-ginocchia-rosse\/\" \/>\n<meta property=\"og:locale\" content=\"it_IT\" \/>\n<meta property=\"og:type\" content=\"article\" \/>\n<meta property=\"og:title\" content=\"acquista Brachypelma hamorii &quot;Tarantola dalle ginocchia rosse% %\" \/>\n<meta property=\"og:description\" content=\"Acquista a buon mercato la Brachypelma hamorii direttamente online. La famosa tarantola pu\u00f2 essere acquistata qui direttamente dall&#039;allevatore. Adatta anche ai principianti!\" \/>\n<meta property=\"og:url\" content=\"https:\/\/insektenliebe.com\/it\/shop\/prodotto\/brachypelma-hamorii-tarantola-dalle-ginocchia-rosse\/\" \/>\n<meta property=\"og:site_name\" content=\"Insektenliebe\" \/>\n<meta property=\"article:modified_time\" content=\"2026-03-21T20:44:27+00:00\" \/>\n<meta property=\"og:image\" content=\"https:\/\/insektenliebe.com\/wp-content\/uploads\/2025\/05\/Brachypelma-hamorii-1-2.jpg\" \/>\n\t<meta property=\"og:image:width\" content=\"820\" \/>\n\t<meta property=\"og:image:height\" content=\"820\" \/>\n\t<meta property=\"og:image:type\" content=\"image\/jpeg\" \/>\n<meta name=\"twitter:card\" content=\"summary_large_image\" \/>\n<meta name=\"twitter:label1\" content=\"Tempo di lettura stimato\" \/>\n\t<meta name=\"twitter:data1\" content=\"2 minuto\" \/>\n<script type=\"application\/ld+json\" class=\"yoast-schema-graph\">{\"@context\":\"https:\\\/\\\/schema.org\",\"@graph\":[{\"@type\":\"WebPage\",\"@id\":\"https:\\\/\\\/insektenliebe.com\\\/it\\\/shop\\\/prodotto\\\/brachypelma-hamorii-tarantola-dalle-ginocchia-rosse\\\/\",\"url\":\"https:\\\/\\\/insektenliebe.com\\\/it\\\/shop\\\/prodotto\\\/brachypelma-hamorii-tarantola-dalle-ginocchia-rosse\\\/\",\"name\":\"acquista Brachypelma hamorii \\\"Tarantola dalle ginocchia rosse% %\",\"isPartOf\":{\"@id\":\"https:\\\/\\\/insektenliebe.com\\\/it\\\/#website\"},\"primaryImageOfPage\":{\"@id\":\"https:\\\/\\\/insektenliebe.com\\\/it\\\/shop\\\/prodotto\\\/brachypelma-hamorii-tarantola-dalle-ginocchia-rosse\\\/#primaryimage\"},\"image\":{\"@id\":\"https:\\\/\\\/insektenliebe.com\\\/it\\\/shop\\\/prodotto\\\/brachypelma-hamorii-tarantola-dalle-ginocchia-rosse\\\/#primaryimage\"},\"thumbnailUrl\":\"https:\\\/\\\/insektenliebe.com\\\/wp-content\\\/uploads\\\/2025\\\/05\\\/Brachypelma-hamorii-1-2.jpg\",\"datePublished\":\"2023-02-15T16:45:06+00:00\",\"dateModified\":\"2026-03-21T20:44:27+00:00\",\"description\":\"Acquista a buon mercato la Brachypelma hamorii direttamente online. La famosa tarantola pu\u00f2 essere acquistata qui direttamente dall'allevatore. Adatta anche ai principianti!\",\"breadcrumb\":{\"@id\":\"https:\\\/\\\/insektenliebe.com\\\/it\\\/shop\\\/prodotto\\\/brachypelma-hamorii-tarantola-dalle-ginocchia-rosse\\\/#breadcrumb\"},\"inLanguage\":\"it-IT\",\"potentialAction\":[{\"@type\":\"ReadAction\",\"target\":[\"https:\\\/\\\/insektenliebe.com\\\/it\\\/shop\\\/prodotto\\\/brachypelma-hamorii-tarantola-dalle-ginocchia-rosse\\\/\"]}]},{\"@type\":\"ImageObject\",\"inLanguage\":\"it-IT\",\"@id\":\"https:\\\/\\\/insektenliebe.com\\\/it\\\/shop\\\/prodotto\\\/brachypelma-hamorii-tarantola-dalle-ginocchia-rosse\\\/#primaryimage\",\"url\":\"https:\\\/\\\/insektenliebe.com\\\/wp-content\\\/uploads\\\/2025\\\/05\\\/Brachypelma-hamorii-1-2.jpg\",\"contentUrl\":\"https:\\\/\\\/insektenliebe.com\\\/wp-content\\\/uploads\\\/2025\\\/05\\\/Brachypelma-hamorii-1-2.jpg\",\"width\":820,\"height\":820,\"caption\":\"Brachypelma-hamorii-1-2.jpg\"},{\"@type\":\"BreadcrumbList\",\"@id\":\"https:\\\/\\\/insektenliebe.com\\\/it\\\/shop\\\/prodotto\\\/brachypelma-hamorii-tarantola-dalle-ginocchia-rosse\\\/#breadcrumb\",\"itemListElement\":[{\"@type\":\"ListItem\",\"position\":1,\"name\":\"Startseite\",\"item\":\"https:\\\/\\\/insektenliebe.com\\\/it\\\/\"},{\"@type\":\"ListItem\",\"position\":2,\"name\":\"Negozio\",\"item\":\"https:\\\/\\\/insektenliebe.com\\\/it\\\/negozio\\\/\"},{\"@type\":\"ListItem\",\"position\":3,\"name\":\"Brachypelma hamorii \\\"Tarantola dalle ginocchia rosse\"}]},{\"@type\":\"WebSite\",\"@id\":\"https:\\\/\\\/insektenliebe.com\\\/it\\\/#website\",\"url\":\"https:\\\/\\\/insektenliebe.com\\\/it\\\/\",\"name\":\"Insektenliebe\",\"description\":\"Dein Zuhause f\u00fcr die kleinen Lebewesen\",\"publisher\":{\"@id\":\"https:\\\/\\\/insektenliebe.com\\\/it\\\/#organization\"},\"potentialAction\":[{\"@type\":\"SearchAction\",\"target\":{\"@type\":\"EntryPoint\",\"urlTemplate\":\"https:\\\/\\\/insektenliebe.com\\\/it\\\/?s={search_term_string}\"},\"query-input\":{\"@type\":\"PropertyValueSpecification\",\"valueRequired\":true,\"valueName\":\"search_term_string\"}}],\"inLanguage\":\"it-IT\"},{\"@type\":\"Organization\",\"@id\":\"https:\\\/\\\/insektenliebe.com\\\/it\\\/#organization\",\"name\":\"Insektenliebe\",\"url\":\"https:\\\/\\\/insektenliebe.com\\\/it\\\/\",\"logo\":{\"@type\":\"ImageObject\",\"inLanguage\":\"it-IT\",\"@id\":\"https:\\\/\\\/insektenliebe.com\\\/it\\\/#\\\/schema\\\/logo\\\/image\\\/\",\"url\":\"https:\\\/\\\/insektenliebe.com\\\/wp-content\\\/uploads\\\/2025\\\/03\\\/logo-white.png\",\"contentUrl\":\"https:\\\/\\\/insektenliebe.com\\\/wp-content\\\/uploads\\\/2025\\\/03\\\/logo-white.png\",\"width\":288,\"height\":188,\"caption\":\"Insektenliebe\"},\"image\":{\"@id\":\"https:\\\/\\\/insektenliebe.com\\\/it\\\/#\\\/schema\\\/logo\\\/image\\\/\"}}]}<\/script>\n<!-- \/ Yoast SEO plugin. -->","yoast_head_json":{"title":"acquista Brachypelma hamorii \"Tarantola dalle ginocchia rosse% %","description":"Acquista a buon mercato la Brachypelma hamorii direttamente online. La famosa tarantola pu\u00f2 essere acquistata qui direttamente dall'allevatore. Adatta anche ai principianti!","robots":{"index":"index","follow":"follow","max-snippet":"max-snippet:-1","max-image-preview":"max-image-preview:large","max-video-preview":"max-video-preview:-1"},"canonical":"https:\/\/insektenliebe.com\/it\/shop\/prodotto\/brachypelma-hamorii-tarantola-dalle-ginocchia-rosse\/","og_locale":"it_IT","og_type":"article","og_title":"acquista Brachypelma hamorii \"Tarantola dalle ginocchia rosse% %","og_description":"Acquista a buon mercato la Brachypelma hamorii direttamente online. La famosa tarantola pu\u00f2 essere acquistata qui direttamente dall'allevatore. Adatta anche ai principianti!","og_url":"https:\/\/insektenliebe.com\/it\/shop\/prodotto\/brachypelma-hamorii-tarantola-dalle-ginocchia-rosse\/","og_site_name":"Insektenliebe","article_modified_time":"2026-03-21T20:44:27+00:00","og_image":[{"width":820,"height":820,"url":"https:\/\/insektenliebe.com\/wp-content\/uploads\/2025\/05\/Brachypelma-hamorii-1-2.jpg","type":"image\/jpeg"}],"twitter_card":"summary_large_image","twitter_misc":{"Tempo di lettura stimato":"2 minuto"},"schema":{"@context":"https:\/\/schema.org","@graph":[{"@type":"WebPage","@id":"https:\/\/insektenliebe.com\/it\/shop\/prodotto\/brachypelma-hamorii-tarantola-dalle-ginocchia-rosse\/","url":"https:\/\/insektenliebe.com\/it\/shop\/prodotto\/brachypelma-hamorii-tarantola-dalle-ginocchia-rosse\/","name":"acquista Brachypelma hamorii \"Tarantola dalle ginocchia rosse% %","isPartOf":{"@id":"https:\/\/insektenliebe.com\/it\/#website"},"primaryImageOfPage":{"@id":"https:\/\/insektenliebe.com\/it\/shop\/prodotto\/brachypelma-hamorii-tarantola-dalle-ginocchia-rosse\/#primaryimage"},"image":{"@id":"https:\/\/insektenliebe.com\/it\/shop\/prodotto\/brachypelma-hamorii-tarantola-dalle-ginocchia-rosse\/#primaryimage"},"thumbnailUrl":"https:\/\/insektenliebe.com\/wp-content\/uploads\/2025\/05\/Brachypelma-hamorii-1-2.jpg","datePublished":"2023-02-15T16:45:06+00:00","dateModified":"2026-03-21T20:44:27+00:00","description":"Acquista a buon mercato la Brachypelma hamorii direttamente online. La famosa tarantola pu\u00f2 essere acquistata qui direttamente dall'allevatore. Adatta anche ai principianti!","breadcrumb":{"@id":"https:\/\/insektenliebe.com\/it\/shop\/prodotto\/brachypelma-hamorii-tarantola-dalle-ginocchia-rosse\/#breadcrumb"},"inLanguage":"it-IT","potentialAction":[{"@type":"ReadAction","target":["https:\/\/insektenliebe.com\/it\/shop\/prodotto\/brachypelma-hamorii-tarantola-dalle-ginocchia-rosse\/"]}]},{"@type":"ImageObject","inLanguage":"it-IT","@id":"https:\/\/insektenliebe.com\/it\/shop\/prodotto\/brachypelma-hamorii-tarantola-dalle-ginocchia-rosse\/#primaryimage","url":"https:\/\/insektenliebe.com\/wp-content\/uploads\/2025\/05\/Brachypelma-hamorii-1-2.jpg","contentUrl":"https:\/\/insektenliebe.com\/wp-content\/uploads\/2025\/05\/Brachypelma-hamorii-1-2.jpg","width":820,"height":820,"caption":"Brachypelma-hamorii-1-2.jpg"},{"@type":"BreadcrumbList","@id":"https:\/\/insektenliebe.com\/it\/shop\/prodotto\/brachypelma-hamorii-tarantola-dalle-ginocchia-rosse\/#breadcrumb","itemListElement":[{"@type":"ListItem","position":1,"name":"Startseite","item":"https:\/\/insektenliebe.com\/it\/"},{"@type":"ListItem","position":2,"name":"Negozio","item":"https:\/\/insektenliebe.com\/it\/negozio\/"},{"@type":"ListItem","position":3,"name":"Brachypelma hamorii \"Tarantola dalle ginocchia rosse"}]},{"@type":"WebSite","@id":"https:\/\/insektenliebe.com\/it\/#website","url":"https:\/\/insektenliebe.com\/it\/","name":"Insektenliebe","description":"Dein Zuhause f\u00fcr die kleinen Lebewesen","publisher":{"@id":"https:\/\/insektenliebe.com\/it\/#organization"},"potentialAction":[{"@type":"SearchAction","target":{"@type":"EntryPoint","urlTemplate":"https:\/\/insektenliebe.com\/it\/?s={search_term_string}"},"query-input":{"@type":"PropertyValueSpecification","valueRequired":true,"valueName":"search_term_string"}}],"inLanguage":"it-IT"},{"@type":"Organization","@id":"https:\/\/insektenliebe.com\/it\/#organization","name":"Insektenliebe","url":"https:\/\/insektenliebe.com\/it\/","logo":{"@type":"ImageObject","inLanguage":"it-IT","@id":"https:\/\/insektenliebe.com\/it\/#\/schema\/logo\/image\/","url":"https:\/\/insektenliebe.com\/wp-content\/uploads\/2025\/03\/logo-white.png","contentUrl":"https:\/\/insektenliebe.com\/wp-content\/uploads\/2025\/03\/logo-white.png","width":288,"height":188,"caption":"Insektenliebe"},"image":{"@id":"https:\/\/insektenliebe.com\/it\/#\/schema\/logo\/image\/"}}]}},"_links":{"self":[{"href":"https:\/\/insektenliebe.com\/it\/wp-json\/wp\/v2\/product\/190108","targetHints":{"allow":["GET"]}}],"collection":[{"href":"https:\/\/insektenliebe.com\/it\/wp-json\/wp\/v2\/product"}],"about":[{"href":"https:\/\/insektenliebe.com\/it\/wp-json\/wp\/v2\/types\/product"}],"wp:featuredmedia":[{"embeddable":true,"href":"https:\/\/insektenliebe.com\/it\/wp-json\/wp\/v2\/media\/186662"}],"wp:attachment":[{"href":"https:\/\/insektenliebe.com\/it\/wp-json\/wp\/v2\/media?parent=190108"}],"wp:term":[{"taxonomy":"product-supplier","embeddable":true,"href":"https:\/\/insektenliebe.com\/it\/wp-json\/wp\/v2\/product-supplier?post=190108"},{"taxonomy":"product_brand","embeddable":true,"href":"https:\/\/insektenliebe.com\/it\/wp-json\/wp\/v2\/product_brand?post=190108"},{"taxonomy":"product_cat","embeddable":true,"href":"https:\/\/insektenliebe.com\/it\/wp-json\/wp\/v2\/product_cat?post=190108"},{"taxonomy":"product_tag","embeddable":true,"href":"https:\/\/insektenliebe.com\/it\/wp-json\/wp\/v2\/product_tag?post=190108"},{"taxonomy":"lce-checkout-addons","embeddable":true,"href":"https:\/\/insektenliebe.com\/it\/wp-json\/wp\/v2\/lce-checkout-addons?post=190108"}],"curies":[{"name":"wp","href":"https:\/\/api.w.org\/{rel}","templated":true}]}}