{"id":190104,"date":"2020-03-27T12:29:55","date_gmt":"2020-03-27T12:29:55","guid":{"rendered":"https:\/\/insektenliebe.com\/shop\/produkt\/remulopygus-brevispinus\/"},"modified":"2020-03-27T12:29:55","modified_gmt":"2020-03-27T11:29:55","slug":"remulopygus-brevispinus","status":"publish","type":"product","link":"https:\/\/insektenliebe.com\/it\/shop\/prodotto\/remulopygus-brevispinus\/","title":{"rendered":"Remulopygus brevispinus"},"content":{"rendered":"<h3 class=\"p1\"><span style=\"color: #99cc33\"><strong><span class=\"s1\">Remulopygus brevispinus - Un affascinante abitante del suolo con carattere<\/span><\/strong><\/span><\/h3>\n<p class=\"p1\"><span class=\"s1\">Se ti interessano gli artropodi insoliti, dovresti dare un&#8217;occhiata pi\u00f9 da vicino a <\/span><strong><span class=\"s2\">Remulopygus brevispinus<\/span><\/strong><span class=\"s1\">  lancio. Questa specie di millepiedi raramente coltivata, proveniente dal Sud America, affascina per il suo aspetto robusto, il suo comportamento calmo e il suo eccitante comportamento come abitante del suolo nelle foreste pluviali tropicali. <\/span><\/p>\n<p class=\"p1\"><span class=\"s1\">Il <strong>Remulopygus brevispinus<\/strong> appartiene alla famiglia degli Spirostreptidae ed \u00e8 caratterizzato da una corporatura tozza e robusta. Con una lunghezza media di circa   <\/span><span class=\"s2\">15-17 cm<\/span><span class=\"s1\">  appartiene alla specie di medie dimensioni, ma \u00e8 estremamente compatto e appare particolarmente robusto grazie alla sua struttura segmentata. Gli animali mostrano un&#8217;interessante colorazione - soprattutto in   <\/span><span class=\"s2\">dal marrone scuro al nero<\/span><span class=\"s1\">spesso con una superficie leggermente lucida che ricorda lo smalto. Caratteristica \u00e8 la   <\/span><span class=\"s2\">una \"spina dorsale\" pi\u00f9 corta (brevispinus)<\/span><span class=\"s1\">che d\u00e0 il nome alla specie e la distingue facilmente dalle specie affini.<\/span><\/p>\n<p class=\"p1\"><span class=\"s1\">Il <strong>Remulopygus brevispinus<\/strong> \u00e8 relativamente semplice da tenere, ma richiede un terrario con un substrato sufficientemente profondo (almeno 10-15 cm), poich\u00e9 ama interrarsi. Un substrato sciolto e ricco di sostanze nutritive di   <\/span><span class=\"s2\">Humus fogliare, legno decomposto e lettiera di foglie<\/span><span class=\"s1\">  costituisce la base. Alcuni pezzi stabili di corteccia e aree di muschio forniscono rifugi e contribuiscono al microclima. Gli animali preferiscono un    <\/span><span class=\"s2\">umidit\u00e0 elevata (circa 80-90%)<\/span><span class=\"s1\"> a temperature intorno a <\/span><span class=\"s2\">22-26 \u00b0C<\/span><span class=\"s1\">.<\/span><\/p>\n<p class=\"p1\"><span class=\"s1\">Il <strong>Remulopygus brevispinus<\/strong> \u00e8 prevalentemente vegetariano. Oltre a foglie morte e legno marcio, accetta volentieri anche verdure come cetrioli, zucchine o patate dolci. La dieta deve essere integrata con fonti di calcio (guscio di seppia, guscio d&#8217;uovo schiacciato) e, occasionalmente, con alimenti ricchi di proteine come i fiocchi di pesce.  <\/span><\/p>\n<p class=\"p1\"><span class=\"s1\">Questa specie \u00e8 <\/span><span class=\"s2\">prevalentemente notturna<\/span><span class=\"s1\">Il suo comportamento \u00e8 calmo e facile da osservare non appena si \u00e8 ambientato. La riproduzione \u00e8 possibile se le condizioni sono adatte, ma \u00e8 raramente documentata: \u00e8 perfetta per i proprietari pi\u00f9 esperti che desiderano un animale speciale con un potenziale di riproduzione. <\/span><\/p>\n<p class=\"p1\"><strong><span class=\"s2\">Remulopygus brevispinus<\/span><\/strong><span class=\"s1\"> non \u00e8 un animale per l&#8217;effetto rapido, ma un tesoro per gli osservatori pazienti che vogliono godersi ogni segmento, ogni movimento e la tranquillit\u00e0 di questo unico abitante del suolo.<\/span><\/p>\n","protected":false},"excerpt":{"rendered":"<p>Brevetto nero con zampe e antenne rosso vivo.<\/p>\n","protected":false},"featured_media":190106,"template":"","meta":{"_acf_changed":false},"product-supplier":[],"product_brand":[],"product_cat":[2870],"product_tag":[],"lce-checkout-addons":[2746],"class_list":{"0":"post-190104","1":"product","2":"type-product","3":"status-publish","4":"has-post-thumbnail","6":"product_cat-millipede","7":"product_shipping_class-spedizione-di-animali","8":"pa_herkunft-java","9":"pa_kontinent-asia","10":"lce-checkout-addons-imballaggio-invernale","12":"first","13":"outofstock","14":"taxable","15":"shipping-taxable","16":"purchasable","17":"product-type-simple"},"acf":[],"yoast_head":"<!-- This site is optimized with the Yoast SEO plugin v27.3 - https:\/\/yoast.com\/product\/yoast-seo-wordpress\/ -->\n<title>Remulopygus brevispinus - Insektenliebe<\/title>\n<meta name=\"description\" content=\"Acquista online Remulopygus brevispinus. Si tratta di bellissimi millepiedi con zampe rosse. Acquista direttamente dall&#039;allevatore!\" \/>\n<meta name=\"robots\" content=\"index, follow, max-snippet:-1, max-image-preview:large, max-video-preview:-1\" \/>\n<link rel=\"canonical\" href=\"https:\/\/insektenliebe.com\/it\/shop\/prodotto\/remulopygus-brevispinus\/\" \/>\n<meta property=\"og:locale\" content=\"it_IT\" \/>\n<meta property=\"og:type\" content=\"article\" \/>\n<meta property=\"og:title\" content=\"Remulopygus brevispinus - Insektenliebe\" \/>\n<meta property=\"og:description\" content=\"Acquista online Remulopygus brevispinus. Si tratta di bellissimi millepiedi con zampe rosse. Acquista direttamente dall&#039;allevatore!\" \/>\n<meta property=\"og:url\" content=\"https:\/\/insektenliebe.com\/it\/shop\/prodotto\/remulopygus-brevispinus\/\" \/>\n<meta property=\"og:site_name\" content=\"Insektenliebe\" \/>\n<meta property=\"og:image\" content=\"https:\/\/insektenliebe.com\/wp-content\/uploads\/2025\/05\/Remulopygus-brevispinus_-scaled-3.jpg\" \/>\n\t<meta property=\"og:image:width\" content=\"2560\" \/>\n\t<meta property=\"og:image:height\" content=\"1706\" \/>\n\t<meta property=\"og:image:type\" content=\"image\/jpeg\" \/>\n<meta name=\"twitter:card\" content=\"summary_large_image\" \/>\n<meta name=\"twitter:label1\" content=\"Tempo di lettura stimato\" \/>\n\t<meta name=\"twitter:data1\" content=\"2 minuto\" \/>\n<script type=\"application\/ld+json\" class=\"yoast-schema-graph\">{\"@context\":\"https:\\\/\\\/schema.org\",\"@graph\":[{\"@type\":\"WebPage\",\"@id\":\"https:\\\/\\\/insektenliebe.com\\\/it\\\/shop\\\/prodotto\\\/remulopygus-brevispinus\\\/\",\"url\":\"https:\\\/\\\/insektenliebe.com\\\/it\\\/shop\\\/prodotto\\\/remulopygus-brevispinus\\\/\",\"name\":\"Remulopygus brevispinus - Insektenliebe\",\"isPartOf\":{\"@id\":\"https:\\\/\\\/insektenliebe.com\\\/it\\\/#website\"},\"primaryImageOfPage\":{\"@id\":\"https:\\\/\\\/insektenliebe.com\\\/it\\\/shop\\\/prodotto\\\/remulopygus-brevispinus\\\/#primaryimage\"},\"image\":{\"@id\":\"https:\\\/\\\/insektenliebe.com\\\/it\\\/shop\\\/prodotto\\\/remulopygus-brevispinus\\\/#primaryimage\"},\"thumbnailUrl\":\"https:\\\/\\\/insektenliebe.com\\\/wp-content\\\/uploads\\\/2025\\\/05\\\/Remulopygus-brevispinus_-scaled-3.jpg\",\"datePublished\":\"2020-03-27T12:29:55+00:00\",\"description\":\"Acquista online Remulopygus brevispinus. Si tratta di bellissimi millepiedi con zampe rosse. Acquista direttamente dall'allevatore!\",\"breadcrumb\":{\"@id\":\"https:\\\/\\\/insektenliebe.com\\\/it\\\/shop\\\/prodotto\\\/remulopygus-brevispinus\\\/#breadcrumb\"},\"inLanguage\":\"it-IT\",\"potentialAction\":[{\"@type\":\"ReadAction\",\"target\":[\"https:\\\/\\\/insektenliebe.com\\\/it\\\/shop\\\/prodotto\\\/remulopygus-brevispinus\\\/\"]}]},{\"@type\":\"ImageObject\",\"inLanguage\":\"it-IT\",\"@id\":\"https:\\\/\\\/insektenliebe.com\\\/it\\\/shop\\\/prodotto\\\/remulopygus-brevispinus\\\/#primaryimage\",\"url\":\"https:\\\/\\\/insektenliebe.com\\\/wp-content\\\/uploads\\\/2025\\\/05\\\/Remulopygus-brevispinus_-scaled-3.jpg\",\"contentUrl\":\"https:\\\/\\\/insektenliebe.com\\\/wp-content\\\/uploads\\\/2025\\\/05\\\/Remulopygus-brevispinus_-scaled-3.jpg\",\"width\":2560,\"height\":1706,\"caption\":\"Remulopygus-brevispinus_-scaled-3.jpg\"},{\"@type\":\"BreadcrumbList\",\"@id\":\"https:\\\/\\\/insektenliebe.com\\\/it\\\/shop\\\/prodotto\\\/remulopygus-brevispinus\\\/#breadcrumb\",\"itemListElement\":[{\"@type\":\"ListItem\",\"position\":1,\"name\":\"Startseite\",\"item\":\"https:\\\/\\\/insektenliebe.com\\\/it\\\/\"},{\"@type\":\"ListItem\",\"position\":2,\"name\":\"Negozio\",\"item\":\"https:\\\/\\\/insektenliebe.com\\\/it\\\/negozio\\\/\"},{\"@type\":\"ListItem\",\"position\":3,\"name\":\"Remulopygus brevispinus\"}]},{\"@type\":\"WebSite\",\"@id\":\"https:\\\/\\\/insektenliebe.com\\\/it\\\/#website\",\"url\":\"https:\\\/\\\/insektenliebe.com\\\/it\\\/\",\"name\":\"Insektenliebe\",\"description\":\"Dein Zuhause f\u00fcr die kleinen Lebewesen\",\"publisher\":{\"@id\":\"https:\\\/\\\/insektenliebe.com\\\/it\\\/#organization\"},\"potentialAction\":[{\"@type\":\"SearchAction\",\"target\":{\"@type\":\"EntryPoint\",\"urlTemplate\":\"https:\\\/\\\/insektenliebe.com\\\/it\\\/?s={search_term_string}\"},\"query-input\":{\"@type\":\"PropertyValueSpecification\",\"valueRequired\":true,\"valueName\":\"search_term_string\"}}],\"inLanguage\":\"it-IT\"},{\"@type\":\"Organization\",\"@id\":\"https:\\\/\\\/insektenliebe.com\\\/it\\\/#organization\",\"name\":\"Insektenliebe\",\"url\":\"https:\\\/\\\/insektenliebe.com\\\/it\\\/\",\"logo\":{\"@type\":\"ImageObject\",\"inLanguage\":\"it-IT\",\"@id\":\"https:\\\/\\\/insektenliebe.com\\\/it\\\/#\\\/schema\\\/logo\\\/image\\\/\",\"url\":\"https:\\\/\\\/insektenliebe.com\\\/wp-content\\\/uploads\\\/2025\\\/03\\\/logo-white.png\",\"contentUrl\":\"https:\\\/\\\/insektenliebe.com\\\/wp-content\\\/uploads\\\/2025\\\/03\\\/logo-white.png\",\"width\":288,\"height\":188,\"caption\":\"Insektenliebe\"},\"image\":{\"@id\":\"https:\\\/\\\/insektenliebe.com\\\/it\\\/#\\\/schema\\\/logo\\\/image\\\/\"}}]}<\/script>\n<!-- \/ Yoast SEO plugin. -->","yoast_head_json":{"title":"Remulopygus brevispinus - Insektenliebe","description":"Acquista online Remulopygus brevispinus. Si tratta di bellissimi millepiedi con zampe rosse. Acquista direttamente dall'allevatore!","robots":{"index":"index","follow":"follow","max-snippet":"max-snippet:-1","max-image-preview":"max-image-preview:large","max-video-preview":"max-video-preview:-1"},"canonical":"https:\/\/insektenliebe.com\/it\/shop\/prodotto\/remulopygus-brevispinus\/","og_locale":"it_IT","og_type":"article","og_title":"Remulopygus brevispinus - Insektenliebe","og_description":"Acquista online Remulopygus brevispinus. Si tratta di bellissimi millepiedi con zampe rosse. Acquista direttamente dall'allevatore!","og_url":"https:\/\/insektenliebe.com\/it\/shop\/prodotto\/remulopygus-brevispinus\/","og_site_name":"Insektenliebe","og_image":[{"width":2560,"height":1706,"url":"https:\/\/insektenliebe.com\/wp-content\/uploads\/2025\/05\/Remulopygus-brevispinus_-scaled-3.jpg","type":"image\/jpeg"}],"twitter_card":"summary_large_image","twitter_misc":{"Tempo di lettura stimato":"2 minuto"},"schema":{"@context":"https:\/\/schema.org","@graph":[{"@type":"WebPage","@id":"https:\/\/insektenliebe.com\/it\/shop\/prodotto\/remulopygus-brevispinus\/","url":"https:\/\/insektenliebe.com\/it\/shop\/prodotto\/remulopygus-brevispinus\/","name":"Remulopygus brevispinus - Insektenliebe","isPartOf":{"@id":"https:\/\/insektenliebe.com\/it\/#website"},"primaryImageOfPage":{"@id":"https:\/\/insektenliebe.com\/it\/shop\/prodotto\/remulopygus-brevispinus\/#primaryimage"},"image":{"@id":"https:\/\/insektenliebe.com\/it\/shop\/prodotto\/remulopygus-brevispinus\/#primaryimage"},"thumbnailUrl":"https:\/\/insektenliebe.com\/wp-content\/uploads\/2025\/05\/Remulopygus-brevispinus_-scaled-3.jpg","datePublished":"2020-03-27T12:29:55+00:00","description":"Acquista online Remulopygus brevispinus. Si tratta di bellissimi millepiedi con zampe rosse. Acquista direttamente dall'allevatore!","breadcrumb":{"@id":"https:\/\/insektenliebe.com\/it\/shop\/prodotto\/remulopygus-brevispinus\/#breadcrumb"},"inLanguage":"it-IT","potentialAction":[{"@type":"ReadAction","target":["https:\/\/insektenliebe.com\/it\/shop\/prodotto\/remulopygus-brevispinus\/"]}]},{"@type":"ImageObject","inLanguage":"it-IT","@id":"https:\/\/insektenliebe.com\/it\/shop\/prodotto\/remulopygus-brevispinus\/#primaryimage","url":"https:\/\/insektenliebe.com\/wp-content\/uploads\/2025\/05\/Remulopygus-brevispinus_-scaled-3.jpg","contentUrl":"https:\/\/insektenliebe.com\/wp-content\/uploads\/2025\/05\/Remulopygus-brevispinus_-scaled-3.jpg","width":2560,"height":1706,"caption":"Remulopygus-brevispinus_-scaled-3.jpg"},{"@type":"BreadcrumbList","@id":"https:\/\/insektenliebe.com\/it\/shop\/prodotto\/remulopygus-brevispinus\/#breadcrumb","itemListElement":[{"@type":"ListItem","position":1,"name":"Startseite","item":"https:\/\/insektenliebe.com\/it\/"},{"@type":"ListItem","position":2,"name":"Negozio","item":"https:\/\/insektenliebe.com\/it\/negozio\/"},{"@type":"ListItem","position":3,"name":"Remulopygus brevispinus"}]},{"@type":"WebSite","@id":"https:\/\/insektenliebe.com\/it\/#website","url":"https:\/\/insektenliebe.com\/it\/","name":"Insektenliebe","description":"Dein Zuhause f\u00fcr die kleinen Lebewesen","publisher":{"@id":"https:\/\/insektenliebe.com\/it\/#organization"},"potentialAction":[{"@type":"SearchAction","target":{"@type":"EntryPoint","urlTemplate":"https:\/\/insektenliebe.com\/it\/?s={search_term_string}"},"query-input":{"@type":"PropertyValueSpecification","valueRequired":true,"valueName":"search_term_string"}}],"inLanguage":"it-IT"},{"@type":"Organization","@id":"https:\/\/insektenliebe.com\/it\/#organization","name":"Insektenliebe","url":"https:\/\/insektenliebe.com\/it\/","logo":{"@type":"ImageObject","inLanguage":"it-IT","@id":"https:\/\/insektenliebe.com\/it\/#\/schema\/logo\/image\/","url":"https:\/\/insektenliebe.com\/wp-content\/uploads\/2025\/03\/logo-white.png","contentUrl":"https:\/\/insektenliebe.com\/wp-content\/uploads\/2025\/03\/logo-white.png","width":288,"height":188,"caption":"Insektenliebe"},"image":{"@id":"https:\/\/insektenliebe.com\/it\/#\/schema\/logo\/image\/"}}]}},"_links":{"self":[{"href":"https:\/\/insektenliebe.com\/it\/wp-json\/wp\/v2\/product\/190104","targetHints":{"allow":["GET"]}}],"collection":[{"href":"https:\/\/insektenliebe.com\/it\/wp-json\/wp\/v2\/product"}],"about":[{"href":"https:\/\/insektenliebe.com\/it\/wp-json\/wp\/v2\/types\/product"}],"wp:featuredmedia":[{"embeddable":true,"href":"https:\/\/insektenliebe.com\/it\/wp-json\/wp\/v2\/media\/190106"}],"wp:attachment":[{"href":"https:\/\/insektenliebe.com\/it\/wp-json\/wp\/v2\/media?parent=190104"}],"wp:term":[{"taxonomy":"product-supplier","embeddable":true,"href":"https:\/\/insektenliebe.com\/it\/wp-json\/wp\/v2\/product-supplier?post=190104"},{"taxonomy":"product_brand","embeddable":true,"href":"https:\/\/insektenliebe.com\/it\/wp-json\/wp\/v2\/product_brand?post=190104"},{"taxonomy":"product_cat","embeddable":true,"href":"https:\/\/insektenliebe.com\/it\/wp-json\/wp\/v2\/product_cat?post=190104"},{"taxonomy":"product_tag","embeddable":true,"href":"https:\/\/insektenliebe.com\/it\/wp-json\/wp\/v2\/product_tag?post=190104"},{"taxonomy":"lce-checkout-addons","embeddable":true,"href":"https:\/\/insektenliebe.com\/it\/wp-json\/wp\/v2\/lce-checkout-addons?post=190104"}],"curies":[{"name":"wp","href":"https:\/\/api.w.org\/{rel}","templated":true}]}}