{"id":190103,"date":"2020-06-14T09:40:35","date_gmt":"2020-06-14T07:40:35","guid":{"rendered":"https:\/\/insektenliebe.com\/shop\/produkt\/hysterocrates-hercules-ercole-tarantolato\/"},"modified":"2020-06-14T09:40:35","modified_gmt":"2020-06-14T07:40:35","slug":"hysterocrates-hercules-ercole-tarantolato","status":"publish","type":"product","link":"https:\/\/insektenliebe.com\/it\/shop\/prodotto\/hysterocrates-hercules-ercole-tarantolato\/","title":{"rendered":"Hysterocrates hercules \"Ercole tarantolato\""},"content":{"rendered":"<p>Breve descrizione di Hysterocrates hercules:<\/p>\n<div class=\"page\" title=\"Pagina 1\">\n<div class=\"layoutArea\">\n<div class=\"column\">\n<p>In linea di massima, l&#8217;Hysterocrates hercules \u00e8 una tarantola facile da tenere. Tuttavia, la sua natura aggressiva \u00e8 consigliata ai detentori pi\u00f9 esperti. Le tarantole Hercules preferiscono vivere in tunnel sotterranei e quindi richiedono un substrato pi\u00f9 alto. L&#8217;altezza del substrato di <a href=\"https:\/\/insektenliebe.com\/shop\/waldhumus\/\">humus forestale<\/a> dovrebbe essere di 10-15 cm. Le dimensioni del terrario devono essere di almeno 35x35x35 cm.    <\/p>\n<p>\u00c8 necessario offrire anche una ciotola per l&#8217;acqua.<\/p>\n<\/div>\n<\/div>\n<\/div>\n<p><strong>Origine: <\/strong>Camerun<\/p>\n<p><strong>Temperatura: <\/strong>giorno 27-30 \u00b0C \/ notte 20 \u00b0C<\/p>\n<p><strong>Umidit\u00e0: <\/strong>75-80%<\/p>\n<p><strong>Dimensioni: <\/strong>8,5 cm<\/p>\n<p><strong>Cibo:  <\/strong><\/p>\n<ul>\n<li><a href=\"https:\/\/insektenliebe.com\/shop\/blaptica-dubia-argentinische-waldschabe\/\">Blaptica dubia \"Scarafaggi della foresta argentina<\/a><\/li>\n<li><a href=\"https:\/\/insektenliebe.com\/shop\/shelfordella-lateralis-schokoschaben\/\">Shelfordella lateralis \"Scarafaggi del cioccolato<\/a><\/li>\n<li><a href=\"https:\/\/insektenliebe.com\/shop\/ofenfischchen-thermobia-domestica\/\">Pesce al forno<\/a><\/li>\n<li><a href=\"https:\/\/insektenliebe.com\/shop\/gromphadorhina-portentosa-madagaskar-fauchschabe\/\">Gromphadorhina portentosa \"scarafaggi sibilanti del Madagascar<\/a><\/li>\n<li>Grilli<\/li>\n<\/ul>\n<p><img decoding=\"async\" src=\"https:\/\/insektenliebe.com\/wp-content\/uploads\/2019\/01\/IMG_8486-bearbeitet.jpg\" alt=\"Set completo Woodlouse\"><\/p>\n<p><strong>Acquista il set completo<\/strong><\/p>\n<h5>\u2713 Gi\u00e0 completamente equipaggiato<\/h5>\n<h5>\u2713 Facile accesso<\/h5>\n<h5>\u2713 Prezzo favorevole<\/h5>\n<p><strong>Acquista un terrario per tarantole<\/strong><\/p>\n<h5>\u2713 Gi\u00e0 completamente equipaggiato<\/h5>\n<h5>\u2713 Facile accesso<\/h5>\n<h5>Alta qualit\u00e0<\/h5>\n","protected":false},"excerpt":{"rendered":"<p>Breve descrizione di Hysterocrates hercules: In linea di massima, l&#8217;Hysterocrates hercules \u00e8 una tarantola facile da tenere. Tuttavia, la sua natura aggressiva \u00e8 consigliata ai detentori pi\u00f9 esperti. Le tarantole Hercules preferiscono vivere in tunnel sotterranei e quindi richiedono un substrato pi\u00f9 alto. L&#8217;altezza del substrato di humus forestale dovrebbe essere di 10-15 cm. Le [&hellip;]<\/p>\n","protected":false},"featured_media":190105,"template":"","meta":{"_acf_changed":false},"product-supplier":[],"product_brand":[],"product_cat":[2809,3004],"product_tag":[],"lce-checkout-addons":[2746],"class_list":{"0":"post-190103","1":"product","2":"type-product","3":"status-publish","4":"has-post-thumbnail","6":"product_cat-ragni","7":"product_cat-tarantole","8":"product_shipping_class-spedizione-di-animali","9":"lce-checkout-addons-imballaggio-invernale","11":"first","12":"outofstock","13":"taxable","14":"shipping-taxable","15":"product-type-variable","16":"has-default-attributes"},"acf":[],"yoast_head":"<!-- This site is optimized with the Yoast SEO plugin v27.3 - https:\/\/yoast.com\/product\/yoast-seo-wordpress\/ -->\n<title>Hysterocrates hercules &quot;Ercole tarantolato&quot; - Insektenliebe<\/title>\n<meta name=\"description\" content=\"Acquista a buon mercato la Hysterocrates hercules direttamente online. La tarantola Hercules pu\u00f2 essere acquistata direttamente dall&#039;allevatore qui.\" \/>\n<meta name=\"robots\" content=\"index, follow, max-snippet:-1, max-image-preview:large, max-video-preview:-1\" \/>\n<link rel=\"canonical\" href=\"https:\/\/insektenliebe.com\/it\/shop\/prodotto\/hysterocrates-hercules-ercole-tarantolato\/\" \/>\n<meta property=\"og:locale\" content=\"it_IT\" \/>\n<meta property=\"og:type\" content=\"article\" \/>\n<meta property=\"og:title\" content=\"Hysterocrates hercules &quot;Ercole tarantolato&quot; - Insektenliebe\" \/>\n<meta property=\"og:description\" content=\"Acquista a buon mercato la Hysterocrates hercules direttamente online. La tarantola Hercules pu\u00f2 essere acquistata direttamente dall&#039;allevatore qui.\" \/>\n<meta property=\"og:url\" content=\"https:\/\/insektenliebe.com\/it\/shop\/prodotto\/hysterocrates-hercules-ercole-tarantolato\/\" \/>\n<meta property=\"og:site_name\" content=\"Insektenliebe\" \/>\n<meta property=\"og:image\" content=\"https:\/\/insektenliebe.com\/wp-content\/uploads\/2025\/05\/Hysterocrates-hercules-scaled-3.jpg\" \/>\n\t<meta property=\"og:image:width\" content=\"2560\" \/>\n\t<meta property=\"og:image:height\" content=\"1707\" \/>\n\t<meta property=\"og:image:type\" content=\"image\/jpeg\" \/>\n<meta name=\"twitter:card\" content=\"summary_large_image\" \/>\n<meta name=\"twitter:label1\" content=\"Tempo di lettura stimato\" \/>\n\t<meta name=\"twitter:data1\" content=\"1 minuto\" \/>\n<script type=\"application\/ld+json\" class=\"yoast-schema-graph\">{\"@context\":\"https:\\\/\\\/schema.org\",\"@graph\":[{\"@type\":\"WebPage\",\"@id\":\"https:\\\/\\\/insektenliebe.com\\\/it\\\/shop\\\/prodotto\\\/hysterocrates-hercules-ercole-tarantolato\\\/\",\"url\":\"https:\\\/\\\/insektenliebe.com\\\/it\\\/shop\\\/prodotto\\\/hysterocrates-hercules-ercole-tarantolato\\\/\",\"name\":\"Hysterocrates hercules \\\"Ercole tarantolato\\\" - Insektenliebe\",\"isPartOf\":{\"@id\":\"https:\\\/\\\/insektenliebe.com\\\/it\\\/#website\"},\"primaryImageOfPage\":{\"@id\":\"https:\\\/\\\/insektenliebe.com\\\/it\\\/shop\\\/prodotto\\\/hysterocrates-hercules-ercole-tarantolato\\\/#primaryimage\"},\"image\":{\"@id\":\"https:\\\/\\\/insektenliebe.com\\\/it\\\/shop\\\/prodotto\\\/hysterocrates-hercules-ercole-tarantolato\\\/#primaryimage\"},\"thumbnailUrl\":\"https:\\\/\\\/insektenliebe.com\\\/wp-content\\\/uploads\\\/2025\\\/05\\\/Hysterocrates-hercules-scaled-3.jpg\",\"datePublished\":\"2020-06-14T07:40:35+00:00\",\"description\":\"Acquista a buon mercato la Hysterocrates hercules direttamente online. La tarantola Hercules pu\u00f2 essere acquistata direttamente dall'allevatore qui.\",\"breadcrumb\":{\"@id\":\"https:\\\/\\\/insektenliebe.com\\\/it\\\/shop\\\/prodotto\\\/hysterocrates-hercules-ercole-tarantolato\\\/#breadcrumb\"},\"inLanguage\":\"it-IT\",\"potentialAction\":[{\"@type\":\"ReadAction\",\"target\":[\"https:\\\/\\\/insektenliebe.com\\\/it\\\/shop\\\/prodotto\\\/hysterocrates-hercules-ercole-tarantolato\\\/\"]}]},{\"@type\":\"ImageObject\",\"inLanguage\":\"it-IT\",\"@id\":\"https:\\\/\\\/insektenliebe.com\\\/it\\\/shop\\\/prodotto\\\/hysterocrates-hercules-ercole-tarantolato\\\/#primaryimage\",\"url\":\"https:\\\/\\\/insektenliebe.com\\\/wp-content\\\/uploads\\\/2025\\\/05\\\/Hysterocrates-hercules-scaled-3.jpg\",\"contentUrl\":\"https:\\\/\\\/insektenliebe.com\\\/wp-content\\\/uploads\\\/2025\\\/05\\\/Hysterocrates-hercules-scaled-3.jpg\",\"width\":2560,\"height\":1707,\"caption\":\"Isterocrate-hercules-scalato-3.jpg\"},{\"@type\":\"BreadcrumbList\",\"@id\":\"https:\\\/\\\/insektenliebe.com\\\/it\\\/shop\\\/prodotto\\\/hysterocrates-hercules-ercole-tarantolato\\\/#breadcrumb\",\"itemListElement\":[{\"@type\":\"ListItem\",\"position\":1,\"name\":\"Startseite\",\"item\":\"https:\\\/\\\/insektenliebe.com\\\/it\\\/\"},{\"@type\":\"ListItem\",\"position\":2,\"name\":\"Negozio\",\"item\":\"https:\\\/\\\/insektenliebe.com\\\/it\\\/negozio\\\/\"},{\"@type\":\"ListItem\",\"position\":3,\"name\":\"Hysterocrates hercules &#8220;Ercole tarantolato&#8221;\"}]},{\"@type\":\"WebSite\",\"@id\":\"https:\\\/\\\/insektenliebe.com\\\/it\\\/#website\",\"url\":\"https:\\\/\\\/insektenliebe.com\\\/it\\\/\",\"name\":\"Insektenliebe\",\"description\":\"Dein Zuhause f\u00fcr die kleinen Lebewesen\",\"publisher\":{\"@id\":\"https:\\\/\\\/insektenliebe.com\\\/it\\\/#organization\"},\"potentialAction\":[{\"@type\":\"SearchAction\",\"target\":{\"@type\":\"EntryPoint\",\"urlTemplate\":\"https:\\\/\\\/insektenliebe.com\\\/it\\\/?s={search_term_string}\"},\"query-input\":{\"@type\":\"PropertyValueSpecification\",\"valueRequired\":true,\"valueName\":\"search_term_string\"}}],\"inLanguage\":\"it-IT\"},{\"@type\":\"Organization\",\"@id\":\"https:\\\/\\\/insektenliebe.com\\\/it\\\/#organization\",\"name\":\"Insektenliebe\",\"url\":\"https:\\\/\\\/insektenliebe.com\\\/it\\\/\",\"logo\":{\"@type\":\"ImageObject\",\"inLanguage\":\"it-IT\",\"@id\":\"https:\\\/\\\/insektenliebe.com\\\/it\\\/#\\\/schema\\\/logo\\\/image\\\/\",\"url\":\"https:\\\/\\\/insektenliebe.com\\\/wp-content\\\/uploads\\\/2025\\\/03\\\/logo-white.png\",\"contentUrl\":\"https:\\\/\\\/insektenliebe.com\\\/wp-content\\\/uploads\\\/2025\\\/03\\\/logo-white.png\",\"width\":288,\"height\":188,\"caption\":\"Insektenliebe\"},\"image\":{\"@id\":\"https:\\\/\\\/insektenliebe.com\\\/it\\\/#\\\/schema\\\/logo\\\/image\\\/\"}}]}<\/script>\n<!-- \/ Yoast SEO plugin. -->","yoast_head_json":{"title":"Hysterocrates hercules \"Ercole tarantolato\" - Insektenliebe","description":"Acquista a buon mercato la Hysterocrates hercules direttamente online. La tarantola Hercules pu\u00f2 essere acquistata direttamente dall'allevatore qui.","robots":{"index":"index","follow":"follow","max-snippet":"max-snippet:-1","max-image-preview":"max-image-preview:large","max-video-preview":"max-video-preview:-1"},"canonical":"https:\/\/insektenliebe.com\/it\/shop\/prodotto\/hysterocrates-hercules-ercole-tarantolato\/","og_locale":"it_IT","og_type":"article","og_title":"Hysterocrates hercules \"Ercole tarantolato\" - Insektenliebe","og_description":"Acquista a buon mercato la Hysterocrates hercules direttamente online. La tarantola Hercules pu\u00f2 essere acquistata direttamente dall'allevatore qui.","og_url":"https:\/\/insektenliebe.com\/it\/shop\/prodotto\/hysterocrates-hercules-ercole-tarantolato\/","og_site_name":"Insektenliebe","og_image":[{"width":2560,"height":1707,"url":"https:\/\/insektenliebe.com\/wp-content\/uploads\/2025\/05\/Hysterocrates-hercules-scaled-3.jpg","type":"image\/jpeg"}],"twitter_card":"summary_large_image","twitter_misc":{"Tempo di lettura stimato":"1 minuto"},"schema":{"@context":"https:\/\/schema.org","@graph":[{"@type":"WebPage","@id":"https:\/\/insektenliebe.com\/it\/shop\/prodotto\/hysterocrates-hercules-ercole-tarantolato\/","url":"https:\/\/insektenliebe.com\/it\/shop\/prodotto\/hysterocrates-hercules-ercole-tarantolato\/","name":"Hysterocrates hercules \"Ercole tarantolato\" - Insektenliebe","isPartOf":{"@id":"https:\/\/insektenliebe.com\/it\/#website"},"primaryImageOfPage":{"@id":"https:\/\/insektenliebe.com\/it\/shop\/prodotto\/hysterocrates-hercules-ercole-tarantolato\/#primaryimage"},"image":{"@id":"https:\/\/insektenliebe.com\/it\/shop\/prodotto\/hysterocrates-hercules-ercole-tarantolato\/#primaryimage"},"thumbnailUrl":"https:\/\/insektenliebe.com\/wp-content\/uploads\/2025\/05\/Hysterocrates-hercules-scaled-3.jpg","datePublished":"2020-06-14T07:40:35+00:00","description":"Acquista a buon mercato la Hysterocrates hercules direttamente online. La tarantola Hercules pu\u00f2 essere acquistata direttamente dall'allevatore qui.","breadcrumb":{"@id":"https:\/\/insektenliebe.com\/it\/shop\/prodotto\/hysterocrates-hercules-ercole-tarantolato\/#breadcrumb"},"inLanguage":"it-IT","potentialAction":[{"@type":"ReadAction","target":["https:\/\/insektenliebe.com\/it\/shop\/prodotto\/hysterocrates-hercules-ercole-tarantolato\/"]}]},{"@type":"ImageObject","inLanguage":"it-IT","@id":"https:\/\/insektenliebe.com\/it\/shop\/prodotto\/hysterocrates-hercules-ercole-tarantolato\/#primaryimage","url":"https:\/\/insektenliebe.com\/wp-content\/uploads\/2025\/05\/Hysterocrates-hercules-scaled-3.jpg","contentUrl":"https:\/\/insektenliebe.com\/wp-content\/uploads\/2025\/05\/Hysterocrates-hercules-scaled-3.jpg","width":2560,"height":1707,"caption":"Isterocrate-hercules-scalato-3.jpg"},{"@type":"BreadcrumbList","@id":"https:\/\/insektenliebe.com\/it\/shop\/prodotto\/hysterocrates-hercules-ercole-tarantolato\/#breadcrumb","itemListElement":[{"@type":"ListItem","position":1,"name":"Startseite","item":"https:\/\/insektenliebe.com\/it\/"},{"@type":"ListItem","position":2,"name":"Negozio","item":"https:\/\/insektenliebe.com\/it\/negozio\/"},{"@type":"ListItem","position":3,"name":"Hysterocrates hercules &#8220;Ercole tarantolato&#8221;"}]},{"@type":"WebSite","@id":"https:\/\/insektenliebe.com\/it\/#website","url":"https:\/\/insektenliebe.com\/it\/","name":"Insektenliebe","description":"Dein Zuhause f\u00fcr die kleinen Lebewesen","publisher":{"@id":"https:\/\/insektenliebe.com\/it\/#organization"},"potentialAction":[{"@type":"SearchAction","target":{"@type":"EntryPoint","urlTemplate":"https:\/\/insektenliebe.com\/it\/?s={search_term_string}"},"query-input":{"@type":"PropertyValueSpecification","valueRequired":true,"valueName":"search_term_string"}}],"inLanguage":"it-IT"},{"@type":"Organization","@id":"https:\/\/insektenliebe.com\/it\/#organization","name":"Insektenliebe","url":"https:\/\/insektenliebe.com\/it\/","logo":{"@type":"ImageObject","inLanguage":"it-IT","@id":"https:\/\/insektenliebe.com\/it\/#\/schema\/logo\/image\/","url":"https:\/\/insektenliebe.com\/wp-content\/uploads\/2025\/03\/logo-white.png","contentUrl":"https:\/\/insektenliebe.com\/wp-content\/uploads\/2025\/03\/logo-white.png","width":288,"height":188,"caption":"Insektenliebe"},"image":{"@id":"https:\/\/insektenliebe.com\/it\/#\/schema\/logo\/image\/"}}]}},"_links":{"self":[{"href":"https:\/\/insektenliebe.com\/it\/wp-json\/wp\/v2\/product\/190103","targetHints":{"allow":["GET"]}}],"collection":[{"href":"https:\/\/insektenliebe.com\/it\/wp-json\/wp\/v2\/product"}],"about":[{"href":"https:\/\/insektenliebe.com\/it\/wp-json\/wp\/v2\/types\/product"}],"wp:featuredmedia":[{"embeddable":true,"href":"https:\/\/insektenliebe.com\/it\/wp-json\/wp\/v2\/media\/190105"}],"wp:attachment":[{"href":"https:\/\/insektenliebe.com\/it\/wp-json\/wp\/v2\/media?parent=190103"}],"wp:term":[{"taxonomy":"product-supplier","embeddable":true,"href":"https:\/\/insektenliebe.com\/it\/wp-json\/wp\/v2\/product-supplier?post=190103"},{"taxonomy":"product_brand","embeddable":true,"href":"https:\/\/insektenliebe.com\/it\/wp-json\/wp\/v2\/product_brand?post=190103"},{"taxonomy":"product_cat","embeddable":true,"href":"https:\/\/insektenliebe.com\/it\/wp-json\/wp\/v2\/product_cat?post=190103"},{"taxonomy":"product_tag","embeddable":true,"href":"https:\/\/insektenliebe.com\/it\/wp-json\/wp\/v2\/product_tag?post=190103"},{"taxonomy":"lce-checkout-addons","embeddable":true,"href":"https:\/\/insektenliebe.com\/it\/wp-json\/wp\/v2\/lce-checkout-addons?post=190103"}],"curies":[{"name":"wp","href":"https:\/\/api.w.org\/{rel}","templated":true}]}}