{"id":190084,"date":"2020-12-11T15:14:02","date_gmt":"2020-12-11T15:14:02","guid":{"rendered":"https:\/\/insektenliebe.com\/shop\/produkt\/legno-di-pietra\/"},"modified":"2026-03-08T16:38:09","modified_gmt":"2026-03-08T15:38:09","slug":"legno-di-pietra","status":"publish","type":"product","link":"https:\/\/insektenliebe.com\/it\/shop\/prodotto\/legno-di-pietra\/","title":{"rendered":"Legno di pietra"},"content":{"rendered":"<h3><span class=\"s1\" style=\"color: #99cc33;\">Milioni di anni di storia naturale: il legno di nocciolo come elegante richiamo visivo nel terrario<\/span><\/h3>\n<p class=\"p1\"><strong><span class=\"s1\">Il legno di pietra<\/span><\/strong><span class=\"s2\"> \u00e8 un affascinante materiale naturale ricavato da <\/span><span class=\"s1\">legno fossilizzato<\/span><span class=\"s2\">  \u00e8 stato creato. Nel corso di milioni di anni, il legno originario \u00e8 stato sostituito da minerali, trasformandolo in una pietra straordinaria dalla struttura unica. <\/span><\/p>\n<p class=\"p1\"><span class=\"s2\">Il <strong>legno di pietra<\/strong> \u00e8 caratterizzato da <\/span><span class=\"s1\">varie tonalit\u00e0 di rosso, giallo e marrone<\/span><span class=\"s2\">che conferiscono alla roccia un aspetto particolarmente caldo e naturale. Questa variet\u00e0 di colori crea un bellissimo contrasto con le piante, i muschi e gli altri elementi decorativi del terrario. <\/span><\/p>\n<p class=\"p1\"><span class=\"s2\">Grazie alle sue <\/span><span class=\"s1\">forme lisce e allo stesso tempo naturali<\/span><span class=\"s2\">  Il <strong>legno di pietra<\/strong> \u00e8 particolarmente armonioso nei paesaggi dei terrari. Pu\u00f2 essere posizionato singolarmente o combinato con altri materiali naturali per creare strutture varie nel terrario. <\/span><\/p>\n<p class=\"p1\"><span class=\"s2\">Oltre al suo effetto decorativo, il <strong>legno di pietra<\/strong> offre anche vantaggi pratici. Il  <\/span><span class=\"s1\">Superficie ruvida<\/span><span class=\"s2\"> permette di coltivare diverse <\/span><span class=\"s1\">specie di muschi o epifite<\/span><span class=\"s2\">  direttamente sulla pietra. Questo crea un design vivace e naturale che migliora notevolmente l&#8217;aspetto del tuo terrario. <\/span><\/p>\n<p class=\"p1\"><span class=\"s2\">Soprattutto in <\/span><span class=\"s1\">terrari ricchi di piante<\/span><span class=\"s2\">  o di allestimenti bioattivi, il <strong>legno di pietra<\/strong> \u00e8 particolarmente efficace. La struttura naturale si inserisce armoniosamente nell&#8217;insieme e sostiene un autentico paesaggio del terrario. <\/span><\/p>\n<p class=\"p1\"><span class=\"s2\">Il<strong>legno di pietra<\/strong> \u00e8 anche <\/span><span class=\"s1\">robusto e durevole<\/span><span class=\"s2\">in modo da poter essere utilizzato in modo permanente nel terrario. Allo stesso tempo, mantiene il suo aspetto naturale e spesso sviluppa ancora pi\u00f9 carattere nel tempo. <\/span><\/p>\n<p class=\"p1\"><span class=\"s2\">Essendo un prodotto <\/span><span class=\"s1\">prodotto naturale<\/span><span class=\"s2\">  i singoli pezzi differiscono per forma, colore e struttura. Sono proprio queste differenze a rendere unico ogni pezzo di <strong>legno di pietra<\/strong> e a dare al tuo terrario un aspetto particolarmente naturale. <\/span><\/p>\n<p class=\"p1\"><span class=\"s2\">Con <\/span><strong><span class=\"s1\">legno di pietra<\/span><\/strong><span class=\"s2\"> puoi portare un pezzo di storia della terra nel tuo terrario e allo stesso tempo creare una struttura decorativa e versatile per piante e animali.<\/span><\/p>\n","protected":false},"excerpt":{"rendered":"<p>Milioni di anni di storia naturale: il legno di nocciolo come elegante richiamo visivo nel terrario Il legno di pietra \u00e8 un affascinante materiale naturale ricavato da legno fossilizzato \u00e8 stato creato. Nel corso di milioni di anni, il legno originario \u00e8 stato sostituito da minerali, trasformandolo in una pietra straordinaria dalla struttura unica. Il [&hellip;]<\/p>\n","protected":false},"featured_media":190086,"template":"","meta":{"_acf_changed":false},"product-supplier":[],"product_brand":[],"product_cat":[2740],"product_tag":[],"lce-checkout-addons":[],"class_list":{"0":"post-190084","1":"product","2":"type-product","3":"status-publish","4":"has-post-thumbnail","6":"product_cat-arredamento-e-decorazione","7":"product_shipping_class-equipment-shipping","9":"first","10":"outofstock","11":"taxable","12":"shipping-taxable","13":"purchasable","14":"product-type-simple"},"acf":[],"yoast_head":"<!-- This site is optimized with the Yoast SEO plugin v27.3 - https:\/\/yoast.com\/product\/yoast-seo-wordpress\/ -->\n<title>Legno di pietra - Insektenliebe<\/title>\n<meta name=\"description\" content=\"Legno di pietra per terrari - legno fossile con strutture rosse, gialle e marroni. Pietra naturale decorativa per piante e paesaggi di terrari.\" \/>\n<meta name=\"robots\" content=\"index, follow, max-snippet:-1, max-image-preview:large, max-video-preview:-1\" \/>\n<link rel=\"canonical\" href=\"https:\/\/insektenliebe.com\/it\/shop\/prodotto\/legno-di-pietra\/\" \/>\n<meta property=\"og:locale\" content=\"it_IT\" \/>\n<meta property=\"og:type\" content=\"article\" \/>\n<meta property=\"og:title\" content=\"Legno di pietra - Insektenliebe\" \/>\n<meta property=\"og:description\" content=\"Legno di pietra per terrari - legno fossile con strutture rosse, gialle e marroni. Pietra naturale decorativa per piante e paesaggi di terrari.\" \/>\n<meta property=\"og:url\" content=\"https:\/\/insektenliebe.com\/it\/shop\/prodotto\/legno-di-pietra\/\" \/>\n<meta property=\"og:site_name\" content=\"Insektenliebe\" \/>\n<meta property=\"article:modified_time\" content=\"2026-03-08T15:38:09+00:00\" \/>\n<meta property=\"og:image\" content=\"https:\/\/insektenliebe.com\/wp-content\/uploads\/2025\/05\/Steinholz-2.jpg\" \/>\n\t<meta property=\"og:image:width\" content=\"820\" \/>\n\t<meta property=\"og:image:height\" content=\"820\" \/>\n\t<meta property=\"og:image:type\" content=\"image\/jpeg\" \/>\n<meta name=\"twitter:card\" content=\"summary_large_image\" \/>\n<meta name=\"twitter:label1\" content=\"Tempo di lettura stimato\" \/>\n\t<meta name=\"twitter:data1\" content=\"2 minuto\" \/>\n<script type=\"application\/ld+json\" class=\"yoast-schema-graph\">{\"@context\":\"https:\\\/\\\/schema.org\",\"@graph\":[{\"@type\":\"WebPage\",\"@id\":\"https:\\\/\\\/insektenliebe.com\\\/it\\\/shop\\\/prodotto\\\/legno-di-pietra\\\/\",\"url\":\"https:\\\/\\\/insektenliebe.com\\\/it\\\/shop\\\/prodotto\\\/legno-di-pietra\\\/\",\"name\":\"Legno di pietra - Insektenliebe\",\"isPartOf\":{\"@id\":\"https:\\\/\\\/insektenliebe.com\\\/it\\\/#website\"},\"primaryImageOfPage\":{\"@id\":\"https:\\\/\\\/insektenliebe.com\\\/it\\\/shop\\\/prodotto\\\/legno-di-pietra\\\/#primaryimage\"},\"image\":{\"@id\":\"https:\\\/\\\/insektenliebe.com\\\/it\\\/shop\\\/prodotto\\\/legno-di-pietra\\\/#primaryimage\"},\"thumbnailUrl\":\"https:\\\/\\\/insektenliebe.com\\\/wp-content\\\/uploads\\\/2025\\\/05\\\/Steinholz-2.jpg\",\"datePublished\":\"2020-12-11T15:14:02+00:00\",\"dateModified\":\"2026-03-08T15:38:09+00:00\",\"description\":\"Legno di pietra per terrari - legno fossile con strutture rosse, gialle e marroni. Pietra naturale decorativa per piante e paesaggi di terrari.\",\"breadcrumb\":{\"@id\":\"https:\\\/\\\/insektenliebe.com\\\/it\\\/shop\\\/prodotto\\\/legno-di-pietra\\\/#breadcrumb\"},\"inLanguage\":\"it-IT\",\"potentialAction\":[{\"@type\":\"ReadAction\",\"target\":[\"https:\\\/\\\/insektenliebe.com\\\/it\\\/shop\\\/prodotto\\\/legno-di-pietra\\\/\"]}]},{\"@type\":\"ImageObject\",\"inLanguage\":\"it-IT\",\"@id\":\"https:\\\/\\\/insektenliebe.com\\\/it\\\/shop\\\/prodotto\\\/legno-di-pietra\\\/#primaryimage\",\"url\":\"https:\\\/\\\/insektenliebe.com\\\/wp-content\\\/uploads\\\/2025\\\/05\\\/Steinholz-2.jpg\",\"contentUrl\":\"https:\\\/\\\/insektenliebe.com\\\/wp-content\\\/uploads\\\/2025\\\/05\\\/Steinholz-2.jpg\",\"width\":820,\"height\":820,\"caption\":\"Legno di pietra-2.jpg\"},{\"@type\":\"BreadcrumbList\",\"@id\":\"https:\\\/\\\/insektenliebe.com\\\/it\\\/shop\\\/prodotto\\\/legno-di-pietra\\\/#breadcrumb\",\"itemListElement\":[{\"@type\":\"ListItem\",\"position\":1,\"name\":\"Startseite\",\"item\":\"https:\\\/\\\/insektenliebe.com\\\/it\\\/\"},{\"@type\":\"ListItem\",\"position\":2,\"name\":\"Negozio\",\"item\":\"https:\\\/\\\/insektenliebe.com\\\/it\\\/negozio\\\/\"},{\"@type\":\"ListItem\",\"position\":3,\"name\":\"Legno di pietra\"}]},{\"@type\":\"WebSite\",\"@id\":\"https:\\\/\\\/insektenliebe.com\\\/it\\\/#website\",\"url\":\"https:\\\/\\\/insektenliebe.com\\\/it\\\/\",\"name\":\"Insektenliebe\",\"description\":\"Dein Zuhause f\u00fcr die kleinen Lebewesen\",\"publisher\":{\"@id\":\"https:\\\/\\\/insektenliebe.com\\\/it\\\/#organization\"},\"potentialAction\":[{\"@type\":\"SearchAction\",\"target\":{\"@type\":\"EntryPoint\",\"urlTemplate\":\"https:\\\/\\\/insektenliebe.com\\\/it\\\/?s={search_term_string}\"},\"query-input\":{\"@type\":\"PropertyValueSpecification\",\"valueRequired\":true,\"valueName\":\"search_term_string\"}}],\"inLanguage\":\"it-IT\"},{\"@type\":\"Organization\",\"@id\":\"https:\\\/\\\/insektenliebe.com\\\/it\\\/#organization\",\"name\":\"Insektenliebe\",\"url\":\"https:\\\/\\\/insektenliebe.com\\\/it\\\/\",\"logo\":{\"@type\":\"ImageObject\",\"inLanguage\":\"it-IT\",\"@id\":\"https:\\\/\\\/insektenliebe.com\\\/it\\\/#\\\/schema\\\/logo\\\/image\\\/\",\"url\":\"https:\\\/\\\/insektenliebe.com\\\/wp-content\\\/uploads\\\/2025\\\/03\\\/logo-white.png\",\"contentUrl\":\"https:\\\/\\\/insektenliebe.com\\\/wp-content\\\/uploads\\\/2025\\\/03\\\/logo-white.png\",\"width\":288,\"height\":188,\"caption\":\"Insektenliebe\"},\"image\":{\"@id\":\"https:\\\/\\\/insektenliebe.com\\\/it\\\/#\\\/schema\\\/logo\\\/image\\\/\"}}]}<\/script>\n<!-- \/ Yoast SEO plugin. -->","yoast_head_json":{"title":"Legno di pietra - Insektenliebe","description":"Legno di pietra per terrari - legno fossile con strutture rosse, gialle e marroni. Pietra naturale decorativa per piante e paesaggi di terrari.","robots":{"index":"index","follow":"follow","max-snippet":"max-snippet:-1","max-image-preview":"max-image-preview:large","max-video-preview":"max-video-preview:-1"},"canonical":"https:\/\/insektenliebe.com\/it\/shop\/prodotto\/legno-di-pietra\/","og_locale":"it_IT","og_type":"article","og_title":"Legno di pietra - Insektenliebe","og_description":"Legno di pietra per terrari - legno fossile con strutture rosse, gialle e marroni. Pietra naturale decorativa per piante e paesaggi di terrari.","og_url":"https:\/\/insektenliebe.com\/it\/shop\/prodotto\/legno-di-pietra\/","og_site_name":"Insektenliebe","article_modified_time":"2026-03-08T15:38:09+00:00","og_image":[{"width":820,"height":820,"url":"https:\/\/insektenliebe.com\/wp-content\/uploads\/2025\/05\/Steinholz-2.jpg","type":"image\/jpeg"}],"twitter_card":"summary_large_image","twitter_misc":{"Tempo di lettura stimato":"2 minuto"},"schema":{"@context":"https:\/\/schema.org","@graph":[{"@type":"WebPage","@id":"https:\/\/insektenliebe.com\/it\/shop\/prodotto\/legno-di-pietra\/","url":"https:\/\/insektenliebe.com\/it\/shop\/prodotto\/legno-di-pietra\/","name":"Legno di pietra - Insektenliebe","isPartOf":{"@id":"https:\/\/insektenliebe.com\/it\/#website"},"primaryImageOfPage":{"@id":"https:\/\/insektenliebe.com\/it\/shop\/prodotto\/legno-di-pietra\/#primaryimage"},"image":{"@id":"https:\/\/insektenliebe.com\/it\/shop\/prodotto\/legno-di-pietra\/#primaryimage"},"thumbnailUrl":"https:\/\/insektenliebe.com\/wp-content\/uploads\/2025\/05\/Steinholz-2.jpg","datePublished":"2020-12-11T15:14:02+00:00","dateModified":"2026-03-08T15:38:09+00:00","description":"Legno di pietra per terrari - legno fossile con strutture rosse, gialle e marroni. Pietra naturale decorativa per piante e paesaggi di terrari.","breadcrumb":{"@id":"https:\/\/insektenliebe.com\/it\/shop\/prodotto\/legno-di-pietra\/#breadcrumb"},"inLanguage":"it-IT","potentialAction":[{"@type":"ReadAction","target":["https:\/\/insektenliebe.com\/it\/shop\/prodotto\/legno-di-pietra\/"]}]},{"@type":"ImageObject","inLanguage":"it-IT","@id":"https:\/\/insektenliebe.com\/it\/shop\/prodotto\/legno-di-pietra\/#primaryimage","url":"https:\/\/insektenliebe.com\/wp-content\/uploads\/2025\/05\/Steinholz-2.jpg","contentUrl":"https:\/\/insektenliebe.com\/wp-content\/uploads\/2025\/05\/Steinholz-2.jpg","width":820,"height":820,"caption":"Legno di pietra-2.jpg"},{"@type":"BreadcrumbList","@id":"https:\/\/insektenliebe.com\/it\/shop\/prodotto\/legno-di-pietra\/#breadcrumb","itemListElement":[{"@type":"ListItem","position":1,"name":"Startseite","item":"https:\/\/insektenliebe.com\/it\/"},{"@type":"ListItem","position":2,"name":"Negozio","item":"https:\/\/insektenliebe.com\/it\/negozio\/"},{"@type":"ListItem","position":3,"name":"Legno di pietra"}]},{"@type":"WebSite","@id":"https:\/\/insektenliebe.com\/it\/#website","url":"https:\/\/insektenliebe.com\/it\/","name":"Insektenliebe","description":"Dein Zuhause f\u00fcr die kleinen Lebewesen","publisher":{"@id":"https:\/\/insektenliebe.com\/it\/#organization"},"potentialAction":[{"@type":"SearchAction","target":{"@type":"EntryPoint","urlTemplate":"https:\/\/insektenliebe.com\/it\/?s={search_term_string}"},"query-input":{"@type":"PropertyValueSpecification","valueRequired":true,"valueName":"search_term_string"}}],"inLanguage":"it-IT"},{"@type":"Organization","@id":"https:\/\/insektenliebe.com\/it\/#organization","name":"Insektenliebe","url":"https:\/\/insektenliebe.com\/it\/","logo":{"@type":"ImageObject","inLanguage":"it-IT","@id":"https:\/\/insektenliebe.com\/it\/#\/schema\/logo\/image\/","url":"https:\/\/insektenliebe.com\/wp-content\/uploads\/2025\/03\/logo-white.png","contentUrl":"https:\/\/insektenliebe.com\/wp-content\/uploads\/2025\/03\/logo-white.png","width":288,"height":188,"caption":"Insektenliebe"},"image":{"@id":"https:\/\/insektenliebe.com\/it\/#\/schema\/logo\/image\/"}}]}},"_links":{"self":[{"href":"https:\/\/insektenliebe.com\/it\/wp-json\/wp\/v2\/product\/190084","targetHints":{"allow":["GET"]}}],"collection":[{"href":"https:\/\/insektenliebe.com\/it\/wp-json\/wp\/v2\/product"}],"about":[{"href":"https:\/\/insektenliebe.com\/it\/wp-json\/wp\/v2\/types\/product"}],"wp:featuredmedia":[{"embeddable":true,"href":"https:\/\/insektenliebe.com\/it\/wp-json\/wp\/v2\/media\/190086"}],"wp:attachment":[{"href":"https:\/\/insektenliebe.com\/it\/wp-json\/wp\/v2\/media?parent=190084"}],"wp:term":[{"taxonomy":"product-supplier","embeddable":true,"href":"https:\/\/insektenliebe.com\/it\/wp-json\/wp\/v2\/product-supplier?post=190084"},{"taxonomy":"product_brand","embeddable":true,"href":"https:\/\/insektenliebe.com\/it\/wp-json\/wp\/v2\/product_brand?post=190084"},{"taxonomy":"product_cat","embeddable":true,"href":"https:\/\/insektenliebe.com\/it\/wp-json\/wp\/v2\/product_cat?post=190084"},{"taxonomy":"product_tag","embeddable":true,"href":"https:\/\/insektenliebe.com\/it\/wp-json\/wp\/v2\/product_tag?post=190084"},{"taxonomy":"lce-checkout-addons","embeddable":true,"href":"https:\/\/insektenliebe.com\/it\/wp-json\/wp\/v2\/lce-checkout-addons?post=190084"}],"curies":[{"name":"wp","href":"https:\/\/api.w.org\/{rel}","templated":true}]}}