{"id":190082,"date":"2020-11-20T15:20:00","date_gmt":"2020-11-20T14:20:00","guid":{"rendered":"https:\/\/insektenliebe.com\/shop\/produkt\/porcellio-spec-arancio-di-barbate\/"},"modified":"2020-11-20T15:20:00","modified_gmt":"2020-11-20T14:20:00","slug":"porcellio-spec-arancio-di-barbate","status":"publish","type":"product","link":"https:\/\/insektenliebe.com\/it\/shop\/prodotto\/porcellio-spec-arancio-di-barbate\/","title":{"rendered":"Porcellio spec. \"Arancio di Barbate\""},"content":{"rendered":"<h3><span style=\"color: #99cc33\">Breve descrizione:<\/span><\/h3>\n<p>Il Porcellio spec. \"Barbate Orange\" \u00e8 la forma di colore arancione del Porcellio spec. \"Barbate\". Il colore arancione si estende fino alla punta delle antenne e conferisce agli animali un aspetto generale bello e suggestivo.   <\/p>\n<p>Come tutte le specie di Porcellio, questi animali prediligono un substrato piuttosto secco con un angolo umido di muschio. Sono adatti sia come poliziotti di terra in terrari pi\u00f9 secchi (60-75%) sia come animali da cibo. Il tasso di riproduzione \u00e8 elevato e l&#8217;aspetto degli animali \u00e8 facilmente riconoscibile dai predatori grazie al loro colore arancione.  <\/p>\n","protected":false},"excerpt":{"rendered":"<p>Forma di colore arancione del Porcellio spec. \"Barbate\", facile da conservare! <\/p>\n","protected":false},"featured_media":190085,"template":"","meta":{"_acf_changed":false},"product-supplier":[],"product_brand":[],"product_cat":[2787,2788],"product_tag":[],"lce-checkout-addons":[2746],"class_list":{"0":"post-190082","1":"product","2":"type-product","3":"status-publish","4":"has-post-thumbnail","6":"product_cat-porcellino-di-legno-porcellio","7":"product_cat-woodlice","8":"product_shipping_class-spedizione-di-animali","9":"pa_herkunft-spagna","10":"pa_kontinent-europa","11":"lce-checkout-addons-imballaggio-invernale","13":"first","14":"outofstock","15":"taxable","16":"shipping-taxable","17":"purchasable","18":"product-type-simple"},"acf":[],"yoast_head":"<!-- This site is optimized with the Yoast SEO plugin v27.3 - https:\/\/yoast.com\/product\/yoast-seo-wordpress\/ -->\n<title>Porcellio spec. &quot;Arancio di Barbate&quot; - Insektenliebe<\/title>\n<meta name=\"description\" content=\"Acquista online il Porcellio spec. &quot;Barbate Orange&quot;. Si tratta di una morfologia di colore arancione e facile da mantenere. Compra direttamente dall&#039;allevatore!\" \/>\n<meta name=\"robots\" content=\"index, follow, max-snippet:-1, max-image-preview:large, max-video-preview:-1\" \/>\n<link rel=\"canonical\" href=\"https:\/\/insektenliebe.com\/it\/shop\/prodotto\/porcellio-spec-arancio-di-barbate\/\" \/>\n<meta property=\"og:locale\" content=\"it_IT\" \/>\n<meta property=\"og:type\" content=\"article\" \/>\n<meta property=\"og:title\" content=\"Porcellio spec. &quot;Arancio di Barbate&quot; - Insektenliebe\" \/>\n<meta property=\"og:description\" content=\"Acquista online il Porcellio spec. &quot;Barbate Orange&quot;. Si tratta di una morfologia di colore arancione e facile da mantenere. Compra direttamente dall&#039;allevatore!\" \/>\n<meta property=\"og:url\" content=\"https:\/\/insektenliebe.com\/it\/shop\/prodotto\/porcellio-spec-arancio-di-barbate\/\" \/>\n<meta property=\"og:site_name\" content=\"Insektenliebe\" \/>\n<meta property=\"og:image\" content=\"https:\/\/insektenliebe.com\/wp-content\/uploads\/2025\/05\/Porcellio-spec.-_Barbate-orange_-2.jpg\" \/>\n\t<meta property=\"og:image:width\" content=\"820\" \/>\n\t<meta property=\"og:image:height\" content=\"820\" \/>\n\t<meta property=\"og:image:type\" content=\"image\/jpeg\" \/>\n<meta name=\"twitter:card\" content=\"summary_large_image\" \/>\n<script type=\"application\/ld+json\" class=\"yoast-schema-graph\">{\"@context\":\"https:\\\/\\\/schema.org\",\"@graph\":[{\"@type\":\"WebPage\",\"@id\":\"https:\\\/\\\/insektenliebe.com\\\/it\\\/shop\\\/prodotto\\\/porcellio-spec-arancio-di-barbate\\\/\",\"url\":\"https:\\\/\\\/insektenliebe.com\\\/it\\\/shop\\\/prodotto\\\/porcellio-spec-arancio-di-barbate\\\/\",\"name\":\"Porcellio spec. \\\"Arancio di Barbate\\\" - Insektenliebe\",\"isPartOf\":{\"@id\":\"https:\\\/\\\/insektenliebe.com\\\/it\\\/#website\"},\"primaryImageOfPage\":{\"@id\":\"https:\\\/\\\/insektenliebe.com\\\/it\\\/shop\\\/prodotto\\\/porcellio-spec-arancio-di-barbate\\\/#primaryimage\"},\"image\":{\"@id\":\"https:\\\/\\\/insektenliebe.com\\\/it\\\/shop\\\/prodotto\\\/porcellio-spec-arancio-di-barbate\\\/#primaryimage\"},\"thumbnailUrl\":\"https:\\\/\\\/insektenliebe.com\\\/wp-content\\\/uploads\\\/2025\\\/05\\\/Porcellio-spec.-_Barbate-orange_-2.jpg\",\"datePublished\":\"2020-11-20T14:20:00+00:00\",\"description\":\"Acquista online il Porcellio spec. \\\"Barbate Orange\\\". Si tratta di una morfologia di colore arancione e facile da mantenere. Compra direttamente dall'allevatore!\",\"breadcrumb\":{\"@id\":\"https:\\\/\\\/insektenliebe.com\\\/it\\\/shop\\\/prodotto\\\/porcellio-spec-arancio-di-barbate\\\/#breadcrumb\"},\"inLanguage\":\"it-IT\",\"potentialAction\":[{\"@type\":\"ReadAction\",\"target\":[\"https:\\\/\\\/insektenliebe.com\\\/it\\\/shop\\\/prodotto\\\/porcellio-spec-arancio-di-barbate\\\/\"]}]},{\"@type\":\"ImageObject\",\"inLanguage\":\"it-IT\",\"@id\":\"https:\\\/\\\/insektenliebe.com\\\/it\\\/shop\\\/prodotto\\\/porcellio-spec-arancio-di-barbate\\\/#primaryimage\",\"url\":\"https:\\\/\\\/insektenliebe.com\\\/wp-content\\\/uploads\\\/2025\\\/05\\\/Porcellio-spec.-_Barbate-orange_-2.jpg\",\"contentUrl\":\"https:\\\/\\\/insektenliebe.com\\\/wp-content\\\/uploads\\\/2025\\\/05\\\/Porcellio-spec.-_Barbate-orange_-2.jpg\",\"width\":820,\"height\":820,\"caption\":\"Porcellio-spec.-_Barbate-orange_-2.jpg\"},{\"@type\":\"BreadcrumbList\",\"@id\":\"https:\\\/\\\/insektenliebe.com\\\/it\\\/shop\\\/prodotto\\\/porcellio-spec-arancio-di-barbate\\\/#breadcrumb\",\"itemListElement\":[{\"@type\":\"ListItem\",\"position\":1,\"name\":\"Startseite\",\"item\":\"https:\\\/\\\/insektenliebe.com\\\/it\\\/\"},{\"@type\":\"ListItem\",\"position\":2,\"name\":\"Negozio\",\"item\":\"https:\\\/\\\/insektenliebe.com\\\/it\\\/negozio\\\/\"},{\"@type\":\"ListItem\",\"position\":3,\"name\":\"Porcellio spec. &#8220;Arancio di Barbate&#8221;\"}]},{\"@type\":\"WebSite\",\"@id\":\"https:\\\/\\\/insektenliebe.com\\\/it\\\/#website\",\"url\":\"https:\\\/\\\/insektenliebe.com\\\/it\\\/\",\"name\":\"Insektenliebe\",\"description\":\"Dein Zuhause f\u00fcr die kleinen Lebewesen\",\"publisher\":{\"@id\":\"https:\\\/\\\/insektenliebe.com\\\/it\\\/#organization\"},\"potentialAction\":[{\"@type\":\"SearchAction\",\"target\":{\"@type\":\"EntryPoint\",\"urlTemplate\":\"https:\\\/\\\/insektenliebe.com\\\/it\\\/?s={search_term_string}\"},\"query-input\":{\"@type\":\"PropertyValueSpecification\",\"valueRequired\":true,\"valueName\":\"search_term_string\"}}],\"inLanguage\":\"it-IT\"},{\"@type\":\"Organization\",\"@id\":\"https:\\\/\\\/insektenliebe.com\\\/it\\\/#organization\",\"name\":\"Insektenliebe\",\"url\":\"https:\\\/\\\/insektenliebe.com\\\/it\\\/\",\"logo\":{\"@type\":\"ImageObject\",\"inLanguage\":\"it-IT\",\"@id\":\"https:\\\/\\\/insektenliebe.com\\\/it\\\/#\\\/schema\\\/logo\\\/image\\\/\",\"url\":\"https:\\\/\\\/insektenliebe.com\\\/wp-content\\\/uploads\\\/2025\\\/03\\\/logo-white.png\",\"contentUrl\":\"https:\\\/\\\/insektenliebe.com\\\/wp-content\\\/uploads\\\/2025\\\/03\\\/logo-white.png\",\"width\":288,\"height\":188,\"caption\":\"Insektenliebe\"},\"image\":{\"@id\":\"https:\\\/\\\/insektenliebe.com\\\/it\\\/#\\\/schema\\\/logo\\\/image\\\/\"}}]}<\/script>\n<!-- \/ Yoast SEO plugin. -->","yoast_head_json":{"title":"Porcellio spec. \"Arancio di Barbate\" - Insektenliebe","description":"Acquista online il Porcellio spec. \"Barbate Orange\". Si tratta di una morfologia di colore arancione e facile da mantenere. Compra direttamente dall'allevatore!","robots":{"index":"index","follow":"follow","max-snippet":"max-snippet:-1","max-image-preview":"max-image-preview:large","max-video-preview":"max-video-preview:-1"},"canonical":"https:\/\/insektenliebe.com\/it\/shop\/prodotto\/porcellio-spec-arancio-di-barbate\/","og_locale":"it_IT","og_type":"article","og_title":"Porcellio spec. \"Arancio di Barbate\" - Insektenliebe","og_description":"Acquista online il Porcellio spec. \"Barbate Orange\". Si tratta di una morfologia di colore arancione e facile da mantenere. Compra direttamente dall'allevatore!","og_url":"https:\/\/insektenliebe.com\/it\/shop\/prodotto\/porcellio-spec-arancio-di-barbate\/","og_site_name":"Insektenliebe","og_image":[{"width":820,"height":820,"url":"https:\/\/insektenliebe.com\/wp-content\/uploads\/2025\/05\/Porcellio-spec.-_Barbate-orange_-2.jpg","type":"image\/jpeg"}],"twitter_card":"summary_large_image","schema":{"@context":"https:\/\/schema.org","@graph":[{"@type":"WebPage","@id":"https:\/\/insektenliebe.com\/it\/shop\/prodotto\/porcellio-spec-arancio-di-barbate\/","url":"https:\/\/insektenliebe.com\/it\/shop\/prodotto\/porcellio-spec-arancio-di-barbate\/","name":"Porcellio spec. \"Arancio di Barbate\" - Insektenliebe","isPartOf":{"@id":"https:\/\/insektenliebe.com\/it\/#website"},"primaryImageOfPage":{"@id":"https:\/\/insektenliebe.com\/it\/shop\/prodotto\/porcellio-spec-arancio-di-barbate\/#primaryimage"},"image":{"@id":"https:\/\/insektenliebe.com\/it\/shop\/prodotto\/porcellio-spec-arancio-di-barbate\/#primaryimage"},"thumbnailUrl":"https:\/\/insektenliebe.com\/wp-content\/uploads\/2025\/05\/Porcellio-spec.-_Barbate-orange_-2.jpg","datePublished":"2020-11-20T14:20:00+00:00","description":"Acquista online il Porcellio spec. \"Barbate Orange\". Si tratta di una morfologia di colore arancione e facile da mantenere. Compra direttamente dall'allevatore!","breadcrumb":{"@id":"https:\/\/insektenliebe.com\/it\/shop\/prodotto\/porcellio-spec-arancio-di-barbate\/#breadcrumb"},"inLanguage":"it-IT","potentialAction":[{"@type":"ReadAction","target":["https:\/\/insektenliebe.com\/it\/shop\/prodotto\/porcellio-spec-arancio-di-barbate\/"]}]},{"@type":"ImageObject","inLanguage":"it-IT","@id":"https:\/\/insektenliebe.com\/it\/shop\/prodotto\/porcellio-spec-arancio-di-barbate\/#primaryimage","url":"https:\/\/insektenliebe.com\/wp-content\/uploads\/2025\/05\/Porcellio-spec.-_Barbate-orange_-2.jpg","contentUrl":"https:\/\/insektenliebe.com\/wp-content\/uploads\/2025\/05\/Porcellio-spec.-_Barbate-orange_-2.jpg","width":820,"height":820,"caption":"Porcellio-spec.-_Barbate-orange_-2.jpg"},{"@type":"BreadcrumbList","@id":"https:\/\/insektenliebe.com\/it\/shop\/prodotto\/porcellio-spec-arancio-di-barbate\/#breadcrumb","itemListElement":[{"@type":"ListItem","position":1,"name":"Startseite","item":"https:\/\/insektenliebe.com\/it\/"},{"@type":"ListItem","position":2,"name":"Negozio","item":"https:\/\/insektenliebe.com\/it\/negozio\/"},{"@type":"ListItem","position":3,"name":"Porcellio spec. &#8220;Arancio di Barbate&#8221;"}]},{"@type":"WebSite","@id":"https:\/\/insektenliebe.com\/it\/#website","url":"https:\/\/insektenliebe.com\/it\/","name":"Insektenliebe","description":"Dein Zuhause f\u00fcr die kleinen Lebewesen","publisher":{"@id":"https:\/\/insektenliebe.com\/it\/#organization"},"potentialAction":[{"@type":"SearchAction","target":{"@type":"EntryPoint","urlTemplate":"https:\/\/insektenliebe.com\/it\/?s={search_term_string}"},"query-input":{"@type":"PropertyValueSpecification","valueRequired":true,"valueName":"search_term_string"}}],"inLanguage":"it-IT"},{"@type":"Organization","@id":"https:\/\/insektenliebe.com\/it\/#organization","name":"Insektenliebe","url":"https:\/\/insektenliebe.com\/it\/","logo":{"@type":"ImageObject","inLanguage":"it-IT","@id":"https:\/\/insektenliebe.com\/it\/#\/schema\/logo\/image\/","url":"https:\/\/insektenliebe.com\/wp-content\/uploads\/2025\/03\/logo-white.png","contentUrl":"https:\/\/insektenliebe.com\/wp-content\/uploads\/2025\/03\/logo-white.png","width":288,"height":188,"caption":"Insektenliebe"},"image":{"@id":"https:\/\/insektenliebe.com\/it\/#\/schema\/logo\/image\/"}}]}},"_links":{"self":[{"href":"https:\/\/insektenliebe.com\/it\/wp-json\/wp\/v2\/product\/190082","targetHints":{"allow":["GET"]}}],"collection":[{"href":"https:\/\/insektenliebe.com\/it\/wp-json\/wp\/v2\/product"}],"about":[{"href":"https:\/\/insektenliebe.com\/it\/wp-json\/wp\/v2\/types\/product"}],"wp:featuredmedia":[{"embeddable":true,"href":"https:\/\/insektenliebe.com\/it\/wp-json\/wp\/v2\/media\/190085"}],"wp:attachment":[{"href":"https:\/\/insektenliebe.com\/it\/wp-json\/wp\/v2\/media?parent=190082"}],"wp:term":[{"taxonomy":"product-supplier","embeddable":true,"href":"https:\/\/insektenliebe.com\/it\/wp-json\/wp\/v2\/product-supplier?post=190082"},{"taxonomy":"product_brand","embeddable":true,"href":"https:\/\/insektenliebe.com\/it\/wp-json\/wp\/v2\/product_brand?post=190082"},{"taxonomy":"product_cat","embeddable":true,"href":"https:\/\/insektenliebe.com\/it\/wp-json\/wp\/v2\/product_cat?post=190082"},{"taxonomy":"product_tag","embeddable":true,"href":"https:\/\/insektenliebe.com\/it\/wp-json\/wp\/v2\/product_tag?post=190082"},{"taxonomy":"lce-checkout-addons","embeddable":true,"href":"https:\/\/insektenliebe.com\/it\/wp-json\/wp\/v2\/lce-checkout-addons?post=190082"}],"curies":[{"name":"wp","href":"https:\/\/api.w.org\/{rel}","templated":true}]}}