{"id":190072,"date":"2020-11-27T12:47:00","date_gmt":"2020-11-27T11:47:00","guid":{"rendered":"https:\/\/insektenliebe.com\/shop\/produkt\/miscela-di-fiori\/"},"modified":"2026-03-08T17:41:15","modified_gmt":"2026-03-08T16:41:15","slug":"miscela-di-fiori","status":"publish","type":"product","link":"https:\/\/insektenliebe.com\/it\/shop\/prodotto\/miscela-di-fiori\/","title":{"rendered":"Miscela di fiori"},"content":{"rendered":"<h3><span class=\"s1\" style=\"color: #99cc33;\">Miscela di fiori: decorativa e nutriente allo stesso tempo<\/span><\/h3>\n<p class=\"p1\"><span class=\"s1\">Molti <\/span><span class=\"s2\">Invertebrati nel terrario<\/span><span class=\"s1\">  sono particolarmente ghiotti di fiori come cibo. Forniscono preziosi nutrienti vegetali e allo stesso tempo assicurano variet\u00e0 alla dieta dei tuoi animali. <\/span><\/p>\n<p class=\"p1\"><span class=\"s1\">Il nostro <\/span><span class=\"s2\">Il nostro<strong>mix di fiori<\/strong> \u00e8 composto al 100% da fiori secchi<\/span><span class=\"s1\">  ed \u00e8 ideale come mangime complementare naturale. La miscela contiene esclusivamente componenti floreali di alta qualit\u00e0 e pu\u00f2 essere   <\/span><span class=\"s2\">possono essere alimentate in modo sicuro nel terrario<\/span><span class=\"s1\">.<\/span><\/p>\n<p class=\"p1\"><span class=\"s1\">Nel compilare questo elenco, abbiamo consapevolmente prestato attenzione a <\/span><span class=\"s2\">a quali fiori sono particolarmente apprezzati dagli invertebrati<\/span><span class=\"s1\">. Allo stesso tempo, il mix ha anche un effetto collaterale pratico.<\/span><\/p>\n<p class=\"p1\"><span class=\"s1\">Uno dei componenti della miscela \u00e8 <\/span><span class=\"s2\">Fiori di lavanda<\/span><span class=\"s1\">. Questi sono utilizzati soprattutto da molti invertebrati  <\/span><span class=\"s2\">non mangiato<\/span><span class=\"s1\">  e quindi rimangono sul substrato. \u00c8 proprio qui che entrano in gioco le loro propriet\u00e0 speciali. <\/span><\/p>\n<p class=\"p1\"><span class=\"s1\">La lavanda agisce come <\/span><span class=\"s2\">repellente naturale contro i moscerini e i moscerini della frutta<\/span><span class=\"s1\">. In questo modo, il <strong>mix di fiori<\/strong> pu\u00f2 aiutare a prevenire un&#8217;infestazione nel terrario.  <\/span><span class=\"s2\">ridurre preventivamente<\/span><span class=\"s1\">.<\/span><\/p>\n<p class=\"p1\"><span class=\"s1\">Oltre alla sua funzione di alimento, la <strong>miscela floreale<\/strong> fornisce anche un aspetto naturale <\/span><span class=\"s2\">un aspetto naturale e colorato nel terrario<\/span><span class=\"s1\">. I diversi fiori aggiungono struttura e colore al substrato e conferiscono all&#8217;allestimento un aspetto particolarmente naturale.<\/span><\/p>\n<p class=\"p1\"><span class=\"s1\">La <strong>miscela floreale<\/strong> contiene i seguenti fiori:<\/span><\/p>\n<ul>\n<li>\n<p class=\"p1\"><span class=\"s1\">Fiori di calendula<\/span><\/p>\n<\/li>\n<li>\n<p class=\"p1\"><span class=\"s1\">Fiori di lavanda<\/span><\/p>\n<\/li>\n<li>\n<p class=\"p1\"><span class=\"s1\">Fiori di fiordaliso blu<\/span><\/p>\n<\/li>\n<li>\n<p class=\"p1\"><span class=\"s1\">Fiori di trifoglio rosso<\/span><\/p>\n<\/li>\n<li>\n<p class=\"p1\"><span class=\"s1\">Fiori di ibisco<\/span><\/p>\n<\/li>\n<li>\n<p class=\"p1\"><span class=\"s1\">Fiori di camomilla<\/span><\/p>\n<\/li>\n<li>\n<p class=\"p1\"><span class=\"s1\">Petali di rosa essiccati<\/span><\/p>\n<\/li>\n<\/ul>\n<p class=\"p1\"><span class=\"s1\">Puoi semplicemente cospargere la <strong>miscela floreale<\/strong> <\/span><span class=\"s2\">direttamente sul substrato<\/span><span class=\"s1\">  o offrirli specificamente come cibo. In particolare  <\/span><span class=\"s2\">Le cocciniglie, i millepiedi, le lumache e altri decompositori<\/span><span class=\"s1\"> amano mangiare molti di questi fiori.<\/span><\/p>\n<p class=\"p1\"><span class=\"s1\">Soprattutto in <\/span><span class=\"s2\">terrari bioattivi<\/span><span class=\"s1\"> un&#8217;alimentazione complementare varia garantisce che la polizia terricola rimanga attiva e utilizzi in modo efficiente il materiale organico.<\/span><\/p>\n<p class=\"p1\"><span class=\"s1\">Con il nostro <\/span><strong><span class=\"s2\">mix di fiori<\/span><\/strong><span class=\"s1\"> ottieni una combinazione naturale di <\/span><span class=\"s2\">cibo, decorazione e uso pratico<\/span><span class=\"s1\"> per il tuo terrario.<\/span><\/p>\n","protected":false},"excerpt":{"rendered":"<p>Cibo vario con prevenzione!<\/p>\n","protected":false},"featured_media":190076,"template":"","meta":{"_acf_changed":false},"product-supplier":[],"product_brand":[],"product_cat":[2815],"product_tag":[],"lce-checkout-addons":[],"class_list":{"0":"post-190072","1":"product","2":"type-product","3":"status-publish","4":"has-post-thumbnail","6":"product_cat-cibo-e-calcio","7":"product_shipping_class-equipment-shipping","9":"first","10":"instock","11":"taxable","12":"shipping-taxable","13":"purchasable","14":"product-type-simple"},"acf":[],"yoast_head":"<!-- This site is optimized with the Yoast SEO plugin v27.3 - https:\/\/yoast.com\/product\/yoast-seo-wordpress\/ -->\n<title>Miscela di fiori - Insektenliebe<\/title>\n<meta name=\"description\" content=\"Miscela di fiori per isopodi e invertebrati - 100 % fiori secchi. Mangime complementare naturale alla lavanda contro i moscerini della frutta.\" \/>\n<meta name=\"robots\" content=\"index, follow, max-snippet:-1, max-image-preview:large, max-video-preview:-1\" \/>\n<link rel=\"canonical\" href=\"https:\/\/insektenliebe.com\/it\/shop\/prodotto\/miscela-di-fiori\/\" \/>\n<meta property=\"og:locale\" content=\"it_IT\" \/>\n<meta property=\"og:type\" content=\"article\" \/>\n<meta property=\"og:title\" content=\"Miscela di fiori - Insektenliebe\" \/>\n<meta property=\"og:description\" content=\"Miscela di fiori per isopodi e invertebrati - 100 % fiori secchi. Mangime complementare naturale alla lavanda contro i moscerini della frutta.\" \/>\n<meta property=\"og:url\" content=\"https:\/\/insektenliebe.com\/it\/shop\/prodotto\/miscela-di-fiori\/\" \/>\n<meta property=\"og:site_name\" content=\"Insektenliebe\" \/>\n<meta property=\"article:modified_time\" content=\"2026-03-08T16:41:15+00:00\" \/>\n<meta property=\"og:image\" content=\"https:\/\/insektenliebe.com\/wp-content\/uploads\/2025\/05\/bluetenmix-2-2.jpg\" \/>\n\t<meta property=\"og:image:width\" content=\"820\" \/>\n\t<meta property=\"og:image:height\" content=\"820\" \/>\n\t<meta property=\"og:image:type\" content=\"image\/jpeg\" \/>\n<meta name=\"twitter:card\" content=\"summary_large_image\" \/>\n<meta name=\"twitter:label1\" content=\"Tempo di lettura stimato\" \/>\n\t<meta name=\"twitter:data1\" content=\"2 minuto\" \/>\n<script type=\"application\/ld+json\" class=\"yoast-schema-graph\">{\"@context\":\"https:\\\/\\\/schema.org\",\"@graph\":[{\"@type\":\"WebPage\",\"@id\":\"https:\\\/\\\/insektenliebe.com\\\/it\\\/shop\\\/prodotto\\\/miscela-di-fiori\\\/\",\"url\":\"https:\\\/\\\/insektenliebe.com\\\/it\\\/shop\\\/prodotto\\\/miscela-di-fiori\\\/\",\"name\":\"Miscela di fiori - Insektenliebe\",\"isPartOf\":{\"@id\":\"https:\\\/\\\/insektenliebe.com\\\/it\\\/#website\"},\"primaryImageOfPage\":{\"@id\":\"https:\\\/\\\/insektenliebe.com\\\/it\\\/shop\\\/prodotto\\\/miscela-di-fiori\\\/#primaryimage\"},\"image\":{\"@id\":\"https:\\\/\\\/insektenliebe.com\\\/it\\\/shop\\\/prodotto\\\/miscela-di-fiori\\\/#primaryimage\"},\"thumbnailUrl\":\"https:\\\/\\\/insektenliebe.com\\\/wp-content\\\/uploads\\\/2025\\\/05\\\/bluetenmix-2-2.jpg\",\"datePublished\":\"2020-11-27T11:47:00+00:00\",\"dateModified\":\"2026-03-08T16:41:15+00:00\",\"description\":\"Miscela di fiori per isopodi e invertebrati - 100 % fiori secchi. Mangime complementare naturale alla lavanda contro i moscerini della frutta.\",\"breadcrumb\":{\"@id\":\"https:\\\/\\\/insektenliebe.com\\\/it\\\/shop\\\/prodotto\\\/miscela-di-fiori\\\/#breadcrumb\"},\"inLanguage\":\"it-IT\",\"potentialAction\":[{\"@type\":\"ReadAction\",\"target\":[\"https:\\\/\\\/insektenliebe.com\\\/it\\\/shop\\\/prodotto\\\/miscela-di-fiori\\\/\"]}]},{\"@type\":\"ImageObject\",\"inLanguage\":\"it-IT\",\"@id\":\"https:\\\/\\\/insektenliebe.com\\\/it\\\/shop\\\/prodotto\\\/miscela-di-fiori\\\/#primaryimage\",\"url\":\"https:\\\/\\\/insektenliebe.com\\\/wp-content\\\/uploads\\\/2025\\\/05\\\/bluetenmix-2-2.jpg\",\"contentUrl\":\"https:\\\/\\\/insektenliebe.com\\\/wp-content\\\/uploads\\\/2025\\\/05\\\/bluetenmix-2-2.jpg\",\"width\":820,\"height\":820,\"caption\":\"bluetenmix-2-2.jpg\"},{\"@type\":\"BreadcrumbList\",\"@id\":\"https:\\\/\\\/insektenliebe.com\\\/it\\\/shop\\\/prodotto\\\/miscela-di-fiori\\\/#breadcrumb\",\"itemListElement\":[{\"@type\":\"ListItem\",\"position\":1,\"name\":\"Startseite\",\"item\":\"https:\\\/\\\/insektenliebe.com\\\/it\\\/\"},{\"@type\":\"ListItem\",\"position\":2,\"name\":\"Negozio\",\"item\":\"https:\\\/\\\/insektenliebe.com\\\/it\\\/negozio\\\/\"},{\"@type\":\"ListItem\",\"position\":3,\"name\":\"Miscela di fiori\"}]},{\"@type\":\"WebSite\",\"@id\":\"https:\\\/\\\/insektenliebe.com\\\/it\\\/#website\",\"url\":\"https:\\\/\\\/insektenliebe.com\\\/it\\\/\",\"name\":\"Insektenliebe\",\"description\":\"Dein Zuhause f\u00fcr die kleinen Lebewesen\",\"publisher\":{\"@id\":\"https:\\\/\\\/insektenliebe.com\\\/it\\\/#organization\"},\"potentialAction\":[{\"@type\":\"SearchAction\",\"target\":{\"@type\":\"EntryPoint\",\"urlTemplate\":\"https:\\\/\\\/insektenliebe.com\\\/it\\\/?s={search_term_string}\"},\"query-input\":{\"@type\":\"PropertyValueSpecification\",\"valueRequired\":true,\"valueName\":\"search_term_string\"}}],\"inLanguage\":\"it-IT\"},{\"@type\":\"Organization\",\"@id\":\"https:\\\/\\\/insektenliebe.com\\\/it\\\/#organization\",\"name\":\"Insektenliebe\",\"url\":\"https:\\\/\\\/insektenliebe.com\\\/it\\\/\",\"logo\":{\"@type\":\"ImageObject\",\"inLanguage\":\"it-IT\",\"@id\":\"https:\\\/\\\/insektenliebe.com\\\/it\\\/#\\\/schema\\\/logo\\\/image\\\/\",\"url\":\"https:\\\/\\\/insektenliebe.com\\\/wp-content\\\/uploads\\\/2025\\\/03\\\/logo-white.png\",\"contentUrl\":\"https:\\\/\\\/insektenliebe.com\\\/wp-content\\\/uploads\\\/2025\\\/03\\\/logo-white.png\",\"width\":288,\"height\":188,\"caption\":\"Insektenliebe\"},\"image\":{\"@id\":\"https:\\\/\\\/insektenliebe.com\\\/it\\\/#\\\/schema\\\/logo\\\/image\\\/\"}}]}<\/script>\n<!-- \/ Yoast SEO plugin. -->","yoast_head_json":{"title":"Miscela di fiori - Insektenliebe","description":"Miscela di fiori per isopodi e invertebrati - 100 % fiori secchi. Mangime complementare naturale alla lavanda contro i moscerini della frutta.","robots":{"index":"index","follow":"follow","max-snippet":"max-snippet:-1","max-image-preview":"max-image-preview:large","max-video-preview":"max-video-preview:-1"},"canonical":"https:\/\/insektenliebe.com\/it\/shop\/prodotto\/miscela-di-fiori\/","og_locale":"it_IT","og_type":"article","og_title":"Miscela di fiori - Insektenliebe","og_description":"Miscela di fiori per isopodi e invertebrati - 100 % fiori secchi. Mangime complementare naturale alla lavanda contro i moscerini della frutta.","og_url":"https:\/\/insektenliebe.com\/it\/shop\/prodotto\/miscela-di-fiori\/","og_site_name":"Insektenliebe","article_modified_time":"2026-03-08T16:41:15+00:00","og_image":[{"width":820,"height":820,"url":"https:\/\/insektenliebe.com\/wp-content\/uploads\/2025\/05\/bluetenmix-2-2.jpg","type":"image\/jpeg"}],"twitter_card":"summary_large_image","twitter_misc":{"Tempo di lettura stimato":"2 minuto"},"schema":{"@context":"https:\/\/schema.org","@graph":[{"@type":"WebPage","@id":"https:\/\/insektenliebe.com\/it\/shop\/prodotto\/miscela-di-fiori\/","url":"https:\/\/insektenliebe.com\/it\/shop\/prodotto\/miscela-di-fiori\/","name":"Miscela di fiori - Insektenliebe","isPartOf":{"@id":"https:\/\/insektenliebe.com\/it\/#website"},"primaryImageOfPage":{"@id":"https:\/\/insektenliebe.com\/it\/shop\/prodotto\/miscela-di-fiori\/#primaryimage"},"image":{"@id":"https:\/\/insektenliebe.com\/it\/shop\/prodotto\/miscela-di-fiori\/#primaryimage"},"thumbnailUrl":"https:\/\/insektenliebe.com\/wp-content\/uploads\/2025\/05\/bluetenmix-2-2.jpg","datePublished":"2020-11-27T11:47:00+00:00","dateModified":"2026-03-08T16:41:15+00:00","description":"Miscela di fiori per isopodi e invertebrati - 100 % fiori secchi. Mangime complementare naturale alla lavanda contro i moscerini della frutta.","breadcrumb":{"@id":"https:\/\/insektenliebe.com\/it\/shop\/prodotto\/miscela-di-fiori\/#breadcrumb"},"inLanguage":"it-IT","potentialAction":[{"@type":"ReadAction","target":["https:\/\/insektenliebe.com\/it\/shop\/prodotto\/miscela-di-fiori\/"]}]},{"@type":"ImageObject","inLanguage":"it-IT","@id":"https:\/\/insektenliebe.com\/it\/shop\/prodotto\/miscela-di-fiori\/#primaryimage","url":"https:\/\/insektenliebe.com\/wp-content\/uploads\/2025\/05\/bluetenmix-2-2.jpg","contentUrl":"https:\/\/insektenliebe.com\/wp-content\/uploads\/2025\/05\/bluetenmix-2-2.jpg","width":820,"height":820,"caption":"bluetenmix-2-2.jpg"},{"@type":"BreadcrumbList","@id":"https:\/\/insektenliebe.com\/it\/shop\/prodotto\/miscela-di-fiori\/#breadcrumb","itemListElement":[{"@type":"ListItem","position":1,"name":"Startseite","item":"https:\/\/insektenliebe.com\/it\/"},{"@type":"ListItem","position":2,"name":"Negozio","item":"https:\/\/insektenliebe.com\/it\/negozio\/"},{"@type":"ListItem","position":3,"name":"Miscela di fiori"}]},{"@type":"WebSite","@id":"https:\/\/insektenliebe.com\/it\/#website","url":"https:\/\/insektenliebe.com\/it\/","name":"Insektenliebe","description":"Dein Zuhause f\u00fcr die kleinen Lebewesen","publisher":{"@id":"https:\/\/insektenliebe.com\/it\/#organization"},"potentialAction":[{"@type":"SearchAction","target":{"@type":"EntryPoint","urlTemplate":"https:\/\/insektenliebe.com\/it\/?s={search_term_string}"},"query-input":{"@type":"PropertyValueSpecification","valueRequired":true,"valueName":"search_term_string"}}],"inLanguage":"it-IT"},{"@type":"Organization","@id":"https:\/\/insektenliebe.com\/it\/#organization","name":"Insektenliebe","url":"https:\/\/insektenliebe.com\/it\/","logo":{"@type":"ImageObject","inLanguage":"it-IT","@id":"https:\/\/insektenliebe.com\/it\/#\/schema\/logo\/image\/","url":"https:\/\/insektenliebe.com\/wp-content\/uploads\/2025\/03\/logo-white.png","contentUrl":"https:\/\/insektenliebe.com\/wp-content\/uploads\/2025\/03\/logo-white.png","width":288,"height":188,"caption":"Insektenliebe"},"image":{"@id":"https:\/\/insektenliebe.com\/it\/#\/schema\/logo\/image\/"}}]}},"_links":{"self":[{"href":"https:\/\/insektenliebe.com\/it\/wp-json\/wp\/v2\/product\/190072","targetHints":{"allow":["GET"]}}],"collection":[{"href":"https:\/\/insektenliebe.com\/it\/wp-json\/wp\/v2\/product"}],"about":[{"href":"https:\/\/insektenliebe.com\/it\/wp-json\/wp\/v2\/types\/product"}],"wp:featuredmedia":[{"embeddable":true,"href":"https:\/\/insektenliebe.com\/it\/wp-json\/wp\/v2\/media\/190076"}],"wp:attachment":[{"href":"https:\/\/insektenliebe.com\/it\/wp-json\/wp\/v2\/media?parent=190072"}],"wp:term":[{"taxonomy":"product-supplier","embeddable":true,"href":"https:\/\/insektenliebe.com\/it\/wp-json\/wp\/v2\/product-supplier?post=190072"},{"taxonomy":"product_brand","embeddable":true,"href":"https:\/\/insektenliebe.com\/it\/wp-json\/wp\/v2\/product_brand?post=190072"},{"taxonomy":"product_cat","embeddable":true,"href":"https:\/\/insektenliebe.com\/it\/wp-json\/wp\/v2\/product_cat?post=190072"},{"taxonomy":"product_tag","embeddable":true,"href":"https:\/\/insektenliebe.com\/it\/wp-json\/wp\/v2\/product_tag?post=190072"},{"taxonomy":"lce-checkout-addons","embeddable":true,"href":"https:\/\/insektenliebe.com\/it\/wp-json\/wp\/v2\/lce-checkout-addons?post=190072"}],"curies":[{"name":"wp","href":"https:\/\/api.w.org\/{rel}","templated":true}]}}