{"id":190037,"date":"2021-10-15T09:42:06","date_gmt":"2021-10-15T07:42:06","guid":{"rendered":"https:\/\/insektenliebe.com\/shop\/produkt\/orthomorpha-spec-ao-nang\/"},"modified":"2021-10-15T09:42:06","modified_gmt":"2021-10-15T07:42:06","slug":"orthomorpha-spec-ao-nang","status":"publish","type":"product","link":"https:\/\/insektenliebe.com\/it\/shop\/prodotto\/orthomorpha-spec-ao-nang\/","title":{"rendered":"Orthomorpha spec. \"Ao Nang\""},"content":{"rendered":"<h3><span style=\"color: #99cc33\">Breve descrizione:<\/span><\/h3>\n<p>Il bipede, che appartiene alla specie dei piedi a nastro, \u00e8 originario della Thailandia meridionale. La localit\u00e0 esatta \u00e8 Ao Nang. Il calcare caratterizza l&#8217;ambiente, dove prevale un clima tropicale monsonico.  <\/p>\n<p>L&#8217;allevamento e la cura dell&#8217;Orthomorpha spec. \"Ao Nang\" sono relativamente semplici. Questa specie esotica pu\u00f2 raggiungere una dimensione finale di quasi 4 cm nel terrario. Per questo motivo richiedono un terrario di almeno 30 \u00d7 30 \u00d7 30 cm.   <\/p>\n<p>Nel loro habitat naturale, le Orthomorpha spec. \"Ao Nang\" si trovano principalmente vicino al terreno. Questo aspetto va assolutamente tenuto in considerazione quando si progetta il terrario. Per questo motivo, l&#8217;altezza del substrato deve essere di almeno 10 cm. Una miscela di humus forestale, legno bianco marcio, muschio di sfagno e foglie si \u00e8 rivelata un ottimo substrato di riproduzione. Anche il terriccio in scaglie e le foglie di foraggio sono facilmente accettati dagli animali. L&#8217;Orthomorpha spec. \"Ao Nang\" necessita di molto calcare nel substrato. Proprio per questo motivo, \u00e8 importante mescolare al substrato una quantit\u00e0 doppia di granuli di calce o di graniglia di conchiglia.        <\/p>\n<p>Anche l&#8217;Orthomorpha spec. \"Ao Nang\" ama arrampicarsi occasionalmente. Per questo motivo \u00e8 necessario prevedere delle strutture per l&#8217;arrampicata. La roccia lavica, come mostrato nella foto del prodotto, \u00e8 spesso utilizzata come opzione di arrampicata. Questo tipo di roccia immagazzina anche l&#8217;umidit\u00e0 e quindi garantisce un clima tropicale nel terrario.    <\/p>\n<p>L&#8217;Orthomorpha spec. \"Ao Nang\" pu\u00f2 essere facilmente allevata in coppia o in gruppo. Se tenuti in gruppo, la prole viene allevata regolarmente e puoi osservare la crescita dei piccoli pesci dalle zampe a nastro.  <\/p>\n<p>Le Orthomorpha spec. \"Ao Nang\" amano il caldo e l&#8217;umidit\u00e0. La temperatura nel terrario dovrebbe essere compresa tra 22 e 26 \u00b0C. \u00c8 importante che l&#8217;umidit\u00e0 sia elevata. Per proteggere gli animali dalla siccit\u00e0, il terrario deve essere annaffiato regolarmente.    <\/p>\n<p>L&#8217;alimentazione adeguata alla specie non \u00e8 difficile. Gli Orthomorpha spec. \"Ao Nang\" accettano senza problemi legno bianco marcio, foglie di foraggio, verdure, frutta e cibo per millepiedi.  <\/p>\n<p>L&#8217;allevamento di Orthomorpha spec. \"Ao Nang\" \u00e8 adatto anche ai detentori inesperti e perdona le occasionali negligenze o l&#8217;eccessiva protezione. Gli animali possono essere allevati con successo e sono ora disponibili come prole stabile.  <\/p>\n","protected":false},"excerpt":{"rendered":"<p>Breve descrizione: Il bipede, che appartiene alla specie dei piedi a nastro, \u00e8 originario della Thailandia meridionale. La localit\u00e0 esatta \u00e8 Ao Nang. Il calcare caratterizza l&#8217;ambiente, dove prevale un clima tropicale monsonico. L&#8217;allevamento e la cura dell&#8217;Orthomorpha spec. \"Ao Nang\" sono relativamente semplici. Questa specie esotica pu\u00f2 raggiungere una dimensione finale di quasi 4 [&hellip;]<\/p>\n","protected":false},"featured_media":190041,"template":"","meta":{"_acf_changed":false},"product-supplier":[],"product_brand":[],"product_cat":[2870],"product_tag":[],"lce-checkout-addons":[2746],"class_list":{"0":"post-190037","1":"product","2":"type-product","3":"status-publish","4":"has-post-thumbnail","6":"product_cat-millipede","7":"product_shipping_class-spedizione-di-animali","8":"pa_herkunft-thailandia","9":"pa_kontinent-asia","10":"lce-checkout-addons-imballaggio-invernale","12":"first","13":"outofstock","14":"taxable","15":"shipping-taxable","16":"purchasable","17":"product-type-simple"},"acf":[],"yoast_head":"<!-- This site is optimized with the Yoast SEO plugin v27.3 - https:\/\/yoast.com\/product\/yoast-seo-wordpress\/ -->\n<title>Orthomorpha spec. &quot;Ao Nang&quot; - Insektenliebe<\/title>\n<meta name=\"description\" content=\"Acquista direttamente online la bellissima Orthomorpha spec. &quot;Ao Nang&quot;. Offriamo i nostri esemplari allevati in cattivit\u00e0 di questa fantastica specie di piede a nastro!\" \/>\n<meta name=\"robots\" content=\"index, follow, max-snippet:-1, max-image-preview:large, max-video-preview:-1\" \/>\n<link rel=\"canonical\" href=\"https:\/\/insektenliebe.com\/it\/shop\/prodotto\/orthomorpha-spec-ao-nang\/\" \/>\n<meta property=\"og:locale\" content=\"it_IT\" \/>\n<meta property=\"og:type\" content=\"article\" \/>\n<meta property=\"og:title\" content=\"Orthomorpha spec. &quot;Ao Nang&quot; - Insektenliebe\" \/>\n<meta property=\"og:description\" content=\"Acquista direttamente online la bellissima Orthomorpha spec. &quot;Ao Nang&quot;. Offriamo i nostri esemplari allevati in cattivit\u00e0 di questa fantastica specie di piede a nastro!\" \/>\n<meta property=\"og:url\" content=\"https:\/\/insektenliebe.com\/it\/shop\/prodotto\/orthomorpha-spec-ao-nang\/\" \/>\n<meta property=\"og:site_name\" content=\"Insektenliebe\" \/>\n<meta property=\"og:image\" content=\"https:\/\/insektenliebe.com\/wp-content\/uploads\/2025\/05\/Orthomorpha-spec.-22Ao-Nang22-2.jpg\" \/>\n\t<meta property=\"og:image:width\" content=\"820\" \/>\n\t<meta property=\"og:image:height\" content=\"820\" \/>\n\t<meta property=\"og:image:type\" content=\"image\/jpeg\" \/>\n<meta name=\"twitter:card\" content=\"summary_large_image\" \/>\n<meta name=\"twitter:label1\" content=\"Tempo di lettura stimato\" \/>\n\t<meta name=\"twitter:data1\" content=\"2 minuto\" \/>\n<script type=\"application\/ld+json\" class=\"yoast-schema-graph\">{\"@context\":\"https:\\\/\\\/schema.org\",\"@graph\":[{\"@type\":\"WebPage\",\"@id\":\"https:\\\/\\\/insektenliebe.com\\\/it\\\/shop\\\/prodotto\\\/orthomorpha-spec-ao-nang\\\/\",\"url\":\"https:\\\/\\\/insektenliebe.com\\\/it\\\/shop\\\/prodotto\\\/orthomorpha-spec-ao-nang\\\/\",\"name\":\"Orthomorpha spec. \\\"Ao Nang\\\" - Insektenliebe\",\"isPartOf\":{\"@id\":\"https:\\\/\\\/insektenliebe.com\\\/it\\\/#website\"},\"primaryImageOfPage\":{\"@id\":\"https:\\\/\\\/insektenliebe.com\\\/it\\\/shop\\\/prodotto\\\/orthomorpha-spec-ao-nang\\\/#primaryimage\"},\"image\":{\"@id\":\"https:\\\/\\\/insektenliebe.com\\\/it\\\/shop\\\/prodotto\\\/orthomorpha-spec-ao-nang\\\/#primaryimage\"},\"thumbnailUrl\":\"https:\\\/\\\/insektenliebe.com\\\/wp-content\\\/uploads\\\/2025\\\/05\\\/Orthomorpha-spec.-22Ao-Nang22-2.jpg\",\"datePublished\":\"2021-10-15T07:42:06+00:00\",\"description\":\"Acquista direttamente online la bellissima Orthomorpha spec. \\\"Ao Nang\\\". Offriamo i nostri esemplari allevati in cattivit\u00e0 di questa fantastica specie di piede a nastro!\",\"breadcrumb\":{\"@id\":\"https:\\\/\\\/insektenliebe.com\\\/it\\\/shop\\\/prodotto\\\/orthomorpha-spec-ao-nang\\\/#breadcrumb\"},\"inLanguage\":\"it-IT\",\"potentialAction\":[{\"@type\":\"ReadAction\",\"target\":[\"https:\\\/\\\/insektenliebe.com\\\/it\\\/shop\\\/prodotto\\\/orthomorpha-spec-ao-nang\\\/\"]}]},{\"@type\":\"ImageObject\",\"inLanguage\":\"it-IT\",\"@id\":\"https:\\\/\\\/insektenliebe.com\\\/it\\\/shop\\\/prodotto\\\/orthomorpha-spec-ao-nang\\\/#primaryimage\",\"url\":\"https:\\\/\\\/insektenliebe.com\\\/wp-content\\\/uploads\\\/2025\\\/05\\\/Orthomorpha-spec.-22Ao-Nang22-2.jpg\",\"contentUrl\":\"https:\\\/\\\/insektenliebe.com\\\/wp-content\\\/uploads\\\/2025\\\/05\\\/Orthomorpha-spec.-22Ao-Nang22-2.jpg\",\"width\":820,\"height\":820,\"caption\":\"Orthomorpha-spec.-22Ao-Nang22-2.jpg\"},{\"@type\":\"BreadcrumbList\",\"@id\":\"https:\\\/\\\/insektenliebe.com\\\/it\\\/shop\\\/prodotto\\\/orthomorpha-spec-ao-nang\\\/#breadcrumb\",\"itemListElement\":[{\"@type\":\"ListItem\",\"position\":1,\"name\":\"Startseite\",\"item\":\"https:\\\/\\\/insektenliebe.com\\\/it\\\/\"},{\"@type\":\"ListItem\",\"position\":2,\"name\":\"Negozio\",\"item\":\"https:\\\/\\\/insektenliebe.com\\\/it\\\/negozio\\\/\"},{\"@type\":\"ListItem\",\"position\":3,\"name\":\"Orthomorpha spec. &#8220;Ao Nang&#8221;\"}]},{\"@type\":\"WebSite\",\"@id\":\"https:\\\/\\\/insektenliebe.com\\\/it\\\/#website\",\"url\":\"https:\\\/\\\/insektenliebe.com\\\/it\\\/\",\"name\":\"Insektenliebe\",\"description\":\"Dein Zuhause f\u00fcr die kleinen Lebewesen\",\"publisher\":{\"@id\":\"https:\\\/\\\/insektenliebe.com\\\/it\\\/#organization\"},\"potentialAction\":[{\"@type\":\"SearchAction\",\"target\":{\"@type\":\"EntryPoint\",\"urlTemplate\":\"https:\\\/\\\/insektenliebe.com\\\/it\\\/?s={search_term_string}\"},\"query-input\":{\"@type\":\"PropertyValueSpecification\",\"valueRequired\":true,\"valueName\":\"search_term_string\"}}],\"inLanguage\":\"it-IT\"},{\"@type\":\"Organization\",\"@id\":\"https:\\\/\\\/insektenliebe.com\\\/it\\\/#organization\",\"name\":\"Insektenliebe\",\"url\":\"https:\\\/\\\/insektenliebe.com\\\/it\\\/\",\"logo\":{\"@type\":\"ImageObject\",\"inLanguage\":\"it-IT\",\"@id\":\"https:\\\/\\\/insektenliebe.com\\\/it\\\/#\\\/schema\\\/logo\\\/image\\\/\",\"url\":\"https:\\\/\\\/insektenliebe.com\\\/wp-content\\\/uploads\\\/2025\\\/03\\\/logo-white.png\",\"contentUrl\":\"https:\\\/\\\/insektenliebe.com\\\/wp-content\\\/uploads\\\/2025\\\/03\\\/logo-white.png\",\"width\":288,\"height\":188,\"caption\":\"Insektenliebe\"},\"image\":{\"@id\":\"https:\\\/\\\/insektenliebe.com\\\/it\\\/#\\\/schema\\\/logo\\\/image\\\/\"}}]}<\/script>\n<!-- \/ Yoast SEO plugin. -->","yoast_head_json":{"title":"Orthomorpha spec. \"Ao Nang\" - Insektenliebe","description":"Acquista direttamente online la bellissima Orthomorpha spec. \"Ao Nang\". Offriamo i nostri esemplari allevati in cattivit\u00e0 di questa fantastica specie di piede a nastro!","robots":{"index":"index","follow":"follow","max-snippet":"max-snippet:-1","max-image-preview":"max-image-preview:large","max-video-preview":"max-video-preview:-1"},"canonical":"https:\/\/insektenliebe.com\/it\/shop\/prodotto\/orthomorpha-spec-ao-nang\/","og_locale":"it_IT","og_type":"article","og_title":"Orthomorpha spec. \"Ao Nang\" - Insektenliebe","og_description":"Acquista direttamente online la bellissima Orthomorpha spec. \"Ao Nang\". Offriamo i nostri esemplari allevati in cattivit\u00e0 di questa fantastica specie di piede a nastro!","og_url":"https:\/\/insektenliebe.com\/it\/shop\/prodotto\/orthomorpha-spec-ao-nang\/","og_site_name":"Insektenliebe","og_image":[{"width":820,"height":820,"url":"https:\/\/insektenliebe.com\/wp-content\/uploads\/2025\/05\/Orthomorpha-spec.-22Ao-Nang22-2.jpg","type":"image\/jpeg"}],"twitter_card":"summary_large_image","twitter_misc":{"Tempo di lettura stimato":"2 minuto"},"schema":{"@context":"https:\/\/schema.org","@graph":[{"@type":"WebPage","@id":"https:\/\/insektenliebe.com\/it\/shop\/prodotto\/orthomorpha-spec-ao-nang\/","url":"https:\/\/insektenliebe.com\/it\/shop\/prodotto\/orthomorpha-spec-ao-nang\/","name":"Orthomorpha spec. \"Ao Nang\" - Insektenliebe","isPartOf":{"@id":"https:\/\/insektenliebe.com\/it\/#website"},"primaryImageOfPage":{"@id":"https:\/\/insektenliebe.com\/it\/shop\/prodotto\/orthomorpha-spec-ao-nang\/#primaryimage"},"image":{"@id":"https:\/\/insektenliebe.com\/it\/shop\/prodotto\/orthomorpha-spec-ao-nang\/#primaryimage"},"thumbnailUrl":"https:\/\/insektenliebe.com\/wp-content\/uploads\/2025\/05\/Orthomorpha-spec.-22Ao-Nang22-2.jpg","datePublished":"2021-10-15T07:42:06+00:00","description":"Acquista direttamente online la bellissima Orthomorpha spec. \"Ao Nang\". Offriamo i nostri esemplari allevati in cattivit\u00e0 di questa fantastica specie di piede a nastro!","breadcrumb":{"@id":"https:\/\/insektenliebe.com\/it\/shop\/prodotto\/orthomorpha-spec-ao-nang\/#breadcrumb"},"inLanguage":"it-IT","potentialAction":[{"@type":"ReadAction","target":["https:\/\/insektenliebe.com\/it\/shop\/prodotto\/orthomorpha-spec-ao-nang\/"]}]},{"@type":"ImageObject","inLanguage":"it-IT","@id":"https:\/\/insektenliebe.com\/it\/shop\/prodotto\/orthomorpha-spec-ao-nang\/#primaryimage","url":"https:\/\/insektenliebe.com\/wp-content\/uploads\/2025\/05\/Orthomorpha-spec.-22Ao-Nang22-2.jpg","contentUrl":"https:\/\/insektenliebe.com\/wp-content\/uploads\/2025\/05\/Orthomorpha-spec.-22Ao-Nang22-2.jpg","width":820,"height":820,"caption":"Orthomorpha-spec.-22Ao-Nang22-2.jpg"},{"@type":"BreadcrumbList","@id":"https:\/\/insektenliebe.com\/it\/shop\/prodotto\/orthomorpha-spec-ao-nang\/#breadcrumb","itemListElement":[{"@type":"ListItem","position":1,"name":"Startseite","item":"https:\/\/insektenliebe.com\/it\/"},{"@type":"ListItem","position":2,"name":"Negozio","item":"https:\/\/insektenliebe.com\/it\/negozio\/"},{"@type":"ListItem","position":3,"name":"Orthomorpha spec. &#8220;Ao Nang&#8221;"}]},{"@type":"WebSite","@id":"https:\/\/insektenliebe.com\/it\/#website","url":"https:\/\/insektenliebe.com\/it\/","name":"Insektenliebe","description":"Dein Zuhause f\u00fcr die kleinen Lebewesen","publisher":{"@id":"https:\/\/insektenliebe.com\/it\/#organization"},"potentialAction":[{"@type":"SearchAction","target":{"@type":"EntryPoint","urlTemplate":"https:\/\/insektenliebe.com\/it\/?s={search_term_string}"},"query-input":{"@type":"PropertyValueSpecification","valueRequired":true,"valueName":"search_term_string"}}],"inLanguage":"it-IT"},{"@type":"Organization","@id":"https:\/\/insektenliebe.com\/it\/#organization","name":"Insektenliebe","url":"https:\/\/insektenliebe.com\/it\/","logo":{"@type":"ImageObject","inLanguage":"it-IT","@id":"https:\/\/insektenliebe.com\/it\/#\/schema\/logo\/image\/","url":"https:\/\/insektenliebe.com\/wp-content\/uploads\/2025\/03\/logo-white.png","contentUrl":"https:\/\/insektenliebe.com\/wp-content\/uploads\/2025\/03\/logo-white.png","width":288,"height":188,"caption":"Insektenliebe"},"image":{"@id":"https:\/\/insektenliebe.com\/it\/#\/schema\/logo\/image\/"}}]}},"_links":{"self":[{"href":"https:\/\/insektenliebe.com\/it\/wp-json\/wp\/v2\/product\/190037","targetHints":{"allow":["GET"]}}],"collection":[{"href":"https:\/\/insektenliebe.com\/it\/wp-json\/wp\/v2\/product"}],"about":[{"href":"https:\/\/insektenliebe.com\/it\/wp-json\/wp\/v2\/types\/product"}],"wp:featuredmedia":[{"embeddable":true,"href":"https:\/\/insektenliebe.com\/it\/wp-json\/wp\/v2\/media\/190041"}],"wp:attachment":[{"href":"https:\/\/insektenliebe.com\/it\/wp-json\/wp\/v2\/media?parent=190037"}],"wp:term":[{"taxonomy":"product-supplier","embeddable":true,"href":"https:\/\/insektenliebe.com\/it\/wp-json\/wp\/v2\/product-supplier?post=190037"},{"taxonomy":"product_brand","embeddable":true,"href":"https:\/\/insektenliebe.com\/it\/wp-json\/wp\/v2\/product_brand?post=190037"},{"taxonomy":"product_cat","embeddable":true,"href":"https:\/\/insektenliebe.com\/it\/wp-json\/wp\/v2\/product_cat?post=190037"},{"taxonomy":"product_tag","embeddable":true,"href":"https:\/\/insektenliebe.com\/it\/wp-json\/wp\/v2\/product_tag?post=190037"},{"taxonomy":"lce-checkout-addons","embeddable":true,"href":"https:\/\/insektenliebe.com\/it\/wp-json\/wp\/v2\/lce-checkout-addons?post=190037"}],"curies":[{"name":"wp","href":"https:\/\/api.w.org\/{rel}","templated":true}]}}