{"id":190036,"date":"2020-11-28T09:56:00","date_gmt":"2020-11-28T08:56:00","guid":{"rendered":"https:\/\/insektenliebe.com\/shop\/produkt\/typhochlaena-seladonia\/"},"modified":"2026-03-06T18:44:00","modified_gmt":"2026-03-06T17:44:00","slug":"typhochlaena-seladonia","status":"publish","type":"product","link":"https:\/\/insektenliebe.com\/it\/shop\/prodotto\/typhochlaena-seladonia\/","title":{"rendered":"Typhochlaena seladonia"},"content":{"rendered":"<h3 class=\"p1\"><span style=\"color: #99cc33;\"><strong><span class=\"s1\">Typhochlaena seladonia - La tarantola gioiello del Brasile<\/span><\/strong><\/span><\/h3>\n<p class=\"p1\"><span class=\"s1\">La <strong>Typhochlaena seladonia<\/strong> \u00e8 una delle specie di tarantola pi\u00f9 spettacolari e affascinanti del mondo. Originaria delle foreste pluviali atlantiche del Brasile, \u00e8 nota per la sua colorazione mozzafiato e il suo stile di vita insolito. La femmina pu\u00f2 raggiungere una lunghezza del corpo fino a 3 cm, mentre l&#8217;apertura alare delle zampe \u00e8 solitamente di circa 6-7 cm. Ci\u00f2 che li rende speciali, tuttavia, non \u00e8 solo il loro aspetto smagliante, ma anche la loro particolare costruzione di tane tubolari nella corteccia degli alberi o in tubi di sughero, che chiudono abilmente con un coperchio fatto di seta di ragno - simile a un ragno botola.   <\/span><\/p>\n<p class=\"p1\"><span class=\"s1\">La loro colorazione \u00e8 una vera e propria opera d&#8217;arte della natura. Il verde scintillante, unito a tonalit\u00e0 metalliche blu e turchesi e a un motivo sorprendente sull&#8217;addome, ne fanno un gioiello vivente nel terrario. Questa intensit\u00e0 cromatica \u00e8 particolarmente efficace in presenza di una buona illuminazione ed \u00e8 uno dei motivi per cui questa specie \u00e8 molto ricercata dagli appassionati.  <\/span><\/p>\n<p class=\"p1\"><span class=\"s1\">La <strong>Typhochlaena seladonia<\/strong> richiede un terrario alto e ben ventilato, con sufficienti possibilit\u00e0 di arrampicarsi e molti nascondigli. I tubi di sughero o i pezzi di corteccia sono d&#8217;obbligo, perch\u00e9 \u00e8 qui che costruisce le sue caratteristiche tane. Il substrato deve essere leggermente umido, ma mai bagnato, e si raccomanda un&#8217;umidit\u00e0 moderata del 70-80%. Una temperatura compresa tra i 24 e i 28 \u00b0C garantisce condizioni ottimali.   <\/span><\/p>\n<p class=\"p1\"><span class=\"s1\">L&#8217;alimentazione \u00e8 semplice: accetta senza problemi piccoli insetti come grilli, scarafaggi o mosche. A causa delle loro dimensioni piuttosto ridotte, \u00e8 opportuno scegliere animali da mangiare di piccole dimensioni. Il loro comportamento \u00e8 prevalentemente timido e difensivo, ma spesso possono essere visti mentre cacciano o si occupano della loro tana: uno spettacolo affascinante per qualsiasi custode.  <\/span><\/p>\n<p class=\"p1\"><span class=\"s1\">L&#8217;allevamento di questa specie \u00e8 impegnativo e richiede esperienza, poich\u00e9 i giovani animali reagiscono in modo molto sensibile agli errori di gestione. Tuttavia, chi studia intensamente le loro esigenze sar\u00e0 ricompensato con una specie unica, rara e visivamente incomparabile che non ha eguali nell&#8217;hobby del terrario. <\/span><\/p>\n<p class=\"p1\"><span class=\"s1\">Questa tarantola non \u00e8 un semplice animale, ma un vero e proprio gioiello che trasformer\u00e0 qualsiasi terrario ben gestito in un&#8217;attrazione per gli occhi.<\/span><\/p>\n","protected":false},"excerpt":{"rendered":"<p>Typhochlaena seladonia - La tarantola gioiello del Brasile La Typhochlaena seladonia \u00e8 una delle specie di tarantola pi\u00f9 spettacolari e affascinanti del mondo. Originaria delle foreste pluviali atlantiche del Brasile, \u00e8 nota per la sua colorazione mozzafiato e il suo stile di vita insolito. La femmina pu\u00f2 raggiungere una lunghezza del corpo fino a 3 [&hellip;]<\/p>\n","protected":false},"featured_media":187531,"template":"","meta":{"_acf_changed":false},"product-supplier":[],"product_brand":[],"product_cat":[2809,3004],"product_tag":[],"lce-checkout-addons":[2746],"class_list":{"0":"post-190036","1":"product","2":"type-product","3":"status-publish","4":"has-post-thumbnail","6":"product_cat-ragni","7":"product_cat-tarantole","8":"product_shipping_class-spedizione-di-animali","9":"pa_herkunft-brasile","10":"pa_kontinent-sud-america","11":"lce-checkout-addons-imballaggio-invernale","13":"first","14":"outofstock","15":"taxable","16":"shipping-taxable","17":"purchasable","18":"product-type-variable"},"acf":[],"yoast_head":"<!-- This site is optimized with the Yoast SEO Premium plugin v26.8 (Yoast SEO v27.3) - https:\/\/yoast.com\/product\/yoast-seo-premium-wordpress\/ -->\n<title>Typhochlaena seladonia - Insektenliebe<\/title>\n<meta name=\"robots\" content=\"index, follow, max-snippet:-1, max-image-preview:large, max-video-preview:-1\" \/>\n<link rel=\"canonical\" href=\"https:\/\/insektenliebe.com\/it\/shop\/prodotto\/typhochlaena-seladonia\/\" \/>\n<meta property=\"og:locale\" content=\"it_IT\" \/>\n<meta property=\"og:type\" content=\"article\" \/>\n<meta property=\"og:title\" content=\"Typhochlaena seladonia\" \/>\n<meta property=\"og:description\" content=\"Typhochlaena seladonia - La tarantola gioiello del Brasile La Typhochlaena seladonia \u00e8 una delle specie di tarantola pi\u00f9 spettacolari e affascinanti del mondo. Originaria delle foreste pluviali atlantiche del Brasile, \u00e8 nota per la sua colorazione mozzafiato e il suo stile di vita insolito. La femmina pu\u00f2 raggiungere una lunghezza del corpo fino a 3 [&hellip;]\" \/>\n<meta property=\"og:url\" content=\"https:\/\/insektenliebe.com\/it\/shop\/prodotto\/typhochlaena-seladonia\/\" \/>\n<meta property=\"og:site_name\" content=\"Insektenliebe\" \/>\n<meta property=\"article:modified_time\" content=\"2026-03-06T17:44:00+00:00\" \/>\n<meta property=\"og:image\" content=\"https:\/\/insektenliebe.com\/wp-content\/uploads\/2025\/05\/Typhochlaena-seladonia-2.jpg\" \/>\n\t<meta property=\"og:image:width\" content=\"820\" \/>\n\t<meta property=\"og:image:height\" content=\"820\" \/>\n\t<meta property=\"og:image:type\" content=\"image\/jpeg\" \/>\n<meta name=\"twitter:card\" content=\"summary_large_image\" \/>\n<meta name=\"twitter:label1\" content=\"Disponibilit\u00e0\" \/>\n\t<meta name=\"twitter:data1\" content=\"Esaurito\" \/>\n<script type=\"application\/ld+json\" class=\"yoast-schema-graph\">{\"@context\":\"https:\\\/\\\/schema.org\",\"@graph\":[{\"@type\":\"WebPage\",\"@id\":\"https:\\\/\\\/insektenliebe.com\\\/it\\\/shop\\\/prodotto\\\/typhochlaena-seladonia\\\/\",\"url\":\"https:\\\/\\\/insektenliebe.com\\\/it\\\/shop\\\/prodotto\\\/typhochlaena-seladonia\\\/\",\"name\":\"Typhochlaena seladonia - Insektenliebe\",\"isPartOf\":{\"@id\":\"https:\\\/\\\/insektenliebe.com\\\/it\\\/#website\"},\"primaryImageOfPage\":{\"@id\":\"https:\\\/\\\/insektenliebe.com\\\/it\\\/shop\\\/prodotto\\\/typhochlaena-seladonia\\\/#primaryimage\"},\"image\":{\"@id\":\"https:\\\/\\\/insektenliebe.com\\\/it\\\/shop\\\/prodotto\\\/typhochlaena-seladonia\\\/#primaryimage\"},\"thumbnailUrl\":\"https:\\\/\\\/insektenliebe.com\\\/wp-content\\\/uploads\\\/2025\\\/05\\\/Typhochlaena-seladonia-2.jpg\",\"datePublished\":\"2020-11-28T08:56:00+00:00\",\"dateModified\":\"2026-03-06T17:44:00+00:00\",\"breadcrumb\":{\"@id\":\"https:\\\/\\\/insektenliebe.com\\\/it\\\/shop\\\/prodotto\\\/typhochlaena-seladonia\\\/#breadcrumb\"},\"inLanguage\":\"it-IT\",\"potentialAction\":[{\"@type\":\"ReadAction\",\"target\":[\"https:\\\/\\\/insektenliebe.com\\\/it\\\/shop\\\/prodotto\\\/typhochlaena-seladonia\\\/\"]}]},{\"@type\":\"ImageObject\",\"inLanguage\":\"it-IT\",\"@id\":\"https:\\\/\\\/insektenliebe.com\\\/it\\\/shop\\\/prodotto\\\/typhochlaena-seladonia\\\/#primaryimage\",\"url\":\"https:\\\/\\\/insektenliebe.com\\\/wp-content\\\/uploads\\\/2025\\\/05\\\/Typhochlaena-seladonia-2.jpg\",\"contentUrl\":\"https:\\\/\\\/insektenliebe.com\\\/wp-content\\\/uploads\\\/2025\\\/05\\\/Typhochlaena-seladonia-2.jpg\",\"width\":820,\"height\":820,\"caption\":\"Typhochlaena-seladonia-2.jpg\"},{\"@type\":\"BreadcrumbList\",\"@id\":\"https:\\\/\\\/insektenliebe.com\\\/it\\\/shop\\\/prodotto\\\/typhochlaena-seladonia\\\/#breadcrumb\",\"itemListElement\":[{\"@type\":\"ListItem\",\"position\":1,\"name\":\"Startseite\",\"item\":\"https:\\\/\\\/insektenliebe.com\\\/it\\\/\"},{\"@type\":\"ListItem\",\"position\":2,\"name\":\"Negozio\",\"item\":\"https:\\\/\\\/insektenliebe.com\\\/it\\\/negozio\\\/\"},{\"@type\":\"ListItem\",\"position\":3,\"name\":\"Typhochlaena seladonia\"}]},{\"@type\":\"WebSite\",\"@id\":\"https:\\\/\\\/insektenliebe.com\\\/it\\\/#website\",\"url\":\"https:\\\/\\\/insektenliebe.com\\\/it\\\/\",\"name\":\"Insektenliebe\",\"description\":\"Dein Zuhause f\u00fcr die kleinen Lebewesen\",\"publisher\":{\"@id\":\"https:\\\/\\\/insektenliebe.com\\\/it\\\/#organization\"},\"potentialAction\":[{\"@type\":\"SearchAction\",\"target\":{\"@type\":\"EntryPoint\",\"urlTemplate\":\"https:\\\/\\\/insektenliebe.com\\\/it\\\/?s={search_term_string}\"},\"query-input\":{\"@type\":\"PropertyValueSpecification\",\"valueRequired\":true,\"valueName\":\"search_term_string\"}}],\"inLanguage\":\"it-IT\"},{\"@type\":\"Organization\",\"@id\":\"https:\\\/\\\/insektenliebe.com\\\/it\\\/#organization\",\"name\":\"Insektenliebe\",\"url\":\"https:\\\/\\\/insektenliebe.com\\\/it\\\/\",\"logo\":{\"@type\":\"ImageObject\",\"inLanguage\":\"it-IT\",\"@id\":\"https:\\\/\\\/insektenliebe.com\\\/it\\\/#\\\/schema\\\/logo\\\/image\\\/\",\"url\":\"https:\\\/\\\/insektenliebe.com\\\/wp-content\\\/uploads\\\/2025\\\/03\\\/logo-white.png\",\"contentUrl\":\"https:\\\/\\\/insektenliebe.com\\\/wp-content\\\/uploads\\\/2025\\\/03\\\/logo-white.png\",\"width\":288,\"height\":188,\"caption\":\"Insektenliebe\"},\"image\":{\"@id\":\"https:\\\/\\\/insektenliebe.com\\\/it\\\/#\\\/schema\\\/logo\\\/image\\\/\"}}]}<\/script>\n<meta property=\"og:availability\" content=\"out of stock\" \/>\n<meta property=\"product:availability\" content=\"out of stock\" \/>\n<meta property=\"product:retailer_item_id\" content=\"510\" \/>\n<meta property=\"product:condition\" content=\"new\" \/>\n<!-- \/ Yoast SEO Premium plugin. -->","yoast_head_json":{"title":"Typhochlaena seladonia - Insektenliebe","robots":{"index":"index","follow":"follow","max-snippet":"max-snippet:-1","max-image-preview":"max-image-preview:large","max-video-preview":"max-video-preview:-1"},"canonical":"https:\/\/insektenliebe.com\/it\/shop\/prodotto\/typhochlaena-seladonia\/","og_locale":"it_IT","og_type":"article","og_title":"Typhochlaena seladonia","og_description":"Typhochlaena seladonia - La tarantola gioiello del Brasile La Typhochlaena seladonia \u00e8 una delle specie di tarantola pi\u00f9 spettacolari e affascinanti del mondo. Originaria delle foreste pluviali atlantiche del Brasile, \u00e8 nota per la sua colorazione mozzafiato e il suo stile di vita insolito. La femmina pu\u00f2 raggiungere una lunghezza del corpo fino a 3 [&hellip;]","og_url":"https:\/\/insektenliebe.com\/it\/shop\/prodotto\/typhochlaena-seladonia\/","og_site_name":"Insektenliebe","article_modified_time":"2026-03-06T17:44:00+00:00","og_image":[{"width":820,"height":820,"url":"https:\/\/insektenliebe.com\/wp-content\/uploads\/2025\/05\/Typhochlaena-seladonia-2.jpg","type":"image\/jpeg"}],"twitter_card":"summary_large_image","twitter_misc":{"Disponibilit\u00e0":"Esaurito"},"schema":{"@context":"https:\/\/schema.org","@graph":[{"@type":"WebPage","@id":"https:\/\/insektenliebe.com\/it\/shop\/prodotto\/typhochlaena-seladonia\/","url":"https:\/\/insektenliebe.com\/it\/shop\/prodotto\/typhochlaena-seladonia\/","name":"Typhochlaena seladonia - Insektenliebe","isPartOf":{"@id":"https:\/\/insektenliebe.com\/it\/#website"},"primaryImageOfPage":{"@id":"https:\/\/insektenliebe.com\/it\/shop\/prodotto\/typhochlaena-seladonia\/#primaryimage"},"image":{"@id":"https:\/\/insektenliebe.com\/it\/shop\/prodotto\/typhochlaena-seladonia\/#primaryimage"},"thumbnailUrl":"https:\/\/insektenliebe.com\/wp-content\/uploads\/2025\/05\/Typhochlaena-seladonia-2.jpg","datePublished":"2020-11-28T08:56:00+00:00","dateModified":"2026-03-06T17:44:00+00:00","breadcrumb":{"@id":"https:\/\/insektenliebe.com\/it\/shop\/prodotto\/typhochlaena-seladonia\/#breadcrumb"},"inLanguage":"it-IT","potentialAction":[{"@type":"ReadAction","target":["https:\/\/insektenliebe.com\/it\/shop\/prodotto\/typhochlaena-seladonia\/"]}]},{"@type":"ImageObject","inLanguage":"it-IT","@id":"https:\/\/insektenliebe.com\/it\/shop\/prodotto\/typhochlaena-seladonia\/#primaryimage","url":"https:\/\/insektenliebe.com\/wp-content\/uploads\/2025\/05\/Typhochlaena-seladonia-2.jpg","contentUrl":"https:\/\/insektenliebe.com\/wp-content\/uploads\/2025\/05\/Typhochlaena-seladonia-2.jpg","width":820,"height":820,"caption":"Typhochlaena-seladonia-2.jpg"},{"@type":"BreadcrumbList","@id":"https:\/\/insektenliebe.com\/it\/shop\/prodotto\/typhochlaena-seladonia\/#breadcrumb","itemListElement":[{"@type":"ListItem","position":1,"name":"Startseite","item":"https:\/\/insektenliebe.com\/it\/"},{"@type":"ListItem","position":2,"name":"Negozio","item":"https:\/\/insektenliebe.com\/it\/negozio\/"},{"@type":"ListItem","position":3,"name":"Typhochlaena seladonia"}]},{"@type":"WebSite","@id":"https:\/\/insektenliebe.com\/it\/#website","url":"https:\/\/insektenliebe.com\/it\/","name":"Insektenliebe","description":"Dein Zuhause f\u00fcr die kleinen Lebewesen","publisher":{"@id":"https:\/\/insektenliebe.com\/it\/#organization"},"potentialAction":[{"@type":"SearchAction","target":{"@type":"EntryPoint","urlTemplate":"https:\/\/insektenliebe.com\/it\/?s={search_term_string}"},"query-input":{"@type":"PropertyValueSpecification","valueRequired":true,"valueName":"search_term_string"}}],"inLanguage":"it-IT"},{"@type":"Organization","@id":"https:\/\/insektenliebe.com\/it\/#organization","name":"Insektenliebe","url":"https:\/\/insektenliebe.com\/it\/","logo":{"@type":"ImageObject","inLanguage":"it-IT","@id":"https:\/\/insektenliebe.com\/it\/#\/schema\/logo\/image\/","url":"https:\/\/insektenliebe.com\/wp-content\/uploads\/2025\/03\/logo-white.png","contentUrl":"https:\/\/insektenliebe.com\/wp-content\/uploads\/2025\/03\/logo-white.png","width":288,"height":188,"caption":"Insektenliebe"},"image":{"@id":"https:\/\/insektenliebe.com\/it\/#\/schema\/logo\/image\/"}}]},"og_availability":"out of stock","product_availability":"out of stock","product_retailer_item_id":"510","product_condition":"new"},"_links":{"self":[{"href":"https:\/\/insektenliebe.com\/it\/wp-json\/wp\/v2\/product\/190036","targetHints":{"allow":["GET"]}}],"collection":[{"href":"https:\/\/insektenliebe.com\/it\/wp-json\/wp\/v2\/product"}],"about":[{"href":"https:\/\/insektenliebe.com\/it\/wp-json\/wp\/v2\/types\/product"}],"wp:featuredmedia":[{"embeddable":true,"href":"https:\/\/insektenliebe.com\/it\/wp-json\/wp\/v2\/media\/187531"}],"wp:attachment":[{"href":"https:\/\/insektenliebe.com\/it\/wp-json\/wp\/v2\/media?parent=190036"}],"wp:term":[{"taxonomy":"product-supplier","embeddable":true,"href":"https:\/\/insektenliebe.com\/it\/wp-json\/wp\/v2\/product-supplier?post=190036"},{"taxonomy":"product_brand","embeddable":true,"href":"https:\/\/insektenliebe.com\/it\/wp-json\/wp\/v2\/product_brand?post=190036"},{"taxonomy":"product_cat","embeddable":true,"href":"https:\/\/insektenliebe.com\/it\/wp-json\/wp\/v2\/product_cat?post=190036"},{"taxonomy":"product_tag","embeddable":true,"href":"https:\/\/insektenliebe.com\/it\/wp-json\/wp\/v2\/product_tag?post=190036"},{"taxonomy":"lce-checkout-addons","embeddable":true,"href":"https:\/\/insektenliebe.com\/it\/wp-json\/wp\/v2\/lce-checkout-addons?post=190036"}],"curies":[{"name":"wp","href":"https:\/\/api.w.org\/{rel}","templated":true}]}}