{"id":190023,"date":"2021-10-16T19:15:59","date_gmt":"2021-10-16T17:15:59","guid":{"rendered":"https:\/\/insektenliebe.com\/shop\/produkt\/chromatopelma-cyaneopubescens\/"},"modified":"2026-04-25T18:46:58","modified_gmt":"2026-04-25T16:46:58","slug":"chromatopelma-cyaneopubescens","status":"publish","type":"product","link":"https:\/\/insektenliebe.com\/it\/shop\/prodotto\/chromatopelma-cyaneopubescens\/","title":{"rendered":"Chromatopelma cyaneopubescens"},"content":{"rendered":"<h3 class=\"p1\"><span style=\"color: #99cc33\"><strong><span class=\"s1\">Chromatopelma cyaneopubescens - I fuochi d&#8217;artificio colorati del Venezuela<\/span><\/strong><\/span><\/h3>\n<p class=\"p1\"><span class=\"s1\">La<strong>Chromatopelma cyaneopubescens<\/strong>, meglio conosciuta come Tarantola blu bottiglia verde, \u00e8 una delle tarantole pi\u00f9 colorate dell&#8217;hobby del terrario, <\/span><span class=\"s2\">perch\u00e9<\/span><span class=\"s1\">  Quasi nessun&#8217;altra specie combina cos\u00ec tanti colori vivaci in un unico animale. Le zampe blu brillante, l&#8217;addome color arancio   <\/span><span class=\"s2\">e<\/span><span class=\"s1\"> il carapace verde metallizzato appaiono quasi irreali, <\/span><span class=\"s2\">per cui<\/span><span class=\"s1\">  questo ragno cattura immediatamente l&#8217;attenzione. Mantiene questa colorazione intensa per il resto della sua vita.   <\/span><span class=\"s2\">e<\/span><span class=\"s1\"> quindi ispira sia come animale giovane <\/span><span class=\"s2\">ma anche<\/span><span class=\"s1\"> come animale adulto.<\/span><\/p>\n<p class=\"p1\"><span class=\"s1\">Questa specie \u00e8 originaria delle regioni costiere aride del Venezuela settentrionale <\/span><span class=\"s2\">e<\/span><span class=\"s1\">  vive in aree cespugliose e semi-desertiche. Vive vicino al suolo   <\/span><span class=\"s2\">e<\/span><span class=\"s1\"> utilizza tane scavate da s\u00e9 o abbandonate, <\/span><span class=\"s2\">mentre<\/span><span class=\"s1\">  costruisce anche grandi e fitte ragnatele. Queste servono come rifugio e terreno di caccia.   <\/span><span class=\"s2\">e<\/span><span class=\"s1\">  come luogo di ritiro. Questo comportamento \u00e8 molto evidente anche nel terrario,   <\/span><span class=\"s2\">perch\u00e9<\/span><span class=\"s1\"> fa girare la decorazione, il substrato <\/span><span class=\"s2\">e<\/span><span class=\"s1\">  Si nasconde intensamente. Questo lo rende un ragno particolarmente interessante da osservare. <\/span><\/p>\n<p class=\"p1\"><span class=\"s1\">Un terrario di 30 \u00d7 30 \u00d7 30 cm \u00e8 adatto per tenerli, <\/span><span class=\"s2\">per cui<\/span><span class=\"s1\">  \u00e8 possibile che l&#8217;animale sia pi\u00f9 grande in qualsiasi momento. Il substrato deve essere adatto alla tana,   <\/span><span class=\"s2\">in modo che<\/span><span class=\"s1\">  il ragno pu\u00f2 creare la sua tana. Le miscele di terriccio sabbioso o di humus di cocco si sono dimostrate efficaci,   <\/span><span class=\"s2\">il<\/span><span class=\"s1\">  essere mantenuti prevalentemente asciutti. Un riparo, pezzi di corteccia, radici   <\/span><span class=\"s2\">e<\/span><span class=\"s1\"> Gli elementi di arrampicata forniscono struttura e <\/span><span class=\"s2\">e<\/span><span class=\"s1\">  forniscono anche molti punti di partenza per lo spinning. Anche una piccola ciotola per l&#8217;acqua fa parte dell&#8217;attrezzatura di base.   <\/span><span class=\"s2\">e<\/span><span class=\"s1\"> dovrebbe essere sempre riempito.<\/span><\/p>\n<p class=\"p1\"><span class=\"s1\">Durante il giorno, gli animali si sentono a proprio agio a 24-28 \u00b0C, <\/span><span class=\"s2\">durante<\/span><span class=\"s1\">  la temperatura pu\u00f2 scendere leggermente di notte. Un livello di umidit\u00e0 di circa il 50-60% \u00e8 sufficiente,   <\/span><span class=\"s2\">perch\u00e9<\/span><span class=\"s1\">  L&#8217;irrorazione occasionale e parsimoniosa \u00e8 perfettamente adeguata. Tuttavia, \u00e8 necessario evitare i ristagni d&#8217;acqua,   <\/span><span class=\"s2\">poich\u00e9<\/span><span class=\"s1\"> questa specie predilige condizioni di siccit\u00e0.<\/span><\/p>\n<p class=\"p1\"><span class=\"s1\"><strong>Chromatopelma cyaneopubescens <\/strong>\u00e8 moderatamente agile <\/span><span class=\"s2\">e<\/span><span class=\"s1\">  reagisce abbastanza rapidamente quando viene disturbato, ma di solito rimane timido. Tende a ritirarsi,   <\/span><span class=\"s2\">invece di<\/span><span class=\"s1\">  per attaccare. Essendo una specie del Nuovo Mondo, ha peli urticanti,   <\/span><span class=\"s2\">che<\/span><span class=\"s1\"> che pu\u00f2 utilizzare in caso di minaccia, <\/span><span class=\"s2\">ecco perch\u00e9<\/span><span class=\"s1\">  Si raccomanda di maneggiarlo con calma. \u00c8 spesso visibile a causa del suo pronunciato comportamento di tessitura.   <\/span><span class=\"s2\">e<\/span><span class=\"s1\"> spesso si mostra apertamente nel terrario.<\/span><\/p>\n<p class=\"p1\"><span class=\"s1\">Questa specie non \u00e8 complicata da nutrire, <\/span><span class=\"s2\">perch\u00e9<\/span><span class=\"s1\"> grilli, grillini, scarafaggi <\/span><span class=\"s2\">e<\/span><span class=\"s1\">  altri insetti alimentari comuni sono accettati senza problemi. Agli animali giovani vengono date prede pi\u00f9 piccole,   <\/span><span class=\"s2\">mentre<\/span><span class=\"s1\">  Gli animali adulti sono in grado di gestire animali da cibo pi\u00f9 grandi. Un&#8217;alimentazione regolare, ma non eccessiva, \u00e8 del tutto sufficiente. <\/span><\/p>\n<p class=\"p1\"><span class=\"s1\">Con una buona cura, le femmine possono vivere per oltre 12 anni, <\/span><span class=\"s2\">mentre<\/span><span class=\"s1\"> maschi di solito vivono molto meno. <strong>Il Chromatopelma cyaneopubescens<\/strong> combina colori spettacolari, comportamento attivo di rotazione <\/span><span class=\"s2\">e<\/span><span class=\"s1\"> facilit\u00e0 di mantenimento, <\/span><span class=\"s2\">in modo che<\/span><span class=\"s1\"> per i principianti con conoscenze di base <\/span><span class=\"s2\">cos\u00ec come<\/span><span class=\"s1\">  \u00e8 una scelta eccellente per gli allevatori esperti. Per coloro che desiderano un esemplare decorativo   <\/span><span class=\"s2\">e<\/span><span class=\"s1\"> e altamente visibile, questa specie \u00e8 la scelta giusta.<\/span><\/p>\n","protected":false},"excerpt":{"rendered":"<p>Chromatopelma cyaneopubescens - I fuochi d&#8217;artificio colorati del Venezuela LaChromatopelma cyaneopubescens, meglio conosciuta come Tarantola blu bottiglia verde, \u00e8 una delle tarantole pi\u00f9 colorate dell&#8217;hobby del terrario, perch\u00e9 Quasi nessun&#8217;altra specie combina cos\u00ec tanti colori vivaci in un unico animale. Le zampe blu brillante, l&#8217;addome color arancio e il carapace verde metallizzato appaiono quasi irreali, [&hellip;]<\/p>\n","protected":false},"featured_media":186612,"template":"","meta":{"_acf_changed":false},"product-supplier":[],"product_brand":[],"product_cat":[2809,3004],"product_tag":[],"lce-checkout-addons":[2746],"class_list":{"0":"post-190023","1":"product","2":"type-product","3":"status-publish","4":"has-post-thumbnail","6":"product_cat-ragni","7":"product_cat-tarantole","8":"product_shipping_class-spedizione-di-animali","9":"pa_geschlecht-donna","10":"pa_geschlecht-indeterminato","11":"pa_geschlecht-uomo","12":"pa_herkunft-venezuela","13":"pa_kontinent-sud-america","14":"lce-checkout-addons-imballaggio-invernale","16":"first","17":"instock","18":"sale","19":"taxable","20":"shipping-taxable","21":"purchasable","22":"product-type-variable"},"acf":[],"yoast_head":"<!-- This site is optimized with the Yoast SEO Premium plugin v26.8 (Yoast SEO v27.3) - https:\/\/yoast.com\/product\/yoast-seo-premium-wordpress\/ -->\n<title>Chromatopelma cyaneopubescens - Insektenliebe<\/title>\n<meta name=\"description\" content=\"Acquista a buon mercato Chromatopelma cyaneopubescens direttamente online! Una delle tarantole pi\u00f9 belle del mondo! Compra direttamente dall&#039;allevatore!\" \/>\n<meta name=\"robots\" content=\"index, follow, max-snippet:-1, max-image-preview:large, max-video-preview:-1\" \/>\n<link rel=\"canonical\" href=\"https:\/\/insektenliebe.com\/it\/shop\/prodotto\/chromatopelma-cyaneopubescens\/\" \/>\n<meta property=\"og:locale\" content=\"it_IT\" \/>\n<meta property=\"og:type\" content=\"article\" \/>\n<meta property=\"og:title\" content=\"Chromatopelma cyaneopubescens\" \/>\n<meta property=\"og:description\" content=\"Acquista a buon mercato Chromatopelma cyaneopubescens direttamente online! Una delle tarantole pi\u00f9 belle del mondo! Compra direttamente dall&#039;allevatore!\" \/>\n<meta property=\"og:url\" content=\"https:\/\/insektenliebe.com\/it\/shop\/prodotto\/chromatopelma-cyaneopubescens\/\" \/>\n<meta property=\"og:site_name\" content=\"Insektenliebe\" \/>\n<meta property=\"article:modified_time\" content=\"2026-04-25T16:46:58+00:00\" \/>\n<meta property=\"og:image\" content=\"https:\/\/insektenliebe.com\/wp-content\/uploads\/2025\/05\/Chromatopelma-cyaneopubescens-1-2.jpg\" \/>\n\t<meta property=\"og:image:width\" content=\"820\" \/>\n\t<meta property=\"og:image:height\" content=\"820\" \/>\n\t<meta property=\"og:image:type\" content=\"image\/jpeg\" \/>\n<meta name=\"twitter:card\" content=\"summary_large_image\" \/>\n<meta name=\"twitter:label1\" content=\"Disponibilit\u00e0\" \/>\n\t<meta name=\"twitter:data1\" content=\"In stock\" \/>\n<script type=\"application\/ld+json\" class=\"yoast-schema-graph\">{\"@context\":\"https:\\\/\\\/schema.org\",\"@graph\":[{\"@type\":\"WebPage\",\"@id\":\"https:\\\/\\\/insektenliebe.com\\\/it\\\/shop\\\/prodotto\\\/chromatopelma-cyaneopubescens\\\/\",\"url\":\"https:\\\/\\\/insektenliebe.com\\\/it\\\/shop\\\/prodotto\\\/chromatopelma-cyaneopubescens\\\/\",\"name\":\"Chromatopelma cyaneopubescens - Insektenliebe\",\"isPartOf\":{\"@id\":\"https:\\\/\\\/insektenliebe.com\\\/it\\\/#website\"},\"primaryImageOfPage\":{\"@id\":\"https:\\\/\\\/insektenliebe.com\\\/it\\\/shop\\\/prodotto\\\/chromatopelma-cyaneopubescens\\\/#primaryimage\"},\"image\":{\"@id\":\"https:\\\/\\\/insektenliebe.com\\\/it\\\/shop\\\/prodotto\\\/chromatopelma-cyaneopubescens\\\/#primaryimage\"},\"thumbnailUrl\":\"https:\\\/\\\/insektenliebe.com\\\/wp-content\\\/uploads\\\/2025\\\/05\\\/Chromatopelma-cyaneopubescens-1-2.jpg\",\"datePublished\":\"2021-10-16T17:15:59+00:00\",\"dateModified\":\"2026-04-25T16:46:58+00:00\",\"description\":\"Acquista a buon mercato Chromatopelma cyaneopubescens direttamente online! Una delle tarantole pi\u00f9 belle del mondo! Compra direttamente dall'allevatore!\",\"breadcrumb\":{\"@id\":\"https:\\\/\\\/insektenliebe.com\\\/it\\\/shop\\\/prodotto\\\/chromatopelma-cyaneopubescens\\\/#breadcrumb\"},\"inLanguage\":\"it-IT\",\"potentialAction\":[{\"@type\":\"ReadAction\",\"target\":[\"https:\\\/\\\/insektenliebe.com\\\/it\\\/shop\\\/prodotto\\\/chromatopelma-cyaneopubescens\\\/\"]}]},{\"@type\":\"ImageObject\",\"inLanguage\":\"it-IT\",\"@id\":\"https:\\\/\\\/insektenliebe.com\\\/it\\\/shop\\\/prodotto\\\/chromatopelma-cyaneopubescens\\\/#primaryimage\",\"url\":\"https:\\\/\\\/insektenliebe.com\\\/wp-content\\\/uploads\\\/2025\\\/05\\\/Chromatopelma-cyaneopubescens-1-2.jpg\",\"contentUrl\":\"https:\\\/\\\/insektenliebe.com\\\/wp-content\\\/uploads\\\/2025\\\/05\\\/Chromatopelma-cyaneopubescens-1-2.jpg\",\"width\":820,\"height\":820,\"caption\":\"Chromatopelma-cyaneopubescens-1-2.jpg\"},{\"@type\":\"BreadcrumbList\",\"@id\":\"https:\\\/\\\/insektenliebe.com\\\/it\\\/shop\\\/prodotto\\\/chromatopelma-cyaneopubescens\\\/#breadcrumb\",\"itemListElement\":[{\"@type\":\"ListItem\",\"position\":1,\"name\":\"Startseite\",\"item\":\"https:\\\/\\\/insektenliebe.com\\\/it\\\/\"},{\"@type\":\"ListItem\",\"position\":2,\"name\":\"Negozio\",\"item\":\"https:\\\/\\\/insektenliebe.com\\\/it\\\/negozio\\\/\"},{\"@type\":\"ListItem\",\"position\":3,\"name\":\"Chromatopelma cyaneopubescens\"}]},{\"@type\":\"WebSite\",\"@id\":\"https:\\\/\\\/insektenliebe.com\\\/it\\\/#website\",\"url\":\"https:\\\/\\\/insektenliebe.com\\\/it\\\/\",\"name\":\"Insektenliebe\",\"description\":\"Dein Zuhause f\u00fcr die kleinen Lebewesen\",\"publisher\":{\"@id\":\"https:\\\/\\\/insektenliebe.com\\\/it\\\/#organization\"},\"potentialAction\":[{\"@type\":\"SearchAction\",\"target\":{\"@type\":\"EntryPoint\",\"urlTemplate\":\"https:\\\/\\\/insektenliebe.com\\\/it\\\/?s={search_term_string}\"},\"query-input\":{\"@type\":\"PropertyValueSpecification\",\"valueRequired\":true,\"valueName\":\"search_term_string\"}}],\"inLanguage\":\"it-IT\"},{\"@type\":\"Organization\",\"@id\":\"https:\\\/\\\/insektenliebe.com\\\/it\\\/#organization\",\"name\":\"Insektenliebe\",\"url\":\"https:\\\/\\\/insektenliebe.com\\\/it\\\/\",\"logo\":{\"@type\":\"ImageObject\",\"inLanguage\":\"it-IT\",\"@id\":\"https:\\\/\\\/insektenliebe.com\\\/it\\\/#\\\/schema\\\/logo\\\/image\\\/\",\"url\":\"https:\\\/\\\/insektenliebe.com\\\/wp-content\\\/uploads\\\/2025\\\/03\\\/logo-white.png\",\"contentUrl\":\"https:\\\/\\\/insektenliebe.com\\\/wp-content\\\/uploads\\\/2025\\\/03\\\/logo-white.png\",\"width\":288,\"height\":188,\"caption\":\"Insektenliebe\"},\"image\":{\"@id\":\"https:\\\/\\\/insektenliebe.com\\\/it\\\/#\\\/schema\\\/logo\\\/image\\\/\"}}]}<\/script>\n<meta property=\"og:availability\" content=\"instock\" \/>\n<meta property=\"product:availability\" content=\"instock\" \/>\n<meta property=\"product:retailer_item_id\" content=\"366\" \/>\n<meta property=\"product:condition\" content=\"new\" \/>\n<!-- \/ Yoast SEO Premium plugin. -->","yoast_head_json":{"title":"Chromatopelma cyaneopubescens - Insektenliebe","description":"Acquista a buon mercato Chromatopelma cyaneopubescens direttamente online! Una delle tarantole pi\u00f9 belle del mondo! Compra direttamente dall'allevatore!","robots":{"index":"index","follow":"follow","max-snippet":"max-snippet:-1","max-image-preview":"max-image-preview:large","max-video-preview":"max-video-preview:-1"},"canonical":"https:\/\/insektenliebe.com\/it\/shop\/prodotto\/chromatopelma-cyaneopubescens\/","og_locale":"it_IT","og_type":"article","og_title":"Chromatopelma cyaneopubescens","og_description":"Acquista a buon mercato Chromatopelma cyaneopubescens direttamente online! Una delle tarantole pi\u00f9 belle del mondo! Compra direttamente dall'allevatore!","og_url":"https:\/\/insektenliebe.com\/it\/shop\/prodotto\/chromatopelma-cyaneopubescens\/","og_site_name":"Insektenliebe","article_modified_time":"2026-04-25T16:46:58+00:00","og_image":[{"width":820,"height":820,"url":"https:\/\/insektenliebe.com\/wp-content\/uploads\/2025\/05\/Chromatopelma-cyaneopubescens-1-2.jpg","type":"image\/jpeg"}],"twitter_card":"summary_large_image","twitter_misc":{"Disponibilit\u00e0":"In stock"},"schema":{"@context":"https:\/\/schema.org","@graph":[{"@type":"WebPage","@id":"https:\/\/insektenliebe.com\/it\/shop\/prodotto\/chromatopelma-cyaneopubescens\/","url":"https:\/\/insektenliebe.com\/it\/shop\/prodotto\/chromatopelma-cyaneopubescens\/","name":"Chromatopelma cyaneopubescens - Insektenliebe","isPartOf":{"@id":"https:\/\/insektenliebe.com\/it\/#website"},"primaryImageOfPage":{"@id":"https:\/\/insektenliebe.com\/it\/shop\/prodotto\/chromatopelma-cyaneopubescens\/#primaryimage"},"image":{"@id":"https:\/\/insektenliebe.com\/it\/shop\/prodotto\/chromatopelma-cyaneopubescens\/#primaryimage"},"thumbnailUrl":"https:\/\/insektenliebe.com\/wp-content\/uploads\/2025\/05\/Chromatopelma-cyaneopubescens-1-2.jpg","datePublished":"2021-10-16T17:15:59+00:00","dateModified":"2026-04-25T16:46:58+00:00","description":"Acquista a buon mercato Chromatopelma cyaneopubescens direttamente online! Una delle tarantole pi\u00f9 belle del mondo! Compra direttamente dall'allevatore!","breadcrumb":{"@id":"https:\/\/insektenliebe.com\/it\/shop\/prodotto\/chromatopelma-cyaneopubescens\/#breadcrumb"},"inLanguage":"it-IT","potentialAction":[{"@type":"ReadAction","target":["https:\/\/insektenliebe.com\/it\/shop\/prodotto\/chromatopelma-cyaneopubescens\/"]}]},{"@type":"ImageObject","inLanguage":"it-IT","@id":"https:\/\/insektenliebe.com\/it\/shop\/prodotto\/chromatopelma-cyaneopubescens\/#primaryimage","url":"https:\/\/insektenliebe.com\/wp-content\/uploads\/2025\/05\/Chromatopelma-cyaneopubescens-1-2.jpg","contentUrl":"https:\/\/insektenliebe.com\/wp-content\/uploads\/2025\/05\/Chromatopelma-cyaneopubescens-1-2.jpg","width":820,"height":820,"caption":"Chromatopelma-cyaneopubescens-1-2.jpg"},{"@type":"BreadcrumbList","@id":"https:\/\/insektenliebe.com\/it\/shop\/prodotto\/chromatopelma-cyaneopubescens\/#breadcrumb","itemListElement":[{"@type":"ListItem","position":1,"name":"Startseite","item":"https:\/\/insektenliebe.com\/it\/"},{"@type":"ListItem","position":2,"name":"Negozio","item":"https:\/\/insektenliebe.com\/it\/negozio\/"},{"@type":"ListItem","position":3,"name":"Chromatopelma cyaneopubescens"}]},{"@type":"WebSite","@id":"https:\/\/insektenliebe.com\/it\/#website","url":"https:\/\/insektenliebe.com\/it\/","name":"Insektenliebe","description":"Dein Zuhause f\u00fcr die kleinen Lebewesen","publisher":{"@id":"https:\/\/insektenliebe.com\/it\/#organization"},"potentialAction":[{"@type":"SearchAction","target":{"@type":"EntryPoint","urlTemplate":"https:\/\/insektenliebe.com\/it\/?s={search_term_string}"},"query-input":{"@type":"PropertyValueSpecification","valueRequired":true,"valueName":"search_term_string"}}],"inLanguage":"it-IT"},{"@type":"Organization","@id":"https:\/\/insektenliebe.com\/it\/#organization","name":"Insektenliebe","url":"https:\/\/insektenliebe.com\/it\/","logo":{"@type":"ImageObject","inLanguage":"it-IT","@id":"https:\/\/insektenliebe.com\/it\/#\/schema\/logo\/image\/","url":"https:\/\/insektenliebe.com\/wp-content\/uploads\/2025\/03\/logo-white.png","contentUrl":"https:\/\/insektenliebe.com\/wp-content\/uploads\/2025\/03\/logo-white.png","width":288,"height":188,"caption":"Insektenliebe"},"image":{"@id":"https:\/\/insektenliebe.com\/it\/#\/schema\/logo\/image\/"}}]},"og_availability":"instock","product_availability":"instock","product_retailer_item_id":"366","product_condition":"new"},"_links":{"self":[{"href":"https:\/\/insektenliebe.com\/it\/wp-json\/wp\/v2\/product\/190023","targetHints":{"allow":["GET"]}}],"collection":[{"href":"https:\/\/insektenliebe.com\/it\/wp-json\/wp\/v2\/product"}],"about":[{"href":"https:\/\/insektenliebe.com\/it\/wp-json\/wp\/v2\/types\/product"}],"wp:featuredmedia":[{"embeddable":true,"href":"https:\/\/insektenliebe.com\/it\/wp-json\/wp\/v2\/media\/186612"}],"wp:attachment":[{"href":"https:\/\/insektenliebe.com\/it\/wp-json\/wp\/v2\/media?parent=190023"}],"wp:term":[{"taxonomy":"product-supplier","embeddable":true,"href":"https:\/\/insektenliebe.com\/it\/wp-json\/wp\/v2\/product-supplier?post=190023"},{"taxonomy":"product_brand","embeddable":true,"href":"https:\/\/insektenliebe.com\/it\/wp-json\/wp\/v2\/product_brand?post=190023"},{"taxonomy":"product_cat","embeddable":true,"href":"https:\/\/insektenliebe.com\/it\/wp-json\/wp\/v2\/product_cat?post=190023"},{"taxonomy":"product_tag","embeddable":true,"href":"https:\/\/insektenliebe.com\/it\/wp-json\/wp\/v2\/product_tag?post=190023"},{"taxonomy":"lce-checkout-addons","embeddable":true,"href":"https:\/\/insektenliebe.com\/it\/wp-json\/wp\/v2\/lce-checkout-addons?post=190023"}],"curies":[{"name":"wp","href":"https:\/\/api.w.org\/{rel}","templated":true}]}}