{"id":190022,"date":"2021-12-02T13:26:55","date_gmt":"2021-12-02T11:26:55","guid":{"rendered":"https:\/\/insektenliebe.com\/shop\/produkt\/terrario-per-lallevamento-di-insektenliebe-xl\/"},"modified":"2021-12-02T13:26:55","modified_gmt":"2021-12-02T12:26:55","slug":"terrario-per-lallevamento-di-insektenliebe-xl","status":"publish","type":"product","link":"https:\/\/insektenliebe.com\/it\/shop\/prodotto\/terrario-per-lallevamento-di-insektenliebe-xl\/","title":{"rendered":"Terrario per l&#8217;allevamento di Insektenliebe XL"},"content":{"rendered":"<p>Il <strong>terrario di allevamento Insektenliebe XL<\/strong> \u00e8 perfetto per allevare mantidi, ragni saltatori, tarantole, scorpioni o altri piccoli. \u00c8 perfetto anche per ospitare in modo permanente piccole specie. <\/p>\n<p>I contenitori possono essere facilmente impilati l&#8217;uno sull&#8217;altro e il design trasparente permette di osservare gli animali sia lateralmente che dall&#8217;alto. La chiusura a clip \u00e8 dotata di un labbro in silicone e quindi si chiude in modo assolutamente ermetico ed \u00e8 facile da aprire. Tuttavia, questo non \u00e8 necessario perch\u00e9 la ventilazione anteriore \u00e8 dotata di una filettatura che consente di aprire rapidamente il contenitore per nutrire gli animali. Questa tecnica ti permette di impilare il <strong>terrario di allevamento Insektenliebe XL<\/strong> senza doverlo smontare continuamente. Le griglie di aerazione trasparenti sono a prova di insetti e mosche della frutta e quindi tengono lontani tutti i parassiti dal terrario di allevamento. La doppia ventilazione assicura una circolazione naturale nel terrario e previene i ristagni d&#8217;acqua. La griglia di aerazione sul retro \u00e8 priva di tappo a vite, ma pu\u00f2 essere facilmente sostituita se necessario.      <\/p>\n<p>Il <strong>terrario di allevamento Insektenliebe XL<\/strong> viene fornito con 600 ml di substrato. Il substrato viene miscelato da noi ed \u00e8 composto per il 70% da humus di bosco e per il 30% da muschio di sfagno. Questa miscela trattiene perfettamente l&#8217;umidit\u00e0 e la rilascia lentamente nell&#8217;ambiente. Puoi anche aggiungere facilmente una polizia del suolo a questo substrato. Puoi anche scegliere tra un pezzo di sughero con un mini albero, una radice di fiume e il legno di Cholla. Tutti i prodotti sono stati scelti a mano da noi e si adattano perfettamente al <strong>terrario di allevamento Insektenliebe XL<\/strong>. \u00c8 incluso anche un adesivo con il nome della specie, in modo da poter riconoscere a prima vista quale specie si trova nel terrario.      <\/p>\n<p>Se \u00e8 necessaria una fonte di calore sotto forma di lampada, ti consigliamo l&#8217;Exo Terra Reptile Dome NANO con supporto e l&#8217;Exo Terra Daylight Basking Spotlight. La temperatura del <strong>terrario di allevamento Insektenliebe XL <\/strong>deve essere misurata in anticipo e regolata in base alle esigenze riducendo o aumentando la distanza. <\/p>\n","protected":false},"excerpt":{"rendered":"<p>Il terrario di allevamento Insektenliebe XL \u00e8 perfetto per allevare mantidi, ragni saltatori, tarantole, scorpioni o altri piccoli. \u00c8 perfetto anche per ospitare in modo permanente piccole specie. I contenitori possono essere facilmente impilati l&#8217;uno sull&#8217;altro e il design trasparente permette di osservare gli animali sia lateralmente che dall&#8217;alto. La chiusura a clip \u00e8 dotata [&hellip;]<\/p>\n","protected":false},"featured_media":190024,"template":"","meta":{"_acf_changed":false},"product-supplier":[],"product_brand":[2853],"product_cat":[2760],"product_tag":[],"lce-checkout-addons":[],"class_list":{"0":"post-190022","1":"product","2":"type-product","3":"status-publish","4":"has-post-thumbnail","6":"product_brand-insektenliebe","7":"product_cat-terrari-e-contenitori","8":"product_shipping_class-equipment-shipping","10":"first","11":"instock","12":"sale","13":"taxable","14":"shipping-taxable","15":"purchasable","16":"product-type-variable"},"acf":[],"yoast_head":"<!-- This site is optimized with the Yoast SEO plugin v27.3 - https:\/\/yoast.com\/product\/yoast-seo-wordpress\/ -->\n<title>Terrario per l&#039;allevamento di Insektenliebe XL - Insektenliebe<\/title>\n<meta name=\"description\" content=\"Acquista il conveniente terrario di allevamento Insektenliebe XL direttamente online. Terrario perfetto per allevare molti invertebrati e piccole esotiche.\" \/>\n<meta name=\"robots\" content=\"index, follow, max-snippet:-1, max-image-preview:large, max-video-preview:-1\" \/>\n<link rel=\"canonical\" href=\"https:\/\/insektenliebe.com\/it\/shop\/prodotto\/terrario-per-lallevamento-di-insektenliebe-xl\/\" \/>\n<meta property=\"og:locale\" content=\"it_IT\" \/>\n<meta property=\"og:type\" content=\"article\" \/>\n<meta property=\"og:title\" content=\"Terrario per l&#039;allevamento di Insektenliebe XL - Insektenliebe\" \/>\n<meta property=\"og:description\" content=\"Acquista il conveniente terrario di allevamento Insektenliebe XL direttamente online. Terrario perfetto per allevare molti invertebrati e piccole esotiche.\" \/>\n<meta property=\"og:url\" content=\"https:\/\/insektenliebe.com\/it\/shop\/prodotto\/terrario-per-lallevamento-di-insektenliebe-xl\/\" \/>\n<meta property=\"og:site_name\" content=\"Insektenliebe\" \/>\n<meta property=\"article:modified_time\" content=\"2021-12-02T12:26:55+00:00\" \/>\n<meta property=\"og:image\" content=\"https:\/\/insektenliebe.com\/wp-content\/uploads\/2025\/05\/Aufzuchtterrarium-XL-Korkrinde-Mini-Baum-2.jpg\" \/>\n\t<meta property=\"og:image:width\" content=\"820\" \/>\n\t<meta property=\"og:image:height\" content=\"820\" \/>\n\t<meta property=\"og:image:type\" content=\"image\/jpeg\" \/>\n<meta name=\"twitter:card\" content=\"summary_large_image\" \/>\n<meta name=\"twitter:label1\" content=\"Tempo di lettura stimato\" \/>\n\t<meta name=\"twitter:data1\" content=\"2 minuto\" \/>\n<script type=\"application\/ld+json\" class=\"yoast-schema-graph\">{\"@context\":\"https:\\\/\\\/schema.org\",\"@graph\":[{\"@type\":\"WebPage\",\"@id\":\"https:\\\/\\\/insektenliebe.com\\\/it\\\/shop\\\/prodotto\\\/terrario-per-lallevamento-di-insektenliebe-xl\\\/\",\"url\":\"https:\\\/\\\/insektenliebe.com\\\/it\\\/shop\\\/prodotto\\\/terrario-per-lallevamento-di-insektenliebe-xl\\\/\",\"name\":\"Terrario per l'allevamento di Insektenliebe XL - Insektenliebe\",\"isPartOf\":{\"@id\":\"https:\\\/\\\/insektenliebe.com\\\/it\\\/#website\"},\"primaryImageOfPage\":{\"@id\":\"https:\\\/\\\/insektenliebe.com\\\/it\\\/shop\\\/prodotto\\\/terrario-per-lallevamento-di-insektenliebe-xl\\\/#primaryimage\"},\"image\":{\"@id\":\"https:\\\/\\\/insektenliebe.com\\\/it\\\/shop\\\/prodotto\\\/terrario-per-lallevamento-di-insektenliebe-xl\\\/#primaryimage\"},\"thumbnailUrl\":\"https:\\\/\\\/insektenliebe.com\\\/wp-content\\\/uploads\\\/2025\\\/05\\\/Aufzuchtterrarium-XL-Korkrinde-Mini-Baum-2.jpg\",\"datePublished\":\"2021-12-02T11:26:55+00:00\",\"dateModified\":\"2021-12-02T12:26:55+00:00\",\"description\":\"Acquista il conveniente terrario di allevamento Insektenliebe XL direttamente online. Terrario perfetto per allevare molti invertebrati e piccole esotiche.\",\"breadcrumb\":{\"@id\":\"https:\\\/\\\/insektenliebe.com\\\/it\\\/shop\\\/prodotto\\\/terrario-per-lallevamento-di-insektenliebe-xl\\\/#breadcrumb\"},\"inLanguage\":\"it-IT\",\"potentialAction\":[{\"@type\":\"ReadAction\",\"target\":[\"https:\\\/\\\/insektenliebe.com\\\/it\\\/shop\\\/prodotto\\\/terrario-per-lallevamento-di-insektenliebe-xl\\\/\"]}]},{\"@type\":\"ImageObject\",\"inLanguage\":\"it-IT\",\"@id\":\"https:\\\/\\\/insektenliebe.com\\\/it\\\/shop\\\/prodotto\\\/terrario-per-lallevamento-di-insektenliebe-xl\\\/#primaryimage\",\"url\":\"https:\\\/\\\/insektenliebe.com\\\/wp-content\\\/uploads\\\/2025\\\/05\\\/Aufzuchtterrarium-XL-Korkrinde-Mini-Baum-2.jpg\",\"contentUrl\":\"https:\\\/\\\/insektenliebe.com\\\/wp-content\\\/uploads\\\/2025\\\/05\\\/Aufzuchtterrarium-XL-Korkrinde-Mini-Baum-2.jpg\",\"width\":820,\"height\":820,\"caption\":\"Terrario di allevamento-XL-sughero-mini-albero-2.jpg\"},{\"@type\":\"BreadcrumbList\",\"@id\":\"https:\\\/\\\/insektenliebe.com\\\/it\\\/shop\\\/prodotto\\\/terrario-per-lallevamento-di-insektenliebe-xl\\\/#breadcrumb\",\"itemListElement\":[{\"@type\":\"ListItem\",\"position\":1,\"name\":\"Startseite\",\"item\":\"https:\\\/\\\/insektenliebe.com\\\/it\\\/\"},{\"@type\":\"ListItem\",\"position\":2,\"name\":\"Negozio\",\"item\":\"https:\\\/\\\/insektenliebe.com\\\/it\\\/negozio\\\/\"},{\"@type\":\"ListItem\",\"position\":3,\"name\":\"Terrario per l&#8217;allevamento di Insektenliebe XL\"}]},{\"@type\":\"WebSite\",\"@id\":\"https:\\\/\\\/insektenliebe.com\\\/it\\\/#website\",\"url\":\"https:\\\/\\\/insektenliebe.com\\\/it\\\/\",\"name\":\"Insektenliebe\",\"description\":\"Dein Zuhause f\u00fcr die kleinen Lebewesen\",\"publisher\":{\"@id\":\"https:\\\/\\\/insektenliebe.com\\\/it\\\/#organization\"},\"potentialAction\":[{\"@type\":\"SearchAction\",\"target\":{\"@type\":\"EntryPoint\",\"urlTemplate\":\"https:\\\/\\\/insektenliebe.com\\\/it\\\/?s={search_term_string}\"},\"query-input\":{\"@type\":\"PropertyValueSpecification\",\"valueRequired\":true,\"valueName\":\"search_term_string\"}}],\"inLanguage\":\"it-IT\"},{\"@type\":\"Organization\",\"@id\":\"https:\\\/\\\/insektenliebe.com\\\/it\\\/#organization\",\"name\":\"Insektenliebe\",\"url\":\"https:\\\/\\\/insektenliebe.com\\\/it\\\/\",\"logo\":{\"@type\":\"ImageObject\",\"inLanguage\":\"it-IT\",\"@id\":\"https:\\\/\\\/insektenliebe.com\\\/it\\\/#\\\/schema\\\/logo\\\/image\\\/\",\"url\":\"https:\\\/\\\/insektenliebe.com\\\/wp-content\\\/uploads\\\/2025\\\/03\\\/logo-white.png\",\"contentUrl\":\"https:\\\/\\\/insektenliebe.com\\\/wp-content\\\/uploads\\\/2025\\\/03\\\/logo-white.png\",\"width\":288,\"height\":188,\"caption\":\"Insektenliebe\"},\"image\":{\"@id\":\"https:\\\/\\\/insektenliebe.com\\\/it\\\/#\\\/schema\\\/logo\\\/image\\\/\"}}]}<\/script>\n<!-- \/ Yoast SEO plugin. -->","yoast_head_json":{"title":"Terrario per l'allevamento di Insektenliebe XL - Insektenliebe","description":"Acquista il conveniente terrario di allevamento Insektenliebe XL direttamente online. Terrario perfetto per allevare molti invertebrati e piccole esotiche.","robots":{"index":"index","follow":"follow","max-snippet":"max-snippet:-1","max-image-preview":"max-image-preview:large","max-video-preview":"max-video-preview:-1"},"canonical":"https:\/\/insektenliebe.com\/it\/shop\/prodotto\/terrario-per-lallevamento-di-insektenliebe-xl\/","og_locale":"it_IT","og_type":"article","og_title":"Terrario per l'allevamento di Insektenliebe XL - Insektenliebe","og_description":"Acquista il conveniente terrario di allevamento Insektenliebe XL direttamente online. Terrario perfetto per allevare molti invertebrati e piccole esotiche.","og_url":"https:\/\/insektenliebe.com\/it\/shop\/prodotto\/terrario-per-lallevamento-di-insektenliebe-xl\/","og_site_name":"Insektenliebe","article_modified_time":"2021-12-02T12:26:55+00:00","og_image":[{"width":820,"height":820,"url":"https:\/\/insektenliebe.com\/wp-content\/uploads\/2025\/05\/Aufzuchtterrarium-XL-Korkrinde-Mini-Baum-2.jpg","type":"image\/jpeg"}],"twitter_card":"summary_large_image","twitter_misc":{"Tempo di lettura stimato":"2 minuto"},"schema":{"@context":"https:\/\/schema.org","@graph":[{"@type":"WebPage","@id":"https:\/\/insektenliebe.com\/it\/shop\/prodotto\/terrario-per-lallevamento-di-insektenliebe-xl\/","url":"https:\/\/insektenliebe.com\/it\/shop\/prodotto\/terrario-per-lallevamento-di-insektenliebe-xl\/","name":"Terrario per l'allevamento di Insektenliebe XL - Insektenliebe","isPartOf":{"@id":"https:\/\/insektenliebe.com\/it\/#website"},"primaryImageOfPage":{"@id":"https:\/\/insektenliebe.com\/it\/shop\/prodotto\/terrario-per-lallevamento-di-insektenliebe-xl\/#primaryimage"},"image":{"@id":"https:\/\/insektenliebe.com\/it\/shop\/prodotto\/terrario-per-lallevamento-di-insektenliebe-xl\/#primaryimage"},"thumbnailUrl":"https:\/\/insektenliebe.com\/wp-content\/uploads\/2025\/05\/Aufzuchtterrarium-XL-Korkrinde-Mini-Baum-2.jpg","datePublished":"2021-12-02T11:26:55+00:00","dateModified":"2021-12-02T12:26:55+00:00","description":"Acquista il conveniente terrario di allevamento Insektenliebe XL direttamente online. Terrario perfetto per allevare molti invertebrati e piccole esotiche.","breadcrumb":{"@id":"https:\/\/insektenliebe.com\/it\/shop\/prodotto\/terrario-per-lallevamento-di-insektenliebe-xl\/#breadcrumb"},"inLanguage":"it-IT","potentialAction":[{"@type":"ReadAction","target":["https:\/\/insektenliebe.com\/it\/shop\/prodotto\/terrario-per-lallevamento-di-insektenliebe-xl\/"]}]},{"@type":"ImageObject","inLanguage":"it-IT","@id":"https:\/\/insektenliebe.com\/it\/shop\/prodotto\/terrario-per-lallevamento-di-insektenliebe-xl\/#primaryimage","url":"https:\/\/insektenliebe.com\/wp-content\/uploads\/2025\/05\/Aufzuchtterrarium-XL-Korkrinde-Mini-Baum-2.jpg","contentUrl":"https:\/\/insektenliebe.com\/wp-content\/uploads\/2025\/05\/Aufzuchtterrarium-XL-Korkrinde-Mini-Baum-2.jpg","width":820,"height":820,"caption":"Terrario di allevamento-XL-sughero-mini-albero-2.jpg"},{"@type":"BreadcrumbList","@id":"https:\/\/insektenliebe.com\/it\/shop\/prodotto\/terrario-per-lallevamento-di-insektenliebe-xl\/#breadcrumb","itemListElement":[{"@type":"ListItem","position":1,"name":"Startseite","item":"https:\/\/insektenliebe.com\/it\/"},{"@type":"ListItem","position":2,"name":"Negozio","item":"https:\/\/insektenliebe.com\/it\/negozio\/"},{"@type":"ListItem","position":3,"name":"Terrario per l&#8217;allevamento di Insektenliebe XL"}]},{"@type":"WebSite","@id":"https:\/\/insektenliebe.com\/it\/#website","url":"https:\/\/insektenliebe.com\/it\/","name":"Insektenliebe","description":"Dein Zuhause f\u00fcr die kleinen Lebewesen","publisher":{"@id":"https:\/\/insektenliebe.com\/it\/#organization"},"potentialAction":[{"@type":"SearchAction","target":{"@type":"EntryPoint","urlTemplate":"https:\/\/insektenliebe.com\/it\/?s={search_term_string}"},"query-input":{"@type":"PropertyValueSpecification","valueRequired":true,"valueName":"search_term_string"}}],"inLanguage":"it-IT"},{"@type":"Organization","@id":"https:\/\/insektenliebe.com\/it\/#organization","name":"Insektenliebe","url":"https:\/\/insektenliebe.com\/it\/","logo":{"@type":"ImageObject","inLanguage":"it-IT","@id":"https:\/\/insektenliebe.com\/it\/#\/schema\/logo\/image\/","url":"https:\/\/insektenliebe.com\/wp-content\/uploads\/2025\/03\/logo-white.png","contentUrl":"https:\/\/insektenliebe.com\/wp-content\/uploads\/2025\/03\/logo-white.png","width":288,"height":188,"caption":"Insektenliebe"},"image":{"@id":"https:\/\/insektenliebe.com\/it\/#\/schema\/logo\/image\/"}}]}},"_links":{"self":[{"href":"https:\/\/insektenliebe.com\/it\/wp-json\/wp\/v2\/product\/190022","targetHints":{"allow":["GET"]}}],"collection":[{"href":"https:\/\/insektenliebe.com\/it\/wp-json\/wp\/v2\/product"}],"about":[{"href":"https:\/\/insektenliebe.com\/it\/wp-json\/wp\/v2\/types\/product"}],"wp:featuredmedia":[{"embeddable":true,"href":"https:\/\/insektenliebe.com\/it\/wp-json\/wp\/v2\/media\/190024"}],"wp:attachment":[{"href":"https:\/\/insektenliebe.com\/it\/wp-json\/wp\/v2\/media?parent=190022"}],"wp:term":[{"taxonomy":"product-supplier","embeddable":true,"href":"https:\/\/insektenliebe.com\/it\/wp-json\/wp\/v2\/product-supplier?post=190022"},{"taxonomy":"product_brand","embeddable":true,"href":"https:\/\/insektenliebe.com\/it\/wp-json\/wp\/v2\/product_brand?post=190022"},{"taxonomy":"product_cat","embeddable":true,"href":"https:\/\/insektenliebe.com\/it\/wp-json\/wp\/v2\/product_cat?post=190022"},{"taxonomy":"product_tag","embeddable":true,"href":"https:\/\/insektenliebe.com\/it\/wp-json\/wp\/v2\/product_tag?post=190022"},{"taxonomy":"lce-checkout-addons","embeddable":true,"href":"https:\/\/insektenliebe.com\/it\/wp-json\/wp\/v2\/lce-checkout-addons?post=190022"}],"curies":[{"name":"wp","href":"https:\/\/api.w.org\/{rel}","templated":true}]}}