{"id":190015,"date":"2022-09-10T23:57:44","date_gmt":"2022-09-10T21:57:43","guid":{"rendered":"https:\/\/insektenliebe.com\/shop\/produkt\/neoholothele-incei-gold\/"},"modified":"2026-03-15T13:05:01","modified_gmt":"2026-03-15T12:05:01","slug":"neoholothele-incei-gold","status":"publish","type":"product","link":"https:\/\/insektenliebe.com\/it\/shop\/prodotto\/neoholothele-incei-gold\/","title":{"rendered":"Neoholothele incei \"Gold"},"content":{"rendered":"<h3 class=\"p1\"><span style=\"color: #99cc33;\"><strong><span class=\"s1\">Neoholothele incei \"Gold\" - attivit\u00e0 negli spazi pi\u00f9 piccoli<\/span><\/strong><\/span><\/h3>\n<p class=\"p1\"><span class=\"s1\">La <strong>Neoholothele incei \"Gold\",<\/strong> precedentemente nota come <\/span><span class=\"s2\">Holothele incei<\/span><span class=\"s1\">  \u00e8 un&#8217;impressionante tarantola nana proveniente dal Venezuela. Con la sua lucentezza giallo-oro, \u00e8 un vero e proprio richiamo visivo, anche se \u00e8 una delle specie pi\u00f9 piccole con una lunghezza del corpo di soli 3-4 cm. Il suo colore brillante e il suo comportamento attivo la rendono una scelta popolare per i principianti e i collezionisti. <\/span><\/p>\n<p class=\"p1\"><span class=\"s1\">Questa specie \u00e8 nota per i suoi vistosi tubi viventi, che fa roteare con entusiasmo. Anche durante il giorno si possono vedere spesso fuori dalle loro ragnatele, il che li rende particolarmente interessanti da osservare. Una particolarit\u00e0: in determinate condizioni, possono essere allevati in gruppo. Con spazio, cibo e nascondigli sufficienti, gli animali sono sorprendentemente socievoli. Tuttavia, questo richiede esperienza e un&#8217;attenta osservazione, poich\u00e9 non tutte le costellazioni di gruppo funzionano.    <\/span><\/p>\n<p class=\"p1\"><span class=\"s1\">Un terrario di 20 \u00d7 20 \u00d7 20 cm \u00e8 sufficiente per gli animali singoli. Per i gruppi, \u00e8 necessario prevedere un&#8217;area pi\u00f9 ampia e molti nascondigli. Corteccia di sughero, muschio e fogliame forniscono struttura e nascondigli. Una miscela di humus forestale e argilla \u00e8 adatta come substrato. L&#8217;innaffiatura regolare di un angolo mantiene l&#8217;umidit\u00e0 al 70-80%. La temperatura dovrebbe essere di 23-27 \u00b0C durante il giorno e pu\u00f2 scendere leggermente di notte. Anche una ciotola per l&#8217;acqua fa parte dell&#8217;attrezzatura di base.      <\/span><\/p>\n<p class=\"p1\"><span class=\"s1\">Il <strong>Neoholothele incei \"Gold\"<\/strong> \u00e8 considerato piuttosto tranquillo. Quando viene disturbato, di solito fugge nella sua tela, ma pu\u00f2 anche reagire con una velocit\u00e0 fulminea. Il suo morso \u00e8 innocuo per l&#8217;uomo, ma \u00e8 comunque consigliabile trattarlo con rispetto. La combinazione di attivit\u00e0, bella colorazione e possibilit\u00e0 di tenerli in gruppo li rende particolarmente attraenti per gli amanti delle specie pi\u00f9 piccole.   <\/span><\/p>\n<p class=\"p1\"><span class=\"s1\">Questa tarantola nana \u00e8 un vero gioiello e d\u00e0 vita a qualsiasi terrario. Chiunque ami le osservazioni naturali sar\u00e0 entusiasta di questa specie. <\/span><\/p>\n","protected":false},"excerpt":{"rendered":"<p>Neoholothele incei \"Gold\" - attivit\u00e0 negli spazi pi\u00f9 piccoli La Neoholothele incei \"Gold\", precedentemente nota come Holothele incei \u00e8 un&#8217;impressionante tarantola nana proveniente dal Venezuela. Con la sua lucentezza giallo-oro, \u00e8 un vero e proprio richiamo visivo, anche se \u00e8 una delle specie pi\u00f9 piccole con una lunghezza del corpo di soli 3-4 cm. Il [&hellip;]<\/p>\n","protected":false},"featured_media":190017,"template":"","meta":{"_acf_changed":false},"product-supplier":[],"product_brand":[],"product_cat":[2809,3004],"product_tag":[],"lce-checkout-addons":[2746],"class_list":{"0":"post-190015","1":"product","2":"type-product","3":"status-publish","4":"has-post-thumbnail","6":"product_cat-ragni","7":"product_cat-tarantole","8":"product_shipping_class-spedizione-di-animali","9":"pa_geschlecht-donna","10":"pa_geschlecht-indeterminato","11":"pa_geschlecht-uomo","12":"pa_herkunft-trinidad","13":"pa_kontinent-sud-america","14":"lce-checkout-addons-imballaggio-invernale","16":"first","17":"instock","18":"sale","19":"taxable","20":"shipping-taxable","21":"purchasable","22":"product-type-variable"},"acf":[],"yoast_head":"<!-- This site is optimized with the Yoast SEO plugin v27.3 - https:\/\/yoast.com\/product\/yoast-seo-wordpress\/ -->\n<title>Neoholothele incei &quot;Gold - Insektenliebe<\/title>\n<meta name=\"description\" content=\"Neoholothele incei &quot;Gold&quot;: tarantola nana pacifica e colorata per i principianti e per i gruppi - attiva, amante delle ragnatele e facile da curare.\" \/>\n<meta name=\"robots\" content=\"index, follow, max-snippet:-1, max-image-preview:large, max-video-preview:-1\" \/>\n<link rel=\"canonical\" href=\"https:\/\/insektenliebe.com\/it\/shop\/prodotto\/neoholothele-incei-gold\/\" \/>\n<meta property=\"og:locale\" content=\"it_IT\" \/>\n<meta property=\"og:type\" content=\"article\" \/>\n<meta property=\"og:title\" content=\"Neoholothele incei &quot;Gold - Insektenliebe\" \/>\n<meta property=\"og:description\" content=\"Neoholothele incei &quot;Gold&quot;: tarantola nana pacifica e colorata per i principianti e per i gruppi - attiva, amante delle ragnatele e facile da curare.\" \/>\n<meta property=\"og:url\" content=\"https:\/\/insektenliebe.com\/it\/shop\/prodotto\/neoholothele-incei-gold\/\" \/>\n<meta property=\"og:site_name\" content=\"Insektenliebe\" \/>\n<meta property=\"article:modified_time\" content=\"2026-03-15T12:05:01+00:00\" \/>\n<meta property=\"og:image\" content=\"https:\/\/insektenliebe.com\/wp-content\/uploads\/2025\/05\/Neoholothele-incei-het-Gold-2.jpg\" \/>\n\t<meta property=\"og:image:width\" content=\"1096\" \/>\n\t<meta property=\"og:image:height\" content=\"1096\" \/>\n\t<meta property=\"og:image:type\" content=\"image\/jpeg\" \/>\n<meta name=\"twitter:card\" content=\"summary_large_image\" \/>\n<meta name=\"twitter:label1\" content=\"Tempo di lettura stimato\" \/>\n\t<meta name=\"twitter:data1\" content=\"1 minuto\" \/>\n<script type=\"application\/ld+json\" class=\"yoast-schema-graph\">{\"@context\":\"https:\\\/\\\/schema.org\",\"@graph\":[{\"@type\":\"WebPage\",\"@id\":\"https:\\\/\\\/insektenliebe.com\\\/it\\\/shop\\\/prodotto\\\/neoholothele-incei-gold\\\/\",\"url\":\"https:\\\/\\\/insektenliebe.com\\\/it\\\/shop\\\/prodotto\\\/neoholothele-incei-gold\\\/\",\"name\":\"Neoholothele incei \\\"Gold - Insektenliebe\",\"isPartOf\":{\"@id\":\"https:\\\/\\\/insektenliebe.com\\\/it\\\/#website\"},\"primaryImageOfPage\":{\"@id\":\"https:\\\/\\\/insektenliebe.com\\\/it\\\/shop\\\/prodotto\\\/neoholothele-incei-gold\\\/#primaryimage\"},\"image\":{\"@id\":\"https:\\\/\\\/insektenliebe.com\\\/it\\\/shop\\\/prodotto\\\/neoholothele-incei-gold\\\/#primaryimage\"},\"thumbnailUrl\":\"https:\\\/\\\/insektenliebe.com\\\/wp-content\\\/uploads\\\/2025\\\/05\\\/Neoholothele-incei-het-Gold-2.jpg\",\"datePublished\":\"2022-09-10T21:57:43+00:00\",\"dateModified\":\"2026-03-15T12:05:01+00:00\",\"description\":\"Neoholothele incei \\\"Gold\\\": tarantola nana pacifica e colorata per i principianti e per i gruppi - attiva, amante delle ragnatele e facile da curare.\",\"breadcrumb\":{\"@id\":\"https:\\\/\\\/insektenliebe.com\\\/it\\\/shop\\\/prodotto\\\/neoholothele-incei-gold\\\/#breadcrumb\"},\"inLanguage\":\"it-IT\",\"potentialAction\":[{\"@type\":\"ReadAction\",\"target\":[\"https:\\\/\\\/insektenliebe.com\\\/it\\\/shop\\\/prodotto\\\/neoholothele-incei-gold\\\/\"]}]},{\"@type\":\"ImageObject\",\"inLanguage\":\"it-IT\",\"@id\":\"https:\\\/\\\/insektenliebe.com\\\/it\\\/shop\\\/prodotto\\\/neoholothele-incei-gold\\\/#primaryimage\",\"url\":\"https:\\\/\\\/insektenliebe.com\\\/wp-content\\\/uploads\\\/2025\\\/05\\\/Neoholothele-incei-het-Gold-2.jpg\",\"contentUrl\":\"https:\\\/\\\/insektenliebe.com\\\/wp-content\\\/uploads\\\/2025\\\/05\\\/Neoholothele-incei-het-Gold-2.jpg\",\"width\":1096,\"height\":1096,\"caption\":\"Neoholothele-incei-het-Gold-2.jpg\"},{\"@type\":\"BreadcrumbList\",\"@id\":\"https:\\\/\\\/insektenliebe.com\\\/it\\\/shop\\\/prodotto\\\/neoholothele-incei-gold\\\/#breadcrumb\",\"itemListElement\":[{\"@type\":\"ListItem\",\"position\":1,\"name\":\"Startseite\",\"item\":\"https:\\\/\\\/insektenliebe.com\\\/it\\\/\"},{\"@type\":\"ListItem\",\"position\":2,\"name\":\"Negozio\",\"item\":\"https:\\\/\\\/insektenliebe.com\\\/it\\\/negozio\\\/\"},{\"@type\":\"ListItem\",\"position\":3,\"name\":\"Neoholothele incei \\\"Gold\"}]},{\"@type\":\"WebSite\",\"@id\":\"https:\\\/\\\/insektenliebe.com\\\/it\\\/#website\",\"url\":\"https:\\\/\\\/insektenliebe.com\\\/it\\\/\",\"name\":\"Insektenliebe\",\"description\":\"Dein Zuhause f\u00fcr die kleinen Lebewesen\",\"publisher\":{\"@id\":\"https:\\\/\\\/insektenliebe.com\\\/it\\\/#organization\"},\"potentialAction\":[{\"@type\":\"SearchAction\",\"target\":{\"@type\":\"EntryPoint\",\"urlTemplate\":\"https:\\\/\\\/insektenliebe.com\\\/it\\\/?s={search_term_string}\"},\"query-input\":{\"@type\":\"PropertyValueSpecification\",\"valueRequired\":true,\"valueName\":\"search_term_string\"}}],\"inLanguage\":\"it-IT\"},{\"@type\":\"Organization\",\"@id\":\"https:\\\/\\\/insektenliebe.com\\\/it\\\/#organization\",\"name\":\"Insektenliebe\",\"url\":\"https:\\\/\\\/insektenliebe.com\\\/it\\\/\",\"logo\":{\"@type\":\"ImageObject\",\"inLanguage\":\"it-IT\",\"@id\":\"https:\\\/\\\/insektenliebe.com\\\/it\\\/#\\\/schema\\\/logo\\\/image\\\/\",\"url\":\"https:\\\/\\\/insektenliebe.com\\\/wp-content\\\/uploads\\\/2025\\\/03\\\/logo-white.png\",\"contentUrl\":\"https:\\\/\\\/insektenliebe.com\\\/wp-content\\\/uploads\\\/2025\\\/03\\\/logo-white.png\",\"width\":288,\"height\":188,\"caption\":\"Insektenliebe\"},\"image\":{\"@id\":\"https:\\\/\\\/insektenliebe.com\\\/it\\\/#\\\/schema\\\/logo\\\/image\\\/\"}}]}<\/script>\n<!-- \/ Yoast SEO plugin. -->","yoast_head_json":{"title":"Neoholothele incei \"Gold - Insektenliebe","description":"Neoholothele incei \"Gold\": tarantola nana pacifica e colorata per i principianti e per i gruppi - attiva, amante delle ragnatele e facile da curare.","robots":{"index":"index","follow":"follow","max-snippet":"max-snippet:-1","max-image-preview":"max-image-preview:large","max-video-preview":"max-video-preview:-1"},"canonical":"https:\/\/insektenliebe.com\/it\/shop\/prodotto\/neoholothele-incei-gold\/","og_locale":"it_IT","og_type":"article","og_title":"Neoholothele incei \"Gold - Insektenliebe","og_description":"Neoholothele incei \"Gold\": tarantola nana pacifica e colorata per i principianti e per i gruppi - attiva, amante delle ragnatele e facile da curare.","og_url":"https:\/\/insektenliebe.com\/it\/shop\/prodotto\/neoholothele-incei-gold\/","og_site_name":"Insektenliebe","article_modified_time":"2026-03-15T12:05:01+00:00","og_image":[{"width":1096,"height":1096,"url":"https:\/\/insektenliebe.com\/wp-content\/uploads\/2025\/05\/Neoholothele-incei-het-Gold-2.jpg","type":"image\/jpeg"}],"twitter_card":"summary_large_image","twitter_misc":{"Tempo di lettura stimato":"1 minuto"},"schema":{"@context":"https:\/\/schema.org","@graph":[{"@type":"WebPage","@id":"https:\/\/insektenliebe.com\/it\/shop\/prodotto\/neoholothele-incei-gold\/","url":"https:\/\/insektenliebe.com\/it\/shop\/prodotto\/neoholothele-incei-gold\/","name":"Neoholothele incei \"Gold - Insektenliebe","isPartOf":{"@id":"https:\/\/insektenliebe.com\/it\/#website"},"primaryImageOfPage":{"@id":"https:\/\/insektenliebe.com\/it\/shop\/prodotto\/neoholothele-incei-gold\/#primaryimage"},"image":{"@id":"https:\/\/insektenliebe.com\/it\/shop\/prodotto\/neoholothele-incei-gold\/#primaryimage"},"thumbnailUrl":"https:\/\/insektenliebe.com\/wp-content\/uploads\/2025\/05\/Neoholothele-incei-het-Gold-2.jpg","datePublished":"2022-09-10T21:57:43+00:00","dateModified":"2026-03-15T12:05:01+00:00","description":"Neoholothele incei \"Gold\": tarantola nana pacifica e colorata per i principianti e per i gruppi - attiva, amante delle ragnatele e facile da curare.","breadcrumb":{"@id":"https:\/\/insektenliebe.com\/it\/shop\/prodotto\/neoholothele-incei-gold\/#breadcrumb"},"inLanguage":"it-IT","potentialAction":[{"@type":"ReadAction","target":["https:\/\/insektenliebe.com\/it\/shop\/prodotto\/neoholothele-incei-gold\/"]}]},{"@type":"ImageObject","inLanguage":"it-IT","@id":"https:\/\/insektenliebe.com\/it\/shop\/prodotto\/neoholothele-incei-gold\/#primaryimage","url":"https:\/\/insektenliebe.com\/wp-content\/uploads\/2025\/05\/Neoholothele-incei-het-Gold-2.jpg","contentUrl":"https:\/\/insektenliebe.com\/wp-content\/uploads\/2025\/05\/Neoholothele-incei-het-Gold-2.jpg","width":1096,"height":1096,"caption":"Neoholothele-incei-het-Gold-2.jpg"},{"@type":"BreadcrumbList","@id":"https:\/\/insektenliebe.com\/it\/shop\/prodotto\/neoholothele-incei-gold\/#breadcrumb","itemListElement":[{"@type":"ListItem","position":1,"name":"Startseite","item":"https:\/\/insektenliebe.com\/it\/"},{"@type":"ListItem","position":2,"name":"Negozio","item":"https:\/\/insektenliebe.com\/it\/negozio\/"},{"@type":"ListItem","position":3,"name":"Neoholothele incei \"Gold"}]},{"@type":"WebSite","@id":"https:\/\/insektenliebe.com\/it\/#website","url":"https:\/\/insektenliebe.com\/it\/","name":"Insektenliebe","description":"Dein Zuhause f\u00fcr die kleinen Lebewesen","publisher":{"@id":"https:\/\/insektenliebe.com\/it\/#organization"},"potentialAction":[{"@type":"SearchAction","target":{"@type":"EntryPoint","urlTemplate":"https:\/\/insektenliebe.com\/it\/?s={search_term_string}"},"query-input":{"@type":"PropertyValueSpecification","valueRequired":true,"valueName":"search_term_string"}}],"inLanguage":"it-IT"},{"@type":"Organization","@id":"https:\/\/insektenliebe.com\/it\/#organization","name":"Insektenliebe","url":"https:\/\/insektenliebe.com\/it\/","logo":{"@type":"ImageObject","inLanguage":"it-IT","@id":"https:\/\/insektenliebe.com\/it\/#\/schema\/logo\/image\/","url":"https:\/\/insektenliebe.com\/wp-content\/uploads\/2025\/03\/logo-white.png","contentUrl":"https:\/\/insektenliebe.com\/wp-content\/uploads\/2025\/03\/logo-white.png","width":288,"height":188,"caption":"Insektenliebe"},"image":{"@id":"https:\/\/insektenliebe.com\/it\/#\/schema\/logo\/image\/"}}]}},"_links":{"self":[{"href":"https:\/\/insektenliebe.com\/it\/wp-json\/wp\/v2\/product\/190015","targetHints":{"allow":["GET"]}}],"collection":[{"href":"https:\/\/insektenliebe.com\/it\/wp-json\/wp\/v2\/product"}],"about":[{"href":"https:\/\/insektenliebe.com\/it\/wp-json\/wp\/v2\/types\/product"}],"wp:featuredmedia":[{"embeddable":true,"href":"https:\/\/insektenliebe.com\/it\/wp-json\/wp\/v2\/media\/190017"}],"wp:attachment":[{"href":"https:\/\/insektenliebe.com\/it\/wp-json\/wp\/v2\/media?parent=190015"}],"wp:term":[{"taxonomy":"product-supplier","embeddable":true,"href":"https:\/\/insektenliebe.com\/it\/wp-json\/wp\/v2\/product-supplier?post=190015"},{"taxonomy":"product_brand","embeddable":true,"href":"https:\/\/insektenliebe.com\/it\/wp-json\/wp\/v2\/product_brand?post=190015"},{"taxonomy":"product_cat","embeddable":true,"href":"https:\/\/insektenliebe.com\/it\/wp-json\/wp\/v2\/product_cat?post=190015"},{"taxonomy":"product_tag","embeddable":true,"href":"https:\/\/insektenliebe.com\/it\/wp-json\/wp\/v2\/product_tag?post=190015"},{"taxonomy":"lce-checkout-addons","embeddable":true,"href":"https:\/\/insektenliebe.com\/it\/wp-json\/wp\/v2\/lce-checkout-addons?post=190015"}],"curies":[{"name":"wp","href":"https:\/\/api.w.org\/{rel}","templated":true}]}}