{"id":189982,"date":"2022-10-28T11:58:00","date_gmt":"2022-10-28T09:58:00","guid":{"rendered":"https:\/\/insektenliebe.com\/shop\/produkt\/biorb-earth-125\/"},"modified":"2026-03-24T10:05:38","modified_gmt":"2026-03-24T09:05:38","slug":"biorb-earth-125","status":"publish","type":"product","link":"https:\/\/insektenliebe.com\/it\/shop\/prodotto\/biorb-earth-125\/","title":{"rendered":"biOrb EARTH 125"},"content":{"rendered":"<p>Scopri il primo e unico terrario che \u00e8 bello come gli animali che vi sono ospitati. Nei terrari tradizionali sono necessarie diverse prese, ad esempio per ogni luce, per il sistema di irrigazione, ecc.<br \/>\n<strong>biOrb EARTH 125<\/strong> ha bisogno solo di una spina e di un cavo.<\/p>\n<p>L&#8217;antiestetico ingombro dei cavi o le orrende prese multiple sono scomparse. Al loro posto c&#8217;\u00e8 un unico cavo con una spina. La tecnologia pu\u00f2 essere comodamente controllata tramite APP. \u00c8 possibile controllare la temperatura, l&#8217;umidit\u00e0, le ore di luce, la pioggia e molto altro ancora.   <\/p>\n<p><a href=\"https:\/\/insektenliebe.com\/wp-content\/uploads\/2022\/10\/DOK_PRD_GA_87136-Online-GA-biOrb-EARTH-125-01.pdf\">DOK_PRD_GA_87136-Online-GA-biOrb-EARTH-125-01<\/a><\/p>\n<ul>\n<li>Soluzione completa<\/li>\n<li>Unico - fa sembrare tutti gli altri terrari antiquati<\/li>\n<li>Design accattivante - adatto al soggiorno e non a una stanza sul retro\/garage\/capannone<\/li>\n<li>Condizioni il pi\u00f9 possibile simili alla natura<\/li>\n<li>Ideale per principianti ed esperti<\/li>\n<li>Controllabile tramite app<\/li>\n<li>Curve di calore: proprio come in natura<\/li>\n<li>Ugelli a pioggia per generare umidit\u00e0<\/li>\n<li>Nebbia per l&#8217;umidit\u00e0<\/li>\n<li>Suoni per un maggiore realismo<\/li>\n<li>Filtro a carbone per la riduzione degli odori<\/li>\n<li>Spettro luminoso completo<\/li>\n<li>Aperture per l&#8217;alimentazione<\/li>\n<li>Imbuto per il rabbocco dell&#8217;acqua<\/li>\n<\/ul>\n<p><strong>Dimensioni esterne: <\/strong>57,1 x 50,0 x 56,7 cm<strong><br \/>\n<\/strong><strong>Dimensioni interne: <\/strong>50,0 x 50,0 x 50,0 cm<\/p>\n<p>&nbsp;<\/p>\n<p>Questa \u00e8 solo una piccola selezione dei numerosi vantaggi. Puoi trovare tutti i dettagli nelle informazioni dettagliate sul prodotto. <\/p>\n","protected":false},"excerpt":{"rendered":"<p>Scopri il primo e unico terrario che \u00e8 bello come gli animali che vi sono ospitati. Nei terrari tradizionali sono necessarie diverse prese, ad esempio per ogni luce, per il sistema di irrigazione, ecc. biOrb EARTH 125 ha bisogno solo di una spina e di un cavo. L&#8217;antiestetico ingombro dei cavi o le orrende prese [&hellip;]<\/p>\n","protected":false},"featured_media":189984,"template":"","meta":{"_acf_changed":false},"product-supplier":[],"product_brand":[3207],"product_cat":[2760],"product_tag":[],"lce-checkout-addons":[],"class_list":{"0":"post-189982","1":"product","2":"type-product","3":"status-publish","4":"has-post-thumbnail","6":"product_brand-biorb","7":"product_cat-terrari-e-contenitori","8":"product_shipping_class-equipment-shipping","10":"first","11":"instock","12":"sale","13":"taxable","14":"shipping-taxable","15":"purchasable","16":"product-type-simple"},"acf":[],"yoast_head":"<!-- This site is optimized with the Yoast SEO plugin v27.3 - https:\/\/yoast.com\/product\/yoast-seo-wordpress\/ -->\n<title>biOrb EARTH 125 - Insektenliebe<\/title>\n<meta name=\"description\" content=\"Acquista a buon mercato biOrb EARTH 125 direttamente online. Terrario unico nel suo genere, sviluppato con le pi\u00f9 recenti tecnologie. Spedizione gratuita!\" \/>\n<meta name=\"robots\" content=\"index, follow, max-snippet:-1, max-image-preview:large, max-video-preview:-1\" \/>\n<link rel=\"canonical\" href=\"https:\/\/insektenliebe.com\/it\/shop\/prodotto\/biorb-earth-125\/\" \/>\n<meta property=\"og:locale\" content=\"it_IT\" \/>\n<meta property=\"og:type\" content=\"article\" \/>\n<meta property=\"og:title\" content=\"biOrb EARTH 125 - Insektenliebe\" \/>\n<meta property=\"og:description\" content=\"Acquista a buon mercato biOrb EARTH 125 direttamente online. Terrario unico nel suo genere, sviluppato con le pi\u00f9 recenti tecnologie. Spedizione gratuita!\" \/>\n<meta property=\"og:url\" content=\"https:\/\/insektenliebe.com\/it\/shop\/prodotto\/biorb-earth-125\/\" \/>\n<meta property=\"og:site_name\" content=\"Insektenliebe\" \/>\n<meta property=\"article:modified_time\" content=\"2026-03-24T09:05:38+00:00\" \/>\n<meta property=\"og:image\" content=\"https:\/\/insektenliebe.com\/wp-content\/uploads\/2025\/05\/biOrb-EARTH-Schwarz-Regenwald-2.jpeg\" \/>\n\t<meta property=\"og:image:width\" content=\"700\" \/>\n\t<meta property=\"og:image:height\" content=\"650\" \/>\n\t<meta property=\"og:image:type\" content=\"image\/jpeg\" \/>\n<meta name=\"twitter:card\" content=\"summary_large_image\" \/>\n<meta name=\"twitter:label1\" content=\"Tempo di lettura stimato\" \/>\n\t<meta name=\"twitter:data1\" content=\"1 minuto\" \/>\n<script type=\"application\/ld+json\" class=\"yoast-schema-graph\">{\"@context\":\"https:\\\/\\\/schema.org\",\"@graph\":[{\"@type\":\"WebPage\",\"@id\":\"https:\\\/\\\/insektenliebe.com\\\/it\\\/shop\\\/prodotto\\\/biorb-earth-125\\\/\",\"url\":\"https:\\\/\\\/insektenliebe.com\\\/it\\\/shop\\\/prodotto\\\/biorb-earth-125\\\/\",\"name\":\"biOrb EARTH 125 - Insektenliebe\",\"isPartOf\":{\"@id\":\"https:\\\/\\\/insektenliebe.com\\\/it\\\/#website\"},\"primaryImageOfPage\":{\"@id\":\"https:\\\/\\\/insektenliebe.com\\\/it\\\/shop\\\/prodotto\\\/biorb-earth-125\\\/#primaryimage\"},\"image\":{\"@id\":\"https:\\\/\\\/insektenliebe.com\\\/it\\\/shop\\\/prodotto\\\/biorb-earth-125\\\/#primaryimage\"},\"thumbnailUrl\":\"https:\\\/\\\/insektenliebe.com\\\/wp-content\\\/uploads\\\/2025\\\/05\\\/biOrb-EARTH-Schwarz-Regenwald-2.jpeg\",\"datePublished\":\"2022-10-28T09:58:00+00:00\",\"dateModified\":\"2026-03-24T09:05:38+00:00\",\"description\":\"Acquista a buon mercato biOrb EARTH 125 direttamente online. Terrario unico nel suo genere, sviluppato con le pi\u00f9 recenti tecnologie. Spedizione gratuita!\",\"breadcrumb\":{\"@id\":\"https:\\\/\\\/insektenliebe.com\\\/it\\\/shop\\\/prodotto\\\/biorb-earth-125\\\/#breadcrumb\"},\"inLanguage\":\"it-IT\",\"potentialAction\":[{\"@type\":\"ReadAction\",\"target\":[\"https:\\\/\\\/insektenliebe.com\\\/it\\\/shop\\\/prodotto\\\/biorb-earth-125\\\/\"]}]},{\"@type\":\"ImageObject\",\"inLanguage\":\"it-IT\",\"@id\":\"https:\\\/\\\/insektenliebe.com\\\/it\\\/shop\\\/prodotto\\\/biorb-earth-125\\\/#primaryimage\",\"url\":\"https:\\\/\\\/insektenliebe.com\\\/wp-content\\\/uploads\\\/2025\\\/05\\\/biOrb-EARTH-Schwarz-Regenwald-2.jpeg\",\"contentUrl\":\"https:\\\/\\\/insektenliebe.com\\\/wp-content\\\/uploads\\\/2025\\\/05\\\/biOrb-EARTH-Schwarz-Regenwald-2.jpeg\",\"width\":700,\"height\":650,\"caption\":\"biOrb-EARTH-Black-Rainforest-2.jpeg\"},{\"@type\":\"BreadcrumbList\",\"@id\":\"https:\\\/\\\/insektenliebe.com\\\/it\\\/shop\\\/prodotto\\\/biorb-earth-125\\\/#breadcrumb\",\"itemListElement\":[{\"@type\":\"ListItem\",\"position\":1,\"name\":\"Startseite\",\"item\":\"https:\\\/\\\/insektenliebe.com\\\/it\\\/\"},{\"@type\":\"ListItem\",\"position\":2,\"name\":\"Negozio\",\"item\":\"https:\\\/\\\/insektenliebe.com\\\/it\\\/negozio\\\/\"},{\"@type\":\"ListItem\",\"position\":3,\"name\":\"biOrb EARTH 125\"}]},{\"@type\":\"WebSite\",\"@id\":\"https:\\\/\\\/insektenliebe.com\\\/it\\\/#website\",\"url\":\"https:\\\/\\\/insektenliebe.com\\\/it\\\/\",\"name\":\"Insektenliebe\",\"description\":\"Dein Zuhause f\u00fcr die kleinen Lebewesen\",\"publisher\":{\"@id\":\"https:\\\/\\\/insektenliebe.com\\\/it\\\/#organization\"},\"potentialAction\":[{\"@type\":\"SearchAction\",\"target\":{\"@type\":\"EntryPoint\",\"urlTemplate\":\"https:\\\/\\\/insektenliebe.com\\\/it\\\/?s={search_term_string}\"},\"query-input\":{\"@type\":\"PropertyValueSpecification\",\"valueRequired\":true,\"valueName\":\"search_term_string\"}}],\"inLanguage\":\"it-IT\"},{\"@type\":\"Organization\",\"@id\":\"https:\\\/\\\/insektenliebe.com\\\/it\\\/#organization\",\"name\":\"Insektenliebe\",\"url\":\"https:\\\/\\\/insektenliebe.com\\\/it\\\/\",\"logo\":{\"@type\":\"ImageObject\",\"inLanguage\":\"it-IT\",\"@id\":\"https:\\\/\\\/insektenliebe.com\\\/it\\\/#\\\/schema\\\/logo\\\/image\\\/\",\"url\":\"https:\\\/\\\/insektenliebe.com\\\/wp-content\\\/uploads\\\/2025\\\/03\\\/logo-white.png\",\"contentUrl\":\"https:\\\/\\\/insektenliebe.com\\\/wp-content\\\/uploads\\\/2025\\\/03\\\/logo-white.png\",\"width\":288,\"height\":188,\"caption\":\"Insektenliebe\"},\"image\":{\"@id\":\"https:\\\/\\\/insektenliebe.com\\\/it\\\/#\\\/schema\\\/logo\\\/image\\\/\"}}]}<\/script>\n<!-- \/ Yoast SEO plugin. -->","yoast_head_json":{"title":"biOrb EARTH 125 - Insektenliebe","description":"Acquista a buon mercato biOrb EARTH 125 direttamente online. Terrario unico nel suo genere, sviluppato con le pi\u00f9 recenti tecnologie. Spedizione gratuita!","robots":{"index":"index","follow":"follow","max-snippet":"max-snippet:-1","max-image-preview":"max-image-preview:large","max-video-preview":"max-video-preview:-1"},"canonical":"https:\/\/insektenliebe.com\/it\/shop\/prodotto\/biorb-earth-125\/","og_locale":"it_IT","og_type":"article","og_title":"biOrb EARTH 125 - Insektenliebe","og_description":"Acquista a buon mercato biOrb EARTH 125 direttamente online. Terrario unico nel suo genere, sviluppato con le pi\u00f9 recenti tecnologie. Spedizione gratuita!","og_url":"https:\/\/insektenliebe.com\/it\/shop\/prodotto\/biorb-earth-125\/","og_site_name":"Insektenliebe","article_modified_time":"2026-03-24T09:05:38+00:00","og_image":[{"width":700,"height":650,"url":"https:\/\/insektenliebe.com\/wp-content\/uploads\/2025\/05\/biOrb-EARTH-Schwarz-Regenwald-2.jpeg","type":"image\/jpeg"}],"twitter_card":"summary_large_image","twitter_misc":{"Tempo di lettura stimato":"1 minuto"},"schema":{"@context":"https:\/\/schema.org","@graph":[{"@type":"WebPage","@id":"https:\/\/insektenliebe.com\/it\/shop\/prodotto\/biorb-earth-125\/","url":"https:\/\/insektenliebe.com\/it\/shop\/prodotto\/biorb-earth-125\/","name":"biOrb EARTH 125 - Insektenliebe","isPartOf":{"@id":"https:\/\/insektenliebe.com\/it\/#website"},"primaryImageOfPage":{"@id":"https:\/\/insektenliebe.com\/it\/shop\/prodotto\/biorb-earth-125\/#primaryimage"},"image":{"@id":"https:\/\/insektenliebe.com\/it\/shop\/prodotto\/biorb-earth-125\/#primaryimage"},"thumbnailUrl":"https:\/\/insektenliebe.com\/wp-content\/uploads\/2025\/05\/biOrb-EARTH-Schwarz-Regenwald-2.jpeg","datePublished":"2022-10-28T09:58:00+00:00","dateModified":"2026-03-24T09:05:38+00:00","description":"Acquista a buon mercato biOrb EARTH 125 direttamente online. Terrario unico nel suo genere, sviluppato con le pi\u00f9 recenti tecnologie. Spedizione gratuita!","breadcrumb":{"@id":"https:\/\/insektenliebe.com\/it\/shop\/prodotto\/biorb-earth-125\/#breadcrumb"},"inLanguage":"it-IT","potentialAction":[{"@type":"ReadAction","target":["https:\/\/insektenliebe.com\/it\/shop\/prodotto\/biorb-earth-125\/"]}]},{"@type":"ImageObject","inLanguage":"it-IT","@id":"https:\/\/insektenliebe.com\/it\/shop\/prodotto\/biorb-earth-125\/#primaryimage","url":"https:\/\/insektenliebe.com\/wp-content\/uploads\/2025\/05\/biOrb-EARTH-Schwarz-Regenwald-2.jpeg","contentUrl":"https:\/\/insektenliebe.com\/wp-content\/uploads\/2025\/05\/biOrb-EARTH-Schwarz-Regenwald-2.jpeg","width":700,"height":650,"caption":"biOrb-EARTH-Black-Rainforest-2.jpeg"},{"@type":"BreadcrumbList","@id":"https:\/\/insektenliebe.com\/it\/shop\/prodotto\/biorb-earth-125\/#breadcrumb","itemListElement":[{"@type":"ListItem","position":1,"name":"Startseite","item":"https:\/\/insektenliebe.com\/it\/"},{"@type":"ListItem","position":2,"name":"Negozio","item":"https:\/\/insektenliebe.com\/it\/negozio\/"},{"@type":"ListItem","position":3,"name":"biOrb EARTH 125"}]},{"@type":"WebSite","@id":"https:\/\/insektenliebe.com\/it\/#website","url":"https:\/\/insektenliebe.com\/it\/","name":"Insektenliebe","description":"Dein Zuhause f\u00fcr die kleinen Lebewesen","publisher":{"@id":"https:\/\/insektenliebe.com\/it\/#organization"},"potentialAction":[{"@type":"SearchAction","target":{"@type":"EntryPoint","urlTemplate":"https:\/\/insektenliebe.com\/it\/?s={search_term_string}"},"query-input":{"@type":"PropertyValueSpecification","valueRequired":true,"valueName":"search_term_string"}}],"inLanguage":"it-IT"},{"@type":"Organization","@id":"https:\/\/insektenliebe.com\/it\/#organization","name":"Insektenliebe","url":"https:\/\/insektenliebe.com\/it\/","logo":{"@type":"ImageObject","inLanguage":"it-IT","@id":"https:\/\/insektenliebe.com\/it\/#\/schema\/logo\/image\/","url":"https:\/\/insektenliebe.com\/wp-content\/uploads\/2025\/03\/logo-white.png","contentUrl":"https:\/\/insektenliebe.com\/wp-content\/uploads\/2025\/03\/logo-white.png","width":288,"height":188,"caption":"Insektenliebe"},"image":{"@id":"https:\/\/insektenliebe.com\/it\/#\/schema\/logo\/image\/"}}]}},"_links":{"self":[{"href":"https:\/\/insektenliebe.com\/it\/wp-json\/wp\/v2\/product\/189982","targetHints":{"allow":["GET"]}}],"collection":[{"href":"https:\/\/insektenliebe.com\/it\/wp-json\/wp\/v2\/product"}],"about":[{"href":"https:\/\/insektenliebe.com\/it\/wp-json\/wp\/v2\/types\/product"}],"wp:featuredmedia":[{"embeddable":true,"href":"https:\/\/insektenliebe.com\/it\/wp-json\/wp\/v2\/media\/189984"}],"wp:attachment":[{"href":"https:\/\/insektenliebe.com\/it\/wp-json\/wp\/v2\/media?parent=189982"}],"wp:term":[{"taxonomy":"product-supplier","embeddable":true,"href":"https:\/\/insektenliebe.com\/it\/wp-json\/wp\/v2\/product-supplier?post=189982"},{"taxonomy":"product_brand","embeddable":true,"href":"https:\/\/insektenliebe.com\/it\/wp-json\/wp\/v2\/product_brand?post=189982"},{"taxonomy":"product_cat","embeddable":true,"href":"https:\/\/insektenliebe.com\/it\/wp-json\/wp\/v2\/product_cat?post=189982"},{"taxonomy":"product_tag","embeddable":true,"href":"https:\/\/insektenliebe.com\/it\/wp-json\/wp\/v2\/product_tag?post=189982"},{"taxonomy":"lce-checkout-addons","embeddable":true,"href":"https:\/\/insektenliebe.com\/it\/wp-json\/wp\/v2\/lce-checkout-addons?post=189982"}],"curies":[{"name":"wp","href":"https:\/\/api.w.org\/{rel}","templated":true}]}}