{"id":189968,"date":"2021-07-10T10:13:37","date_gmt":"2021-07-10T08:13:37","guid":{"rendered":"https:\/\/insektenliebe.com\/shop\/produkt\/bilobella-braunerae-coda-di-primavera-rossiccia\/"},"modified":"2021-07-10T10:13:37","modified_gmt":"2021-07-10T08:13:37","slug":"bilobella-braunerae-coda-di-primavera-rossiccia","status":"publish","type":"product","link":"https:\/\/insektenliebe.com\/it\/shop\/prodotto\/bilobella-braunerae-coda-di-primavera-rossiccia\/","title":{"rendered":"Bilobella braunerae \"Coda di primavera rossiccia"},"content":{"rendered":"<h3><span style=\"color: #99cc33\">Breve descrizione:<\/span><\/h3>\n<div>La Bilobella braunerae \u00e8 perfetta per chi vuole dare un tocco di colore alla propria squadra di pulizia. Le code a molla rossastre non sono una mutazione di colore, ma sono presenti in natura. Si potrebbe pensare che questa specie sia stata scoperta e classificata solo nel 1981.  <\/div>\n<div>I nostri animali da riproduzione provengono dal sud della Spagna e quindi non necessitano della diapausa. La diapausa \u00e8 un abbassamento della temperatura in inverno. La Bilobella braunerae si trova anche in Europa centrale e quindi non ha esigenze di temperatura elevate.  <\/div>\n<div><\/div>\n<div>Anche in questo caso, di solito vivono nascosti nel legno morto sotto la corteccia degli alberi. Nel terrario sono relativamente poco temibili e si fanno vedere spesso. Sono paragonabili alle gi\u00e0 conosciute scimmie bianche tropicali. Le differenze si riscontrano nelle dimensioni e nel comportamento. La Bilobella braunerae, ad esempio, non salta! Non hanno una forcella per saltare, il che rende il loro comportamento molto pi\u00f9 prevedibile.     <\/div>\n<div><\/div>\n<div>Naturalmente, le scimmie a molla, relativamente piccole, non necessitano di un terrario di grandi dimensioni. In teoria possono essere allevate in una scatola per grilli, ma sarebbe un peccato perch\u00e9 questa specie \u00e8 molto pi\u00f9 efficace in un bel terrario forestale. Con Bilobella braunerae puoi anche far socializzare tutti i tipi di specie. Millipedi, isopodi, lumache, scorpioni, ragni e tutto ci\u00f2 che vive nelle foreste apprezzano la compagnia di un primo decompositore che ne rimuove i resti.   <\/div>\n<div><\/div>\n<div>Il substrato deve essere composto da humus forestale, legno bianco marcio e foglie. In alternativa, \u00e8 possibile utilizzare anche terriccio in scaglie e fogliame. Il substrato deve essere sempre mantenuto umido e non deve seccarsi. Ogni due giorni, inoltre, somministriamo un piccolo pizzico di mangime per le code di primavera. Questo aumenta il tasso di riproduzione e gli animali si sviluppano pi\u00f9 velocemente. Naturalmente \u00e8 possibile somministrare anche verdura e frutta.     <\/div>\n<div><\/div>\n","protected":false},"excerpt":{"rendered":"<p>Breve descrizione: La Bilobella braunerae \u00e8 perfetta per chi vuole dare un tocco di colore alla propria squadra di pulizia. Le code a molla rossastre non sono una mutazione di colore, ma sono presenti in natura. Si potrebbe pensare che questa specie sia stata scoperta e classificata solo nel 1981. I nostri animali da riproduzione [&hellip;]<\/p>\n","protected":false},"featured_media":189979,"template":"","meta":{"_acf_changed":false},"product-supplier":[],"product_brand":[],"product_cat":[2829],"product_tag":[],"lce-checkout-addons":[2746],"class_list":{"0":"post-189968","1":"product","2":"type-product","3":"status-publish","4":"has-post-thumbnail","6":"product_cat-altri-invertebrati","7":"product_shipping_class-spedizione-di-animali","8":"pa_herkunft-spagna","9":"pa_kontinent-europa","10":"lce-checkout-addons-imballaggio-invernale","12":"first","13":"outofstock","14":"taxable","15":"shipping-taxable","16":"purchasable","17":"product-type-simple"},"acf":[],"yoast_head":"<!-- This site is optimized with the Yoast SEO plugin v27.3 - https:\/\/yoast.com\/product\/yoast-seo-wordpress\/ -->\n<title>Bilobella braunerae &quot;Coda di primavera rossiccia - Insektenliebe<\/title>\n<meta name=\"description\" content=\"Acquista a buon mercato Bilobella braunerae direttamente online. Una specie di coda a molla rossastra molto speciale che puoi acquistare direttamente dall&#039;allevatore!\" \/>\n<meta name=\"robots\" content=\"index, follow, max-snippet:-1, max-image-preview:large, max-video-preview:-1\" \/>\n<link rel=\"canonical\" href=\"https:\/\/insektenliebe.com\/it\/shop\/prodotto\/bilobella-braunerae-coda-di-primavera-rossiccia\/\" \/>\n<meta property=\"og:locale\" content=\"it_IT\" \/>\n<meta property=\"og:type\" content=\"article\" \/>\n<meta property=\"og:title\" content=\"Bilobella braunerae &quot;Coda di primavera rossiccia - Insektenliebe\" \/>\n<meta property=\"og:description\" content=\"Acquista a buon mercato Bilobella braunerae direttamente online. Una specie di coda a molla rossastra molto speciale che puoi acquistare direttamente dall&#039;allevatore!\" \/>\n<meta property=\"og:url\" content=\"https:\/\/insektenliebe.com\/it\/shop\/prodotto\/bilobella-braunerae-coda-di-primavera-rossiccia\/\" \/>\n<meta property=\"og:site_name\" content=\"Insektenliebe\" \/>\n<meta property=\"og:image\" content=\"https:\/\/insektenliebe.com\/wp-content\/uploads\/2025\/05\/Bilobella-braunerae-2.jpg\" \/>\n\t<meta property=\"og:image:width\" content=\"820\" \/>\n\t<meta property=\"og:image:height\" content=\"820\" \/>\n\t<meta property=\"og:image:type\" content=\"image\/jpeg\" \/>\n<meta name=\"twitter:card\" content=\"summary_large_image\" \/>\n<meta name=\"twitter:label1\" content=\"Tempo di lettura stimato\" \/>\n\t<meta name=\"twitter:data1\" content=\"2 minuto\" \/>\n<script type=\"application\/ld+json\" class=\"yoast-schema-graph\">{\"@context\":\"https:\\\/\\\/schema.org\",\"@graph\":[{\"@type\":\"WebPage\",\"@id\":\"https:\\\/\\\/insektenliebe.com\\\/it\\\/shop\\\/prodotto\\\/bilobella-braunerae-coda-di-primavera-rossiccia\\\/\",\"url\":\"https:\\\/\\\/insektenliebe.com\\\/it\\\/shop\\\/prodotto\\\/bilobella-braunerae-coda-di-primavera-rossiccia\\\/\",\"name\":\"Bilobella braunerae \\\"Coda di primavera rossiccia - Insektenliebe\",\"isPartOf\":{\"@id\":\"https:\\\/\\\/insektenliebe.com\\\/it\\\/#website\"},\"primaryImageOfPage\":{\"@id\":\"https:\\\/\\\/insektenliebe.com\\\/it\\\/shop\\\/prodotto\\\/bilobella-braunerae-coda-di-primavera-rossiccia\\\/#primaryimage\"},\"image\":{\"@id\":\"https:\\\/\\\/insektenliebe.com\\\/it\\\/shop\\\/prodotto\\\/bilobella-braunerae-coda-di-primavera-rossiccia\\\/#primaryimage\"},\"thumbnailUrl\":\"https:\\\/\\\/insektenliebe.com\\\/wp-content\\\/uploads\\\/2025\\\/05\\\/Bilobella-braunerae-2.jpg\",\"datePublished\":\"2021-07-10T08:13:37+00:00\",\"description\":\"Acquista a buon mercato Bilobella braunerae direttamente online. Una specie di coda a molla rossastra molto speciale che puoi acquistare direttamente dall'allevatore!\",\"breadcrumb\":{\"@id\":\"https:\\\/\\\/insektenliebe.com\\\/it\\\/shop\\\/prodotto\\\/bilobella-braunerae-coda-di-primavera-rossiccia\\\/#breadcrumb\"},\"inLanguage\":\"it-IT\",\"potentialAction\":[{\"@type\":\"ReadAction\",\"target\":[\"https:\\\/\\\/insektenliebe.com\\\/it\\\/shop\\\/prodotto\\\/bilobella-braunerae-coda-di-primavera-rossiccia\\\/\"]}]},{\"@type\":\"ImageObject\",\"inLanguage\":\"it-IT\",\"@id\":\"https:\\\/\\\/insektenliebe.com\\\/it\\\/shop\\\/prodotto\\\/bilobella-braunerae-coda-di-primavera-rossiccia\\\/#primaryimage\",\"url\":\"https:\\\/\\\/insektenliebe.com\\\/wp-content\\\/uploads\\\/2025\\\/05\\\/Bilobella-braunerae-2.jpg\",\"contentUrl\":\"https:\\\/\\\/insektenliebe.com\\\/wp-content\\\/uploads\\\/2025\\\/05\\\/Bilobella-braunerae-2.jpg\",\"width\":820,\"height\":820,\"caption\":\"Bilobella-braunerae-2.jpg\"},{\"@type\":\"BreadcrumbList\",\"@id\":\"https:\\\/\\\/insektenliebe.com\\\/it\\\/shop\\\/prodotto\\\/bilobella-braunerae-coda-di-primavera-rossiccia\\\/#breadcrumb\",\"itemListElement\":[{\"@type\":\"ListItem\",\"position\":1,\"name\":\"Startseite\",\"item\":\"https:\\\/\\\/insektenliebe.com\\\/it\\\/\"},{\"@type\":\"ListItem\",\"position\":2,\"name\":\"Negozio\",\"item\":\"https:\\\/\\\/insektenliebe.com\\\/it\\\/negozio\\\/\"},{\"@type\":\"ListItem\",\"position\":3,\"name\":\"Bilobella braunerae &#8220;Coda di primavera rossiccia\"}]},{\"@type\":\"WebSite\",\"@id\":\"https:\\\/\\\/insektenliebe.com\\\/it\\\/#website\",\"url\":\"https:\\\/\\\/insektenliebe.com\\\/it\\\/\",\"name\":\"Insektenliebe\",\"description\":\"Dein Zuhause f\u00fcr die kleinen Lebewesen\",\"publisher\":{\"@id\":\"https:\\\/\\\/insektenliebe.com\\\/it\\\/#organization\"},\"potentialAction\":[{\"@type\":\"SearchAction\",\"target\":{\"@type\":\"EntryPoint\",\"urlTemplate\":\"https:\\\/\\\/insektenliebe.com\\\/it\\\/?s={search_term_string}\"},\"query-input\":{\"@type\":\"PropertyValueSpecification\",\"valueRequired\":true,\"valueName\":\"search_term_string\"}}],\"inLanguage\":\"it-IT\"},{\"@type\":\"Organization\",\"@id\":\"https:\\\/\\\/insektenliebe.com\\\/it\\\/#organization\",\"name\":\"Insektenliebe\",\"url\":\"https:\\\/\\\/insektenliebe.com\\\/it\\\/\",\"logo\":{\"@type\":\"ImageObject\",\"inLanguage\":\"it-IT\",\"@id\":\"https:\\\/\\\/insektenliebe.com\\\/it\\\/#\\\/schema\\\/logo\\\/image\\\/\",\"url\":\"https:\\\/\\\/insektenliebe.com\\\/wp-content\\\/uploads\\\/2025\\\/03\\\/logo-white.png\",\"contentUrl\":\"https:\\\/\\\/insektenliebe.com\\\/wp-content\\\/uploads\\\/2025\\\/03\\\/logo-white.png\",\"width\":288,\"height\":188,\"caption\":\"Insektenliebe\"},\"image\":{\"@id\":\"https:\\\/\\\/insektenliebe.com\\\/it\\\/#\\\/schema\\\/logo\\\/image\\\/\"}}]}<\/script>\n<!-- \/ Yoast SEO plugin. -->","yoast_head_json":{"title":"Bilobella braunerae \"Coda di primavera rossiccia - Insektenliebe","description":"Acquista a buon mercato Bilobella braunerae direttamente online. Una specie di coda a molla rossastra molto speciale che puoi acquistare direttamente dall'allevatore!","robots":{"index":"index","follow":"follow","max-snippet":"max-snippet:-1","max-image-preview":"max-image-preview:large","max-video-preview":"max-video-preview:-1"},"canonical":"https:\/\/insektenliebe.com\/it\/shop\/prodotto\/bilobella-braunerae-coda-di-primavera-rossiccia\/","og_locale":"it_IT","og_type":"article","og_title":"Bilobella braunerae \"Coda di primavera rossiccia - Insektenliebe","og_description":"Acquista a buon mercato Bilobella braunerae direttamente online. Una specie di coda a molla rossastra molto speciale che puoi acquistare direttamente dall'allevatore!","og_url":"https:\/\/insektenliebe.com\/it\/shop\/prodotto\/bilobella-braunerae-coda-di-primavera-rossiccia\/","og_site_name":"Insektenliebe","og_image":[{"width":820,"height":820,"url":"https:\/\/insektenliebe.com\/wp-content\/uploads\/2025\/05\/Bilobella-braunerae-2.jpg","type":"image\/jpeg"}],"twitter_card":"summary_large_image","twitter_misc":{"Tempo di lettura stimato":"2 minuto"},"schema":{"@context":"https:\/\/schema.org","@graph":[{"@type":"WebPage","@id":"https:\/\/insektenliebe.com\/it\/shop\/prodotto\/bilobella-braunerae-coda-di-primavera-rossiccia\/","url":"https:\/\/insektenliebe.com\/it\/shop\/prodotto\/bilobella-braunerae-coda-di-primavera-rossiccia\/","name":"Bilobella braunerae \"Coda di primavera rossiccia - Insektenliebe","isPartOf":{"@id":"https:\/\/insektenliebe.com\/it\/#website"},"primaryImageOfPage":{"@id":"https:\/\/insektenliebe.com\/it\/shop\/prodotto\/bilobella-braunerae-coda-di-primavera-rossiccia\/#primaryimage"},"image":{"@id":"https:\/\/insektenliebe.com\/it\/shop\/prodotto\/bilobella-braunerae-coda-di-primavera-rossiccia\/#primaryimage"},"thumbnailUrl":"https:\/\/insektenliebe.com\/wp-content\/uploads\/2025\/05\/Bilobella-braunerae-2.jpg","datePublished":"2021-07-10T08:13:37+00:00","description":"Acquista a buon mercato Bilobella braunerae direttamente online. Una specie di coda a molla rossastra molto speciale che puoi acquistare direttamente dall'allevatore!","breadcrumb":{"@id":"https:\/\/insektenliebe.com\/it\/shop\/prodotto\/bilobella-braunerae-coda-di-primavera-rossiccia\/#breadcrumb"},"inLanguage":"it-IT","potentialAction":[{"@type":"ReadAction","target":["https:\/\/insektenliebe.com\/it\/shop\/prodotto\/bilobella-braunerae-coda-di-primavera-rossiccia\/"]}]},{"@type":"ImageObject","inLanguage":"it-IT","@id":"https:\/\/insektenliebe.com\/it\/shop\/prodotto\/bilobella-braunerae-coda-di-primavera-rossiccia\/#primaryimage","url":"https:\/\/insektenliebe.com\/wp-content\/uploads\/2025\/05\/Bilobella-braunerae-2.jpg","contentUrl":"https:\/\/insektenliebe.com\/wp-content\/uploads\/2025\/05\/Bilobella-braunerae-2.jpg","width":820,"height":820,"caption":"Bilobella-braunerae-2.jpg"},{"@type":"BreadcrumbList","@id":"https:\/\/insektenliebe.com\/it\/shop\/prodotto\/bilobella-braunerae-coda-di-primavera-rossiccia\/#breadcrumb","itemListElement":[{"@type":"ListItem","position":1,"name":"Startseite","item":"https:\/\/insektenliebe.com\/it\/"},{"@type":"ListItem","position":2,"name":"Negozio","item":"https:\/\/insektenliebe.com\/it\/negozio\/"},{"@type":"ListItem","position":3,"name":"Bilobella braunerae &#8220;Coda di primavera rossiccia"}]},{"@type":"WebSite","@id":"https:\/\/insektenliebe.com\/it\/#website","url":"https:\/\/insektenliebe.com\/it\/","name":"Insektenliebe","description":"Dein Zuhause f\u00fcr die kleinen Lebewesen","publisher":{"@id":"https:\/\/insektenliebe.com\/it\/#organization"},"potentialAction":[{"@type":"SearchAction","target":{"@type":"EntryPoint","urlTemplate":"https:\/\/insektenliebe.com\/it\/?s={search_term_string}"},"query-input":{"@type":"PropertyValueSpecification","valueRequired":true,"valueName":"search_term_string"}}],"inLanguage":"it-IT"},{"@type":"Organization","@id":"https:\/\/insektenliebe.com\/it\/#organization","name":"Insektenliebe","url":"https:\/\/insektenliebe.com\/it\/","logo":{"@type":"ImageObject","inLanguage":"it-IT","@id":"https:\/\/insektenliebe.com\/it\/#\/schema\/logo\/image\/","url":"https:\/\/insektenliebe.com\/wp-content\/uploads\/2025\/03\/logo-white.png","contentUrl":"https:\/\/insektenliebe.com\/wp-content\/uploads\/2025\/03\/logo-white.png","width":288,"height":188,"caption":"Insektenliebe"},"image":{"@id":"https:\/\/insektenliebe.com\/it\/#\/schema\/logo\/image\/"}}]}},"_links":{"self":[{"href":"https:\/\/insektenliebe.com\/it\/wp-json\/wp\/v2\/product\/189968","targetHints":{"allow":["GET"]}}],"collection":[{"href":"https:\/\/insektenliebe.com\/it\/wp-json\/wp\/v2\/product"}],"about":[{"href":"https:\/\/insektenliebe.com\/it\/wp-json\/wp\/v2\/types\/product"}],"wp:featuredmedia":[{"embeddable":true,"href":"https:\/\/insektenliebe.com\/it\/wp-json\/wp\/v2\/media\/189979"}],"wp:attachment":[{"href":"https:\/\/insektenliebe.com\/it\/wp-json\/wp\/v2\/media?parent=189968"}],"wp:term":[{"taxonomy":"product-supplier","embeddable":true,"href":"https:\/\/insektenliebe.com\/it\/wp-json\/wp\/v2\/product-supplier?post=189968"},{"taxonomy":"product_brand","embeddable":true,"href":"https:\/\/insektenliebe.com\/it\/wp-json\/wp\/v2\/product_brand?post=189968"},{"taxonomy":"product_cat","embeddable":true,"href":"https:\/\/insektenliebe.com\/it\/wp-json\/wp\/v2\/product_cat?post=189968"},{"taxonomy":"product_tag","embeddable":true,"href":"https:\/\/insektenliebe.com\/it\/wp-json\/wp\/v2\/product_tag?post=189968"},{"taxonomy":"lce-checkout-addons","embeddable":true,"href":"https:\/\/insektenliebe.com\/it\/wp-json\/wp\/v2\/lce-checkout-addons?post=189968"}],"curies":[{"name":"wp","href":"https:\/\/api.w.org\/{rel}","templated":true}]}}