{"id":189960,"date":"2022-02-03T13:10:46","date_gmt":"2022-02-03T11:10:46","guid":{"rendered":"https:\/\/insektenliebe.com\/shop\/produkt\/tubo-di-sughero\/"},"modified":"2026-03-08T13:17:08","modified_gmt":"2026-03-08T12:17:08","slug":"tubo-di-sughero","status":"publish","type":"product","link":"https:\/\/insektenliebe.com\/it\/shop\/prodotto\/tubo-di-sughero\/","title":{"rendered":"Tubo di sughero"},"content":{"rendered":"<h3><span class=\"s1\" style=\"color: #99cc33;\">Versatile decorazione per terrario in sughero<\/span><\/h3>\n<p class=\"p1\"><span class=\"s1\">Il <\/span><strong><span class=\"s2\">tubo di sughero<\/span><\/strong><span class=\"s1\">  \u00e8 una decorazione naturale particolarmente apprezzata per i terrari. Proviene da   <\/span><span class=\"s2\">Europa meridionale<\/span><span class=\"s1\">  ed \u00e8 realizzato con corteccia di sughero naturale. Grazie alla sua struttura robusta e alla sua forma chiusa, \u00e8 ideale per l&#8217;utilizzo come   <\/span><span class=\"s2\">Tubo per nascondersi e vivere per molti animali da terrario<\/span><span class=\"s1\">.<\/span><\/p>\n<p class=\"p1\"><span class=\"s1\">Molti animali cercano rifugi riparati nel terrario. \u00c8 proprio in questo caso che il <strong>tubo di sughero<\/strong> offre le condizioni ideali. In particolare    <\/span><span class=\"s2\">Tarantole, ragni saltatori, millepiedi, cocciniglie e scorpioni<\/span><span class=\"s1\"> amano utilizzare queste strutture naturali come rifugi.<\/span><\/p>\n<p class=\"p1\"><span class=\"s1\">A seconda dell&#8217;animale del terrario, il tubo pu\u00f2 essere <\/span><span class=\"s2\">sdraiato o in posizione verticale<\/span><span class=\"s1\">  essere posizionato nel terrario. In questo modo pu\u00f2 essere integrato in modo flessibile in vari layout di terrario. Allo stesso tempo, viene creato un ambiente naturale che favorisce il comportamento naturale degli animali.  <\/span><\/p>\n<p class=\"p1\"><span class=\"s1\">Un altro vantaggio \u00e8 rappresentato dal <\/span><span class=\"s2\">materiale naturale<\/span><span class=\"s1\">. Il sughero \u00e8 leggero, durevole e allo stesso tempo molto resistente all&#8217;umidit\u00e0. Questo rende il <strong>tubo di sughero<\/strong> adatto sia per   <\/span><span class=\"s2\">terrari tropicali e per allestimenti pi\u00f9 asciutti<\/span><span class=\"s1\">.<\/span><\/p>\n<p class=\"p1\"><span class=\"s1\">Grazie alla sua struttura, la superficie offre anche <\/span><span class=\"s2\">possibilit\u00e0 di arrampicarsi<\/span><span class=\"s1\">  per molti animali. Allo stesso tempo, il materiale si integra armoniosamente in qualsiasi terrario. <\/span><\/p>\n<p class=\"p1\"><span class=\"s1\">Alcuni <strong>tubi di sughero<\/strong> presentano dei fori naturali <\/span><span class=\"s2\">buchi naturali o sono parzialmente ricoperti da muschi o licheni.<\/span><span class=\"s1\">. Questo crea un aspetto particolarmente autentico che valorizza qualsiasi terrario.<\/span><\/p>\n<p class=\"p1\"><span class=\"s1\">Essendo un prodotto <\/span><span class=\"s2\">prodotto naturale<\/span><span class=\"s1\">  la forma, il colore e la struttura dei singoli <strong>tubi di sughero<\/strong> sono diversi. Sono proprio queste differenze a rendere ogni pezzo unico e a dare al tuo terrario un aspetto particolarmente naturale. <\/span><\/p>\n<p class=\"p1\"><span class=\"s1\">Con il <\/span><strong><span class=\"s2\">tubo di sughero<\/span><\/strong><span class=\"s1\"> ottieni una decorazione per terrari versatile e naturale che offre protezione ai tuoi animali e allo stesso tempo migliora l&#8217;aspetto del tuo terrario.<\/span><\/p>\n","protected":false},"excerpt":{"rendered":"<p>Versatile decorazione per terrario in sughero Il tubo di sughero \u00e8 una decorazione naturale particolarmente apprezzata per i terrari. Proviene da Europa meridionale ed \u00e8 realizzato con corteccia di sughero naturale. Grazie alla sua struttura robusta e alla sua forma chiusa, \u00e8 ideale per l&#8217;utilizzo come Tubo per nascondersi e vivere per molti animali da [&hellip;]<\/p>\n","protected":false},"featured_media":189962,"template":"","meta":{"_acf_changed":false},"product-supplier":[],"product_brand":[],"product_cat":[2740],"product_tag":[],"lce-checkout-addons":[],"class_list":{"0":"post-189960","1":"product","2":"type-product","3":"status-publish","4":"has-post-thumbnail","6":"product_cat-arredamento-e-decorazione","7":"product_shipping_class-equipment-shipping","9":"first","10":"instock","11":"taxable","12":"shipping-taxable","13":"purchasable","14":"product-type-variable"},"acf":[],"yoast_head":"<!-- This site is optimized with the Yoast SEO plugin v27.3 - https:\/\/yoast.com\/product\/yoast-seo-wordpress\/ -->\n<title>Tubo di sughero - Insektenliebe<\/title>\n<meta name=\"description\" content=\"Tubo di sughero per terrari - tubo naturale per nascondersi e vivere per tarantole, ragni saltatori, isopodi e scorpioni. Prodotto naturale proveniente dall&#039;Europa meridionale.\" \/>\n<meta name=\"robots\" content=\"index, follow, max-snippet:-1, max-image-preview:large, max-video-preview:-1\" \/>\n<link rel=\"canonical\" href=\"https:\/\/insektenliebe.com\/it\/shop\/prodotto\/tubo-di-sughero\/\" \/>\n<meta property=\"og:locale\" content=\"it_IT\" \/>\n<meta property=\"og:type\" content=\"article\" \/>\n<meta property=\"og:title\" content=\"Tubo di sughero - Insektenliebe\" \/>\n<meta property=\"og:description\" content=\"Tubo di sughero per terrari - tubo naturale per nascondersi e vivere per tarantole, ragni saltatori, isopodi e scorpioni. Prodotto naturale proveniente dall&#039;Europa meridionale.\" \/>\n<meta property=\"og:url\" content=\"https:\/\/insektenliebe.com\/it\/shop\/prodotto\/tubo-di-sughero\/\" \/>\n<meta property=\"og:site_name\" content=\"Insektenliebe\" \/>\n<meta property=\"article:modified_time\" content=\"2026-03-08T12:17:08+00:00\" \/>\n<meta property=\"og:image\" content=\"https:\/\/insektenliebe.com\/wp-content\/uploads\/2025\/05\/Korkroehre-1-2.jpg\" \/>\n\t<meta property=\"og:image:width\" content=\"820\" \/>\n\t<meta property=\"og:image:height\" content=\"820\" \/>\n\t<meta property=\"og:image:type\" content=\"image\/jpeg\" \/>\n<meta name=\"twitter:card\" content=\"summary_large_image\" \/>\n<meta name=\"twitter:label1\" content=\"Tempo di lettura stimato\" \/>\n\t<meta name=\"twitter:data1\" content=\"1 minuto\" \/>\n<script type=\"application\/ld+json\" class=\"yoast-schema-graph\">{\"@context\":\"https:\\\/\\\/schema.org\",\"@graph\":[{\"@type\":\"WebPage\",\"@id\":\"https:\\\/\\\/insektenliebe.com\\\/it\\\/shop\\\/prodotto\\\/tubo-di-sughero\\\/\",\"url\":\"https:\\\/\\\/insektenliebe.com\\\/it\\\/shop\\\/prodotto\\\/tubo-di-sughero\\\/\",\"name\":\"Tubo di sughero - Insektenliebe\",\"isPartOf\":{\"@id\":\"https:\\\/\\\/insektenliebe.com\\\/it\\\/#website\"},\"primaryImageOfPage\":{\"@id\":\"https:\\\/\\\/insektenliebe.com\\\/it\\\/shop\\\/prodotto\\\/tubo-di-sughero\\\/#primaryimage\"},\"image\":{\"@id\":\"https:\\\/\\\/insektenliebe.com\\\/it\\\/shop\\\/prodotto\\\/tubo-di-sughero\\\/#primaryimage\"},\"thumbnailUrl\":\"https:\\\/\\\/insektenliebe.com\\\/wp-content\\\/uploads\\\/2025\\\/05\\\/Korkroehre-1-2.jpg\",\"datePublished\":\"2022-02-03T11:10:46+00:00\",\"dateModified\":\"2026-03-08T12:17:08+00:00\",\"description\":\"Tubo di sughero per terrari - tubo naturale per nascondersi e vivere per tarantole, ragni saltatori, isopodi e scorpioni. Prodotto naturale proveniente dall'Europa meridionale.\",\"breadcrumb\":{\"@id\":\"https:\\\/\\\/insektenliebe.com\\\/it\\\/shop\\\/prodotto\\\/tubo-di-sughero\\\/#breadcrumb\"},\"inLanguage\":\"it-IT\",\"potentialAction\":[{\"@type\":\"ReadAction\",\"target\":[\"https:\\\/\\\/insektenliebe.com\\\/it\\\/shop\\\/prodotto\\\/tubo-di-sughero\\\/\"]}]},{\"@type\":\"ImageObject\",\"inLanguage\":\"it-IT\",\"@id\":\"https:\\\/\\\/insektenliebe.com\\\/it\\\/shop\\\/prodotto\\\/tubo-di-sughero\\\/#primaryimage\",\"url\":\"https:\\\/\\\/insektenliebe.com\\\/wp-content\\\/uploads\\\/2025\\\/05\\\/Korkroehre-1-2.jpg\",\"contentUrl\":\"https:\\\/\\\/insektenliebe.com\\\/wp-content\\\/uploads\\\/2025\\\/05\\\/Korkroehre-1-2.jpg\",\"width\":820,\"height\":820,\"caption\":\"Tubo di sughero-1-2.jpg\"},{\"@type\":\"BreadcrumbList\",\"@id\":\"https:\\\/\\\/insektenliebe.com\\\/it\\\/shop\\\/prodotto\\\/tubo-di-sughero\\\/#breadcrumb\",\"itemListElement\":[{\"@type\":\"ListItem\",\"position\":1,\"name\":\"Startseite\",\"item\":\"https:\\\/\\\/insektenliebe.com\\\/it\\\/\"},{\"@type\":\"ListItem\",\"position\":2,\"name\":\"Negozio\",\"item\":\"https:\\\/\\\/insektenliebe.com\\\/it\\\/negozio\\\/\"},{\"@type\":\"ListItem\",\"position\":3,\"name\":\"Tubo di sughero\"}]},{\"@type\":\"WebSite\",\"@id\":\"https:\\\/\\\/insektenliebe.com\\\/it\\\/#website\",\"url\":\"https:\\\/\\\/insektenliebe.com\\\/it\\\/\",\"name\":\"Insektenliebe\",\"description\":\"Dein Zuhause f\u00fcr die kleinen Lebewesen\",\"publisher\":{\"@id\":\"https:\\\/\\\/insektenliebe.com\\\/it\\\/#organization\"},\"potentialAction\":[{\"@type\":\"SearchAction\",\"target\":{\"@type\":\"EntryPoint\",\"urlTemplate\":\"https:\\\/\\\/insektenliebe.com\\\/it\\\/?s={search_term_string}\"},\"query-input\":{\"@type\":\"PropertyValueSpecification\",\"valueRequired\":true,\"valueName\":\"search_term_string\"}}],\"inLanguage\":\"it-IT\"},{\"@type\":\"Organization\",\"@id\":\"https:\\\/\\\/insektenliebe.com\\\/it\\\/#organization\",\"name\":\"Insektenliebe\",\"url\":\"https:\\\/\\\/insektenliebe.com\\\/it\\\/\",\"logo\":{\"@type\":\"ImageObject\",\"inLanguage\":\"it-IT\",\"@id\":\"https:\\\/\\\/insektenliebe.com\\\/it\\\/#\\\/schema\\\/logo\\\/image\\\/\",\"url\":\"https:\\\/\\\/insektenliebe.com\\\/wp-content\\\/uploads\\\/2025\\\/03\\\/logo-white.png\",\"contentUrl\":\"https:\\\/\\\/insektenliebe.com\\\/wp-content\\\/uploads\\\/2025\\\/03\\\/logo-white.png\",\"width\":288,\"height\":188,\"caption\":\"Insektenliebe\"},\"image\":{\"@id\":\"https:\\\/\\\/insektenliebe.com\\\/it\\\/#\\\/schema\\\/logo\\\/image\\\/\"}}]}<\/script>\n<!-- \/ Yoast SEO plugin. -->","yoast_head_json":{"title":"Tubo di sughero - Insektenliebe","description":"Tubo di sughero per terrari - tubo naturale per nascondersi e vivere per tarantole, ragni saltatori, isopodi e scorpioni. Prodotto naturale proveniente dall'Europa meridionale.","robots":{"index":"index","follow":"follow","max-snippet":"max-snippet:-1","max-image-preview":"max-image-preview:large","max-video-preview":"max-video-preview:-1"},"canonical":"https:\/\/insektenliebe.com\/it\/shop\/prodotto\/tubo-di-sughero\/","og_locale":"it_IT","og_type":"article","og_title":"Tubo di sughero - Insektenliebe","og_description":"Tubo di sughero per terrari - tubo naturale per nascondersi e vivere per tarantole, ragni saltatori, isopodi e scorpioni. Prodotto naturale proveniente dall'Europa meridionale.","og_url":"https:\/\/insektenliebe.com\/it\/shop\/prodotto\/tubo-di-sughero\/","og_site_name":"Insektenliebe","article_modified_time":"2026-03-08T12:17:08+00:00","og_image":[{"width":820,"height":820,"url":"https:\/\/insektenliebe.com\/wp-content\/uploads\/2025\/05\/Korkroehre-1-2.jpg","type":"image\/jpeg"}],"twitter_card":"summary_large_image","twitter_misc":{"Tempo di lettura stimato":"1 minuto"},"schema":{"@context":"https:\/\/schema.org","@graph":[{"@type":"WebPage","@id":"https:\/\/insektenliebe.com\/it\/shop\/prodotto\/tubo-di-sughero\/","url":"https:\/\/insektenliebe.com\/it\/shop\/prodotto\/tubo-di-sughero\/","name":"Tubo di sughero - Insektenliebe","isPartOf":{"@id":"https:\/\/insektenliebe.com\/it\/#website"},"primaryImageOfPage":{"@id":"https:\/\/insektenliebe.com\/it\/shop\/prodotto\/tubo-di-sughero\/#primaryimage"},"image":{"@id":"https:\/\/insektenliebe.com\/it\/shop\/prodotto\/tubo-di-sughero\/#primaryimage"},"thumbnailUrl":"https:\/\/insektenliebe.com\/wp-content\/uploads\/2025\/05\/Korkroehre-1-2.jpg","datePublished":"2022-02-03T11:10:46+00:00","dateModified":"2026-03-08T12:17:08+00:00","description":"Tubo di sughero per terrari - tubo naturale per nascondersi e vivere per tarantole, ragni saltatori, isopodi e scorpioni. Prodotto naturale proveniente dall'Europa meridionale.","breadcrumb":{"@id":"https:\/\/insektenliebe.com\/it\/shop\/prodotto\/tubo-di-sughero\/#breadcrumb"},"inLanguage":"it-IT","potentialAction":[{"@type":"ReadAction","target":["https:\/\/insektenliebe.com\/it\/shop\/prodotto\/tubo-di-sughero\/"]}]},{"@type":"ImageObject","inLanguage":"it-IT","@id":"https:\/\/insektenliebe.com\/it\/shop\/prodotto\/tubo-di-sughero\/#primaryimage","url":"https:\/\/insektenliebe.com\/wp-content\/uploads\/2025\/05\/Korkroehre-1-2.jpg","contentUrl":"https:\/\/insektenliebe.com\/wp-content\/uploads\/2025\/05\/Korkroehre-1-2.jpg","width":820,"height":820,"caption":"Tubo di sughero-1-2.jpg"},{"@type":"BreadcrumbList","@id":"https:\/\/insektenliebe.com\/it\/shop\/prodotto\/tubo-di-sughero\/#breadcrumb","itemListElement":[{"@type":"ListItem","position":1,"name":"Startseite","item":"https:\/\/insektenliebe.com\/it\/"},{"@type":"ListItem","position":2,"name":"Negozio","item":"https:\/\/insektenliebe.com\/it\/negozio\/"},{"@type":"ListItem","position":3,"name":"Tubo di sughero"}]},{"@type":"WebSite","@id":"https:\/\/insektenliebe.com\/it\/#website","url":"https:\/\/insektenliebe.com\/it\/","name":"Insektenliebe","description":"Dein Zuhause f\u00fcr die kleinen Lebewesen","publisher":{"@id":"https:\/\/insektenliebe.com\/it\/#organization"},"potentialAction":[{"@type":"SearchAction","target":{"@type":"EntryPoint","urlTemplate":"https:\/\/insektenliebe.com\/it\/?s={search_term_string}"},"query-input":{"@type":"PropertyValueSpecification","valueRequired":true,"valueName":"search_term_string"}}],"inLanguage":"it-IT"},{"@type":"Organization","@id":"https:\/\/insektenliebe.com\/it\/#organization","name":"Insektenliebe","url":"https:\/\/insektenliebe.com\/it\/","logo":{"@type":"ImageObject","inLanguage":"it-IT","@id":"https:\/\/insektenliebe.com\/it\/#\/schema\/logo\/image\/","url":"https:\/\/insektenliebe.com\/wp-content\/uploads\/2025\/03\/logo-white.png","contentUrl":"https:\/\/insektenliebe.com\/wp-content\/uploads\/2025\/03\/logo-white.png","width":288,"height":188,"caption":"Insektenliebe"},"image":{"@id":"https:\/\/insektenliebe.com\/it\/#\/schema\/logo\/image\/"}}]}},"_links":{"self":[{"href":"https:\/\/insektenliebe.com\/it\/wp-json\/wp\/v2\/product\/189960","targetHints":{"allow":["GET"]}}],"collection":[{"href":"https:\/\/insektenliebe.com\/it\/wp-json\/wp\/v2\/product"}],"about":[{"href":"https:\/\/insektenliebe.com\/it\/wp-json\/wp\/v2\/types\/product"}],"wp:featuredmedia":[{"embeddable":true,"href":"https:\/\/insektenliebe.com\/it\/wp-json\/wp\/v2\/media\/189962"}],"wp:attachment":[{"href":"https:\/\/insektenliebe.com\/it\/wp-json\/wp\/v2\/media?parent=189960"}],"wp:term":[{"taxonomy":"product-supplier","embeddable":true,"href":"https:\/\/insektenliebe.com\/it\/wp-json\/wp\/v2\/product-supplier?post=189960"},{"taxonomy":"product_brand","embeddable":true,"href":"https:\/\/insektenliebe.com\/it\/wp-json\/wp\/v2\/product_brand?post=189960"},{"taxonomy":"product_cat","embeddable":true,"href":"https:\/\/insektenliebe.com\/it\/wp-json\/wp\/v2\/product_cat?post=189960"},{"taxonomy":"product_tag","embeddable":true,"href":"https:\/\/insektenliebe.com\/it\/wp-json\/wp\/v2\/product_tag?post=189960"},{"taxonomy":"lce-checkout-addons","embeddable":true,"href":"https:\/\/insektenliebe.com\/it\/wp-json\/wp\/v2\/lce-checkout-addons?post=189960"}],"curies":[{"name":"wp","href":"https:\/\/api.w.org\/{rel}","templated":true}]}}