{"id":189955,"date":"2022-03-04T02:18:26","date_gmt":"2022-03-04T00:18:26","guid":{"rendered":"https:\/\/insektenliebe.com\/shop\/produkt\/monocentropus-balfouri-tarantola-blu-dello-yemen\/"},"modified":"2026-03-15T12:47:51","modified_gmt":"2026-03-15T11:47:51","slug":"monocentropus-balfouri-tarantola-blu-dello-yemen","status":"publish","type":"product","link":"https:\/\/insektenliebe.com\/it\/shop\/prodotto\/monocentropus-balfouri-tarantola-blu-dello-yemen\/","title":{"rendered":"Monocentropus balfouri \"Tarantola blu dello Yemen"},"content":{"rendered":"<h3 class=\"p1\"><span style=\"color: #99cc33;\"><strong><span class=\"s1\">Comportamento sociale e allevamento in gruppo nel Monocentropus balfouri<\/span><\/strong><\/span><\/h3>\n<div class=\"MuiGrid-root MuiGrid-item MuiGrid-grid-xs-12 MuiGrid-grid-sm-6\">\n<p class=\"p1\"><span class=\"s1\">Il <\/span><strong><span class=\"s2\">Monocentropus balfouri<\/span><\/strong><span class=\"s1\">conosciuta anche come tarantola blu dello Yemen, \u00e8 una delle tarantole pi\u00f9 appariscenti in circolazione. Proviene dalla remota isola di Socotra, situata al largo delle coste dello Yemen e nota per il suo clima unico e la sua fauna endemica. Grazie alla sua insolita colorazione grigio-blu con zampe chiare a contrasto, \u00e8 un vero e proprio richiamo visivo nel terrario.  <\/span><\/p>\n<p class=\"p1\"><span class=\"s1\">Ma non \u00e8 solo il loro aspetto a rendere questa specie cos\u00ec popolare: anche il loro comportamento \u00e8 affascinante. Perch\u00e9 <strong><span class=\"s2\">Monocentropus balfouri<\/span><\/strong> <\/span><span class=\"s1\">  mostra un comportamento sociale pronunciato, piuttosto atipico per le tarantole. In un alloggio di gruppo adeguato, diversi animali possono vivere insieme a patto che il terrario offra spazio sufficiente, nascondigli e fonti di cibo. Questo crea dinamiche interessanti che non possono essere osservate in animali solitari.  <\/span><\/p>\n<p class=\"p1\"><span class=\"s1\">Gli animali amano scavare e costruire sistemi di tubi ampiamente ramificati sotto terra o dietro lastre di sughero. Utilizzano la seta di ragno per stabilizzare i loro tunnel e creare rifugi sicuri. Il terrario dovrebbe quindi contenere almeno 10 cm di substrato scavabile, preferibilmente una miscela di humus forestale e sabbia argillosa. Uno strato di foglie secche o di piccole radici pu\u00f2 fornire una struttura aggiuntiva.   <\/span><\/p>\n<p class=\"p1\"><span class=\"s1\">Per quanto riguarda le condizioni climatiche <strong><span class=\"s2\">Monocentropus balfouri<\/span><\/strong><\/span><span class=\"s1\">  Le temperature devono essere comprese tra i 24 e i 28 \u00b0C durante il giorno e tra i 20 e i 22 \u00b0C durante la notte. L&#8217;umidit\u00e0 dovrebbe aggirarsi intorno al 60-70%, per cui \u00e8 essenziale una buona ventilazione. Spesso \u00e8 sufficiente spruzzare con parsimonia ogni pochi giorni, preferibilmente in un angolo.  <\/span><\/p>\n<p class=\"p1\"><span class=\"s1\">Un terrario di 30 \u00d7 30 \u00d7 30 cm \u00e8 adatto per un singolo animale. Per una sistemazione di gruppo, si consiglia un terrario di almeno 40 \u00d7 30 \u00d7 30 cm per due animali; per ogni animale in pi\u00f9 \u00e8 necessario aumentare le dimensioni di conseguenza. \u00c8 importante che ci siano abbastanza nascondigli in modo che gli animali possano evitare di intralciarsi l&#8217;un l&#8217;altro. Tubi di sughero, pezzi di corteccia o strutture di grotta pi\u00f9 grandi aiutano a evitare l&#8217;attrito.   <\/span><\/p>\n<p class=\"p1\"><span class=\"s1\">Questi animali sono anche particolarmente attivi, il che li rende interessanti oggetti di osservazione. Mentre molte tarantole tendono a vivere nascoste, \u00e8 possibile vedere <strong><span class=\"s2\">Monocentropus balfouri<\/span><\/strong> <\/span><span class=\"s1\">  spesso siedono fuori dalla gabbia, soprattutto al crepuscolo. Sono curiosi e a volte esplorano anche nuove strutture nel terrario. <\/span><\/p>\n<p class=\"p1\"><span class=\"s1\">Nonostante la sua natura vivace, questa specie rimane piuttosto socievole. Sebbene sia agile, di solito non mostra alcun comportamento difensivo pronunciato. Con un po&#8217; di esperienza, \u00e8 quindi adatta anche ai proprietari che non allevano ragni da molto tempo ma che sono alla ricerca di un animale particolarmente interessante.  <\/span><\/p>\n<p class=\"p1\"><span class=\"s1\">Chiunque sia interessato al <strong><span class=\"s2\">Monocentropus balfouri<\/span><\/strong><\/span><span class=\"s1\"> non solo porta nel terrario una specie affascinante dall&#8217;aspetto imponente, ma anche una vera e propria specialit\u00e0: solo poche specie di tarantole possono essere tenute con successo in gruppo.<\/span><\/p>\n<\/div>\n","protected":false},"excerpt":{"rendered":"<p>Comportamento sociale e allevamento in gruppo nel Monocentropus balfouri Il Monocentropus balfouriconosciuta anche come tarantola blu dello Yemen, \u00e8 una delle tarantole pi\u00f9 appariscenti in circolazione. Proviene dalla remota isola di Socotra, situata al largo delle coste dello Yemen e nota per il suo clima unico e la sua fauna endemica. Grazie alla sua insolita [&hellip;]<\/p>\n","protected":false},"featured_media":189839,"template":"","meta":{"_acf_changed":false},"product-supplier":[],"product_brand":[],"product_cat":[2809,3004],"product_tag":[],"lce-checkout-addons":[2746],"class_list":{"0":"post-189955","1":"product","2":"type-product","3":"status-publish","4":"has-post-thumbnail","6":"product_cat-ragni","7":"product_cat-tarantole","8":"product_shipping_class-spedizione-di-animali","9":"pa_geschlecht-donna","10":"pa_geschlecht-indeterminato","11":"pa_geschlecht-uomo","12":"pa_herkunft-yemen","13":"pa_kontinent-asia","14":"lce-checkout-addons-imballaggio-invernale","16":"first","17":"instock","18":"sale","19":"taxable","20":"shipping-taxable","21":"purchasable","22":"product-type-variable"},"acf":[],"yoast_head":"<!-- This site is optimized with the Yoast SEO plugin v27.3 - https:\/\/yoast.com\/product\/yoast-seo-wordpress\/ -->\n<title>Monocentropus balfouri &quot;Tarantola blu dello Yemen - Insektenliebe<\/title>\n<meta name=\"description\" content=\"La Monocentropus balfouri \u00e8 una tarantola sociale di straordinaria bellezza, con una colorazione blu, ideale per essere tenuta in gruppo e per chi ha esperienza.\" \/>\n<meta name=\"robots\" content=\"index, follow, max-snippet:-1, max-image-preview:large, max-video-preview:-1\" \/>\n<link rel=\"canonical\" href=\"https:\/\/insektenliebe.com\/it\/shop\/prodotto\/monocentropus-balfouri-tarantola-blu-dello-yemen\/\" \/>\n<meta property=\"og:locale\" content=\"it_IT\" \/>\n<meta property=\"og:type\" content=\"article\" \/>\n<meta property=\"og:title\" content=\"Monocentropus balfouri &quot;Tarantola blu dello Yemen - Insektenliebe\" \/>\n<meta property=\"og:description\" content=\"La Monocentropus balfouri \u00e8 una tarantola sociale di straordinaria bellezza, con una colorazione blu, ideale per essere tenuta in gruppo e per chi ha esperienza.\" \/>\n<meta property=\"og:url\" content=\"https:\/\/insektenliebe.com\/it\/shop\/prodotto\/monocentropus-balfouri-tarantola-blu-dello-yemen\/\" \/>\n<meta property=\"og:site_name\" content=\"Insektenliebe\" \/>\n<meta property=\"article:modified_time\" content=\"2026-03-15T11:47:51+00:00\" \/>\n<meta property=\"og:image\" content=\"https:\/\/insektenliebe.com\/wp-content\/uploads\/2022\/03\/Monocentropus-balfouri-22Blaue-Jemen-Vogelspinne22-Baumstumpf.jpg\" \/>\n\t<meta property=\"og:image:width\" content=\"820\" \/>\n\t<meta property=\"og:image:height\" content=\"820\" \/>\n\t<meta property=\"og:image:type\" content=\"image\/jpeg\" \/>\n<meta name=\"twitter:card\" content=\"summary_large_image\" \/>\n<meta name=\"twitter:label1\" content=\"Tempo di lettura stimato\" \/>\n\t<meta name=\"twitter:data1\" content=\"2 minuto\" \/>\n<script type=\"application\/ld+json\" class=\"yoast-schema-graph\">{\"@context\":\"https:\\\/\\\/schema.org\",\"@graph\":[{\"@type\":\"WebPage\",\"@id\":\"https:\\\/\\\/insektenliebe.com\\\/it\\\/shop\\\/prodotto\\\/monocentropus-balfouri-tarantola-blu-dello-yemen\\\/\",\"url\":\"https:\\\/\\\/insektenliebe.com\\\/it\\\/shop\\\/prodotto\\\/monocentropus-balfouri-tarantola-blu-dello-yemen\\\/\",\"name\":\"Monocentropus balfouri \\\"Tarantola blu dello Yemen - Insektenliebe\",\"isPartOf\":{\"@id\":\"https:\\\/\\\/insektenliebe.com\\\/it\\\/#website\"},\"primaryImageOfPage\":{\"@id\":\"https:\\\/\\\/insektenliebe.com\\\/it\\\/shop\\\/prodotto\\\/monocentropus-balfouri-tarantola-blu-dello-yemen\\\/#primaryimage\"},\"image\":{\"@id\":\"https:\\\/\\\/insektenliebe.com\\\/it\\\/shop\\\/prodotto\\\/monocentropus-balfouri-tarantola-blu-dello-yemen\\\/#primaryimage\"},\"thumbnailUrl\":\"https:\\\/\\\/insektenliebe.com\\\/wp-content\\\/uploads\\\/2022\\\/03\\\/Monocentropus-balfouri-22Blaue-Jemen-Vogelspinne22-Baumstumpf.jpg\",\"datePublished\":\"2022-03-04T00:18:26+00:00\",\"dateModified\":\"2026-03-15T11:47:51+00:00\",\"description\":\"La Monocentropus balfouri \u00e8 una tarantola sociale di straordinaria bellezza, con una colorazione blu, ideale per essere tenuta in gruppo e per chi ha esperienza.\",\"breadcrumb\":{\"@id\":\"https:\\\/\\\/insektenliebe.com\\\/it\\\/shop\\\/prodotto\\\/monocentropus-balfouri-tarantola-blu-dello-yemen\\\/#breadcrumb\"},\"inLanguage\":\"it-IT\",\"potentialAction\":[{\"@type\":\"ReadAction\",\"target\":[\"https:\\\/\\\/insektenliebe.com\\\/it\\\/shop\\\/prodotto\\\/monocentropus-balfouri-tarantola-blu-dello-yemen\\\/\"]}]},{\"@type\":\"ImageObject\",\"inLanguage\":\"it-IT\",\"@id\":\"https:\\\/\\\/insektenliebe.com\\\/it\\\/shop\\\/prodotto\\\/monocentropus-balfouri-tarantola-blu-dello-yemen\\\/#primaryimage\",\"url\":\"https:\\\/\\\/insektenliebe.com\\\/wp-content\\\/uploads\\\/2022\\\/03\\\/Monocentropus-balfouri-22Blaue-Jemen-Vogelspinne22-Baumstumpf.jpg\",\"contentUrl\":\"https:\\\/\\\/insektenliebe.com\\\/wp-content\\\/uploads\\\/2022\\\/03\\\/Monocentropus-balfouri-22Blaue-Jemen-Vogelspinne22-Baumstumpf.jpg\",\"width\":820,\"height\":820,\"caption\":\"Monocentropus balfouri Ceppo di tarantola blu dello Yemen\"},{\"@type\":\"BreadcrumbList\",\"@id\":\"https:\\\/\\\/insektenliebe.com\\\/it\\\/shop\\\/prodotto\\\/monocentropus-balfouri-tarantola-blu-dello-yemen\\\/#breadcrumb\",\"itemListElement\":[{\"@type\":\"ListItem\",\"position\":1,\"name\":\"Startseite\",\"item\":\"https:\\\/\\\/insektenliebe.com\\\/it\\\/\"},{\"@type\":\"ListItem\",\"position\":2,\"name\":\"Negozio\",\"item\":\"https:\\\/\\\/insektenliebe.com\\\/it\\\/negozio\\\/\"},{\"@type\":\"ListItem\",\"position\":3,\"name\":\"Monocentropus balfouri \\\"Tarantola blu dello Yemen\"}]},{\"@type\":\"WebSite\",\"@id\":\"https:\\\/\\\/insektenliebe.com\\\/it\\\/#website\",\"url\":\"https:\\\/\\\/insektenliebe.com\\\/it\\\/\",\"name\":\"Insektenliebe\",\"description\":\"Dein Zuhause f\u00fcr die kleinen Lebewesen\",\"publisher\":{\"@id\":\"https:\\\/\\\/insektenliebe.com\\\/it\\\/#organization\"},\"potentialAction\":[{\"@type\":\"SearchAction\",\"target\":{\"@type\":\"EntryPoint\",\"urlTemplate\":\"https:\\\/\\\/insektenliebe.com\\\/it\\\/?s={search_term_string}\"},\"query-input\":{\"@type\":\"PropertyValueSpecification\",\"valueRequired\":true,\"valueName\":\"search_term_string\"}}],\"inLanguage\":\"it-IT\"},{\"@type\":\"Organization\",\"@id\":\"https:\\\/\\\/insektenliebe.com\\\/it\\\/#organization\",\"name\":\"Insektenliebe\",\"url\":\"https:\\\/\\\/insektenliebe.com\\\/it\\\/\",\"logo\":{\"@type\":\"ImageObject\",\"inLanguage\":\"it-IT\",\"@id\":\"https:\\\/\\\/insektenliebe.com\\\/it\\\/#\\\/schema\\\/logo\\\/image\\\/\",\"url\":\"https:\\\/\\\/insektenliebe.com\\\/wp-content\\\/uploads\\\/2025\\\/03\\\/logo-white.png\",\"contentUrl\":\"https:\\\/\\\/insektenliebe.com\\\/wp-content\\\/uploads\\\/2025\\\/03\\\/logo-white.png\",\"width\":288,\"height\":188,\"caption\":\"Insektenliebe\"},\"image\":{\"@id\":\"https:\\\/\\\/insektenliebe.com\\\/it\\\/#\\\/schema\\\/logo\\\/image\\\/\"}}]}<\/script>\n<!-- \/ Yoast SEO plugin. -->","yoast_head_json":{"title":"Monocentropus balfouri \"Tarantola blu dello Yemen - Insektenliebe","description":"La Monocentropus balfouri \u00e8 una tarantola sociale di straordinaria bellezza, con una colorazione blu, ideale per essere tenuta in gruppo e per chi ha esperienza.","robots":{"index":"index","follow":"follow","max-snippet":"max-snippet:-1","max-image-preview":"max-image-preview:large","max-video-preview":"max-video-preview:-1"},"canonical":"https:\/\/insektenliebe.com\/it\/shop\/prodotto\/monocentropus-balfouri-tarantola-blu-dello-yemen\/","og_locale":"it_IT","og_type":"article","og_title":"Monocentropus balfouri \"Tarantola blu dello Yemen - Insektenliebe","og_description":"La Monocentropus balfouri \u00e8 una tarantola sociale di straordinaria bellezza, con una colorazione blu, ideale per essere tenuta in gruppo e per chi ha esperienza.","og_url":"https:\/\/insektenliebe.com\/it\/shop\/prodotto\/monocentropus-balfouri-tarantola-blu-dello-yemen\/","og_site_name":"Insektenliebe","article_modified_time":"2026-03-15T11:47:51+00:00","og_image":[{"width":820,"height":820,"url":"https:\/\/insektenliebe.com\/wp-content\/uploads\/2022\/03\/Monocentropus-balfouri-22Blaue-Jemen-Vogelspinne22-Baumstumpf.jpg","type":"image\/jpeg"}],"twitter_card":"summary_large_image","twitter_misc":{"Tempo di lettura stimato":"2 minuto"},"schema":{"@context":"https:\/\/schema.org","@graph":[{"@type":"WebPage","@id":"https:\/\/insektenliebe.com\/it\/shop\/prodotto\/monocentropus-balfouri-tarantola-blu-dello-yemen\/","url":"https:\/\/insektenliebe.com\/it\/shop\/prodotto\/monocentropus-balfouri-tarantola-blu-dello-yemen\/","name":"Monocentropus balfouri \"Tarantola blu dello Yemen - Insektenliebe","isPartOf":{"@id":"https:\/\/insektenliebe.com\/it\/#website"},"primaryImageOfPage":{"@id":"https:\/\/insektenliebe.com\/it\/shop\/prodotto\/monocentropus-balfouri-tarantola-blu-dello-yemen\/#primaryimage"},"image":{"@id":"https:\/\/insektenliebe.com\/it\/shop\/prodotto\/monocentropus-balfouri-tarantola-blu-dello-yemen\/#primaryimage"},"thumbnailUrl":"https:\/\/insektenliebe.com\/wp-content\/uploads\/2022\/03\/Monocentropus-balfouri-22Blaue-Jemen-Vogelspinne22-Baumstumpf.jpg","datePublished":"2022-03-04T00:18:26+00:00","dateModified":"2026-03-15T11:47:51+00:00","description":"La Monocentropus balfouri \u00e8 una tarantola sociale di straordinaria bellezza, con una colorazione blu, ideale per essere tenuta in gruppo e per chi ha esperienza.","breadcrumb":{"@id":"https:\/\/insektenliebe.com\/it\/shop\/prodotto\/monocentropus-balfouri-tarantola-blu-dello-yemen\/#breadcrumb"},"inLanguage":"it-IT","potentialAction":[{"@type":"ReadAction","target":["https:\/\/insektenliebe.com\/it\/shop\/prodotto\/monocentropus-balfouri-tarantola-blu-dello-yemen\/"]}]},{"@type":"ImageObject","inLanguage":"it-IT","@id":"https:\/\/insektenliebe.com\/it\/shop\/prodotto\/monocentropus-balfouri-tarantola-blu-dello-yemen\/#primaryimage","url":"https:\/\/insektenliebe.com\/wp-content\/uploads\/2022\/03\/Monocentropus-balfouri-22Blaue-Jemen-Vogelspinne22-Baumstumpf.jpg","contentUrl":"https:\/\/insektenliebe.com\/wp-content\/uploads\/2022\/03\/Monocentropus-balfouri-22Blaue-Jemen-Vogelspinne22-Baumstumpf.jpg","width":820,"height":820,"caption":"Monocentropus balfouri Ceppo di tarantola blu dello Yemen"},{"@type":"BreadcrumbList","@id":"https:\/\/insektenliebe.com\/it\/shop\/prodotto\/monocentropus-balfouri-tarantola-blu-dello-yemen\/#breadcrumb","itemListElement":[{"@type":"ListItem","position":1,"name":"Startseite","item":"https:\/\/insektenliebe.com\/it\/"},{"@type":"ListItem","position":2,"name":"Negozio","item":"https:\/\/insektenliebe.com\/it\/negozio\/"},{"@type":"ListItem","position":3,"name":"Monocentropus balfouri \"Tarantola blu dello Yemen"}]},{"@type":"WebSite","@id":"https:\/\/insektenliebe.com\/it\/#website","url":"https:\/\/insektenliebe.com\/it\/","name":"Insektenliebe","description":"Dein Zuhause f\u00fcr die kleinen Lebewesen","publisher":{"@id":"https:\/\/insektenliebe.com\/it\/#organization"},"potentialAction":[{"@type":"SearchAction","target":{"@type":"EntryPoint","urlTemplate":"https:\/\/insektenliebe.com\/it\/?s={search_term_string}"},"query-input":{"@type":"PropertyValueSpecification","valueRequired":true,"valueName":"search_term_string"}}],"inLanguage":"it-IT"},{"@type":"Organization","@id":"https:\/\/insektenliebe.com\/it\/#organization","name":"Insektenliebe","url":"https:\/\/insektenliebe.com\/it\/","logo":{"@type":"ImageObject","inLanguage":"it-IT","@id":"https:\/\/insektenliebe.com\/it\/#\/schema\/logo\/image\/","url":"https:\/\/insektenliebe.com\/wp-content\/uploads\/2025\/03\/logo-white.png","contentUrl":"https:\/\/insektenliebe.com\/wp-content\/uploads\/2025\/03\/logo-white.png","width":288,"height":188,"caption":"Insektenliebe"},"image":{"@id":"https:\/\/insektenliebe.com\/it\/#\/schema\/logo\/image\/"}}]}},"_links":{"self":[{"href":"https:\/\/insektenliebe.com\/it\/wp-json\/wp\/v2\/product\/189955","targetHints":{"allow":["GET"]}}],"collection":[{"href":"https:\/\/insektenliebe.com\/it\/wp-json\/wp\/v2\/product"}],"about":[{"href":"https:\/\/insektenliebe.com\/it\/wp-json\/wp\/v2\/types\/product"}],"wp:featuredmedia":[{"embeddable":true,"href":"https:\/\/insektenliebe.com\/it\/wp-json\/wp\/v2\/media\/189839"}],"wp:attachment":[{"href":"https:\/\/insektenliebe.com\/it\/wp-json\/wp\/v2\/media?parent=189955"}],"wp:term":[{"taxonomy":"product-supplier","embeddable":true,"href":"https:\/\/insektenliebe.com\/it\/wp-json\/wp\/v2\/product-supplier?post=189955"},{"taxonomy":"product_brand","embeddable":true,"href":"https:\/\/insektenliebe.com\/it\/wp-json\/wp\/v2\/product_brand?post=189955"},{"taxonomy":"product_cat","embeddable":true,"href":"https:\/\/insektenliebe.com\/it\/wp-json\/wp\/v2\/product_cat?post=189955"},{"taxonomy":"product_tag","embeddable":true,"href":"https:\/\/insektenliebe.com\/it\/wp-json\/wp\/v2\/product_tag?post=189955"},{"taxonomy":"lce-checkout-addons","embeddable":true,"href":"https:\/\/insektenliebe.com\/it\/wp-json\/wp\/v2\/lce-checkout-addons?post=189955"}],"curies":[{"name":"wp","href":"https:\/\/api.w.org\/{rel}","templated":true}]}}