{"id":189929,"date":"2022-03-19T11:30:00","date_gmt":"2022-03-19T10:30:00","guid":{"rendered":"https:\/\/insektenliebe.com\/shop\/produkt\/theraphosa-apophysis-tarantola-gigante-del-venezuela\/"},"modified":"2022-03-19T11:30:00","modified_gmt":"2022-03-19T10:30:00","slug":"theraphosa-apophysis-tarantola-gigante-del-venezuela","status":"publish","type":"product","link":"https:\/\/insektenliebe.com\/it\/shop\/prodotto\/theraphosa-apophysis-tarantola-gigante-del-venezuela\/","title":{"rendered":"Theraphosa apophysis \"tarantola gigante del Venezuela"},"content":{"rendered":"<h3 class=\"p1\"><span style=\"color: #99cc33;\"><strong><span class=\"s1\">Theraphosa apophysis - Tarantola gigante con punte rosa<\/span><\/strong><\/span><\/h3>\n<p class=\"p1\"><span class=\"s1\"><strong>La Theraphosa apophysis<\/strong> \u00e8 una delle tarantole pi\u00f9 grandi del mondo, non solo in termini di lunghezza del corpo, ma anche per la sua imponente presenza. Questa specie \u00e8 originaria del Venezuela e della Colombia e colpisce soprattutto per le sue punte delle zampe delicate e colorate di rosa. \u00c8 una delle specie di ragno pi\u00f9 spettacolari da tenere in casa ed \u00e8 particolarmente apprezzata dai detentori esperti.  <\/span><\/p>\n<p class=\"p1\"><span class=\"s1\">Si consiglia un terrario con una base di almeno 50 \u00d7 40 \u00d7 40 cm, poich\u00e9 questo ragno ha bisogno di molto spazio. Essendo una specie scavatrice, ha bisogno anche di uno strato profondo di substrato. Una miscela di humus scavabile e un po&#8217; di sabbia fornisce stabilit\u00e0. Tubi di sughero, pezzi di corteccia e nascondigli sono d&#8217;obbligo, perch\u00e9 gli animali amano ritirarsi. Un recipiente per l&#8217;acqua dovrebbe essere sempre disponibile.    <\/span><\/p>\n<p class=\"p1\"><span class=\"s1\">L&#8217;umidit\u00e0 deve essere mantenuta costante intorno all&#8217;80%, evitando assolutamente i ristagni d&#8217;acqua. Una leggera nebulizzazione quotidiana, preferibilmente la sera, aiuta a mantenere il giusto microclima. La temperatura del terrario deve essere compresa tra i 24 e i 27 \u00b0C.  <\/span><\/p>\n<p class=\"p1\"><span class=\"s1\">La Theraphosa apophysis \u00e8 attiva soprattutto al crepuscolo o di notte. Durante il giorno rimane spesso nella sua tana. Tuttavia, chi ha pazienza sar\u00e0 ricompensato con momenti impressionanti, soprattutto quando si nutre. Questa specie mangia avidamente e attacca le sue prede con vigore. Grilli, scarafaggi, cavallette o animali adulti sono regolarmente nel menu.    <\/span><\/p>\n<p class=\"p1\"><span class=\"s1\">Anche se ha un aspetto imponente, di solito \u00e8 pi\u00f9 difensivo che aggressivo. Tuttavia, se minacciata, user\u00e0 prontamente i suoi peli urticanti, che sono particolarmente fini e altamente irritanti. Si consiglia quindi di usare cautela. \u00c8 quindi meno adatta ai principianti, ma ancora pi\u00f9 adatta agli amanti delle tarantole grandi e imponenti.   <\/span><\/p>\n<p class=\"p1\"><span class=\"s1\">Con uno spazio sufficiente, un alto tasso di umidit\u00e0 e un ambiente tranquillo, questo gigante pu\u00f2 essere tenuto con successo. Se sei alla ricerca di una vera e propria rarit\u00e0, puoi trovarla da   <\/span><span class=\"s2\">Theraphosa apophysis<\/span><span class=\"s1\"> un&#8217;attrazione per gli occhi con carattere e forza.<\/span><\/p>\n","protected":false},"excerpt":{"rendered":"<p>Theraphosa apophysis - Tarantola gigante con punte rosa La Theraphosa apophysis \u00e8 una delle tarantole pi\u00f9 grandi del mondo, non solo in termini di lunghezza del corpo, ma anche per la sua imponente presenza. Questa specie \u00e8 originaria del Venezuela e della Colombia e colpisce soprattutto per le sue punte delle zampe delicate e colorate [&hellip;]<\/p>\n","protected":false},"featured_media":189933,"template":"","meta":{"_acf_changed":false},"product-supplier":[],"product_brand":[],"product_cat":[2809,3004],"product_tag":[],"lce-checkout-addons":[2746],"class_list":{"0":"post-189929","1":"product","2":"type-product","3":"status-publish","4":"has-post-thumbnail","6":"product_cat-ragni","7":"product_cat-tarantole","8":"product_shipping_class-spedizione-di-animali","9":"pa_geschlecht-donna","10":"pa_geschlecht-indeterminato","11":"pa_geschlecht-uomo","12":"pa_herkunft-venezuela","13":"pa_kontinent-sud-america","14":"lce-checkout-addons-imballaggio-invernale","16":"first","17":"instock","18":"sale","19":"taxable","20":"shipping-taxable","21":"purchasable","22":"product-type-variable"},"acf":[],"yoast_head":"<!-- This site is optimized with the Yoast SEO plugin v27.3 - https:\/\/yoast.com\/product\/yoast-seo-wordpress\/ -->\n<title>Theraphosa apophysis &quot;tarantola gigante del Venezuela - Insektenliebe<\/title>\n<meta name=\"description\" content=\"Acquista a buon mercato Theraphosa apophysis &quot;Tarantola gigante del Venezuela&quot; direttamente online. Una delle tarantole pi\u00f9 grandi del mondo!\" \/>\n<meta name=\"robots\" content=\"index, follow, max-snippet:-1, max-image-preview:large, max-video-preview:-1\" \/>\n<link rel=\"canonical\" href=\"https:\/\/insektenliebe.com\/it\/shop\/prodotto\/theraphosa-apophysis-tarantola-gigante-del-venezuela\/\" \/>\n<meta property=\"og:locale\" content=\"it_IT\" \/>\n<meta property=\"og:type\" content=\"article\" \/>\n<meta property=\"og:title\" content=\"Theraphosa apophysis &quot;tarantola gigante del Venezuela - Insektenliebe\" \/>\n<meta property=\"og:description\" content=\"Acquista a buon mercato Theraphosa apophysis &quot;Tarantola gigante del Venezuela&quot; direttamente online. Una delle tarantole pi\u00f9 grandi del mondo!\" \/>\n<meta property=\"og:url\" content=\"https:\/\/insektenliebe.com\/it\/shop\/prodotto\/theraphosa-apophysis-tarantola-gigante-del-venezuela\/\" \/>\n<meta property=\"og:site_name\" content=\"Insektenliebe\" \/>\n<meta property=\"og:image\" content=\"https:\/\/insektenliebe.com\/wp-content\/uploads\/2022\/03\/Theraphosa-apophysis-Produktbild.jpg\" \/>\n\t<meta property=\"og:image:width\" content=\"820\" \/>\n\t<meta property=\"og:image:height\" content=\"820\" \/>\n\t<meta property=\"og:image:type\" content=\"image\/jpeg\" \/>\n<meta name=\"twitter:card\" content=\"summary_large_image\" \/>\n<meta name=\"twitter:label1\" content=\"Tempo di lettura stimato\" \/>\n\t<meta name=\"twitter:data1\" content=\"2 minuto\" \/>\n<script type=\"application\/ld+json\" class=\"yoast-schema-graph\">{\"@context\":\"https:\\\/\\\/schema.org\",\"@graph\":[{\"@type\":\"WebPage\",\"@id\":\"https:\\\/\\\/insektenliebe.com\\\/it\\\/shop\\\/prodotto\\\/theraphosa-apophysis-tarantola-gigante-del-venezuela\\\/\",\"url\":\"https:\\\/\\\/insektenliebe.com\\\/it\\\/shop\\\/prodotto\\\/theraphosa-apophysis-tarantola-gigante-del-venezuela\\\/\",\"name\":\"Theraphosa apophysis \\\"tarantola gigante del Venezuela - Insektenliebe\",\"isPartOf\":{\"@id\":\"https:\\\/\\\/insektenliebe.com\\\/it\\\/#website\"},\"primaryImageOfPage\":{\"@id\":\"https:\\\/\\\/insektenliebe.com\\\/it\\\/shop\\\/prodotto\\\/theraphosa-apophysis-tarantola-gigante-del-venezuela\\\/#primaryimage\"},\"image\":{\"@id\":\"https:\\\/\\\/insektenliebe.com\\\/it\\\/shop\\\/prodotto\\\/theraphosa-apophysis-tarantola-gigante-del-venezuela\\\/#primaryimage\"},\"thumbnailUrl\":\"https:\\\/\\\/insektenliebe.com\\\/wp-content\\\/uploads\\\/2022\\\/03\\\/Theraphosa-apophysis-Produktbild.jpg\",\"datePublished\":\"2022-03-19T10:30:00+00:00\",\"description\":\"Acquista a buon mercato Theraphosa apophysis \\\"Tarantola gigante del Venezuela\\\" direttamente online. Una delle tarantole pi\u00f9 grandi del mondo!\",\"breadcrumb\":{\"@id\":\"https:\\\/\\\/insektenliebe.com\\\/it\\\/shop\\\/prodotto\\\/theraphosa-apophysis-tarantola-gigante-del-venezuela\\\/#breadcrumb\"},\"inLanguage\":\"it-IT\",\"potentialAction\":[{\"@type\":\"ReadAction\",\"target\":[\"https:\\\/\\\/insektenliebe.com\\\/it\\\/shop\\\/prodotto\\\/theraphosa-apophysis-tarantola-gigante-del-venezuela\\\/\"]}]},{\"@type\":\"ImageObject\",\"inLanguage\":\"it-IT\",\"@id\":\"https:\\\/\\\/insektenliebe.com\\\/it\\\/shop\\\/prodotto\\\/theraphosa-apophysis-tarantola-gigante-del-venezuela\\\/#primaryimage\",\"url\":\"https:\\\/\\\/insektenliebe.com\\\/wp-content\\\/uploads\\\/2022\\\/03\\\/Theraphosa-apophysis-Produktbild.jpg\",\"contentUrl\":\"https:\\\/\\\/insektenliebe.com\\\/wp-content\\\/uploads\\\/2022\\\/03\\\/Theraphosa-apophysis-Produktbild.jpg\",\"width\":820,\"height\":820,\"caption\":\"Apofisi Theraphosa - Immagine del prodotto\"},{\"@type\":\"BreadcrumbList\",\"@id\":\"https:\\\/\\\/insektenliebe.com\\\/it\\\/shop\\\/prodotto\\\/theraphosa-apophysis-tarantola-gigante-del-venezuela\\\/#breadcrumb\",\"itemListElement\":[{\"@type\":\"ListItem\",\"position\":1,\"name\":\"Startseite\",\"item\":\"https:\\\/\\\/insektenliebe.com\\\/it\\\/\"},{\"@type\":\"ListItem\",\"position\":2,\"name\":\"Negozio\",\"item\":\"https:\\\/\\\/insektenliebe.com\\\/it\\\/negozio\\\/\"},{\"@type\":\"ListItem\",\"position\":3,\"name\":\"Theraphosa apophysis &#8220;tarantola gigante del Venezuela\"}]},{\"@type\":\"WebSite\",\"@id\":\"https:\\\/\\\/insektenliebe.com\\\/it\\\/#website\",\"url\":\"https:\\\/\\\/insektenliebe.com\\\/it\\\/\",\"name\":\"Insektenliebe\",\"description\":\"Dein Zuhause f\u00fcr die kleinen Lebewesen\",\"publisher\":{\"@id\":\"https:\\\/\\\/insektenliebe.com\\\/it\\\/#organization\"},\"potentialAction\":[{\"@type\":\"SearchAction\",\"target\":{\"@type\":\"EntryPoint\",\"urlTemplate\":\"https:\\\/\\\/insektenliebe.com\\\/it\\\/?s={search_term_string}\"},\"query-input\":{\"@type\":\"PropertyValueSpecification\",\"valueRequired\":true,\"valueName\":\"search_term_string\"}}],\"inLanguage\":\"it-IT\"},{\"@type\":\"Organization\",\"@id\":\"https:\\\/\\\/insektenliebe.com\\\/it\\\/#organization\",\"name\":\"Insektenliebe\",\"url\":\"https:\\\/\\\/insektenliebe.com\\\/it\\\/\",\"logo\":{\"@type\":\"ImageObject\",\"inLanguage\":\"it-IT\",\"@id\":\"https:\\\/\\\/insektenliebe.com\\\/it\\\/#\\\/schema\\\/logo\\\/image\\\/\",\"url\":\"https:\\\/\\\/insektenliebe.com\\\/wp-content\\\/uploads\\\/2025\\\/03\\\/logo-white.png\",\"contentUrl\":\"https:\\\/\\\/insektenliebe.com\\\/wp-content\\\/uploads\\\/2025\\\/03\\\/logo-white.png\",\"width\":288,\"height\":188,\"caption\":\"Insektenliebe\"},\"image\":{\"@id\":\"https:\\\/\\\/insektenliebe.com\\\/it\\\/#\\\/schema\\\/logo\\\/image\\\/\"}}]}<\/script>\n<!-- \/ Yoast SEO plugin. -->","yoast_head_json":{"title":"Theraphosa apophysis \"tarantola gigante del Venezuela - Insektenliebe","description":"Acquista a buon mercato Theraphosa apophysis \"Tarantola gigante del Venezuela\" direttamente online. Una delle tarantole pi\u00f9 grandi del mondo!","robots":{"index":"index","follow":"follow","max-snippet":"max-snippet:-1","max-image-preview":"max-image-preview:large","max-video-preview":"max-video-preview:-1"},"canonical":"https:\/\/insektenliebe.com\/it\/shop\/prodotto\/theraphosa-apophysis-tarantola-gigante-del-venezuela\/","og_locale":"it_IT","og_type":"article","og_title":"Theraphosa apophysis \"tarantola gigante del Venezuela - Insektenliebe","og_description":"Acquista a buon mercato Theraphosa apophysis \"Tarantola gigante del Venezuela\" direttamente online. Una delle tarantole pi\u00f9 grandi del mondo!","og_url":"https:\/\/insektenliebe.com\/it\/shop\/prodotto\/theraphosa-apophysis-tarantola-gigante-del-venezuela\/","og_site_name":"Insektenliebe","og_image":[{"width":820,"height":820,"url":"https:\/\/insektenliebe.com\/wp-content\/uploads\/2022\/03\/Theraphosa-apophysis-Produktbild.jpg","type":"image\/jpeg"}],"twitter_card":"summary_large_image","twitter_misc":{"Tempo di lettura stimato":"2 minuto"},"schema":{"@context":"https:\/\/schema.org","@graph":[{"@type":"WebPage","@id":"https:\/\/insektenliebe.com\/it\/shop\/prodotto\/theraphosa-apophysis-tarantola-gigante-del-venezuela\/","url":"https:\/\/insektenliebe.com\/it\/shop\/prodotto\/theraphosa-apophysis-tarantola-gigante-del-venezuela\/","name":"Theraphosa apophysis \"tarantola gigante del Venezuela - Insektenliebe","isPartOf":{"@id":"https:\/\/insektenliebe.com\/it\/#website"},"primaryImageOfPage":{"@id":"https:\/\/insektenliebe.com\/it\/shop\/prodotto\/theraphosa-apophysis-tarantola-gigante-del-venezuela\/#primaryimage"},"image":{"@id":"https:\/\/insektenliebe.com\/it\/shop\/prodotto\/theraphosa-apophysis-tarantola-gigante-del-venezuela\/#primaryimage"},"thumbnailUrl":"https:\/\/insektenliebe.com\/wp-content\/uploads\/2022\/03\/Theraphosa-apophysis-Produktbild.jpg","datePublished":"2022-03-19T10:30:00+00:00","description":"Acquista a buon mercato Theraphosa apophysis \"Tarantola gigante del Venezuela\" direttamente online. Una delle tarantole pi\u00f9 grandi del mondo!","breadcrumb":{"@id":"https:\/\/insektenliebe.com\/it\/shop\/prodotto\/theraphosa-apophysis-tarantola-gigante-del-venezuela\/#breadcrumb"},"inLanguage":"it-IT","potentialAction":[{"@type":"ReadAction","target":["https:\/\/insektenliebe.com\/it\/shop\/prodotto\/theraphosa-apophysis-tarantola-gigante-del-venezuela\/"]}]},{"@type":"ImageObject","inLanguage":"it-IT","@id":"https:\/\/insektenliebe.com\/it\/shop\/prodotto\/theraphosa-apophysis-tarantola-gigante-del-venezuela\/#primaryimage","url":"https:\/\/insektenliebe.com\/wp-content\/uploads\/2022\/03\/Theraphosa-apophysis-Produktbild.jpg","contentUrl":"https:\/\/insektenliebe.com\/wp-content\/uploads\/2022\/03\/Theraphosa-apophysis-Produktbild.jpg","width":820,"height":820,"caption":"Apofisi Theraphosa - Immagine del prodotto"},{"@type":"BreadcrumbList","@id":"https:\/\/insektenliebe.com\/it\/shop\/prodotto\/theraphosa-apophysis-tarantola-gigante-del-venezuela\/#breadcrumb","itemListElement":[{"@type":"ListItem","position":1,"name":"Startseite","item":"https:\/\/insektenliebe.com\/it\/"},{"@type":"ListItem","position":2,"name":"Negozio","item":"https:\/\/insektenliebe.com\/it\/negozio\/"},{"@type":"ListItem","position":3,"name":"Theraphosa apophysis &#8220;tarantola gigante del Venezuela"}]},{"@type":"WebSite","@id":"https:\/\/insektenliebe.com\/it\/#website","url":"https:\/\/insektenliebe.com\/it\/","name":"Insektenliebe","description":"Dein Zuhause f\u00fcr die kleinen Lebewesen","publisher":{"@id":"https:\/\/insektenliebe.com\/it\/#organization"},"potentialAction":[{"@type":"SearchAction","target":{"@type":"EntryPoint","urlTemplate":"https:\/\/insektenliebe.com\/it\/?s={search_term_string}"},"query-input":{"@type":"PropertyValueSpecification","valueRequired":true,"valueName":"search_term_string"}}],"inLanguage":"it-IT"},{"@type":"Organization","@id":"https:\/\/insektenliebe.com\/it\/#organization","name":"Insektenliebe","url":"https:\/\/insektenliebe.com\/it\/","logo":{"@type":"ImageObject","inLanguage":"it-IT","@id":"https:\/\/insektenliebe.com\/it\/#\/schema\/logo\/image\/","url":"https:\/\/insektenliebe.com\/wp-content\/uploads\/2025\/03\/logo-white.png","contentUrl":"https:\/\/insektenliebe.com\/wp-content\/uploads\/2025\/03\/logo-white.png","width":288,"height":188,"caption":"Insektenliebe"},"image":{"@id":"https:\/\/insektenliebe.com\/it\/#\/schema\/logo\/image\/"}}]}},"_links":{"self":[{"href":"https:\/\/insektenliebe.com\/it\/wp-json\/wp\/v2\/product\/189929","targetHints":{"allow":["GET"]}}],"collection":[{"href":"https:\/\/insektenliebe.com\/it\/wp-json\/wp\/v2\/product"}],"about":[{"href":"https:\/\/insektenliebe.com\/it\/wp-json\/wp\/v2\/types\/product"}],"wp:featuredmedia":[{"embeddable":true,"href":"https:\/\/insektenliebe.com\/it\/wp-json\/wp\/v2\/media\/189933"}],"wp:attachment":[{"href":"https:\/\/insektenliebe.com\/it\/wp-json\/wp\/v2\/media?parent=189929"}],"wp:term":[{"taxonomy":"product-supplier","embeddable":true,"href":"https:\/\/insektenliebe.com\/it\/wp-json\/wp\/v2\/product-supplier?post=189929"},{"taxonomy":"product_brand","embeddable":true,"href":"https:\/\/insektenliebe.com\/it\/wp-json\/wp\/v2\/product_brand?post=189929"},{"taxonomy":"product_cat","embeddable":true,"href":"https:\/\/insektenliebe.com\/it\/wp-json\/wp\/v2\/product_cat?post=189929"},{"taxonomy":"product_tag","embeddable":true,"href":"https:\/\/insektenliebe.com\/it\/wp-json\/wp\/v2\/product_tag?post=189929"},{"taxonomy":"lce-checkout-addons","embeddable":true,"href":"https:\/\/insektenliebe.com\/it\/wp-json\/wp\/v2\/lce-checkout-addons?post=189929"}],"curies":[{"name":"wp","href":"https:\/\/api.w.org\/{rel}","templated":true}]}}