{"id":189924,"date":"2024-03-16T17:44:50","date_gmt":"2024-03-16T15:44:50","guid":{"rendered":"https:\/\/insektenliebe.com\/shop\/produkt\/barylestis-variatus\/"},"modified":"2024-03-16T17:44:50","modified_gmt":"2024-03-16T16:44:50","slug":"barylestis-variatus","status":"publish","type":"product","link":"https:\/\/insektenliebe.com\/it\/shop\/prodotto\/barylestis-variatus\/","title":{"rendered":"Barylestis variatus"},"content":{"rendered":"<h3>Luce<\/h3>\n<h3>Camerun<\/h3>\n<h3>3,5 CM<\/h3>\n<h3>22-26 \u00b0C<\/h3>\n<h3><span style=\"color: #99cc33\">Bellezza affascinante: Barylestis variatus con un motivo unico<\/span><\/h3>\n<p><strong>Il Barylestis variatus<\/strong> si distingue per il suo aspetto sorprendente, caratterizzato da un motivo contrastante di strisce scure e chiare. Questo motivo gli conferisce un aspetto unico e affascinante. <\/p>\n<p>La cura del <strong>Barylestis variatus<\/strong> \u00e8 relativamente semplice. Un terrario con sufficienti nascondigli e possibilit\u00e0 di arrampicarsi \u00e8 l&#8217;ideale per questa specie. L&#8217;umidit\u00e0 deve essere mantenuta tra il 70 e l&#8217;80%. Spruzzare regolarmente il terrario aiuta a mantenere l&#8217;umidit\u00e0 e a garantire un ambiente sano per questi ragni granchio.  <\/p>\n<div class=\"MuiGrid-root MuiGrid-item MuiGrid-grid-xs-12 MuiGrid-grid-sm-6\">\n<p>I ragni granchio (Thomisidae) sono una delle famiglie di ragni da ragnatela pi\u00f9 ricche di specie! Questi cacciatori in agguato sono distribuiti in tutto il mondo e si trovano a loro agio in diversi habitat, dalle zone a clima temperato ai tropici. Alcune specie si trovano persino nelle regioni subartiche o alpine. Essendo ragni a due artigli (Dionycha), sono eccellenti arrampicatori e si muovono senza fatica nella vegetazione pi\u00f9 alta.   <\/p>\n<p>La caratteristica dei ragni granchio \u00e8 il loro paio di zampe anteriori estremamente lunghe. In alcuni maschi, il primo paio di zampe pu\u00f2 essere da tre a cinque volte pi\u00f9 lungo del paio di zampe posteriori. Queste zampe sono leggermente piegate in avanti quando sono a riposo e conferiscono ai ragni il loro aspetto caratteristico, che ricorda quello di un granchio con grandi chele. Questi arti speciali consentono inoltre ai ragni granchio di camminare lateralmente, il che li distingue chiaramente dalla maggior parte delle altre famiglie di ragni. Alcune specie sono caratterizzate anche da un addome dai colori vivaci, particolarmente appariscente.    <\/p>\n<p><strong>I Barylestis variatus<\/strong> sono cacciatori in agguato e non costruiscono reti di cattura. Molte specie autoctone non tessono nemmeno ragnatele. Utilizzano invece la loro capacit\u00e0 di produrre seta in altri modi. In situazioni di pericolo, possono lasciarsi cadere saldamente dal filo e cadere in uno stato di torpore sospeso per proteggersi.   <\/p>\n<p>Con il loro aspetto affascinante e il loro comportamento di caccia unico, i ragni granchio sono un animale domestico entusiasmante per ogni amante della natura. La loro diversit\u00e0 e adattabilit\u00e0 li rende creature affascinanti da scoprire. <\/p>\n<\/div>\n<h3><span style=\"color: #99cc33\"><strong>Prodotti per Barylestis variatus:<\/strong><\/span><\/h3>\n","protected":false},"excerpt":{"rendered":"<p>Luce Camerun 3,5 CM 22-26 \u00b0C Bellezza affascinante: Barylestis variatus con un motivo unico Il Barylestis variatus si distingue per il suo aspetto sorprendente, caratterizzato da un motivo contrastante di strisce scure e chiare. Questo motivo gli conferisce un aspetto unico e affascinante. La cura del Barylestis variatus \u00e8 relativamente semplice. Un terrario con sufficienti [&hellip;]<\/p>\n","protected":false},"featured_media":189928,"template":"","meta":{"_acf_changed":false},"product-supplier":[],"product_brand":[],"product_cat":[2999,2809],"product_tag":[],"lce-checkout-addons":[2746],"class_list":{"0":"post-189924","1":"product","2":"type-product","3":"status-publish","4":"has-post-thumbnail","6":"product_cat-altri-ragni","7":"product_cat-ragni","8":"product_shipping_class-spedizione-di-animali","9":"lce-checkout-addons-imballaggio-invernale","11":"first","12":"outofstock","13":"taxable","14":"shipping-taxable","15":"product-type-variable","16":"has-default-attributes"},"acf":[],"yoast_head":"<!-- This site is optimized with the Yoast SEO plugin v27.3 - https:\/\/yoast.com\/product\/yoast-seo-wordpress\/ -->\n<title>Barylestis variatus - Insektenliebe<\/title>\n<meta name=\"description\" content=\"Acquista a buon mercato Barylestis variatus direttamente online. Acquista la prole della specie di ragno granchio direttamente dall&#039;allevatore con il rapporto di allevamento!\" \/>\n<meta name=\"robots\" content=\"index, follow, max-snippet:-1, max-image-preview:large, max-video-preview:-1\" \/>\n<link rel=\"canonical\" href=\"https:\/\/insektenliebe.com\/it\/shop\/prodotto\/barylestis-variatus\/\" \/>\n<meta property=\"og:locale\" content=\"it_IT\" \/>\n<meta property=\"og:type\" content=\"article\" \/>\n<meta property=\"og:title\" content=\"Barylestis variatus - Insektenliebe\" \/>\n<meta property=\"og:description\" content=\"Acquista a buon mercato Barylestis variatus direttamente online. Acquista la prole della specie di ragno granchio direttamente dall&#039;allevatore con il rapporto di allevamento!\" \/>\n<meta property=\"og:url\" content=\"https:\/\/insektenliebe.com\/it\/shop\/prodotto\/barylestis-variatus\/\" \/>\n<meta property=\"og:site_name\" content=\"Insektenliebe\" \/>\n<meta property=\"article:modified_time\" content=\"2024-03-16T16:44:50+00:00\" \/>\n<meta property=\"og:image\" content=\"https:\/\/insektenliebe.com\/wp-content\/uploads\/2025\/05\/Barylestis-variatus-Vorne-2.jpg\" \/>\n\t<meta property=\"og:image:width\" content=\"820\" \/>\n\t<meta property=\"og:image:height\" content=\"820\" \/>\n\t<meta property=\"og:image:type\" content=\"image\/jpeg\" \/>\n<meta name=\"twitter:card\" content=\"summary_large_image\" \/>\n<meta name=\"twitter:label1\" content=\"Tempo di lettura stimato\" \/>\n\t<meta name=\"twitter:data1\" content=\"2 minuto\" \/>\n<script type=\"application\/ld+json\" class=\"yoast-schema-graph\">{\"@context\":\"https:\\\/\\\/schema.org\",\"@graph\":[{\"@type\":\"WebPage\",\"@id\":\"https:\\\/\\\/insektenliebe.com\\\/it\\\/shop\\\/prodotto\\\/barylestis-variatus\\\/\",\"url\":\"https:\\\/\\\/insektenliebe.com\\\/it\\\/shop\\\/prodotto\\\/barylestis-variatus\\\/\",\"name\":\"Barylestis variatus - Insektenliebe\",\"isPartOf\":{\"@id\":\"https:\\\/\\\/insektenliebe.com\\\/it\\\/#website\"},\"primaryImageOfPage\":{\"@id\":\"https:\\\/\\\/insektenliebe.com\\\/it\\\/shop\\\/prodotto\\\/barylestis-variatus\\\/#primaryimage\"},\"image\":{\"@id\":\"https:\\\/\\\/insektenliebe.com\\\/it\\\/shop\\\/prodotto\\\/barylestis-variatus\\\/#primaryimage\"},\"thumbnailUrl\":\"https:\\\/\\\/insektenliebe.com\\\/wp-content\\\/uploads\\\/2025\\\/05\\\/Barylestis-variatus-Vorne-2.jpg\",\"datePublished\":\"2024-03-16T15:44:50+00:00\",\"dateModified\":\"2024-03-16T16:44:50+00:00\",\"description\":\"Acquista a buon mercato Barylestis variatus direttamente online. Acquista la prole della specie di ragno granchio direttamente dall'allevatore con il rapporto di allevamento!\",\"breadcrumb\":{\"@id\":\"https:\\\/\\\/insektenliebe.com\\\/it\\\/shop\\\/prodotto\\\/barylestis-variatus\\\/#breadcrumb\"},\"inLanguage\":\"it-IT\",\"potentialAction\":[{\"@type\":\"ReadAction\",\"target\":[\"https:\\\/\\\/insektenliebe.com\\\/it\\\/shop\\\/prodotto\\\/barylestis-variatus\\\/\"]}]},{\"@type\":\"ImageObject\",\"inLanguage\":\"it-IT\",\"@id\":\"https:\\\/\\\/insektenliebe.com\\\/it\\\/shop\\\/prodotto\\\/barylestis-variatus\\\/#primaryimage\",\"url\":\"https:\\\/\\\/insektenliebe.com\\\/wp-content\\\/uploads\\\/2025\\\/05\\\/Barylestis-variatus-Vorne-2.jpg\",\"contentUrl\":\"https:\\\/\\\/insektenliebe.com\\\/wp-content\\\/uploads\\\/2025\\\/05\\\/Barylestis-variatus-Vorne-2.jpg\",\"width\":820,\"height\":820,\"caption\":\"Barylestis-variatus-Front-2.jpg\"},{\"@type\":\"BreadcrumbList\",\"@id\":\"https:\\\/\\\/insektenliebe.com\\\/it\\\/shop\\\/prodotto\\\/barylestis-variatus\\\/#breadcrumb\",\"itemListElement\":[{\"@type\":\"ListItem\",\"position\":1,\"name\":\"Startseite\",\"item\":\"https:\\\/\\\/insektenliebe.com\\\/it\\\/\"},{\"@type\":\"ListItem\",\"position\":2,\"name\":\"Negozio\",\"item\":\"https:\\\/\\\/insektenliebe.com\\\/it\\\/negozio\\\/\"},{\"@type\":\"ListItem\",\"position\":3,\"name\":\"Barylestis variatus\"}]},{\"@type\":\"WebSite\",\"@id\":\"https:\\\/\\\/insektenliebe.com\\\/it\\\/#website\",\"url\":\"https:\\\/\\\/insektenliebe.com\\\/it\\\/\",\"name\":\"Insektenliebe\",\"description\":\"Dein Zuhause f\u00fcr die kleinen Lebewesen\",\"publisher\":{\"@id\":\"https:\\\/\\\/insektenliebe.com\\\/it\\\/#organization\"},\"potentialAction\":[{\"@type\":\"SearchAction\",\"target\":{\"@type\":\"EntryPoint\",\"urlTemplate\":\"https:\\\/\\\/insektenliebe.com\\\/it\\\/?s={search_term_string}\"},\"query-input\":{\"@type\":\"PropertyValueSpecification\",\"valueRequired\":true,\"valueName\":\"search_term_string\"}}],\"inLanguage\":\"it-IT\"},{\"@type\":\"Organization\",\"@id\":\"https:\\\/\\\/insektenliebe.com\\\/it\\\/#organization\",\"name\":\"Insektenliebe\",\"url\":\"https:\\\/\\\/insektenliebe.com\\\/it\\\/\",\"logo\":{\"@type\":\"ImageObject\",\"inLanguage\":\"it-IT\",\"@id\":\"https:\\\/\\\/insektenliebe.com\\\/it\\\/#\\\/schema\\\/logo\\\/image\\\/\",\"url\":\"https:\\\/\\\/insektenliebe.com\\\/wp-content\\\/uploads\\\/2025\\\/03\\\/logo-white.png\",\"contentUrl\":\"https:\\\/\\\/insektenliebe.com\\\/wp-content\\\/uploads\\\/2025\\\/03\\\/logo-white.png\",\"width\":288,\"height\":188,\"caption\":\"Insektenliebe\"},\"image\":{\"@id\":\"https:\\\/\\\/insektenliebe.com\\\/it\\\/#\\\/schema\\\/logo\\\/image\\\/\"}}]}<\/script>\n<!-- \/ Yoast SEO plugin. -->","yoast_head_json":{"title":"Barylestis variatus - Insektenliebe","description":"Acquista a buon mercato Barylestis variatus direttamente online. Acquista la prole della specie di ragno granchio direttamente dall'allevatore con il rapporto di allevamento!","robots":{"index":"index","follow":"follow","max-snippet":"max-snippet:-1","max-image-preview":"max-image-preview:large","max-video-preview":"max-video-preview:-1"},"canonical":"https:\/\/insektenliebe.com\/it\/shop\/prodotto\/barylestis-variatus\/","og_locale":"it_IT","og_type":"article","og_title":"Barylestis variatus - Insektenliebe","og_description":"Acquista a buon mercato Barylestis variatus direttamente online. Acquista la prole della specie di ragno granchio direttamente dall'allevatore con il rapporto di allevamento!","og_url":"https:\/\/insektenliebe.com\/it\/shop\/prodotto\/barylestis-variatus\/","og_site_name":"Insektenliebe","article_modified_time":"2024-03-16T16:44:50+00:00","og_image":[{"width":820,"height":820,"url":"https:\/\/insektenliebe.com\/wp-content\/uploads\/2025\/05\/Barylestis-variatus-Vorne-2.jpg","type":"image\/jpeg"}],"twitter_card":"summary_large_image","twitter_misc":{"Tempo di lettura stimato":"2 minuto"},"schema":{"@context":"https:\/\/schema.org","@graph":[{"@type":"WebPage","@id":"https:\/\/insektenliebe.com\/it\/shop\/prodotto\/barylestis-variatus\/","url":"https:\/\/insektenliebe.com\/it\/shop\/prodotto\/barylestis-variatus\/","name":"Barylestis variatus - Insektenliebe","isPartOf":{"@id":"https:\/\/insektenliebe.com\/it\/#website"},"primaryImageOfPage":{"@id":"https:\/\/insektenliebe.com\/it\/shop\/prodotto\/barylestis-variatus\/#primaryimage"},"image":{"@id":"https:\/\/insektenliebe.com\/it\/shop\/prodotto\/barylestis-variatus\/#primaryimage"},"thumbnailUrl":"https:\/\/insektenliebe.com\/wp-content\/uploads\/2025\/05\/Barylestis-variatus-Vorne-2.jpg","datePublished":"2024-03-16T15:44:50+00:00","dateModified":"2024-03-16T16:44:50+00:00","description":"Acquista a buon mercato Barylestis variatus direttamente online. Acquista la prole della specie di ragno granchio direttamente dall'allevatore con il rapporto di allevamento!","breadcrumb":{"@id":"https:\/\/insektenliebe.com\/it\/shop\/prodotto\/barylestis-variatus\/#breadcrumb"},"inLanguage":"it-IT","potentialAction":[{"@type":"ReadAction","target":["https:\/\/insektenliebe.com\/it\/shop\/prodotto\/barylestis-variatus\/"]}]},{"@type":"ImageObject","inLanguage":"it-IT","@id":"https:\/\/insektenliebe.com\/it\/shop\/prodotto\/barylestis-variatus\/#primaryimage","url":"https:\/\/insektenliebe.com\/wp-content\/uploads\/2025\/05\/Barylestis-variatus-Vorne-2.jpg","contentUrl":"https:\/\/insektenliebe.com\/wp-content\/uploads\/2025\/05\/Barylestis-variatus-Vorne-2.jpg","width":820,"height":820,"caption":"Barylestis-variatus-Front-2.jpg"},{"@type":"BreadcrumbList","@id":"https:\/\/insektenliebe.com\/it\/shop\/prodotto\/barylestis-variatus\/#breadcrumb","itemListElement":[{"@type":"ListItem","position":1,"name":"Startseite","item":"https:\/\/insektenliebe.com\/it\/"},{"@type":"ListItem","position":2,"name":"Negozio","item":"https:\/\/insektenliebe.com\/it\/negozio\/"},{"@type":"ListItem","position":3,"name":"Barylestis variatus"}]},{"@type":"WebSite","@id":"https:\/\/insektenliebe.com\/it\/#website","url":"https:\/\/insektenliebe.com\/it\/","name":"Insektenliebe","description":"Dein Zuhause f\u00fcr die kleinen Lebewesen","publisher":{"@id":"https:\/\/insektenliebe.com\/it\/#organization"},"potentialAction":[{"@type":"SearchAction","target":{"@type":"EntryPoint","urlTemplate":"https:\/\/insektenliebe.com\/it\/?s={search_term_string}"},"query-input":{"@type":"PropertyValueSpecification","valueRequired":true,"valueName":"search_term_string"}}],"inLanguage":"it-IT"},{"@type":"Organization","@id":"https:\/\/insektenliebe.com\/it\/#organization","name":"Insektenliebe","url":"https:\/\/insektenliebe.com\/it\/","logo":{"@type":"ImageObject","inLanguage":"it-IT","@id":"https:\/\/insektenliebe.com\/it\/#\/schema\/logo\/image\/","url":"https:\/\/insektenliebe.com\/wp-content\/uploads\/2025\/03\/logo-white.png","contentUrl":"https:\/\/insektenliebe.com\/wp-content\/uploads\/2025\/03\/logo-white.png","width":288,"height":188,"caption":"Insektenliebe"},"image":{"@id":"https:\/\/insektenliebe.com\/it\/#\/schema\/logo\/image\/"}}]}},"_links":{"self":[{"href":"https:\/\/insektenliebe.com\/it\/wp-json\/wp\/v2\/product\/189924","targetHints":{"allow":["GET"]}}],"collection":[{"href":"https:\/\/insektenliebe.com\/it\/wp-json\/wp\/v2\/product"}],"about":[{"href":"https:\/\/insektenliebe.com\/it\/wp-json\/wp\/v2\/types\/product"}],"wp:featuredmedia":[{"embeddable":true,"href":"https:\/\/insektenliebe.com\/it\/wp-json\/wp\/v2\/media\/189928"}],"wp:attachment":[{"href":"https:\/\/insektenliebe.com\/it\/wp-json\/wp\/v2\/media?parent=189924"}],"wp:term":[{"taxonomy":"product-supplier","embeddable":true,"href":"https:\/\/insektenliebe.com\/it\/wp-json\/wp\/v2\/product-supplier?post=189924"},{"taxonomy":"product_brand","embeddable":true,"href":"https:\/\/insektenliebe.com\/it\/wp-json\/wp\/v2\/product_brand?post=189924"},{"taxonomy":"product_cat","embeddable":true,"href":"https:\/\/insektenliebe.com\/it\/wp-json\/wp\/v2\/product_cat?post=189924"},{"taxonomy":"product_tag","embeddable":true,"href":"https:\/\/insektenliebe.com\/it\/wp-json\/wp\/v2\/product_tag?post=189924"},{"taxonomy":"lce-checkout-addons","embeddable":true,"href":"https:\/\/insektenliebe.com\/it\/wp-json\/wp\/v2\/lce-checkout-addons?post=189924"}],"curies":[{"name":"wp","href":"https:\/\/api.w.org\/{rel}","templated":true}]}}