{"id":189905,"date":"2022-10-13T03:20:59","date_gmt":"2022-10-13T01:20:59","guid":{"rendered":"https:\/\/insektenliebe.com\/shop\/produkt\/haplopelma-spec-bach-ma\/"},"modified":"2026-03-06T18:36:45","modified_gmt":"2026-03-06T17:36:45","slug":"haplopelma-spec-bach-ma","status":"publish","type":"product","link":"https:\/\/insektenliebe.com\/it\/shop\/prodotto\/haplopelma-spec-bach-ma\/","title":{"rendered":"Haplopelma spec. \"Bach Ma\""},"content":{"rendered":"<h3>Luce<\/h3>\n<h3>Vietnam<\/h3>\n<h3>6 CM<\/h3>\n<h3>21-24 \u00b0C<\/h3>\n<h3><span style=\"color: #99cc33;\">Breve descrizione Haplopelma spec. \"Bach Ma\": <\/span><\/h3>\n<p>L&#8217;area di distribuzione dell&#8217;<strong><span class=\"hiddenSpellError\">Haplopelma<\/span> <span class=\"hiddenSpellError\">spec<\/span>. <span class=\"hiddenGrammarError\">\"<\/span>Bach <span class=\"hiddenSpellError\">Ma<\/span><span class=\"hiddenGrammarError\">\"<\/span><\/strong> si trova a poco pi\u00f9 di quaranta chilometri da <span class=\"hiddenSpellError\">Hue<\/span> e copre 22.000 ettari. Il parco di Bach <span class=\"hiddenSpellError\">Ma<\/span> contiene diverse zone di vegetazione, che vanno dalle semplici pianure costiere alle alte cime delle montagne. Questa specie vive a circa 18 chilometri dal mare, a un&#8217;altitudine di 1400 metri. La temperatura non dovrebbe essere permanentemente superiore ai 28 \u00b0C, poich\u00e9 non corrisponde alla loro condizione climatica naturale.   <\/p>\n<p><strong>Haplopelma spec. \"Bach Ma\" <\/strong>  vive in natura sotto pezzi di corteccia o in tane. In questo modo, intreccia il suo spazio vitale e lo stabilizza. L&#8217;umidit\u00e0 del substrato non deve essere eccessiva. \u00c8 meglio offrire due diverse zone di umidit\u00e0 e posizionare un pezzo di corteccia su di esse. In questo modo potr\u00e0 scegliere il luogo pi\u00f9 adatto. \u00c8 sufficiente spruzzare due o tre volte alla settimana. Un cubo di 30 \u00d7 30 \u00d7 30 cm \u00e8 un <span class=\"hiddenSpellError\">terrario di dimensioni<\/span> adeguate per un animale adulto.      <\/p>\n<p>Gli animali amano assumere una posizione di attacco e allungarsi verso l&#8217;alto. Tuttavia, rimangono relativamente calmi e non scappano. Questo li rende relativamente facili da gestire.<br \/>\n<strong><span class=\"hiddenSpellError\">Haplopelma<\/span> <span class=\"hiddenSpellError\">spec<\/span>. <span class=\"hiddenGrammarError\">\"<\/span>Bach <span class=\"hiddenSpellError\">Ma<\/span><\/strong><span class=\"hiddenGrammarError\"><strong>\"<\/strong> non \u00e8 molto impegnativa da tenere ed \u00e8 adatta anche ai principianti, poich\u00e9 questa specie perdona uno o due errori di allevamento. <\/span> <\/p>\n<h3><span style=\"color: #99cc33;\"><strong>Prodotti per Haplopelma spec. \"Bach Ma\"! <\/strong><\/span><\/h3>\n<p><img decoding=\"async\" src=\"https:\/\/insektenliebe.com\/wp-content\/uploads\/2022\/10\/Ornithoctoninae-spec.-22Bachma22-Nahaufnahme.jpg\" alt=\"Haplopelma spec. \"Bach Ma\"\"><\/p>\n","protected":false},"excerpt":{"rendered":"<p>Luce Vietnam 6 CM 21-24 \u00b0C Breve descrizione Haplopelma spec. \"Bach Ma\": L&#8217;area di distribuzione dell&#8217;Haplopelma spec. \"Bach Ma\" si trova a poco pi\u00f9 di quaranta chilometri da Hue e copre 22.000 ettari. Il parco di Bach Ma contiene diverse zone di vegetazione, che vanno dalle semplici pianure costiere alle alte cime delle montagne. Questa [&hellip;]<\/p>\n","protected":false},"featured_media":189919,"template":"","meta":{"_acf_changed":false},"product-supplier":[],"product_brand":[],"product_cat":[2809,3004],"product_tag":[],"lce-checkout-addons":[2746],"class_list":{"0":"post-189905","1":"product","2":"type-product","3":"status-publish","4":"has-post-thumbnail","6":"product_cat-ragni","7":"product_cat-tarantole","8":"product_shipping_class-spedizione-di-animali","9":"lce-checkout-addons-imballaggio-invernale","11":"first","12":"outofstock","13":"taxable","14":"shipping-taxable","15":"product-type-variable"},"acf":[],"yoast_head":"<!-- This site is optimized with the Yoast SEO Premium plugin v26.8 (Yoast SEO v27.3) - https:\/\/yoast.com\/product\/yoast-seo-premium-wordpress\/ -->\n<title>Haplopelma spec. &quot;Bach Ma&quot; - Insektenliebe<\/title>\n<meta name=\"description\" content=\"Acquista a buon mercato Haplopelma spec. &quot;Bach Ma&quot; direttamente online! Una rarit\u00e0 adatta anche ai principianti!\" \/>\n<meta name=\"robots\" content=\"index, follow, max-snippet:-1, max-image-preview:large, max-video-preview:-1\" \/>\n<link rel=\"canonical\" href=\"https:\/\/insektenliebe.com\/it\/shop\/prodotto\/haplopelma-spec-bach-ma\/\" \/>\n<meta property=\"og:locale\" content=\"it_IT\" \/>\n<meta property=\"og:type\" content=\"article\" \/>\n<meta property=\"og:title\" content=\"Haplopelma spec. &quot;Bach Ma&quot;\" \/>\n<meta property=\"og:description\" content=\"Acquista a buon mercato Haplopelma spec. &quot;Bach Ma&quot; direttamente online! Una rarit\u00e0 adatta anche ai principianti!\" \/>\n<meta property=\"og:url\" content=\"https:\/\/insektenliebe.com\/it\/shop\/prodotto\/haplopelma-spec-bach-ma\/\" \/>\n<meta property=\"og:site_name\" content=\"Insektenliebe\" \/>\n<meta property=\"article:modified_time\" content=\"2026-03-06T17:36:45+00:00\" \/>\n<meta property=\"og:image\" content=\"https:\/\/insektenliebe.com\/wp-content\/uploads\/2025\/05\/Ornithoctoninae-spec.-22Bachma22-scaled-3.jpg\" \/>\n\t<meta property=\"og:image:width\" content=\"2560\" \/>\n\t<meta property=\"og:image:height\" content=\"2560\" \/>\n\t<meta property=\"og:image:type\" content=\"image\/jpeg\" \/>\n<meta name=\"twitter:card\" content=\"summary_large_image\" \/>\n<meta name=\"twitter:label1\" content=\"Disponibilit\u00e0\" \/>\n\t<meta name=\"twitter:data1\" content=\"Esaurito\" \/>\n<script type=\"application\/ld+json\" class=\"yoast-schema-graph\">{\"@context\":\"https:\\\/\\\/schema.org\",\"@graph\":[{\"@type\":\"WebPage\",\"@id\":\"https:\\\/\\\/insektenliebe.com\\\/it\\\/shop\\\/prodotto\\\/haplopelma-spec-bach-ma\\\/\",\"url\":\"https:\\\/\\\/insektenliebe.com\\\/it\\\/shop\\\/prodotto\\\/haplopelma-spec-bach-ma\\\/\",\"name\":\"Haplopelma spec. \\\"Bach Ma\\\" - Insektenliebe\",\"isPartOf\":{\"@id\":\"https:\\\/\\\/insektenliebe.com\\\/it\\\/#website\"},\"primaryImageOfPage\":{\"@id\":\"https:\\\/\\\/insektenliebe.com\\\/it\\\/shop\\\/prodotto\\\/haplopelma-spec-bach-ma\\\/#primaryimage\"},\"image\":{\"@id\":\"https:\\\/\\\/insektenliebe.com\\\/it\\\/shop\\\/prodotto\\\/haplopelma-spec-bach-ma\\\/#primaryimage\"},\"thumbnailUrl\":\"https:\\\/\\\/insektenliebe.com\\\/wp-content\\\/uploads\\\/2025\\\/05\\\/Ornithoctoninae-spec.-22Bachma22-scaled-3.jpg\",\"datePublished\":\"2022-10-13T01:20:59+00:00\",\"dateModified\":\"2026-03-06T17:36:45+00:00\",\"description\":\"Acquista a buon mercato Haplopelma spec. \\\"Bach Ma\\\" direttamente online! Una rarit\u00e0 adatta anche ai principianti!\",\"breadcrumb\":{\"@id\":\"https:\\\/\\\/insektenliebe.com\\\/it\\\/shop\\\/prodotto\\\/haplopelma-spec-bach-ma\\\/#breadcrumb\"},\"inLanguage\":\"it-IT\",\"potentialAction\":[{\"@type\":\"ReadAction\",\"target\":[\"https:\\\/\\\/insektenliebe.com\\\/it\\\/shop\\\/prodotto\\\/haplopelma-spec-bach-ma\\\/\"]}]},{\"@type\":\"ImageObject\",\"inLanguage\":\"it-IT\",\"@id\":\"https:\\\/\\\/insektenliebe.com\\\/it\\\/shop\\\/prodotto\\\/haplopelma-spec-bach-ma\\\/#primaryimage\",\"url\":\"https:\\\/\\\/insektenliebe.com\\\/wp-content\\\/uploads\\\/2025\\\/05\\\/Ornithoctoninae-spec.-22Bachma22-scaled-3.jpg\",\"contentUrl\":\"https:\\\/\\\/insektenliebe.com\\\/wp-content\\\/uploads\\\/2025\\\/05\\\/Ornithoctoninae-spec.-22Bachma22-scaled-3.jpg\",\"width\":2560,\"height\":2560,\"caption\":\"Ornithoctoninae-spec.-22Bachma22-scalata-3.jpg\"},{\"@type\":\"BreadcrumbList\",\"@id\":\"https:\\\/\\\/insektenliebe.com\\\/it\\\/shop\\\/prodotto\\\/haplopelma-spec-bach-ma\\\/#breadcrumb\",\"itemListElement\":[{\"@type\":\"ListItem\",\"position\":1,\"name\":\"Startseite\",\"item\":\"https:\\\/\\\/insektenliebe.com\\\/it\\\/\"},{\"@type\":\"ListItem\",\"position\":2,\"name\":\"Negozio\",\"item\":\"https:\\\/\\\/insektenliebe.com\\\/it\\\/negozio\\\/\"},{\"@type\":\"ListItem\",\"position\":3,\"name\":\"Haplopelma spec. \\\"Bach Ma\\\"\"}]},{\"@type\":\"WebSite\",\"@id\":\"https:\\\/\\\/insektenliebe.com\\\/it\\\/#website\",\"url\":\"https:\\\/\\\/insektenliebe.com\\\/it\\\/\",\"name\":\"Insektenliebe\",\"description\":\"Dein Zuhause f\u00fcr die kleinen Lebewesen\",\"publisher\":{\"@id\":\"https:\\\/\\\/insektenliebe.com\\\/it\\\/#organization\"},\"potentialAction\":[{\"@type\":\"SearchAction\",\"target\":{\"@type\":\"EntryPoint\",\"urlTemplate\":\"https:\\\/\\\/insektenliebe.com\\\/it\\\/?s={search_term_string}\"},\"query-input\":{\"@type\":\"PropertyValueSpecification\",\"valueRequired\":true,\"valueName\":\"search_term_string\"}}],\"inLanguage\":\"it-IT\"},{\"@type\":\"Organization\",\"@id\":\"https:\\\/\\\/insektenliebe.com\\\/it\\\/#organization\",\"name\":\"Insektenliebe\",\"url\":\"https:\\\/\\\/insektenliebe.com\\\/it\\\/\",\"logo\":{\"@type\":\"ImageObject\",\"inLanguage\":\"it-IT\",\"@id\":\"https:\\\/\\\/insektenliebe.com\\\/it\\\/#\\\/schema\\\/logo\\\/image\\\/\",\"url\":\"https:\\\/\\\/insektenliebe.com\\\/wp-content\\\/uploads\\\/2025\\\/03\\\/logo-white.png\",\"contentUrl\":\"https:\\\/\\\/insektenliebe.com\\\/wp-content\\\/uploads\\\/2025\\\/03\\\/logo-white.png\",\"width\":288,\"height\":188,\"caption\":\"Insektenliebe\"},\"image\":{\"@id\":\"https:\\\/\\\/insektenliebe.com\\\/it\\\/#\\\/schema\\\/logo\\\/image\\\/\"}}]}<\/script>\n<meta property=\"og:availability\" content=\"out of stock\" \/>\n<meta property=\"product:availability\" content=\"out of stock\" \/>\n<meta property=\"product:retailer_item_id\" content=\"423\" \/>\n<meta property=\"product:condition\" content=\"new\" \/>\n<!-- \/ Yoast SEO Premium plugin. -->","yoast_head_json":{"title":"Haplopelma spec. \"Bach Ma\" - Insektenliebe","description":"Acquista a buon mercato Haplopelma spec. \"Bach Ma\" direttamente online! Una rarit\u00e0 adatta anche ai principianti!","robots":{"index":"index","follow":"follow","max-snippet":"max-snippet:-1","max-image-preview":"max-image-preview:large","max-video-preview":"max-video-preview:-1"},"canonical":"https:\/\/insektenliebe.com\/it\/shop\/prodotto\/haplopelma-spec-bach-ma\/","og_locale":"it_IT","og_type":"article","og_title":"Haplopelma spec. \"Bach Ma\"","og_description":"Acquista a buon mercato Haplopelma spec. \"Bach Ma\" direttamente online! Una rarit\u00e0 adatta anche ai principianti!","og_url":"https:\/\/insektenliebe.com\/it\/shop\/prodotto\/haplopelma-spec-bach-ma\/","og_site_name":"Insektenliebe","article_modified_time":"2026-03-06T17:36:45+00:00","og_image":[{"width":2560,"height":2560,"url":"https:\/\/insektenliebe.com\/wp-content\/uploads\/2025\/05\/Ornithoctoninae-spec.-22Bachma22-scaled-3.jpg","type":"image\/jpeg"}],"twitter_card":"summary_large_image","twitter_misc":{"Disponibilit\u00e0":"Esaurito"},"schema":{"@context":"https:\/\/schema.org","@graph":[{"@type":"WebPage","@id":"https:\/\/insektenliebe.com\/it\/shop\/prodotto\/haplopelma-spec-bach-ma\/","url":"https:\/\/insektenliebe.com\/it\/shop\/prodotto\/haplopelma-spec-bach-ma\/","name":"Haplopelma spec. \"Bach Ma\" - Insektenliebe","isPartOf":{"@id":"https:\/\/insektenliebe.com\/it\/#website"},"primaryImageOfPage":{"@id":"https:\/\/insektenliebe.com\/it\/shop\/prodotto\/haplopelma-spec-bach-ma\/#primaryimage"},"image":{"@id":"https:\/\/insektenliebe.com\/it\/shop\/prodotto\/haplopelma-spec-bach-ma\/#primaryimage"},"thumbnailUrl":"https:\/\/insektenliebe.com\/wp-content\/uploads\/2025\/05\/Ornithoctoninae-spec.-22Bachma22-scaled-3.jpg","datePublished":"2022-10-13T01:20:59+00:00","dateModified":"2026-03-06T17:36:45+00:00","description":"Acquista a buon mercato Haplopelma spec. \"Bach Ma\" direttamente online! Una rarit\u00e0 adatta anche ai principianti!","breadcrumb":{"@id":"https:\/\/insektenliebe.com\/it\/shop\/prodotto\/haplopelma-spec-bach-ma\/#breadcrumb"},"inLanguage":"it-IT","potentialAction":[{"@type":"ReadAction","target":["https:\/\/insektenliebe.com\/it\/shop\/prodotto\/haplopelma-spec-bach-ma\/"]}]},{"@type":"ImageObject","inLanguage":"it-IT","@id":"https:\/\/insektenliebe.com\/it\/shop\/prodotto\/haplopelma-spec-bach-ma\/#primaryimage","url":"https:\/\/insektenliebe.com\/wp-content\/uploads\/2025\/05\/Ornithoctoninae-spec.-22Bachma22-scaled-3.jpg","contentUrl":"https:\/\/insektenliebe.com\/wp-content\/uploads\/2025\/05\/Ornithoctoninae-spec.-22Bachma22-scaled-3.jpg","width":2560,"height":2560,"caption":"Ornithoctoninae-spec.-22Bachma22-scalata-3.jpg"},{"@type":"BreadcrumbList","@id":"https:\/\/insektenliebe.com\/it\/shop\/prodotto\/haplopelma-spec-bach-ma\/#breadcrumb","itemListElement":[{"@type":"ListItem","position":1,"name":"Startseite","item":"https:\/\/insektenliebe.com\/it\/"},{"@type":"ListItem","position":2,"name":"Negozio","item":"https:\/\/insektenliebe.com\/it\/negozio\/"},{"@type":"ListItem","position":3,"name":"Haplopelma spec. \"Bach Ma\""}]},{"@type":"WebSite","@id":"https:\/\/insektenliebe.com\/it\/#website","url":"https:\/\/insektenliebe.com\/it\/","name":"Insektenliebe","description":"Dein Zuhause f\u00fcr die kleinen Lebewesen","publisher":{"@id":"https:\/\/insektenliebe.com\/it\/#organization"},"potentialAction":[{"@type":"SearchAction","target":{"@type":"EntryPoint","urlTemplate":"https:\/\/insektenliebe.com\/it\/?s={search_term_string}"},"query-input":{"@type":"PropertyValueSpecification","valueRequired":true,"valueName":"search_term_string"}}],"inLanguage":"it-IT"},{"@type":"Organization","@id":"https:\/\/insektenliebe.com\/it\/#organization","name":"Insektenliebe","url":"https:\/\/insektenliebe.com\/it\/","logo":{"@type":"ImageObject","inLanguage":"it-IT","@id":"https:\/\/insektenliebe.com\/it\/#\/schema\/logo\/image\/","url":"https:\/\/insektenliebe.com\/wp-content\/uploads\/2025\/03\/logo-white.png","contentUrl":"https:\/\/insektenliebe.com\/wp-content\/uploads\/2025\/03\/logo-white.png","width":288,"height":188,"caption":"Insektenliebe"},"image":{"@id":"https:\/\/insektenliebe.com\/it\/#\/schema\/logo\/image\/"}}]},"og_availability":"out of stock","product_availability":"out of stock","product_retailer_item_id":"423","product_condition":"new"},"_links":{"self":[{"href":"https:\/\/insektenliebe.com\/it\/wp-json\/wp\/v2\/product\/189905","targetHints":{"allow":["GET"]}}],"collection":[{"href":"https:\/\/insektenliebe.com\/it\/wp-json\/wp\/v2\/product"}],"about":[{"href":"https:\/\/insektenliebe.com\/it\/wp-json\/wp\/v2\/types\/product"}],"wp:featuredmedia":[{"embeddable":true,"href":"https:\/\/insektenliebe.com\/it\/wp-json\/wp\/v2\/media\/189919"}],"wp:attachment":[{"href":"https:\/\/insektenliebe.com\/it\/wp-json\/wp\/v2\/media?parent=189905"}],"wp:term":[{"taxonomy":"product-supplier","embeddable":true,"href":"https:\/\/insektenliebe.com\/it\/wp-json\/wp\/v2\/product-supplier?post=189905"},{"taxonomy":"product_brand","embeddable":true,"href":"https:\/\/insektenliebe.com\/it\/wp-json\/wp\/v2\/product_brand?post=189905"},{"taxonomy":"product_cat","embeddable":true,"href":"https:\/\/insektenliebe.com\/it\/wp-json\/wp\/v2\/product_cat?post=189905"},{"taxonomy":"product_tag","embeddable":true,"href":"https:\/\/insektenliebe.com\/it\/wp-json\/wp\/v2\/product_tag?post=189905"},{"taxonomy":"lce-checkout-addons","embeddable":true,"href":"https:\/\/insektenliebe.com\/it\/wp-json\/wp\/v2\/lce-checkout-addons?post=189905"}],"curies":[{"name":"wp","href":"https:\/\/api.w.org\/{rel}","templated":true}]}}