{"id":189904,"date":"2022-07-28T07:10:51","date_gmt":"2022-07-28T05:10:51","guid":{"rendered":"https:\/\/insektenliebe.com\/shop\/produkt\/controllo-umidita-hobby-ii\/"},"modified":"2026-03-03T20:11:16","modified_gmt":"2026-03-03T19:11:16","slug":"controllo-umidita-hobby-ii","status":"publish","type":"product","link":"https:\/\/insektenliebe.com\/it\/shop\/prodotto\/controllo-umidita-hobby-ii\/","title":{"rendered":"Controllo umidit\u00e0 Hobby II"},"content":{"rendered":"<h3><span class=\"s1\" style=\"color: #99cc33;\">Hobby Humidity Control II - Controllo preciso dell&#8217;umidit\u00e0<\/span><\/h3>\n<p class=\"p1\"><span class=\"s1\">Il <\/span><strong><span class=\"s2\">Hobby Controllo Umidit\u00e0 II<\/span><\/strong><span class=\"s1\">  \u00e8 un moderno e affidabile regolatore di umidit\u00e0 digitale per i terrari pi\u00f9 esigenti. Soprattutto negli allestimenti tropicali o ad alta intensit\u00e0 di umidit\u00e0, l&#8217;umidit\u00e0 costante gioca un ruolo decisivo. Con questo preciso dispositivo di misurazione e controllo, puoi controllare l&#8217;umidit\u00e0 in modo preciso e stabile.  <\/span><\/p>\n<p class=\"p1\"><span class=\"s1\">Il sistema misura continuamente l&#8217;umidit\u00e0 corrente e permette di controllarla con incrementi dell&#8217;1%. Questo ti permette di regolare i valori in base alle esigenze dei tuoi animali o delle tue piante. Il controllo separato di umidificazione e deumidificazione \u00e8 particolarmente pratico. Ad esempio, puoi controllare un irrigatore e un ventilatore di scarico indipendentemente l&#8217;uno dall&#8217;altro.   <\/span><\/p>\n<p class=\"p1\"><span class=\"s1\">Il pannello di controllo in dotazione ha due slot. Puoi collegare un umidificatore come Hobby Tropic Rain o Hobby Hygro System e anche far funzionare un deumidificatore o una ventola. Due rel\u00e8 integrati ad alte prestazioni garantiscono una commutazione precisa e affidabile.  <\/span><\/p>\n<p class=\"p1\"><span class=\"s1\">Grazie al chip intelligente integrato, il Controllo Umidit\u00e0 II \u00e8 particolarmente stabile. Evita forti fluttuazioni e mantiene costanti i valori impostati. Il display illuminato mostra chiaramente i valori impostati e quelli effettivi in ogni momento. Inoltre, un indicatore di attivit\u00e0 a LED ti informa sullo stato di funzionamento attuale.   <\/span><\/p>\n<p class=\"p1\"><span class=\"s1\">Per la massima sicurezza, puoi impostare un allarme visivo e sonoro. Questo ti avvisa immediatamente se l&#8217;umidit\u00e0 non rientra nell&#8217;intervallo desiderato. <\/span><\/p>\n<p class=\"p1\"><span class=\"s1\">L&#8217;installazione \u00e8 rapida e semplice. Il sensore di umidit\u00e0 \u00e8 dotato di un connettore Quick Connect. Questo ti permette di collegarlo semplicemente e di posizionarlo in modo flessibile nel terrario.  <\/span><\/p>\n<p class=\"p1\"><span class=\"s1\">L&#8217;<strong>Hobby Humidity Control II<\/strong> non \u00e8 adatto solo ai terrari, ma anche ai paludari, alle serre o alle voliere. Offre risultati precisi ovunque sia necessario un controllo costante dell&#8217;umidit\u00e0. <\/span><\/p>\n<p class=\"p1\"><span class=\"s1\">Con il <\/span><strong><span class=\"s2\">Hobby Humidity Control II<\/span><\/strong><span class=\"s1\"> avrai una soluzione potente e facile da usare per un controllo climatico stabile e affidabile.<\/span><\/p>\n","protected":false},"excerpt":{"rendered":"<p>Hobby Humidity Control II - Controllo preciso dell&#8217;umidit\u00e0 Il Hobby Controllo Umidit\u00e0 II \u00e8 un moderno e affidabile regolatore di umidit\u00e0 digitale per i terrari pi\u00f9 esigenti. Soprattutto negli allestimenti tropicali o ad alta intensit\u00e0 di umidit\u00e0, l&#8217;umidit\u00e0 costante gioca un ruolo decisivo. Con questo preciso dispositivo di misurazione e controllo, puoi controllare l&#8217;umidit\u00e0 in [&hellip;]<\/p>\n","protected":false},"featured_media":189906,"template":"","meta":{"_acf_changed":false},"product-supplier":[2555],"product_brand":[2739],"product_cat":[2741],"product_tag":[],"lce-checkout-addons":[],"class_list":{"0":"post-189904","1":"product","2":"type-product","3":"status-publish","4":"has-post-thumbnail","6":"product_brand-hobby-terraristica","7":"product_cat-illuminazione-e-clima","8":"product_shipping_class-equipment-shipping","10":"first","11":"instock","12":"sale","13":"taxable","14":"shipping-taxable","15":"purchasable","16":"product-type-simple"},"acf":[],"yoast_head":"<!-- This site is optimized with the Yoast SEO plugin v27.3 - https:\/\/yoast.com\/product\/yoast-seo-wordpress\/ -->\n<title>Controllo umidit\u00e0 Hobby II - Insektenliebe<\/title>\n<meta name=\"description\" content=\"Acquista a basso costo Hobby Humidity Control II direttamente online. Controllo digitale affidabile per un controllo costante dell&#039;umidit\u00e0!\" \/>\n<meta name=\"robots\" content=\"index, follow, max-snippet:-1, max-image-preview:large, max-video-preview:-1\" \/>\n<link rel=\"canonical\" href=\"https:\/\/insektenliebe.com\/it\/shop\/prodotto\/controllo-umidita-hobby-ii\/\" \/>\n<meta property=\"og:locale\" content=\"it_IT\" \/>\n<meta property=\"og:type\" content=\"article\" \/>\n<meta property=\"og:title\" content=\"Controllo umidit\u00e0 Hobby II - Insektenliebe\" \/>\n<meta property=\"og:description\" content=\"Acquista a basso costo Hobby Humidity Control II direttamente online. Controllo digitale affidabile per un controllo costante dell&#039;umidit\u00e0!\" \/>\n<meta property=\"og:url\" content=\"https:\/\/insektenliebe.com\/it\/shop\/prodotto\/controllo-umidita-hobby-ii\/\" \/>\n<meta property=\"og:site_name\" content=\"Insektenliebe\" \/>\n<meta property=\"article:modified_time\" content=\"2026-03-03T19:11:16+00:00\" \/>\n<meta property=\"og:image\" content=\"https:\/\/insektenliebe.com\/wp-content\/uploads\/2025\/05\/Hobby-Humidity-Control-II-2.jpg\" \/>\n\t<meta property=\"og:image:width\" content=\"820\" \/>\n\t<meta property=\"og:image:height\" content=\"820\" \/>\n\t<meta property=\"og:image:type\" content=\"image\/jpeg\" \/>\n<meta name=\"twitter:card\" content=\"summary_large_image\" \/>\n<meta name=\"twitter:label1\" content=\"Tempo di lettura stimato\" \/>\n\t<meta name=\"twitter:data1\" content=\"2 minuto\" \/>\n<script type=\"application\/ld+json\" class=\"yoast-schema-graph\">{\"@context\":\"https:\\\/\\\/schema.org\",\"@graph\":[{\"@type\":\"WebPage\",\"@id\":\"https:\\\/\\\/insektenliebe.com\\\/it\\\/shop\\\/prodotto\\\/controllo-umidita-hobby-ii\\\/\",\"url\":\"https:\\\/\\\/insektenliebe.com\\\/it\\\/shop\\\/prodotto\\\/controllo-umidita-hobby-ii\\\/\",\"name\":\"Controllo umidit\u00e0 Hobby II - Insektenliebe\",\"isPartOf\":{\"@id\":\"https:\\\/\\\/insektenliebe.com\\\/it\\\/#website\"},\"primaryImageOfPage\":{\"@id\":\"https:\\\/\\\/insektenliebe.com\\\/it\\\/shop\\\/prodotto\\\/controllo-umidita-hobby-ii\\\/#primaryimage\"},\"image\":{\"@id\":\"https:\\\/\\\/insektenliebe.com\\\/it\\\/shop\\\/prodotto\\\/controllo-umidita-hobby-ii\\\/#primaryimage\"},\"thumbnailUrl\":\"https:\\\/\\\/insektenliebe.com\\\/wp-content\\\/uploads\\\/2025\\\/05\\\/Hobby-Humidity-Control-II-2.jpg\",\"datePublished\":\"2022-07-28T05:10:51+00:00\",\"dateModified\":\"2026-03-03T19:11:16+00:00\",\"description\":\"Acquista a basso costo Hobby Humidity Control II direttamente online. Controllo digitale affidabile per un controllo costante dell'umidit\u00e0!\",\"breadcrumb\":{\"@id\":\"https:\\\/\\\/insektenliebe.com\\\/it\\\/shop\\\/prodotto\\\/controllo-umidita-hobby-ii\\\/#breadcrumb\"},\"inLanguage\":\"it-IT\",\"potentialAction\":[{\"@type\":\"ReadAction\",\"target\":[\"https:\\\/\\\/insektenliebe.com\\\/it\\\/shop\\\/prodotto\\\/controllo-umidita-hobby-ii\\\/\"]}]},{\"@type\":\"ImageObject\",\"inLanguage\":\"it-IT\",\"@id\":\"https:\\\/\\\/insektenliebe.com\\\/it\\\/shop\\\/prodotto\\\/controllo-umidita-hobby-ii\\\/#primaryimage\",\"url\":\"https:\\\/\\\/insektenliebe.com\\\/wp-content\\\/uploads\\\/2025\\\/05\\\/Hobby-Humidity-Control-II-2.jpg\",\"contentUrl\":\"https:\\\/\\\/insektenliebe.com\\\/wp-content\\\/uploads\\\/2025\\\/05\\\/Hobby-Humidity-Control-II-2.jpg\",\"width\":820,\"height\":820,\"caption\":\"Hobby-Humidity-Control-II-2.jpg\"},{\"@type\":\"BreadcrumbList\",\"@id\":\"https:\\\/\\\/insektenliebe.com\\\/it\\\/shop\\\/prodotto\\\/controllo-umidita-hobby-ii\\\/#breadcrumb\",\"itemListElement\":[{\"@type\":\"ListItem\",\"position\":1,\"name\":\"Startseite\",\"item\":\"https:\\\/\\\/insektenliebe.com\\\/it\\\/\"},{\"@type\":\"ListItem\",\"position\":2,\"name\":\"Negozio\",\"item\":\"https:\\\/\\\/insektenliebe.com\\\/it\\\/negozio\\\/\"},{\"@type\":\"ListItem\",\"position\":3,\"name\":\"Controllo umidit\u00e0 Hobby II\"}]},{\"@type\":\"WebSite\",\"@id\":\"https:\\\/\\\/insektenliebe.com\\\/it\\\/#website\",\"url\":\"https:\\\/\\\/insektenliebe.com\\\/it\\\/\",\"name\":\"Insektenliebe\",\"description\":\"Dein Zuhause f\u00fcr die kleinen Lebewesen\",\"publisher\":{\"@id\":\"https:\\\/\\\/insektenliebe.com\\\/it\\\/#organization\"},\"potentialAction\":[{\"@type\":\"SearchAction\",\"target\":{\"@type\":\"EntryPoint\",\"urlTemplate\":\"https:\\\/\\\/insektenliebe.com\\\/it\\\/?s={search_term_string}\"},\"query-input\":{\"@type\":\"PropertyValueSpecification\",\"valueRequired\":true,\"valueName\":\"search_term_string\"}}],\"inLanguage\":\"it-IT\"},{\"@type\":\"Organization\",\"@id\":\"https:\\\/\\\/insektenliebe.com\\\/it\\\/#organization\",\"name\":\"Insektenliebe\",\"url\":\"https:\\\/\\\/insektenliebe.com\\\/it\\\/\",\"logo\":{\"@type\":\"ImageObject\",\"inLanguage\":\"it-IT\",\"@id\":\"https:\\\/\\\/insektenliebe.com\\\/it\\\/#\\\/schema\\\/logo\\\/image\\\/\",\"url\":\"https:\\\/\\\/insektenliebe.com\\\/wp-content\\\/uploads\\\/2025\\\/03\\\/logo-white.png\",\"contentUrl\":\"https:\\\/\\\/insektenliebe.com\\\/wp-content\\\/uploads\\\/2025\\\/03\\\/logo-white.png\",\"width\":288,\"height\":188,\"caption\":\"Insektenliebe\"},\"image\":{\"@id\":\"https:\\\/\\\/insektenliebe.com\\\/it\\\/#\\\/schema\\\/logo\\\/image\\\/\"}}]}<\/script>\n<!-- \/ Yoast SEO plugin. -->","yoast_head_json":{"title":"Controllo umidit\u00e0 Hobby II - Insektenliebe","description":"Acquista a basso costo Hobby Humidity Control II direttamente online. Controllo digitale affidabile per un controllo costante dell'umidit\u00e0!","robots":{"index":"index","follow":"follow","max-snippet":"max-snippet:-1","max-image-preview":"max-image-preview:large","max-video-preview":"max-video-preview:-1"},"canonical":"https:\/\/insektenliebe.com\/it\/shop\/prodotto\/controllo-umidita-hobby-ii\/","og_locale":"it_IT","og_type":"article","og_title":"Controllo umidit\u00e0 Hobby II - Insektenliebe","og_description":"Acquista a basso costo Hobby Humidity Control II direttamente online. Controllo digitale affidabile per un controllo costante dell'umidit\u00e0!","og_url":"https:\/\/insektenliebe.com\/it\/shop\/prodotto\/controllo-umidita-hobby-ii\/","og_site_name":"Insektenliebe","article_modified_time":"2026-03-03T19:11:16+00:00","og_image":[{"width":820,"height":820,"url":"https:\/\/insektenliebe.com\/wp-content\/uploads\/2025\/05\/Hobby-Humidity-Control-II-2.jpg","type":"image\/jpeg"}],"twitter_card":"summary_large_image","twitter_misc":{"Tempo di lettura stimato":"2 minuto"},"schema":{"@context":"https:\/\/schema.org","@graph":[{"@type":"WebPage","@id":"https:\/\/insektenliebe.com\/it\/shop\/prodotto\/controllo-umidita-hobby-ii\/","url":"https:\/\/insektenliebe.com\/it\/shop\/prodotto\/controllo-umidita-hobby-ii\/","name":"Controllo umidit\u00e0 Hobby II - Insektenliebe","isPartOf":{"@id":"https:\/\/insektenliebe.com\/it\/#website"},"primaryImageOfPage":{"@id":"https:\/\/insektenliebe.com\/it\/shop\/prodotto\/controllo-umidita-hobby-ii\/#primaryimage"},"image":{"@id":"https:\/\/insektenliebe.com\/it\/shop\/prodotto\/controllo-umidita-hobby-ii\/#primaryimage"},"thumbnailUrl":"https:\/\/insektenliebe.com\/wp-content\/uploads\/2025\/05\/Hobby-Humidity-Control-II-2.jpg","datePublished":"2022-07-28T05:10:51+00:00","dateModified":"2026-03-03T19:11:16+00:00","description":"Acquista a basso costo Hobby Humidity Control II direttamente online. Controllo digitale affidabile per un controllo costante dell'umidit\u00e0!","breadcrumb":{"@id":"https:\/\/insektenliebe.com\/it\/shop\/prodotto\/controllo-umidita-hobby-ii\/#breadcrumb"},"inLanguage":"it-IT","potentialAction":[{"@type":"ReadAction","target":["https:\/\/insektenliebe.com\/it\/shop\/prodotto\/controllo-umidita-hobby-ii\/"]}]},{"@type":"ImageObject","inLanguage":"it-IT","@id":"https:\/\/insektenliebe.com\/it\/shop\/prodotto\/controllo-umidita-hobby-ii\/#primaryimage","url":"https:\/\/insektenliebe.com\/wp-content\/uploads\/2025\/05\/Hobby-Humidity-Control-II-2.jpg","contentUrl":"https:\/\/insektenliebe.com\/wp-content\/uploads\/2025\/05\/Hobby-Humidity-Control-II-2.jpg","width":820,"height":820,"caption":"Hobby-Humidity-Control-II-2.jpg"},{"@type":"BreadcrumbList","@id":"https:\/\/insektenliebe.com\/it\/shop\/prodotto\/controllo-umidita-hobby-ii\/#breadcrumb","itemListElement":[{"@type":"ListItem","position":1,"name":"Startseite","item":"https:\/\/insektenliebe.com\/it\/"},{"@type":"ListItem","position":2,"name":"Negozio","item":"https:\/\/insektenliebe.com\/it\/negozio\/"},{"@type":"ListItem","position":3,"name":"Controllo umidit\u00e0 Hobby II"}]},{"@type":"WebSite","@id":"https:\/\/insektenliebe.com\/it\/#website","url":"https:\/\/insektenliebe.com\/it\/","name":"Insektenliebe","description":"Dein Zuhause f\u00fcr die kleinen Lebewesen","publisher":{"@id":"https:\/\/insektenliebe.com\/it\/#organization"},"potentialAction":[{"@type":"SearchAction","target":{"@type":"EntryPoint","urlTemplate":"https:\/\/insektenliebe.com\/it\/?s={search_term_string}"},"query-input":{"@type":"PropertyValueSpecification","valueRequired":true,"valueName":"search_term_string"}}],"inLanguage":"it-IT"},{"@type":"Organization","@id":"https:\/\/insektenliebe.com\/it\/#organization","name":"Insektenliebe","url":"https:\/\/insektenliebe.com\/it\/","logo":{"@type":"ImageObject","inLanguage":"it-IT","@id":"https:\/\/insektenliebe.com\/it\/#\/schema\/logo\/image\/","url":"https:\/\/insektenliebe.com\/wp-content\/uploads\/2025\/03\/logo-white.png","contentUrl":"https:\/\/insektenliebe.com\/wp-content\/uploads\/2025\/03\/logo-white.png","width":288,"height":188,"caption":"Insektenliebe"},"image":{"@id":"https:\/\/insektenliebe.com\/it\/#\/schema\/logo\/image\/"}}]}},"_links":{"self":[{"href":"https:\/\/insektenliebe.com\/it\/wp-json\/wp\/v2\/product\/189904","targetHints":{"allow":["GET"]}}],"collection":[{"href":"https:\/\/insektenliebe.com\/it\/wp-json\/wp\/v2\/product"}],"about":[{"href":"https:\/\/insektenliebe.com\/it\/wp-json\/wp\/v2\/types\/product"}],"wp:featuredmedia":[{"embeddable":true,"href":"https:\/\/insektenliebe.com\/it\/wp-json\/wp\/v2\/media\/189906"}],"wp:attachment":[{"href":"https:\/\/insektenliebe.com\/it\/wp-json\/wp\/v2\/media?parent=189904"}],"wp:term":[{"taxonomy":"product-supplier","embeddable":true,"href":"https:\/\/insektenliebe.com\/it\/wp-json\/wp\/v2\/product-supplier?post=189904"},{"taxonomy":"product_brand","embeddable":true,"href":"https:\/\/insektenliebe.com\/it\/wp-json\/wp\/v2\/product_brand?post=189904"},{"taxonomy":"product_cat","embeddable":true,"href":"https:\/\/insektenliebe.com\/it\/wp-json\/wp\/v2\/product_cat?post=189904"},{"taxonomy":"product_tag","embeddable":true,"href":"https:\/\/insektenliebe.com\/it\/wp-json\/wp\/v2\/product_tag?post=189904"},{"taxonomy":"lce-checkout-addons","embeddable":true,"href":"https:\/\/insektenliebe.com\/it\/wp-json\/wp\/v2\/lce-checkout-addons?post=189904"}],"curies":[{"name":"wp","href":"https:\/\/api.w.org\/{rel}","templated":true}]}}