{"id":189894,"date":"2022-10-14T15:08:52","date_gmt":"2022-10-14T13:08:52","guid":{"rendered":"https:\/\/insektenliebe.com\/shop\/produkt\/ornithoctoninae-spec-argento-del-vietnam\/"},"modified":"2026-03-06T18:36:46","modified_gmt":"2026-03-06T17:36:46","slug":"ornithoctoninae-spec-argento-del-vietnam","status":"publish","type":"product","link":"https:\/\/insektenliebe.com\/it\/shop\/prodotto\/ornithoctoninae-spec-argento-del-vietnam\/","title":{"rendered":"Ornithoctoninae spec. \"Argento Vietnam\""},"content":{"rendered":"<h3>Media<\/h3>\n<h3>Vietnam<\/h3>\n<h3>6 CM<\/h3>\n<h3>24-28 \u00b0C<\/h3>\n<h3><span style=\"color: #99cc33;\">Breve descrizione Ornithoctoninae spec. \"Vietnam Silver\": <\/span><\/h3>\n<p><strong>Ornithoctoninae spec. \"Argento del Vietnam\" <\/strong>  \u00e8 una nuova tarantola molto speciale e unica nell&#8217;hobby. La colorazione di base argentata e scintillante rende l&#8217;animale un gioiello assoluto. Purtroppo le nostre foto non mostrano il colore in modo cos\u00ec spettacolare. I peli gialli sull&#8217;addome e sulle zampe forniscono un&#8217;ulteriore componente di colore. I maschi hanno una colorazione di base beige poco spettacolare con un motivo a strisce sull&#8217;addome. I giovani in offerta hanno una colorazione di base marrone con zampe rosse.     <\/p>\n<p><strong>Ornithoctoninae spec. \"Argento del Vietnam\" <\/strong>  vive in natura sotto pezzi di corteccia o in tane. In questo modo, intreccia il suo spazio vitale e lo stabilizza. L&#8217;umidit\u00e0 del substrato non deve essere eccessiva. \u00c8 meglio offrire due diverse zone di umidit\u00e0 e posizionare un pezzo di corteccia su di esse. In questo modo potr\u00e0 scegliere il luogo pi\u00f9 adatto. Spruzzare due o tre volte alla settimana \u00e8 sufficiente per ottenere un livello di umidit\u00e0 di circa l&#8217;80%. Un cubo di 30 \u00d7 30 \u00d7 30 cm \u00e8 un <span class=\"hiddenSpellError\">terrario di dimensioni<\/span> adeguate per un animale adulto.      <\/p>\n<h3><span style=\"color: #99cc33;\"><strong>Prodotti per Ornithoctoninae spec. \"Vietnam Silver\"! <\/strong><\/span><\/h3>\n<p><img decoding=\"async\" src=\"https:\/\/insektenliebe.com\/wp-content\/uploads\/2022\/10\/Ornithoctoninae-sp.-%E2%80%9EVietnam-Silver-Nahaufnahme-2.jpg\" alt=\"Ornithoctoninae sp. \"Vietnam Silver\" in primo piano\"><\/p>\n","protected":false},"excerpt":{"rendered":"<p>Media Vietnam 6 CM 24-28 \u00b0C Breve descrizione Ornithoctoninae spec. \"Vietnam Silver\": Ornithoctoninae spec. \"Argento del Vietnam\" \u00e8 una nuova tarantola molto speciale e unica nell&#8217;hobby. La colorazione di base argentata e scintillante rende l&#8217;animale un gioiello assoluto. Purtroppo le nostre foto non mostrano il colore in modo cos\u00ec spettacolare. I peli gialli sull&#8217;addome e [&hellip;]<\/p>\n","protected":false},"featured_media":189900,"template":"","meta":{"_acf_changed":false},"product-supplier":[],"product_brand":[],"product_cat":[2809,3004],"product_tag":[],"lce-checkout-addons":[2746],"class_list":{"0":"post-189894","1":"product","2":"type-product","3":"status-publish","4":"has-post-thumbnail","6":"product_cat-ragni","7":"product_cat-tarantole","8":"product_shipping_class-spedizione-di-animali","9":"lce-checkout-addons-imballaggio-invernale","11":"first","12":"outofstock","13":"taxable","14":"shipping-taxable","15":"product-type-variable"},"acf":[],"yoast_head":"<!-- This site is optimized with the Yoast SEO Premium plugin v26.8 (Yoast SEO v27.3) - https:\/\/yoast.com\/product\/yoast-seo-premium-wordpress\/ -->\n<title>Ornithoctoninae spec. &quot;Argento Vietnam&quot; - Insektenliebe<\/title>\n<meta name=\"description\" content=\"Acquista a buon mercato Ornithoctoninae spec. &quot;Vietnam Silver&quot; direttamente online! Una rarit\u00e0 d&#039;argento adatta anche ai principianti!\" \/>\n<meta name=\"robots\" content=\"index, follow, max-snippet:-1, max-image-preview:large, max-video-preview:-1\" \/>\n<link rel=\"canonical\" href=\"https:\/\/insektenliebe.com\/it\/shop\/prodotto\/ornithoctoninae-spec-argento-del-vietnam\/\" \/>\n<meta property=\"og:locale\" content=\"it_IT\" \/>\n<meta property=\"og:type\" content=\"article\" \/>\n<meta property=\"og:title\" content=\"Ornithoctoninae spec. &quot;Argento Vietnam&quot;\" \/>\n<meta property=\"og:description\" content=\"Acquista a buon mercato Ornithoctoninae spec. &quot;Vietnam Silver&quot; direttamente online! Una rarit\u00e0 d&#039;argento adatta anche ai principianti!\" \/>\n<meta property=\"og:url\" content=\"https:\/\/insektenliebe.com\/it\/shop\/prodotto\/ornithoctoninae-spec-argento-del-vietnam\/\" \/>\n<meta property=\"og:site_name\" content=\"Insektenliebe\" \/>\n<meta property=\"article:modified_time\" content=\"2026-03-06T17:36:46+00:00\" \/>\n<meta property=\"og:image\" content=\"https:\/\/insektenliebe.com\/wp-content\/uploads\/2025\/05\/Ornithoctoninae-spec.-\u201eVietnam-Silver-1-scaled-3.jpg\" \/>\n\t<meta property=\"og:image:width\" content=\"2560\" \/>\n\t<meta property=\"og:image:height\" content=\"2560\" \/>\n\t<meta property=\"og:image:type\" content=\"image\/jpeg\" \/>\n<meta name=\"twitter:card\" content=\"summary_large_image\" \/>\n<meta name=\"twitter:label1\" content=\"Disponibilit\u00e0\" \/>\n\t<meta name=\"twitter:data1\" content=\"Esaurito\" \/>\n<script type=\"application\/ld+json\" class=\"yoast-schema-graph\">{\"@context\":\"https:\\\/\\\/schema.org\",\"@graph\":[{\"@type\":\"WebPage\",\"@id\":\"https:\\\/\\\/insektenliebe.com\\\/it\\\/shop\\\/prodotto\\\/ornithoctoninae-spec-argento-del-vietnam\\\/\",\"url\":\"https:\\\/\\\/insektenliebe.com\\\/it\\\/shop\\\/prodotto\\\/ornithoctoninae-spec-argento-del-vietnam\\\/\",\"name\":\"Ornithoctoninae spec. \\\"Argento Vietnam\\\" - Insektenliebe\",\"isPartOf\":{\"@id\":\"https:\\\/\\\/insektenliebe.com\\\/it\\\/#website\"},\"primaryImageOfPage\":{\"@id\":\"https:\\\/\\\/insektenliebe.com\\\/it\\\/shop\\\/prodotto\\\/ornithoctoninae-spec-argento-del-vietnam\\\/#primaryimage\"},\"image\":{\"@id\":\"https:\\\/\\\/insektenliebe.com\\\/it\\\/shop\\\/prodotto\\\/ornithoctoninae-spec-argento-del-vietnam\\\/#primaryimage\"},\"thumbnailUrl\":\"https:\\\/\\\/insektenliebe.com\\\/wp-content\\\/uploads\\\/2025\\\/05\\\/Ornithoctoninae-spec.-\u201eVietnam-Silver-1-scaled-3.jpg\",\"datePublished\":\"2022-10-14T13:08:52+00:00\",\"dateModified\":\"2026-03-06T17:36:46+00:00\",\"description\":\"Acquista a buon mercato Ornithoctoninae spec. \\\"Vietnam Silver\\\" direttamente online! Una rarit\u00e0 d'argento adatta anche ai principianti!\",\"breadcrumb\":{\"@id\":\"https:\\\/\\\/insektenliebe.com\\\/it\\\/shop\\\/prodotto\\\/ornithoctoninae-spec-argento-del-vietnam\\\/#breadcrumb\"},\"inLanguage\":\"it-IT\",\"potentialAction\":[{\"@type\":\"ReadAction\",\"target\":[\"https:\\\/\\\/insektenliebe.com\\\/it\\\/shop\\\/prodotto\\\/ornithoctoninae-spec-argento-del-vietnam\\\/\"]}]},{\"@type\":\"ImageObject\",\"inLanguage\":\"it-IT\",\"@id\":\"https:\\\/\\\/insektenliebe.com\\\/it\\\/shop\\\/prodotto\\\/ornithoctoninae-spec-argento-del-vietnam\\\/#primaryimage\",\"url\":\"https:\\\/\\\/insektenliebe.com\\\/wp-content\\\/uploads\\\/2025\\\/05\\\/Ornithoctoninae-spec.-\u201eVietnam-Silver-1-scaled-3.jpg\",\"contentUrl\":\"https:\\\/\\\/insektenliebe.com\\\/wp-content\\\/uploads\\\/2025\\\/05\\\/Ornithoctoninae-spec.-\u201eVietnam-Silver-1-scaled-3.jpg\",\"width\":2560,\"height\":2560,\"caption\":\"Ornithoctoninae-spec.-\\\"Vietnam-Silver-1-scaled-3.jpg\"},{\"@type\":\"BreadcrumbList\",\"@id\":\"https:\\\/\\\/insektenliebe.com\\\/it\\\/shop\\\/prodotto\\\/ornithoctoninae-spec-argento-del-vietnam\\\/#breadcrumb\",\"itemListElement\":[{\"@type\":\"ListItem\",\"position\":1,\"name\":\"Startseite\",\"item\":\"https:\\\/\\\/insektenliebe.com\\\/it\\\/\"},{\"@type\":\"ListItem\",\"position\":2,\"name\":\"Negozio\",\"item\":\"https:\\\/\\\/insektenliebe.com\\\/it\\\/negozio\\\/\"},{\"@type\":\"ListItem\",\"position\":3,\"name\":\"Ornithoctoninae spec. \\\"Argento Vietnam\\\"\"}]},{\"@type\":\"WebSite\",\"@id\":\"https:\\\/\\\/insektenliebe.com\\\/it\\\/#website\",\"url\":\"https:\\\/\\\/insektenliebe.com\\\/it\\\/\",\"name\":\"Insektenliebe\",\"description\":\"Dein Zuhause f\u00fcr die kleinen Lebewesen\",\"publisher\":{\"@id\":\"https:\\\/\\\/insektenliebe.com\\\/it\\\/#organization\"},\"potentialAction\":[{\"@type\":\"SearchAction\",\"target\":{\"@type\":\"EntryPoint\",\"urlTemplate\":\"https:\\\/\\\/insektenliebe.com\\\/it\\\/?s={search_term_string}\"},\"query-input\":{\"@type\":\"PropertyValueSpecification\",\"valueRequired\":true,\"valueName\":\"search_term_string\"}}],\"inLanguage\":\"it-IT\"},{\"@type\":\"Organization\",\"@id\":\"https:\\\/\\\/insektenliebe.com\\\/it\\\/#organization\",\"name\":\"Insektenliebe\",\"url\":\"https:\\\/\\\/insektenliebe.com\\\/it\\\/\",\"logo\":{\"@type\":\"ImageObject\",\"inLanguage\":\"it-IT\",\"@id\":\"https:\\\/\\\/insektenliebe.com\\\/it\\\/#\\\/schema\\\/logo\\\/image\\\/\",\"url\":\"https:\\\/\\\/insektenliebe.com\\\/wp-content\\\/uploads\\\/2025\\\/03\\\/logo-white.png\",\"contentUrl\":\"https:\\\/\\\/insektenliebe.com\\\/wp-content\\\/uploads\\\/2025\\\/03\\\/logo-white.png\",\"width\":288,\"height\":188,\"caption\":\"Insektenliebe\"},\"image\":{\"@id\":\"https:\\\/\\\/insektenliebe.com\\\/it\\\/#\\\/schema\\\/logo\\\/image\\\/\"}}]}<\/script>\n<meta property=\"og:availability\" content=\"out of stock\" \/>\n<meta property=\"product:availability\" content=\"out of stock\" \/>\n<meta property=\"product:retailer_item_id\" content=\"425\" \/>\n<meta property=\"product:condition\" content=\"new\" \/>\n<!-- \/ Yoast SEO Premium plugin. -->","yoast_head_json":{"title":"Ornithoctoninae spec. \"Argento Vietnam\" - Insektenliebe","description":"Acquista a buon mercato Ornithoctoninae spec. \"Vietnam Silver\" direttamente online! Una rarit\u00e0 d'argento adatta anche ai principianti!","robots":{"index":"index","follow":"follow","max-snippet":"max-snippet:-1","max-image-preview":"max-image-preview:large","max-video-preview":"max-video-preview:-1"},"canonical":"https:\/\/insektenliebe.com\/it\/shop\/prodotto\/ornithoctoninae-spec-argento-del-vietnam\/","og_locale":"it_IT","og_type":"article","og_title":"Ornithoctoninae spec. \"Argento Vietnam\"","og_description":"Acquista a buon mercato Ornithoctoninae spec. \"Vietnam Silver\" direttamente online! Una rarit\u00e0 d'argento adatta anche ai principianti!","og_url":"https:\/\/insektenliebe.com\/it\/shop\/prodotto\/ornithoctoninae-spec-argento-del-vietnam\/","og_site_name":"Insektenliebe","article_modified_time":"2026-03-06T17:36:46+00:00","og_image":[{"width":2560,"height":2560,"url":"https:\/\/insektenliebe.com\/wp-content\/uploads\/2025\/05\/Ornithoctoninae-spec.-\u201eVietnam-Silver-1-scaled-3.jpg","type":"image\/jpeg"}],"twitter_card":"summary_large_image","twitter_misc":{"Disponibilit\u00e0":"Esaurito"},"schema":{"@context":"https:\/\/schema.org","@graph":[{"@type":"WebPage","@id":"https:\/\/insektenliebe.com\/it\/shop\/prodotto\/ornithoctoninae-spec-argento-del-vietnam\/","url":"https:\/\/insektenliebe.com\/it\/shop\/prodotto\/ornithoctoninae-spec-argento-del-vietnam\/","name":"Ornithoctoninae spec. \"Argento Vietnam\" - Insektenliebe","isPartOf":{"@id":"https:\/\/insektenliebe.com\/it\/#website"},"primaryImageOfPage":{"@id":"https:\/\/insektenliebe.com\/it\/shop\/prodotto\/ornithoctoninae-spec-argento-del-vietnam\/#primaryimage"},"image":{"@id":"https:\/\/insektenliebe.com\/it\/shop\/prodotto\/ornithoctoninae-spec-argento-del-vietnam\/#primaryimage"},"thumbnailUrl":"https:\/\/insektenliebe.com\/wp-content\/uploads\/2025\/05\/Ornithoctoninae-spec.-\u201eVietnam-Silver-1-scaled-3.jpg","datePublished":"2022-10-14T13:08:52+00:00","dateModified":"2026-03-06T17:36:46+00:00","description":"Acquista a buon mercato Ornithoctoninae spec. \"Vietnam Silver\" direttamente online! Una rarit\u00e0 d'argento adatta anche ai principianti!","breadcrumb":{"@id":"https:\/\/insektenliebe.com\/it\/shop\/prodotto\/ornithoctoninae-spec-argento-del-vietnam\/#breadcrumb"},"inLanguage":"it-IT","potentialAction":[{"@type":"ReadAction","target":["https:\/\/insektenliebe.com\/it\/shop\/prodotto\/ornithoctoninae-spec-argento-del-vietnam\/"]}]},{"@type":"ImageObject","inLanguage":"it-IT","@id":"https:\/\/insektenliebe.com\/it\/shop\/prodotto\/ornithoctoninae-spec-argento-del-vietnam\/#primaryimage","url":"https:\/\/insektenliebe.com\/wp-content\/uploads\/2025\/05\/Ornithoctoninae-spec.-\u201eVietnam-Silver-1-scaled-3.jpg","contentUrl":"https:\/\/insektenliebe.com\/wp-content\/uploads\/2025\/05\/Ornithoctoninae-spec.-\u201eVietnam-Silver-1-scaled-3.jpg","width":2560,"height":2560,"caption":"Ornithoctoninae-spec.-\"Vietnam-Silver-1-scaled-3.jpg"},{"@type":"BreadcrumbList","@id":"https:\/\/insektenliebe.com\/it\/shop\/prodotto\/ornithoctoninae-spec-argento-del-vietnam\/#breadcrumb","itemListElement":[{"@type":"ListItem","position":1,"name":"Startseite","item":"https:\/\/insektenliebe.com\/it\/"},{"@type":"ListItem","position":2,"name":"Negozio","item":"https:\/\/insektenliebe.com\/it\/negozio\/"},{"@type":"ListItem","position":3,"name":"Ornithoctoninae spec. \"Argento Vietnam\""}]},{"@type":"WebSite","@id":"https:\/\/insektenliebe.com\/it\/#website","url":"https:\/\/insektenliebe.com\/it\/","name":"Insektenliebe","description":"Dein Zuhause f\u00fcr die kleinen Lebewesen","publisher":{"@id":"https:\/\/insektenliebe.com\/it\/#organization"},"potentialAction":[{"@type":"SearchAction","target":{"@type":"EntryPoint","urlTemplate":"https:\/\/insektenliebe.com\/it\/?s={search_term_string}"},"query-input":{"@type":"PropertyValueSpecification","valueRequired":true,"valueName":"search_term_string"}}],"inLanguage":"it-IT"},{"@type":"Organization","@id":"https:\/\/insektenliebe.com\/it\/#organization","name":"Insektenliebe","url":"https:\/\/insektenliebe.com\/it\/","logo":{"@type":"ImageObject","inLanguage":"it-IT","@id":"https:\/\/insektenliebe.com\/it\/#\/schema\/logo\/image\/","url":"https:\/\/insektenliebe.com\/wp-content\/uploads\/2025\/03\/logo-white.png","contentUrl":"https:\/\/insektenliebe.com\/wp-content\/uploads\/2025\/03\/logo-white.png","width":288,"height":188,"caption":"Insektenliebe"},"image":{"@id":"https:\/\/insektenliebe.com\/it\/#\/schema\/logo\/image\/"}}]},"og_availability":"out of stock","product_availability":"out of stock","product_retailer_item_id":"425","product_condition":"new"},"_links":{"self":[{"href":"https:\/\/insektenliebe.com\/it\/wp-json\/wp\/v2\/product\/189894","targetHints":{"allow":["GET"]}}],"collection":[{"href":"https:\/\/insektenliebe.com\/it\/wp-json\/wp\/v2\/product"}],"about":[{"href":"https:\/\/insektenliebe.com\/it\/wp-json\/wp\/v2\/types\/product"}],"wp:featuredmedia":[{"embeddable":true,"href":"https:\/\/insektenliebe.com\/it\/wp-json\/wp\/v2\/media\/189900"}],"wp:attachment":[{"href":"https:\/\/insektenliebe.com\/it\/wp-json\/wp\/v2\/media?parent=189894"}],"wp:term":[{"taxonomy":"product-supplier","embeddable":true,"href":"https:\/\/insektenliebe.com\/it\/wp-json\/wp\/v2\/product-supplier?post=189894"},{"taxonomy":"product_brand","embeddable":true,"href":"https:\/\/insektenliebe.com\/it\/wp-json\/wp\/v2\/product_brand?post=189894"},{"taxonomy":"product_cat","embeddable":true,"href":"https:\/\/insektenliebe.com\/it\/wp-json\/wp\/v2\/product_cat?post=189894"},{"taxonomy":"product_tag","embeddable":true,"href":"https:\/\/insektenliebe.com\/it\/wp-json\/wp\/v2\/product_tag?post=189894"},{"taxonomy":"lce-checkout-addons","embeddable":true,"href":"https:\/\/insektenliebe.com\/it\/wp-json\/wp\/v2\/lce-checkout-addons?post=189894"}],"curies":[{"name":"wp","href":"https:\/\/api.w.org\/{rel}","templated":true}]}}