{"id":189893,"date":"2022-07-28T07:39:00","date_gmt":"2022-07-28T05:39:00","guid":{"rendered":"https:\/\/insektenliebe.com\/shop\/produkt\/serratura-per-terrario-hobby\/"},"modified":"2026-03-03T20:11:06","modified_gmt":"2026-03-03T19:11:06","slug":"serratura-per-terrario-hobby","status":"publish","type":"product","link":"https:\/\/insektenliebe.com\/it\/shop\/prodotto\/serratura-per-terrario-hobby\/","title":{"rendered":"Serratura per terrario Hobby"},"content":{"rendered":"<h3><span class=\"s1\" style=\"color: #99cc33;\">Serratura per terrari Hobby - Maggiore sicurezza per il tuo terrario<\/span><\/h3>\n<p class=\"p1\"><span class=\"s1\">Il <\/span><strong><span class=\"s2\">Serratura per terrario Hobby<\/span><\/strong><span class=\"s1\">  garantisce una sicurezza affidabile nel tuo terrario. Protegge gli animali del terrario preziosi o potenzialmente pericolosi e allo stesso tempo impedisce fughe indesiderate. Una serratura aggiuntiva offre una rassicurante sicurezza in pi\u00f9, soprattutto per le specie pi\u00f9 forti o abili.  <\/span><\/p>\n<p class=\"p1\"><span class=\"s1\">La serratura \u00e8 particolarmente adatta ai terrari con porte scorrevoli e con uno spessore del vetro compreso tra 4 e 10 mm. Ci\u00f2 significa che si adatta a molti terrari in vetro standard. L&#8217;installazione \u00e8 semplice e veloce. Il lucchetto si applica direttamente alle lastre di vetro sovrapposte e si fissa saldamente in posizione. Le porte possono essere aperte solo con la chiave appropriata.   <\/span><\/p>\n<p class=\"p1\"><span class=\"s1\">Realizzato in acciaio di alta qualit\u00e0, il <strong>lucchetto per terrari Hobby<\/strong> colpisce per la sua stabilit\u00e0 e durata. Il materiale \u00e8 altamente resistente alla corrosione. Ci\u00f2 significa che il lucchetto funziona in modo affidabile anche in ambienti terrari umidi. Allo stesso tempo, la lavorazione \u00e8 solida e di alta qualit\u00e0.   <\/span><\/p>\n<p class=\"p1\"><span class=\"s1\">Particolarmente pratico: ogni confezione contiene una chiave di riserva. Questo ti permette di rimanere flessibile in caso di smarrimento della chiave o se hai bisogno di un&#8217;altra persona per accedere. <\/span><\/p>\n<p class=\"p1\"><span class=\"s1\">La serratura \u00e8 facile da aprire e chiudere. Tuttavia, garantisce una presa sicura in modo che anche le porte scorrevoli pi\u00f9 robuste rimangano saldamente chiuse. La serratura per terrari aumenta notevolmente la sicurezza, soprattutto in presenza di bambini curiosi o in stanze accessibili al pubblico.  <\/span><\/p>\n<p class=\"p1\"><span class=\"s1\">Con il <\/span><strong><span class=\"s2\">Serratura per terrario Hobby<\/span><\/strong><span class=\"s1\">  combina la facilit\u00e0 di utilizzo con una protezione affidabile. Offre una soluzione economica ma efficace per chiudere in modo sicuro il tuo terrario e proteggere in modo ottimale i tuoi animali. <\/span><\/p>\n","protected":false},"excerpt":{"rendered":"<p>Serratura per terrari Hobby - Maggiore sicurezza per il tuo terrario Il Serratura per terrario Hobby garantisce una sicurezza affidabile nel tuo terrario. Protegge gli animali del terrario preziosi o potenzialmente pericolosi e allo stesso tempo impedisce fughe indesiderate. Una serratura aggiuntiva offre una rassicurante sicurezza in pi\u00f9, soprattutto per le specie pi\u00f9 forti o [&hellip;]<\/p>\n","protected":false},"featured_media":189895,"template":"","meta":{"_acf_changed":false},"product-supplier":[2555],"product_brand":[2739],"product_cat":[2760],"product_tag":[],"lce-checkout-addons":[],"class_list":{"0":"post-189893","1":"product","2":"type-product","3":"status-publish","4":"has-post-thumbnail","6":"product_brand-hobby-terraristica","7":"product_cat-terrari-e-contenitori","8":"product_shipping_class-equipment-shipping","10":"first","11":"outofstock","12":"sale","13":"taxable","14":"shipping-taxable","15":"purchasable","16":"product-type-simple"},"acf":[],"yoast_head":"<!-- This site is optimized with the Yoast SEO plugin v27.3 - https:\/\/yoast.com\/product\/yoast-seo-wordpress\/ -->\n<title>Serratura per terrario Hobby - Insektenliebe<\/title>\n<meta name=\"description\" content=\"Acquista direttamente online una serratura per terrari Hobby a basso costo. Adatto per terrari con porte scorrevoli con uno spessore del vetro compreso tra 4 e 10 mm.\" \/>\n<meta name=\"robots\" content=\"index, follow, max-snippet:-1, max-image-preview:large, max-video-preview:-1\" \/>\n<link rel=\"canonical\" href=\"https:\/\/insektenliebe.com\/it\/shop\/prodotto\/serratura-per-terrario-hobby\/\" \/>\n<meta property=\"og:locale\" content=\"it_IT\" \/>\n<meta property=\"og:type\" content=\"article\" \/>\n<meta property=\"og:title\" content=\"Serratura per terrario Hobby - Insektenliebe\" \/>\n<meta property=\"og:description\" content=\"Acquista direttamente online una serratura per terrari Hobby a basso costo. Adatto per terrari con porte scorrevoli con uno spessore del vetro compreso tra 4 e 10 mm.\" \/>\n<meta property=\"og:url\" content=\"https:\/\/insektenliebe.com\/it\/shop\/prodotto\/serratura-per-terrario-hobby\/\" \/>\n<meta property=\"og:site_name\" content=\"Insektenliebe\" \/>\n<meta property=\"article:modified_time\" content=\"2026-03-03T19:11:06+00:00\" \/>\n<meta property=\"og:image\" content=\"https:\/\/insektenliebe.com\/wp-content\/uploads\/2025\/05\/Hobby-Terrarienschloss-2.jpg\" \/>\n\t<meta property=\"og:image:width\" content=\"820\" \/>\n\t<meta property=\"og:image:height\" content=\"820\" \/>\n\t<meta property=\"og:image:type\" content=\"image\/jpeg\" \/>\n<meta name=\"twitter:card\" content=\"summary_large_image\" \/>\n<meta name=\"twitter:label1\" content=\"Tempo di lettura stimato\" \/>\n\t<meta name=\"twitter:data1\" content=\"1 minuto\" \/>\n<script type=\"application\/ld+json\" class=\"yoast-schema-graph\">{\"@context\":\"https:\\\/\\\/schema.org\",\"@graph\":[{\"@type\":\"WebPage\",\"@id\":\"https:\\\/\\\/insektenliebe.com\\\/it\\\/shop\\\/prodotto\\\/serratura-per-terrario-hobby\\\/\",\"url\":\"https:\\\/\\\/insektenliebe.com\\\/it\\\/shop\\\/prodotto\\\/serratura-per-terrario-hobby\\\/\",\"name\":\"Serratura per terrario Hobby - Insektenliebe\",\"isPartOf\":{\"@id\":\"https:\\\/\\\/insektenliebe.com\\\/it\\\/#website\"},\"primaryImageOfPage\":{\"@id\":\"https:\\\/\\\/insektenliebe.com\\\/it\\\/shop\\\/prodotto\\\/serratura-per-terrario-hobby\\\/#primaryimage\"},\"image\":{\"@id\":\"https:\\\/\\\/insektenliebe.com\\\/it\\\/shop\\\/prodotto\\\/serratura-per-terrario-hobby\\\/#primaryimage\"},\"thumbnailUrl\":\"https:\\\/\\\/insektenliebe.com\\\/wp-content\\\/uploads\\\/2025\\\/05\\\/Hobby-Terrarienschloss-2.jpg\",\"datePublished\":\"2022-07-28T05:39:00+00:00\",\"dateModified\":\"2026-03-03T19:11:06+00:00\",\"description\":\"Acquista direttamente online una serratura per terrari Hobby a basso costo. Adatto per terrari con porte scorrevoli con uno spessore del vetro compreso tra 4 e 10 mm.\",\"breadcrumb\":{\"@id\":\"https:\\\/\\\/insektenliebe.com\\\/it\\\/shop\\\/prodotto\\\/serratura-per-terrario-hobby\\\/#breadcrumb\"},\"inLanguage\":\"it-IT\",\"potentialAction\":[{\"@type\":\"ReadAction\",\"target\":[\"https:\\\/\\\/insektenliebe.com\\\/it\\\/shop\\\/prodotto\\\/serratura-per-terrario-hobby\\\/\"]}]},{\"@type\":\"ImageObject\",\"inLanguage\":\"it-IT\",\"@id\":\"https:\\\/\\\/insektenliebe.com\\\/it\\\/shop\\\/prodotto\\\/serratura-per-terrario-hobby\\\/#primaryimage\",\"url\":\"https:\\\/\\\/insektenliebe.com\\\/wp-content\\\/uploads\\\/2025\\\/05\\\/Hobby-Terrarienschloss-2.jpg\",\"contentUrl\":\"https:\\\/\\\/insektenliebe.com\\\/wp-content\\\/uploads\\\/2025\\\/05\\\/Hobby-Terrarienschloss-2.jpg\",\"width\":820,\"height\":820,\"caption\":\"Serratura del terrario Hobby-2.jpg\"},{\"@type\":\"BreadcrumbList\",\"@id\":\"https:\\\/\\\/insektenliebe.com\\\/it\\\/shop\\\/prodotto\\\/serratura-per-terrario-hobby\\\/#breadcrumb\",\"itemListElement\":[{\"@type\":\"ListItem\",\"position\":1,\"name\":\"Startseite\",\"item\":\"https:\\\/\\\/insektenliebe.com\\\/it\\\/\"},{\"@type\":\"ListItem\",\"position\":2,\"name\":\"Negozio\",\"item\":\"https:\\\/\\\/insektenliebe.com\\\/it\\\/negozio\\\/\"},{\"@type\":\"ListItem\",\"position\":3,\"name\":\"Serratura per terrario Hobby\"}]},{\"@type\":\"WebSite\",\"@id\":\"https:\\\/\\\/insektenliebe.com\\\/it\\\/#website\",\"url\":\"https:\\\/\\\/insektenliebe.com\\\/it\\\/\",\"name\":\"Insektenliebe\",\"description\":\"Dein Zuhause f\u00fcr die kleinen Lebewesen\",\"publisher\":{\"@id\":\"https:\\\/\\\/insektenliebe.com\\\/it\\\/#organization\"},\"potentialAction\":[{\"@type\":\"SearchAction\",\"target\":{\"@type\":\"EntryPoint\",\"urlTemplate\":\"https:\\\/\\\/insektenliebe.com\\\/it\\\/?s={search_term_string}\"},\"query-input\":{\"@type\":\"PropertyValueSpecification\",\"valueRequired\":true,\"valueName\":\"search_term_string\"}}],\"inLanguage\":\"it-IT\"},{\"@type\":\"Organization\",\"@id\":\"https:\\\/\\\/insektenliebe.com\\\/it\\\/#organization\",\"name\":\"Insektenliebe\",\"url\":\"https:\\\/\\\/insektenliebe.com\\\/it\\\/\",\"logo\":{\"@type\":\"ImageObject\",\"inLanguage\":\"it-IT\",\"@id\":\"https:\\\/\\\/insektenliebe.com\\\/it\\\/#\\\/schema\\\/logo\\\/image\\\/\",\"url\":\"https:\\\/\\\/insektenliebe.com\\\/wp-content\\\/uploads\\\/2025\\\/03\\\/logo-white.png\",\"contentUrl\":\"https:\\\/\\\/insektenliebe.com\\\/wp-content\\\/uploads\\\/2025\\\/03\\\/logo-white.png\",\"width\":288,\"height\":188,\"caption\":\"Insektenliebe\"},\"image\":{\"@id\":\"https:\\\/\\\/insektenliebe.com\\\/it\\\/#\\\/schema\\\/logo\\\/image\\\/\"}}]}<\/script>\n<!-- \/ Yoast SEO plugin. -->","yoast_head_json":{"title":"Serratura per terrario Hobby - Insektenliebe","description":"Acquista direttamente online una serratura per terrari Hobby a basso costo. Adatto per terrari con porte scorrevoli con uno spessore del vetro compreso tra 4 e 10 mm.","robots":{"index":"index","follow":"follow","max-snippet":"max-snippet:-1","max-image-preview":"max-image-preview:large","max-video-preview":"max-video-preview:-1"},"canonical":"https:\/\/insektenliebe.com\/it\/shop\/prodotto\/serratura-per-terrario-hobby\/","og_locale":"it_IT","og_type":"article","og_title":"Serratura per terrario Hobby - Insektenliebe","og_description":"Acquista direttamente online una serratura per terrari Hobby a basso costo. Adatto per terrari con porte scorrevoli con uno spessore del vetro compreso tra 4 e 10 mm.","og_url":"https:\/\/insektenliebe.com\/it\/shop\/prodotto\/serratura-per-terrario-hobby\/","og_site_name":"Insektenliebe","article_modified_time":"2026-03-03T19:11:06+00:00","og_image":[{"width":820,"height":820,"url":"https:\/\/insektenliebe.com\/wp-content\/uploads\/2025\/05\/Hobby-Terrarienschloss-2.jpg","type":"image\/jpeg"}],"twitter_card":"summary_large_image","twitter_misc":{"Tempo di lettura stimato":"1 minuto"},"schema":{"@context":"https:\/\/schema.org","@graph":[{"@type":"WebPage","@id":"https:\/\/insektenliebe.com\/it\/shop\/prodotto\/serratura-per-terrario-hobby\/","url":"https:\/\/insektenliebe.com\/it\/shop\/prodotto\/serratura-per-terrario-hobby\/","name":"Serratura per terrario Hobby - Insektenliebe","isPartOf":{"@id":"https:\/\/insektenliebe.com\/it\/#website"},"primaryImageOfPage":{"@id":"https:\/\/insektenliebe.com\/it\/shop\/prodotto\/serratura-per-terrario-hobby\/#primaryimage"},"image":{"@id":"https:\/\/insektenliebe.com\/it\/shop\/prodotto\/serratura-per-terrario-hobby\/#primaryimage"},"thumbnailUrl":"https:\/\/insektenliebe.com\/wp-content\/uploads\/2025\/05\/Hobby-Terrarienschloss-2.jpg","datePublished":"2022-07-28T05:39:00+00:00","dateModified":"2026-03-03T19:11:06+00:00","description":"Acquista direttamente online una serratura per terrari Hobby a basso costo. Adatto per terrari con porte scorrevoli con uno spessore del vetro compreso tra 4 e 10 mm.","breadcrumb":{"@id":"https:\/\/insektenliebe.com\/it\/shop\/prodotto\/serratura-per-terrario-hobby\/#breadcrumb"},"inLanguage":"it-IT","potentialAction":[{"@type":"ReadAction","target":["https:\/\/insektenliebe.com\/it\/shop\/prodotto\/serratura-per-terrario-hobby\/"]}]},{"@type":"ImageObject","inLanguage":"it-IT","@id":"https:\/\/insektenliebe.com\/it\/shop\/prodotto\/serratura-per-terrario-hobby\/#primaryimage","url":"https:\/\/insektenliebe.com\/wp-content\/uploads\/2025\/05\/Hobby-Terrarienschloss-2.jpg","contentUrl":"https:\/\/insektenliebe.com\/wp-content\/uploads\/2025\/05\/Hobby-Terrarienschloss-2.jpg","width":820,"height":820,"caption":"Serratura del terrario Hobby-2.jpg"},{"@type":"BreadcrumbList","@id":"https:\/\/insektenliebe.com\/it\/shop\/prodotto\/serratura-per-terrario-hobby\/#breadcrumb","itemListElement":[{"@type":"ListItem","position":1,"name":"Startseite","item":"https:\/\/insektenliebe.com\/it\/"},{"@type":"ListItem","position":2,"name":"Negozio","item":"https:\/\/insektenliebe.com\/it\/negozio\/"},{"@type":"ListItem","position":3,"name":"Serratura per terrario Hobby"}]},{"@type":"WebSite","@id":"https:\/\/insektenliebe.com\/it\/#website","url":"https:\/\/insektenliebe.com\/it\/","name":"Insektenliebe","description":"Dein Zuhause f\u00fcr die kleinen Lebewesen","publisher":{"@id":"https:\/\/insektenliebe.com\/it\/#organization"},"potentialAction":[{"@type":"SearchAction","target":{"@type":"EntryPoint","urlTemplate":"https:\/\/insektenliebe.com\/it\/?s={search_term_string}"},"query-input":{"@type":"PropertyValueSpecification","valueRequired":true,"valueName":"search_term_string"}}],"inLanguage":"it-IT"},{"@type":"Organization","@id":"https:\/\/insektenliebe.com\/it\/#organization","name":"Insektenliebe","url":"https:\/\/insektenliebe.com\/it\/","logo":{"@type":"ImageObject","inLanguage":"it-IT","@id":"https:\/\/insektenliebe.com\/it\/#\/schema\/logo\/image\/","url":"https:\/\/insektenliebe.com\/wp-content\/uploads\/2025\/03\/logo-white.png","contentUrl":"https:\/\/insektenliebe.com\/wp-content\/uploads\/2025\/03\/logo-white.png","width":288,"height":188,"caption":"Insektenliebe"},"image":{"@id":"https:\/\/insektenliebe.com\/it\/#\/schema\/logo\/image\/"}}]}},"_links":{"self":[{"href":"https:\/\/insektenliebe.com\/it\/wp-json\/wp\/v2\/product\/189893","targetHints":{"allow":["GET"]}}],"collection":[{"href":"https:\/\/insektenliebe.com\/it\/wp-json\/wp\/v2\/product"}],"about":[{"href":"https:\/\/insektenliebe.com\/it\/wp-json\/wp\/v2\/types\/product"}],"wp:featuredmedia":[{"embeddable":true,"href":"https:\/\/insektenliebe.com\/it\/wp-json\/wp\/v2\/media\/189895"}],"wp:attachment":[{"href":"https:\/\/insektenliebe.com\/it\/wp-json\/wp\/v2\/media?parent=189893"}],"wp:term":[{"taxonomy":"product-supplier","embeddable":true,"href":"https:\/\/insektenliebe.com\/it\/wp-json\/wp\/v2\/product-supplier?post=189893"},{"taxonomy":"product_brand","embeddable":true,"href":"https:\/\/insektenliebe.com\/it\/wp-json\/wp\/v2\/product_brand?post=189893"},{"taxonomy":"product_cat","embeddable":true,"href":"https:\/\/insektenliebe.com\/it\/wp-json\/wp\/v2\/product_cat?post=189893"},{"taxonomy":"product_tag","embeddable":true,"href":"https:\/\/insektenliebe.com\/it\/wp-json\/wp\/v2\/product_tag?post=189893"},{"taxonomy":"lce-checkout-addons","embeddable":true,"href":"https:\/\/insektenliebe.com\/it\/wp-json\/wp\/v2\/lce-checkout-addons?post=189893"}],"curies":[{"name":"wp","href":"https:\/\/api.w.org\/{rel}","templated":true}]}}