{"id":189890,"date":"2022-09-10T14:30:26","date_gmt":"2022-09-10T12:30:26","guid":{"rendered":"https:\/\/insektenliebe.com\/shop\/produkt\/avicularia-avicularia\/"},"modified":"2026-03-17T20:09:48","modified_gmt":"2026-03-17T19:09:48","slug":"avicularia-avicularia","status":"publish","type":"product","link":"https:\/\/insektenliebe.com\/it\/shop\/prodotto\/avicularia-avicularia\/","title":{"rendered":"Avicularia avicularia"},"content":{"rendered":"<h3><span class=\"s1\" style=\"color: #99cc33;\">Avicularia avicularia - La classica tarantola degli alberi<\/span><\/h3>\n<p class=\"p1\"><strong><span class=\"s1\">Avicularia avicularia<\/span><\/strong><span class=\"s2\"> \u00e8 una delle tarantole arboree pi\u00f9 conosciute <\/span><span class=\"s1\">tarantole arboricole<\/span><span class=\"s2\">  nell&#8217;hobby del terrario. La specie \u00e8 originaria delle foreste pluviali tropicali   <\/span><span class=\"s1\">Sud America<\/span><span class=\"s2\">dove vive principalmente nelle cavit\u00e0 degli alberi, nelle fessure della corteccia o tra i rami. Grazie alla sua natura calma e al suo comportamento interessante, questa tarantola si \u00e8 assicurata un posto fisso in molti terrari in tutto il mondo. <\/span><\/p>\n<p class=\"p1\"><span class=\"s2\">Particolarmente evidenti sono le <\/span><span class=\"s1\">punte delle zampe di colore rosa o rosato<\/span><span class=\"s2\">che danno alla specie il nome di <\/span><span class=\"s1\">Tarantola dalle dita rosa<\/span><span class=\"s2\">  hanno contribuito. Il corpo \u00e8 solitamente di colore marrone scuro o nero e ricoperto di peli sottili. A seconda della loro origine, gli animali possono avere una lucentezza leggermente metallica. <\/span><\/p>\n<p class=\"p1\"><span class=\"s2\">Con una <\/span><span class=\"s1\">lunghezza del corpo di circa 5-6 cm<\/span><span class=\"s2\"> e una corrispondente ampiezza delle zampe, sembra<\/span><span class=\"s2\">  design elegante e leggero. A differenza di molte specie che vivono al suolo, si muove molto abilmente in altezza e sfrutta ogni opportunit\u00e0 di arrampicata.<\/span><\/p>\n<p class=\"p1\"><span class=\"s2\">Si consiglia quindi di tenerli in un <\/span><span class=\"s1\">terrario alto<\/span><span class=\"s2\">poich\u00e9 questa specie vive principalmente in altitudine. Un terrario da circa  <\/span><span class=\"s1\">30 \u00d7 30 \u00d7 40 cm<\/span><span class=\"s2\">  offre spazio sufficiente per un animale adulto. Sono importanti   <\/span><span class=\"s1\">Rami, radici o pezzi di corteccia di sughero<\/span><span class=\"s2\">in modo che il ragno possa costruire le sue tipiche ragnatele.<\/span><\/p>\n<p class=\"p1\"><span class=\"s2\">Un substrato adatto \u00e8 un <\/span><span class=\"s1\">un substrato leggermente umido<\/span><span class=\"s2\">ad esempio, l&#8217;humus della foresta o un substrato speciale per i ragni degli uccelli. Allo stesso tempo   <\/span><span class=\"s1\">Una buona ventilazione<\/span><span class=\"s2\"> \u00e8 particolarmente importante, poich\u00e9 l&#8217;aria stagnante e umida \u00e8 poco tollerata da questa specie.<\/span><\/p>\n<p class=\"p1\"><span class=\"s2\">La <\/span><span class=\"s1\">La temperatura del terrario<\/span><span class=\"s2\"> dovrebbe essere compresa tra <\/span><span class=\"s1\">25 \u00b0C e 28 \u00b0C<\/span><span class=\"s2\">  mentire. Il  <\/span><span class=\"s1\">L&#8217;umidit\u00e0 dell&#8217;aria<\/span><span class=\"s2\"> pu\u00f2 essere compresa tra <\/span><span class=\"s1\">70 % e l&#8217;80 %<\/span><span class=\"s2\">  si terr\u00e0. Un&#8217;irrorazione regolare, ma non eccessiva, garantisce condizioni stabili.<\/span><\/p>\n<p class=\"p1\"><span class=\"s2\">Viene nutrita <\/span><span class=\"s1\">la tarantola<\/span><span class=\"s2\"> con insetti <\/span><span class=\"s1\">insetti da mangiare<\/span><span class=\"s2\">  come grilli, scarafaggi o mosche. I ragni mostrano spesso un comportamento di caccia entusiasmante e possono anche afferrare le loro prede in altezza.<\/span><\/p>\n<p class=\"p1\"><span class=\"s2\">Questa specie \u00e8 considerata <\/span><span class=\"s1\">relativamente pacifica<\/span><span class=\"s2\">Tuttavia, spesso reagisce con rapidi movimenti di fuga quando viene disturbato. Per questo motivo devi sempre lavorare con calma e attenzione quando maneggi il ragno. <\/span><\/p>\n<p class=\"p1\"><span class=\"s2\">Grazie al loro interessante comportamento, al loro tipico stile di vita in altezza e al loro aspetto attraente, l&#8217; <\/span><strong><span class=\"s1\">Avicularia avicularia<\/span><\/strong><span class=\"s2\"> \u00e8 una delle tarantole arboree pi\u00f9 popolari in terraristica ed \u00e8 un vero e proprio richiamo visivo nel terrario.<\/span><\/p>\n","protected":false},"excerpt":{"rendered":"<p>Avicularia avicularia - La classica tarantola degli alberi Avicularia avicularia \u00e8 una delle tarantole arboree pi\u00f9 conosciute tarantole arboricole nell&#8217;hobby del terrario. La specie \u00e8 originaria delle foreste pluviali tropicali Sud Americadove vive principalmente nelle cavit\u00e0 degli alberi, nelle fessure della corteccia o tra i rami. Grazie alla sua natura calma e al suo comportamento [&hellip;]<\/p>\n","protected":false},"featured_media":189892,"template":"","meta":{"_acf_changed":false},"product-supplier":[],"product_brand":[],"product_cat":[3004],"product_tag":[],"lce-checkout-addons":[2746],"class_list":{"0":"post-189890","1":"product","2":"type-product","3":"status-publish","4":"has-post-thumbnail","6":"product_cat-tarantole","7":"product_shipping_class-spedizione-di-animali","8":"pa_geschlecht-donna","9":"pa_geschlecht-indeterminato","10":"pa_geschlecht-uomo","11":"pa_herkunft-brasile","12":"pa_kontinent-sud-america","13":"lce-checkout-addons-imballaggio-invernale","15":"first","16":"instock","17":"taxable","18":"shipping-taxable","19":"purchasable","20":"product-type-variable"},"acf":[],"yoast_head":"<!-- This site is optimized with the Yoast SEO plugin v27.3 - https:\/\/yoast.com\/product\/yoast-seo-wordpress\/ -->\n<title>Avicularia avicularia - Insektenliebe<\/title>\n<meta name=\"description\" content=\"Avicularia avicularia - tarantola arboricola del Sud America. Informazioni sull&#039;allevamento, il terrario, l&#039;umidit\u00e0, la cura e la dieta di questa popolare specie.\" \/>\n<meta name=\"robots\" content=\"index, follow, max-snippet:-1, max-image-preview:large, max-video-preview:-1\" \/>\n<link rel=\"canonical\" href=\"https:\/\/insektenliebe.com\/it\/shop\/prodotto\/avicularia-avicularia\/\" \/>\n<meta property=\"og:locale\" content=\"it_IT\" \/>\n<meta property=\"og:type\" content=\"article\" \/>\n<meta property=\"og:title\" content=\"Avicularia avicularia - Insektenliebe\" \/>\n<meta property=\"og:description\" content=\"Avicularia avicularia - tarantola arboricola del Sud America. Informazioni sull&#039;allevamento, il terrario, l&#039;umidit\u00e0, la cura e la dieta di questa popolare specie.\" \/>\n<meta property=\"og:url\" content=\"https:\/\/insektenliebe.com\/it\/shop\/prodotto\/avicularia-avicularia\/\" \/>\n<meta property=\"og:site_name\" content=\"Insektenliebe\" \/>\n<meta property=\"article:modified_time\" content=\"2026-03-17T19:09:48+00:00\" \/>\n<meta property=\"og:image\" content=\"https:\/\/insektenliebe.com\/wp-content\/uploads\/2025\/05\/Avicularia-avicularia-2.jpg\" \/>\n\t<meta property=\"og:image:width\" content=\"1096\" \/>\n\t<meta property=\"og:image:height\" content=\"1096\" \/>\n\t<meta property=\"og:image:type\" content=\"image\/jpeg\" \/>\n<meta name=\"twitter:card\" content=\"summary_large_image\" \/>\n<meta name=\"twitter:label1\" content=\"Tempo di lettura stimato\" \/>\n\t<meta name=\"twitter:data1\" content=\"2 minuto\" \/>\n<script type=\"application\/ld+json\" class=\"yoast-schema-graph\">{\"@context\":\"https:\\\/\\\/schema.org\",\"@graph\":[{\"@type\":\"WebPage\",\"@id\":\"https:\\\/\\\/insektenliebe.com\\\/it\\\/shop\\\/prodotto\\\/avicularia-avicularia\\\/\",\"url\":\"https:\\\/\\\/insektenliebe.com\\\/it\\\/shop\\\/prodotto\\\/avicularia-avicularia\\\/\",\"name\":\"Avicularia avicularia - Insektenliebe\",\"isPartOf\":{\"@id\":\"https:\\\/\\\/insektenliebe.com\\\/it\\\/#website\"},\"primaryImageOfPage\":{\"@id\":\"https:\\\/\\\/insektenliebe.com\\\/it\\\/shop\\\/prodotto\\\/avicularia-avicularia\\\/#primaryimage\"},\"image\":{\"@id\":\"https:\\\/\\\/insektenliebe.com\\\/it\\\/shop\\\/prodotto\\\/avicularia-avicularia\\\/#primaryimage\"},\"thumbnailUrl\":\"https:\\\/\\\/insektenliebe.com\\\/wp-content\\\/uploads\\\/2025\\\/05\\\/Avicularia-avicularia-2.jpg\",\"datePublished\":\"2022-09-10T12:30:26+00:00\",\"dateModified\":\"2026-03-17T19:09:48+00:00\",\"description\":\"Avicularia avicularia - tarantola arboricola del Sud America. Informazioni sull'allevamento, il terrario, l'umidit\u00e0, la cura e la dieta di questa popolare specie.\",\"breadcrumb\":{\"@id\":\"https:\\\/\\\/insektenliebe.com\\\/it\\\/shop\\\/prodotto\\\/avicularia-avicularia\\\/#breadcrumb\"},\"inLanguage\":\"it-IT\",\"potentialAction\":[{\"@type\":\"ReadAction\",\"target\":[\"https:\\\/\\\/insektenliebe.com\\\/it\\\/shop\\\/prodotto\\\/avicularia-avicularia\\\/\"]}]},{\"@type\":\"ImageObject\",\"inLanguage\":\"it-IT\",\"@id\":\"https:\\\/\\\/insektenliebe.com\\\/it\\\/shop\\\/prodotto\\\/avicularia-avicularia\\\/#primaryimage\",\"url\":\"https:\\\/\\\/insektenliebe.com\\\/wp-content\\\/uploads\\\/2025\\\/05\\\/Avicularia-avicularia-2.jpg\",\"contentUrl\":\"https:\\\/\\\/insektenliebe.com\\\/wp-content\\\/uploads\\\/2025\\\/05\\\/Avicularia-avicularia-2.jpg\",\"width\":1096,\"height\":1096,\"caption\":\"Avicularia-avicularia-2.jpg\"},{\"@type\":\"BreadcrumbList\",\"@id\":\"https:\\\/\\\/insektenliebe.com\\\/it\\\/shop\\\/prodotto\\\/avicularia-avicularia\\\/#breadcrumb\",\"itemListElement\":[{\"@type\":\"ListItem\",\"position\":1,\"name\":\"Startseite\",\"item\":\"https:\\\/\\\/insektenliebe.com\\\/it\\\/\"},{\"@type\":\"ListItem\",\"position\":2,\"name\":\"Negozio\",\"item\":\"https:\\\/\\\/insektenliebe.com\\\/it\\\/negozio\\\/\"},{\"@type\":\"ListItem\",\"position\":3,\"name\":\"Avicularia avicularia\"}]},{\"@type\":\"WebSite\",\"@id\":\"https:\\\/\\\/insektenliebe.com\\\/it\\\/#website\",\"url\":\"https:\\\/\\\/insektenliebe.com\\\/it\\\/\",\"name\":\"Insektenliebe\",\"description\":\"Dein Zuhause f\u00fcr die kleinen Lebewesen\",\"publisher\":{\"@id\":\"https:\\\/\\\/insektenliebe.com\\\/it\\\/#organization\"},\"potentialAction\":[{\"@type\":\"SearchAction\",\"target\":{\"@type\":\"EntryPoint\",\"urlTemplate\":\"https:\\\/\\\/insektenliebe.com\\\/it\\\/?s={search_term_string}\"},\"query-input\":{\"@type\":\"PropertyValueSpecification\",\"valueRequired\":true,\"valueName\":\"search_term_string\"}}],\"inLanguage\":\"it-IT\"},{\"@type\":\"Organization\",\"@id\":\"https:\\\/\\\/insektenliebe.com\\\/it\\\/#organization\",\"name\":\"Insektenliebe\",\"url\":\"https:\\\/\\\/insektenliebe.com\\\/it\\\/\",\"logo\":{\"@type\":\"ImageObject\",\"inLanguage\":\"it-IT\",\"@id\":\"https:\\\/\\\/insektenliebe.com\\\/it\\\/#\\\/schema\\\/logo\\\/image\\\/\",\"url\":\"https:\\\/\\\/insektenliebe.com\\\/wp-content\\\/uploads\\\/2025\\\/03\\\/logo-white.png\",\"contentUrl\":\"https:\\\/\\\/insektenliebe.com\\\/wp-content\\\/uploads\\\/2025\\\/03\\\/logo-white.png\",\"width\":288,\"height\":188,\"caption\":\"Insektenliebe\"},\"image\":{\"@id\":\"https:\\\/\\\/insektenliebe.com\\\/it\\\/#\\\/schema\\\/logo\\\/image\\\/\"}}]}<\/script>\n<!-- \/ Yoast SEO plugin. -->","yoast_head_json":{"title":"Avicularia avicularia - Insektenliebe","description":"Avicularia avicularia - tarantola arboricola del Sud America. Informazioni sull'allevamento, il terrario, l'umidit\u00e0, la cura e la dieta di questa popolare specie.","robots":{"index":"index","follow":"follow","max-snippet":"max-snippet:-1","max-image-preview":"max-image-preview:large","max-video-preview":"max-video-preview:-1"},"canonical":"https:\/\/insektenliebe.com\/it\/shop\/prodotto\/avicularia-avicularia\/","og_locale":"it_IT","og_type":"article","og_title":"Avicularia avicularia - Insektenliebe","og_description":"Avicularia avicularia - tarantola arboricola del Sud America. Informazioni sull'allevamento, il terrario, l'umidit\u00e0, la cura e la dieta di questa popolare specie.","og_url":"https:\/\/insektenliebe.com\/it\/shop\/prodotto\/avicularia-avicularia\/","og_site_name":"Insektenliebe","article_modified_time":"2026-03-17T19:09:48+00:00","og_image":[{"width":1096,"height":1096,"url":"https:\/\/insektenliebe.com\/wp-content\/uploads\/2025\/05\/Avicularia-avicularia-2.jpg","type":"image\/jpeg"}],"twitter_card":"summary_large_image","twitter_misc":{"Tempo di lettura stimato":"2 minuto"},"schema":{"@context":"https:\/\/schema.org","@graph":[{"@type":"WebPage","@id":"https:\/\/insektenliebe.com\/it\/shop\/prodotto\/avicularia-avicularia\/","url":"https:\/\/insektenliebe.com\/it\/shop\/prodotto\/avicularia-avicularia\/","name":"Avicularia avicularia - Insektenliebe","isPartOf":{"@id":"https:\/\/insektenliebe.com\/it\/#website"},"primaryImageOfPage":{"@id":"https:\/\/insektenliebe.com\/it\/shop\/prodotto\/avicularia-avicularia\/#primaryimage"},"image":{"@id":"https:\/\/insektenliebe.com\/it\/shop\/prodotto\/avicularia-avicularia\/#primaryimage"},"thumbnailUrl":"https:\/\/insektenliebe.com\/wp-content\/uploads\/2025\/05\/Avicularia-avicularia-2.jpg","datePublished":"2022-09-10T12:30:26+00:00","dateModified":"2026-03-17T19:09:48+00:00","description":"Avicularia avicularia - tarantola arboricola del Sud America. Informazioni sull'allevamento, il terrario, l'umidit\u00e0, la cura e la dieta di questa popolare specie.","breadcrumb":{"@id":"https:\/\/insektenliebe.com\/it\/shop\/prodotto\/avicularia-avicularia\/#breadcrumb"},"inLanguage":"it-IT","potentialAction":[{"@type":"ReadAction","target":["https:\/\/insektenliebe.com\/it\/shop\/prodotto\/avicularia-avicularia\/"]}]},{"@type":"ImageObject","inLanguage":"it-IT","@id":"https:\/\/insektenliebe.com\/it\/shop\/prodotto\/avicularia-avicularia\/#primaryimage","url":"https:\/\/insektenliebe.com\/wp-content\/uploads\/2025\/05\/Avicularia-avicularia-2.jpg","contentUrl":"https:\/\/insektenliebe.com\/wp-content\/uploads\/2025\/05\/Avicularia-avicularia-2.jpg","width":1096,"height":1096,"caption":"Avicularia-avicularia-2.jpg"},{"@type":"BreadcrumbList","@id":"https:\/\/insektenliebe.com\/it\/shop\/prodotto\/avicularia-avicularia\/#breadcrumb","itemListElement":[{"@type":"ListItem","position":1,"name":"Startseite","item":"https:\/\/insektenliebe.com\/it\/"},{"@type":"ListItem","position":2,"name":"Negozio","item":"https:\/\/insektenliebe.com\/it\/negozio\/"},{"@type":"ListItem","position":3,"name":"Avicularia avicularia"}]},{"@type":"WebSite","@id":"https:\/\/insektenliebe.com\/it\/#website","url":"https:\/\/insektenliebe.com\/it\/","name":"Insektenliebe","description":"Dein Zuhause f\u00fcr die kleinen Lebewesen","publisher":{"@id":"https:\/\/insektenliebe.com\/it\/#organization"},"potentialAction":[{"@type":"SearchAction","target":{"@type":"EntryPoint","urlTemplate":"https:\/\/insektenliebe.com\/it\/?s={search_term_string}"},"query-input":{"@type":"PropertyValueSpecification","valueRequired":true,"valueName":"search_term_string"}}],"inLanguage":"it-IT"},{"@type":"Organization","@id":"https:\/\/insektenliebe.com\/it\/#organization","name":"Insektenliebe","url":"https:\/\/insektenliebe.com\/it\/","logo":{"@type":"ImageObject","inLanguage":"it-IT","@id":"https:\/\/insektenliebe.com\/it\/#\/schema\/logo\/image\/","url":"https:\/\/insektenliebe.com\/wp-content\/uploads\/2025\/03\/logo-white.png","contentUrl":"https:\/\/insektenliebe.com\/wp-content\/uploads\/2025\/03\/logo-white.png","width":288,"height":188,"caption":"Insektenliebe"},"image":{"@id":"https:\/\/insektenliebe.com\/it\/#\/schema\/logo\/image\/"}}]}},"_links":{"self":[{"href":"https:\/\/insektenliebe.com\/it\/wp-json\/wp\/v2\/product\/189890","targetHints":{"allow":["GET"]}}],"collection":[{"href":"https:\/\/insektenliebe.com\/it\/wp-json\/wp\/v2\/product"}],"about":[{"href":"https:\/\/insektenliebe.com\/it\/wp-json\/wp\/v2\/types\/product"}],"wp:featuredmedia":[{"embeddable":true,"href":"https:\/\/insektenliebe.com\/it\/wp-json\/wp\/v2\/media\/189892"}],"wp:attachment":[{"href":"https:\/\/insektenliebe.com\/it\/wp-json\/wp\/v2\/media?parent=189890"}],"wp:term":[{"taxonomy":"product-supplier","embeddable":true,"href":"https:\/\/insektenliebe.com\/it\/wp-json\/wp\/v2\/product-supplier?post=189890"},{"taxonomy":"product_brand","embeddable":true,"href":"https:\/\/insektenliebe.com\/it\/wp-json\/wp\/v2\/product_brand?post=189890"},{"taxonomy":"product_cat","embeddable":true,"href":"https:\/\/insektenliebe.com\/it\/wp-json\/wp\/v2\/product_cat?post=189890"},{"taxonomy":"product_tag","embeddable":true,"href":"https:\/\/insektenliebe.com\/it\/wp-json\/wp\/v2\/product_tag?post=189890"},{"taxonomy":"lce-checkout-addons","embeddable":true,"href":"https:\/\/insektenliebe.com\/it\/wp-json\/wp\/v2\/lce-checkout-addons?post=189890"}],"curies":[{"name":"wp","href":"https:\/\/api.w.org\/{rel}","templated":true}]}}