{"id":189883,"date":"2022-03-24T10:52:09","date_gmt":"2022-03-24T08:52:09","guid":{"rendered":"https:\/\/insektenliebe.com\/shop\/produkt\/heteropoda-lunula\/"},"modified":"2022-03-24T10:52:09","modified_gmt":"2022-03-24T09:52:09","slug":"heteropoda-lunula","status":"publish","type":"product","link":"https:\/\/insektenliebe.com\/it\/shop\/prodotto\/heteropoda-lunula\/","title":{"rendered":"Heteropoda lunula"},"content":{"rendered":"<h3>Luce<\/h3>\n<h3>Myanmar, India, Vietnam, Malesia, Giava, Sumatra, Borneo<\/h3>\n<h3>3 CM<\/h3>\n<h3>23-26 \u00b0C<\/h3>\n<h3><span style=\"color: #99cc33\">Breve descrizione di Heteropoda lunula:<\/span><\/h3>\n<div class=\"MuiGrid-root MuiGrid-item MuiGrid-grid-xs-12 MuiGrid-grid-sm-6\">\n<div>\n<div>L&#8217;Heteropoda lunula sembra molto grande a prima vista, ma questo \u00e8 dovuto principalmente alla lunghezza delle sue zampe. Come per tutti i ragni granchio giganti, le sue zampe sono sottili e perfettamente costruite per i movimenti veloci. Come quasi tutti i ragni granchio giganti, conduce una vita da predatore. Non vengono tessute ragnatele e le prede vengono uccise durante la caccia. I loro occhi non sono adatti alla completa oscurit\u00e0. Questo indica che l&#8217;Heteropoda lunula non solo vive nelle profondit\u00e0 delle grotte al buio, ma pu\u00f2 anche essere trovata soprattutto all&#8217;ingresso delle grotte e persino all&#8217;aperto. Oltre alla percezione visiva, i ragni Heteropoda lunula individuano le loro prede soprattutto grazie alle vibrazioni che inducono. Come tutti i ragni, l&#8217;Heteropoda lunula \u00e8 velenosa e utilizza le chelicere (artigli mascellari) per mordere la preda. La preda immobilizzata viene poi mangiata dal ragno. Tuttavia, non \u00e8 abbastanza velenoso da causare gravi danni all&#8217;uomo. Per questo motivo \u00e8 considerato innocuo per l&#8217;uomo. Inoltre, non sono stati segnalati morsi nell&#8217;area in cui vivono, perch\u00e9 \u00e8 pi\u00f9 probabile che fuggano.           <\/div>\n<div><\/div>\n<div>Il terrario per un ragno adulto \u00e8 abbastanza grande, 30 \u00d7 30 \u00d7 30 cm. L&#8217;humus di bosco e un po&#8217; di muschio di sfagno sono adatti come substrato. Questo permette al substrato di immagazzinare bene l&#8217;acqua e di rilasciarla lentamente nell&#8217;ambiente. \u00c8 possibile raggiungere facilmente un livello di umidit\u00e0 compreso tra il 70 e l&#8217;80%. La decorazione deve essere allestita in modo tale che ci siano sufficienti opportunit\u00e0 di arrampicata per un ragno arboricolo, oltre a nascondigli in cui possa rimanere durante il giorno. Naturalmente, non deve mancare una ciotola per l&#8217;acqua. Il cibo offerto dovrebbe essere grande circa la met\u00e0 del ragno.      <\/div>\n<div><\/div>\n<div><strong>Dimensione attuale: FH2<\/strong><\/div>\n<\/div>\n<\/div>\n<h3><\/h3>\n<h3><span style=\"color: #99cc33\"><strong>Prodotti per Heteropoda lunula:<\/strong><\/span><\/h3>\n<p><img decoding=\"async\" src=\"https:\/\/insektenliebe.com\/wp-content\/uploads\/2022\/03\/Heteropoda-lunula-Nahaufnahme.jpg\" alt=\"Heteropoda lunula in primo piano\"><\/p>\n","protected":false},"excerpt":{"rendered":"<p>Ragno granchio gigante con istinto di caccia!<\/p>\n","protected":false},"featured_media":189884,"template":"","meta":{"_acf_changed":false},"product-supplier":[],"product_brand":[],"product_cat":[2999,2809],"product_tag":[],"lce-checkout-addons":[2746],"class_list":{"0":"post-189883","1":"product","2":"type-product","3":"status-publish","4":"has-post-thumbnail","6":"product_cat-altri-ragni","7":"product_cat-ragni","8":"product_shipping_class-spedizione-di-animali","9":"lce-checkout-addons-imballaggio-invernale","11":"first","12":"outofstock","13":"taxable","14":"shipping-taxable","15":"purchasable","16":"product-type-simple"},"acf":[],"yoast_head":"<!-- This site is optimized with the Yoast SEO Premium plugin v26.8 (Yoast SEO v27.3) - https:\/\/yoast.com\/product\/yoast-seo-premium-wordpress\/ -->\n<title>Heteropoda lunula - Insektenliebe<\/title>\n<meta name=\"description\" content=\"Acquista a buon mercato Heteropoda lunula direttamente online. Acquista un ragno granchio gigante con un marcato istinto di caccia direttamente dall&#039;allevatore!\" \/>\n<meta name=\"robots\" content=\"index, follow, max-snippet:-1, max-image-preview:large, max-video-preview:-1\" \/>\n<link rel=\"canonical\" href=\"https:\/\/insektenliebe.com\/it\/shop\/prodotto\/heteropoda-lunula\/\" \/>\n<meta property=\"og:locale\" content=\"it_IT\" \/>\n<meta property=\"og:type\" content=\"article\" \/>\n<meta property=\"og:title\" content=\"Heteropoda lunula\" \/>\n<meta property=\"og:description\" content=\"Acquista a buon mercato Heteropoda lunula direttamente online. Acquista un ragno granchio gigante con un marcato istinto di caccia direttamente dall&#039;allevatore!\" \/>\n<meta property=\"og:url\" content=\"https:\/\/insektenliebe.com\/it\/shop\/prodotto\/heteropoda-lunula\/\" \/>\n<meta property=\"og:site_name\" content=\"Insektenliebe\" \/>\n<meta property=\"article:modified_time\" content=\"2022-03-24T09:52:09+00:00\" \/>\n<meta property=\"og:image\" content=\"https:\/\/insektenliebe.com\/wp-content\/uploads\/2025\/05\/Heteropoda-lunula-2.jpg\" \/>\n\t<meta property=\"og:image:width\" content=\"820\" \/>\n\t<meta property=\"og:image:height\" content=\"820\" \/>\n\t<meta property=\"og:image:type\" content=\"image\/jpeg\" \/>\n<meta name=\"twitter:card\" content=\"summary_large_image\" \/>\n<meta name=\"twitter:label1\" content=\"Prezzo\" \/>\n\t<meta name=\"twitter:data1\" content=\"14,90&nbsp;&euro; IVA incl., + spese di sped.\" \/>\n\t<meta name=\"twitter:label2\" content=\"Disponibilit\u00e0\" \/>\n\t<meta name=\"twitter:data2\" content=\"Esaurito\" \/>\n<script type=\"application\/ld+json\" class=\"yoast-schema-graph\">{\"@context\":\"https:\\\/\\\/schema.org\",\"@graph\":[{\"@type\":\"WebPage\",\"@id\":\"https:\\\/\\\/insektenliebe.com\\\/it\\\/shop\\\/prodotto\\\/heteropoda-lunula\\\/\",\"url\":\"https:\\\/\\\/insektenliebe.com\\\/it\\\/shop\\\/prodotto\\\/heteropoda-lunula\\\/\",\"name\":\"Heteropoda lunula - Insektenliebe\",\"isPartOf\":{\"@id\":\"https:\\\/\\\/insektenliebe.com\\\/it\\\/#website\"},\"primaryImageOfPage\":{\"@id\":\"https:\\\/\\\/insektenliebe.com\\\/it\\\/shop\\\/prodotto\\\/heteropoda-lunula\\\/#primaryimage\"},\"image\":{\"@id\":\"https:\\\/\\\/insektenliebe.com\\\/it\\\/shop\\\/prodotto\\\/heteropoda-lunula\\\/#primaryimage\"},\"thumbnailUrl\":\"https:\\\/\\\/insektenliebe.com\\\/wp-content\\\/uploads\\\/2025\\\/05\\\/Heteropoda-lunula-2.jpg\",\"datePublished\":\"2022-03-24T08:52:09+00:00\",\"dateModified\":\"2022-03-24T09:52:09+00:00\",\"description\":\"Acquista a buon mercato Heteropoda lunula direttamente online. Acquista un ragno granchio gigante con un marcato istinto di caccia direttamente dall'allevatore!\",\"breadcrumb\":{\"@id\":\"https:\\\/\\\/insektenliebe.com\\\/it\\\/shop\\\/prodotto\\\/heteropoda-lunula\\\/#breadcrumb\"},\"inLanguage\":\"it-IT\",\"potentialAction\":[{\"@type\":\"ReadAction\",\"target\":[\"https:\\\/\\\/insektenliebe.com\\\/it\\\/shop\\\/prodotto\\\/heteropoda-lunula\\\/\"]}]},{\"@type\":\"ImageObject\",\"inLanguage\":\"it-IT\",\"@id\":\"https:\\\/\\\/insektenliebe.com\\\/it\\\/shop\\\/prodotto\\\/heteropoda-lunula\\\/#primaryimage\",\"url\":\"https:\\\/\\\/insektenliebe.com\\\/wp-content\\\/uploads\\\/2025\\\/05\\\/Heteropoda-lunula-2.jpg\",\"contentUrl\":\"https:\\\/\\\/insektenliebe.com\\\/wp-content\\\/uploads\\\/2025\\\/05\\\/Heteropoda-lunula-2.jpg\",\"width\":820,\"height\":820,\"caption\":\"Heteropoda-lunula-2.jpg\"},{\"@type\":\"BreadcrumbList\",\"@id\":\"https:\\\/\\\/insektenliebe.com\\\/it\\\/shop\\\/prodotto\\\/heteropoda-lunula\\\/#breadcrumb\",\"itemListElement\":[{\"@type\":\"ListItem\",\"position\":1,\"name\":\"Startseite\",\"item\":\"https:\\\/\\\/insektenliebe.com\\\/it\\\/\"},{\"@type\":\"ListItem\",\"position\":2,\"name\":\"Negozio\",\"item\":\"https:\\\/\\\/insektenliebe.com\\\/it\\\/negozio\\\/\"},{\"@type\":\"ListItem\",\"position\":3,\"name\":\"Heteropoda lunula\"}]},{\"@type\":\"WebSite\",\"@id\":\"https:\\\/\\\/insektenliebe.com\\\/it\\\/#website\",\"url\":\"https:\\\/\\\/insektenliebe.com\\\/it\\\/\",\"name\":\"Insektenliebe\",\"description\":\"Dein Zuhause f\u00fcr die kleinen Lebewesen\",\"publisher\":{\"@id\":\"https:\\\/\\\/insektenliebe.com\\\/it\\\/#organization\"},\"potentialAction\":[{\"@type\":\"SearchAction\",\"target\":{\"@type\":\"EntryPoint\",\"urlTemplate\":\"https:\\\/\\\/insektenliebe.com\\\/it\\\/?s={search_term_string}\"},\"query-input\":{\"@type\":\"PropertyValueSpecification\",\"valueRequired\":true,\"valueName\":\"search_term_string\"}}],\"inLanguage\":\"it-IT\"},{\"@type\":\"Organization\",\"@id\":\"https:\\\/\\\/insektenliebe.com\\\/it\\\/#organization\",\"name\":\"Insektenliebe\",\"url\":\"https:\\\/\\\/insektenliebe.com\\\/it\\\/\",\"logo\":{\"@type\":\"ImageObject\",\"inLanguage\":\"it-IT\",\"@id\":\"https:\\\/\\\/insektenliebe.com\\\/it\\\/#\\\/schema\\\/logo\\\/image\\\/\",\"url\":\"https:\\\/\\\/insektenliebe.com\\\/wp-content\\\/uploads\\\/2025\\\/03\\\/logo-white.png\",\"contentUrl\":\"https:\\\/\\\/insektenliebe.com\\\/wp-content\\\/uploads\\\/2025\\\/03\\\/logo-white.png\",\"width\":288,\"height\":188,\"caption\":\"Insektenliebe\"},\"image\":{\"@id\":\"https:\\\/\\\/insektenliebe.com\\\/it\\\/#\\\/schema\\\/logo\\\/image\\\/\"}}]}<\/script>\n<meta property=\"product:price:amount\" content=\"14.90\" \/>\n<meta property=\"product:price:currency\" content=\"EUR\" \/>\n<meta property=\"og:availability\" content=\"out of stock\" \/>\n<meta property=\"product:availability\" content=\"out of stock\" \/>\n<meta property=\"product:retailer_item_id\" content=\"399\" \/>\n<meta property=\"product:condition\" content=\"new\" \/>\n<!-- \/ Yoast SEO Premium plugin. -->","yoast_head_json":{"title":"Heteropoda lunula - Insektenliebe","description":"Acquista a buon mercato Heteropoda lunula direttamente online. Acquista un ragno granchio gigante con un marcato istinto di caccia direttamente dall'allevatore!","robots":{"index":"index","follow":"follow","max-snippet":"max-snippet:-1","max-image-preview":"max-image-preview:large","max-video-preview":"max-video-preview:-1"},"canonical":"https:\/\/insektenliebe.com\/it\/shop\/prodotto\/heteropoda-lunula\/","og_locale":"it_IT","og_type":"article","og_title":"Heteropoda lunula","og_description":"Acquista a buon mercato Heteropoda lunula direttamente online. Acquista un ragno granchio gigante con un marcato istinto di caccia direttamente dall'allevatore!","og_url":"https:\/\/insektenliebe.com\/it\/shop\/prodotto\/heteropoda-lunula\/","og_site_name":"Insektenliebe","article_modified_time":"2022-03-24T09:52:09+00:00","og_image":[{"width":820,"height":820,"url":"https:\/\/insektenliebe.com\/wp-content\/uploads\/2025\/05\/Heteropoda-lunula-2.jpg","type":"image\/jpeg"}],"twitter_card":"summary_large_image","twitter_misc":{"Prezzo":"14,90&nbsp;&euro; IVA incl., + spese di sped.","Disponibilit\u00e0":"Esaurito"},"schema":{"@context":"https:\/\/schema.org","@graph":[{"@type":"WebPage","@id":"https:\/\/insektenliebe.com\/it\/shop\/prodotto\/heteropoda-lunula\/","url":"https:\/\/insektenliebe.com\/it\/shop\/prodotto\/heteropoda-lunula\/","name":"Heteropoda lunula - Insektenliebe","isPartOf":{"@id":"https:\/\/insektenliebe.com\/it\/#website"},"primaryImageOfPage":{"@id":"https:\/\/insektenliebe.com\/it\/shop\/prodotto\/heteropoda-lunula\/#primaryimage"},"image":{"@id":"https:\/\/insektenliebe.com\/it\/shop\/prodotto\/heteropoda-lunula\/#primaryimage"},"thumbnailUrl":"https:\/\/insektenliebe.com\/wp-content\/uploads\/2025\/05\/Heteropoda-lunula-2.jpg","datePublished":"2022-03-24T08:52:09+00:00","dateModified":"2022-03-24T09:52:09+00:00","description":"Acquista a buon mercato Heteropoda lunula direttamente online. Acquista un ragno granchio gigante con un marcato istinto di caccia direttamente dall'allevatore!","breadcrumb":{"@id":"https:\/\/insektenliebe.com\/it\/shop\/prodotto\/heteropoda-lunula\/#breadcrumb"},"inLanguage":"it-IT","potentialAction":[{"@type":"ReadAction","target":["https:\/\/insektenliebe.com\/it\/shop\/prodotto\/heteropoda-lunula\/"]}]},{"@type":"ImageObject","inLanguage":"it-IT","@id":"https:\/\/insektenliebe.com\/it\/shop\/prodotto\/heteropoda-lunula\/#primaryimage","url":"https:\/\/insektenliebe.com\/wp-content\/uploads\/2025\/05\/Heteropoda-lunula-2.jpg","contentUrl":"https:\/\/insektenliebe.com\/wp-content\/uploads\/2025\/05\/Heteropoda-lunula-2.jpg","width":820,"height":820,"caption":"Heteropoda-lunula-2.jpg"},{"@type":"BreadcrumbList","@id":"https:\/\/insektenliebe.com\/it\/shop\/prodotto\/heteropoda-lunula\/#breadcrumb","itemListElement":[{"@type":"ListItem","position":1,"name":"Startseite","item":"https:\/\/insektenliebe.com\/it\/"},{"@type":"ListItem","position":2,"name":"Negozio","item":"https:\/\/insektenliebe.com\/it\/negozio\/"},{"@type":"ListItem","position":3,"name":"Heteropoda lunula"}]},{"@type":"WebSite","@id":"https:\/\/insektenliebe.com\/it\/#website","url":"https:\/\/insektenliebe.com\/it\/","name":"Insektenliebe","description":"Dein Zuhause f\u00fcr die kleinen Lebewesen","publisher":{"@id":"https:\/\/insektenliebe.com\/it\/#organization"},"potentialAction":[{"@type":"SearchAction","target":{"@type":"EntryPoint","urlTemplate":"https:\/\/insektenliebe.com\/it\/?s={search_term_string}"},"query-input":{"@type":"PropertyValueSpecification","valueRequired":true,"valueName":"search_term_string"}}],"inLanguage":"it-IT"},{"@type":"Organization","@id":"https:\/\/insektenliebe.com\/it\/#organization","name":"Insektenliebe","url":"https:\/\/insektenliebe.com\/it\/","logo":{"@type":"ImageObject","inLanguage":"it-IT","@id":"https:\/\/insektenliebe.com\/it\/#\/schema\/logo\/image\/","url":"https:\/\/insektenliebe.com\/wp-content\/uploads\/2025\/03\/logo-white.png","contentUrl":"https:\/\/insektenliebe.com\/wp-content\/uploads\/2025\/03\/logo-white.png","width":288,"height":188,"caption":"Insektenliebe"},"image":{"@id":"https:\/\/insektenliebe.com\/it\/#\/schema\/logo\/image\/"}}]},"product_price_amount":"14.90","product_price_currency":"EUR","og_availability":"out of stock","product_availability":"out of stock","product_retailer_item_id":"399","product_condition":"new"},"_links":{"self":[{"href":"https:\/\/insektenliebe.com\/it\/wp-json\/wp\/v2\/product\/189883","targetHints":{"allow":["GET"]}}],"collection":[{"href":"https:\/\/insektenliebe.com\/it\/wp-json\/wp\/v2\/product"}],"about":[{"href":"https:\/\/insektenliebe.com\/it\/wp-json\/wp\/v2\/types\/product"}],"wp:featuredmedia":[{"embeddable":true,"href":"https:\/\/insektenliebe.com\/it\/wp-json\/wp\/v2\/media\/189884"}],"wp:attachment":[{"href":"https:\/\/insektenliebe.com\/it\/wp-json\/wp\/v2\/media?parent=189883"}],"wp:term":[{"taxonomy":"product-supplier","embeddable":true,"href":"https:\/\/insektenliebe.com\/it\/wp-json\/wp\/v2\/product-supplier?post=189883"},{"taxonomy":"product_brand","embeddable":true,"href":"https:\/\/insektenliebe.com\/it\/wp-json\/wp\/v2\/product_brand?post=189883"},{"taxonomy":"product_cat","embeddable":true,"href":"https:\/\/insektenliebe.com\/it\/wp-json\/wp\/v2\/product_cat?post=189883"},{"taxonomy":"product_tag","embeddable":true,"href":"https:\/\/insektenliebe.com\/it\/wp-json\/wp\/v2\/product_tag?post=189883"},{"taxonomy":"lce-checkout-addons","embeddable":true,"href":"https:\/\/insektenliebe.com\/it\/wp-json\/wp\/v2\/lce-checkout-addons?post=189883"}],"curies":[{"name":"wp","href":"https:\/\/api.w.org\/{rel}","templated":true}]}}