{"id":189878,"date":"2022-10-05T17:33:00","date_gmt":"2022-10-05T15:33:00","guid":{"rendered":"https:\/\/insektenliebe.com\/shop\/produkt\/isopoda-spec-cranio-bianco\/"},"modified":"2026-05-13T17:34:27","modified_gmt":"2026-05-13T15:34:27","slug":"isopoda-spec-cranio-bianco","status":"publish","type":"product","link":"https:\/\/insektenliebe.com\/it\/shop\/prodotto\/isopoda-spec-cranio-bianco\/","title":{"rendered":"Laureola spec. \"Teschio bianco\""},"content":{"rendered":"<h2><span class=\"s1\" style=\"color: #99cc33;\"><b>Laureola spec. \"Teschio Bianco\" - Scuro, ricco di contrasti e straordinario<\/b><\/span><\/h2>\n<p class=\"p1\"><b>Laureola spec. \"Teschio bianco\"<\/b><span class=\"s2\">  \u00e8 uno degli isopodi tropicali pi\u00f9 sorprendenti in assoluto. Particolarmente suggestivo \u00e8 il disegno chiaro sulla parte anteriore del corpo, che ricorda fortemente un teschio bianco e che ha dato il nome alla specie. <\/span><\/p>\n<p class=\"p1\">Soprattutto in combinazione con i segmenti pi\u00f9 scuri, si crea un contrasto estremo che fa s\u00ec che gli animali catturino immediatamente l&#8217;attenzione. Allo stesso tempo, la superficie leggermente strutturata fa s\u00ec che il disegno appaia ancora pi\u00f9 vivido. <\/p>\n<p class=\"p2\">Questo crea un aspetto insolito che si distingue chiaramente dai classici isopodi tropicali.<\/p>\n<h3><span class=\"s1\" style=\"color: #99cc33;\"><b>Marcature della testa chiare e contrasti scuri<\/b><\/span><\/h3>\n<p class=\"p1\">Con l&#8217;aumentare dell&#8217;et\u00e0, i contrasti diventano sempre pi\u00f9 forti, mentre gli animali adulti mostrano le marcature pi\u00f9 intense.<\/p>\n<p class=\"p1\">La zona della testa, di colore chiaro, si distingue in modo particolarmente evidente dal resto del corpo, creando il tipico effetto \"cranio bianco\". Inoltre, ogni animale presenta modelli leggermente diversi, motivo per cui ogni gruppo sviluppa il proprio aspetto. <\/p>\n<p class=\"p2\">Le aree chiare risaltano particolarmente bene sul fogliame scuro o sul muschio umido.<\/p>\n<h3><span class=\"s1\" style=\"color: #99cc33;\"><b>Silenzioso, ma regolarmente visibile<\/b><\/span><\/h3>\n<p class=\"p1\"><b>Laureola spec. \"Teschio bianco\"<\/b><span class=\"s2\">  \u00e8 principalmente crepuscolare e notturna. Tuttavia, dopo aver spruzzato o mangiato del cibo fresco, molti animali diventano spesso visibili e si muovono attivamente nel terrario. <\/span><\/p>\n<p class=\"p1\">Poi cercano tra il fogliame, si siedono sotto i pezzi di legno o esplorano il substrato in cerca di cibo. In questo modo l&#8217;intero allestimento appare molto pi\u00f9 vivace e naturale. <\/p>\n<p class=\"p2\">Come molti isopodi tropicali, anche loro trascorrono molto tempo in rifugi umidi, per questo \u00e8 particolarmente importante fornire loro un ambiente strutturalmente ricco.<\/p>\n<h3><span class=\"s1\" style=\"color: #99cc33;\"><b>Dimensioni e allestimento del terrario<\/b><\/span><\/h3>\n<p class=\"p4\">Una scatola per isopodi ben ventilata o un piccolo terrario tropicale con sufficiente spazio sul pavimento sono adatti per tenerli. Funzionano particolarmente bene:<\/p>\n<ul>\n<li><span class=\"s1\">Lattine BraPlast<\/span><\/li>\n<li><span class=\"s1\">Set completo di terrario per pidocchi<\/span><\/li>\n<li><span class=\"s1\">Repto Terra Sky<\/span><\/li>\n<\/ul>\n<p class=\"p4\">L&#8217;allestimento dovrebbe offrire il maggior numero possibile di nascondigli e zone di umidit\u00e0 diverse. I seguenti si sono rivelati particolarmente efficaci: <\/p>\n<ul>\n<li><span class=\"s1\">Foglie di foraggio<\/span><\/li>\n<li><span class=\"s1\">legno marcio bianco<\/span><\/li>\n<li><span class=\"s1\">Muschio<\/span><\/li>\n<li><span class=\"s1\">Pezzi di sughero<\/span><\/li>\n<li><span class=\"s1\">Granulato di calce<\/span><\/li>\n<li><span class=\"s1\">Pezzi di corteccia<\/span><\/li>\n<\/ul>\n<p class=\"p2\">Gli allestimenti naturali e leggermente pi\u00f9 scuri fanno risaltare particolarmente bene le intense marcature degli animali. Allo stesso tempo, fogliame e legno marcio vengono utilizzati attivamente come cibo. <\/p>\n<h3><span class=\"s1\" style=\"color: #99cc33;\"><b>Substrato e microclima<\/b><\/span><\/h3>\n<p class=\"p4\">Per una configurazione stabile, si consiglia un mix di:<\/p>\n<ul>\n<li><span class=\"s1\">Humus forestale<\/span><\/li>\n<li><span class=\"s1\">legno marcio bianco<\/span><\/li>\n<li><span class=\"s1\">Foglie di foraggio<\/span><\/li>\n<li><span class=\"s1\">Granulato di calce<\/span><\/li>\n<\/ul>\n<p class=\"p1\">In questo modo il substrato rimane sempre sciolto e leggermente umido e, allo stesso tempo, fornisce agli animali cibo e luoghi di ritiro costanti.<\/p>\n<p class=\"p2\">Anche un angolo umido e uno leggermente pi\u00f9 asciutto si sono dimostrati efficaci, in quanto consentono agli animali di utilizzare aree diverse.<\/p>\n<h3><span class=\"s1\" style=\"color: #99cc33;\"><b>Clima e cura<\/b><\/span><\/h3>\n<p class=\"p4\">Per un allevamento di successo \u00e8 necessario attenersi ai seguenti valori:<\/p>\n<ul>\n<li><span class=\"s1\">Temperatura: <\/span><span class=\"s2\"><b>22-25 \u00b0C<\/b><\/span><\/li>\n<li><span class=\"s1\">Umidit\u00e0: <\/span><span class=\"s2\"><b>75-90 %<\/b><\/span><\/li>\n<\/ul>\n<p class=\"p1\">Il substrato deve rimanere sempre leggermente umido, ma non deve bagnarsi. Allo stesso tempo, una buona ventilazione \u00e8 importante per mantenere il clima stabile.<\/p>\n<p class=\"p2\">Con uno spruzzatore <span class=\"s1\"><b>spruzzatore fine GLORIA<\/b><\/span><span class=\"s2\"> l&#8217;umidit\u00e0 pu\u00f2 essere distribuita in modo particolarmente fine e uniforme.<\/span><\/p>\n<h3><span class=\"s1\" style=\"color: #99cc33;\"><b>Alimentazione<\/b><\/span><\/h3>\n<p class=\"p4\">Gli animali si nutrono principalmente di materiale organico e quindi hanno bisogno di foglie e legno marcio su base permanente. A loro piace anche essere mangiati:<\/p>\n<ul>\n<li><span class=\"s1\">Cibo Assel<\/span><\/li>\n<li><span class=\"s1\">Verdure<\/span><\/li>\n<li><span class=\"s1\">Osso di seppia<\/span><\/li>\n<\/ul>\n<p class=\"p2\">Un buon apporto di calcio \u00e8 particolarmente importante affinch\u00e9 gli animali possano costruire correttamente il loro esoscheletro.<\/p>\n<h3><span class=\"s1\" style=\"color: #99cc33;\"><b>Prole<\/b><\/span><\/h3>\n<p class=\"p1\">In condizioni stabili  <span class=\"s1\"><b>Laureola spec. \"Teschio bianco\"<\/b><\/span><span class=\"s2\">  affidabile. Inizialmente i piccoli si nascondono nel fogliame e nel substrato prima di diventare pi\u00f9 attivi in seguito. <\/span><\/p>\n<p class=\"p2\">Gli ambienti bioattivi ben consolidati favoriscono in modo significativo la riproduzione, poich\u00e9 vi sono disponibili in modo permanente cibo e condizioni stabili.<\/p>\n<h3><span class=\"s1\" style=\"color: #99cc33;\"><b>Punti importanti da conservare<\/b><\/span><\/h3>\n<ul>\n<li><span class=\"s1\">L&#8217;umidit\u00e0 elevata \u00e8 importante<\/span><\/li>\n<li><span class=\"s1\">Una buona ventilazione \u00e8 fondamentale<\/span><\/li>\n<li><span class=\"s1\">\u00c8 necessario un sacco di fogliame e di legno<\/span><\/li>\n<li><span class=\"s1\">Si consiglia un arredamento strutturalmente ricco<\/span><\/li>\n<li><span class=\"s1\">Ideale per i terrari bioattivi<\/span><\/li>\n<\/ul>\n<h3><span class=\"s1\" style=\"color: #99cc33;\"><b>Accessori adatti alla tua configurazione<\/b><\/span><\/h3>\n<p class=\"p4\">Per un setup stabile e quasi naturale, ti consigliamo di<\/p>\n<ul>\n<li><span class=\"s1\"><b>Foglie di foraggio<\/b><\/span><span class=\"s2\"> - il pi\u00f9 importante alimento di base<\/span><\/li>\n<li><span class=\"s1\"><b>Legno marcio bianco<\/b><\/span><span class=\"s2\"> - Cibo e nascondiglio allo stesso tempo<\/span><\/li>\n<li><span class=\"s1\"><b>Granulato di calce<\/b><\/span><span class=\"s2\"> - sostiene la struttura dell&#8217;armatura<\/span><\/li>\n<li><span class=\"s1\"><b>Humus forestale<\/b><\/span><span class=\"s2\"> - substrato naturale<\/span><\/li>\n<li><span class=\"s1\"><b>osso di seppia<\/b><\/span><span class=\"s2\"> - Fonte aggiuntiva di calcio<\/span><\/li>\n<li><span class=\"s1\"><b>Spruzzatore fine GLORIA<\/b><\/span><span class=\"s2\"> - Umidit\u00e0 controllata<\/span><\/li>\n<li><span class=\"s1\"><b>Scatole BraPlast<\/b><\/span><span class=\"s2\"> - ideale per piccole specie tropicali<\/span><\/li>\n<\/ul>\n<p class=\"p2\">In questo modo si crea un ambiente tropicale stabile e allo stesso tempo si permette agli animali di comportarsi in modo naturale.<\/p>\n<h3><span class=\"s1\" style=\"color: #99cc33;\"><b>Conclusione<\/b><\/span><\/h3>\n<p class=\"p1\"><b>Laureola spec. \"Teschio bianco\"<\/b><span class=\"s2\">  \u00e8 uno degli isopodi tropicali pi\u00f9 insoliti in assoluto. Le marcature chiare della testa, i forti contrasti e la superficie strutturata rendono questa specie un vero e proprio punto di forza nel terrario. <\/span><\/p>\n<p class=\"p5\">Chi \u00e8 alla ricerca di isopodi rari e dall&#8217;aspetto insolito apprezzer\u00e0 questa specie.<\/p>\n","protected":false},"excerpt":{"rendered":"<p>Rarit\u00e0!<\/p>\n","protected":false},"featured_media":186013,"template":"","meta":{"_acf_changed":false},"product-supplier":[],"product_brand":[],"product_cat":[2850,2788],"product_tag":[],"lce-checkout-addons":[2746],"class_list":{"0":"post-189878","1":"product","2":"type-product","3":"status-publish","4":"has-post-thumbnail","6":"product_cat-altri-isopodi-merulanella-ecc","7":"product_cat-woodlice","8":"product_shipping_class-spedizione-di-animali","9":"pa_herkunft-vietnam","10":"pa_kontinent-asia","11":"lce-checkout-addons-imballaggio-invernale","13":"first","14":"instock","15":"sale","16":"taxable","17":"shipping-taxable","18":"purchasable","19":"product-type-variable"},"acf":[],"yoast_head":"<!-- This site is optimized with the Yoast SEO Premium plugin v26.8 (Yoast SEO v27.5) - https:\/\/yoast.com\/product\/yoast-seo-premium-wordpress\/ -->\n<title>Laureola spec. &quot;Teschio bianco&quot; - Insektenliebe<\/title>\n<meta name=\"description\" content=\"Laureola spec. &quot;Teschio bianco&quot; - insolito isopode tropicale con marcature chiare sulla testa e aspetto ad alto contrasto. Una rarit\u00e0 assoluta!\" \/>\n<meta name=\"robots\" content=\"index, follow, max-snippet:-1, max-image-preview:large, max-video-preview:-1\" \/>\n<link rel=\"canonical\" href=\"https:\/\/insektenliebe.com\/it\/shop\/prodotto\/isopoda-spec-cranio-bianco\/\" \/>\n<meta property=\"og:locale\" content=\"it_IT\" \/>\n<meta property=\"og:type\" content=\"article\" \/>\n<meta property=\"og:title\" content=\"Laureola spec. &quot;Teschio bianco&quot;\" \/>\n<meta property=\"og:description\" content=\"Laureola spec. &quot;Teschio bianco&quot; - insolito isopode tropicale con marcature chiare sulla testa e aspetto ad alto contrasto. Una rarit\u00e0 assoluta!\" \/>\n<meta property=\"og:url\" content=\"https:\/\/insektenliebe.com\/it\/shop\/prodotto\/isopoda-spec-cranio-bianco\/\" \/>\n<meta property=\"og:site_name\" content=\"Insektenliebe\" \/>\n<meta property=\"article:modified_time\" content=\"2026-05-13T15:34:27+00:00\" \/>\n<meta property=\"og:image\" content=\"https:\/\/insektenliebe.com\/wp-content\/uploads\/2025\/05\/Isopoda-spec.-22White-Skull22-scaled-3.jpg\" \/>\n\t<meta property=\"og:image:width\" content=\"2560\" \/>\n\t<meta property=\"og:image:height\" content=\"2560\" \/>\n\t<meta property=\"og:image:type\" content=\"image\/jpeg\" \/>\n<meta name=\"twitter:card\" content=\"summary_large_image\" \/>\n<meta name=\"twitter:label1\" content=\"Disponibilit\u00e0\" \/>\n\t<meta name=\"twitter:data1\" content=\"In stock\" \/>\n<script type=\"application\/ld+json\" class=\"yoast-schema-graph\">{\"@context\":\"https:\\\/\\\/schema.org\",\"@graph\":[{\"@type\":\"WebPage\",\"@id\":\"https:\\\/\\\/insektenliebe.com\\\/it\\\/shop\\\/prodotto\\\/isopoda-spec-cranio-bianco\\\/\",\"url\":\"https:\\\/\\\/insektenliebe.com\\\/it\\\/shop\\\/prodotto\\\/isopoda-spec-cranio-bianco\\\/\",\"name\":\"Laureola spec. \\\"Teschio bianco\\\" - Insektenliebe\",\"isPartOf\":{\"@id\":\"https:\\\/\\\/insektenliebe.com\\\/it\\\/#website\"},\"primaryImageOfPage\":{\"@id\":\"https:\\\/\\\/insektenliebe.com\\\/it\\\/shop\\\/prodotto\\\/isopoda-spec-cranio-bianco\\\/#primaryimage\"},\"image\":{\"@id\":\"https:\\\/\\\/insektenliebe.com\\\/it\\\/shop\\\/prodotto\\\/isopoda-spec-cranio-bianco\\\/#primaryimage\"},\"thumbnailUrl\":\"https:\\\/\\\/insektenliebe.com\\\/wp-content\\\/uploads\\\/2025\\\/05\\\/Isopoda-spec.-22White-Skull22-scaled-3.jpg\",\"datePublished\":\"2022-10-05T15:33:00+00:00\",\"dateModified\":\"2026-05-13T15:34:27+00:00\",\"description\":\"Laureola spec. \\\"Teschio bianco\\\" - insolito isopode tropicale con marcature chiare sulla testa e aspetto ad alto contrasto. Una rarit\u00e0 assoluta!\",\"breadcrumb\":{\"@id\":\"https:\\\/\\\/insektenliebe.com\\\/it\\\/shop\\\/prodotto\\\/isopoda-spec-cranio-bianco\\\/#breadcrumb\"},\"inLanguage\":\"it-IT\",\"potentialAction\":[{\"@type\":\"ReadAction\",\"target\":[\"https:\\\/\\\/insektenliebe.com\\\/it\\\/shop\\\/prodotto\\\/isopoda-spec-cranio-bianco\\\/\"]}]},{\"@type\":\"ImageObject\",\"inLanguage\":\"it-IT\",\"@id\":\"https:\\\/\\\/insektenliebe.com\\\/it\\\/shop\\\/prodotto\\\/isopoda-spec-cranio-bianco\\\/#primaryimage\",\"url\":\"https:\\\/\\\/insektenliebe.com\\\/wp-content\\\/uploads\\\/2025\\\/05\\\/Isopoda-spec.-22White-Skull22-scaled-3.jpg\",\"contentUrl\":\"https:\\\/\\\/insektenliebe.com\\\/wp-content\\\/uploads\\\/2025\\\/05\\\/Isopoda-spec.-22White-Skull22-scaled-3.jpg\",\"width\":2560,\"height\":2560,\"caption\":\"Isopoda-spec.-22White-Skull22-scaled-3.jpg\"},{\"@type\":\"BreadcrumbList\",\"@id\":\"https:\\\/\\\/insektenliebe.com\\\/it\\\/shop\\\/prodotto\\\/isopoda-spec-cranio-bianco\\\/#breadcrumb\",\"itemListElement\":[{\"@type\":\"ListItem\",\"position\":1,\"name\":\"Startseite\",\"item\":\"https:\\\/\\\/insektenliebe.com\\\/it\\\/\"},{\"@type\":\"ListItem\",\"position\":2,\"name\":\"Negozio\",\"item\":\"https:\\\/\\\/insektenliebe.com\\\/it\\\/negozio\\\/\"},{\"@type\":\"ListItem\",\"position\":3,\"name\":\"Laureola spec. \\\"Teschio bianco\\\"\"}]},{\"@type\":\"WebSite\",\"@id\":\"https:\\\/\\\/insektenliebe.com\\\/it\\\/#website\",\"url\":\"https:\\\/\\\/insektenliebe.com\\\/it\\\/\",\"name\":\"Insektenliebe\",\"description\":\"Dein Zuhause f\u00fcr die kleinen Lebewesen\",\"publisher\":{\"@id\":\"https:\\\/\\\/insektenliebe.com\\\/it\\\/#organization\"},\"potentialAction\":[{\"@type\":\"SearchAction\",\"target\":{\"@type\":\"EntryPoint\",\"urlTemplate\":\"https:\\\/\\\/insektenliebe.com\\\/it\\\/?s={search_term_string}\"},\"query-input\":{\"@type\":\"PropertyValueSpecification\",\"valueRequired\":true,\"valueName\":\"search_term_string\"}}],\"inLanguage\":\"it-IT\"},{\"@type\":\"Organization\",\"@id\":\"https:\\\/\\\/insektenliebe.com\\\/it\\\/#organization\",\"name\":\"Insektenliebe\",\"url\":\"https:\\\/\\\/insektenliebe.com\\\/it\\\/\",\"logo\":{\"@type\":\"ImageObject\",\"inLanguage\":\"it-IT\",\"@id\":\"https:\\\/\\\/insektenliebe.com\\\/it\\\/#\\\/schema\\\/logo\\\/image\\\/\",\"url\":\"https:\\\/\\\/insektenliebe.com\\\/wp-content\\\/uploads\\\/2025\\\/03\\\/logo-white.png\",\"contentUrl\":\"https:\\\/\\\/insektenliebe.com\\\/wp-content\\\/uploads\\\/2025\\\/03\\\/logo-white.png\",\"width\":288,\"height\":188,\"caption\":\"Insektenliebe\"},\"image\":{\"@id\":\"https:\\\/\\\/insektenliebe.com\\\/it\\\/#\\\/schema\\\/logo\\\/image\\\/\"}}]}<\/script>\n<meta property=\"og:availability\" content=\"instock\" \/>\n<meta property=\"product:availability\" content=\"instock\" \/>\n<meta property=\"product:retailer_item_id\" content=\"420\" \/>\n<meta property=\"product:condition\" content=\"new\" \/>\n<!-- \/ Yoast SEO Premium plugin. -->","yoast_head_json":{"title":"Laureola spec. \"Teschio bianco\" - Insektenliebe","description":"Laureola spec. \"Teschio bianco\" - insolito isopode tropicale con marcature chiare sulla testa e aspetto ad alto contrasto. Una rarit\u00e0 assoluta!","robots":{"index":"index","follow":"follow","max-snippet":"max-snippet:-1","max-image-preview":"max-image-preview:large","max-video-preview":"max-video-preview:-1"},"canonical":"https:\/\/insektenliebe.com\/it\/shop\/prodotto\/isopoda-spec-cranio-bianco\/","og_locale":"it_IT","og_type":"article","og_title":"Laureola spec. \"Teschio bianco\"","og_description":"Laureola spec. \"Teschio bianco\" - insolito isopode tropicale con marcature chiare sulla testa e aspetto ad alto contrasto. Una rarit\u00e0 assoluta!","og_url":"https:\/\/insektenliebe.com\/it\/shop\/prodotto\/isopoda-spec-cranio-bianco\/","og_site_name":"Insektenliebe","article_modified_time":"2026-05-13T15:34:27+00:00","og_image":[{"width":2560,"height":2560,"url":"https:\/\/insektenliebe.com\/wp-content\/uploads\/2025\/05\/Isopoda-spec.-22White-Skull22-scaled-3.jpg","type":"image\/jpeg"}],"twitter_card":"summary_large_image","twitter_misc":{"Disponibilit\u00e0":"In stock"},"schema":{"@context":"https:\/\/schema.org","@graph":[{"@type":"WebPage","@id":"https:\/\/insektenliebe.com\/it\/shop\/prodotto\/isopoda-spec-cranio-bianco\/","url":"https:\/\/insektenliebe.com\/it\/shop\/prodotto\/isopoda-spec-cranio-bianco\/","name":"Laureola spec. \"Teschio bianco\" - Insektenliebe","isPartOf":{"@id":"https:\/\/insektenliebe.com\/it\/#website"},"primaryImageOfPage":{"@id":"https:\/\/insektenliebe.com\/it\/shop\/prodotto\/isopoda-spec-cranio-bianco\/#primaryimage"},"image":{"@id":"https:\/\/insektenliebe.com\/it\/shop\/prodotto\/isopoda-spec-cranio-bianco\/#primaryimage"},"thumbnailUrl":"https:\/\/insektenliebe.com\/wp-content\/uploads\/2025\/05\/Isopoda-spec.-22White-Skull22-scaled-3.jpg","datePublished":"2022-10-05T15:33:00+00:00","dateModified":"2026-05-13T15:34:27+00:00","description":"Laureola spec. \"Teschio bianco\" - insolito isopode tropicale con marcature chiare sulla testa e aspetto ad alto contrasto. Una rarit\u00e0 assoluta!","breadcrumb":{"@id":"https:\/\/insektenliebe.com\/it\/shop\/prodotto\/isopoda-spec-cranio-bianco\/#breadcrumb"},"inLanguage":"it-IT","potentialAction":[{"@type":"ReadAction","target":["https:\/\/insektenliebe.com\/it\/shop\/prodotto\/isopoda-spec-cranio-bianco\/"]}]},{"@type":"ImageObject","inLanguage":"it-IT","@id":"https:\/\/insektenliebe.com\/it\/shop\/prodotto\/isopoda-spec-cranio-bianco\/#primaryimage","url":"https:\/\/insektenliebe.com\/wp-content\/uploads\/2025\/05\/Isopoda-spec.-22White-Skull22-scaled-3.jpg","contentUrl":"https:\/\/insektenliebe.com\/wp-content\/uploads\/2025\/05\/Isopoda-spec.-22White-Skull22-scaled-3.jpg","width":2560,"height":2560,"caption":"Isopoda-spec.-22White-Skull22-scaled-3.jpg"},{"@type":"BreadcrumbList","@id":"https:\/\/insektenliebe.com\/it\/shop\/prodotto\/isopoda-spec-cranio-bianco\/#breadcrumb","itemListElement":[{"@type":"ListItem","position":1,"name":"Startseite","item":"https:\/\/insektenliebe.com\/it\/"},{"@type":"ListItem","position":2,"name":"Negozio","item":"https:\/\/insektenliebe.com\/it\/negozio\/"},{"@type":"ListItem","position":3,"name":"Laureola spec. \"Teschio bianco\""}]},{"@type":"WebSite","@id":"https:\/\/insektenliebe.com\/it\/#website","url":"https:\/\/insektenliebe.com\/it\/","name":"Insektenliebe","description":"Dein Zuhause f\u00fcr die kleinen Lebewesen","publisher":{"@id":"https:\/\/insektenliebe.com\/it\/#organization"},"potentialAction":[{"@type":"SearchAction","target":{"@type":"EntryPoint","urlTemplate":"https:\/\/insektenliebe.com\/it\/?s={search_term_string}"},"query-input":{"@type":"PropertyValueSpecification","valueRequired":true,"valueName":"search_term_string"}}],"inLanguage":"it-IT"},{"@type":"Organization","@id":"https:\/\/insektenliebe.com\/it\/#organization","name":"Insektenliebe","url":"https:\/\/insektenliebe.com\/it\/","logo":{"@type":"ImageObject","inLanguage":"it-IT","@id":"https:\/\/insektenliebe.com\/it\/#\/schema\/logo\/image\/","url":"https:\/\/insektenliebe.com\/wp-content\/uploads\/2025\/03\/logo-white.png","contentUrl":"https:\/\/insektenliebe.com\/wp-content\/uploads\/2025\/03\/logo-white.png","width":288,"height":188,"caption":"Insektenliebe"},"image":{"@id":"https:\/\/insektenliebe.com\/it\/#\/schema\/logo\/image\/"}}]},"og_availability":"instock","product_availability":"instock","product_retailer_item_id":"420","product_condition":"new"},"_links":{"self":[{"href":"https:\/\/insektenliebe.com\/it\/wp-json\/wp\/v2\/product\/189878","targetHints":{"allow":["GET"]}}],"collection":[{"href":"https:\/\/insektenliebe.com\/it\/wp-json\/wp\/v2\/product"}],"about":[{"href":"https:\/\/insektenliebe.com\/it\/wp-json\/wp\/v2\/types\/product"}],"wp:featuredmedia":[{"embeddable":true,"href":"https:\/\/insektenliebe.com\/it\/wp-json\/wp\/v2\/media\/186013"}],"wp:attachment":[{"href":"https:\/\/insektenliebe.com\/it\/wp-json\/wp\/v2\/media?parent=189878"}],"wp:term":[{"taxonomy":"product-supplier","embeddable":true,"href":"https:\/\/insektenliebe.com\/it\/wp-json\/wp\/v2\/product-supplier?post=189878"},{"taxonomy":"product_brand","embeddable":true,"href":"https:\/\/insektenliebe.com\/it\/wp-json\/wp\/v2\/product_brand?post=189878"},{"taxonomy":"product_cat","embeddable":true,"href":"https:\/\/insektenliebe.com\/it\/wp-json\/wp\/v2\/product_cat?post=189878"},{"taxonomy":"product_tag","embeddable":true,"href":"https:\/\/insektenliebe.com\/it\/wp-json\/wp\/v2\/product_tag?post=189878"},{"taxonomy":"lce-checkout-addons","embeddable":true,"href":"https:\/\/insektenliebe.com\/it\/wp-json\/wp\/v2\/lce-checkout-addons?post=189878"}],"curies":[{"name":"wp","href":"https:\/\/api.w.org\/{rel}","templated":true}]}}