{"id":189877,"date":"2019-10-18T11:56:29","date_gmt":"2019-10-18T11:56:29","guid":{"rendered":"https:\/\/insektenliebe.com\/shop\/produkt\/barattolo-braplast-con-coperchio-di-garza\/"},"modified":"2026-03-06T09:49:48","modified_gmt":"2026-03-06T08:49:48","slug":"barattolo-braplast-con-coperchio-di-garza","status":"publish","type":"product","link":"https:\/\/insektenliebe.com\/it\/shop\/prodotto\/barattolo-braplast-con-coperchio-di-garza\/","title":{"rendered":"Barattolo BraPlast con coperchio di garza"},"content":{"rendered":"<h3><span class=\"s1\" style=\"color: #99cc33;\">Scatola BraPlast con coperchio in garza - Scatola di riproduzione sicura per ragni, mantidi e scorpioni<\/span><\/h3>\n<p class=\"p1\"><span class=\"s1\">Il <\/span><strong><span class=\"s2\">Barattolo BraPlast con coperchio in garza<\/span><\/strong><span class=\"s1\">  \u00e8 un contenitore pratico e versatile per molti animali invertebrati da terrario. \u00c8 adatta sia per   <\/span><span class=\"s2\">allevamento<\/span><span class=\"s1\">cos\u00ec come per il <\/span><span class=\"s2\">allevamento permanente di piccole specie<\/span><span class=\"s1\">. Puoi anche usarli per il trasporto o come contenitori per la quarantena.<\/span><\/p>\n<p class=\"p1\"><span class=\"s1\">Il coperchio ha una <\/span><span class=\"s2\">garza di ventilazione saldata<\/span><span class=\"s1\">in modo che ci sia sempre una buona circolazione dell&#8217;aria. In questo modo il clima all&#8217;interno della scatola rimane stabile. Allo stesso tempo, la struttura a maglie fini impedisce la fuoriuscita di piccoli animali da cibo. In particolare     <\/span><span class=\"s2\">Mosche della frutta Drosophila<\/span><span class=\"s1\">  rimangono al sicuro nella lattina. Ecco perch\u00e9 la lattina BraPlast   <\/span><span class=\"s2\">sicuro per le drosofile<\/span><span class=\"s1\"> ed \u00e8 ideale per i piccoli predatori.<\/span><\/p>\n<p class=\"p1\"><span class=\"s1\">Inoltre, il coperchio si chiude <\/span><span class=\"s2\">in modo molto saldo e affidabile<\/span><span class=\"s1\">. In questo modo i tuoi animali rimangono al sicuro all&#8217;interno del contenitore. Allo stesso tempo, il coperchio pu\u00f2 essere aperto rapidamente in modo da poter dare da mangiare o pulire senza problemi. <\/span><\/p>\n<p class=\"p1\"><span class=\"s1\">La scatola \u00e8 realizzata in <\/span><span class=\"s2\">plastica trasparente<\/span><span class=\"s1\">in modo da poter tenere sotto controllo i tuoi animali in ogni momento. Questo \u00e8 particolarmente pratico per gli animali giovani, in quanto puoi tenere d&#8217;occhio la loro crescita, il loro comportamento e l&#8217;assunzione di cibo in ogni momento. Allo stesso tempo, la struttura trasparente riduce lo stress inutile perch\u00e9 non dovrai aprire continuamente il coperchio.  <\/span><\/p>\n<p class=\"p1\"><span class=\"s1\">Le lattine BraPlast fanno parte dell&#8217;attrezzatura standard <\/span><span class=\"s2\">dell&#8217;equipaggiamento standard della terraristica<\/span><span class=\"s1\">. Sono adatti a numerose specie. Sono particolarmente utilizzate per   <\/span><span class=\"s2\">tarantole, ragni saltatori, mantidi, scorpioni e altri piccoli invertebrati.<\/span><span class=\"s1\"> utilizzati.<\/span><\/p>\n<p class=\"p1\"><span class=\"s1\">Le lattine sono anche molto facili da impilare <\/span><span class=\"s2\">impilate o accostate l&#8217;una all&#8217;altra<\/span><span class=\"s1\">. In questo modo si risparmia spazio e si possono tenere organizzati in modo chiaro diversi animali. Questo \u00e8 un grande vantaggio, soprattutto per gli allevatori. <\/span><\/p>\n<p class=\"p1\"><span class=\"s1\">Anche la configurazione \u00e8 semplice. Puoi fare qualcosa   <\/span><span class=\"s2\">Substrato, muschio, corteccia o piccoli rami<\/span><span class=\"s1\">  portare in casa. In questo modo si crea rapidamente un ambiente piccolo e naturale. Allo stesso tempo, la manutenzione rimane semplice e chiara.  <\/span><\/p>\n<p class=\"p1\"><span class=\"s1\">Grazie alla sua lavorazione stabile, alla ventilazione sicura e all&#8217;elevata funzionalit\u00e0, la lattina BraPlast con coperchio in garza <\/span><strong><span class=\"s2\">Lattina BraPlast con coperchio di garza<\/span><\/strong><span class=\"s1\">  una soluzione collaudata per molte aree della terraristica. Per questo motivo fa parte dell&#8217;equipaggiamento di base di molti allevatori quando tengono e allevano piccoli invertebrati. <\/span><\/p>\n<p><strong>Esecuzione:<\/strong><\/p>\n<p>Capacit\u00e0: 5,8 litri<br \/>\nDimensioni: 19,5 cm x 19,5 cm x 19,0 cm<\/p>\n<p>Capacit\u00e0: 3,0 litri<br \/>\nDimensioni: 19,5 cm x 19,5 cm x 11,5 cm<\/p>\n<p>Capacit\u00e0: 1,15 litri<br \/>\nDimensioni: 13,0 cm x 13,0 cm x 11,0 cm<\/p>\n","protected":false},"excerpt":{"rendered":"<p>Scatola BraPlast con coperchio in garza - Scatola di riproduzione sicura per ragni, mantidi e scorpioni Il Barattolo BraPlast con coperchio in garza \u00e8 un contenitore pratico e versatile per molti animali invertebrati da terrario. \u00c8 adatta sia per allevamentocos\u00ec come per il allevamento permanente di piccole specie. Puoi anche usarli per il trasporto o [&hellip;]<\/p>\n","protected":false},"featured_media":187983,"template":"","meta":{"_acf_changed":false},"product-supplier":[],"product_brand":[],"product_cat":[2760],"product_tag":[],"lce-checkout-addons":[],"class_list":{"0":"post-189877","1":"product","2":"type-product","3":"status-publish","4":"has-post-thumbnail","6":"product_cat-terrari-e-contenitori","7":"product_shipping_class-equipment-shipping","9":"first","10":"instock","11":"taxable","12":"shipping-taxable","13":"purchasable","14":"product-type-variable"},"acf":[],"yoast_head":"<!-- This site is optimized with the Yoast SEO plugin v27.3 - https:\/\/yoast.com\/product\/yoast-seo-wordpress\/ -->\n<title>Barattolo BraPlast con coperchio di garza - Insektenliebe<\/title>\n<meta name=\"description\" content=\"Scatola BraPlast con coperchio in garza - scatola trasparente per la riproduzione e la conservazione di tarantole, ragni saltatori e altri invertebrati. A prova di drosofila.\" \/>\n<meta name=\"robots\" content=\"index, follow, max-snippet:-1, max-image-preview:large, max-video-preview:-1\" \/>\n<link rel=\"canonical\" href=\"https:\/\/insektenliebe.com\/it\/shop\/prodotto\/barattolo-braplast-con-coperchio-di-garza\/\" \/>\n<meta property=\"og:locale\" content=\"it_IT\" \/>\n<meta property=\"og:type\" content=\"article\" \/>\n<meta property=\"og:title\" content=\"Barattolo BraPlast con coperchio di garza - Insektenliebe\" \/>\n<meta property=\"og:description\" content=\"Scatola BraPlast con coperchio in garza - scatola trasparente per la riproduzione e la conservazione di tarantole, ragni saltatori e altri invertebrati. A prova di drosofila.\" \/>\n<meta property=\"og:url\" content=\"https:\/\/insektenliebe.com\/it\/shop\/prodotto\/barattolo-braplast-con-coperchio-di-garza\/\" \/>\n<meta property=\"og:site_name\" content=\"Insektenliebe\" \/>\n<meta property=\"article:modified_time\" content=\"2026-03-06T08:49:48+00:00\" \/>\n<meta property=\"og:image\" content=\"https:\/\/insektenliebe.com\/wp-content\/uploads\/2025\/05\/braplast-mit-belueftung-scaled-3.jpg\" \/>\n\t<meta property=\"og:image:width\" content=\"2560\" \/>\n\t<meta property=\"og:image:height\" content=\"2560\" \/>\n\t<meta property=\"og:image:type\" content=\"image\/jpeg\" \/>\n<meta name=\"twitter:card\" content=\"summary_large_image\" \/>\n<meta name=\"twitter:label1\" content=\"Tempo di lettura stimato\" \/>\n\t<meta name=\"twitter:data1\" content=\"2 minuto\" \/>\n<script type=\"application\/ld+json\" class=\"yoast-schema-graph\">{\"@context\":\"https:\\\/\\\/schema.org\",\"@graph\":[{\"@type\":\"WebPage\",\"@id\":\"https:\\\/\\\/insektenliebe.com\\\/it\\\/shop\\\/prodotto\\\/barattolo-braplast-con-coperchio-di-garza\\\/\",\"url\":\"https:\\\/\\\/insektenliebe.com\\\/it\\\/shop\\\/prodotto\\\/barattolo-braplast-con-coperchio-di-garza\\\/\",\"name\":\"Barattolo BraPlast con coperchio di garza - Insektenliebe\",\"isPartOf\":{\"@id\":\"https:\\\/\\\/insektenliebe.com\\\/it\\\/#website\"},\"primaryImageOfPage\":{\"@id\":\"https:\\\/\\\/insektenliebe.com\\\/it\\\/shop\\\/prodotto\\\/barattolo-braplast-con-coperchio-di-garza\\\/#primaryimage\"},\"image\":{\"@id\":\"https:\\\/\\\/insektenliebe.com\\\/it\\\/shop\\\/prodotto\\\/barattolo-braplast-con-coperchio-di-garza\\\/#primaryimage\"},\"thumbnailUrl\":\"https:\\\/\\\/insektenliebe.com\\\/wp-content\\\/uploads\\\/2025\\\/05\\\/braplast-mit-belueftung-scaled-3.jpg\",\"datePublished\":\"2019-10-18T11:56:29+00:00\",\"dateModified\":\"2026-03-06T08:49:48+00:00\",\"description\":\"Scatola BraPlast con coperchio in garza - scatola trasparente per la riproduzione e la conservazione di tarantole, ragni saltatori e altri invertebrati. A prova di drosofila.\",\"breadcrumb\":{\"@id\":\"https:\\\/\\\/insektenliebe.com\\\/it\\\/shop\\\/prodotto\\\/barattolo-braplast-con-coperchio-di-garza\\\/#breadcrumb\"},\"inLanguage\":\"it-IT\",\"potentialAction\":[{\"@type\":\"ReadAction\",\"target\":[\"https:\\\/\\\/insektenliebe.com\\\/it\\\/shop\\\/prodotto\\\/barattolo-braplast-con-coperchio-di-garza\\\/\"]}]},{\"@type\":\"ImageObject\",\"inLanguage\":\"it-IT\",\"@id\":\"https:\\\/\\\/insektenliebe.com\\\/it\\\/shop\\\/prodotto\\\/barattolo-braplast-con-coperchio-di-garza\\\/#primaryimage\",\"url\":\"https:\\\/\\\/insektenliebe.com\\\/wp-content\\\/uploads\\\/2025\\\/05\\\/braplast-mit-belueftung-scaled-3.jpg\",\"contentUrl\":\"https:\\\/\\\/insektenliebe.com\\\/wp-content\\\/uploads\\\/2025\\\/05\\\/braplast-mit-belueftung-scaled-3.jpg\",\"width\":2560,\"height\":2560,\"caption\":\"braplast-con-ventilazione-scala-3.jpg\"},{\"@type\":\"BreadcrumbList\",\"@id\":\"https:\\\/\\\/insektenliebe.com\\\/it\\\/shop\\\/prodotto\\\/barattolo-braplast-con-coperchio-di-garza\\\/#breadcrumb\",\"itemListElement\":[{\"@type\":\"ListItem\",\"position\":1,\"name\":\"Startseite\",\"item\":\"https:\\\/\\\/insektenliebe.com\\\/it\\\/\"},{\"@type\":\"ListItem\",\"position\":2,\"name\":\"Negozio\",\"item\":\"https:\\\/\\\/insektenliebe.com\\\/it\\\/negozio\\\/\"},{\"@type\":\"ListItem\",\"position\":3,\"name\":\"Barattolo BraPlast con coperchio di garza\"}]},{\"@type\":\"WebSite\",\"@id\":\"https:\\\/\\\/insektenliebe.com\\\/it\\\/#website\",\"url\":\"https:\\\/\\\/insektenliebe.com\\\/it\\\/\",\"name\":\"Insektenliebe\",\"description\":\"Dein Zuhause f\u00fcr die kleinen Lebewesen\",\"publisher\":{\"@id\":\"https:\\\/\\\/insektenliebe.com\\\/it\\\/#organization\"},\"potentialAction\":[{\"@type\":\"SearchAction\",\"target\":{\"@type\":\"EntryPoint\",\"urlTemplate\":\"https:\\\/\\\/insektenliebe.com\\\/it\\\/?s={search_term_string}\"},\"query-input\":{\"@type\":\"PropertyValueSpecification\",\"valueRequired\":true,\"valueName\":\"search_term_string\"}}],\"inLanguage\":\"it-IT\"},{\"@type\":\"Organization\",\"@id\":\"https:\\\/\\\/insektenliebe.com\\\/it\\\/#organization\",\"name\":\"Insektenliebe\",\"url\":\"https:\\\/\\\/insektenliebe.com\\\/it\\\/\",\"logo\":{\"@type\":\"ImageObject\",\"inLanguage\":\"it-IT\",\"@id\":\"https:\\\/\\\/insektenliebe.com\\\/it\\\/#\\\/schema\\\/logo\\\/image\\\/\",\"url\":\"https:\\\/\\\/insektenliebe.com\\\/wp-content\\\/uploads\\\/2025\\\/03\\\/logo-white.png\",\"contentUrl\":\"https:\\\/\\\/insektenliebe.com\\\/wp-content\\\/uploads\\\/2025\\\/03\\\/logo-white.png\",\"width\":288,\"height\":188,\"caption\":\"Insektenliebe\"},\"image\":{\"@id\":\"https:\\\/\\\/insektenliebe.com\\\/it\\\/#\\\/schema\\\/logo\\\/image\\\/\"}}]}<\/script>\n<!-- \/ Yoast SEO plugin. -->","yoast_head_json":{"title":"Barattolo BraPlast con coperchio di garza - Insektenliebe","description":"Scatola BraPlast con coperchio in garza - scatola trasparente per la riproduzione e la conservazione di tarantole, ragni saltatori e altri invertebrati. A prova di drosofila.","robots":{"index":"index","follow":"follow","max-snippet":"max-snippet:-1","max-image-preview":"max-image-preview:large","max-video-preview":"max-video-preview:-1"},"canonical":"https:\/\/insektenliebe.com\/it\/shop\/prodotto\/barattolo-braplast-con-coperchio-di-garza\/","og_locale":"it_IT","og_type":"article","og_title":"Barattolo BraPlast con coperchio di garza - Insektenliebe","og_description":"Scatola BraPlast con coperchio in garza - scatola trasparente per la riproduzione e la conservazione di tarantole, ragni saltatori e altri invertebrati. A prova di drosofila.","og_url":"https:\/\/insektenliebe.com\/it\/shop\/prodotto\/barattolo-braplast-con-coperchio-di-garza\/","og_site_name":"Insektenliebe","article_modified_time":"2026-03-06T08:49:48+00:00","og_image":[{"width":2560,"height":2560,"url":"https:\/\/insektenliebe.com\/wp-content\/uploads\/2025\/05\/braplast-mit-belueftung-scaled-3.jpg","type":"image\/jpeg"}],"twitter_card":"summary_large_image","twitter_misc":{"Tempo di lettura stimato":"2 minuto"},"schema":{"@context":"https:\/\/schema.org","@graph":[{"@type":"WebPage","@id":"https:\/\/insektenliebe.com\/it\/shop\/prodotto\/barattolo-braplast-con-coperchio-di-garza\/","url":"https:\/\/insektenliebe.com\/it\/shop\/prodotto\/barattolo-braplast-con-coperchio-di-garza\/","name":"Barattolo BraPlast con coperchio di garza - Insektenliebe","isPartOf":{"@id":"https:\/\/insektenliebe.com\/it\/#website"},"primaryImageOfPage":{"@id":"https:\/\/insektenliebe.com\/it\/shop\/prodotto\/barattolo-braplast-con-coperchio-di-garza\/#primaryimage"},"image":{"@id":"https:\/\/insektenliebe.com\/it\/shop\/prodotto\/barattolo-braplast-con-coperchio-di-garza\/#primaryimage"},"thumbnailUrl":"https:\/\/insektenliebe.com\/wp-content\/uploads\/2025\/05\/braplast-mit-belueftung-scaled-3.jpg","datePublished":"2019-10-18T11:56:29+00:00","dateModified":"2026-03-06T08:49:48+00:00","description":"Scatola BraPlast con coperchio in garza - scatola trasparente per la riproduzione e la conservazione di tarantole, ragni saltatori e altri invertebrati. A prova di drosofila.","breadcrumb":{"@id":"https:\/\/insektenliebe.com\/it\/shop\/prodotto\/barattolo-braplast-con-coperchio-di-garza\/#breadcrumb"},"inLanguage":"it-IT","potentialAction":[{"@type":"ReadAction","target":["https:\/\/insektenliebe.com\/it\/shop\/prodotto\/barattolo-braplast-con-coperchio-di-garza\/"]}]},{"@type":"ImageObject","inLanguage":"it-IT","@id":"https:\/\/insektenliebe.com\/it\/shop\/prodotto\/barattolo-braplast-con-coperchio-di-garza\/#primaryimage","url":"https:\/\/insektenliebe.com\/wp-content\/uploads\/2025\/05\/braplast-mit-belueftung-scaled-3.jpg","contentUrl":"https:\/\/insektenliebe.com\/wp-content\/uploads\/2025\/05\/braplast-mit-belueftung-scaled-3.jpg","width":2560,"height":2560,"caption":"braplast-con-ventilazione-scala-3.jpg"},{"@type":"BreadcrumbList","@id":"https:\/\/insektenliebe.com\/it\/shop\/prodotto\/barattolo-braplast-con-coperchio-di-garza\/#breadcrumb","itemListElement":[{"@type":"ListItem","position":1,"name":"Startseite","item":"https:\/\/insektenliebe.com\/it\/"},{"@type":"ListItem","position":2,"name":"Negozio","item":"https:\/\/insektenliebe.com\/it\/negozio\/"},{"@type":"ListItem","position":3,"name":"Barattolo BraPlast con coperchio di garza"}]},{"@type":"WebSite","@id":"https:\/\/insektenliebe.com\/it\/#website","url":"https:\/\/insektenliebe.com\/it\/","name":"Insektenliebe","description":"Dein Zuhause f\u00fcr die kleinen Lebewesen","publisher":{"@id":"https:\/\/insektenliebe.com\/it\/#organization"},"potentialAction":[{"@type":"SearchAction","target":{"@type":"EntryPoint","urlTemplate":"https:\/\/insektenliebe.com\/it\/?s={search_term_string}"},"query-input":{"@type":"PropertyValueSpecification","valueRequired":true,"valueName":"search_term_string"}}],"inLanguage":"it-IT"},{"@type":"Organization","@id":"https:\/\/insektenliebe.com\/it\/#organization","name":"Insektenliebe","url":"https:\/\/insektenliebe.com\/it\/","logo":{"@type":"ImageObject","inLanguage":"it-IT","@id":"https:\/\/insektenliebe.com\/it\/#\/schema\/logo\/image\/","url":"https:\/\/insektenliebe.com\/wp-content\/uploads\/2025\/03\/logo-white.png","contentUrl":"https:\/\/insektenliebe.com\/wp-content\/uploads\/2025\/03\/logo-white.png","width":288,"height":188,"caption":"Insektenliebe"},"image":{"@id":"https:\/\/insektenliebe.com\/it\/#\/schema\/logo\/image\/"}}]}},"_links":{"self":[{"href":"https:\/\/insektenliebe.com\/it\/wp-json\/wp\/v2\/product\/189877","targetHints":{"allow":["GET"]}}],"collection":[{"href":"https:\/\/insektenliebe.com\/it\/wp-json\/wp\/v2\/product"}],"about":[{"href":"https:\/\/insektenliebe.com\/it\/wp-json\/wp\/v2\/types\/product"}],"wp:featuredmedia":[{"embeddable":true,"href":"https:\/\/insektenliebe.com\/it\/wp-json\/wp\/v2\/media\/187983"}],"wp:attachment":[{"href":"https:\/\/insektenliebe.com\/it\/wp-json\/wp\/v2\/media?parent=189877"}],"wp:term":[{"taxonomy":"product-supplier","embeddable":true,"href":"https:\/\/insektenliebe.com\/it\/wp-json\/wp\/v2\/product-supplier?post=189877"},{"taxonomy":"product_brand","embeddable":true,"href":"https:\/\/insektenliebe.com\/it\/wp-json\/wp\/v2\/product_brand?post=189877"},{"taxonomy":"product_cat","embeddable":true,"href":"https:\/\/insektenliebe.com\/it\/wp-json\/wp\/v2\/product_cat?post=189877"},{"taxonomy":"product_tag","embeddable":true,"href":"https:\/\/insektenliebe.com\/it\/wp-json\/wp\/v2\/product_tag?post=189877"},{"taxonomy":"lce-checkout-addons","embeddable":true,"href":"https:\/\/insektenliebe.com\/it\/wp-json\/wp\/v2\/lce-checkout-addons?post=189877"}],"curies":[{"name":"wp","href":"https:\/\/api.w.org\/{rel}","templated":true}]}}